{"id":35353,"date":"2023-11-05T14:22:32","date_gmt":"2023-11-05T13:22:32","guid":{"rendered":"https:\/\/armurerie-richert.ch\/produit\/spannhebel-radian-raptor-fuer-ar15-fde\/"},"modified":"2023-11-05T14:22:32","modified_gmt":"2023-11-05T13:22:32","slug":"spannhebel-radian-raptor-fuer-ar15-fde","status":"publish","type":"product","link":"https:\/\/armurerie-richert.ch\/de\/produit\/spannhebel-radian-raptor-fuer-ar15-fde\/","title":{"rendered":"Spannhebel RADIAN Raptor f\u00fcr AR15 Fde."},"content":{"rendered":"<h3>Spannhebel RADIAN Raptor f\u00fcr AR15 Fde.<\/h3>\n<p>Der Raptor ist wirklich revolution\u00e4r in Design und Funktion. Durch das schnelle &#8222;Blasen&#8220; der Handfl\u00e4che oder das Aufladen der Waffe mit der Fingerkuppe,<br \/>\nist die Bewegung sowohl von der starken als auch von der unterst\u00fctzenden Seite flie\u00dfend und schnell. Hergestellt in den USA aus Flugzeugaluminium 7075 und anodisiertem Millspec.<br \/>\nGewicht 1.4 oz.  <\/p>\n","protected":false},"excerpt":{"rendered":"<p>Der Raptor ist wirklich revolution\u00e4r in Design und Funktion. Durch das schnelle &#8222;Blasen&#8220; der Handfl\u00e4che oder das Aufladen der Waffe mit der Fingerkuppe,<br \/>\nist die Bewegung sowohl von der starken als auch von der unterst\u00fctzenden Seite flie\u00dfend und schnell. Hergestellt in den USA aus Flugzeugaluminium 7075 und anodisiertem Millspec.<br \/>\nGewicht 1.4 oz.  <\/p>\n","protected":false},"featured_media":32407,"template":"","meta":{"_et_pb_use_builder":"","_et_pb_old_content":"","_et_gb_content_width":""},"product_brand":[],"product_cat":[66,65],"product_tag":[],"class_list":{"0":"post-35353","1":"product","2":"type-product","3":"status-publish","4":"has-post-thumbnail","6":"product_cat-zubehor-fur-gewehre","7":"product_cat-zubehor-und-optik","9":"first","10":"instock","11":"shipping-taxable","12":"purchasable","13":"product-type-simple"},"yoast_head":"<!-- This site is optimized with the Yoast SEO Premium plugin v24.7 (Yoast SEO v27.5) - https:\/\/yoast.com\/product\/yoast-seo-premium-wordpress\/ -->\n<title>Spannhebel RADIAN Raptor f\u00fcr AR15 Fde. - Armurerie Richert<\/title>\n<meta name=\"robots\" content=\"index, follow, max-snippet:-1, max-image-preview:large, max-video-preview:-1\" \/>\n<link rel=\"canonical\" href=\"https:\/\/armurerie-richert.ch\/de\/produit\/spannhebel-radian-raptor-fuer-ar15-fde\/\" \/>\n<meta property=\"og:locale\" content=\"de_DE\" \/>\n<meta property=\"og:type\" content=\"article\" \/>\n<meta property=\"og:title\" content=\"Spannhebel RADIAN Raptor f\u00fcr AR15 Fde.\" \/>\n<meta property=\"og:description\" content=\"Der Raptor ist wirklich revolution\u00e4r in Design und Funktion. Durch das schnelle &quot;Blasen&quot; der Handfl\u00e4che oder das Aufladen der Waffe mit der Fingerkuppe, ist die Bewegung sowohl von der starken als auch von der unterst\u00fctzenden Seite flie\u00dfend und schnell. Hergestellt in den USA aus Flugzeugaluminium 7075 und anodisiertem Millspec. Gewicht 1.4 oz.\" \/>\n<meta property=\"og:url\" content=\"https:\/\/armurerie-richert.ch\/de\/produit\/spannhebel-radian-raptor-fuer-ar15-fde\/\" \/>\n<meta property=\"og:site_name\" content=\"Armurerie Richert\" \/>\n<meta property=\"article:publisher\" content=\"https:\/\/www.facebook.com\/profile.php?id=100023920014088\" \/>\n<meta property=\"og:image\" content=\"https:\/\/armurerie-richert.ch\/wp-content\/uploads\/2023\/11\/radian-weapons-ar-15-raptor-ambidextrous-charging-handle-fde.jpg\" \/>\n\t<meta property=\"og:image:width\" content=\"920\" \/>\n\t<meta property=\"og:image:height\" content=\"920\" \/>\n\t<meta property=\"og:image:type\" content=\"image\/jpeg\" \/>\n<meta name=\"twitter:card\" content=\"summary_large_image\" \/>\n<meta name=\"twitter:label1\" content=\"Preis\" \/>\n\t<meta name=\"twitter:data1\" content=\"&#067;&#072;&#070;&nbsp;120.00\" \/>\n\t<meta name=\"twitter:label2\" content=\"Verf\u00fcgbarkeit\" \/>\n\t<meta name=\"twitter:data2\" content=\"Auf Lager\" \/>\n<script type=\"application\/ld+json\" class=\"yoast-schema-graph\">{\"@context\":\"https:\\\/\\\/schema.org\",\"@graph\":[{\"@type\":\"WebPage\",\"@id\":\"https:\\\/\\\/armurerie-richert.ch\\\/de\\\/produit\\\/spannhebel-radian-raptor-fuer-ar15-fde\\\/\",\"url\":\"https:\\\/\\\/armurerie-richert.ch\\\/de\\\/produit\\\/spannhebel-radian-raptor-fuer-ar15-fde\\\/\",\"name\":\"Spannhebel RADIAN Raptor f\u00fcr AR15 Fde. - Armurerie Richert\",\"isPartOf\":{\"@id\":\"https:\\\/\\\/armurerie-richert.ch\\\/de\\\/#website\"},\"primaryImageOfPage\":{\"@id\":\"https:\\\/\\\/armurerie-richert.ch\\\/de\\\/produit\\\/spannhebel-radian-raptor-fuer-ar15-fde\\\/#primaryimage\"},\"image\":{\"@id\":\"https:\\\/\\\/armurerie-richert.ch\\\/de\\\/produit\\\/spannhebel-radian-raptor-fuer-ar15-fde\\\/#primaryimage\"},\"thumbnailUrl\":\"https:\\\/\\\/armurerie-richert.ch\\\/wp-content\\\/uploads\\\/2023\\\/11\\\/radian-weapons-ar-15-raptor-ambidextrous-charging-handle-fde.jpg\",\"datePublished\":\"2023-11-05T13:22:32+00:00\",\"breadcrumb\":{\"@id\":\"https:\\\/\\\/armurerie-richert.ch\\\/de\\\/produit\\\/spannhebel-radian-raptor-fuer-ar15-fde\\\/#breadcrumb\"},\"inLanguage\":\"de\",\"potentialAction\":[{\"@type\":\"ReadAction\",\"target\":[\"https:\\\/\\\/armurerie-richert.ch\\\/de\\\/produit\\\/spannhebel-radian-raptor-fuer-ar15-fde\\\/\"]}]},{\"@type\":\"ImageObject\",\"inLanguage\":\"de\",\"@id\":\"https:\\\/\\\/armurerie-richert.ch\\\/de\\\/produit\\\/spannhebel-radian-raptor-fuer-ar15-fde\\\/#primaryimage\",\"url\":\"https:\\\/\\\/armurerie-richert.ch\\\/wp-content\\\/uploads\\\/2023\\\/11\\\/radian-weapons-ar-15-raptor-ambidextrous-charging-handle-fde.jpg\",\"contentUrl\":\"https:\\\/\\\/armurerie-richert.ch\\\/wp-content\\\/uploads\\\/2023\\\/11\\\/radian-weapons-ar-15-raptor-ambidextrous-charging-handle-fde.jpg\",\"width\":920,\"height\":920},{\"@type\":\"BreadcrumbList\",\"@id\":\"https:\\\/\\\/armurerie-richert.ch\\\/de\\\/produit\\\/spannhebel-radian-raptor-fuer-ar15-fde\\\/#breadcrumb\",\"itemListElement\":[{\"@type\":\"ListItem\",\"position\":1,\"name\":\"Accueil\",\"item\":\"https:\\\/\\\/armurerie-richert.ch\\\/de\\\/startseite\\\/\"},{\"@type\":\"ListItem\",\"position\":2,\"name\":\"Shop\",\"item\":\"https:\\\/\\\/armurerie-richert.ch\\\/de\\\/shop\\\/\"},{\"@type\":\"ListItem\",\"position\":3,\"name\":\"Spannhebel RADIAN Raptor f\u00fcr AR15 Fde.\"}]},{\"@type\":\"WebSite\",\"@id\":\"https:\\\/\\\/armurerie-richert.ch\\\/de\\\/#website\",\"url\":\"https:\\\/\\\/armurerie-richert.ch\\\/de\\\/\",\"name\":\"Armurerie Richert\",\"description\":\"\",\"publisher\":{\"@id\":\"https:\\\/\\\/armurerie-richert.ch\\\/de\\\/#organization\"},\"potentialAction\":[{\"@type\":\"SearchAction\",\"target\":{\"@type\":\"EntryPoint\",\"urlTemplate\":\"https:\\\/\\\/armurerie-richert.ch\\\/de\\\/?s={search_term_string}\"},\"query-input\":{\"@type\":\"PropertyValueSpecification\",\"valueRequired\":true,\"valueName\":\"search_term_string\"}}],\"inLanguage\":\"de\"},{\"@type\":\"Organization\",\"@id\":\"https:\\\/\\\/armurerie-richert.ch\\\/de\\\/#organization\",\"name\":\"Armurerie Richert\",\"url\":\"https:\\\/\\\/armurerie-richert.ch\\\/de\\\/\",\"logo\":{\"@type\":\"ImageObject\",\"inLanguage\":\"de\",\"@id\":\"https:\\\/\\\/armurerie-richert.ch\\\/de\\\/#\\\/schema\\\/logo\\\/image\\\/\",\"url\":\"https:\\\/\\\/armurerie-richert.ch\\\/wp-content\\\/uploads\\\/2023\\\/11\\\/Armurerie-Richert-Logo-300px.png\",\"contentUrl\":\"https:\\\/\\\/armurerie-richert.ch\\\/wp-content\\\/uploads\\\/2023\\\/11\\\/Armurerie-Richert-Logo-300px.png\",\"width\":300,\"height\":73,\"caption\":\"Armurerie Richert\"},\"image\":{\"@id\":\"https:\\\/\\\/armurerie-richert.ch\\\/de\\\/#\\\/schema\\\/logo\\\/image\\\/\"},\"sameAs\":[\"https:\\\/\\\/www.facebook.com\\\/profile.php?id=100023920014088\"]}]}<\/script>\n<meta property=\"product:price:amount\" content=\"120.00\" \/>\n<meta property=\"product:price:currency\" content=\"CHF\" \/>\n<meta property=\"og:availability\" content=\"instock\" \/>\n<meta property=\"product:availability\" content=\"instock\" \/>\n<meta property=\"product:condition\" content=\"new\" \/>\n<!-- \/ Yoast SEO Premium plugin. -->","yoast_head_json":{"title":"Spannhebel RADIAN Raptor f\u00fcr AR15 Fde. - Armurerie Richert","robots":{"index":"index","follow":"follow","max-snippet":"max-snippet:-1","max-image-preview":"max-image-preview:large","max-video-preview":"max-video-preview:-1"},"canonical":"https:\/\/armurerie-richert.ch\/de\/produit\/spannhebel-radian-raptor-fuer-ar15-fde\/","og_locale":"de_DE","og_type":"article","og_title":"Spannhebel RADIAN Raptor f\u00fcr AR15 Fde.","og_description":"Der Raptor ist wirklich revolution\u00e4r in Design und Funktion. Durch das schnelle \"Blasen\" der Handfl\u00e4che oder das Aufladen der Waffe mit der Fingerkuppe, ist die Bewegung sowohl von der starken als auch von der unterst\u00fctzenden Seite flie\u00dfend und schnell. Hergestellt in den USA aus Flugzeugaluminium 7075 und anodisiertem Millspec. Gewicht 1.4 oz.","og_url":"https:\/\/armurerie-richert.ch\/de\/produit\/spannhebel-radian-raptor-fuer-ar15-fde\/","og_site_name":"Armurerie Richert","article_publisher":"https:\/\/www.facebook.com\/profile.php?id=100023920014088","og_image":[{"width":920,"height":920,"url":"https:\/\/armurerie-richert.ch\/wp-content\/uploads\/2023\/11\/radian-weapons-ar-15-raptor-ambidextrous-charging-handle-fde.jpg","type":"image\/jpeg"}],"twitter_card":"summary_large_image","twitter_misc":{"Preis":"&#67;&#72;&#70;&nbsp;120.00","Verf\u00fcgbarkeit":"Auf Lager"},"schema":{"@context":"https:\/\/schema.org","@graph":[{"@type":"WebPage","@id":"https:\/\/armurerie-richert.ch\/de\/produit\/spannhebel-radian-raptor-fuer-ar15-fde\/","url":"https:\/\/armurerie-richert.ch\/de\/produit\/spannhebel-radian-raptor-fuer-ar15-fde\/","name":"Spannhebel RADIAN Raptor f\u00fcr AR15 Fde. - Armurerie Richert","isPartOf":{"@id":"https:\/\/armurerie-richert.ch\/de\/#website"},"primaryImageOfPage":{"@id":"https:\/\/armurerie-richert.ch\/de\/produit\/spannhebel-radian-raptor-fuer-ar15-fde\/#primaryimage"},"image":{"@id":"https:\/\/armurerie-richert.ch\/de\/produit\/spannhebel-radian-raptor-fuer-ar15-fde\/#primaryimage"},"thumbnailUrl":"https:\/\/armurerie-richert.ch\/wp-content\/uploads\/2023\/11\/radian-weapons-ar-15-raptor-ambidextrous-charging-handle-fde.jpg","datePublished":"2023-11-05T13:22:32+00:00","breadcrumb":{"@id":"https:\/\/armurerie-richert.ch\/de\/produit\/spannhebel-radian-raptor-fuer-ar15-fde\/#breadcrumb"},"inLanguage":"de","potentialAction":[{"@type":"ReadAction","target":["https:\/\/armurerie-richert.ch\/de\/produit\/spannhebel-radian-raptor-fuer-ar15-fde\/"]}]},{"@type":"ImageObject","inLanguage":"de","@id":"https:\/\/armurerie-richert.ch\/de\/produit\/spannhebel-radian-raptor-fuer-ar15-fde\/#primaryimage","url":"https:\/\/armurerie-richert.ch\/wp-content\/uploads\/2023\/11\/radian-weapons-ar-15-raptor-ambidextrous-charging-handle-fde.jpg","contentUrl":"https:\/\/armurerie-richert.ch\/wp-content\/uploads\/2023\/11\/radian-weapons-ar-15-raptor-ambidextrous-charging-handle-fde.jpg","width":920,"height":920},{"@type":"BreadcrumbList","@id":"https:\/\/armurerie-richert.ch\/de\/produit\/spannhebel-radian-raptor-fuer-ar15-fde\/#breadcrumb","itemListElement":[{"@type":"ListItem","position":1,"name":"Accueil","item":"https:\/\/armurerie-richert.ch\/de\/startseite\/"},{"@type":"ListItem","position":2,"name":"Shop","item":"https:\/\/armurerie-richert.ch\/de\/shop\/"},{"@type":"ListItem","position":3,"name":"Spannhebel RADIAN Raptor f\u00fcr AR15 Fde."}]},{"@type":"WebSite","@id":"https:\/\/armurerie-richert.ch\/de\/#website","url":"https:\/\/armurerie-richert.ch\/de\/","name":"Armurerie Richert","description":"","publisher":{"@id":"https:\/\/armurerie-richert.ch\/de\/#organization"},"potentialAction":[{"@type":"SearchAction","target":{"@type":"EntryPoint","urlTemplate":"https:\/\/armurerie-richert.ch\/de\/?s={search_term_string}"},"query-input":{"@type":"PropertyValueSpecification","valueRequired":true,"valueName":"search_term_string"}}],"inLanguage":"de"},{"@type":"Organization","@id":"https:\/\/armurerie-richert.ch\/de\/#organization","name":"Armurerie Richert","url":"https:\/\/armurerie-richert.ch\/de\/","logo":{"@type":"ImageObject","inLanguage":"de","@id":"https:\/\/armurerie-richert.ch\/de\/#\/schema\/logo\/image\/","url":"https:\/\/armurerie-richert.ch\/wp-content\/uploads\/2023\/11\/Armurerie-Richert-Logo-300px.png","contentUrl":"https:\/\/armurerie-richert.ch\/wp-content\/uploads\/2023\/11\/Armurerie-Richert-Logo-300px.png","width":300,"height":73,"caption":"Armurerie Richert"},"image":{"@id":"https:\/\/armurerie-richert.ch\/de\/#\/schema\/logo\/image\/"},"sameAs":["https:\/\/www.facebook.com\/profile.php?id=100023920014088"]}]},"product_price_amount":"120.00","product_price_currency":"CHF","og_availability":"instock","product_availability":"instock","product_condition":"new"},"_links":{"self":[{"href":"https:\/\/armurerie-richert.ch\/de\/wp-json\/wp\/v2\/product\/35353","targetHints":{"allow":["GET"]}}],"collection":[{"href":"https:\/\/armurerie-richert.ch\/de\/wp-json\/wp\/v2\/product"}],"about":[{"href":"https:\/\/armurerie-richert.ch\/de\/wp-json\/wp\/v2\/types\/product"}],"wp:featuredmedia":[{"embeddable":true,"href":"https:\/\/armurerie-richert.ch\/de\/wp-json\/wp\/v2\/media\/32407"}],"wp:attachment":[{"href":"https:\/\/armurerie-richert.ch\/de\/wp-json\/wp\/v2\/media?parent=35353"}],"wp:term":[{"taxonomy":"product_brand","embeddable":true,"href":"https:\/\/armurerie-richert.ch\/de\/wp-json\/wp\/v2\/product_brand?post=35353"},{"taxonomy":"product_cat","embeddable":true,"href":"https:\/\/armurerie-richert.ch\/de\/wp-json\/wp\/v2\/product_cat?post=35353"},{"taxonomy":"product_tag","embeddable":true,"href":"https:\/\/armurerie-richert.ch\/de\/wp-json\/wp\/v2\/product_tag?post=35353"}],"curies":[{"name":"wp","href":"https:\/\/api.w.org\/{rel}","templated":true}]}}