{"id":35354,"date":"2023-11-05T13:45:55","date_gmt":"2023-11-05T12:45:55","guid":{"rendered":"https:\/\/armurerie-richert.ch\/produit\/entspannung-centurion-arms-2-praktikum-ar15\/"},"modified":"2023-11-05T13:45:55","modified_gmt":"2023-11-05T12:45:55","slug":"entspannung-centurion-arms-2-praktikum-ar15","status":"publish","type":"product","link":"https:\/\/armurerie-richert.ch\/de\/produit\/entspannung-centurion-arms-2-praktikum-ar15\/","title":{"rendered":"Entspannung CENTURION ARMS 2 Praktikum AR15"},"content":{"rendered":"<h3>Entspannung CENTURION ARMS 2 Praktikum AR15<\/h3>\n<p><a class=\"crosslink\" title=\"Centurion Arms\" href=\"https:\/\/www.rainierarms.com\/manufacturers\/centurion-arms\/\" target=\"_self\" rel=\"noopener\">Centurion Arms<\/a> LLC Match Grade Competition Trigger Group bietet Ihnen einen glatten, konsistenten, zweistufigen Zug mit einem sauberen Break und einem kurzen Vor- und Nachlauf. Es ist mit einer Passform, Finish und Liebe zum Detail gebaut, die in nur wenigen AR Triggern zu finden ist, lassen Sie uns einen an diesem Punkt allein.<\/p>\n<p>Jede Centurion Arms LLC Match Grade Competition Trigger Group wird aus geh\u00e4rtetem A2-Werkzeugstahl (NICHT MIM-Teile!) bis auf die genauen Abmessungen maschinell hergestellt und anschlie\u00dfend mikropoliert, um das Ausbeulen beim Ziehen zu verhindern. Schlie\u00dflich erhalten der Hammer und der Trigger in jeder Match Grade Competition Trigger Group eine ultraharte, selbstschmierende Nickel Boron Beschichtung, um einen extrem glatten Zug zu gew\u00e4hrleisten.<\/p>\n<p>Centurion Arms LLC Match Grade Competition Trigger Group hat den von Pr\u00e4zisionsgewehrsch\u00fctzen bevorzugten zweiseitigen Zug. Es gibt Ihnen eine ausgezeichnete Kontrolle, die es Ihnen erm\u00f6glicht, den Ausl\u00f6ser zu &#8222;stapeln&#8220; und dann zu pausieren, bevor Sie den Zug durch die zweite Stufe abschlie\u00dfen.<\/p>\n<p><strong>Features:<\/strong><\/p>\n<ul>\n<li>Hardened A2 tool steel hammer, trigger, disconnector<\/li>\n<li>Ultraharte Nickel-Boron-Beschichtung auf Hammer \/ Ausl\u00f6ser<\/li>\n<li>Ultra-grade stainless steel music wire springs included<\/li>\n<li>Drop-in fit in standard AR-15 lower receiver<\/li>\n<\/ul>\n<p><strong>Spezifikationen:<\/strong><\/p>\n<ul>\n<li>Inklusive Pins (.153&#8243; dia.)<\/li>\n<li>Nickel Boron Finish<\/li>\n<li>Gesamtgewicht des Pullovers 4.0-4.5 lbs.<\/li>\n<li><strong>Stage 1 Pull-Gewicht:<\/strong> 2.0-2.5<\/li>\n<li><strong>Stage<\/strong> <strong>2 Pull Weight:<\/strong> 2.0-2.5<\/li>\n<\/ul>\n","protected":false},"excerpt":{"rendered":"<p><a class=\"crosslink\" title=\"Centurion Arms\" href=\"https:\/\/www.rainierarms.com\/manufacturers\/centurion-arms\/\" target=\"_self\" rel=\"noopener\">Centurion Arms<\/a> LLC Match Grade Competition Trigger Group bietet Ihnen einen glatten, konsistenten, zweistufigen Zug mit einem sauberen Break und einem kurzen Vor- und Nachlauf. Es ist mit einer Passform, Finish und Liebe zum Detail gebaut, die in nur wenigen AR Triggern zu finden ist, lassen Sie uns einen an diesem Punkt allein.<\/p>\n<p>Jede Centurion Arms LLC Match Grade Competition Trigger Group wird aus geh\u00e4rtetem A2-Werkzeugstahl (NICHT MIM-Teile!) bis auf die genauen Abmessungen maschinell hergestellt und anschlie\u00dfend mikropoliert, um das Ausbeulen beim Ziehen zu verhindern. Schlie\u00dflich erhalten der Hammer und der Trigger in jeder Match Grade Competition Trigger Group eine ultraharte, selbstschmierende Nickel Boron Beschichtung, um einen extrem glatten Zug zu gew\u00e4hrleisten.<\/p>\n<p>Centurion Arms LLC Match Grade Competition Trigger Group hat den von Pr\u00e4zisionsgewehrsch\u00fctzen bevorzugten zweiseitigen Zug. Es gibt Ihnen eine ausgezeichnete Kontrolle, die es Ihnen erm\u00f6glicht, den Ausl\u00f6ser zu &#8222;stapeln&#8220; und dann zu pausieren, bevor Sie den Zug durch die zweite Stufe vollenden.<\/p>\n<p><strong>Features:<\/strong><\/p>\n<ul>\n<li>Hardened A2 tool steel hammer, trigger, disconnector<\/li>\n<li>Ultraharte Nickel-Boron-Beschichtung auf Hammer \/ Ausl\u00f6ser<\/li>\n<li>Ultra-grade stainless steel music wire springs included<\/li>\n<li>Drop-in fit in standard AR-15 lower receiver<\/li>\n<\/ul>\n<p><strong>Spezifikationen:<\/strong><\/p>\n<ul>\n<li>Inklusive Pins (.153&#8243; dia.)<\/li>\n<li>Nickel Boron Finish<\/li>\n<li>Gesamtgewicht des Pullovers 4.0-4.5 lbs.<\/li>\n<li><strong>Stage 1 Pull-Gewicht:<\/strong> 2.0-2.5<\/li>\n<li><strong>Stage<\/strong> <strong>2 Pull Weight:<\/strong> 2.0-2.5<\/li>\n<\/ul>\n","protected":false},"featured_media":32375,"template":"","meta":{"_et_pb_use_builder":"","_et_pb_old_content":"","_et_gb_content_width":""},"product_brand":[],"product_cat":[66,65],"product_tag":[],"class_list":{"0":"post-35354","1":"product","2":"type-product","3":"status-publish","4":"has-post-thumbnail","6":"product_cat-zubehor-fur-gewehre","7":"product_cat-zubehor-und-optik","9":"first","10":"instock","11":"shipping-taxable","12":"purchasable","13":"product-type-simple"},"yoast_head":"<!-- This site is optimized with the Yoast SEO Premium plugin v24.7 (Yoast SEO v27.5) - https:\/\/yoast.com\/product\/yoast-seo-premium-wordpress\/ -->\n<title>Entspannung CENTURION ARMS 2 Praktikum AR15 - Armurerie Richert<\/title>\n<meta name=\"description\" content=\"Optimieren Sie Ihren AR15 mit dem 2-stufigen CENTURION ARMS Abzug. Un\u00fcbertroffene Schie\u00dfqualit\u00e4t zu einem au\u00dfergew\u00f6hnlichen Preis. Nicht verpassen!\" \/>\n<meta name=\"robots\" content=\"index, follow, max-snippet:-1, max-image-preview:large, max-video-preview:-1\" \/>\n<link rel=\"canonical\" href=\"https:\/\/armurerie-richert.ch\/de\/produit\/entspannung-centurion-arms-2-praktikum-ar15\/\" \/>\n<meta property=\"og:locale\" content=\"de_DE\" \/>\n<meta property=\"og:type\" content=\"article\" \/>\n<meta property=\"og:title\" content=\"Entspannung CENTURION ARMS 2 Praktikum AR15\" \/>\n<meta property=\"og:description\" content=\"Optimieren Sie Ihren AR15 mit dem 2-stufigen CENTURION ARMS Abzug. Un\u00fcbertroffene Schie\u00dfqualit\u00e4t zu einem au\u00dfergew\u00f6hnlichen Preis. Nicht verpassen!\" \/>\n<meta property=\"og:url\" content=\"https:\/\/armurerie-richert.ch\/de\/produit\/entspannung-centurion-arms-2-praktikum-ar15\/\" \/>\n<meta property=\"og:site_name\" content=\"Armurerie Richert\" \/>\n<meta property=\"article:publisher\" content=\"https:\/\/www.facebook.com\/profile.php?id=100023920014088\" \/>\n<meta property=\"og:image\" content=\"https:\/\/armurerie-richert.ch\/wp-content\/uploads\/2023\/11\/centurion-arms-ast-ar-15-advanced-sniper-trigger-2-stage.jpg\" \/>\n\t<meta property=\"og:image:width\" content=\"1023\" \/>\n\t<meta property=\"og:image:height\" content=\"1023\" \/>\n\t<meta property=\"og:image:type\" content=\"image\/jpeg\" \/>\n<meta name=\"twitter:card\" content=\"summary_large_image\" \/>\n<meta name=\"twitter:label1\" content=\"Preis\" \/>\n\t<meta name=\"twitter:data1\" content=\"&#067;&#072;&#070;&nbsp;160.00\" \/>\n\t<meta name=\"twitter:label2\" content=\"Verf\u00fcgbarkeit\" \/>\n\t<meta name=\"twitter:data2\" content=\"Auf Lager\" \/>\n<script type=\"application\/ld+json\" class=\"yoast-schema-graph\">{\"@context\":\"https:\\\/\\\/schema.org\",\"@graph\":[{\"@type\":\"WebPage\",\"@id\":\"https:\\\/\\\/armurerie-richert.ch\\\/de\\\/produit\\\/entspannung-centurion-arms-2-praktikum-ar15\\\/\",\"url\":\"https:\\\/\\\/armurerie-richert.ch\\\/de\\\/produit\\\/entspannung-centurion-arms-2-praktikum-ar15\\\/\",\"name\":\"Entspannung CENTURION ARMS 2 Praktikum AR15 - Armurerie Richert\",\"isPartOf\":{\"@id\":\"https:\\\/\\\/armurerie-richert.ch\\\/de\\\/#website\"},\"primaryImageOfPage\":{\"@id\":\"https:\\\/\\\/armurerie-richert.ch\\\/de\\\/produit\\\/entspannung-centurion-arms-2-praktikum-ar15\\\/#primaryimage\"},\"image\":{\"@id\":\"https:\\\/\\\/armurerie-richert.ch\\\/de\\\/produit\\\/entspannung-centurion-arms-2-praktikum-ar15\\\/#primaryimage\"},\"thumbnailUrl\":\"https:\\\/\\\/armurerie-richert.ch\\\/wp-content\\\/uploads\\\/2023\\\/11\\\/centurion-arms-ast-ar-15-advanced-sniper-trigger-2-stage.jpg\",\"datePublished\":\"2023-11-05T12:45:55+00:00\",\"description\":\"Optimieren Sie Ihren AR15 mit dem 2-stufigen CENTURION ARMS Abzug. Un\u00fcbertroffene Schie\u00dfqualit\u00e4t zu einem au\u00dfergew\u00f6hnlichen Preis. Nicht verpassen!\",\"breadcrumb\":{\"@id\":\"https:\\\/\\\/armurerie-richert.ch\\\/de\\\/produit\\\/entspannung-centurion-arms-2-praktikum-ar15\\\/#breadcrumb\"},\"inLanguage\":\"de\",\"potentialAction\":[{\"@type\":\"ReadAction\",\"target\":[\"https:\\\/\\\/armurerie-richert.ch\\\/de\\\/produit\\\/entspannung-centurion-arms-2-praktikum-ar15\\\/\"]}]},{\"@type\":\"ImageObject\",\"inLanguage\":\"de\",\"@id\":\"https:\\\/\\\/armurerie-richert.ch\\\/de\\\/produit\\\/entspannung-centurion-arms-2-praktikum-ar15\\\/#primaryimage\",\"url\":\"https:\\\/\\\/armurerie-richert.ch\\\/wp-content\\\/uploads\\\/2023\\\/11\\\/centurion-arms-ast-ar-15-advanced-sniper-trigger-2-stage.jpg\",\"contentUrl\":\"https:\\\/\\\/armurerie-richert.ch\\\/wp-content\\\/uploads\\\/2023\\\/11\\\/centurion-arms-ast-ar-15-advanced-sniper-trigger-2-stage.jpg\",\"width\":1023,\"height\":1023},{\"@type\":\"BreadcrumbList\",\"@id\":\"https:\\\/\\\/armurerie-richert.ch\\\/de\\\/produit\\\/entspannung-centurion-arms-2-praktikum-ar15\\\/#breadcrumb\",\"itemListElement\":[{\"@type\":\"ListItem\",\"position\":1,\"name\":\"Accueil\",\"item\":\"https:\\\/\\\/armurerie-richert.ch\\\/de\\\/startseite\\\/\"},{\"@type\":\"ListItem\",\"position\":2,\"name\":\"Shop\",\"item\":\"https:\\\/\\\/armurerie-richert.ch\\\/de\\\/shop\\\/\"},{\"@type\":\"ListItem\",\"position\":3,\"name\":\"Entspannung CENTURION ARMS 2 Praktikum AR15\"}]},{\"@type\":\"WebSite\",\"@id\":\"https:\\\/\\\/armurerie-richert.ch\\\/de\\\/#website\",\"url\":\"https:\\\/\\\/armurerie-richert.ch\\\/de\\\/\",\"name\":\"Armurerie Richert\",\"description\":\"\",\"publisher\":{\"@id\":\"https:\\\/\\\/armurerie-richert.ch\\\/de\\\/#organization\"},\"potentialAction\":[{\"@type\":\"SearchAction\",\"target\":{\"@type\":\"EntryPoint\",\"urlTemplate\":\"https:\\\/\\\/armurerie-richert.ch\\\/de\\\/?s={search_term_string}\"},\"query-input\":{\"@type\":\"PropertyValueSpecification\",\"valueRequired\":true,\"valueName\":\"search_term_string\"}}],\"inLanguage\":\"de\"},{\"@type\":\"Organization\",\"@id\":\"https:\\\/\\\/armurerie-richert.ch\\\/de\\\/#organization\",\"name\":\"Armurerie Richert\",\"url\":\"https:\\\/\\\/armurerie-richert.ch\\\/de\\\/\",\"logo\":{\"@type\":\"ImageObject\",\"inLanguage\":\"de\",\"@id\":\"https:\\\/\\\/armurerie-richert.ch\\\/de\\\/#\\\/schema\\\/logo\\\/image\\\/\",\"url\":\"https:\\\/\\\/armurerie-richert.ch\\\/wp-content\\\/uploads\\\/2023\\\/11\\\/Armurerie-Richert-Logo-300px.png\",\"contentUrl\":\"https:\\\/\\\/armurerie-richert.ch\\\/wp-content\\\/uploads\\\/2023\\\/11\\\/Armurerie-Richert-Logo-300px.png\",\"width\":300,\"height\":73,\"caption\":\"Armurerie Richert\"},\"image\":{\"@id\":\"https:\\\/\\\/armurerie-richert.ch\\\/de\\\/#\\\/schema\\\/logo\\\/image\\\/\"},\"sameAs\":[\"https:\\\/\\\/www.facebook.com\\\/profile.php?id=100023920014088\"]}]}<\/script>\n<meta property=\"product:price:amount\" content=\"160.00\" \/>\n<meta property=\"product:price:currency\" content=\"CHF\" \/>\n<meta property=\"og:availability\" content=\"instock\" \/>\n<meta property=\"product:availability\" content=\"instock\" \/>\n<meta property=\"product:condition\" content=\"new\" \/>\n<!-- \/ Yoast SEO Premium plugin. -->","yoast_head_json":{"title":"Entspannung CENTURION ARMS 2 Praktikum AR15 - Armurerie Richert","description":"Optimieren Sie Ihren AR15 mit dem 2-stufigen CENTURION ARMS Abzug. Un\u00fcbertroffene Schie\u00dfqualit\u00e4t zu einem au\u00dfergew\u00f6hnlichen Preis. Nicht verpassen!","robots":{"index":"index","follow":"follow","max-snippet":"max-snippet:-1","max-image-preview":"max-image-preview:large","max-video-preview":"max-video-preview:-1"},"canonical":"https:\/\/armurerie-richert.ch\/de\/produit\/entspannung-centurion-arms-2-praktikum-ar15\/","og_locale":"de_DE","og_type":"article","og_title":"Entspannung CENTURION ARMS 2 Praktikum AR15","og_description":"Optimieren Sie Ihren AR15 mit dem 2-stufigen CENTURION ARMS Abzug. Un\u00fcbertroffene Schie\u00dfqualit\u00e4t zu einem au\u00dfergew\u00f6hnlichen Preis. Nicht verpassen!","og_url":"https:\/\/armurerie-richert.ch\/de\/produit\/entspannung-centurion-arms-2-praktikum-ar15\/","og_site_name":"Armurerie Richert","article_publisher":"https:\/\/www.facebook.com\/profile.php?id=100023920014088","og_image":[{"width":1023,"height":1023,"url":"https:\/\/armurerie-richert.ch\/wp-content\/uploads\/2023\/11\/centurion-arms-ast-ar-15-advanced-sniper-trigger-2-stage.jpg","type":"image\/jpeg"}],"twitter_card":"summary_large_image","twitter_misc":{"Preis":"&#67;&#72;&#70;&nbsp;160.00","Verf\u00fcgbarkeit":"Auf Lager"},"schema":{"@context":"https:\/\/schema.org","@graph":[{"@type":"WebPage","@id":"https:\/\/armurerie-richert.ch\/de\/produit\/entspannung-centurion-arms-2-praktikum-ar15\/","url":"https:\/\/armurerie-richert.ch\/de\/produit\/entspannung-centurion-arms-2-praktikum-ar15\/","name":"Entspannung CENTURION ARMS 2 Praktikum AR15 - Armurerie Richert","isPartOf":{"@id":"https:\/\/armurerie-richert.ch\/de\/#website"},"primaryImageOfPage":{"@id":"https:\/\/armurerie-richert.ch\/de\/produit\/entspannung-centurion-arms-2-praktikum-ar15\/#primaryimage"},"image":{"@id":"https:\/\/armurerie-richert.ch\/de\/produit\/entspannung-centurion-arms-2-praktikum-ar15\/#primaryimage"},"thumbnailUrl":"https:\/\/armurerie-richert.ch\/wp-content\/uploads\/2023\/11\/centurion-arms-ast-ar-15-advanced-sniper-trigger-2-stage.jpg","datePublished":"2023-11-05T12:45:55+00:00","description":"Optimieren Sie Ihren AR15 mit dem 2-stufigen CENTURION ARMS Abzug. Un\u00fcbertroffene Schie\u00dfqualit\u00e4t zu einem au\u00dfergew\u00f6hnlichen Preis. Nicht verpassen!","breadcrumb":{"@id":"https:\/\/armurerie-richert.ch\/de\/produit\/entspannung-centurion-arms-2-praktikum-ar15\/#breadcrumb"},"inLanguage":"de","potentialAction":[{"@type":"ReadAction","target":["https:\/\/armurerie-richert.ch\/de\/produit\/entspannung-centurion-arms-2-praktikum-ar15\/"]}]},{"@type":"ImageObject","inLanguage":"de","@id":"https:\/\/armurerie-richert.ch\/de\/produit\/entspannung-centurion-arms-2-praktikum-ar15\/#primaryimage","url":"https:\/\/armurerie-richert.ch\/wp-content\/uploads\/2023\/11\/centurion-arms-ast-ar-15-advanced-sniper-trigger-2-stage.jpg","contentUrl":"https:\/\/armurerie-richert.ch\/wp-content\/uploads\/2023\/11\/centurion-arms-ast-ar-15-advanced-sniper-trigger-2-stage.jpg","width":1023,"height":1023},{"@type":"BreadcrumbList","@id":"https:\/\/armurerie-richert.ch\/de\/produit\/entspannung-centurion-arms-2-praktikum-ar15\/#breadcrumb","itemListElement":[{"@type":"ListItem","position":1,"name":"Accueil","item":"https:\/\/armurerie-richert.ch\/de\/startseite\/"},{"@type":"ListItem","position":2,"name":"Shop","item":"https:\/\/armurerie-richert.ch\/de\/shop\/"},{"@type":"ListItem","position":3,"name":"Entspannung CENTURION ARMS 2 Praktikum AR15"}]},{"@type":"WebSite","@id":"https:\/\/armurerie-richert.ch\/de\/#website","url":"https:\/\/armurerie-richert.ch\/de\/","name":"Armurerie Richert","description":"","publisher":{"@id":"https:\/\/armurerie-richert.ch\/de\/#organization"},"potentialAction":[{"@type":"SearchAction","target":{"@type":"EntryPoint","urlTemplate":"https:\/\/armurerie-richert.ch\/de\/?s={search_term_string}"},"query-input":{"@type":"PropertyValueSpecification","valueRequired":true,"valueName":"search_term_string"}}],"inLanguage":"de"},{"@type":"Organization","@id":"https:\/\/armurerie-richert.ch\/de\/#organization","name":"Armurerie Richert","url":"https:\/\/armurerie-richert.ch\/de\/","logo":{"@type":"ImageObject","inLanguage":"de","@id":"https:\/\/armurerie-richert.ch\/de\/#\/schema\/logo\/image\/","url":"https:\/\/armurerie-richert.ch\/wp-content\/uploads\/2023\/11\/Armurerie-Richert-Logo-300px.png","contentUrl":"https:\/\/armurerie-richert.ch\/wp-content\/uploads\/2023\/11\/Armurerie-Richert-Logo-300px.png","width":300,"height":73,"caption":"Armurerie Richert"},"image":{"@id":"https:\/\/armurerie-richert.ch\/de\/#\/schema\/logo\/image\/"},"sameAs":["https:\/\/www.facebook.com\/profile.php?id=100023920014088"]}]},"product_price_amount":"160.00","product_price_currency":"CHF","og_availability":"instock","product_availability":"instock","product_condition":"new"},"_links":{"self":[{"href":"https:\/\/armurerie-richert.ch\/de\/wp-json\/wp\/v2\/product\/35354","targetHints":{"allow":["GET"]}}],"collection":[{"href":"https:\/\/armurerie-richert.ch\/de\/wp-json\/wp\/v2\/product"}],"about":[{"href":"https:\/\/armurerie-richert.ch\/de\/wp-json\/wp\/v2\/types\/product"}],"wp:featuredmedia":[{"embeddable":true,"href":"https:\/\/armurerie-richert.ch\/de\/wp-json\/wp\/v2\/media\/32375"}],"wp:attachment":[{"href":"https:\/\/armurerie-richert.ch\/de\/wp-json\/wp\/v2\/media?parent=35354"}],"wp:term":[{"taxonomy":"product_brand","embeddable":true,"href":"https:\/\/armurerie-richert.ch\/de\/wp-json\/wp\/v2\/product_brand?post=35354"},{"taxonomy":"product_cat","embeddable":true,"href":"https:\/\/armurerie-richert.ch\/de\/wp-json\/wp\/v2\/product_cat?post=35354"},{"taxonomy":"product_tag","embeddable":true,"href":"https:\/\/armurerie-richert.ch\/de\/wp-json\/wp\/v2\/product_tag?post=35354"}],"curies":[{"name":"wp","href":"https:\/\/api.w.org\/{rel}","templated":true}]}}