{"id":35359,"date":"2023-11-05T13:33:24","date_gmt":"2023-11-05T12:33:24","guid":{"rendered":"https:\/\/armurerie-richert.ch\/produit\/aimpoint-acro-c2-3-5moa\/"},"modified":"2023-11-05T13:33:24","modified_gmt":"2023-11-05T12:33:24","slug":"aimpoint-acro-c2-3-5moa","status":"publish","type":"product","link":"https:\/\/armurerie-richert.ch\/de\/produit\/aimpoint-acro-c2-3-5moa\/","title":{"rendered":"AIMPOINT ACRO C2 3.5moa"},"content":{"rendered":"<h3>AIMPOINT ACRO C2 3.5moa<\/h3>\n<p>Der Aimpoint\u00ae Acro C-2 ist die n\u00e4chste Generation der Acro-Serie und enth\u00e4lt eine optimierte Technologie. Mit einer neu dimensionierten CR2032-Batterie und einer neuen Diodentechnologie hat der Acro C-2 eine Betriebsdauer von 5 Jahren bei Dauerbetrieb auf der Einstellung 6\/10 (Tageseinstellung). Die neue LED gibt Ihnen einen helleren Punkt mit 3,5 MOA. Die Acro-Serie umfasst eine Vielzahl von Montagel\u00f6sungen, so dass die Optik Acro C-2 auf verschiedenen Waffenplattformen wie Schrotflinten und B\u00fcchsen montiert werden kann oder als Zusatzvisier auf Vergr\u00f6\u00dferungsfernrohren verwendet werden kann. Diese kleine Optik wurde mit mindestens 20.000 Sch\u00fcssen auf den Verschluss einer Kaliber 40 Pistole getestet und hat sich als robust und zuverl\u00e4ssig erwiesen. Polizei, Milit\u00e4r, J\u00e4ger und Sportsch\u00fctzen vertrauen auf diese Optik. Sie alle verlassen sich auf die Vorteile der Acro. Dank seines geschlossenen Systems bleibt es unter allen Wetterbedingungen zuverl\u00e4ssig und einsatzbereit. Das Acro C-2 ist eine leichte und kompakte Optik, die eine schnelle Zielerfassung erm\u00f6glicht und ein unbegrenztes Sichtfeld bietet.<\/p>\n<ul>\n<li class=\"flex items-baseline mb-4 sm-max:last:mb-0 md:last:mb-6\">\n<p class=\"text-xs font-medium 2xl:text-sm qhd:text-md-sm\">50.000 Stunden (mehr als 5 Jahre) Betriebszeit mit einer Batterie<\/p>\n<p class=\"text-xs font-medium 2xl:text-sm qhd:text-md-sm\">Eintauchen bis zu 5 Meter<\/p>\n<p class=\"text-xs font-medium 2xl:text-sm qhd:text-md-sm\">Gewicht 61 g, nur Sucher<\/p>\n<p class=\"text-xs font-medium 2xl:text-sm qhd:text-md-sm\">Optimiert f\u00fcr Pistolen und Anwendungen, die ein kompaktes Rotpunktsystem erfordern<\/p>\n<p class=\"text-xs font-medium 2xl:text-sm qhd:text-md-sm\">H\u00f6he der optischen Achse 22 mm, gemessen von der Oberseite der Montageplattform.<\/p>\n<p class=\"text-xs font-medium 2xl:text-sm qhd:text-md-sm\">2 Nachtsicht-kompatible Einstellungen und 8 Einstellungen f\u00fcr den Tag<\/p>\n<p class=\"text-xs font-medium 2xl:text-sm qhd:text-md-sm\">Punktgr\u00f6\u00dfe 3,5 MOA<\/p>\n<\/li>\n<\/ul>\n<div class=\"flex items-center cursor-pointer\"><\/div>\n","protected":false},"excerpt":{"rendered":"<p>Der Aimpoint\u00ae Acro C-2 ist die n\u00e4chste Generation der Acro-Serie und enth\u00e4lt eine optimierte Technologie. Mit einer neu dimensionierten CR2032-Batterie und einer neuen Diodentechnologie hat der Acro C-2 eine Betriebsdauer von 5 Jahren bei Dauerbetrieb auf der Einstellung 6\/10 (Tageseinstellung). Die neue LED gibt Ihnen einen helleren Punkt mit 3,5 MOA. Die Acro-Serie umfasst eine Vielzahl von Montagel\u00f6sungen, so dass die Optik Acro C-2 auf verschiedenen Waffenplattformen wie Schrotflinten und B\u00fcchsen montiert werden kann oder als Zusatzvisier auf Vergr\u00f6\u00dferungsfernrohren verwendet werden kann. Diese kleine Optik wurde mit mindestens 20.000 Sch\u00fcssen auf den Verschluss einer Kaliber 40 Pistole getestet und hat sich als robust und zuverl\u00e4ssig erwiesen. Polizei, Milit\u00e4r, J\u00e4ger und Sportsch\u00fctzen vertrauen auf diese Optik. Sie alle verlassen sich auf die Vorteile der Acro. Dank seines geschlossenen Systems bleibt es unter allen Wetterbedingungen zuverl\u00e4ssig und einsatzbereit. Das Acro C-2 ist eine leichte und kompakte Optik, die eine schnelle Zielerfassung erm\u00f6glicht und ein unbegrenztes Sichtfeld bietet.<\/p>\n<ul>\n<li class=\"flex items-baseline mb-4 sm-max:last:mb-0 md:last:mb-6\">\n<p class=\"text-xs font-medium 2xl:text-sm qhd:text-md-sm\">50.000 Stunden (mehr als 5 Jahre) Betriebszeit mit einer Batterie<\/p>\n<p class=\"text-xs font-medium 2xl:text-sm qhd:text-md-sm\">Eintauchen bis zu 5 Meter<\/p>\n<p class=\"text-xs font-medium 2xl:text-sm qhd:text-md-sm\">Gewicht 61 g, nur Sucher<\/p>\n<p class=\"text-xs font-medium 2xl:text-sm qhd:text-md-sm\">Optimiert f\u00fcr Pistolen und Anwendungen, die ein kompaktes Rotpunktsystem erfordern<\/p>\n<p class=\"text-xs font-medium 2xl:text-sm qhd:text-md-sm\">H\u00f6he der optischen Achse 22 mm, gemessen von der Oberseite der Montageplattform.<\/p>\n<p class=\"text-xs font-medium 2xl:text-sm qhd:text-md-sm\">2 Nachtsicht-kompatible Einstellungen und 8 Einstellungen f\u00fcr den Tag<\/p>\n<p class=\"text-xs font-medium 2xl:text-sm qhd:text-md-sm\">Punktgr\u00f6\u00dfe 3,5 MOA<\/p>\n<\/li>\n<\/ul>\n<div class=\"flex items-center cursor-pointer\"><\/div>\n","protected":false},"featured_media":32356,"template":"","meta":{"_et_pb_use_builder":"","_et_pb_old_content":"","_et_gb_content_width":""},"product_brand":[],"product_cat":[68,65],"product_tag":[],"class_list":{"0":"post-35359","1":"product","2":"type-product","3":"status-publish","4":"has-post-thumbnail","6":"product_cat-red-dot-de","7":"product_cat-zubehor-und-optik","9":"first","10":"instock","11":"shipping-taxable","12":"purchasable","13":"product-type-simple"},"yoast_head":"<!-- This site is optimized with the Yoast SEO Premium plugin v24.7 (Yoast SEO v27.5) - https:\/\/yoast.com\/product\/yoast-seo-premium-wordpress\/ -->\n<title>AIMPOINT ACRO C2 3.5moa - Armurerie Richert<\/title>\n<meta name=\"description\" content=\"Entscheiden Sie sich f\u00fcr Exzellenz mit dem AIMPOINT ACRO C2 3,5moa. Fortschrittliche Technologie, 5 Jahre Betriebsdauer und ein Lichtpunkt von 3,5 MOA.\" \/>\n<meta name=\"robots\" content=\"index, follow, max-snippet:-1, max-image-preview:large, max-video-preview:-1\" \/>\n<link rel=\"canonical\" href=\"https:\/\/armurerie-richert.ch\/de\/produit\/aimpoint-acro-c2-3-5moa\/\" \/>\n<meta property=\"og:locale\" content=\"de_DE\" \/>\n<meta property=\"og:type\" content=\"article\" \/>\n<meta property=\"og:title\" content=\"AIMPOINT ACRO C2 3.5moa\" \/>\n<meta property=\"og:description\" content=\"Entscheiden Sie sich f\u00fcr Exzellenz mit dem AIMPOINT ACRO C2 3,5moa. Fortschrittliche Technologie, 5 Jahre Betriebsdauer und ein Lichtpunkt von 3,5 MOA.\" \/>\n<meta property=\"og:url\" content=\"https:\/\/armurerie-richert.ch\/de\/produit\/aimpoint-acro-c2-3-5moa\/\" \/>\n<meta property=\"og:site_name\" content=\"Armurerie Richert\" \/>\n<meta property=\"article:publisher\" content=\"https:\/\/www.facebook.com\/profile.php?id=100023920014088\" \/>\n<meta property=\"og:image\" content=\"https:\/\/armurerie-richert.ch\/wp-content\/uploads\/2023\/11\/aimpoint-acro-p-2-red-dot-reflex-sight-3-5-moa.jpg\" \/>\n\t<meta property=\"og:image:width\" content=\"991\" \/>\n\t<meta property=\"og:image:height\" content=\"991\" \/>\n\t<meta property=\"og:image:type\" content=\"image\/jpeg\" \/>\n<meta name=\"twitter:card\" content=\"summary_large_image\" \/>\n<meta name=\"twitter:label1\" content=\"Preis\" \/>\n\t<meta name=\"twitter:data1\" content=\"&#067;&#072;&#070;&nbsp;570.00\" \/>\n\t<meta name=\"twitter:label2\" content=\"Verf\u00fcgbarkeit\" \/>\n\t<meta name=\"twitter:data2\" content=\"Auf Lager\" \/>\n<script type=\"application\/ld+json\" class=\"yoast-schema-graph\">{\"@context\":\"https:\\\/\\\/schema.org\",\"@graph\":[{\"@type\":\"WebPage\",\"@id\":\"https:\\\/\\\/armurerie-richert.ch\\\/de\\\/produit\\\/aimpoint-acro-c2-3-5moa\\\/\",\"url\":\"https:\\\/\\\/armurerie-richert.ch\\\/de\\\/produit\\\/aimpoint-acro-c2-3-5moa\\\/\",\"name\":\"AIMPOINT ACRO C2 3.5moa - Armurerie Richert\",\"isPartOf\":{\"@id\":\"https:\\\/\\\/armurerie-richert.ch\\\/de\\\/#website\"},\"primaryImageOfPage\":{\"@id\":\"https:\\\/\\\/armurerie-richert.ch\\\/de\\\/produit\\\/aimpoint-acro-c2-3-5moa\\\/#primaryimage\"},\"image\":{\"@id\":\"https:\\\/\\\/armurerie-richert.ch\\\/de\\\/produit\\\/aimpoint-acro-c2-3-5moa\\\/#primaryimage\"},\"thumbnailUrl\":\"https:\\\/\\\/armurerie-richert.ch\\\/wp-content\\\/uploads\\\/2023\\\/11\\\/aimpoint-acro-p-2-red-dot-reflex-sight-3-5-moa.jpg\",\"datePublished\":\"2023-11-05T12:33:24+00:00\",\"description\":\"Entscheiden Sie sich f\u00fcr Exzellenz mit dem AIMPOINT ACRO C2 3,5moa. Fortschrittliche Technologie, 5 Jahre Betriebsdauer und ein Lichtpunkt von 3,5 MOA.\",\"breadcrumb\":{\"@id\":\"https:\\\/\\\/armurerie-richert.ch\\\/de\\\/produit\\\/aimpoint-acro-c2-3-5moa\\\/#breadcrumb\"},\"inLanguage\":\"de\",\"potentialAction\":[{\"@type\":\"ReadAction\",\"target\":[\"https:\\\/\\\/armurerie-richert.ch\\\/de\\\/produit\\\/aimpoint-acro-c2-3-5moa\\\/\"]}]},{\"@type\":\"ImageObject\",\"inLanguage\":\"de\",\"@id\":\"https:\\\/\\\/armurerie-richert.ch\\\/de\\\/produit\\\/aimpoint-acro-c2-3-5moa\\\/#primaryimage\",\"url\":\"https:\\\/\\\/armurerie-richert.ch\\\/wp-content\\\/uploads\\\/2023\\\/11\\\/aimpoint-acro-p-2-red-dot-reflex-sight-3-5-moa.jpg\",\"contentUrl\":\"https:\\\/\\\/armurerie-richert.ch\\\/wp-content\\\/uploads\\\/2023\\\/11\\\/aimpoint-acro-p-2-red-dot-reflex-sight-3-5-moa.jpg\",\"width\":991,\"height\":991},{\"@type\":\"BreadcrumbList\",\"@id\":\"https:\\\/\\\/armurerie-richert.ch\\\/de\\\/produit\\\/aimpoint-acro-c2-3-5moa\\\/#breadcrumb\",\"itemListElement\":[{\"@type\":\"ListItem\",\"position\":1,\"name\":\"Accueil\",\"item\":\"https:\\\/\\\/armurerie-richert.ch\\\/de\\\/startseite\\\/\"},{\"@type\":\"ListItem\",\"position\":2,\"name\":\"Shop\",\"item\":\"https:\\\/\\\/armurerie-richert.ch\\\/de\\\/shop\\\/\"},{\"@type\":\"ListItem\",\"position\":3,\"name\":\"AIMPOINT ACRO C2 3.5moa\"}]},{\"@type\":\"WebSite\",\"@id\":\"https:\\\/\\\/armurerie-richert.ch\\\/de\\\/#website\",\"url\":\"https:\\\/\\\/armurerie-richert.ch\\\/de\\\/\",\"name\":\"Armurerie Richert\",\"description\":\"\",\"publisher\":{\"@id\":\"https:\\\/\\\/armurerie-richert.ch\\\/de\\\/#organization\"},\"potentialAction\":[{\"@type\":\"SearchAction\",\"target\":{\"@type\":\"EntryPoint\",\"urlTemplate\":\"https:\\\/\\\/armurerie-richert.ch\\\/de\\\/?s={search_term_string}\"},\"query-input\":{\"@type\":\"PropertyValueSpecification\",\"valueRequired\":true,\"valueName\":\"search_term_string\"}}],\"inLanguage\":\"de\"},{\"@type\":\"Organization\",\"@id\":\"https:\\\/\\\/armurerie-richert.ch\\\/de\\\/#organization\",\"name\":\"Armurerie Richert\",\"url\":\"https:\\\/\\\/armurerie-richert.ch\\\/de\\\/\",\"logo\":{\"@type\":\"ImageObject\",\"inLanguage\":\"de\",\"@id\":\"https:\\\/\\\/armurerie-richert.ch\\\/de\\\/#\\\/schema\\\/logo\\\/image\\\/\",\"url\":\"https:\\\/\\\/armurerie-richert.ch\\\/wp-content\\\/uploads\\\/2023\\\/11\\\/Armurerie-Richert-Logo-300px.png\",\"contentUrl\":\"https:\\\/\\\/armurerie-richert.ch\\\/wp-content\\\/uploads\\\/2023\\\/11\\\/Armurerie-Richert-Logo-300px.png\",\"width\":300,\"height\":73,\"caption\":\"Armurerie Richert\"},\"image\":{\"@id\":\"https:\\\/\\\/armurerie-richert.ch\\\/de\\\/#\\\/schema\\\/logo\\\/image\\\/\"},\"sameAs\":[\"https:\\\/\\\/www.facebook.com\\\/profile.php?id=100023920014088\"]}]}<\/script>\n<meta property=\"product:price:amount\" content=\"570.00\" \/>\n<meta property=\"product:price:currency\" content=\"CHF\" \/>\n<meta property=\"og:availability\" content=\"instock\" \/>\n<meta property=\"product:availability\" content=\"instock\" \/>\n<meta property=\"product:condition\" content=\"new\" \/>\n<!-- \/ Yoast SEO Premium plugin. -->","yoast_head_json":{"title":"AIMPOINT ACRO C2 3.5moa - Armurerie Richert","description":"Entscheiden Sie sich f\u00fcr Exzellenz mit dem AIMPOINT ACRO C2 3,5moa. Fortschrittliche Technologie, 5 Jahre Betriebsdauer und ein Lichtpunkt von 3,5 MOA.","robots":{"index":"index","follow":"follow","max-snippet":"max-snippet:-1","max-image-preview":"max-image-preview:large","max-video-preview":"max-video-preview:-1"},"canonical":"https:\/\/armurerie-richert.ch\/de\/produit\/aimpoint-acro-c2-3-5moa\/","og_locale":"de_DE","og_type":"article","og_title":"AIMPOINT ACRO C2 3.5moa","og_description":"Entscheiden Sie sich f\u00fcr Exzellenz mit dem AIMPOINT ACRO C2 3,5moa. Fortschrittliche Technologie, 5 Jahre Betriebsdauer und ein Lichtpunkt von 3,5 MOA.","og_url":"https:\/\/armurerie-richert.ch\/de\/produit\/aimpoint-acro-c2-3-5moa\/","og_site_name":"Armurerie Richert","article_publisher":"https:\/\/www.facebook.com\/profile.php?id=100023920014088","og_image":[{"width":991,"height":991,"url":"https:\/\/armurerie-richert.ch\/wp-content\/uploads\/2023\/11\/aimpoint-acro-p-2-red-dot-reflex-sight-3-5-moa.jpg","type":"image\/jpeg"}],"twitter_card":"summary_large_image","twitter_misc":{"Preis":"&#67;&#72;&#70;&nbsp;570.00","Verf\u00fcgbarkeit":"Auf Lager"},"schema":{"@context":"https:\/\/schema.org","@graph":[{"@type":"WebPage","@id":"https:\/\/armurerie-richert.ch\/de\/produit\/aimpoint-acro-c2-3-5moa\/","url":"https:\/\/armurerie-richert.ch\/de\/produit\/aimpoint-acro-c2-3-5moa\/","name":"AIMPOINT ACRO C2 3.5moa - Armurerie Richert","isPartOf":{"@id":"https:\/\/armurerie-richert.ch\/de\/#website"},"primaryImageOfPage":{"@id":"https:\/\/armurerie-richert.ch\/de\/produit\/aimpoint-acro-c2-3-5moa\/#primaryimage"},"image":{"@id":"https:\/\/armurerie-richert.ch\/de\/produit\/aimpoint-acro-c2-3-5moa\/#primaryimage"},"thumbnailUrl":"https:\/\/armurerie-richert.ch\/wp-content\/uploads\/2023\/11\/aimpoint-acro-p-2-red-dot-reflex-sight-3-5-moa.jpg","datePublished":"2023-11-05T12:33:24+00:00","description":"Entscheiden Sie sich f\u00fcr Exzellenz mit dem AIMPOINT ACRO C2 3,5moa. Fortschrittliche Technologie, 5 Jahre Betriebsdauer und ein Lichtpunkt von 3,5 MOA.","breadcrumb":{"@id":"https:\/\/armurerie-richert.ch\/de\/produit\/aimpoint-acro-c2-3-5moa\/#breadcrumb"},"inLanguage":"de","potentialAction":[{"@type":"ReadAction","target":["https:\/\/armurerie-richert.ch\/de\/produit\/aimpoint-acro-c2-3-5moa\/"]}]},{"@type":"ImageObject","inLanguage":"de","@id":"https:\/\/armurerie-richert.ch\/de\/produit\/aimpoint-acro-c2-3-5moa\/#primaryimage","url":"https:\/\/armurerie-richert.ch\/wp-content\/uploads\/2023\/11\/aimpoint-acro-p-2-red-dot-reflex-sight-3-5-moa.jpg","contentUrl":"https:\/\/armurerie-richert.ch\/wp-content\/uploads\/2023\/11\/aimpoint-acro-p-2-red-dot-reflex-sight-3-5-moa.jpg","width":991,"height":991},{"@type":"BreadcrumbList","@id":"https:\/\/armurerie-richert.ch\/de\/produit\/aimpoint-acro-c2-3-5moa\/#breadcrumb","itemListElement":[{"@type":"ListItem","position":1,"name":"Accueil","item":"https:\/\/armurerie-richert.ch\/de\/startseite\/"},{"@type":"ListItem","position":2,"name":"Shop","item":"https:\/\/armurerie-richert.ch\/de\/shop\/"},{"@type":"ListItem","position":3,"name":"AIMPOINT ACRO C2 3.5moa"}]},{"@type":"WebSite","@id":"https:\/\/armurerie-richert.ch\/de\/#website","url":"https:\/\/armurerie-richert.ch\/de\/","name":"Armurerie Richert","description":"","publisher":{"@id":"https:\/\/armurerie-richert.ch\/de\/#organization"},"potentialAction":[{"@type":"SearchAction","target":{"@type":"EntryPoint","urlTemplate":"https:\/\/armurerie-richert.ch\/de\/?s={search_term_string}"},"query-input":{"@type":"PropertyValueSpecification","valueRequired":true,"valueName":"search_term_string"}}],"inLanguage":"de"},{"@type":"Organization","@id":"https:\/\/armurerie-richert.ch\/de\/#organization","name":"Armurerie Richert","url":"https:\/\/armurerie-richert.ch\/de\/","logo":{"@type":"ImageObject","inLanguage":"de","@id":"https:\/\/armurerie-richert.ch\/de\/#\/schema\/logo\/image\/","url":"https:\/\/armurerie-richert.ch\/wp-content\/uploads\/2023\/11\/Armurerie-Richert-Logo-300px.png","contentUrl":"https:\/\/armurerie-richert.ch\/wp-content\/uploads\/2023\/11\/Armurerie-Richert-Logo-300px.png","width":300,"height":73,"caption":"Armurerie Richert"},"image":{"@id":"https:\/\/armurerie-richert.ch\/de\/#\/schema\/logo\/image\/"},"sameAs":["https:\/\/www.facebook.com\/profile.php?id=100023920014088"]}]},"product_price_amount":"570.00","product_price_currency":"CHF","og_availability":"instock","product_availability":"instock","product_condition":"new"},"_links":{"self":[{"href":"https:\/\/armurerie-richert.ch\/de\/wp-json\/wp\/v2\/product\/35359","targetHints":{"allow":["GET"]}}],"collection":[{"href":"https:\/\/armurerie-richert.ch\/de\/wp-json\/wp\/v2\/product"}],"about":[{"href":"https:\/\/armurerie-richert.ch\/de\/wp-json\/wp\/v2\/types\/product"}],"wp:featuredmedia":[{"embeddable":true,"href":"https:\/\/armurerie-richert.ch\/de\/wp-json\/wp\/v2\/media\/32356"}],"wp:attachment":[{"href":"https:\/\/armurerie-richert.ch\/de\/wp-json\/wp\/v2\/media?parent=35359"}],"wp:term":[{"taxonomy":"product_brand","embeddable":true,"href":"https:\/\/armurerie-richert.ch\/de\/wp-json\/wp\/v2\/product_brand?post=35359"},{"taxonomy":"product_cat","embeddable":true,"href":"https:\/\/armurerie-richert.ch\/de\/wp-json\/wp\/v2\/product_cat?post=35359"},{"taxonomy":"product_tag","embeddable":true,"href":"https:\/\/armurerie-richert.ch\/de\/wp-json\/wp\/v2\/product_tag?post=35359"}],"curies":[{"name":"wp","href":"https:\/\/api.w.org\/{rel}","templated":true}]}}