{"id":35372,"date":"2023-11-06T07:21:26","date_gmt":"2023-11-06T06:21:26","guid":{"rendered":"https:\/\/armurerie-richert.ch\/produit\/brian-tighe\/"},"modified":"2023-11-06T07:21:26","modified_gmt":"2023-11-06T06:21:26","slug":"brian-tighe","status":"publish","type":"product","link":"https:\/\/armurerie-richert.ch\/de\/produit\/brian-tighe\/","title":{"rendered":"BRIAN TIGHE"},"content":{"rendered":"<div class=\"description\">\n<h3>BRIAN TIGHE<\/h3>\n<p>Brian Tighe produziert funktionale und optisch ansprechende Messer der h\u00f6chsten Kaliber. Seine Klingen sind das Produkt von mehr als 25 Jahren Erfahrung und umfangreicher Ausbildung in der Werkzeug- und Die-Branche, zusammen mit einer soliden Grundlage in Metallurgie, Design, Konstruktion und W\u00e4rmebehandlung. Brian&#8217;s Messer wurden in Hardcover-B\u00fcchern, Zeitschriften und auf Handelsmessen vorgestellt und gewannen den Preis &#8222;Most Innovative Design&#8220; auf den BLADE Shows 2010 und 2012 in Atlanta, GA. Er ist spezialisiert auf Taschenmesser und Klappmesser mit kundenspezifischen Verschl\u00fcssen und Stahldesigns. Brian Tighe and Friends ist Brians Mid-Tech-Linie, die innovative und fortschrittliche Technologie auf den Messermarkt bringt. Sie stellen professionelle, qualitativ hochwertige Klappmesser her, die in den USA gefertigt werden und jedes St\u00fcck wird von Hand zusammengesetzt. Jedes Messer von Brian Tighe and Friends hat einen unverwechselbaren Brian Tighe Look mit originellen Verschl\u00fcssen und Designs, die taktische Pr\u00e4zision und Metallurgiekunst kombinieren. Der Tighe Fighter wurde nach Brians eigenem Design entworfen und mit extrem engen Toleranzen gefertigt, so dass Sie dieses Messer ohne zweite Gedanken benutzen und missbrauchen k\u00f6nnen. Es ist ein typisches Brian Tighe Design im Stil von Tighe, das einen intrikaten, ergonomischen Griff mit einer wilden, k\u00fchlen, funktionalen Klinge paart. \u00d6ffnen Sie es mit einem Druckknopf. Ergonomie ist in diesem Fall zweitrangig und wenn Sie taktische Designs f\u00fcr den t\u00e4glichen Gebrauch sch\u00e4tzen, ist dies das Messer der Mittelklasse f\u00fcr Sie. Die 3,8&#8243; Tantoklinge ist aus 154CM Edelstahl mit einer stonewashed Oberfl\u00e4che gefertigt. Der sehr ergonomische Griff ist aus gegossener Kohlefaser mit einem vollwertigen R\u00fcckenschutz aus gegossenem Flugzeugaluminium mit einer schwarz eloxierten Oberfl\u00e4che. Der Knopf oder die Klappsperre ist sehr einfach zu l\u00f6sen, dr\u00fccken Sie ihn einfach und die Klinge schlie\u00dft sich mit minimalem Kraftaufwand. Der Taschenclip aus Edelstahl ist ein Todd Begg Design im Keramikkugel-Stil, das leicht gleitet und mehr als genug Halt bietet. Brian Tighe hat mit diesem Design einen Sieger, vor allem zu diesem Preis, und es ist auch in einer automatischen und einer kompakten Version erh\u00e4ltlich.   <\/p>\n<div class=\"clearfix\"><\/div>\n<\/div>\n<div class=\"specifications\">\n<div class=\"features\"><\/div>\n<div class=\"specs\">\n<h3 class=\"specificationsPDP\">Spezifikationen<\/h3>\n<ul>\n<li>Klingenl\u00e4nge: 3.80&#8243;.<\/li>\n<li>Schnittkante: 3.75&#8243;.<\/li>\n<li>Geschlossene L\u00e4nge: 5.14&#8243;.<\/li>\n<li>Gesamtl\u00e4nge: 8.96&#8243;.<\/li>\n<li>Blade Material: 154CM Stainless Steel<\/li>\n<li>Blattdicke: 0.194&#8243;.<\/li>\n<li>Blade Style: Tanto<\/li>\n<li>Blade Grind: Hollow<\/li>\n<li>Blade Finish: Stonewash<\/li>\n<li>Handle Material: Milled Carbon Fiber<\/li>\n<li>Handle Thickness: 0.52&#8243; (Dicke des Griffs)<\/li>\n<li>Verschlussmechanismus: Plunge\/Button Lock<\/li>\n<li>Pivot Assembly: Bearings<\/li>\n<li>Pocket Clip: Edelstahl (Tip-Up, Right Carry)<\/li>\n<li>Gewicht: 4.8 oz.<\/li>\n<li>Designer: Brian Tighe<\/li>\n<li>Made in the USA<\/li>\n<\/ul>\n<\/div>\n<\/div>\n","protected":false},"excerpt":{"rendered":"<div class=\"description\">\n<p>Brian Tighe produziert funktionale und visuell ansprechende Messer der h\u00f6chsten Kaliber. Seine Klingen sind das Produkt von \u00fcber 25 Jahren Erfahrung und umfangreicher Ausbildung in der Werkzeug- und Die-Branche, zusammen mit einer soliden Grundlage in Metallurgie, Design, Konstruktion und W\u00e4rmebehandlung. Brian&#8217;s Messer wurden in Hardcover-B\u00fcchern, Zeitschriften und auf Handelsmessen vorgestellt und gewannen den Preis &#8222;Most Innovative Design&#8220; auf den BLADE Shows 2010 und 2012 in Atlanta, GA. Er ist spezialisiert auf Taschenmesser und Klappmesser mit kundenspezifischen Verschl\u00fcssen und Stahldesigns. Brian Tighe and Friends ist Brians Mid-Tech-Linie, die innovative und fortschrittliche Technologie auf den Messermarkt bringt. Sie stellen professionelle, qualitativ hochwertige Klappmesser her, die in den USA gefertigt werden und jedes St\u00fcck wird von Hand zusammengesetzt. Jedes Brian Tighe and Friends Messer hat einen unverwechselbaren Brian Tighe Look mit originellen Verriegelungen und Designs, die taktische Pr\u00e4zision mit metallurgischer Kunstfertigkeit kombinieren. Der Tighe Fighter wurde nach Brians eigenem Design entworfen und mit extrem engen Toleranzen gefertigt, so dass Sie dieses Messer ohne zweite Gedanken benutzen und missbrauchen k\u00f6nnen. Es ist ein typisches Brian Tighe Stil Design, das einen intrikaten, ergonomischen Griff mit einer wilden, k\u00fchlen, funktionellen Klinge verbindet. \u00d6ffnen Sie es mit einem Druckknopf. Ergonomie ist in diesem Fall zweitrangig und wenn Sie taktische Designs f\u00fcr den t\u00e4glichen Gebrauch sch\u00e4tzen, ist dies das Messer der Mittelklasse f\u00fcr Sie. Die 3.8&#8243; Tantoklinge ist aus 154CM Edelstahl mit einer stonewashed Oberfl\u00e4che gefertigt. Der sehr ergonomische Griff ist aus gegossener Kohlefaser mit einem vollwertigen R\u00fcckenschutz aus gegossenem Flugzeugaluminium mit einer schwarz eloxierten Oberfl\u00e4che. Der Knopf oder die Klappsperre ist sehr einfach zu l\u00f6sen, dr\u00fccken Sie ihn einfach und die Klinge schlie\u00dft sich mit minimalem Kraftaufwand. Der Taschenclip aus Edelstahl ist ein Todd Begg Design im Keramikkugel-Stil, das leicht gleitet und mehr als genug Halt bietet. Brian Tighe hat mit diesem Design einen Sieger, vor allem zu diesem Preis, und es ist auch in einer automatischen und einer kompakten Version erh\u00e4ltlich.   <\/p>\n<div class=\"clearfix\"><\/div>\n<\/div>\n<div class=\"specifications\">\n<div class=\"features\"><\/div>\n<div class=\"specs\">\n<h3 class=\"specificationsPDP\">Spezifikationen<\/h3>\n<ul>\n<li>Klingenl\u00e4nge: 3.80&#8243;.<\/li>\n<li>Schnittkante: 3.75&#8243;.<\/li>\n<li>Geschlossene L\u00e4nge: 5.14&#8243;.<\/li>\n<li>Gesamtl\u00e4nge: 8.96&#8243;.<\/li>\n<li>Blade Material: 154CM Stainless Steel<\/li>\n<li>Blattdicke: 0.194&#8243;.<\/li>\n<li>Blade Style: Tanto<\/li>\n<li>Blade Grind: Hollow<\/li>\n<li>Blade Finish: Stonewash<\/li>\n<li>Handle Material: Milled Carbon Fiber<\/li>\n<li>Handle Thickness: 0.52&#8243; (Dicke des Griffs)<\/li>\n<li>Verschlussmechanismus: Plunge\/Button Lock<\/li>\n<li>Pivot Assembly: Bearings<\/li>\n<li>Pocket Clip: Edelstahl (Tip-Up, Right Carry)<\/li>\n<li>Gewicht: 4.8 oz.<\/li>\n<li>Designer: Brian Tighe<\/li>\n<li>Made in the USA<\/li>\n<\/ul>\n<\/div>\n<\/div>\n","protected":false},"featured_media":32717,"template":"","meta":{"_et_pb_use_builder":"","_et_pb_old_content":"","_et_gb_content_width":""},"product_brand":[],"product_cat":[72,73],"product_tag":[],"class_list":{"0":"post-35372","1":"product","2":"type-product","3":"status-publish","4":"has-post-thumbnail","6":"product_cat-messer","7":"product_cat-zusammenklappbare-messer","9":"first","10":"instock","11":"shipping-taxable","12":"purchasable","13":"product-type-simple"},"yoast_head":"<!-- This site is optimized with the Yoast SEO Premium plugin v24.7 (Yoast SEO v27.5) - https:\/\/yoast.com\/product\/yoast-seo-premium-wordpress\/ -->\n<title>BRIAN TIGHE - Armurerie Richert<\/title>\n<meta name=\"description\" content=\"Entdecken Sie die Brian Tighe Messer, einzigartige St\u00fccke, die Funktionalit\u00e4t und \u00c4sthetik miteinander verbinden. Hochwertige Klingen, die von einem passionierten Handwerker seit \u00fcber 25 Jahren fachm\u00e4nnisch geschmiedet werden.\" \/>\n<meta name=\"robots\" content=\"index, follow, max-snippet:-1, max-image-preview:large, max-video-preview:-1\" \/>\n<link rel=\"canonical\" href=\"https:\/\/armurerie-richert.ch\/de\/produit\/brian-tighe\/\" \/>\n<meta property=\"og:locale\" content=\"de_DE\" \/>\n<meta property=\"og:type\" content=\"article\" \/>\n<meta property=\"og:title\" content=\"BRIAN TIGHE\" \/>\n<meta property=\"og:description\" content=\"Entdecken Sie die Brian Tighe Messer, einzigartige St\u00fccke, die Funktionalit\u00e4t und \u00c4sthetik miteinander verbinden. Hochwertige Klingen, die von einem passionierten Handwerker seit \u00fcber 25 Jahren fachm\u00e4nnisch geschmiedet werden.\" \/>\n<meta property=\"og:url\" content=\"https:\/\/armurerie-richert.ch\/de\/produit\/brian-tighe\/\" \/>\n<meta property=\"og:site_name\" content=\"Armurerie Richert\" \/>\n<meta property=\"article:publisher\" content=\"https:\/\/www.facebook.com\/profile.php?id=100023920014088\" \/>\n<meta property=\"og:image\" content=\"https:\/\/armurerie-richert.ch\/wp-content\/uploads\/2023\/11\/Brian-tighe.jpg\" \/>\n\t<meta property=\"og:image:width\" content=\"1920\" \/>\n\t<meta property=\"og:image:height\" content=\"1920\" \/>\n\t<meta property=\"og:image:type\" content=\"image\/jpeg\" \/>\n<meta name=\"twitter:card\" content=\"summary_large_image\" \/>\n<meta name=\"twitter:label1\" content=\"Preis\" \/>\n\t<meta name=\"twitter:data1\" content=\"&#067;&#072;&#070;&nbsp;260.00\" \/>\n\t<meta name=\"twitter:label2\" content=\"Verf\u00fcgbarkeit\" \/>\n\t<meta name=\"twitter:data2\" content=\"Auf Lager\" \/>\n<script type=\"application\/ld+json\" class=\"yoast-schema-graph\">{\"@context\":\"https:\\\/\\\/schema.org\",\"@graph\":[{\"@type\":\"WebPage\",\"@id\":\"https:\\\/\\\/armurerie-richert.ch\\\/de\\\/produit\\\/brian-tighe\\\/\",\"url\":\"https:\\\/\\\/armurerie-richert.ch\\\/de\\\/produit\\\/brian-tighe\\\/\",\"name\":\"BRIAN TIGHE - Armurerie Richert\",\"isPartOf\":{\"@id\":\"https:\\\/\\\/armurerie-richert.ch\\\/de\\\/#website\"},\"primaryImageOfPage\":{\"@id\":\"https:\\\/\\\/armurerie-richert.ch\\\/de\\\/produit\\\/brian-tighe\\\/#primaryimage\"},\"image\":{\"@id\":\"https:\\\/\\\/armurerie-richert.ch\\\/de\\\/produit\\\/brian-tighe\\\/#primaryimage\"},\"thumbnailUrl\":\"https:\\\/\\\/armurerie-richert.ch\\\/wp-content\\\/uploads\\\/2023\\\/11\\\/Brian-tighe.jpg\",\"datePublished\":\"2023-11-06T06:21:26+00:00\",\"description\":\"Entdecken Sie die Brian Tighe Messer, einzigartige St\u00fccke, die Funktionalit\u00e4t und \u00c4sthetik miteinander verbinden. Hochwertige Klingen, die von einem passionierten Handwerker seit \u00fcber 25 Jahren fachm\u00e4nnisch geschmiedet werden.\",\"breadcrumb\":{\"@id\":\"https:\\\/\\\/armurerie-richert.ch\\\/de\\\/produit\\\/brian-tighe\\\/#breadcrumb\"},\"inLanguage\":\"de\",\"potentialAction\":[{\"@type\":\"ReadAction\",\"target\":[\"https:\\\/\\\/armurerie-richert.ch\\\/de\\\/produit\\\/brian-tighe\\\/\"]}]},{\"@type\":\"ImageObject\",\"inLanguage\":\"de\",\"@id\":\"https:\\\/\\\/armurerie-richert.ch\\\/de\\\/produit\\\/brian-tighe\\\/#primaryimage\",\"url\":\"https:\\\/\\\/armurerie-richert.ch\\\/wp-content\\\/uploads\\\/2023\\\/11\\\/Brian-tighe.jpg\",\"contentUrl\":\"https:\\\/\\\/armurerie-richert.ch\\\/wp-content\\\/uploads\\\/2023\\\/11\\\/Brian-tighe.jpg\",\"width\":1920,\"height\":1920},{\"@type\":\"BreadcrumbList\",\"@id\":\"https:\\\/\\\/armurerie-richert.ch\\\/de\\\/produit\\\/brian-tighe\\\/#breadcrumb\",\"itemListElement\":[{\"@type\":\"ListItem\",\"position\":1,\"name\":\"Accueil\",\"item\":\"https:\\\/\\\/armurerie-richert.ch\\\/de\\\/startseite\\\/\"},{\"@type\":\"ListItem\",\"position\":2,\"name\":\"Shop\",\"item\":\"https:\\\/\\\/armurerie-richert.ch\\\/de\\\/shop\\\/\"},{\"@type\":\"ListItem\",\"position\":3,\"name\":\"BRIAN TIGHE\"}]},{\"@type\":\"WebSite\",\"@id\":\"https:\\\/\\\/armurerie-richert.ch\\\/de\\\/#website\",\"url\":\"https:\\\/\\\/armurerie-richert.ch\\\/de\\\/\",\"name\":\"Armurerie Richert\",\"description\":\"\",\"publisher\":{\"@id\":\"https:\\\/\\\/armurerie-richert.ch\\\/de\\\/#organization\"},\"potentialAction\":[{\"@type\":\"SearchAction\",\"target\":{\"@type\":\"EntryPoint\",\"urlTemplate\":\"https:\\\/\\\/armurerie-richert.ch\\\/de\\\/?s={search_term_string}\"},\"query-input\":{\"@type\":\"PropertyValueSpecification\",\"valueRequired\":true,\"valueName\":\"search_term_string\"}}],\"inLanguage\":\"de\"},{\"@type\":\"Organization\",\"@id\":\"https:\\\/\\\/armurerie-richert.ch\\\/de\\\/#organization\",\"name\":\"Armurerie Richert\",\"url\":\"https:\\\/\\\/armurerie-richert.ch\\\/de\\\/\",\"logo\":{\"@type\":\"ImageObject\",\"inLanguage\":\"de\",\"@id\":\"https:\\\/\\\/armurerie-richert.ch\\\/de\\\/#\\\/schema\\\/logo\\\/image\\\/\",\"url\":\"https:\\\/\\\/armurerie-richert.ch\\\/wp-content\\\/uploads\\\/2023\\\/11\\\/Armurerie-Richert-Logo-300px.png\",\"contentUrl\":\"https:\\\/\\\/armurerie-richert.ch\\\/wp-content\\\/uploads\\\/2023\\\/11\\\/Armurerie-Richert-Logo-300px.png\",\"width\":300,\"height\":73,\"caption\":\"Armurerie Richert\"},\"image\":{\"@id\":\"https:\\\/\\\/armurerie-richert.ch\\\/de\\\/#\\\/schema\\\/logo\\\/image\\\/\"},\"sameAs\":[\"https:\\\/\\\/www.facebook.com\\\/profile.php?id=100023920014088\"]}]}<\/script>\n<meta property=\"product:price:amount\" content=\"260.00\" \/>\n<meta property=\"product:price:currency\" content=\"CHF\" \/>\n<meta property=\"og:availability\" content=\"instock\" \/>\n<meta property=\"product:availability\" content=\"instock\" \/>\n<meta property=\"product:condition\" content=\"new\" \/>\n<!-- \/ Yoast SEO Premium plugin. -->","yoast_head_json":{"title":"BRIAN TIGHE - Armurerie Richert","description":"Entdecken Sie die Brian Tighe Messer, einzigartige St\u00fccke, die Funktionalit\u00e4t und \u00c4sthetik miteinander verbinden. Hochwertige Klingen, die von einem passionierten Handwerker seit \u00fcber 25 Jahren fachm\u00e4nnisch geschmiedet werden.","robots":{"index":"index","follow":"follow","max-snippet":"max-snippet:-1","max-image-preview":"max-image-preview:large","max-video-preview":"max-video-preview:-1"},"canonical":"https:\/\/armurerie-richert.ch\/de\/produit\/brian-tighe\/","og_locale":"de_DE","og_type":"article","og_title":"BRIAN TIGHE","og_description":"Entdecken Sie die Brian Tighe Messer, einzigartige St\u00fccke, die Funktionalit\u00e4t und \u00c4sthetik miteinander verbinden. Hochwertige Klingen, die von einem passionierten Handwerker seit \u00fcber 25 Jahren fachm\u00e4nnisch geschmiedet werden.","og_url":"https:\/\/armurerie-richert.ch\/de\/produit\/brian-tighe\/","og_site_name":"Armurerie Richert","article_publisher":"https:\/\/www.facebook.com\/profile.php?id=100023920014088","og_image":[{"width":1920,"height":1920,"url":"https:\/\/armurerie-richert.ch\/wp-content\/uploads\/2023\/11\/Brian-tighe.jpg","type":"image\/jpeg"}],"twitter_card":"summary_large_image","twitter_misc":{"Preis":"&#67;&#72;&#70;&nbsp;260.00","Verf\u00fcgbarkeit":"Auf Lager"},"schema":{"@context":"https:\/\/schema.org","@graph":[{"@type":"WebPage","@id":"https:\/\/armurerie-richert.ch\/de\/produit\/brian-tighe\/","url":"https:\/\/armurerie-richert.ch\/de\/produit\/brian-tighe\/","name":"BRIAN TIGHE - Armurerie Richert","isPartOf":{"@id":"https:\/\/armurerie-richert.ch\/de\/#website"},"primaryImageOfPage":{"@id":"https:\/\/armurerie-richert.ch\/de\/produit\/brian-tighe\/#primaryimage"},"image":{"@id":"https:\/\/armurerie-richert.ch\/de\/produit\/brian-tighe\/#primaryimage"},"thumbnailUrl":"https:\/\/armurerie-richert.ch\/wp-content\/uploads\/2023\/11\/Brian-tighe.jpg","datePublished":"2023-11-06T06:21:26+00:00","description":"Entdecken Sie die Brian Tighe Messer, einzigartige St\u00fccke, die Funktionalit\u00e4t und \u00c4sthetik miteinander verbinden. Hochwertige Klingen, die von einem passionierten Handwerker seit \u00fcber 25 Jahren fachm\u00e4nnisch geschmiedet werden.","breadcrumb":{"@id":"https:\/\/armurerie-richert.ch\/de\/produit\/brian-tighe\/#breadcrumb"},"inLanguage":"de","potentialAction":[{"@type":"ReadAction","target":["https:\/\/armurerie-richert.ch\/de\/produit\/brian-tighe\/"]}]},{"@type":"ImageObject","inLanguage":"de","@id":"https:\/\/armurerie-richert.ch\/de\/produit\/brian-tighe\/#primaryimage","url":"https:\/\/armurerie-richert.ch\/wp-content\/uploads\/2023\/11\/Brian-tighe.jpg","contentUrl":"https:\/\/armurerie-richert.ch\/wp-content\/uploads\/2023\/11\/Brian-tighe.jpg","width":1920,"height":1920},{"@type":"BreadcrumbList","@id":"https:\/\/armurerie-richert.ch\/de\/produit\/brian-tighe\/#breadcrumb","itemListElement":[{"@type":"ListItem","position":1,"name":"Accueil","item":"https:\/\/armurerie-richert.ch\/de\/startseite\/"},{"@type":"ListItem","position":2,"name":"Shop","item":"https:\/\/armurerie-richert.ch\/de\/shop\/"},{"@type":"ListItem","position":3,"name":"BRIAN TIGHE"}]},{"@type":"WebSite","@id":"https:\/\/armurerie-richert.ch\/de\/#website","url":"https:\/\/armurerie-richert.ch\/de\/","name":"Armurerie Richert","description":"","publisher":{"@id":"https:\/\/armurerie-richert.ch\/de\/#organization"},"potentialAction":[{"@type":"SearchAction","target":{"@type":"EntryPoint","urlTemplate":"https:\/\/armurerie-richert.ch\/de\/?s={search_term_string}"},"query-input":{"@type":"PropertyValueSpecification","valueRequired":true,"valueName":"search_term_string"}}],"inLanguage":"de"},{"@type":"Organization","@id":"https:\/\/armurerie-richert.ch\/de\/#organization","name":"Armurerie Richert","url":"https:\/\/armurerie-richert.ch\/de\/","logo":{"@type":"ImageObject","inLanguage":"de","@id":"https:\/\/armurerie-richert.ch\/de\/#\/schema\/logo\/image\/","url":"https:\/\/armurerie-richert.ch\/wp-content\/uploads\/2023\/11\/Armurerie-Richert-Logo-300px.png","contentUrl":"https:\/\/armurerie-richert.ch\/wp-content\/uploads\/2023\/11\/Armurerie-Richert-Logo-300px.png","width":300,"height":73,"caption":"Armurerie Richert"},"image":{"@id":"https:\/\/armurerie-richert.ch\/de\/#\/schema\/logo\/image\/"},"sameAs":["https:\/\/www.facebook.com\/profile.php?id=100023920014088"]}]},"product_price_amount":"260.00","product_price_currency":"CHF","og_availability":"instock","product_availability":"instock","product_condition":"new"},"_links":{"self":[{"href":"https:\/\/armurerie-richert.ch\/de\/wp-json\/wp\/v2\/product\/35372","targetHints":{"allow":["GET"]}}],"collection":[{"href":"https:\/\/armurerie-richert.ch\/de\/wp-json\/wp\/v2\/product"}],"about":[{"href":"https:\/\/armurerie-richert.ch\/de\/wp-json\/wp\/v2\/types\/product"}],"wp:featuredmedia":[{"embeddable":true,"href":"https:\/\/armurerie-richert.ch\/de\/wp-json\/wp\/v2\/media\/32717"}],"wp:attachment":[{"href":"https:\/\/armurerie-richert.ch\/de\/wp-json\/wp\/v2\/media?parent=35372"}],"wp:term":[{"taxonomy":"product_brand","embeddable":true,"href":"https:\/\/armurerie-richert.ch\/de\/wp-json\/wp\/v2\/product_brand?post=35372"},{"taxonomy":"product_cat","embeddable":true,"href":"https:\/\/armurerie-richert.ch\/de\/wp-json\/wp\/v2\/product_cat?post=35372"},{"taxonomy":"product_tag","embeddable":true,"href":"https:\/\/armurerie-richert.ch\/de\/wp-json\/wp\/v2\/product_tag?post=35372"}],"curies":[{"name":"wp","href":"https:\/\/api.w.org\/{rel}","templated":true}]}}