{"id":35388,"date":"2023-11-05T21:36:53","date_gmt":"2023-11-05T20:36:53","guid":{"rendered":"https:\/\/armurerie-richert.ch\/produit\/ontario-carter\/"},"modified":"2023-11-05T21:36:53","modified_gmt":"2023-11-05T20:36:53","slug":"ontario-carter","status":"publish","type":"product","link":"https:\/\/armurerie-richert.ch\/de\/produit\/ontario-carter\/","title":{"rendered":"ONTARIO Carter"},"content":{"rendered":"<h3>ONTARIO Carter<\/h3>\n<div class=\"description\">\n<p>Entworfen von Robert Carter, dem Sohn des langj\u00e4hrigen Designers der Ontario Knife Company Joe Pardue (und Gro\u00dfonkel von Mel Pardue), ist der overbuilt Carter 2quared ein hochwertiges Faltmesser, das sich perfekt f\u00fcr den harten Einsatz eignet. Dieser Flipper verf\u00fcgt \u00fcber eine glatte Aktion, einen festen Verschluss und eine interessante Optik, die einen sehr ergonomischen Griff bietet. Die robuste 3,625&#8243; Sheepsfoot Klinge ist aus D2 Werkzeugstahl mit einer schwarz gestonewashed Oberfl\u00e4che und einer ausgezeichneten Daumenrampe gefertigt. Die Griffe aus Titan sind ergonomisch gebogen und schlagen in der N\u00e4he des Griffendes aus, um einen sicheren, komfortablen Griff zu gew\u00e4hrleisten. Dies ist der ideale EDC, wenn Ihr t\u00e4gliches Leben mehr als nur ein wenig h\u00e4rter ist oder wenn Sie nach etwas anderem als dem Normalen suchen. Hergestellt in Taiwan.     <\/p>\n<\/div>\n<div class=\"specifications\">\n<div class=\"specs\">\n<h3 class=\"specificationsPDP\">Spezifikationen<\/h3>\n<ul>\n<li>Klingenl\u00e4nge: 3.625&#8243;.<\/li>\n<li>Schnittkante: 3.50&#8243;.<\/li>\n<li>Geschlossene L\u00e4nge: 4.875&#8243;.<\/li>\n<li>Gesamtl\u00e4nge: 8.50&#8243;.<\/li>\n<li>Klingenmaterial: D2 Tool Steel<\/li>\n<li>Blattdicke: 0.200&#8243;.<\/li>\n<li>Blade Style: Sheepsfoot<\/li>\n<li>Blade Grind: Hollow<\/li>\n<li>Blade Finish: Black Stonewash<\/li>\n<li>Material des Griffs: Milled Titanium<\/li>\n<li>Handle Thickness: 0.54&#8243; (Dicke des Griffs)<\/li>\n<li>Locking Mechanism: Rahmen<\/li>\n<li>Pivot Assembly: Bearings<\/li>\n<li>Pocket Clip: Titanium (Tip-Up, Right Carry)<\/li>\n<li>Gewicht: 6.2 oz.<\/li>\n<li>Designer: Robert Carter<\/li>\n<li>Titanium Backspacer<\/li>\n<li>Made in Taiwan<\/li>\n<\/ul>\n<\/div>\n<\/div>\n","protected":false},"excerpt":{"rendered":"<div class=\"description\">\n<p>Entworfen von Robert Carter, dem Sohn des langj\u00e4hrigen Designers der Ontario Knife Company Joe Pardue (und Gro\u00dfonkel von Mel Pardue), ist der overbuilt Carter 2quared ein hochwertiges Faltmesser, das sich perfekt f\u00fcr den harten Einsatz eignet. Dieser Flipper verf\u00fcgt \u00fcber eine glatte Aktion, einen festen Verschluss und eine interessante Optik, die einen sehr ergonomischen Griff bietet. Die robuste 3,625&#8243; Sheepsfoot Klinge ist aus D2 Werkzeugstahl mit einer schwarz gestonewashed Oberfl\u00e4che und einer ausgezeichneten Daumenrampe gefertigt. Die Griffe aus Titan sind ergonomisch gebogen und schlagen in der N\u00e4he des Griffendes aus, um einen sicheren, komfortablen Griff zu gew\u00e4hrleisten. Dies ist der ideale EDC, wenn Ihr t\u00e4gliches Leben mehr als nur ein wenig h\u00e4rter ist oder wenn Sie nach etwas anderem als dem Normalen suchen. Hergestellt in Taiwan.     <\/p>\n<\/div>\n<div class=\"specifications\">\n<div class=\"specs\">\n<h3 class=\"specificationsPDP\">Spezifikationen<\/h3>\n<ul>\n<li>Klingenl\u00e4nge: 3.625&#8243;.<\/li>\n<li>Schnittkante: 3.50&#8243;.<\/li>\n<li>Geschlossene L\u00e4nge: 4.875&#8243;.<\/li>\n<li>Gesamtl\u00e4nge: 8.50&#8243;.<\/li>\n<li>Klingenmaterial: D2 Tool Steel<\/li>\n<li>Blattdicke: 0.200&#8243;.<\/li>\n<li>Blade Style: Sheepsfoot<\/li>\n<li>Blade Grind: Hollow<\/li>\n<li>Blade Finish: Black Stonewash<\/li>\n<li>Material des Griffs: Milled Titanium<\/li>\n<li>Handle Thickness: 0.54&#8243; (Dicke des Griffs)<\/li>\n<li>Locking Mechanism: Rahmen<\/li>\n<li>Pivot Assembly: Bearings<\/li>\n<li>Pocket Clip: Titanium (Tip-Up, Right Carry)<\/li>\n<li>Gewicht: 6.2 oz.<\/li>\n<li>Designer: Robert Carter<\/li>\n<li>Titanium Backspacer<\/li>\n<li>Made in Taiwan<\/li>\n<\/ul>\n<\/div>\n<\/div>\n","protected":false},"featured_media":32647,"template":"","meta":{"_et_pb_use_builder":"","_et_pb_old_content":"","_et_gb_content_width":""},"product_brand":[],"product_cat":[72,73],"product_tag":[],"class_list":{"0":"post-35388","1":"product","2":"type-product","3":"status-publish","4":"has-post-thumbnail","6":"product_cat-messer","7":"product_cat-zusammenklappbare-messer","9":"first","10":"instock","11":"shipping-taxable","12":"purchasable","13":"product-type-simple"},"yoast_head":"<!-- This site is optimized with the Yoast SEO Premium plugin v24.7 (Yoast SEO v27.5) - https:\/\/yoast.com\/product\/yoast-seo-premium-wordpress\/ -->\n<title>ONTARIO Carter - Armurerie Richert<\/title>\n<meta name=\"description\" content=\"Das ONTARIO Carter 2quared Klappmesser wurde von dem ber\u00fchmten Robert Carter entworfen und ist der perfekte Partner f\u00fcr harte Arbeit. Seine fl\u00fcssige Aktion und das ergonomische Design sorgen f\u00fcr ein unvergleichliches Schneideerlebnis.\" \/>\n<meta name=\"robots\" content=\"index, follow, max-snippet:-1, max-image-preview:large, max-video-preview:-1\" \/>\n<link rel=\"canonical\" href=\"https:\/\/armurerie-richert.ch\/de\/produit\/ontario-carter\/\" \/>\n<meta property=\"og:locale\" content=\"de_DE\" \/>\n<meta property=\"og:type\" content=\"article\" \/>\n<meta property=\"og:title\" content=\"ONTARIO Carter\" \/>\n<meta property=\"og:description\" content=\"Das ONTARIO Carter 2quared Klappmesser wurde von dem ber\u00fchmten Robert Carter entworfen und ist der perfekte Partner f\u00fcr harte Arbeit. Seine fl\u00fcssige Aktion und das ergonomische Design sorgen f\u00fcr ein unvergleichliches Schneideerlebnis.\" \/>\n<meta property=\"og:url\" content=\"https:\/\/armurerie-richert.ch\/de\/produit\/ontario-carter\/\" \/>\n<meta property=\"og:site_name\" content=\"Armurerie Richert\" \/>\n<meta property=\"article:publisher\" content=\"https:\/\/www.facebook.com\/profile.php?id=100023920014088\" \/>\n<meta property=\"og:image\" content=\"https:\/\/armurerie-richert.ch\/wp-content\/uploads\/2023\/11\/Ontario-Carter.jpg\" \/>\n\t<meta property=\"og:image:width\" content=\"1920\" \/>\n\t<meta property=\"og:image:height\" content=\"1920\" \/>\n\t<meta property=\"og:image:type\" content=\"image\/jpeg\" \/>\n<meta name=\"twitter:card\" content=\"summary_large_image\" \/>\n<meta name=\"twitter:label1\" content=\"Preis\" \/>\n\t<meta name=\"twitter:data1\" content=\"&#067;&#072;&#070;&nbsp;140.00\" \/>\n\t<meta name=\"twitter:label2\" content=\"Verf\u00fcgbarkeit\" \/>\n\t<meta name=\"twitter:data2\" content=\"Auf Lager\" \/>\n<script type=\"application\/ld+json\" class=\"yoast-schema-graph\">{\"@context\":\"https:\\\/\\\/schema.org\",\"@graph\":[{\"@type\":\"WebPage\",\"@id\":\"https:\\\/\\\/armurerie-richert.ch\\\/de\\\/produit\\\/ontario-carter\\\/\",\"url\":\"https:\\\/\\\/armurerie-richert.ch\\\/de\\\/produit\\\/ontario-carter\\\/\",\"name\":\"ONTARIO Carter - Armurerie Richert\",\"isPartOf\":{\"@id\":\"https:\\\/\\\/armurerie-richert.ch\\\/de\\\/#website\"},\"primaryImageOfPage\":{\"@id\":\"https:\\\/\\\/armurerie-richert.ch\\\/de\\\/produit\\\/ontario-carter\\\/#primaryimage\"},\"image\":{\"@id\":\"https:\\\/\\\/armurerie-richert.ch\\\/de\\\/produit\\\/ontario-carter\\\/#primaryimage\"},\"thumbnailUrl\":\"https:\\\/\\\/armurerie-richert.ch\\\/wp-content\\\/uploads\\\/2023\\\/11\\\/Ontario-Carter.jpg\",\"datePublished\":\"2023-11-05T20:36:53+00:00\",\"description\":\"Das ONTARIO Carter 2quared Klappmesser wurde von dem ber\u00fchmten Robert Carter entworfen und ist der perfekte Partner f\u00fcr harte Arbeit. Seine fl\u00fcssige Aktion und das ergonomische Design sorgen f\u00fcr ein unvergleichliches Schneideerlebnis.\",\"breadcrumb\":{\"@id\":\"https:\\\/\\\/armurerie-richert.ch\\\/de\\\/produit\\\/ontario-carter\\\/#breadcrumb\"},\"inLanguage\":\"de\",\"potentialAction\":[{\"@type\":\"ReadAction\",\"target\":[\"https:\\\/\\\/armurerie-richert.ch\\\/de\\\/produit\\\/ontario-carter\\\/\"]}]},{\"@type\":\"ImageObject\",\"inLanguage\":\"de\",\"@id\":\"https:\\\/\\\/armurerie-richert.ch\\\/de\\\/produit\\\/ontario-carter\\\/#primaryimage\",\"url\":\"https:\\\/\\\/armurerie-richert.ch\\\/wp-content\\\/uploads\\\/2023\\\/11\\\/Ontario-Carter.jpg\",\"contentUrl\":\"https:\\\/\\\/armurerie-richert.ch\\\/wp-content\\\/uploads\\\/2023\\\/11\\\/Ontario-Carter.jpg\",\"width\":1920,\"height\":1920},{\"@type\":\"BreadcrumbList\",\"@id\":\"https:\\\/\\\/armurerie-richert.ch\\\/de\\\/produit\\\/ontario-carter\\\/#breadcrumb\",\"itemListElement\":[{\"@type\":\"ListItem\",\"position\":1,\"name\":\"Accueil\",\"item\":\"https:\\\/\\\/armurerie-richert.ch\\\/de\\\/startseite\\\/\"},{\"@type\":\"ListItem\",\"position\":2,\"name\":\"Shop\",\"item\":\"https:\\\/\\\/armurerie-richert.ch\\\/de\\\/shop\\\/\"},{\"@type\":\"ListItem\",\"position\":3,\"name\":\"ONTARIO Carter\"}]},{\"@type\":\"WebSite\",\"@id\":\"https:\\\/\\\/armurerie-richert.ch\\\/de\\\/#website\",\"url\":\"https:\\\/\\\/armurerie-richert.ch\\\/de\\\/\",\"name\":\"Armurerie Richert\",\"description\":\"\",\"publisher\":{\"@id\":\"https:\\\/\\\/armurerie-richert.ch\\\/de\\\/#organization\"},\"potentialAction\":[{\"@type\":\"SearchAction\",\"target\":{\"@type\":\"EntryPoint\",\"urlTemplate\":\"https:\\\/\\\/armurerie-richert.ch\\\/de\\\/?s={search_term_string}\"},\"query-input\":{\"@type\":\"PropertyValueSpecification\",\"valueRequired\":true,\"valueName\":\"search_term_string\"}}],\"inLanguage\":\"de\"},{\"@type\":\"Organization\",\"@id\":\"https:\\\/\\\/armurerie-richert.ch\\\/de\\\/#organization\",\"name\":\"Armurerie Richert\",\"url\":\"https:\\\/\\\/armurerie-richert.ch\\\/de\\\/\",\"logo\":{\"@type\":\"ImageObject\",\"inLanguage\":\"de\",\"@id\":\"https:\\\/\\\/armurerie-richert.ch\\\/de\\\/#\\\/schema\\\/logo\\\/image\\\/\",\"url\":\"https:\\\/\\\/armurerie-richert.ch\\\/wp-content\\\/uploads\\\/2023\\\/11\\\/Armurerie-Richert-Logo-300px.png\",\"contentUrl\":\"https:\\\/\\\/armurerie-richert.ch\\\/wp-content\\\/uploads\\\/2023\\\/11\\\/Armurerie-Richert-Logo-300px.png\",\"width\":300,\"height\":73,\"caption\":\"Armurerie Richert\"},\"image\":{\"@id\":\"https:\\\/\\\/armurerie-richert.ch\\\/de\\\/#\\\/schema\\\/logo\\\/image\\\/\"},\"sameAs\":[\"https:\\\/\\\/www.facebook.com\\\/profile.php?id=100023920014088\"]}]}<\/script>\n<meta property=\"product:price:amount\" content=\"140.00\" \/>\n<meta property=\"product:price:currency\" content=\"CHF\" \/>\n<meta property=\"og:availability\" content=\"instock\" \/>\n<meta property=\"product:availability\" content=\"instock\" \/>\n<meta property=\"product:condition\" content=\"new\" \/>\n<!-- \/ Yoast SEO Premium plugin. -->","yoast_head_json":{"title":"ONTARIO Carter - Armurerie Richert","description":"Das ONTARIO Carter 2quared Klappmesser wurde von dem ber\u00fchmten Robert Carter entworfen und ist der perfekte Partner f\u00fcr harte Arbeit. Seine fl\u00fcssige Aktion und das ergonomische Design sorgen f\u00fcr ein unvergleichliches Schneideerlebnis.","robots":{"index":"index","follow":"follow","max-snippet":"max-snippet:-1","max-image-preview":"max-image-preview:large","max-video-preview":"max-video-preview:-1"},"canonical":"https:\/\/armurerie-richert.ch\/de\/produit\/ontario-carter\/","og_locale":"de_DE","og_type":"article","og_title":"ONTARIO Carter","og_description":"Das ONTARIO Carter 2quared Klappmesser wurde von dem ber\u00fchmten Robert Carter entworfen und ist der perfekte Partner f\u00fcr harte Arbeit. Seine fl\u00fcssige Aktion und das ergonomische Design sorgen f\u00fcr ein unvergleichliches Schneideerlebnis.","og_url":"https:\/\/armurerie-richert.ch\/de\/produit\/ontario-carter\/","og_site_name":"Armurerie Richert","article_publisher":"https:\/\/www.facebook.com\/profile.php?id=100023920014088","og_image":[{"width":1920,"height":1920,"url":"https:\/\/armurerie-richert.ch\/wp-content\/uploads\/2023\/11\/Ontario-Carter.jpg","type":"image\/jpeg"}],"twitter_card":"summary_large_image","twitter_misc":{"Preis":"&#67;&#72;&#70;&nbsp;140.00","Verf\u00fcgbarkeit":"Auf Lager"},"schema":{"@context":"https:\/\/schema.org","@graph":[{"@type":"WebPage","@id":"https:\/\/armurerie-richert.ch\/de\/produit\/ontario-carter\/","url":"https:\/\/armurerie-richert.ch\/de\/produit\/ontario-carter\/","name":"ONTARIO Carter - Armurerie Richert","isPartOf":{"@id":"https:\/\/armurerie-richert.ch\/de\/#website"},"primaryImageOfPage":{"@id":"https:\/\/armurerie-richert.ch\/de\/produit\/ontario-carter\/#primaryimage"},"image":{"@id":"https:\/\/armurerie-richert.ch\/de\/produit\/ontario-carter\/#primaryimage"},"thumbnailUrl":"https:\/\/armurerie-richert.ch\/wp-content\/uploads\/2023\/11\/Ontario-Carter.jpg","datePublished":"2023-11-05T20:36:53+00:00","description":"Das ONTARIO Carter 2quared Klappmesser wurde von dem ber\u00fchmten Robert Carter entworfen und ist der perfekte Partner f\u00fcr harte Arbeit. Seine fl\u00fcssige Aktion und das ergonomische Design sorgen f\u00fcr ein unvergleichliches Schneideerlebnis.","breadcrumb":{"@id":"https:\/\/armurerie-richert.ch\/de\/produit\/ontario-carter\/#breadcrumb"},"inLanguage":"de","potentialAction":[{"@type":"ReadAction","target":["https:\/\/armurerie-richert.ch\/de\/produit\/ontario-carter\/"]}]},{"@type":"ImageObject","inLanguage":"de","@id":"https:\/\/armurerie-richert.ch\/de\/produit\/ontario-carter\/#primaryimage","url":"https:\/\/armurerie-richert.ch\/wp-content\/uploads\/2023\/11\/Ontario-Carter.jpg","contentUrl":"https:\/\/armurerie-richert.ch\/wp-content\/uploads\/2023\/11\/Ontario-Carter.jpg","width":1920,"height":1920},{"@type":"BreadcrumbList","@id":"https:\/\/armurerie-richert.ch\/de\/produit\/ontario-carter\/#breadcrumb","itemListElement":[{"@type":"ListItem","position":1,"name":"Accueil","item":"https:\/\/armurerie-richert.ch\/de\/startseite\/"},{"@type":"ListItem","position":2,"name":"Shop","item":"https:\/\/armurerie-richert.ch\/de\/shop\/"},{"@type":"ListItem","position":3,"name":"ONTARIO Carter"}]},{"@type":"WebSite","@id":"https:\/\/armurerie-richert.ch\/de\/#website","url":"https:\/\/armurerie-richert.ch\/de\/","name":"Armurerie Richert","description":"","publisher":{"@id":"https:\/\/armurerie-richert.ch\/de\/#organization"},"potentialAction":[{"@type":"SearchAction","target":{"@type":"EntryPoint","urlTemplate":"https:\/\/armurerie-richert.ch\/de\/?s={search_term_string}"},"query-input":{"@type":"PropertyValueSpecification","valueRequired":true,"valueName":"search_term_string"}}],"inLanguage":"de"},{"@type":"Organization","@id":"https:\/\/armurerie-richert.ch\/de\/#organization","name":"Armurerie Richert","url":"https:\/\/armurerie-richert.ch\/de\/","logo":{"@type":"ImageObject","inLanguage":"de","@id":"https:\/\/armurerie-richert.ch\/de\/#\/schema\/logo\/image\/","url":"https:\/\/armurerie-richert.ch\/wp-content\/uploads\/2023\/11\/Armurerie-Richert-Logo-300px.png","contentUrl":"https:\/\/armurerie-richert.ch\/wp-content\/uploads\/2023\/11\/Armurerie-Richert-Logo-300px.png","width":300,"height":73,"caption":"Armurerie Richert"},"image":{"@id":"https:\/\/armurerie-richert.ch\/de\/#\/schema\/logo\/image\/"},"sameAs":["https:\/\/www.facebook.com\/profile.php?id=100023920014088"]}]},"product_price_amount":"140.00","product_price_currency":"CHF","og_availability":"instock","product_availability":"instock","product_condition":"new"},"_links":{"self":[{"href":"https:\/\/armurerie-richert.ch\/de\/wp-json\/wp\/v2\/product\/35388","targetHints":{"allow":["GET"]}}],"collection":[{"href":"https:\/\/armurerie-richert.ch\/de\/wp-json\/wp\/v2\/product"}],"about":[{"href":"https:\/\/armurerie-richert.ch\/de\/wp-json\/wp\/v2\/types\/product"}],"wp:featuredmedia":[{"embeddable":true,"href":"https:\/\/armurerie-richert.ch\/de\/wp-json\/wp\/v2\/media\/32647"}],"wp:attachment":[{"href":"https:\/\/armurerie-richert.ch\/de\/wp-json\/wp\/v2\/media?parent=35388"}],"wp:term":[{"taxonomy":"product_brand","embeddable":true,"href":"https:\/\/armurerie-richert.ch\/de\/wp-json\/wp\/v2\/product_brand?post=35388"},{"taxonomy":"product_cat","embeddable":true,"href":"https:\/\/armurerie-richert.ch\/de\/wp-json\/wp\/v2\/product_cat?post=35388"},{"taxonomy":"product_tag","embeddable":true,"href":"https:\/\/armurerie-richert.ch\/de\/wp-json\/wp\/v2\/product_tag?post=35388"}],"curies":[{"name":"wp","href":"https:\/\/api.w.org\/{rel}","templated":true}]}}