{"id":35393,"date":"2023-11-05T20:16:52","date_gmt":"2023-11-05T19:16:52","guid":{"rendered":"https:\/\/armurerie-richert.ch\/produit\/zt-large-sinkevich-zt0452\/"},"modified":"2023-11-05T20:16:52","modified_gmt":"2023-11-05T19:16:52","slug":"zt-large-sinkevich-zt0452","status":"publish","type":"product","link":"https:\/\/armurerie-richert.ch\/de\/produit\/zt-large-sinkevich-zt0452\/","title":{"rendered":"ZT Large Sinkevich ZT0452"},"content":{"rendered":"<h3>ZT Large Sinkevich ZT0452<\/h3>\n<table id=\"product-attribute-specs-table\" class=\"data table additional-attributes\">\n<tbody>\n<tr>\n<th class=\"col label\" scope=\"row\">Brand<\/th>\n<td class=\"col data\" data-th=\"Brand\">Zero Tolerance<\/td>\n<\/tr>\n<tr>\n<th class=\"col label\" scope=\"row\">Farbe<\/th>\n<td class=\"col data\" data-th=\"Color\">Schwarz<\/td>\n<\/tr>\n<tr>\n<th class=\"col label\" scope=\"row\">Features<\/th>\n<td class=\"col data\" data-th=\"Features\">Erweiterter Tang, Taschenclip, Lanyardloch<\/td>\n<\/tr>\n<tr>\n<th class=\"col label\" scope=\"row\">Lock Type<\/th>\n<td class=\"col data\" data-th=\"Lock Type\">Framelock<\/td>\n<\/tr>\n<tr>\n<th class=\"col label\" scope=\"row\">Klingenmaterial<\/th>\n<td class=\"col data\" data-th=\"Blade Material\">S35VN Stahl<\/td>\n<\/tr>\n<tr>\n<th class=\"col label\" scope=\"row\">Klingenfarbe<\/th>\n<td class=\"col data\" data-th=\"Blade Color\">two-tone<\/td>\n<\/tr>\n<tr>\n<th class=\"col label\" scope=\"row\">Blade Finish<\/th>\n<td class=\"col data\" data-th=\"Blade Finish\">finish<\/td>\n<\/tr>\n<tr>\n<th class=\"col label\" scope=\"row\">Klingenl\u00e4nge<\/th>\n<td class=\"col data\" data-th=\"Blade Length\">4.00 in<\/td>\n<\/tr>\n<tr>\n<th class=\"col label\" scope=\"row\">Geschlossene L\u00e4nge<\/th>\n<td class=\"col data\" data-th=\"Closed Length\">5.13 in<\/td>\n<\/tr>\n<\/tbody>\n<\/table>\n","protected":false},"excerpt":{"rendered":"<table id=\"product-attribute-specs-table\" class=\"data table additional-attributes\">\n<tbody>\n<tr>\n<th class=\"col label\" scope=\"row\">Brand<\/th>\n<td class=\"col data\" data-th=\"Brand\">Zero Tolerance<\/td>\n<\/tr>\n<tr>\n<th class=\"col label\" scope=\"row\">Farbe<\/th>\n<td class=\"col data\" data-th=\"Color\">Schwarz<\/td>\n<\/tr>\n<tr>\n<th class=\"col label\" scope=\"row\">Features<\/th>\n<td class=\"col data\" data-th=\"Features\">Erweiterter Tang, Taschenclip, Lanyardloch<\/td>\n<\/tr>\n<tr>\n<th class=\"col label\" scope=\"row\">Lock Type<\/th>\n<td class=\"col data\" data-th=\"Lock Type\">Framelock<\/td>\n<\/tr>\n<tr>\n<th class=\"col label\" scope=\"row\">Klingenmaterial<\/th>\n<td class=\"col data\" data-th=\"Blade Material\">S35VN Stahl<\/td>\n<\/tr>\n<tr>\n<th class=\"col label\" scope=\"row\">Klingenfarbe<\/th>\n<td class=\"col data\" data-th=\"Blade Color\">two-tone<\/td>\n<\/tr>\n<tr>\n<th class=\"col label\" scope=\"row\">Blade Finish<\/th>\n<td class=\"col data\" data-th=\"Blade Finish\">finish<\/td>\n<\/tr>\n<tr>\n<th class=\"col label\" scope=\"row\">Klingenl\u00e4nge<\/th>\n<td class=\"col data\" data-th=\"Blade Length\">4.00 in<\/td>\n<\/tr>\n<tr>\n<th class=\"col label\" scope=\"row\">Geschlossene L\u00e4nge<\/th>\n<td class=\"col data\" data-th=\"Closed Length\">5.13 in<\/td>\n<\/tr>\n<\/tbody>\n<\/table>\n","protected":false},"featured_media":32638,"template":"","meta":{"_et_pb_use_builder":"","_et_pb_old_content":"","_et_gb_content_width":""},"product_brand":[],"product_cat":[72,74],"product_tag":[],"class_list":{"0":"post-35393","1":"product","2":"type-product","3":"status-publish","4":"has-post-thumbnail","6":"product_cat-messer","7":"product_cat-zero-tolerance-messer","9":"first","10":"instock","11":"shipping-taxable","12":"purchasable","13":"product-type-simple"},"yoast_head":"<!-- This site is optimized with the Yoast SEO Premium plugin v24.7 (Yoast SEO v27.4) - https:\/\/yoast.com\/product\/yoast-seo-premium-wordpress\/ -->\n<title>ZT Large Sinkevich ZT0452 - Armurerie Richert<\/title>\n<meta name=\"description\" content=\"Genie\u00dfen Sie die hohe Qualit\u00e4t und Haltbarkeit des Zero Tolerance ZT0452 Large Sinkevich Messers. F\u00fcgen Sie Ihrem t\u00e4glichen Leben einen zuverl\u00e4ssigen Begleiter hinzu.\" \/>\n<meta name=\"robots\" content=\"index, follow, max-snippet:-1, max-image-preview:large, max-video-preview:-1\" \/>\n<link rel=\"canonical\" href=\"https:\/\/armurerie-richert.ch\/de\/produit\/zt-large-sinkevich-zt0452\/\" \/>\n<meta property=\"og:locale\" content=\"de_DE\" \/>\n<meta property=\"og:type\" content=\"article\" \/>\n<meta property=\"og:title\" content=\"ZT Large Sinkevich ZT0452\" \/>\n<meta property=\"og:description\" content=\"Genie\u00dfen Sie die hohe Qualit\u00e4t und Haltbarkeit des Zero Tolerance ZT0452 Large Sinkevich Messers. F\u00fcgen Sie Ihrem t\u00e4glichen Leben einen zuverl\u00e4ssigen Begleiter hinzu.\" \/>\n<meta property=\"og:url\" content=\"https:\/\/armurerie-richert.ch\/de\/produit\/zt-large-sinkevich-zt0452\/\" \/>\n<meta property=\"og:site_name\" content=\"Armurerie Richert\" \/>\n<meta property=\"article:publisher\" content=\"https:\/\/www.facebook.com\/profile.php?id=100023920014088\" \/>\n<meta property=\"og:image\" content=\"https:\/\/armurerie-richert.ch\/wp-content\/uploads\/2023\/11\/large-Sinkevich-ZT0452CF.jpg\" \/>\n\t<meta property=\"og:image:width\" content=\"941\" \/>\n\t<meta property=\"og:image:height\" content=\"941\" \/>\n\t<meta property=\"og:image:type\" content=\"image\/jpeg\" \/>\n<meta name=\"twitter:card\" content=\"summary_large_image\" \/>\n<meta name=\"twitter:label1\" content=\"Preis\" \/>\n\t<meta name=\"twitter:data1\" content=\"&#067;&#072;&#070;&nbsp;280.00\" \/>\n\t<meta name=\"twitter:label2\" content=\"Verf\u00fcgbarkeit\" \/>\n\t<meta name=\"twitter:data2\" content=\"Auf Lager\" \/>\n<script type=\"application\/ld+json\" class=\"yoast-schema-graph\">{\"@context\":\"https:\\\/\\\/schema.org\",\"@graph\":[{\"@type\":\"WebPage\",\"@id\":\"https:\\\/\\\/armurerie-richert.ch\\\/de\\\/produit\\\/zt-large-sinkevich-zt0452\\\/\",\"url\":\"https:\\\/\\\/armurerie-richert.ch\\\/de\\\/produit\\\/zt-large-sinkevich-zt0452\\\/\",\"name\":\"ZT Large Sinkevich ZT0452 - Armurerie Richert\",\"isPartOf\":{\"@id\":\"https:\\\/\\\/armurerie-richert.ch\\\/de\\\/#website\"},\"primaryImageOfPage\":{\"@id\":\"https:\\\/\\\/armurerie-richert.ch\\\/de\\\/produit\\\/zt-large-sinkevich-zt0452\\\/#primaryimage\"},\"image\":{\"@id\":\"https:\\\/\\\/armurerie-richert.ch\\\/de\\\/produit\\\/zt-large-sinkevich-zt0452\\\/#primaryimage\"},\"thumbnailUrl\":\"https:\\\/\\\/armurerie-richert.ch\\\/wp-content\\\/uploads\\\/2023\\\/11\\\/large-Sinkevich-ZT0452CF.jpg\",\"datePublished\":\"2023-11-05T19:16:52+00:00\",\"description\":\"Genie\u00dfen Sie die hohe Qualit\u00e4t und Haltbarkeit des Zero Tolerance ZT0452 Large Sinkevich Messers. F\u00fcgen Sie Ihrem t\u00e4glichen Leben einen zuverl\u00e4ssigen Begleiter hinzu.\",\"breadcrumb\":{\"@id\":\"https:\\\/\\\/armurerie-richert.ch\\\/de\\\/produit\\\/zt-large-sinkevich-zt0452\\\/#breadcrumb\"},\"inLanguage\":\"de\",\"potentialAction\":[{\"@type\":\"ReadAction\",\"target\":[\"https:\\\/\\\/armurerie-richert.ch\\\/de\\\/produit\\\/zt-large-sinkevich-zt0452\\\/\"]}]},{\"@type\":\"ImageObject\",\"inLanguage\":\"de\",\"@id\":\"https:\\\/\\\/armurerie-richert.ch\\\/de\\\/produit\\\/zt-large-sinkevich-zt0452\\\/#primaryimage\",\"url\":\"https:\\\/\\\/armurerie-richert.ch\\\/wp-content\\\/uploads\\\/2023\\\/11\\\/large-Sinkevich-ZT0452CF.jpg\",\"contentUrl\":\"https:\\\/\\\/armurerie-richert.ch\\\/wp-content\\\/uploads\\\/2023\\\/11\\\/large-Sinkevich-ZT0452CF.jpg\",\"width\":941,\"height\":941},{\"@type\":\"BreadcrumbList\",\"@id\":\"https:\\\/\\\/armurerie-richert.ch\\\/de\\\/produit\\\/zt-large-sinkevich-zt0452\\\/#breadcrumb\",\"itemListElement\":[{\"@type\":\"ListItem\",\"position\":1,\"name\":\"Accueil\",\"item\":\"https:\\\/\\\/armurerie-richert.ch\\\/de\\\/startseite\\\/\"},{\"@type\":\"ListItem\",\"position\":2,\"name\":\"Shop\",\"item\":\"https:\\\/\\\/armurerie-richert.ch\\\/de\\\/shop\\\/\"},{\"@type\":\"ListItem\",\"position\":3,\"name\":\"ZT Large Sinkevich ZT0452\"}]},{\"@type\":\"WebSite\",\"@id\":\"https:\\\/\\\/armurerie-richert.ch\\\/de\\\/#website\",\"url\":\"https:\\\/\\\/armurerie-richert.ch\\\/de\\\/\",\"name\":\"Armurerie Richert\",\"description\":\"\",\"publisher\":{\"@id\":\"https:\\\/\\\/armurerie-richert.ch\\\/de\\\/#organization\"},\"potentialAction\":[{\"@type\":\"SearchAction\",\"target\":{\"@type\":\"EntryPoint\",\"urlTemplate\":\"https:\\\/\\\/armurerie-richert.ch\\\/de\\\/?s={search_term_string}\"},\"query-input\":{\"@type\":\"PropertyValueSpecification\",\"valueRequired\":true,\"valueName\":\"search_term_string\"}}],\"inLanguage\":\"de\"},{\"@type\":\"Organization\",\"@id\":\"https:\\\/\\\/armurerie-richert.ch\\\/de\\\/#organization\",\"name\":\"Armurerie Richert\",\"url\":\"https:\\\/\\\/armurerie-richert.ch\\\/de\\\/\",\"logo\":{\"@type\":\"ImageObject\",\"inLanguage\":\"de\",\"@id\":\"https:\\\/\\\/armurerie-richert.ch\\\/de\\\/#\\\/schema\\\/logo\\\/image\\\/\",\"url\":\"https:\\\/\\\/armurerie-richert.ch\\\/wp-content\\\/uploads\\\/2023\\\/11\\\/Armurerie-Richert-Logo-300px.png\",\"contentUrl\":\"https:\\\/\\\/armurerie-richert.ch\\\/wp-content\\\/uploads\\\/2023\\\/11\\\/Armurerie-Richert-Logo-300px.png\",\"width\":300,\"height\":73,\"caption\":\"Armurerie Richert\"},\"image\":{\"@id\":\"https:\\\/\\\/armurerie-richert.ch\\\/de\\\/#\\\/schema\\\/logo\\\/image\\\/\"},\"sameAs\":[\"https:\\\/\\\/www.facebook.com\\\/profile.php?id=100023920014088\"]}]}<\/script>\n<meta property=\"product:price:amount\" content=\"280.00\" \/>\n<meta property=\"product:price:currency\" content=\"CHF\" \/>\n<meta property=\"og:availability\" content=\"instock\" \/>\n<meta property=\"product:availability\" content=\"instock\" \/>\n<meta property=\"product:condition\" content=\"new\" \/>\n<!-- \/ Yoast SEO Premium plugin. -->","yoast_head_json":{"title":"ZT Large Sinkevich ZT0452 - Armurerie Richert","description":"Genie\u00dfen Sie die hohe Qualit\u00e4t und Haltbarkeit des Zero Tolerance ZT0452 Large Sinkevich Messers. F\u00fcgen Sie Ihrem t\u00e4glichen Leben einen zuverl\u00e4ssigen Begleiter hinzu.","robots":{"index":"index","follow":"follow","max-snippet":"max-snippet:-1","max-image-preview":"max-image-preview:large","max-video-preview":"max-video-preview:-1"},"canonical":"https:\/\/armurerie-richert.ch\/de\/produit\/zt-large-sinkevich-zt0452\/","og_locale":"de_DE","og_type":"article","og_title":"ZT Large Sinkevich ZT0452","og_description":"Genie\u00dfen Sie die hohe Qualit\u00e4t und Haltbarkeit des Zero Tolerance ZT0452 Large Sinkevich Messers. F\u00fcgen Sie Ihrem t\u00e4glichen Leben einen zuverl\u00e4ssigen Begleiter hinzu.","og_url":"https:\/\/armurerie-richert.ch\/de\/produit\/zt-large-sinkevich-zt0452\/","og_site_name":"Armurerie Richert","article_publisher":"https:\/\/www.facebook.com\/profile.php?id=100023920014088","og_image":[{"width":941,"height":941,"url":"https:\/\/armurerie-richert.ch\/wp-content\/uploads\/2023\/11\/large-Sinkevich-ZT0452CF.jpg","type":"image\/jpeg"}],"twitter_card":"summary_large_image","twitter_misc":{"Preis":"&#67;&#72;&#70;&nbsp;280.00","Verf\u00fcgbarkeit":"Auf Lager"},"schema":{"@context":"https:\/\/schema.org","@graph":[{"@type":"WebPage","@id":"https:\/\/armurerie-richert.ch\/de\/produit\/zt-large-sinkevich-zt0452\/","url":"https:\/\/armurerie-richert.ch\/de\/produit\/zt-large-sinkevich-zt0452\/","name":"ZT Large Sinkevich ZT0452 - Armurerie Richert","isPartOf":{"@id":"https:\/\/armurerie-richert.ch\/de\/#website"},"primaryImageOfPage":{"@id":"https:\/\/armurerie-richert.ch\/de\/produit\/zt-large-sinkevich-zt0452\/#primaryimage"},"image":{"@id":"https:\/\/armurerie-richert.ch\/de\/produit\/zt-large-sinkevich-zt0452\/#primaryimage"},"thumbnailUrl":"https:\/\/armurerie-richert.ch\/wp-content\/uploads\/2023\/11\/large-Sinkevich-ZT0452CF.jpg","datePublished":"2023-11-05T19:16:52+00:00","description":"Genie\u00dfen Sie die hohe Qualit\u00e4t und Haltbarkeit des Zero Tolerance ZT0452 Large Sinkevich Messers. F\u00fcgen Sie Ihrem t\u00e4glichen Leben einen zuverl\u00e4ssigen Begleiter hinzu.","breadcrumb":{"@id":"https:\/\/armurerie-richert.ch\/de\/produit\/zt-large-sinkevich-zt0452\/#breadcrumb"},"inLanguage":"de","potentialAction":[{"@type":"ReadAction","target":["https:\/\/armurerie-richert.ch\/de\/produit\/zt-large-sinkevich-zt0452\/"]}]},{"@type":"ImageObject","inLanguage":"de","@id":"https:\/\/armurerie-richert.ch\/de\/produit\/zt-large-sinkevich-zt0452\/#primaryimage","url":"https:\/\/armurerie-richert.ch\/wp-content\/uploads\/2023\/11\/large-Sinkevich-ZT0452CF.jpg","contentUrl":"https:\/\/armurerie-richert.ch\/wp-content\/uploads\/2023\/11\/large-Sinkevich-ZT0452CF.jpg","width":941,"height":941},{"@type":"BreadcrumbList","@id":"https:\/\/armurerie-richert.ch\/de\/produit\/zt-large-sinkevich-zt0452\/#breadcrumb","itemListElement":[{"@type":"ListItem","position":1,"name":"Accueil","item":"https:\/\/armurerie-richert.ch\/de\/startseite\/"},{"@type":"ListItem","position":2,"name":"Shop","item":"https:\/\/armurerie-richert.ch\/de\/shop\/"},{"@type":"ListItem","position":3,"name":"ZT Large Sinkevich ZT0452"}]},{"@type":"WebSite","@id":"https:\/\/armurerie-richert.ch\/de\/#website","url":"https:\/\/armurerie-richert.ch\/de\/","name":"Armurerie Richert","description":"","publisher":{"@id":"https:\/\/armurerie-richert.ch\/de\/#organization"},"potentialAction":[{"@type":"SearchAction","target":{"@type":"EntryPoint","urlTemplate":"https:\/\/armurerie-richert.ch\/de\/?s={search_term_string}"},"query-input":{"@type":"PropertyValueSpecification","valueRequired":true,"valueName":"search_term_string"}}],"inLanguage":"de"},{"@type":"Organization","@id":"https:\/\/armurerie-richert.ch\/de\/#organization","name":"Armurerie Richert","url":"https:\/\/armurerie-richert.ch\/de\/","logo":{"@type":"ImageObject","inLanguage":"de","@id":"https:\/\/armurerie-richert.ch\/de\/#\/schema\/logo\/image\/","url":"https:\/\/armurerie-richert.ch\/wp-content\/uploads\/2023\/11\/Armurerie-Richert-Logo-300px.png","contentUrl":"https:\/\/armurerie-richert.ch\/wp-content\/uploads\/2023\/11\/Armurerie-Richert-Logo-300px.png","width":300,"height":73,"caption":"Armurerie Richert"},"image":{"@id":"https:\/\/armurerie-richert.ch\/de\/#\/schema\/logo\/image\/"},"sameAs":["https:\/\/www.facebook.com\/profile.php?id=100023920014088"]}]},"product_price_amount":"280.00","product_price_currency":"CHF","og_availability":"instock","product_availability":"instock","product_condition":"new"},"_links":{"self":[{"href":"https:\/\/armurerie-richert.ch\/de\/wp-json\/wp\/v2\/product\/35393","targetHints":{"allow":["GET"]}}],"collection":[{"href":"https:\/\/armurerie-richert.ch\/de\/wp-json\/wp\/v2\/product"}],"about":[{"href":"https:\/\/armurerie-richert.ch\/de\/wp-json\/wp\/v2\/types\/product"}],"wp:featuredmedia":[{"embeddable":true,"href":"https:\/\/armurerie-richert.ch\/de\/wp-json\/wp\/v2\/media\/32638"}],"wp:attachment":[{"href":"https:\/\/armurerie-richert.ch\/de\/wp-json\/wp\/v2\/media?parent=35393"}],"wp:term":[{"taxonomy":"product_brand","embeddable":true,"href":"https:\/\/armurerie-richert.ch\/de\/wp-json\/wp\/v2\/product_brand?post=35393"},{"taxonomy":"product_cat","embeddable":true,"href":"https:\/\/armurerie-richert.ch\/de\/wp-json\/wp\/v2\/product_cat?post=35393"},{"taxonomy":"product_tag","embeddable":true,"href":"https:\/\/armurerie-richert.ch\/de\/wp-json\/wp\/v2\/product_tag?post=35393"}],"curies":[{"name":"wp","href":"https:\/\/api.w.org\/{rel}","templated":true}]}}