{"id":35405,"date":"2023-11-05T17:18:58","date_gmt":"2023-11-05T16:18:58","guid":{"rendered":"https:\/\/armurerie-richert.ch\/produit\/night-fision-zielsystem-hoch\/"},"modified":"2023-11-05T17:18:58","modified_gmt":"2023-11-05T16:18:58","slug":"night-fision-zielsystem-hoch","status":"publish","type":"product","link":"https:\/\/armurerie-richert.ch\/de\/produit\/night-fision-zielsystem-hoch\/","title":{"rendered":"NIGHT FISION Zielsystem hoch"},"content":{"rendered":"<h3>NIGHT FISION Zielsystem hoch<\/h3>\n<p>Wenn es um Tritium-Gunlights geht, sind Aluminiumleder und lackierte wei\u00dfe Ringe die Norm. Night Fision bricht die Form, buchst\u00e4blich. Das patentierte, spritzgegossene Sleeve-Design h\u00e4lt nicht nur die Tritiumampullen sicher an ihrem Platz, sondern schafft auch einen helleren und haltbareren Ring, den sie The Perfect Dot\u2122 nennen, der sowohl Tag als auch Nacht maximale Sichtbarkeit bietet. <strong>Features<\/strong>:<br \/>\n&#8211; Brightest Tritium Night Sights on the market<br \/>\n&#8211; Domed lens collimates tritium rays for a sharper sight picture<br \/>\n&#8211; CNC Machined out of high quality steel<br \/>\n&#8211; Black Nitride coating used to improve wear and corrosion resistance<br \/>\n&#8211; Built in the USA with Swiss Tritium <strong>Blade Height Style:<br \/>\n<\/strong>Optics Ready Stealth are designed to be paired with pistol optics and offer approximately a lower 1\/3 co-witness.  <\/p>\n<p><strong>Empfohlene Optikpaare f\u00fcr ungef\u00e4hr weniger als 1\/3 Gleichgewichtsst\u00f6rungen:<\/strong><br \/>\n<strong>.290-.313:<\/strong> Holosun 507c, 407c, 508t, oder \u00e4hnliche Batteriepackh\u00f6henoptik \u00fcber ein direktes (gebohrtes) oder plattenmontiertes System. Bitte \u00fcberpr\u00fcfen Sie die Abmessungen der Klingenh\u00f6he sorgf\u00e4ltig, um sicherzustellen, dass die Klingen auf der von Ihnen gew\u00fcnschten H\u00f6he mitschwingen. <\/p>\n","protected":false},"excerpt":{"rendered":"<p>Wenn es um Tritium-Gunlights geht, sind Aluminiumleder und lackierte wei\u00dfe Ringe die Norm. Night Fision bricht die Form, buchst\u00e4blich. Das patentierte, spritzgegossene Sleeve-Design h\u00e4lt nicht nur die Tritiumampullen sicher an ihrem Platz, sondern schafft auch einen helleren und haltbareren Ring, den sie The Perfect Dot\u2122 nennen, der sowohl Tag als auch Nacht maximale Sichtbarkeit bietet. <strong>Features<\/strong>:<br \/>\n&#8211; Brightest Tritium Night Sights on the market<br \/>\n&#8211; Domed lens collimates tritium rays for a sharper sight picture<br \/>\n&#8211; CNC Machined out of high quality steel<br \/>\n&#8211; Black Nitride coating used to improve wear and corrosion resistance<br \/>\n&#8211; Built in the USA with Swiss Tritium <strong>Blade Height Style:<br \/>\n<\/strong>Optics Ready Stealth are designed to be paired with pistol optics and offer approximately a lower 1\/3 co-witness.  <\/p>\n<p><strong>Empfohlene Optikpaare f\u00fcr ungef\u00e4hr weniger als 1\/3 Gleichgewichtsst\u00f6rungen:<\/strong><br \/>\n<strong>.290-.313:<\/strong> Holosun 507c, 407c, 508t, oder \u00e4hnliche Batteriepackh\u00f6henoptik \u00fcber ein direktes (gebohrtes) oder plattenmontiertes System. Bitte \u00fcberpr\u00fcfen Sie die Abmessungen der Klingenh\u00f6he sorgf\u00e4ltig, um sicherzustellen, dass die Klingen auf der von Ihnen gew\u00fcnschten H\u00f6he mitschwingen. <\/p>\n","protected":false},"featured_media":32553,"template":"","meta":{"_et_pb_use_builder":"","_et_pb_old_content":"","_et_gb_content_width":""},"product_brand":[],"product_cat":[70,65],"product_tag":[],"class_list":{"0":"post-35405","1":"product","2":"type-product","3":"status-publish","4":"has-post-thumbnail","6":"product_cat-zubehor-fur-pistolen","7":"product_cat-zubehor-und-optik","9":"first","10":"instock","11":"shipping-taxable","12":"purchasable","13":"product-type-simple"},"yoast_head":"<!-- This site is optimized with the Yoast SEO Premium plugin v24.7 (Yoast SEO v27.5) - https:\/\/yoast.com\/product\/yoast-seo-premium-wordpress\/ -->\n<title>NIGHT FISION Zielsystem hoch - Armurerie Richert<\/title>\n<meta name=\"description\" content=\"Erh\u00f6hen Sie Ihre Treffsicherheit mit dem NIGHT FISION Visier-System. Die patentierte Technologie bietet maximale Sicht bei Tag und Nacht!\" \/>\n<meta name=\"robots\" content=\"index, follow, max-snippet:-1, max-image-preview:large, max-video-preview:-1\" \/>\n<link rel=\"canonical\" href=\"https:\/\/armurerie-richert.ch\/de\/produit\/night-fision-zielsystem-hoch\/\" \/>\n<meta property=\"og:locale\" content=\"de_DE\" \/>\n<meta property=\"og:type\" content=\"article\" \/>\n<meta property=\"og:title\" content=\"NIGHT FISION Zielsystem hoch\" \/>\n<meta property=\"og:description\" content=\"Erh\u00f6hen Sie Ihre Treffsicherheit mit dem NIGHT FISION Visier-System. Die patentierte Technologie bietet maximale Sicht bei Tag und Nacht!\" \/>\n<meta property=\"og:url\" content=\"https:\/\/armurerie-richert.ch\/de\/produit\/night-fision-zielsystem-hoch\/\" \/>\n<meta property=\"og:site_name\" content=\"Armurerie Richert\" \/>\n<meta property=\"article:publisher\" content=\"https:\/\/www.facebook.com\/profile.php?id=100023920014088\" \/>\n<meta property=\"og:image\" content=\"https:\/\/armurerie-richert.ch\/wp-content\/uploads\/2023\/11\/night-fision-optics-ready-stealth-tritium-night-sight-set-for-glock-orange-square-rear-3.jpg\" \/>\n\t<meta property=\"og:image:width\" content=\"1299\" \/>\n\t<meta property=\"og:image:height\" content=\"1299\" \/>\n\t<meta property=\"og:image:type\" content=\"image\/jpeg\" \/>\n<meta name=\"twitter:card\" content=\"summary_large_image\" \/>\n<meta name=\"twitter:label1\" content=\"Preis\" \/>\n\t<meta name=\"twitter:data1\" content=\"&#067;&#072;&#070;&nbsp;140.00\" \/>\n\t<meta name=\"twitter:label2\" content=\"Verf\u00fcgbarkeit\" \/>\n\t<meta name=\"twitter:data2\" content=\"Auf Lager\" \/>\n<script type=\"application\/ld+json\" class=\"yoast-schema-graph\">{\"@context\":\"https:\\\/\\\/schema.org\",\"@graph\":[{\"@type\":\"WebPage\",\"@id\":\"https:\\\/\\\/armurerie-richert.ch\\\/de\\\/produit\\\/night-fision-zielsystem-hoch\\\/\",\"url\":\"https:\\\/\\\/armurerie-richert.ch\\\/de\\\/produit\\\/night-fision-zielsystem-hoch\\\/\",\"name\":\"NIGHT FISION Zielsystem hoch - Armurerie Richert\",\"isPartOf\":{\"@id\":\"https:\\\/\\\/armurerie-richert.ch\\\/de\\\/#website\"},\"primaryImageOfPage\":{\"@id\":\"https:\\\/\\\/armurerie-richert.ch\\\/de\\\/produit\\\/night-fision-zielsystem-hoch\\\/#primaryimage\"},\"image\":{\"@id\":\"https:\\\/\\\/armurerie-richert.ch\\\/de\\\/produit\\\/night-fision-zielsystem-hoch\\\/#primaryimage\"},\"thumbnailUrl\":\"https:\\\/\\\/armurerie-richert.ch\\\/wp-content\\\/uploads\\\/2023\\\/11\\\/night-fision-optics-ready-stealth-tritium-night-sight-set-for-glock-orange-square-rear-3.jpg\",\"datePublished\":\"2023-11-05T16:18:58+00:00\",\"description\":\"Erh\u00f6hen Sie Ihre Treffsicherheit mit dem NIGHT FISION Visier-System. Die patentierte Technologie bietet maximale Sicht bei Tag und Nacht!\",\"breadcrumb\":{\"@id\":\"https:\\\/\\\/armurerie-richert.ch\\\/de\\\/produit\\\/night-fision-zielsystem-hoch\\\/#breadcrumb\"},\"inLanguage\":\"de\",\"potentialAction\":[{\"@type\":\"ReadAction\",\"target\":[\"https:\\\/\\\/armurerie-richert.ch\\\/de\\\/produit\\\/night-fision-zielsystem-hoch\\\/\"]}]},{\"@type\":\"ImageObject\",\"inLanguage\":\"de\",\"@id\":\"https:\\\/\\\/armurerie-richert.ch\\\/de\\\/produit\\\/night-fision-zielsystem-hoch\\\/#primaryimage\",\"url\":\"https:\\\/\\\/armurerie-richert.ch\\\/wp-content\\\/uploads\\\/2023\\\/11\\\/night-fision-optics-ready-stealth-tritium-night-sight-set-for-glock-orange-square-rear-3.jpg\",\"contentUrl\":\"https:\\\/\\\/armurerie-richert.ch\\\/wp-content\\\/uploads\\\/2023\\\/11\\\/night-fision-optics-ready-stealth-tritium-night-sight-set-for-glock-orange-square-rear-3.jpg\",\"width\":1299,\"height\":1299},{\"@type\":\"BreadcrumbList\",\"@id\":\"https:\\\/\\\/armurerie-richert.ch\\\/de\\\/produit\\\/night-fision-zielsystem-hoch\\\/#breadcrumb\",\"itemListElement\":[{\"@type\":\"ListItem\",\"position\":1,\"name\":\"Accueil\",\"item\":\"https:\\\/\\\/armurerie-richert.ch\\\/de\\\/startseite\\\/\"},{\"@type\":\"ListItem\",\"position\":2,\"name\":\"Shop\",\"item\":\"https:\\\/\\\/armurerie-richert.ch\\\/de\\\/shop\\\/\"},{\"@type\":\"ListItem\",\"position\":3,\"name\":\"NIGHT FISION Zielsystem hoch\"}]},{\"@type\":\"WebSite\",\"@id\":\"https:\\\/\\\/armurerie-richert.ch\\\/de\\\/#website\",\"url\":\"https:\\\/\\\/armurerie-richert.ch\\\/de\\\/\",\"name\":\"Armurerie Richert\",\"description\":\"\",\"publisher\":{\"@id\":\"https:\\\/\\\/armurerie-richert.ch\\\/de\\\/#organization\"},\"potentialAction\":[{\"@type\":\"SearchAction\",\"target\":{\"@type\":\"EntryPoint\",\"urlTemplate\":\"https:\\\/\\\/armurerie-richert.ch\\\/de\\\/?s={search_term_string}\"},\"query-input\":{\"@type\":\"PropertyValueSpecification\",\"valueRequired\":true,\"valueName\":\"search_term_string\"}}],\"inLanguage\":\"de\"},{\"@type\":\"Organization\",\"@id\":\"https:\\\/\\\/armurerie-richert.ch\\\/de\\\/#organization\",\"name\":\"Armurerie Richert\",\"url\":\"https:\\\/\\\/armurerie-richert.ch\\\/de\\\/\",\"logo\":{\"@type\":\"ImageObject\",\"inLanguage\":\"de\",\"@id\":\"https:\\\/\\\/armurerie-richert.ch\\\/de\\\/#\\\/schema\\\/logo\\\/image\\\/\",\"url\":\"https:\\\/\\\/armurerie-richert.ch\\\/wp-content\\\/uploads\\\/2023\\\/11\\\/Armurerie-Richert-Logo-300px.png\",\"contentUrl\":\"https:\\\/\\\/armurerie-richert.ch\\\/wp-content\\\/uploads\\\/2023\\\/11\\\/Armurerie-Richert-Logo-300px.png\",\"width\":300,\"height\":73,\"caption\":\"Armurerie Richert\"},\"image\":{\"@id\":\"https:\\\/\\\/armurerie-richert.ch\\\/de\\\/#\\\/schema\\\/logo\\\/image\\\/\"},\"sameAs\":[\"https:\\\/\\\/www.facebook.com\\\/profile.php?id=100023920014088\"]}]}<\/script>\n<meta property=\"product:price:amount\" content=\"140.00\" \/>\n<meta property=\"product:price:currency\" content=\"CHF\" \/>\n<meta property=\"og:availability\" content=\"instock\" \/>\n<meta property=\"product:availability\" content=\"instock\" \/>\n<meta property=\"product:condition\" content=\"new\" \/>\n<!-- \/ Yoast SEO Premium plugin. -->","yoast_head_json":{"title":"NIGHT FISION Zielsystem hoch - Armurerie Richert","description":"Erh\u00f6hen Sie Ihre Treffsicherheit mit dem NIGHT FISION Visier-System. Die patentierte Technologie bietet maximale Sicht bei Tag und Nacht!","robots":{"index":"index","follow":"follow","max-snippet":"max-snippet:-1","max-image-preview":"max-image-preview:large","max-video-preview":"max-video-preview:-1"},"canonical":"https:\/\/armurerie-richert.ch\/de\/produit\/night-fision-zielsystem-hoch\/","og_locale":"de_DE","og_type":"article","og_title":"NIGHT FISION Zielsystem hoch","og_description":"Erh\u00f6hen Sie Ihre Treffsicherheit mit dem NIGHT FISION Visier-System. Die patentierte Technologie bietet maximale Sicht bei Tag und Nacht!","og_url":"https:\/\/armurerie-richert.ch\/de\/produit\/night-fision-zielsystem-hoch\/","og_site_name":"Armurerie Richert","article_publisher":"https:\/\/www.facebook.com\/profile.php?id=100023920014088","og_image":[{"width":1299,"height":1299,"url":"https:\/\/armurerie-richert.ch\/wp-content\/uploads\/2023\/11\/night-fision-optics-ready-stealth-tritium-night-sight-set-for-glock-orange-square-rear-3.jpg","type":"image\/jpeg"}],"twitter_card":"summary_large_image","twitter_misc":{"Preis":"&#67;&#72;&#70;&nbsp;140.00","Verf\u00fcgbarkeit":"Auf Lager"},"schema":{"@context":"https:\/\/schema.org","@graph":[{"@type":"WebPage","@id":"https:\/\/armurerie-richert.ch\/de\/produit\/night-fision-zielsystem-hoch\/","url":"https:\/\/armurerie-richert.ch\/de\/produit\/night-fision-zielsystem-hoch\/","name":"NIGHT FISION Zielsystem hoch - Armurerie Richert","isPartOf":{"@id":"https:\/\/armurerie-richert.ch\/de\/#website"},"primaryImageOfPage":{"@id":"https:\/\/armurerie-richert.ch\/de\/produit\/night-fision-zielsystem-hoch\/#primaryimage"},"image":{"@id":"https:\/\/armurerie-richert.ch\/de\/produit\/night-fision-zielsystem-hoch\/#primaryimage"},"thumbnailUrl":"https:\/\/armurerie-richert.ch\/wp-content\/uploads\/2023\/11\/night-fision-optics-ready-stealth-tritium-night-sight-set-for-glock-orange-square-rear-3.jpg","datePublished":"2023-11-05T16:18:58+00:00","description":"Erh\u00f6hen Sie Ihre Treffsicherheit mit dem NIGHT FISION Visier-System. Die patentierte Technologie bietet maximale Sicht bei Tag und Nacht!","breadcrumb":{"@id":"https:\/\/armurerie-richert.ch\/de\/produit\/night-fision-zielsystem-hoch\/#breadcrumb"},"inLanguage":"de","potentialAction":[{"@type":"ReadAction","target":["https:\/\/armurerie-richert.ch\/de\/produit\/night-fision-zielsystem-hoch\/"]}]},{"@type":"ImageObject","inLanguage":"de","@id":"https:\/\/armurerie-richert.ch\/de\/produit\/night-fision-zielsystem-hoch\/#primaryimage","url":"https:\/\/armurerie-richert.ch\/wp-content\/uploads\/2023\/11\/night-fision-optics-ready-stealth-tritium-night-sight-set-for-glock-orange-square-rear-3.jpg","contentUrl":"https:\/\/armurerie-richert.ch\/wp-content\/uploads\/2023\/11\/night-fision-optics-ready-stealth-tritium-night-sight-set-for-glock-orange-square-rear-3.jpg","width":1299,"height":1299},{"@type":"BreadcrumbList","@id":"https:\/\/armurerie-richert.ch\/de\/produit\/night-fision-zielsystem-hoch\/#breadcrumb","itemListElement":[{"@type":"ListItem","position":1,"name":"Accueil","item":"https:\/\/armurerie-richert.ch\/de\/startseite\/"},{"@type":"ListItem","position":2,"name":"Shop","item":"https:\/\/armurerie-richert.ch\/de\/shop\/"},{"@type":"ListItem","position":3,"name":"NIGHT FISION Zielsystem hoch"}]},{"@type":"WebSite","@id":"https:\/\/armurerie-richert.ch\/de\/#website","url":"https:\/\/armurerie-richert.ch\/de\/","name":"Armurerie Richert","description":"","publisher":{"@id":"https:\/\/armurerie-richert.ch\/de\/#organization"},"potentialAction":[{"@type":"SearchAction","target":{"@type":"EntryPoint","urlTemplate":"https:\/\/armurerie-richert.ch\/de\/?s={search_term_string}"},"query-input":{"@type":"PropertyValueSpecification","valueRequired":true,"valueName":"search_term_string"}}],"inLanguage":"de"},{"@type":"Organization","@id":"https:\/\/armurerie-richert.ch\/de\/#organization","name":"Armurerie Richert","url":"https:\/\/armurerie-richert.ch\/de\/","logo":{"@type":"ImageObject","inLanguage":"de","@id":"https:\/\/armurerie-richert.ch\/de\/#\/schema\/logo\/image\/","url":"https:\/\/armurerie-richert.ch\/wp-content\/uploads\/2023\/11\/Armurerie-Richert-Logo-300px.png","contentUrl":"https:\/\/armurerie-richert.ch\/wp-content\/uploads\/2023\/11\/Armurerie-Richert-Logo-300px.png","width":300,"height":73,"caption":"Armurerie Richert"},"image":{"@id":"https:\/\/armurerie-richert.ch\/de\/#\/schema\/logo\/image\/"},"sameAs":["https:\/\/www.facebook.com\/profile.php?id=100023920014088"]}]},"product_price_amount":"140.00","product_price_currency":"CHF","og_availability":"instock","product_availability":"instock","product_condition":"new"},"_links":{"self":[{"href":"https:\/\/armurerie-richert.ch\/de\/wp-json\/wp\/v2\/product\/35405","targetHints":{"allow":["GET"]}}],"collection":[{"href":"https:\/\/armurerie-richert.ch\/de\/wp-json\/wp\/v2\/product"}],"about":[{"href":"https:\/\/armurerie-richert.ch\/de\/wp-json\/wp\/v2\/types\/product"}],"wp:featuredmedia":[{"embeddable":true,"href":"https:\/\/armurerie-richert.ch\/de\/wp-json\/wp\/v2\/media\/32553"}],"wp:attachment":[{"href":"https:\/\/armurerie-richert.ch\/de\/wp-json\/wp\/v2\/media?parent=35405"}],"wp:term":[{"taxonomy":"product_brand","embeddable":true,"href":"https:\/\/armurerie-richert.ch\/de\/wp-json\/wp\/v2\/product_brand?post=35405"},{"taxonomy":"product_cat","embeddable":true,"href":"https:\/\/armurerie-richert.ch\/de\/wp-json\/wp\/v2\/product_cat?post=35405"},{"taxonomy":"product_tag","embeddable":true,"href":"https:\/\/armurerie-richert.ch\/de\/wp-json\/wp\/v2\/product_tag?post=35405"}],"curies":[{"name":"wp","href":"https:\/\/api.w.org\/{rel}","templated":true}]}}