{"id":35408,"date":"2023-11-05T17:14:04","date_gmt":"2023-11-05T16:14:04","guid":{"rendered":"https:\/\/armurerie-richert.ch\/produit\/montage-strike-asm-30mm\/"},"modified":"2023-11-05T17:14:04","modified_gmt":"2023-11-05T16:14:04","slug":"montage-strike-asm-30mm","status":"publish","type":"product","link":"https:\/\/armurerie-richert.ch\/de\/produit\/montage-strike-asm-30mm\/","title":{"rendered":"Montage STRIKE ASM 30mm"},"content":{"rendered":"<h3>Montage STRIKE ASM 30mm<\/h3>\n<p>Der <a class=\"crosslink\" title=\"Strike Industries\" href=\"https:\/\/www.rainierarms.com\/manufacturers\/strike-industries\/\" target=\"_self\" rel=\"noopener\">Strike Industries<\/a> Adjustable Scope Mount (ASM) kombiniert verschiedene Augenentlastungsoptionen in einem einzigen Scope Mount. Der ASM kann in eine von vier (4) Positionen eingestellt werden: Standard, Extended, Intermediate Extended und Hyper Extended. Der ASM ist CNC aus 7250 Aluminium gefertigt und hart anodisiert in schwarz. 7250 Aluminium eignet sich hervorragend f\u00fcr Anwendungen, bei denen ein geringes Gewicht und eine hohe Festigkeit erforderlich sind. Geeignet f\u00fcr die Verwendung mit Picatinny Rail Section Rifles. Die Vielseitigkeit der <a class=\"crosslink\" title=\"Strike Industries\" href=\"https:\/\/www.rainierarms.com\/manufacturers\/strike-industries\/\" target=\"_self\" rel=\"noopener\">Strike Industries<\/a> Adjustable Scope Mount erm\u00f6glicht es dem Benutzer, das Teleskop vom Sch\u00fctzen weg und auch n\u00e4her zum Sch\u00fctzen hin zu verstellen, wenn es umgekehrt f\u00fcr ein Jagdgewehr-Setup montiert wird, wodurch Flexibilit\u00e4t f\u00fcr verschiedene Augenbewegungen und Teleskoppositionen geschaffen wird.     <\/p>\n<p><strong>Package Includes:<\/strong><\/p>\n<ul>\n<li>1x Basis<\/li>\n<li>2x Klemmen<\/li>\n<li>2x Scope Rings<\/li>\n<li>2x M5 x 27mm<\/li>\n<li>3x M4 x 5 mm<\/li>\n<li>8x M3 x 10 mm<\/li>\n<li>1x 4mm Inbusschl\u00fcssel<\/li>\n<li>1x 3mm Inbusschl\u00fcssel<\/li>\n<li>1x 2.5mm Inbusschl\u00fcssel<\/li>\n<li>2x Scope Ring Reducer Pairs<\/li>\n<li>1x Cantilever<\/li>\n<li>1x Loctite<\/li>\n<\/ul>\n<p><strong>Produktspektrum<\/strong><\/p>\n<ul>\n<li>LENGTH 143 mm<\/li>\n<li>WIDTH 45 mm<\/li>\n<li>HEIGHT 63 mm<\/li>\n<li>WEIGHT 7.6 oz<\/li>\n<\/ul>\n<p><strong>Produktmerkmale:<\/strong><\/p>\n<ul>\n<li>30mm Montierung mit optionalen Ringreduzierst\u00fccken f\u00fcr (25.4mm\/1 inch) Teleskope<\/li>\n<li>Verschiedene Augenentlastungspositionen verf\u00fcgbar<\/li>\n<li>7250 Aluminium eignet sich hervorragend f\u00fcr Anwendungen, die eine leichte und hohe Festigkeit erfordern.<\/li>\n<li>CNC-gesteuert<\/li>\n<li>Reverse mount for closer eye relief in hunting rifle setups<\/li>\n<li>Vier (4) Positionen: Standard, Extended, Intermediate Extended und Hyper Extended.<\/li>\n<\/ul>\n","protected":false},"excerpt":{"rendered":"<p>Der <a class=\"crosslink\" title=\"Strike Industries\" href=\"https:\/\/www.rainierarms.com\/manufacturers\/strike-industries\/\" target=\"_self\" rel=\"noopener\">Strike Industries<\/a> Adjustable Scope Mount (ASM) kombiniert verschiedene Augenentlastungsoptionen in einem einzigen Scope Mount. Der ASM kann in eine von vier (4) Positionen eingestellt werden: Standard, Extended, Intermediate Extended und Hyper Extended. Der ASM ist CNC aus 7250 Aluminium gefertigt und hart anodisiert in schwarz. 7250 Aluminium eignet sich hervorragend f\u00fcr Anwendungen, bei denen ein geringes Gewicht und eine hohe Festigkeit erforderlich sind. Geeignet f\u00fcr die Verwendung mit Picatinny Rail Section Rifles. Die Vielseitigkeit der <a class=\"crosslink\" title=\"Strike Industries\" href=\"https:\/\/www.rainierarms.com\/manufacturers\/strike-industries\/\" target=\"_self\" rel=\"noopener\">Strike Industries<\/a> Adjustable Scope Mount erm\u00f6glicht es dem Benutzer, das Teleskop vom Sch\u00fctzen weg und auch n\u00e4her zum Sch\u00fctzen hin zu verstellen, wenn es umgekehrt f\u00fcr ein Jagdgewehr-Setup montiert wird, wodurch Flexibilit\u00e4t f\u00fcr verschiedene Augenbewegungen und Teleskoppositionen geschaffen wird.     <\/p>\n<p><strong>Package Includes:<\/strong><\/p>\n<ul>\n<li>1x Basis<\/li>\n<li>2x Klammern<\/li>\n<li>2x Scope Rings<\/li>\n<li>2x M5 x 27mm<\/li>\n<li>3x M4 x 5 mm<\/li>\n<li>8x M3 x 10 mm<\/li>\n<li>1x 4mm Inbusschl\u00fcssel<\/li>\n<li>1x 3mm Inbusschl\u00fcssel<\/li>\n<li>1x 2.5mm Inbusschl\u00fcssel<\/li>\n<li>2x Scope Ring Reducer Pairs<\/li>\n<li>1x Cantilever<\/li>\n<li>1x Loctite<\/li>\n<\/ul>\n<p><strong>Produktspektrum<\/strong><\/p>\n<ul>\n<li>LENGTH 143 mm<\/li>\n<li>WIDTH 45 mm<\/li>\n<li>HEIGHT 63 mm<\/li>\n<li>WEIGHT 7.6 oz<\/li>\n<\/ul>\n<p><strong>Produktmerkmale:<\/strong><\/p>\n<ul>\n<li>30mm Montierung mit optionalen Ringreduzierst\u00fccken f\u00fcr (25.4mm\/1 inch) Teleskope<\/li>\n<li>Verschiedene Augenentlastungspositionen verf\u00fcgbar<\/li>\n<li>7250 Aluminium eignet sich hervorragend f\u00fcr Anwendungen, die eine leichte und hohe Festigkeit erfordern.<\/li>\n<li>CNC-gesteuert<\/li>\n<li>Reverse mount for closer eye relief in hunting rifle setups<\/li>\n<li>Vier (4) Positionen: Standard, Extended, Intermediate Extended und Hyper Extended.<\/li>\n<\/ul>\n","protected":false},"featured_media":32548,"template":"","meta":{"_et_pb_use_builder":"","_et_pb_old_content":"","_et_gb_content_width":""},"product_brand":[],"product_cat":[76,65],"product_tag":[],"class_list":{"0":"post-35408","1":"product","2":"type-product","3":"status-publish","4":"has-post-thumbnail","6":"product_cat-brillen","7":"product_cat-zubehor-und-optik","9":"first","10":"instock","11":"shipping-taxable","12":"purchasable","13":"product-type-simple"},"yoast_head":"<!-- This site is optimized with the Yoast SEO Premium plugin v24.7 (Yoast SEO v27.5) - https:\/\/yoast.com\/product\/yoast-seo-premium-wordpress\/ -->\n<title>Montage STRIKE ASM 30mm - Armurerie Richert<\/title>\n<meta name=\"description\" content=\"Erhalten Sie variable Optionen f\u00fcr den Augenabstand mit der 30mm ASM Strike Refraktor-Montage. Hergestellt aus 7250er Aluminium, bietet es Leichtigkeit und St\u00e4rke. \ud83d\udd2d\" \/>\n<meta name=\"robots\" content=\"index, follow, max-snippet:-1, max-image-preview:large, max-video-preview:-1\" \/>\n<link rel=\"canonical\" href=\"https:\/\/armurerie-richert.ch\/de\/produit\/montage-strike-asm-30mm\/\" \/>\n<meta property=\"og:locale\" content=\"de_DE\" \/>\n<meta property=\"og:type\" content=\"article\" \/>\n<meta property=\"og:title\" content=\"Montage STRIKE ASM 30mm\" \/>\n<meta property=\"og:description\" content=\"Erhalten Sie variable Optionen f\u00fcr den Augenabstand mit der 30mm ASM Strike Refraktor-Montage. Hergestellt aus 7250er Aluminium, bietet es Leichtigkeit und St\u00e4rke. \ud83d\udd2d\" \/>\n<meta property=\"og:url\" content=\"https:\/\/armurerie-richert.ch\/de\/produit\/montage-strike-asm-30mm\/\" \/>\n<meta property=\"og:site_name\" content=\"Armurerie Richert\" \/>\n<meta property=\"article:publisher\" content=\"https:\/\/www.facebook.com\/profile.php?id=100023920014088\" \/>\n<meta property=\"og:image\" content=\"https:\/\/armurerie-richert.ch\/wp-content\/uploads\/2023\/11\/strike-industries-asm-adjustable-scope-mount-30mm.jpg\" \/>\n\t<meta property=\"og:image:width\" content=\"548\" \/>\n\t<meta property=\"og:image:height\" content=\"548\" \/>\n\t<meta property=\"og:image:type\" content=\"image\/jpeg\" \/>\n<meta name=\"twitter:card\" content=\"summary_large_image\" \/>\n<meta name=\"twitter:label1\" content=\"Preis\" \/>\n\t<meta name=\"twitter:data1\" content=\"&#067;&#072;&#070;&nbsp;195.00\" \/>\n\t<meta name=\"twitter:label2\" content=\"Verf\u00fcgbarkeit\" \/>\n\t<meta name=\"twitter:data2\" content=\"Auf Lager\" \/>\n<script type=\"application\/ld+json\" class=\"yoast-schema-graph\">{\"@context\":\"https:\\\/\\\/schema.org\",\"@graph\":[{\"@type\":\"WebPage\",\"@id\":\"https:\\\/\\\/armurerie-richert.ch\\\/de\\\/produit\\\/montage-strike-asm-30mm\\\/\",\"url\":\"https:\\\/\\\/armurerie-richert.ch\\\/de\\\/produit\\\/montage-strike-asm-30mm\\\/\",\"name\":\"Montage STRIKE ASM 30mm - Armurerie Richert\",\"isPartOf\":{\"@id\":\"https:\\\/\\\/armurerie-richert.ch\\\/de\\\/#website\"},\"primaryImageOfPage\":{\"@id\":\"https:\\\/\\\/armurerie-richert.ch\\\/de\\\/produit\\\/montage-strike-asm-30mm\\\/#primaryimage\"},\"image\":{\"@id\":\"https:\\\/\\\/armurerie-richert.ch\\\/de\\\/produit\\\/montage-strike-asm-30mm\\\/#primaryimage\"},\"thumbnailUrl\":\"https:\\\/\\\/armurerie-richert.ch\\\/wp-content\\\/uploads\\\/2023\\\/11\\\/strike-industries-asm-adjustable-scope-mount-30mm.jpg\",\"datePublished\":\"2023-11-05T16:14:04+00:00\",\"description\":\"Erhalten Sie variable Optionen f\u00fcr den Augenabstand mit der 30mm ASM Strike Refraktor-Montage. Hergestellt aus 7250er Aluminium, bietet es Leichtigkeit und St\u00e4rke. \ud83d\udd2d\",\"breadcrumb\":{\"@id\":\"https:\\\/\\\/armurerie-richert.ch\\\/de\\\/produit\\\/montage-strike-asm-30mm\\\/#breadcrumb\"},\"inLanguage\":\"de\",\"potentialAction\":[{\"@type\":\"ReadAction\",\"target\":[\"https:\\\/\\\/armurerie-richert.ch\\\/de\\\/produit\\\/montage-strike-asm-30mm\\\/\"]}]},{\"@type\":\"ImageObject\",\"inLanguage\":\"de\",\"@id\":\"https:\\\/\\\/armurerie-richert.ch\\\/de\\\/produit\\\/montage-strike-asm-30mm\\\/#primaryimage\",\"url\":\"https:\\\/\\\/armurerie-richert.ch\\\/wp-content\\\/uploads\\\/2023\\\/11\\\/strike-industries-asm-adjustable-scope-mount-30mm.jpg\",\"contentUrl\":\"https:\\\/\\\/armurerie-richert.ch\\\/wp-content\\\/uploads\\\/2023\\\/11\\\/strike-industries-asm-adjustable-scope-mount-30mm.jpg\",\"width\":548,\"height\":548},{\"@type\":\"BreadcrumbList\",\"@id\":\"https:\\\/\\\/armurerie-richert.ch\\\/de\\\/produit\\\/montage-strike-asm-30mm\\\/#breadcrumb\",\"itemListElement\":[{\"@type\":\"ListItem\",\"position\":1,\"name\":\"Accueil\",\"item\":\"https:\\\/\\\/armurerie-richert.ch\\\/de\\\/startseite\\\/\"},{\"@type\":\"ListItem\",\"position\":2,\"name\":\"Shop\",\"item\":\"https:\\\/\\\/armurerie-richert.ch\\\/de\\\/shop\\\/\"},{\"@type\":\"ListItem\",\"position\":3,\"name\":\"Montage STRIKE ASM 30mm\"}]},{\"@type\":\"WebSite\",\"@id\":\"https:\\\/\\\/armurerie-richert.ch\\\/de\\\/#website\",\"url\":\"https:\\\/\\\/armurerie-richert.ch\\\/de\\\/\",\"name\":\"Armurerie Richert\",\"description\":\"\",\"publisher\":{\"@id\":\"https:\\\/\\\/armurerie-richert.ch\\\/de\\\/#organization\"},\"potentialAction\":[{\"@type\":\"SearchAction\",\"target\":{\"@type\":\"EntryPoint\",\"urlTemplate\":\"https:\\\/\\\/armurerie-richert.ch\\\/de\\\/?s={search_term_string}\"},\"query-input\":{\"@type\":\"PropertyValueSpecification\",\"valueRequired\":true,\"valueName\":\"search_term_string\"}}],\"inLanguage\":\"de\"},{\"@type\":\"Organization\",\"@id\":\"https:\\\/\\\/armurerie-richert.ch\\\/de\\\/#organization\",\"name\":\"Armurerie Richert\",\"url\":\"https:\\\/\\\/armurerie-richert.ch\\\/de\\\/\",\"logo\":{\"@type\":\"ImageObject\",\"inLanguage\":\"de\",\"@id\":\"https:\\\/\\\/armurerie-richert.ch\\\/de\\\/#\\\/schema\\\/logo\\\/image\\\/\",\"url\":\"https:\\\/\\\/armurerie-richert.ch\\\/wp-content\\\/uploads\\\/2023\\\/11\\\/Armurerie-Richert-Logo-300px.png\",\"contentUrl\":\"https:\\\/\\\/armurerie-richert.ch\\\/wp-content\\\/uploads\\\/2023\\\/11\\\/Armurerie-Richert-Logo-300px.png\",\"width\":300,\"height\":73,\"caption\":\"Armurerie Richert\"},\"image\":{\"@id\":\"https:\\\/\\\/armurerie-richert.ch\\\/de\\\/#\\\/schema\\\/logo\\\/image\\\/\"},\"sameAs\":[\"https:\\\/\\\/www.facebook.com\\\/profile.php?id=100023920014088\"]}]}<\/script>\n<meta property=\"product:price:amount\" content=\"195.00\" \/>\n<meta property=\"product:price:currency\" content=\"CHF\" \/>\n<meta property=\"og:availability\" content=\"instock\" \/>\n<meta property=\"product:availability\" content=\"instock\" \/>\n<meta property=\"product:condition\" content=\"new\" \/>\n<!-- \/ Yoast SEO Premium plugin. -->","yoast_head_json":{"title":"Montage STRIKE ASM 30mm - Armurerie Richert","description":"Erhalten Sie variable Optionen f\u00fcr den Augenabstand mit der 30mm ASM Strike Refraktor-Montage. Hergestellt aus 7250er Aluminium, bietet es Leichtigkeit und St\u00e4rke. \ud83d\udd2d","robots":{"index":"index","follow":"follow","max-snippet":"max-snippet:-1","max-image-preview":"max-image-preview:large","max-video-preview":"max-video-preview:-1"},"canonical":"https:\/\/armurerie-richert.ch\/de\/produit\/montage-strike-asm-30mm\/","og_locale":"de_DE","og_type":"article","og_title":"Montage STRIKE ASM 30mm","og_description":"Erhalten Sie variable Optionen f\u00fcr den Augenabstand mit der 30mm ASM Strike Refraktor-Montage. Hergestellt aus 7250er Aluminium, bietet es Leichtigkeit und St\u00e4rke. \ud83d\udd2d","og_url":"https:\/\/armurerie-richert.ch\/de\/produit\/montage-strike-asm-30mm\/","og_site_name":"Armurerie Richert","article_publisher":"https:\/\/www.facebook.com\/profile.php?id=100023920014088","og_image":[{"width":548,"height":548,"url":"https:\/\/armurerie-richert.ch\/wp-content\/uploads\/2023\/11\/strike-industries-asm-adjustable-scope-mount-30mm.jpg","type":"image\/jpeg"}],"twitter_card":"summary_large_image","twitter_misc":{"Preis":"&#67;&#72;&#70;&nbsp;195.00","Verf\u00fcgbarkeit":"Auf Lager"},"schema":{"@context":"https:\/\/schema.org","@graph":[{"@type":"WebPage","@id":"https:\/\/armurerie-richert.ch\/de\/produit\/montage-strike-asm-30mm\/","url":"https:\/\/armurerie-richert.ch\/de\/produit\/montage-strike-asm-30mm\/","name":"Montage STRIKE ASM 30mm - Armurerie Richert","isPartOf":{"@id":"https:\/\/armurerie-richert.ch\/de\/#website"},"primaryImageOfPage":{"@id":"https:\/\/armurerie-richert.ch\/de\/produit\/montage-strike-asm-30mm\/#primaryimage"},"image":{"@id":"https:\/\/armurerie-richert.ch\/de\/produit\/montage-strike-asm-30mm\/#primaryimage"},"thumbnailUrl":"https:\/\/armurerie-richert.ch\/wp-content\/uploads\/2023\/11\/strike-industries-asm-adjustable-scope-mount-30mm.jpg","datePublished":"2023-11-05T16:14:04+00:00","description":"Erhalten Sie variable Optionen f\u00fcr den Augenabstand mit der 30mm ASM Strike Refraktor-Montage. Hergestellt aus 7250er Aluminium, bietet es Leichtigkeit und St\u00e4rke. \ud83d\udd2d","breadcrumb":{"@id":"https:\/\/armurerie-richert.ch\/de\/produit\/montage-strike-asm-30mm\/#breadcrumb"},"inLanguage":"de","potentialAction":[{"@type":"ReadAction","target":["https:\/\/armurerie-richert.ch\/de\/produit\/montage-strike-asm-30mm\/"]}]},{"@type":"ImageObject","inLanguage":"de","@id":"https:\/\/armurerie-richert.ch\/de\/produit\/montage-strike-asm-30mm\/#primaryimage","url":"https:\/\/armurerie-richert.ch\/wp-content\/uploads\/2023\/11\/strike-industries-asm-adjustable-scope-mount-30mm.jpg","contentUrl":"https:\/\/armurerie-richert.ch\/wp-content\/uploads\/2023\/11\/strike-industries-asm-adjustable-scope-mount-30mm.jpg","width":548,"height":548},{"@type":"BreadcrumbList","@id":"https:\/\/armurerie-richert.ch\/de\/produit\/montage-strike-asm-30mm\/#breadcrumb","itemListElement":[{"@type":"ListItem","position":1,"name":"Accueil","item":"https:\/\/armurerie-richert.ch\/de\/startseite\/"},{"@type":"ListItem","position":2,"name":"Shop","item":"https:\/\/armurerie-richert.ch\/de\/shop\/"},{"@type":"ListItem","position":3,"name":"Montage STRIKE ASM 30mm"}]},{"@type":"WebSite","@id":"https:\/\/armurerie-richert.ch\/de\/#website","url":"https:\/\/armurerie-richert.ch\/de\/","name":"Armurerie Richert","description":"","publisher":{"@id":"https:\/\/armurerie-richert.ch\/de\/#organization"},"potentialAction":[{"@type":"SearchAction","target":{"@type":"EntryPoint","urlTemplate":"https:\/\/armurerie-richert.ch\/de\/?s={search_term_string}"},"query-input":{"@type":"PropertyValueSpecification","valueRequired":true,"valueName":"search_term_string"}}],"inLanguage":"de"},{"@type":"Organization","@id":"https:\/\/armurerie-richert.ch\/de\/#organization","name":"Armurerie Richert","url":"https:\/\/armurerie-richert.ch\/de\/","logo":{"@type":"ImageObject","inLanguage":"de","@id":"https:\/\/armurerie-richert.ch\/de\/#\/schema\/logo\/image\/","url":"https:\/\/armurerie-richert.ch\/wp-content\/uploads\/2023\/11\/Armurerie-Richert-Logo-300px.png","contentUrl":"https:\/\/armurerie-richert.ch\/wp-content\/uploads\/2023\/11\/Armurerie-Richert-Logo-300px.png","width":300,"height":73,"caption":"Armurerie Richert"},"image":{"@id":"https:\/\/armurerie-richert.ch\/de\/#\/schema\/logo\/image\/"},"sameAs":["https:\/\/www.facebook.com\/profile.php?id=100023920014088"]}]},"product_price_amount":"195.00","product_price_currency":"CHF","og_availability":"instock","product_availability":"instock","product_condition":"new"},"_links":{"self":[{"href":"https:\/\/armurerie-richert.ch\/de\/wp-json\/wp\/v2\/product\/35408","targetHints":{"allow":["GET"]}}],"collection":[{"href":"https:\/\/armurerie-richert.ch\/de\/wp-json\/wp\/v2\/product"}],"about":[{"href":"https:\/\/armurerie-richert.ch\/de\/wp-json\/wp\/v2\/types\/product"}],"wp:featuredmedia":[{"embeddable":true,"href":"https:\/\/armurerie-richert.ch\/de\/wp-json\/wp\/v2\/media\/32548"}],"wp:attachment":[{"href":"https:\/\/armurerie-richert.ch\/de\/wp-json\/wp\/v2\/media?parent=35408"}],"wp:term":[{"taxonomy":"product_brand","embeddable":true,"href":"https:\/\/armurerie-richert.ch\/de\/wp-json\/wp\/v2\/product_brand?post=35408"},{"taxonomy":"product_cat","embeddable":true,"href":"https:\/\/armurerie-richert.ch\/de\/wp-json\/wp\/v2\/product_cat?post=35408"},{"taxonomy":"product_tag","embeddable":true,"href":"https:\/\/armurerie-richert.ch\/de\/wp-json\/wp\/v2\/product_tag?post=35408"}],"curies":[{"name":"wp","href":"https:\/\/api.w.org\/{rel}","templated":true}]}}