{"id":35413,"date":"2023-11-05T17:04:48","date_gmt":"2023-11-05T16:04:48","guid":{"rendered":"https:\/\/armurerie-richert.ch\/produit\/magpul-mbus-pro-metallic-satz\/"},"modified":"2023-11-05T17:04:48","modified_gmt":"2023-11-05T16:04:48","slug":"magpul-mbus-pro-metallic-satz","status":"publish","type":"product","link":"https:\/\/armurerie-richert.ch\/de\/produit\/magpul-mbus-pro-metallic-satz\/","title":{"rendered":"MAGPUL Mbus Pro Metallic (Satz)"},"content":{"rendered":"<h3>MAGPUL Mbus Pro Metallic (Satz)<\/h3>\n<p>Die MBUS Pro ist eine korrosionsbest\u00e4ndige, all-steel Back-up Sighting-L\u00f6sung, die maximale Funktionalit\u00e4t und St\u00e4rke bei minimalem Volumen zu einem Preis bietet, der sogar kleiner als ihre Gr\u00f6\u00dfe ist. Die duale Apertur, die einstellbare Windrichtung hinten und die einstellbare H\u00f6he vorne zeichnen sich in allen 1913 Picatinny-Schienenmontagen aus, einschlie\u00dflich der schienengebundenen Gasblocks. Positive Detents halten die MBUS PRO Front und Rear auf Standard AR-Sichth\u00f6he, wenn sie ausgeklappt sind, und so niedrig, wenn sie eingeklappt sind, dass Sie sie nicht bemerken werden, bis sie gebraucht werden. Die schmale Front ist kompatibel mit den meisten IR zielenden Lasern und Lichtinstallationen f\u00fcr den professionellen Anwender. Made in U.S.A.    <\/p>\n<p><strong>Features:<\/strong><\/p>\n<ul>\n<li style=\"list-style-type: none;\">\n<ul>\n<li>All steel construction<\/li>\n<\/ul>\n<\/li>\n<\/ul>\n<ul>\n<li style=\"list-style-type: none;\">\n<ul>\n<li>Geh\u00e4use geh\u00e4rtet und fertiggestellt mit einem ferritischen Nitrocarburizing-Verfahren f\u00fcr extreme Verschlei\u00df- und Korrosionsbest\u00e4ndigkeit.<\/li>\n<\/ul>\n<\/li>\n<\/ul>\n<ul>\n<li style=\"list-style-type: none;\">\n<ul>\n<li>Montiert auf jeder MIL-STD-1913 Picatinny\/STANAG 4694 Schiene einschlie\u00dflich Empf\u00e4nger-height Gasblocks<\/li>\n<\/ul>\n<\/li>\n<\/ul>\n<ul>\n<li style=\"list-style-type: none;\">\n<ul>\n<li>Elevation adjustment knob no tools required<\/li>\n<\/ul>\n<\/li>\n<\/ul>\n<ul>\n<li style=\"list-style-type: none;\">\n<ul>\n<li>Positive Verst\u00e4rkung in der Auf- und Abw\u00e4rtsposition sowie auf dem Aufw\u00e4rtsknopf<\/li>\n<\/ul>\n<\/li>\n<\/ul>\n<ul>\n<li style=\"list-style-type: none;\">\n<ul>\n<li>Standard AR-Reichweite im ausgefahrenen Zustand<\/li>\n<\/ul>\n<\/li>\n<\/ul>\n<p><strong>Specs:<\/strong><\/p>\n<ul>\n<li style=\"list-style-type: none;\">\n<ul>\n<li>Gewicht, mit\/ohne Hardware: 1.51 oz.<\/li>\n<\/ul>\n<\/li>\n<\/ul>\n<ul>\n<li style=\"list-style-type: none;\">\n<ul>\n<li>H\u00f6he \u00fcber der Schiene, stowed: ~0.43&#8243; max.<\/li>\n<\/ul>\n<\/li>\n<\/ul>\n","protected":false},"excerpt":{"rendered":"<p>Die MBUS Pro ist eine korrosionsbest\u00e4ndige, all-steel Back-up Sighting-L\u00f6sung, die maximale Funktionalit\u00e4t und St\u00e4rke bei minimalem Volumen zu einem Preis bietet, der sogar kleiner als ihre Gr\u00f6\u00dfe ist. Die duale Apertur, die einstellbare Windrichtung hinten und die einstellbare H\u00f6he vorne zeichnen sich in allen 1913 Picatinny-Schienenmontagen aus, einschlie\u00dflich der schienengebundenen Gasblocks. Positive Detents halten die MBUS PRO Front und Rear auf Standard AR-Sichth\u00f6he, wenn sie ausgeklappt sind, und so niedrig, wenn sie eingeklappt sind, dass Sie sie erst bemerken, wenn sie gebraucht werden. Die schmale Front ist kompatibel mit den meisten IR zielenden Lasern und Lichtinstallationen f\u00fcr den professionellen Anwender. Made in U.S.A.    <\/p>\n<p><strong>Features:<\/strong><\/p>\n<ul>\n<li style=\"list-style-type: none;\">\n<ul>\n<li>All steel construction<\/li>\n<\/ul>\n<\/li>\n<\/ul>\n<ul>\n<li style=\"list-style-type: none;\">\n<ul>\n<li>Geh\u00e4use geh\u00e4rtet und fertiggestellt mit einem ferritischen Nitrocarburizing-Verfahren f\u00fcr extreme Verschlei\u00df- und Korrosionsbest\u00e4ndigkeit.<\/li>\n<\/ul>\n<\/li>\n<\/ul>\n<ul>\n<li style=\"list-style-type: none;\">\n<ul>\n<li>Montiert auf jeder MIL-STD-1913 Picatinny\/STANAG 4694 Schiene einschlie\u00dflich Empf\u00e4nger-height Gasblocks<\/li>\n<\/ul>\n<\/li>\n<\/ul>\n<ul>\n<li style=\"list-style-type: none;\">\n<ul>\n<li>Elevation adjustment knob no tools required<\/li>\n<\/ul>\n<\/li>\n<\/ul>\n<ul>\n<li style=\"list-style-type: none;\">\n<ul>\n<li>Positive Verst\u00e4rkung in der Auf- und Abw\u00e4rtsposition sowie auf dem Aufw\u00e4rtsknauf<\/li>\n<\/ul>\n<\/li>\n<\/ul>\n<ul>\n<li style=\"list-style-type: none;\">\n<ul>\n<li>Standard AR-Richth\u00f6he, wenn ausgeklappt<\/li>\n<\/ul>\n<\/li>\n<\/ul>\n<p><strong>Specs:<\/strong><\/p>\n<ul>\n<li style=\"list-style-type: none;\">\n<ul>\n<li>Gewicht, mit\/ohne Hardware: 1.51 oz.<\/li>\n<\/ul>\n<\/li>\n<\/ul>\n<ul>\n<li style=\"list-style-type: none;\">\n<ul>\n<li>H\u00f6he \u00fcber der Schiene, stowed: ~0.43&#8243; max.<\/li>\n<\/ul>\n<\/li>\n<\/ul>\n","protected":false},"featured_media":32541,"template":"","meta":{"_et_pb_use_builder":"","_et_pb_old_content":"","_et_gb_content_width":""},"product_brand":[],"product_cat":[66,65],"product_tag":[],"class_list":{"0":"post-35413","1":"product","2":"type-product","3":"status-publish","4":"has-post-thumbnail","6":"product_cat-zubehor-fur-gewehre","7":"product_cat-zubehor-und-optik","9":"first","10":"instock","11":"shipping-taxable","12":"purchasable","13":"product-type-simple"},"yoast_head":"<!-- This site is optimized with the Yoast SEO Premium plugin v24.7 (Yoast SEO v27.5) - https:\/\/yoast.com\/product\/yoast-seo-premium-wordpress\/ -->\n<title>MAGPUL Mbus Pro Metallic (Satz) - Armurerie Richert<\/title>\n<meta name=\"description\" content=\"Entscheiden Sie sich f\u00fcr die Qualit\u00e4t und Zuverl\u00e4ssigkeit des MAGPUL MBUS Pro Metall-Seiten-Sets. Montieren Sie sie einfach auf einer 1913 Picatinny-Schiene. Pr\u00e4zision f\u00fcr Sie!\" \/>\n<meta name=\"robots\" content=\"index, follow, max-snippet:-1, max-image-preview:large, max-video-preview:-1\" \/>\n<link rel=\"canonical\" href=\"https:\/\/armurerie-richert.ch\/de\/produit\/magpul-mbus-pro-metallic-satz\/\" \/>\n<meta property=\"og:locale\" content=\"de_DE\" \/>\n<meta property=\"og:type\" content=\"article\" \/>\n<meta property=\"og:title\" content=\"MAGPUL Mbus Pro Metallic (Satz)\" \/>\n<meta property=\"og:description\" content=\"Entscheiden Sie sich f\u00fcr die Qualit\u00e4t und Zuverl\u00e4ssigkeit des MAGPUL MBUS Pro Metall-Seiten-Sets. Montieren Sie sie einfach auf einer 1913 Picatinny-Schiene. Pr\u00e4zision f\u00fcr Sie!\" \/>\n<meta property=\"og:url\" content=\"https:\/\/armurerie-richert.ch\/de\/produit\/magpul-mbus-pro-metallic-satz\/\" \/>\n<meta property=\"og:site_name\" content=\"Armurerie Richert\" \/>\n<meta property=\"article:publisher\" content=\"https:\/\/www.facebook.com\/profile.php?id=100023920014088\" \/>\n<meta property=\"og:image\" content=\"https:\/\/armurerie-richert.ch\/wp-content\/uploads\/2023\/11\/MBUS-PRO.jpg.webp\" \/>\n\t<meta property=\"og:image:width\" content=\"1200\" \/>\n\t<meta property=\"og:image:height\" content=\"1200\" \/>\n\t<meta property=\"og:image:type\" content=\"image\/webp\" \/>\n<meta name=\"twitter:card\" content=\"summary_large_image\" \/>\n<meta name=\"twitter:label1\" content=\"Preis\" \/>\n\t<meta name=\"twitter:data1\" content=\"&#067;&#072;&#070;&nbsp;220.00\" \/>\n\t<meta name=\"twitter:label2\" content=\"Verf\u00fcgbarkeit\" \/>\n\t<meta name=\"twitter:data2\" content=\"Auf Lager\" \/>\n<script type=\"application\/ld+json\" class=\"yoast-schema-graph\">{\"@context\":\"https:\\\/\\\/schema.org\",\"@graph\":[{\"@type\":\"WebPage\",\"@id\":\"https:\\\/\\\/armurerie-richert.ch\\\/de\\\/produit\\\/magpul-mbus-pro-metallic-satz\\\/\",\"url\":\"https:\\\/\\\/armurerie-richert.ch\\\/de\\\/produit\\\/magpul-mbus-pro-metallic-satz\\\/\",\"name\":\"MAGPUL Mbus Pro Metallic (Satz) - Armurerie Richert\",\"isPartOf\":{\"@id\":\"https:\\\/\\\/armurerie-richert.ch\\\/de\\\/#website\"},\"primaryImageOfPage\":{\"@id\":\"https:\\\/\\\/armurerie-richert.ch\\\/de\\\/produit\\\/magpul-mbus-pro-metallic-satz\\\/#primaryimage\"},\"image\":{\"@id\":\"https:\\\/\\\/armurerie-richert.ch\\\/de\\\/produit\\\/magpul-mbus-pro-metallic-satz\\\/#primaryimage\"},\"thumbnailUrl\":\"https:\\\/\\\/armurerie-richert.ch\\\/wp-content\\\/uploads\\\/2023\\\/11\\\/MBUS-PRO.jpg.webp\",\"datePublished\":\"2023-11-05T16:04:48+00:00\",\"description\":\"Entscheiden Sie sich f\u00fcr die Qualit\u00e4t und Zuverl\u00e4ssigkeit des MAGPUL MBUS Pro Metall-Seiten-Sets. Montieren Sie sie einfach auf einer 1913 Picatinny-Schiene. Pr\u00e4zision f\u00fcr Sie!\",\"breadcrumb\":{\"@id\":\"https:\\\/\\\/armurerie-richert.ch\\\/de\\\/produit\\\/magpul-mbus-pro-metallic-satz\\\/#breadcrumb\"},\"inLanguage\":\"de\",\"potentialAction\":[{\"@type\":\"ReadAction\",\"target\":[\"https:\\\/\\\/armurerie-richert.ch\\\/de\\\/produit\\\/magpul-mbus-pro-metallic-satz\\\/\"]}]},{\"@type\":\"ImageObject\",\"inLanguage\":\"de\",\"@id\":\"https:\\\/\\\/armurerie-richert.ch\\\/de\\\/produit\\\/magpul-mbus-pro-metallic-satz\\\/#primaryimage\",\"url\":\"https:\\\/\\\/armurerie-richert.ch\\\/wp-content\\\/uploads\\\/2023\\\/11\\\/MBUS-PRO.jpg.webp\",\"contentUrl\":\"https:\\\/\\\/armurerie-richert.ch\\\/wp-content\\\/uploads\\\/2023\\\/11\\\/MBUS-PRO.jpg.webp\",\"width\":1200,\"height\":1200},{\"@type\":\"BreadcrumbList\",\"@id\":\"https:\\\/\\\/armurerie-richert.ch\\\/de\\\/produit\\\/magpul-mbus-pro-metallic-satz\\\/#breadcrumb\",\"itemListElement\":[{\"@type\":\"ListItem\",\"position\":1,\"name\":\"Accueil\",\"item\":\"https:\\\/\\\/armurerie-richert.ch\\\/de\\\/startseite\\\/\"},{\"@type\":\"ListItem\",\"position\":2,\"name\":\"Shop\",\"item\":\"https:\\\/\\\/armurerie-richert.ch\\\/de\\\/shop\\\/\"},{\"@type\":\"ListItem\",\"position\":3,\"name\":\"MAGPUL Mbus Pro Metallic (Satz)\"}]},{\"@type\":\"WebSite\",\"@id\":\"https:\\\/\\\/armurerie-richert.ch\\\/de\\\/#website\",\"url\":\"https:\\\/\\\/armurerie-richert.ch\\\/de\\\/\",\"name\":\"Armurerie Richert\",\"description\":\"\",\"publisher\":{\"@id\":\"https:\\\/\\\/armurerie-richert.ch\\\/de\\\/#organization\"},\"potentialAction\":[{\"@type\":\"SearchAction\",\"target\":{\"@type\":\"EntryPoint\",\"urlTemplate\":\"https:\\\/\\\/armurerie-richert.ch\\\/de\\\/?s={search_term_string}\"},\"query-input\":{\"@type\":\"PropertyValueSpecification\",\"valueRequired\":true,\"valueName\":\"search_term_string\"}}],\"inLanguage\":\"de\"},{\"@type\":\"Organization\",\"@id\":\"https:\\\/\\\/armurerie-richert.ch\\\/de\\\/#organization\",\"name\":\"Armurerie Richert\",\"url\":\"https:\\\/\\\/armurerie-richert.ch\\\/de\\\/\",\"logo\":{\"@type\":\"ImageObject\",\"inLanguage\":\"de\",\"@id\":\"https:\\\/\\\/armurerie-richert.ch\\\/de\\\/#\\\/schema\\\/logo\\\/image\\\/\",\"url\":\"https:\\\/\\\/armurerie-richert.ch\\\/wp-content\\\/uploads\\\/2023\\\/11\\\/Armurerie-Richert-Logo-300px.png\",\"contentUrl\":\"https:\\\/\\\/armurerie-richert.ch\\\/wp-content\\\/uploads\\\/2023\\\/11\\\/Armurerie-Richert-Logo-300px.png\",\"width\":300,\"height\":73,\"caption\":\"Armurerie Richert\"},\"image\":{\"@id\":\"https:\\\/\\\/armurerie-richert.ch\\\/de\\\/#\\\/schema\\\/logo\\\/image\\\/\"},\"sameAs\":[\"https:\\\/\\\/www.facebook.com\\\/profile.php?id=100023920014088\"]}]}<\/script>\n<meta property=\"product:price:amount\" content=\"220.00\" \/>\n<meta property=\"product:price:currency\" content=\"CHF\" \/>\n<meta property=\"og:availability\" content=\"instock\" \/>\n<meta property=\"product:availability\" content=\"instock\" \/>\n<meta property=\"product:condition\" content=\"new\" \/>\n<!-- \/ Yoast SEO Premium plugin. -->","yoast_head_json":{"title":"MAGPUL Mbus Pro Metallic (Satz) - Armurerie Richert","description":"Entscheiden Sie sich f\u00fcr die Qualit\u00e4t und Zuverl\u00e4ssigkeit des MAGPUL MBUS Pro Metall-Seiten-Sets. Montieren Sie sie einfach auf einer 1913 Picatinny-Schiene. Pr\u00e4zision f\u00fcr Sie!","robots":{"index":"index","follow":"follow","max-snippet":"max-snippet:-1","max-image-preview":"max-image-preview:large","max-video-preview":"max-video-preview:-1"},"canonical":"https:\/\/armurerie-richert.ch\/de\/produit\/magpul-mbus-pro-metallic-satz\/","og_locale":"de_DE","og_type":"article","og_title":"MAGPUL Mbus Pro Metallic (Satz)","og_description":"Entscheiden Sie sich f\u00fcr die Qualit\u00e4t und Zuverl\u00e4ssigkeit des MAGPUL MBUS Pro Metall-Seiten-Sets. Montieren Sie sie einfach auf einer 1913 Picatinny-Schiene. Pr\u00e4zision f\u00fcr Sie!","og_url":"https:\/\/armurerie-richert.ch\/de\/produit\/magpul-mbus-pro-metallic-satz\/","og_site_name":"Armurerie Richert","article_publisher":"https:\/\/www.facebook.com\/profile.php?id=100023920014088","og_image":[{"width":1200,"height":1200,"url":"https:\/\/armurerie-richert.ch\/wp-content\/uploads\/2023\/11\/MBUS-PRO.jpg.webp","type":"image\/webp"}],"twitter_card":"summary_large_image","twitter_misc":{"Preis":"&#67;&#72;&#70;&nbsp;220.00","Verf\u00fcgbarkeit":"Auf Lager"},"schema":{"@context":"https:\/\/schema.org","@graph":[{"@type":"WebPage","@id":"https:\/\/armurerie-richert.ch\/de\/produit\/magpul-mbus-pro-metallic-satz\/","url":"https:\/\/armurerie-richert.ch\/de\/produit\/magpul-mbus-pro-metallic-satz\/","name":"MAGPUL Mbus Pro Metallic (Satz) - Armurerie Richert","isPartOf":{"@id":"https:\/\/armurerie-richert.ch\/de\/#website"},"primaryImageOfPage":{"@id":"https:\/\/armurerie-richert.ch\/de\/produit\/magpul-mbus-pro-metallic-satz\/#primaryimage"},"image":{"@id":"https:\/\/armurerie-richert.ch\/de\/produit\/magpul-mbus-pro-metallic-satz\/#primaryimage"},"thumbnailUrl":"https:\/\/armurerie-richert.ch\/wp-content\/uploads\/2023\/11\/MBUS-PRO.jpg.webp","datePublished":"2023-11-05T16:04:48+00:00","description":"Entscheiden Sie sich f\u00fcr die Qualit\u00e4t und Zuverl\u00e4ssigkeit des MAGPUL MBUS Pro Metall-Seiten-Sets. Montieren Sie sie einfach auf einer 1913 Picatinny-Schiene. Pr\u00e4zision f\u00fcr Sie!","breadcrumb":{"@id":"https:\/\/armurerie-richert.ch\/de\/produit\/magpul-mbus-pro-metallic-satz\/#breadcrumb"},"inLanguage":"de","potentialAction":[{"@type":"ReadAction","target":["https:\/\/armurerie-richert.ch\/de\/produit\/magpul-mbus-pro-metallic-satz\/"]}]},{"@type":"ImageObject","inLanguage":"de","@id":"https:\/\/armurerie-richert.ch\/de\/produit\/magpul-mbus-pro-metallic-satz\/#primaryimage","url":"https:\/\/armurerie-richert.ch\/wp-content\/uploads\/2023\/11\/MBUS-PRO.jpg.webp","contentUrl":"https:\/\/armurerie-richert.ch\/wp-content\/uploads\/2023\/11\/MBUS-PRO.jpg.webp","width":1200,"height":1200},{"@type":"BreadcrumbList","@id":"https:\/\/armurerie-richert.ch\/de\/produit\/magpul-mbus-pro-metallic-satz\/#breadcrumb","itemListElement":[{"@type":"ListItem","position":1,"name":"Accueil","item":"https:\/\/armurerie-richert.ch\/de\/startseite\/"},{"@type":"ListItem","position":2,"name":"Shop","item":"https:\/\/armurerie-richert.ch\/de\/shop\/"},{"@type":"ListItem","position":3,"name":"MAGPUL Mbus Pro Metallic (Satz)"}]},{"@type":"WebSite","@id":"https:\/\/armurerie-richert.ch\/de\/#website","url":"https:\/\/armurerie-richert.ch\/de\/","name":"Armurerie Richert","description":"","publisher":{"@id":"https:\/\/armurerie-richert.ch\/de\/#organization"},"potentialAction":[{"@type":"SearchAction","target":{"@type":"EntryPoint","urlTemplate":"https:\/\/armurerie-richert.ch\/de\/?s={search_term_string}"},"query-input":{"@type":"PropertyValueSpecification","valueRequired":true,"valueName":"search_term_string"}}],"inLanguage":"de"},{"@type":"Organization","@id":"https:\/\/armurerie-richert.ch\/de\/#organization","name":"Armurerie Richert","url":"https:\/\/armurerie-richert.ch\/de\/","logo":{"@type":"ImageObject","inLanguage":"de","@id":"https:\/\/armurerie-richert.ch\/de\/#\/schema\/logo\/image\/","url":"https:\/\/armurerie-richert.ch\/wp-content\/uploads\/2023\/11\/Armurerie-Richert-Logo-300px.png","contentUrl":"https:\/\/armurerie-richert.ch\/wp-content\/uploads\/2023\/11\/Armurerie-Richert-Logo-300px.png","width":300,"height":73,"caption":"Armurerie Richert"},"image":{"@id":"https:\/\/armurerie-richert.ch\/de\/#\/schema\/logo\/image\/"},"sameAs":["https:\/\/www.facebook.com\/profile.php?id=100023920014088"]}]},"product_price_amount":"220.00","product_price_currency":"CHF","og_availability":"instock","product_availability":"instock","product_condition":"new"},"_links":{"self":[{"href":"https:\/\/armurerie-richert.ch\/de\/wp-json\/wp\/v2\/product\/35413","targetHints":{"allow":["GET"]}}],"collection":[{"href":"https:\/\/armurerie-richert.ch\/de\/wp-json\/wp\/v2\/product"}],"about":[{"href":"https:\/\/armurerie-richert.ch\/de\/wp-json\/wp\/v2\/types\/product"}],"wp:featuredmedia":[{"embeddable":true,"href":"https:\/\/armurerie-richert.ch\/de\/wp-json\/wp\/v2\/media\/32541"}],"wp:attachment":[{"href":"https:\/\/armurerie-richert.ch\/de\/wp-json\/wp\/v2\/media?parent=35413"}],"wp:term":[{"taxonomy":"product_brand","embeddable":true,"href":"https:\/\/armurerie-richert.ch\/de\/wp-json\/wp\/v2\/product_brand?post=35413"},{"taxonomy":"product_cat","embeddable":true,"href":"https:\/\/armurerie-richert.ch\/de\/wp-json\/wp\/v2\/product_cat?post=35413"},{"taxonomy":"product_tag","embeddable":true,"href":"https:\/\/armurerie-richert.ch\/de\/wp-json\/wp\/v2\/product_tag?post=35413"}],"curies":[{"name":"wp","href":"https:\/\/api.w.org\/{rel}","templated":true}]}}