{"id":35414,"date":"2023-11-05T16:40:02","date_gmt":"2023-11-05T15:40:02","guid":{"rendered":"https:\/\/armurerie-richert.ch\/produit\/vortex-strike-eagle-5-25x56-ffp-mrad\/"},"modified":"2023-11-05T16:40:02","modified_gmt":"2023-11-05T15:40:02","slug":"vortex-strike-eagle-5-25x56-ffp-mrad","status":"publish","type":"product","link":"https:\/\/armurerie-richert.ch\/de\/produit\/vortex-strike-eagle-5-25x56-ffp-mrad\/","title":{"rendered":"VORTEX Strike Eagle 5-25&#215;56 FFP Mrad"},"content":{"rendered":"<h3>VORTEX Strike Eagle 5-25&#215;56 FFP Mrad<\/h3>\n<div id=\"product-detail-description\" class=\"product-detail-description\">\n<div class=\"product-detail-description-text\">Strike Eagle wurde von Vortex Optics entworfen und als taktisches optisches Zielfernrohr im mittleren Preissegment entwickelt, das aus erstklassigen Materialien und fortschrittlichen technischen L\u00f6sungen hergestellt wird.<br \/>\nDas Rohr wird pr\u00e4zise CNC-gefr\u00e4st aus einem einzigen St\u00fcck Aluminiumlegierung in Flugzeugqualit\u00e4t, eloxiert in einer kratzfesten und antireflektierenden matten Oberfl\u00e4che. Das robuste Design und die hochwertigen Materialien garantieren eine hohe Widerstandsf\u00e4higkeit gegen physische Sch\u00e4den und R\u00fccksto\u00df.<br \/>\nDie verwendeten HD-Linsen sind mit einer kratzfesten und entspiegelten ArmorTec\u00ae Mehrfachbeschichtung versehen, die die Lichtdurchl\u00e4ssigkeit verbessert. Ein 3,7&#8243; Augenrelief, eine Vergr\u00f6\u00dferung von 5 bis 25x, eine Einstellung von 1\/4 MOA bei jedem Klick und eine Parallaxeneinstellung von 15 Metern bis unendlich garantieren eine einfache und pr\u00e4zise Einstellung des Absehens. Dies macht das Strike Eagle zu einem pr\u00e4zisen und einfach zu bedienenden Zielfernrohr f\u00fcr kurze, mittlere und lange Distanzen. 78 MOA Drift, 110 MOA Elevation und 25 MOA Verstellweg durch Drehen des Revolvers mit einem pr\u00e4zise gravierten EBR-7C Absehen in der ersten Brennebene machen dieses Zielfernrohr zu einem sehr leistungsf\u00e4higen Werkzeug in seiner Klasse. Mit einer L\u00e4nge von 370 mm, einem Tubendurchmesser von 34 mm, einem 56 mm Objektiv mit einer Vergr\u00f6\u00dferung von 5 bis 25x und einem Gewicht von 861 g ist dieses Zielfernrohr die ideale Wahl f\u00fcr Freizeit- und Sportsch\u00fctzen sowie f\u00fcr Sch\u00fctzen auf mittlere und lange Distanzen.   <\/p>\n<\/div>\n<\/div>\n<div class=\"product-detail-description\">\n<h2>Eigenschaften und Details<\/h2>\n<div class=\"product-detail-properties\">\n<div class=\"row product-detail-properties-container\">\n<div class=\"col-12\">\n<dl class=\"product-detail-properties-table\">\n<dt class=\"properties-label\">Sichtfeld:<\/dt>\n<dd class=\"properties-value\">46 \u00b0<\/dd>\n<dt class=\"properties-label\">IP-Schutzklasse:<\/dt>\n<dd class=\"properties-value\">Unbekannt<\/dd>\n<dt class=\"properties-label\">NVG-kompatibel:<\/dt>\n<dd class=\"properties-value\">Unbekannt<\/dd>\n<dt class=\"properties-label\">Dioptrienausgleich:<\/dt>\n<dd class=\"properties-value\">Ja<\/dd>\n<dt class=\"properties-label\">Inhalt der Lieferung:<\/dt>\n<dd class=\"properties-value\">Akkumulator \/ Batterie, Reinigungstuch<\/dd>\n<dt class=\"properties-label\">Durchmesser des Objektivs:<\/dt>\n<dd class=\"properties-value\">56 mm<\/dd>\n<dt class=\"properties-label\">Durchmesser des Rohrs:<\/dt>\n<dd class=\"properties-value\">34 mm<\/dd>\n<dt class=\"properties-label\">Maximale Vergr\u00f6\u00dferung x des Zielfernrohrs:<\/dt>\n<dd class=\"properties-value\">25 x<\/dd>\n<dt class=\"properties-label\">Minimale Vergr\u00f6\u00dferung x des Zielfernrohrs:<\/dt>\n<dd class=\"properties-value\">5 x<\/dd>\n<dt class=\"properties-label\">Anzahl der ben\u00f6tigten Batterien:<\/dt>\n<dd class=\"properties-value\">1<\/dd>\n<dt class=\"properties-label\">Genauigkeit der Anpassung:<\/dt>\n<dd class=\"properties-value\">1\/4 MOA<\/dd>\n<dt class=\"properties-label\">Fadenkreuz:<\/dt>\n<dd class=\"properties-value\">Unbekannt<\/dd>\n<dt class=\"properties-label\">Entlastung der Augen:<\/dt>\n<dd class=\"properties-value\">93 cm<\/dd>\n<dt class=\"properties-label\">Schienensystem:<\/dt>\n<dd class=\"properties-value\">Unbekannt<\/dd>\n<dt class=\"properties-label\">Batterietechnologie:<\/dt>\n<dd class=\"properties-value\">Li-Ion<\/dd>\n<dt class=\"properties-label\">Art der Batterie:<\/dt>\n<dd class=\"properties-value\">CR2032<\/dd>\n<\/dl>\n<\/div>\n<\/div>\n<\/div>\n<\/div>\n","protected":false},"excerpt":{"rendered":"<div id=\"product-detail-description\" class=\"product-detail-description\">\n<div class=\"product-detail-description-text\">Strike Eagle wurde von Vortex Optics entworfen und als taktisches optisches Zielfernrohr im mittleren Preissegment entwickelt, das aus erstklassigen Materialien und fortschrittlichen technischen L\u00f6sungen hergestellt wird.<br \/>\nDas Rohr wird pr\u00e4zise CNC-gefr\u00e4st aus einem einzigen St\u00fcck Aluminiumlegierung in Flugzeugqualit\u00e4t, eloxiert in einer kratzfesten und antireflektierenden matten Oberfl\u00e4che. Das robuste Design und die hochwertigen Materialien garantieren eine hohe Widerstandsf\u00e4higkeit gegen physische Sch\u00e4den und R\u00fccksto\u00df.<br \/>\nDie verwendeten HD-Linsen sind mit einer kratzfesten und entspiegelten ArmorTec\u00ae Mehrfachbeschichtung versehen, die die Lichtdurchl\u00e4ssigkeit verbessert. Ein 3,7&#8243; Augenrelief, eine Vergr\u00f6\u00dferung von 5 bis 25x, eine Einstellung von 1\/4 MOA bei jedem Klick und eine Parallaxeneinstellung von 15 Metern bis unendlich garantieren eine einfache und pr\u00e4zise Einstellung des Absehens. Dies macht das Strike Eagle zu einem pr\u00e4zisen und einfach zu bedienenden Zielfernrohr f\u00fcr kurze, mittlere und lange Distanzen. 78 MOA Drift, 110 MOA Elevation und 25 MOA Verstellweg durch Drehen des Revolvers mit einem pr\u00e4zise gravierten EBR-7C Absehen in der ersten Brennebene machen dieses Zielfernrohr zu einem sehr leistungsf\u00e4higen Werkzeug in seiner Klasse. Mit einer L\u00e4nge von 370 mm, einem Tubendurchmesser von 34 mm, einem 56 mm Objektiv mit einer Vergr\u00f6\u00dferung von 5 bis 25x und einem Gewicht von 861 g ist dieses Zielfernrohr die ideale Wahl f\u00fcr Freizeit- und Sportsch\u00fctzen sowie f\u00fcr Sch\u00fctzen auf mittlere und lange Distanzen.   <\/p>\n<\/div>\n<\/div>\n<div class=\"product-detail-description\">\n<h2>Eigenschaften und Details<\/h2>\n<div class=\"product-detail-properties\">\n<div class=\"row product-detail-properties-container\">\n<div class=\"col-12\">\n<dl class=\"product-detail-properties-table\">\n<dt class=\"properties-label\">Sichtfeld:<\/dt>\n<dd class=\"properties-value\">46 \u00b0<\/dd>\n<dt class=\"properties-label\">IP-Schutzklasse:<\/dt>\n<dd class=\"properties-value\">Unbekannt<\/dd>\n<dt class=\"properties-label\">NVG-kompatibel:<\/dt>\n<dd class=\"properties-value\">Unbekannt<\/dd>\n<dt class=\"properties-label\">Dioptrienausgleich:<\/dt>\n<dd class=\"properties-value\">Ja<\/dd>\n<dt class=\"properties-label\">Inhalt der Lieferung:<\/dt>\n<dd class=\"properties-value\">Akkumulator \/ Batterie, Reinigungstuch<\/dd>\n<dt class=\"properties-label\">Durchmesser des Objektivs:<\/dt>\n<dd class=\"properties-value\">56 mm<\/dd>\n<dt class=\"properties-label\">Durchmesser des Rohrs:<\/dt>\n<dd class=\"properties-value\">34 mm<\/dd>\n<dt class=\"properties-label\">Maximale Vergr\u00f6\u00dferung x des Zielfernrohrs:<\/dt>\n<dd class=\"properties-value\">25 x<\/dd>\n<dt class=\"properties-label\">Minimale Vergr\u00f6\u00dferung x des Zielfernrohrs:<\/dt>\n<dd class=\"properties-value\">5 x<\/dd>\n<dt class=\"properties-label\">Anzahl der ben\u00f6tigten Batterien:<\/dt>\n<dd class=\"properties-value\">1<\/dd>\n<dt class=\"properties-label\">Genauigkeit der Anpassung:<\/dt>\n<dd class=\"properties-value\">1\/4 MOA<\/dd>\n<dt class=\"properties-label\">Fadenkreuz:<\/dt>\n<dd class=\"properties-value\">Unbekannt<\/dd>\n<dt class=\"properties-label\">Entlastung der Augen:<\/dt>\n<dd class=\"properties-value\">93 cm<\/dd>\n<dt class=\"properties-label\">Schienensystem:<\/dt>\n<dd class=\"properties-value\">Unbekannt<\/dd>\n<dt class=\"properties-label\">Batterietechnologie:<\/dt>\n<dd class=\"properties-value\">Li-Ion<\/dd>\n<dt class=\"properties-label\">Art der Batterie:<\/dt>\n<dd class=\"properties-value\">CR2032<\/dd>\n<\/dl>\n<\/div>\n<\/div>\n<\/div>\n<\/div>\n","protected":false},"featured_media":32514,"template":"","meta":{"_et_pb_use_builder":"","_et_pb_old_content":"","_et_gb_content_width":""},"product_brand":[],"product_cat":[76,65],"product_tag":[],"class_list":{"0":"post-35414","1":"product","2":"type-product","3":"status-publish","4":"has-post-thumbnail","6":"product_cat-brillen","7":"product_cat-zubehor-und-optik","9":"first","10":"instock","11":"shipping-taxable","12":"purchasable","13":"product-type-simple"},"yoast_head":"<!-- This site is optimized with the Yoast SEO Premium plugin v24.7 (Yoast SEO v27.5) - https:\/\/yoast.com\/product\/yoast-seo-premium-wordpress\/ -->\n<title>VORTEX Strike Eagle 5-25x56 FFP Mrad - Armurerie Richert<\/title>\n<meta name=\"description\" content=\"Genie\u00dfen Sie eine klare und pr\u00e4zise Sicht mit dem Milrad Vortex Strike Eagle 5-25x56 FFP Zielfernrohr. Ein hochwertiges taktisches Zielfernrohr f\u00fcr ein unvergleichliches Schie\u00dferlebnis.\" \/>\n<meta name=\"robots\" content=\"index, follow, max-snippet:-1, max-image-preview:large, max-video-preview:-1\" \/>\n<link rel=\"canonical\" href=\"https:\/\/armurerie-richert.ch\/de\/produit\/vortex-strike-eagle-5-25x56-ffp-mrad\/\" \/>\n<meta property=\"og:locale\" content=\"de_DE\" \/>\n<meta property=\"og:type\" content=\"article\" \/>\n<meta property=\"og:title\" content=\"VORTEX Strike Eagle 5-25x56 FFP Mrad\" \/>\n<meta property=\"og:description\" content=\"Genie\u00dfen Sie eine klare und pr\u00e4zise Sicht mit dem Milrad Vortex Strike Eagle 5-25x56 FFP Zielfernrohr. Ein hochwertiges taktisches Zielfernrohr f\u00fcr ein unvergleichliches Schie\u00dferlebnis.\" \/>\n<meta property=\"og:url\" content=\"https:\/\/armurerie-richert.ch\/de\/produit\/vortex-strike-eagle-5-25x56-ffp-mrad\/\" \/>\n<meta property=\"og:site_name\" content=\"Armurerie Richert\" \/>\n<meta property=\"article:publisher\" content=\"https:\/\/www.facebook.com\/profile.php?id=100023920014088\" \/>\n<meta property=\"og:image\" content=\"https:\/\/armurerie-richert.ch\/wp-content\/uploads\/2023\/11\/vortex-strike-eagle-5-25x56-ffp-riflescope-ebr-7c-mrad.jpg\" \/>\n\t<meta property=\"og:image:width\" content=\"650\" \/>\n\t<meta property=\"og:image:height\" content=\"650\" \/>\n\t<meta property=\"og:image:type\" content=\"image\/jpeg\" \/>\n<meta name=\"twitter:card\" content=\"summary_large_image\" \/>\n<meta name=\"twitter:label1\" content=\"Preis\" \/>\n\t<meta name=\"twitter:data1\" content=\"&#067;&#072;&#070;&nbsp;890.00\" \/>\n\t<meta name=\"twitter:label2\" content=\"Verf\u00fcgbarkeit\" \/>\n\t<meta name=\"twitter:data2\" content=\"Auf Lager\" \/>\n<script type=\"application\/ld+json\" class=\"yoast-schema-graph\">{\"@context\":\"https:\\\/\\\/schema.org\",\"@graph\":[{\"@type\":\"WebPage\",\"@id\":\"https:\\\/\\\/armurerie-richert.ch\\\/de\\\/produit\\\/vortex-strike-eagle-5-25x56-ffp-mrad\\\/\",\"url\":\"https:\\\/\\\/armurerie-richert.ch\\\/de\\\/produit\\\/vortex-strike-eagle-5-25x56-ffp-mrad\\\/\",\"name\":\"VORTEX Strike Eagle 5-25x56 FFP Mrad - Armurerie Richert\",\"isPartOf\":{\"@id\":\"https:\\\/\\\/armurerie-richert.ch\\\/de\\\/#website\"},\"primaryImageOfPage\":{\"@id\":\"https:\\\/\\\/armurerie-richert.ch\\\/de\\\/produit\\\/vortex-strike-eagle-5-25x56-ffp-mrad\\\/#primaryimage\"},\"image\":{\"@id\":\"https:\\\/\\\/armurerie-richert.ch\\\/de\\\/produit\\\/vortex-strike-eagle-5-25x56-ffp-mrad\\\/#primaryimage\"},\"thumbnailUrl\":\"https:\\\/\\\/armurerie-richert.ch\\\/wp-content\\\/uploads\\\/2023\\\/11\\\/vortex-strike-eagle-5-25x56-ffp-riflescope-ebr-7c-mrad.jpg\",\"datePublished\":\"2023-11-05T15:40:02+00:00\",\"description\":\"Genie\u00dfen Sie eine klare und pr\u00e4zise Sicht mit dem Milrad Vortex Strike Eagle 5-25x56 FFP Zielfernrohr. Ein hochwertiges taktisches Zielfernrohr f\u00fcr ein unvergleichliches Schie\u00dferlebnis.\",\"breadcrumb\":{\"@id\":\"https:\\\/\\\/armurerie-richert.ch\\\/de\\\/produit\\\/vortex-strike-eagle-5-25x56-ffp-mrad\\\/#breadcrumb\"},\"inLanguage\":\"de\",\"potentialAction\":[{\"@type\":\"ReadAction\",\"target\":[\"https:\\\/\\\/armurerie-richert.ch\\\/de\\\/produit\\\/vortex-strike-eagle-5-25x56-ffp-mrad\\\/\"]}]},{\"@type\":\"ImageObject\",\"inLanguage\":\"de\",\"@id\":\"https:\\\/\\\/armurerie-richert.ch\\\/de\\\/produit\\\/vortex-strike-eagle-5-25x56-ffp-mrad\\\/#primaryimage\",\"url\":\"https:\\\/\\\/armurerie-richert.ch\\\/wp-content\\\/uploads\\\/2023\\\/11\\\/vortex-strike-eagle-5-25x56-ffp-riflescope-ebr-7c-mrad.jpg\",\"contentUrl\":\"https:\\\/\\\/armurerie-richert.ch\\\/wp-content\\\/uploads\\\/2023\\\/11\\\/vortex-strike-eagle-5-25x56-ffp-riflescope-ebr-7c-mrad.jpg\",\"width\":650,\"height\":650},{\"@type\":\"BreadcrumbList\",\"@id\":\"https:\\\/\\\/armurerie-richert.ch\\\/de\\\/produit\\\/vortex-strike-eagle-5-25x56-ffp-mrad\\\/#breadcrumb\",\"itemListElement\":[{\"@type\":\"ListItem\",\"position\":1,\"name\":\"Accueil\",\"item\":\"https:\\\/\\\/armurerie-richert.ch\\\/de\\\/startseite\\\/\"},{\"@type\":\"ListItem\",\"position\":2,\"name\":\"Shop\",\"item\":\"https:\\\/\\\/armurerie-richert.ch\\\/de\\\/shop\\\/\"},{\"@type\":\"ListItem\",\"position\":3,\"name\":\"VORTEX Strike Eagle 5-25&#215;56 FFP Mrad\"}]},{\"@type\":\"WebSite\",\"@id\":\"https:\\\/\\\/armurerie-richert.ch\\\/de\\\/#website\",\"url\":\"https:\\\/\\\/armurerie-richert.ch\\\/de\\\/\",\"name\":\"Armurerie Richert\",\"description\":\"\",\"publisher\":{\"@id\":\"https:\\\/\\\/armurerie-richert.ch\\\/de\\\/#organization\"},\"potentialAction\":[{\"@type\":\"SearchAction\",\"target\":{\"@type\":\"EntryPoint\",\"urlTemplate\":\"https:\\\/\\\/armurerie-richert.ch\\\/de\\\/?s={search_term_string}\"},\"query-input\":{\"@type\":\"PropertyValueSpecification\",\"valueRequired\":true,\"valueName\":\"search_term_string\"}}],\"inLanguage\":\"de\"},{\"@type\":\"Organization\",\"@id\":\"https:\\\/\\\/armurerie-richert.ch\\\/de\\\/#organization\",\"name\":\"Armurerie Richert\",\"url\":\"https:\\\/\\\/armurerie-richert.ch\\\/de\\\/\",\"logo\":{\"@type\":\"ImageObject\",\"inLanguage\":\"de\",\"@id\":\"https:\\\/\\\/armurerie-richert.ch\\\/de\\\/#\\\/schema\\\/logo\\\/image\\\/\",\"url\":\"https:\\\/\\\/armurerie-richert.ch\\\/wp-content\\\/uploads\\\/2023\\\/11\\\/Armurerie-Richert-Logo-300px.png\",\"contentUrl\":\"https:\\\/\\\/armurerie-richert.ch\\\/wp-content\\\/uploads\\\/2023\\\/11\\\/Armurerie-Richert-Logo-300px.png\",\"width\":300,\"height\":73,\"caption\":\"Armurerie Richert\"},\"image\":{\"@id\":\"https:\\\/\\\/armurerie-richert.ch\\\/de\\\/#\\\/schema\\\/logo\\\/image\\\/\"},\"sameAs\":[\"https:\\\/\\\/www.facebook.com\\\/profile.php?id=100023920014088\"]}]}<\/script>\n<meta property=\"product:price:amount\" content=\"890.00\" \/>\n<meta property=\"product:price:currency\" content=\"CHF\" \/>\n<meta property=\"og:availability\" content=\"instock\" \/>\n<meta property=\"product:availability\" content=\"instock\" \/>\n<meta property=\"product:condition\" content=\"new\" \/>\n<!-- \/ Yoast SEO Premium plugin. -->","yoast_head_json":{"title":"VORTEX Strike Eagle 5-25x56 FFP Mrad - Armurerie Richert","description":"Genie\u00dfen Sie eine klare und pr\u00e4zise Sicht mit dem Milrad Vortex Strike Eagle 5-25x56 FFP Zielfernrohr. Ein hochwertiges taktisches Zielfernrohr f\u00fcr ein unvergleichliches Schie\u00dferlebnis.","robots":{"index":"index","follow":"follow","max-snippet":"max-snippet:-1","max-image-preview":"max-image-preview:large","max-video-preview":"max-video-preview:-1"},"canonical":"https:\/\/armurerie-richert.ch\/de\/produit\/vortex-strike-eagle-5-25x56-ffp-mrad\/","og_locale":"de_DE","og_type":"article","og_title":"VORTEX Strike Eagle 5-25x56 FFP Mrad","og_description":"Genie\u00dfen Sie eine klare und pr\u00e4zise Sicht mit dem Milrad Vortex Strike Eagle 5-25x56 FFP Zielfernrohr. Ein hochwertiges taktisches Zielfernrohr f\u00fcr ein unvergleichliches Schie\u00dferlebnis.","og_url":"https:\/\/armurerie-richert.ch\/de\/produit\/vortex-strike-eagle-5-25x56-ffp-mrad\/","og_site_name":"Armurerie Richert","article_publisher":"https:\/\/www.facebook.com\/profile.php?id=100023920014088","og_image":[{"width":650,"height":650,"url":"https:\/\/armurerie-richert.ch\/wp-content\/uploads\/2023\/11\/vortex-strike-eagle-5-25x56-ffp-riflescope-ebr-7c-mrad.jpg","type":"image\/jpeg"}],"twitter_card":"summary_large_image","twitter_misc":{"Preis":"&#67;&#72;&#70;&nbsp;890.00","Verf\u00fcgbarkeit":"Auf Lager"},"schema":{"@context":"https:\/\/schema.org","@graph":[{"@type":"WebPage","@id":"https:\/\/armurerie-richert.ch\/de\/produit\/vortex-strike-eagle-5-25x56-ffp-mrad\/","url":"https:\/\/armurerie-richert.ch\/de\/produit\/vortex-strike-eagle-5-25x56-ffp-mrad\/","name":"VORTEX Strike Eagle 5-25x56 FFP Mrad - Armurerie Richert","isPartOf":{"@id":"https:\/\/armurerie-richert.ch\/de\/#website"},"primaryImageOfPage":{"@id":"https:\/\/armurerie-richert.ch\/de\/produit\/vortex-strike-eagle-5-25x56-ffp-mrad\/#primaryimage"},"image":{"@id":"https:\/\/armurerie-richert.ch\/de\/produit\/vortex-strike-eagle-5-25x56-ffp-mrad\/#primaryimage"},"thumbnailUrl":"https:\/\/armurerie-richert.ch\/wp-content\/uploads\/2023\/11\/vortex-strike-eagle-5-25x56-ffp-riflescope-ebr-7c-mrad.jpg","datePublished":"2023-11-05T15:40:02+00:00","description":"Genie\u00dfen Sie eine klare und pr\u00e4zise Sicht mit dem Milrad Vortex Strike Eagle 5-25x56 FFP Zielfernrohr. Ein hochwertiges taktisches Zielfernrohr f\u00fcr ein unvergleichliches Schie\u00dferlebnis.","breadcrumb":{"@id":"https:\/\/armurerie-richert.ch\/de\/produit\/vortex-strike-eagle-5-25x56-ffp-mrad\/#breadcrumb"},"inLanguage":"de","potentialAction":[{"@type":"ReadAction","target":["https:\/\/armurerie-richert.ch\/de\/produit\/vortex-strike-eagle-5-25x56-ffp-mrad\/"]}]},{"@type":"ImageObject","inLanguage":"de","@id":"https:\/\/armurerie-richert.ch\/de\/produit\/vortex-strike-eagle-5-25x56-ffp-mrad\/#primaryimage","url":"https:\/\/armurerie-richert.ch\/wp-content\/uploads\/2023\/11\/vortex-strike-eagle-5-25x56-ffp-riflescope-ebr-7c-mrad.jpg","contentUrl":"https:\/\/armurerie-richert.ch\/wp-content\/uploads\/2023\/11\/vortex-strike-eagle-5-25x56-ffp-riflescope-ebr-7c-mrad.jpg","width":650,"height":650},{"@type":"BreadcrumbList","@id":"https:\/\/armurerie-richert.ch\/de\/produit\/vortex-strike-eagle-5-25x56-ffp-mrad\/#breadcrumb","itemListElement":[{"@type":"ListItem","position":1,"name":"Accueil","item":"https:\/\/armurerie-richert.ch\/de\/startseite\/"},{"@type":"ListItem","position":2,"name":"Shop","item":"https:\/\/armurerie-richert.ch\/de\/shop\/"},{"@type":"ListItem","position":3,"name":"VORTEX Strike Eagle 5-25&#215;56 FFP Mrad"}]},{"@type":"WebSite","@id":"https:\/\/armurerie-richert.ch\/de\/#website","url":"https:\/\/armurerie-richert.ch\/de\/","name":"Armurerie Richert","description":"","publisher":{"@id":"https:\/\/armurerie-richert.ch\/de\/#organization"},"potentialAction":[{"@type":"SearchAction","target":{"@type":"EntryPoint","urlTemplate":"https:\/\/armurerie-richert.ch\/de\/?s={search_term_string}"},"query-input":{"@type":"PropertyValueSpecification","valueRequired":true,"valueName":"search_term_string"}}],"inLanguage":"de"},{"@type":"Organization","@id":"https:\/\/armurerie-richert.ch\/de\/#organization","name":"Armurerie Richert","url":"https:\/\/armurerie-richert.ch\/de\/","logo":{"@type":"ImageObject","inLanguage":"de","@id":"https:\/\/armurerie-richert.ch\/de\/#\/schema\/logo\/image\/","url":"https:\/\/armurerie-richert.ch\/wp-content\/uploads\/2023\/11\/Armurerie-Richert-Logo-300px.png","contentUrl":"https:\/\/armurerie-richert.ch\/wp-content\/uploads\/2023\/11\/Armurerie-Richert-Logo-300px.png","width":300,"height":73,"caption":"Armurerie Richert"},"image":{"@id":"https:\/\/armurerie-richert.ch\/de\/#\/schema\/logo\/image\/"},"sameAs":["https:\/\/www.facebook.com\/profile.php?id=100023920014088"]}]},"product_price_amount":"890.00","product_price_currency":"CHF","og_availability":"instock","product_availability":"instock","product_condition":"new"},"_links":{"self":[{"href":"https:\/\/armurerie-richert.ch\/de\/wp-json\/wp\/v2\/product\/35414","targetHints":{"allow":["GET"]}}],"collection":[{"href":"https:\/\/armurerie-richert.ch\/de\/wp-json\/wp\/v2\/product"}],"about":[{"href":"https:\/\/armurerie-richert.ch\/de\/wp-json\/wp\/v2\/types\/product"}],"wp:featuredmedia":[{"embeddable":true,"href":"https:\/\/armurerie-richert.ch\/de\/wp-json\/wp\/v2\/media\/32514"}],"wp:attachment":[{"href":"https:\/\/armurerie-richert.ch\/de\/wp-json\/wp\/v2\/media?parent=35414"}],"wp:term":[{"taxonomy":"product_brand","embeddable":true,"href":"https:\/\/armurerie-richert.ch\/de\/wp-json\/wp\/v2\/product_brand?post=35414"},{"taxonomy":"product_cat","embeddable":true,"href":"https:\/\/armurerie-richert.ch\/de\/wp-json\/wp\/v2\/product_cat?post=35414"},{"taxonomy":"product_tag","embeddable":true,"href":"https:\/\/armurerie-richert.ch\/de\/wp-json\/wp\/v2\/product_tag?post=35414"}],"curies":[{"name":"wp","href":"https:\/\/api.w.org\/{rel}","templated":true}]}}