{"id":35415,"date":"2023-11-05T17:03:14","date_gmt":"2023-11-05T16:03:14","guid":{"rendered":"https:\/\/armurerie-richert.ch\/produit\/magpul-mbus-gen3-set\/"},"modified":"2023-11-05T17:03:14","modified_gmt":"2023-11-05T16:03:14","slug":"magpul-mbus-gen3-set","status":"publish","type":"product","link":"https:\/\/armurerie-richert.ch\/de\/produit\/magpul-mbus-gen3-set\/","title":{"rendered":"MAGPUL Mbus Gen3 (set)"},"content":{"rendered":"<h3>MAGPUL Mbus Gen3 (set)<\/h3>\n<p>Die MBUS 3 Frontsicht befindet sich im ausgeklappten Zustand auf Standard-AR-H\u00f6he und beinhaltet eine werkzeuglose H\u00f6henverstellung eines doppelt so breiten, erweiterten Frontaufsatzes, \u00e4hnlich wie bei MBUS Pro.<\/p>\n<p><strong>Features:<\/strong><\/p>\n<ul>\n<li>Werkzeuglose H\u00f6henverstellung und zweifach verbreiterte Frontsicht, \u00e4hnlich MBUS Pro<\/li>\n<li>0.47&#8243; hoch wenn gefaltet und 1.38&#8243; breit am breitesten Punkt<\/li>\n<li>Standard AR-H\u00f6he, wenn ausgeklappt<\/li>\n<li>Polymer-Konstruktion, kleinere Gr\u00f6\u00dfe bietet geringes Gewicht und widersteht operativem Missbrauch.<\/li>\n<li>Klemmen an den meisten MIL-STD-1913 Picatinny-Schienen<\/li>\n<\/ul>\n<p><strong>Spezifikationen:<\/strong><\/p>\n<ul>\n<li>Position: Front<\/li>\n<li>H\u00f6he \u00fcber der Schiene, gepolstert: ~0.47 in.<\/li>\n<li>Plattform: AR10, AR15, M4, M16, M110, SR25<\/li>\n<li>Gewicht mit Hardware: 25 g<\/li>\n<li>Elevation Adjustment:\n<ul>\n<li>~1 MOA (1.131&#8243;\/100 m) pro Klick bei einem Sichtradius von 14,5&#8243;.<\/li>\n<li>~0.7 MOA (0.820&#8243;\/100 m) pro Klick bei einem 20&#8243; Sichtradius<br \/>\n<strong>*HINWEIS<\/strong>: Kann nicht an einem verkleideten Gasblock montiert werden, da es zu \u00fcberm\u00e4\u00dfiger Hitzeentwicklung kommt. Front MBUS muss an einer verkleideten Wand auf der gleichen Ebene wie die Empf\u00e4ngerschiene montiert werden. Daher ist das Sichtger\u00e4t auch nicht mit MOE Hand Guards kompatibel.  <\/li>\n<\/ul>\n<\/li>\n<\/ul>\n","protected":false},"excerpt":{"rendered":"<p>Die MBUS 3 Frontsicht befindet sich im ausgeklappten Zustand auf Standard-AR-H\u00f6he und beinhaltet eine werkzeuglose H\u00f6henverstellung eines doppelt so breiten, erweiterten Frontaufsatzes, \u00e4hnlich wie bei MBUS Pro.<\/p>\n<p><strong>Features:<\/strong><\/p>\n<ul>\n<li>Werkzeuglose H\u00f6henverstellung und zweifach verbreiterte Frontsicht, \u00e4hnlich wie MBUS Pro<\/li>\n<li>0.47&#8243; hoch wenn gefaltet und 1.38&#8243; breit am breitesten Punkt<\/li>\n<li>Standard AR-H\u00f6he, wenn ausgeklappt<\/li>\n<li>Polymer-Konstruktion, kleinere Gr\u00f6\u00dfe bietet geringes Gewicht und widersteht operativer Abnutzung.<\/li>\n<li>Klemmen an den meisten MIL-STD-1913 Picatinny-Schienen<\/li>\n<\/ul>\n<p><strong>Spezifikationen:<\/strong><\/p>\n<ul>\n<li>Position: Front<\/li>\n<li>H\u00f6he \u00fcber der Schiene, gepolstert: ~0.47 in.<\/li>\n<li>Plattform: AR10, AR15, M4, M16, M110, SR25<\/li>\n<li>Gewicht mit Hardware: 25 g<\/li>\n<li>Elevation Adjustment:\n<ul>\n<li>~1 MOA (1.131&#8243;\/100 m) pro Klick bei einem Sichtradius von 14,5&#8243;.<\/li>\n<li>~0.7 MOA (0.820&#8243;\/100 m) pro Klick bei einem 20&#8243; Sichtradius<br \/>\n<strong>*HINWEIS<\/strong>: Kann nicht an einem verkleideten Gasblock montiert werden, da es zu \u00fcberm\u00e4\u00dfiger Hitzeentwicklung kommt. Front MBUS muss an einer verkleideten Wand auf der gleichen Ebene wie die Empf\u00e4ngerschiene montiert werden. Daher ist das Sichtger\u00e4t auch nicht mit MOE Hand Guards kompatibel.  <\/li>\n<\/ul>\n<\/li>\n<\/ul>\n","protected":false},"featured_media":32539,"template":"","meta":{"_et_pb_use_builder":"","_et_pb_old_content":"","_et_gb_content_width":""},"product_brand":[],"product_cat":[66,65],"product_tag":[],"class_list":{"0":"post-35415","1":"product","2":"type-product","3":"status-publish","4":"has-post-thumbnail","6":"product_cat-zubehor-fur-gewehre","7":"product_cat-zubehor-und-optik","9":"first","10":"instock","11":"shipping-taxable","12":"purchasable","13":"product-type-simple"},"yoast_head":"<!-- This site is optimized with the Yoast SEO Premium plugin v24.7 (Yoast SEO v27.5) - https:\/\/yoast.com\/product\/yoast-seo-premium-wordpress\/ -->\n<title>MAGPUL Mbus Gen3 (set) - Armurerie Richert<\/title>\n<meta name=\"description\" content=\"Erzielen Sie ein pr\u00e4zises und zuverl\u00e4ssiges Zielen mit den MAGPUL Mbus Gen3 Zielfernrohren. Werkzeuglose H\u00f6henverstellung und solide Polymerkonstruktion.\" \/>\n<meta name=\"robots\" content=\"index, follow, max-snippet:-1, max-image-preview:large, max-video-preview:-1\" \/>\n<link rel=\"canonical\" href=\"https:\/\/armurerie-richert.ch\/de\/produit\/magpul-mbus-gen3-set\/\" \/>\n<meta property=\"og:locale\" content=\"de_DE\" \/>\n<meta property=\"og:type\" content=\"article\" \/>\n<meta property=\"og:title\" content=\"MAGPUL Mbus Gen3 (set)\" \/>\n<meta property=\"og:description\" content=\"Erzielen Sie ein pr\u00e4zises und zuverl\u00e4ssiges Zielen mit den MAGPUL Mbus Gen3 Zielfernrohren. Werkzeuglose H\u00f6henverstellung und solide Polymerkonstruktion.\" \/>\n<meta property=\"og:url\" content=\"https:\/\/armurerie-richert.ch\/de\/produit\/magpul-mbus-gen3-set\/\" \/>\n<meta property=\"og:site_name\" content=\"Armurerie Richert\" \/>\n<meta property=\"article:publisher\" content=\"https:\/\/www.facebook.com\/profile.php?id=100023920014088\" \/>\n<meta property=\"og:image\" content=\"https:\/\/armurerie-richert.ch\/wp-content\/uploads\/2023\/11\/Magpul-Mbus-gen3.jpg\" \/>\n\t<meta property=\"og:image:width\" content=\"663\" \/>\n\t<meta property=\"og:image:height\" content=\"663\" \/>\n\t<meta property=\"og:image:type\" content=\"image\/jpeg\" \/>\n<meta name=\"twitter:card\" content=\"summary_large_image\" \/>\n<meta name=\"twitter:label1\" content=\"Preis\" \/>\n\t<meta name=\"twitter:data1\" content=\"&#067;&#072;&#070;&nbsp;135.00\" \/>\n\t<meta name=\"twitter:label2\" content=\"Verf\u00fcgbarkeit\" \/>\n\t<meta name=\"twitter:data2\" content=\"Auf Lager\" \/>\n<script type=\"application\/ld+json\" class=\"yoast-schema-graph\">{\"@context\":\"https:\\\/\\\/schema.org\",\"@graph\":[{\"@type\":\"WebPage\",\"@id\":\"https:\\\/\\\/armurerie-richert.ch\\\/de\\\/produit\\\/magpul-mbus-gen3-set\\\/\",\"url\":\"https:\\\/\\\/armurerie-richert.ch\\\/de\\\/produit\\\/magpul-mbus-gen3-set\\\/\",\"name\":\"MAGPUL Mbus Gen3 (set) - Armurerie Richert\",\"isPartOf\":{\"@id\":\"https:\\\/\\\/armurerie-richert.ch\\\/de\\\/#website\"},\"primaryImageOfPage\":{\"@id\":\"https:\\\/\\\/armurerie-richert.ch\\\/de\\\/produit\\\/magpul-mbus-gen3-set\\\/#primaryimage\"},\"image\":{\"@id\":\"https:\\\/\\\/armurerie-richert.ch\\\/de\\\/produit\\\/magpul-mbus-gen3-set\\\/#primaryimage\"},\"thumbnailUrl\":\"https:\\\/\\\/armurerie-richert.ch\\\/wp-content\\\/uploads\\\/2023\\\/11\\\/Magpul-Mbus-gen3.jpg\",\"datePublished\":\"2023-11-05T16:03:14+00:00\",\"description\":\"Erzielen Sie ein pr\u00e4zises und zuverl\u00e4ssiges Zielen mit den MAGPUL Mbus Gen3 Zielfernrohren. Werkzeuglose H\u00f6henverstellung und solide Polymerkonstruktion.\",\"breadcrumb\":{\"@id\":\"https:\\\/\\\/armurerie-richert.ch\\\/de\\\/produit\\\/magpul-mbus-gen3-set\\\/#breadcrumb\"},\"inLanguage\":\"de\",\"potentialAction\":[{\"@type\":\"ReadAction\",\"target\":[\"https:\\\/\\\/armurerie-richert.ch\\\/de\\\/produit\\\/magpul-mbus-gen3-set\\\/\"]}]},{\"@type\":\"ImageObject\",\"inLanguage\":\"de\",\"@id\":\"https:\\\/\\\/armurerie-richert.ch\\\/de\\\/produit\\\/magpul-mbus-gen3-set\\\/#primaryimage\",\"url\":\"https:\\\/\\\/armurerie-richert.ch\\\/wp-content\\\/uploads\\\/2023\\\/11\\\/Magpul-Mbus-gen3.jpg\",\"contentUrl\":\"https:\\\/\\\/armurerie-richert.ch\\\/wp-content\\\/uploads\\\/2023\\\/11\\\/Magpul-Mbus-gen3.jpg\",\"width\":663,\"height\":663},{\"@type\":\"BreadcrumbList\",\"@id\":\"https:\\\/\\\/armurerie-richert.ch\\\/de\\\/produit\\\/magpul-mbus-gen3-set\\\/#breadcrumb\",\"itemListElement\":[{\"@type\":\"ListItem\",\"position\":1,\"name\":\"Accueil\",\"item\":\"https:\\\/\\\/armurerie-richert.ch\\\/de\\\/startseite\\\/\"},{\"@type\":\"ListItem\",\"position\":2,\"name\":\"Shop\",\"item\":\"https:\\\/\\\/armurerie-richert.ch\\\/de\\\/shop\\\/\"},{\"@type\":\"ListItem\",\"position\":3,\"name\":\"MAGPUL Mbus Gen3 (set)\"}]},{\"@type\":\"WebSite\",\"@id\":\"https:\\\/\\\/armurerie-richert.ch\\\/de\\\/#website\",\"url\":\"https:\\\/\\\/armurerie-richert.ch\\\/de\\\/\",\"name\":\"Armurerie Richert\",\"description\":\"\",\"publisher\":{\"@id\":\"https:\\\/\\\/armurerie-richert.ch\\\/de\\\/#organization\"},\"potentialAction\":[{\"@type\":\"SearchAction\",\"target\":{\"@type\":\"EntryPoint\",\"urlTemplate\":\"https:\\\/\\\/armurerie-richert.ch\\\/de\\\/?s={search_term_string}\"},\"query-input\":{\"@type\":\"PropertyValueSpecification\",\"valueRequired\":true,\"valueName\":\"search_term_string\"}}],\"inLanguage\":\"de\"},{\"@type\":\"Organization\",\"@id\":\"https:\\\/\\\/armurerie-richert.ch\\\/de\\\/#organization\",\"name\":\"Armurerie Richert\",\"url\":\"https:\\\/\\\/armurerie-richert.ch\\\/de\\\/\",\"logo\":{\"@type\":\"ImageObject\",\"inLanguage\":\"de\",\"@id\":\"https:\\\/\\\/armurerie-richert.ch\\\/de\\\/#\\\/schema\\\/logo\\\/image\\\/\",\"url\":\"https:\\\/\\\/armurerie-richert.ch\\\/wp-content\\\/uploads\\\/2023\\\/11\\\/Armurerie-Richert-Logo-300px.png\",\"contentUrl\":\"https:\\\/\\\/armurerie-richert.ch\\\/wp-content\\\/uploads\\\/2023\\\/11\\\/Armurerie-Richert-Logo-300px.png\",\"width\":300,\"height\":73,\"caption\":\"Armurerie Richert\"},\"image\":{\"@id\":\"https:\\\/\\\/armurerie-richert.ch\\\/de\\\/#\\\/schema\\\/logo\\\/image\\\/\"},\"sameAs\":[\"https:\\\/\\\/www.facebook.com\\\/profile.php?id=100023920014088\"]}]}<\/script>\n<meta property=\"product:price:amount\" content=\"135.00\" \/>\n<meta property=\"product:price:currency\" content=\"CHF\" \/>\n<meta property=\"og:availability\" content=\"instock\" \/>\n<meta property=\"product:availability\" content=\"instock\" \/>\n<meta property=\"product:condition\" content=\"new\" \/>\n<!-- \/ Yoast SEO Premium plugin. -->","yoast_head_json":{"title":"MAGPUL Mbus Gen3 (set) - Armurerie Richert","description":"Erzielen Sie ein pr\u00e4zises und zuverl\u00e4ssiges Zielen mit den MAGPUL Mbus Gen3 Zielfernrohren. Werkzeuglose H\u00f6henverstellung und solide Polymerkonstruktion.","robots":{"index":"index","follow":"follow","max-snippet":"max-snippet:-1","max-image-preview":"max-image-preview:large","max-video-preview":"max-video-preview:-1"},"canonical":"https:\/\/armurerie-richert.ch\/de\/produit\/magpul-mbus-gen3-set\/","og_locale":"de_DE","og_type":"article","og_title":"MAGPUL Mbus Gen3 (set)","og_description":"Erzielen Sie ein pr\u00e4zises und zuverl\u00e4ssiges Zielen mit den MAGPUL Mbus Gen3 Zielfernrohren. Werkzeuglose H\u00f6henverstellung und solide Polymerkonstruktion.","og_url":"https:\/\/armurerie-richert.ch\/de\/produit\/magpul-mbus-gen3-set\/","og_site_name":"Armurerie Richert","article_publisher":"https:\/\/www.facebook.com\/profile.php?id=100023920014088","og_image":[{"width":663,"height":663,"url":"https:\/\/armurerie-richert.ch\/wp-content\/uploads\/2023\/11\/Magpul-Mbus-gen3.jpg","type":"image\/jpeg"}],"twitter_card":"summary_large_image","twitter_misc":{"Preis":"&#67;&#72;&#70;&nbsp;135.00","Verf\u00fcgbarkeit":"Auf Lager"},"schema":{"@context":"https:\/\/schema.org","@graph":[{"@type":"WebPage","@id":"https:\/\/armurerie-richert.ch\/de\/produit\/magpul-mbus-gen3-set\/","url":"https:\/\/armurerie-richert.ch\/de\/produit\/magpul-mbus-gen3-set\/","name":"MAGPUL Mbus Gen3 (set) - Armurerie Richert","isPartOf":{"@id":"https:\/\/armurerie-richert.ch\/de\/#website"},"primaryImageOfPage":{"@id":"https:\/\/armurerie-richert.ch\/de\/produit\/magpul-mbus-gen3-set\/#primaryimage"},"image":{"@id":"https:\/\/armurerie-richert.ch\/de\/produit\/magpul-mbus-gen3-set\/#primaryimage"},"thumbnailUrl":"https:\/\/armurerie-richert.ch\/wp-content\/uploads\/2023\/11\/Magpul-Mbus-gen3.jpg","datePublished":"2023-11-05T16:03:14+00:00","description":"Erzielen Sie ein pr\u00e4zises und zuverl\u00e4ssiges Zielen mit den MAGPUL Mbus Gen3 Zielfernrohren. Werkzeuglose H\u00f6henverstellung und solide Polymerkonstruktion.","breadcrumb":{"@id":"https:\/\/armurerie-richert.ch\/de\/produit\/magpul-mbus-gen3-set\/#breadcrumb"},"inLanguage":"de","potentialAction":[{"@type":"ReadAction","target":["https:\/\/armurerie-richert.ch\/de\/produit\/magpul-mbus-gen3-set\/"]}]},{"@type":"ImageObject","inLanguage":"de","@id":"https:\/\/armurerie-richert.ch\/de\/produit\/magpul-mbus-gen3-set\/#primaryimage","url":"https:\/\/armurerie-richert.ch\/wp-content\/uploads\/2023\/11\/Magpul-Mbus-gen3.jpg","contentUrl":"https:\/\/armurerie-richert.ch\/wp-content\/uploads\/2023\/11\/Magpul-Mbus-gen3.jpg","width":663,"height":663},{"@type":"BreadcrumbList","@id":"https:\/\/armurerie-richert.ch\/de\/produit\/magpul-mbus-gen3-set\/#breadcrumb","itemListElement":[{"@type":"ListItem","position":1,"name":"Accueil","item":"https:\/\/armurerie-richert.ch\/de\/startseite\/"},{"@type":"ListItem","position":2,"name":"Shop","item":"https:\/\/armurerie-richert.ch\/de\/shop\/"},{"@type":"ListItem","position":3,"name":"MAGPUL Mbus Gen3 (set)"}]},{"@type":"WebSite","@id":"https:\/\/armurerie-richert.ch\/de\/#website","url":"https:\/\/armurerie-richert.ch\/de\/","name":"Armurerie Richert","description":"","publisher":{"@id":"https:\/\/armurerie-richert.ch\/de\/#organization"},"potentialAction":[{"@type":"SearchAction","target":{"@type":"EntryPoint","urlTemplate":"https:\/\/armurerie-richert.ch\/de\/?s={search_term_string}"},"query-input":{"@type":"PropertyValueSpecification","valueRequired":true,"valueName":"search_term_string"}}],"inLanguage":"de"},{"@type":"Organization","@id":"https:\/\/armurerie-richert.ch\/de\/#organization","name":"Armurerie Richert","url":"https:\/\/armurerie-richert.ch\/de\/","logo":{"@type":"ImageObject","inLanguage":"de","@id":"https:\/\/armurerie-richert.ch\/de\/#\/schema\/logo\/image\/","url":"https:\/\/armurerie-richert.ch\/wp-content\/uploads\/2023\/11\/Armurerie-Richert-Logo-300px.png","contentUrl":"https:\/\/armurerie-richert.ch\/wp-content\/uploads\/2023\/11\/Armurerie-Richert-Logo-300px.png","width":300,"height":73,"caption":"Armurerie Richert"},"image":{"@id":"https:\/\/armurerie-richert.ch\/de\/#\/schema\/logo\/image\/"},"sameAs":["https:\/\/www.facebook.com\/profile.php?id=100023920014088"]}]},"product_price_amount":"135.00","product_price_currency":"CHF","og_availability":"instock","product_availability":"instock","product_condition":"new"},"_links":{"self":[{"href":"https:\/\/armurerie-richert.ch\/de\/wp-json\/wp\/v2\/product\/35415","targetHints":{"allow":["GET"]}}],"collection":[{"href":"https:\/\/armurerie-richert.ch\/de\/wp-json\/wp\/v2\/product"}],"about":[{"href":"https:\/\/armurerie-richert.ch\/de\/wp-json\/wp\/v2\/types\/product"}],"wp:featuredmedia":[{"embeddable":true,"href":"https:\/\/armurerie-richert.ch\/de\/wp-json\/wp\/v2\/media\/32539"}],"wp:attachment":[{"href":"https:\/\/armurerie-richert.ch\/de\/wp-json\/wp\/v2\/media?parent=35415"}],"wp:term":[{"taxonomy":"product_brand","embeddable":true,"href":"https:\/\/armurerie-richert.ch\/de\/wp-json\/wp\/v2\/product_brand?post=35415"},{"taxonomy":"product_cat","embeddable":true,"href":"https:\/\/armurerie-richert.ch\/de\/wp-json\/wp\/v2\/product_cat?post=35415"},{"taxonomy":"product_tag","embeddable":true,"href":"https:\/\/armurerie-richert.ch\/de\/wp-json\/wp\/v2\/product_tag?post=35415"}],"curies":[{"name":"wp","href":"https:\/\/api.w.org\/{rel}","templated":true}]}}