{"id":35416,"date":"2023-11-05T16:58:12","date_gmt":"2023-11-05T15:58:12","guid":{"rendered":"https:\/\/armurerie-richert.ch\/produit\/shadow-system-xr920-elite-mit-fde-gewinde\/"},"modified":"2023-11-05T16:58:12","modified_gmt":"2023-11-05T15:58:12","slug":"shadow-system-xr920-elite-mit-fde-gewinde","status":"publish","type":"product","link":"https:\/\/armurerie-richert.ch\/de\/produit\/shadow-system-xr920-elite-mit-fde-gewinde\/","title":{"rendered":"SHADOW SYSTEM XR920 Elite mit FDE-Gewinde"},"content":{"rendered":"<h3>SHADOW SYSTEM XR920 Elite mit FDE-Gewinde<\/h3>\n<p>Die neue XR920 ist die Crossover-Pistole, die schneller aus dem Holster kommt und eine volle 17+1 Kapazit\u00e4t hat. Mit der anpassbaren Ergonomie und der einzigartigen R\u00fccksto\u00dfkontrolle, die Sie von einer Shadow Systems Pistole erwarten, ist die XR920 bereit f\u00fcr den Einsatz. Der XR920 Rahmen verf\u00fcgt \u00fcber austauschbare R\u00fcckenschienen, so dass der Sch\u00fctze den Griffwinkel an seinen nat\u00fcrlichen Zielpunkt anpassen kann. Das verl\u00e4ngerte Beavertail und der aggressive Unterschnitt des Trigger Guards bieten eine einzigartige Kontrolle \u00fcber die Schiene und erm\u00f6glichen schnelle, akkurate Nachsch\u00fcsse. Die Wrap-around-Griffstruktur des Rahmens ist aggressiv genug, um die Waffe fest im Griff des Sch\u00fctzen zu halten, ohne unbequem f\u00fcr den t\u00e4glichen Gebrauch zu sein. Der XR920 Schieber ist f\u00fcr die Handhabung unter Stress ausgelegt, mit direktionalen Verengungen vorne und hinten (bei einigen Modellen auch oben) und einem schmalen Profil an den Griffstellen. Der passend abgestufte Lauf ist konventionell geriffelt, spiralf\u00f6rmig geflossen und mit oder ohne Gewinde erh\u00e4ltlich. Der Drop-Safe, flach-faced Aluminium Trigger hat einen 4,5-5,0 lbs Triggerzug und einen knackigen, taktilen Reset. Der patentierte Optic Cut erm\u00f6glicht es Sch\u00fctzen, einen Mini Red Dot Optic ihrer Wahl zu montieren. Der Optic Cut auf dem XR920 kann die wichtigsten Marken von RDS-Optiken aufnehmen, die direkt auf dem Schieber montiert werden, ohne dass Platten oder Adapter ben\u00f6tigt werden. Ob Ihre Pistole Ihre Sicherheitsdecke f\u00fcr die Nacht oder Ihr t\u00e4glicher Arbeitspartner ist, es gibt eine Pistole von Shadow Systems, die zu dieser Rolle passt. Die XR920 ist eine perfekte Mischung aus der MR920 und der DR920. Die XR920 Elite verf\u00fcgt \u00fcber Richtungsfeststellungen auf der Vorderseite, der R\u00fcckseite und der Oberseite. Die Elite-Slides enthalten auch einen gewichtsoptimierenden Fensterschnitt und alle Elite-Modelle verf\u00fcgen \u00fcber den patentierten Multi-Footprint-Optikschnitt. <\/p>\n<p><strong>Spezifikationen:<\/strong><\/p>\n<ul>\n<li><strong>Caliber:<\/strong> 9\u00d719<\/li>\n<li><strong>Aktion:<\/strong> Striker fire<\/li>\n<li><strong>Gewicht:<\/strong> 22.4 oz<\/li>\n<li><strong>Rahmen: <\/strong>Textured polymer<\/li>\n<li><strong>L\u00e4nge:<\/strong> 7 \u00bc inches (unthreaded)<\/li>\n<li><strong>H\u00f6he: <\/strong>4 \u00be inches<\/li>\n<li><strong>Slide Material: <\/strong>17-4 Stainless Steel<\/li>\n<li><strong>Trigger pull:<\/strong> 4.5-5.0 lbs<\/li>\n<li><strong>Kapazit\u00e4t: <\/strong>17+1<\/li>\n<li><strong>Vorderseite: <\/strong>Green Outline, Tritium Dot<\/li>\n<li><strong>R\u00fcckansicht: <\/strong>Black Serrated<\/li>\n<li><strong>Rahmenfarbe: <\/strong>Schwarz<\/li>\n<li><strong>Lauf:<\/strong> 4.5&#8243; Unthreaded<\/li>\n<li><strong>Barrel Finish:<\/strong> Bronze<\/li>\n<li><strong>Barrel Material:<\/strong> 416R Stainless Steel<\/li>\n<li><strong>Rifling: <\/strong>1-10<\/li>\n<li><strong>Slide Coating: <\/strong>Black Nitride<\/li>\n<li><strong>Optic Cut:<\/strong> Multi Footprint<\/li>\n<li><strong>Magazin: <\/strong>(2) 17rd PMag<\/li>\n<\/ul>\n","protected":false},"excerpt":{"rendered":"<p>Die neue XR920 ist die Crossover-Pistole, die schneller aus dem Holster kommt und eine volle 17+1 Kapazit\u00e4t hat. Mit der anpassbaren Ergonomie und der einzigartigen R\u00fccksto\u00dfkontrolle, die Sie von einer Shadow Systems Pistole erwarten, ist die XR920 bereit f\u00fcr den Einsatz. Der XR920 Rahmen verf\u00fcgt \u00fcber austauschbare R\u00fcckenschienen, so dass der Sch\u00fctze den Griffwinkel an seinen nat\u00fcrlichen Zielpunkt anpassen kann. Das verl\u00e4ngerte Beavertail und der aggressive Unterschnitt des Trigger Guards bieten eine einzigartige Kontrolle \u00fcber die Schiene und erm\u00f6glichen schnelle, akkurate Nachsch\u00fcsse. Die Wrap-around-Griffstruktur des Rahmens ist aggressiv genug, um die Waffe fest im Griff des Sch\u00fctzen zu halten, ohne unbequem f\u00fcr den t\u00e4glichen Gebrauch zu sein. Der XR920 Schieber ist f\u00fcr die Handhabung unter Stress ausgelegt, mit direktionalen Verengungen vorne und hinten (bei einigen Modellen auch oben) und einem schmalen Profil an den Griffstellen. Der passend abgestufte Lauf ist konventionell geriffelt, spiralf\u00f6rmig geflossen und mit oder ohne Gewinde erh\u00e4ltlich. Der Drop-Safe, flach-faced Aluminium Trigger hat einen 4,5-5,0 lbs Triggerzug und einen knackigen, taktilen Reset. Der patentierte Optic Cut erm\u00f6glicht es Sch\u00fctzen, einen Mini Red Dot Optic ihrer Wahl zu montieren. Der Optic Cut auf dem XR920 kann die wichtigsten Marken von RDS-Optiken aufnehmen, die direkt auf dem Schieber montiert werden, ohne dass Platten oder Adapter ben\u00f6tigt werden. Ob Ihre Pistole Ihre Sicherheitsdecke f\u00fcr die Nacht oder Ihr t\u00e4glicher Arbeitspartner ist, es gibt eine Pistole von Shadow Systems, die zu dieser Rolle passt. Die XR920 ist eine perfekte Mischung aus der MR920 und der DR920. Die XR920 Elite verf\u00fcgt \u00fcber Richtungsfeststellungen auf der Vorderseite, der R\u00fcckseite und der Oberseite. Die Elite-Slides enthalten auch einen gewichtsoptimierenden Fensterschnitt und alle Elite-Modelle verf\u00fcgen \u00fcber den patentierten Multi-Footprint-Optikschnitt. <\/p>\n<p><strong>Spezifikationen:<\/strong><\/p>\n<ul>\n<li><strong>Caliber:<\/strong> 9\u00d719<\/li>\n<li><strong>Aktion:<\/strong> Striker fire<\/li>\n<li><strong>Gewicht:<\/strong> 22.4 oz<\/li>\n<li><strong>Rahmen: <\/strong>Textured polymer<\/li>\n<li><strong>L\u00e4nge:<\/strong> 7 \u00bc inches (unthreaded)<\/li>\n<li><strong>H\u00f6he: <\/strong>4 \u00be inches<\/li>\n<li><strong>Slide Material: <\/strong>17-4 Stainless Steel<\/li>\n<li><strong>Trigger pull:<\/strong> 4.5-5.0 lbs<\/li>\n<li><strong>Kapazit\u00e4t: <\/strong>17+1<\/li>\n<li><strong>Vorderseite: <\/strong>Green Outline, Tritium Dot<\/li>\n<li><strong>R\u00fcckansicht: <\/strong>Black Serrated<\/li>\n<li><strong>Rahmenfarbe: <\/strong>Schwarz<\/li>\n<li><strong>Barrel:<\/strong> 4.5&#8243; Unthreaded<\/li>\n<li><strong>Barrel Finish:<\/strong> Bronze<\/li>\n<li><strong>Barrel Material:<\/strong> 416R Stainless Steel<\/li>\n<li><strong>Rifling: <\/strong>1-10<\/li>\n<li><strong>Slide Coating: <\/strong>Black Nitride<\/li>\n<li><strong>Optic Cut:<\/strong> Multi Footprint<\/li>\n<li><strong>Magazin: <\/strong>(2) 17rd PMag<\/li>\n<\/ul>\n","protected":false},"featured_media":32532,"template":"","meta":{"_et_pb_use_builder":"","_et_pb_old_content":"","_et_gb_content_width":""},"product_brand":[],"product_cat":[78,77],"product_tag":[],"class_list":{"0":"post-35416","1":"product","2":"type-product","3":"status-publish","4":"has-post-thumbnail","6":"product_cat-glock-und-derivate","7":"product_cat-neue-waffen","9":"first","10":"instock","11":"shipping-taxable","12":"purchasable","13":"product-type-simple"},"yoast_head":"<!-- This site is optimized with the Yoast SEO Premium plugin v24.7 (Yoast SEO v27.5) - https:\/\/yoast.com\/product\/yoast-seo-premium-wordpress\/ -->\n<title>SHADOW SYSTEM XR920 Elite mit FDE-Gewinde - Armurerie Richert<\/title>\n<meta name=\"description\" content=\"Entdecken Sie die Pistole XR920 Elite mit FDE-Gewinde von Shadow Systems, die entwickelt wurde, um die speziellen Anforderungen der Strafverfolgungsbeh\u00f6rden zu erf\u00fcllen. Eine un\u00fcbertroffene R\u00fccksto\u00dfkontrolle und eine Kapazit\u00e4t von 17+1 Schuss machen diese Waffe zur perfekten Handfeuerwaffe.\" \/>\n<meta name=\"robots\" content=\"index, follow, max-snippet:-1, max-image-preview:large, max-video-preview:-1\" \/>\n<link rel=\"canonical\" href=\"https:\/\/armurerie-richert.ch\/de\/produit\/shadow-system-xr920-elite-mit-fde-gewinde\/\" \/>\n<meta property=\"og:locale\" content=\"de_DE\" \/>\n<meta property=\"og:type\" content=\"article\" \/>\n<meta property=\"og:title\" content=\"SHADOW SYSTEM XR920 Elite mit FDE-Gewinde\" \/>\n<meta property=\"og:description\" content=\"Entdecken Sie die Pistole XR920 Elite mit FDE-Gewinde von Shadow Systems, die entwickelt wurde, um die speziellen Anforderungen der Strafverfolgungsbeh\u00f6rden zu erf\u00fcllen. Eine un\u00fcbertroffene R\u00fccksto\u00dfkontrolle und eine Kapazit\u00e4t von 17+1 Schuss machen diese Waffe zur perfekten Handfeuerwaffe.\" \/>\n<meta property=\"og:url\" content=\"https:\/\/armurerie-richert.ch\/de\/produit\/shadow-system-xr920-elite-mit-fde-gewinde\/\" \/>\n<meta property=\"og:site_name\" content=\"Armurerie Richert\" \/>\n<meta property=\"article:publisher\" content=\"https:\/\/www.facebook.com\/profile.php?id=100023920014088\" \/>\n<meta property=\"og:image\" content=\"https:\/\/armurerie-richert.ch\/wp-content\/uploads\/2023\/11\/ss-xr920-elite-9mm-optic-ready-pistol-tb-fde-1.jpg\" \/>\n\t<meta property=\"og:image:width\" content=\"1609\" \/>\n\t<meta property=\"og:image:height\" content=\"1609\" \/>\n\t<meta property=\"og:image:type\" content=\"image\/jpeg\" \/>\n<meta name=\"twitter:card\" content=\"summary_large_image\" \/>\n<meta name=\"twitter:label1\" content=\"Preis\" \/>\n\t<meta name=\"twitter:data1\" content=\"&#067;&#072;&#070;&nbsp;1&#039;490.00\" \/>\n\t<meta name=\"twitter:label2\" content=\"Verf\u00fcgbarkeit\" \/>\n\t<meta name=\"twitter:data2\" content=\"Auf Lager\" \/>\n<script type=\"application\/ld+json\" class=\"yoast-schema-graph\">{\"@context\":\"https:\\\/\\\/schema.org\",\"@graph\":[{\"@type\":\"WebPage\",\"@id\":\"https:\\\/\\\/armurerie-richert.ch\\\/de\\\/produit\\\/shadow-system-xr920-elite-mit-fde-gewinde\\\/\",\"url\":\"https:\\\/\\\/armurerie-richert.ch\\\/de\\\/produit\\\/shadow-system-xr920-elite-mit-fde-gewinde\\\/\",\"name\":\"SHADOW SYSTEM XR920 Elite mit FDE-Gewinde - Armurerie Richert\",\"isPartOf\":{\"@id\":\"https:\\\/\\\/armurerie-richert.ch\\\/de\\\/#website\"},\"primaryImageOfPage\":{\"@id\":\"https:\\\/\\\/armurerie-richert.ch\\\/de\\\/produit\\\/shadow-system-xr920-elite-mit-fde-gewinde\\\/#primaryimage\"},\"image\":{\"@id\":\"https:\\\/\\\/armurerie-richert.ch\\\/de\\\/produit\\\/shadow-system-xr920-elite-mit-fde-gewinde\\\/#primaryimage\"},\"thumbnailUrl\":\"https:\\\/\\\/armurerie-richert.ch\\\/wp-content\\\/uploads\\\/2023\\\/11\\\/ss-xr920-elite-9mm-optic-ready-pistol-tb-fde-1.jpg\",\"datePublished\":\"2023-11-05T15:58:12+00:00\",\"description\":\"Entdecken Sie die Pistole XR920 Elite mit FDE-Gewinde von Shadow Systems, die entwickelt wurde, um die speziellen Anforderungen der Strafverfolgungsbeh\u00f6rden zu erf\u00fcllen. Eine un\u00fcbertroffene R\u00fccksto\u00dfkontrolle und eine Kapazit\u00e4t von 17+1 Schuss machen diese Waffe zur perfekten Handfeuerwaffe.\",\"breadcrumb\":{\"@id\":\"https:\\\/\\\/armurerie-richert.ch\\\/de\\\/produit\\\/shadow-system-xr920-elite-mit-fde-gewinde\\\/#breadcrumb\"},\"inLanguage\":\"de\",\"potentialAction\":[{\"@type\":\"ReadAction\",\"target\":[\"https:\\\/\\\/armurerie-richert.ch\\\/de\\\/produit\\\/shadow-system-xr920-elite-mit-fde-gewinde\\\/\"]}]},{\"@type\":\"ImageObject\",\"inLanguage\":\"de\",\"@id\":\"https:\\\/\\\/armurerie-richert.ch\\\/de\\\/produit\\\/shadow-system-xr920-elite-mit-fde-gewinde\\\/#primaryimage\",\"url\":\"https:\\\/\\\/armurerie-richert.ch\\\/wp-content\\\/uploads\\\/2023\\\/11\\\/ss-xr920-elite-9mm-optic-ready-pistol-tb-fde-1.jpg\",\"contentUrl\":\"https:\\\/\\\/armurerie-richert.ch\\\/wp-content\\\/uploads\\\/2023\\\/11\\\/ss-xr920-elite-9mm-optic-ready-pistol-tb-fde-1.jpg\",\"width\":1609,\"height\":1609},{\"@type\":\"BreadcrumbList\",\"@id\":\"https:\\\/\\\/armurerie-richert.ch\\\/de\\\/produit\\\/shadow-system-xr920-elite-mit-fde-gewinde\\\/#breadcrumb\",\"itemListElement\":[{\"@type\":\"ListItem\",\"position\":1,\"name\":\"Accueil\",\"item\":\"https:\\\/\\\/armurerie-richert.ch\\\/de\\\/startseite\\\/\"},{\"@type\":\"ListItem\",\"position\":2,\"name\":\"Shop\",\"item\":\"https:\\\/\\\/armurerie-richert.ch\\\/de\\\/shop\\\/\"},{\"@type\":\"ListItem\",\"position\":3,\"name\":\"SHADOW SYSTEM XR920 Elite mit FDE-Gewinde\"}]},{\"@type\":\"WebSite\",\"@id\":\"https:\\\/\\\/armurerie-richert.ch\\\/de\\\/#website\",\"url\":\"https:\\\/\\\/armurerie-richert.ch\\\/de\\\/\",\"name\":\"Armurerie Richert\",\"description\":\"\",\"publisher\":{\"@id\":\"https:\\\/\\\/armurerie-richert.ch\\\/de\\\/#organization\"},\"potentialAction\":[{\"@type\":\"SearchAction\",\"target\":{\"@type\":\"EntryPoint\",\"urlTemplate\":\"https:\\\/\\\/armurerie-richert.ch\\\/de\\\/?s={search_term_string}\"},\"query-input\":{\"@type\":\"PropertyValueSpecification\",\"valueRequired\":true,\"valueName\":\"search_term_string\"}}],\"inLanguage\":\"de\"},{\"@type\":\"Organization\",\"@id\":\"https:\\\/\\\/armurerie-richert.ch\\\/de\\\/#organization\",\"name\":\"Armurerie Richert\",\"url\":\"https:\\\/\\\/armurerie-richert.ch\\\/de\\\/\",\"logo\":{\"@type\":\"ImageObject\",\"inLanguage\":\"de\",\"@id\":\"https:\\\/\\\/armurerie-richert.ch\\\/de\\\/#\\\/schema\\\/logo\\\/image\\\/\",\"url\":\"https:\\\/\\\/armurerie-richert.ch\\\/wp-content\\\/uploads\\\/2023\\\/11\\\/Armurerie-Richert-Logo-300px.png\",\"contentUrl\":\"https:\\\/\\\/armurerie-richert.ch\\\/wp-content\\\/uploads\\\/2023\\\/11\\\/Armurerie-Richert-Logo-300px.png\",\"width\":300,\"height\":73,\"caption\":\"Armurerie Richert\"},\"image\":{\"@id\":\"https:\\\/\\\/armurerie-richert.ch\\\/de\\\/#\\\/schema\\\/logo\\\/image\\\/\"},\"sameAs\":[\"https:\\\/\\\/www.facebook.com\\\/profile.php?id=100023920014088\"]}]}<\/script>\n<meta property=\"product:price:amount\" content=\"1490.00\" \/>\n<meta property=\"product:price:currency\" content=\"CHF\" \/>\n<meta property=\"og:availability\" content=\"instock\" \/>\n<meta property=\"product:availability\" content=\"instock\" \/>\n<meta property=\"product:condition\" content=\"new\" \/>\n<!-- \/ Yoast SEO Premium plugin. -->","yoast_head_json":{"title":"SHADOW SYSTEM XR920 Elite mit FDE-Gewinde - Armurerie Richert","description":"Entdecken Sie die Pistole XR920 Elite mit FDE-Gewinde von Shadow Systems, die entwickelt wurde, um die speziellen Anforderungen der Strafverfolgungsbeh\u00f6rden zu erf\u00fcllen. Eine un\u00fcbertroffene R\u00fccksto\u00dfkontrolle und eine Kapazit\u00e4t von 17+1 Schuss machen diese Waffe zur perfekten Handfeuerwaffe.","robots":{"index":"index","follow":"follow","max-snippet":"max-snippet:-1","max-image-preview":"max-image-preview:large","max-video-preview":"max-video-preview:-1"},"canonical":"https:\/\/armurerie-richert.ch\/de\/produit\/shadow-system-xr920-elite-mit-fde-gewinde\/","og_locale":"de_DE","og_type":"article","og_title":"SHADOW SYSTEM XR920 Elite mit FDE-Gewinde","og_description":"Entdecken Sie die Pistole XR920 Elite mit FDE-Gewinde von Shadow Systems, die entwickelt wurde, um die speziellen Anforderungen der Strafverfolgungsbeh\u00f6rden zu erf\u00fcllen. Eine un\u00fcbertroffene R\u00fccksto\u00dfkontrolle und eine Kapazit\u00e4t von 17+1 Schuss machen diese Waffe zur perfekten Handfeuerwaffe.","og_url":"https:\/\/armurerie-richert.ch\/de\/produit\/shadow-system-xr920-elite-mit-fde-gewinde\/","og_site_name":"Armurerie Richert","article_publisher":"https:\/\/www.facebook.com\/profile.php?id=100023920014088","og_image":[{"width":1609,"height":1609,"url":"https:\/\/armurerie-richert.ch\/wp-content\/uploads\/2023\/11\/ss-xr920-elite-9mm-optic-ready-pistol-tb-fde-1.jpg","type":"image\/jpeg"}],"twitter_card":"summary_large_image","twitter_misc":{"Preis":"&#67;&#72;&#70;&nbsp;1'490.00","Verf\u00fcgbarkeit":"Auf Lager"},"schema":{"@context":"https:\/\/schema.org","@graph":[{"@type":"WebPage","@id":"https:\/\/armurerie-richert.ch\/de\/produit\/shadow-system-xr920-elite-mit-fde-gewinde\/","url":"https:\/\/armurerie-richert.ch\/de\/produit\/shadow-system-xr920-elite-mit-fde-gewinde\/","name":"SHADOW SYSTEM XR920 Elite mit FDE-Gewinde - Armurerie Richert","isPartOf":{"@id":"https:\/\/armurerie-richert.ch\/de\/#website"},"primaryImageOfPage":{"@id":"https:\/\/armurerie-richert.ch\/de\/produit\/shadow-system-xr920-elite-mit-fde-gewinde\/#primaryimage"},"image":{"@id":"https:\/\/armurerie-richert.ch\/de\/produit\/shadow-system-xr920-elite-mit-fde-gewinde\/#primaryimage"},"thumbnailUrl":"https:\/\/armurerie-richert.ch\/wp-content\/uploads\/2023\/11\/ss-xr920-elite-9mm-optic-ready-pistol-tb-fde-1.jpg","datePublished":"2023-11-05T15:58:12+00:00","description":"Entdecken Sie die Pistole XR920 Elite mit FDE-Gewinde von Shadow Systems, die entwickelt wurde, um die speziellen Anforderungen der Strafverfolgungsbeh\u00f6rden zu erf\u00fcllen. Eine un\u00fcbertroffene R\u00fccksto\u00dfkontrolle und eine Kapazit\u00e4t von 17+1 Schuss machen diese Waffe zur perfekten Handfeuerwaffe.","breadcrumb":{"@id":"https:\/\/armurerie-richert.ch\/de\/produit\/shadow-system-xr920-elite-mit-fde-gewinde\/#breadcrumb"},"inLanguage":"de","potentialAction":[{"@type":"ReadAction","target":["https:\/\/armurerie-richert.ch\/de\/produit\/shadow-system-xr920-elite-mit-fde-gewinde\/"]}]},{"@type":"ImageObject","inLanguage":"de","@id":"https:\/\/armurerie-richert.ch\/de\/produit\/shadow-system-xr920-elite-mit-fde-gewinde\/#primaryimage","url":"https:\/\/armurerie-richert.ch\/wp-content\/uploads\/2023\/11\/ss-xr920-elite-9mm-optic-ready-pistol-tb-fde-1.jpg","contentUrl":"https:\/\/armurerie-richert.ch\/wp-content\/uploads\/2023\/11\/ss-xr920-elite-9mm-optic-ready-pistol-tb-fde-1.jpg","width":1609,"height":1609},{"@type":"BreadcrumbList","@id":"https:\/\/armurerie-richert.ch\/de\/produit\/shadow-system-xr920-elite-mit-fde-gewinde\/#breadcrumb","itemListElement":[{"@type":"ListItem","position":1,"name":"Accueil","item":"https:\/\/armurerie-richert.ch\/de\/startseite\/"},{"@type":"ListItem","position":2,"name":"Shop","item":"https:\/\/armurerie-richert.ch\/de\/shop\/"},{"@type":"ListItem","position":3,"name":"SHADOW SYSTEM XR920 Elite mit FDE-Gewinde"}]},{"@type":"WebSite","@id":"https:\/\/armurerie-richert.ch\/de\/#website","url":"https:\/\/armurerie-richert.ch\/de\/","name":"Armurerie Richert","description":"","publisher":{"@id":"https:\/\/armurerie-richert.ch\/de\/#organization"},"potentialAction":[{"@type":"SearchAction","target":{"@type":"EntryPoint","urlTemplate":"https:\/\/armurerie-richert.ch\/de\/?s={search_term_string}"},"query-input":{"@type":"PropertyValueSpecification","valueRequired":true,"valueName":"search_term_string"}}],"inLanguage":"de"},{"@type":"Organization","@id":"https:\/\/armurerie-richert.ch\/de\/#organization","name":"Armurerie Richert","url":"https:\/\/armurerie-richert.ch\/de\/","logo":{"@type":"ImageObject","inLanguage":"de","@id":"https:\/\/armurerie-richert.ch\/de\/#\/schema\/logo\/image\/","url":"https:\/\/armurerie-richert.ch\/wp-content\/uploads\/2023\/11\/Armurerie-Richert-Logo-300px.png","contentUrl":"https:\/\/armurerie-richert.ch\/wp-content\/uploads\/2023\/11\/Armurerie-Richert-Logo-300px.png","width":300,"height":73,"caption":"Armurerie Richert"},"image":{"@id":"https:\/\/armurerie-richert.ch\/de\/#\/schema\/logo\/image\/"},"sameAs":["https:\/\/www.facebook.com\/profile.php?id=100023920014088"]}]},"product_price_amount":"1490.00","product_price_currency":"CHF","og_availability":"instock","product_availability":"instock","product_condition":"new"},"_links":{"self":[{"href":"https:\/\/armurerie-richert.ch\/de\/wp-json\/wp\/v2\/product\/35416","targetHints":{"allow":["GET"]}}],"collection":[{"href":"https:\/\/armurerie-richert.ch\/de\/wp-json\/wp\/v2\/product"}],"about":[{"href":"https:\/\/armurerie-richert.ch\/de\/wp-json\/wp\/v2\/types\/product"}],"wp:featuredmedia":[{"embeddable":true,"href":"https:\/\/armurerie-richert.ch\/de\/wp-json\/wp\/v2\/media\/32532"}],"wp:attachment":[{"href":"https:\/\/armurerie-richert.ch\/de\/wp-json\/wp\/v2\/media?parent=35416"}],"wp:term":[{"taxonomy":"product_brand","embeddable":true,"href":"https:\/\/armurerie-richert.ch\/de\/wp-json\/wp\/v2\/product_brand?post=35416"},{"taxonomy":"product_cat","embeddable":true,"href":"https:\/\/armurerie-richert.ch\/de\/wp-json\/wp\/v2\/product_cat?post=35416"},{"taxonomy":"product_tag","embeddable":true,"href":"https:\/\/armurerie-richert.ch\/de\/wp-json\/wp\/v2\/product_tag?post=35416"}],"curies":[{"name":"wp","href":"https:\/\/api.w.org\/{rel}","templated":true}]}}