{"id":35417,"date":"2023-11-05T16:54:10","date_gmt":"2023-11-05T15:54:10","guid":{"rendered":"https:\/\/armurerie-richert.ch\/produit\/shadow-system-xr920-elite\/"},"modified":"2023-11-05T16:54:10","modified_gmt":"2023-11-05T15:54:10","slug":"shadow-system-xr920-elite","status":"publish","type":"product","link":"https:\/\/armurerie-richert.ch\/de\/produit\/shadow-system-xr920-elite\/","title":{"rendered":"SHADOW SYSTEM XR920 Elite"},"content":{"rendered":"<h3>SHADOW SYSTEM XR920 Elite<\/h3>\n<p>Die neue XR920 entstand aus einer Sonderanfertigung f\u00fcr die Strafverfolgung und ist die Crossover-Pistole, die schneller aus dem Holster kommt und eine volle 17+1 Kapazit\u00e4t hat. Mit der anpassbaren Ergonomie und der einzigartigen R\u00fccksto\u00dfkontrolle, die Sie von einer Shadow Systems Pistole erwarten, ist die XR920 bereit f\u00fcr den Einsatz. Der XR920 Rahmen verf\u00fcgt \u00fcber austauschbare R\u00fcckenschienen, so dass der Sch\u00fctze den Griffwinkel an seinen nat\u00fcrlichen Zielpunkt anpassen kann. Das verl\u00e4ngerte Beavertail und der aggressive Unterschnitt des Trigger Guards bieten eine einzigartige Kontrolle \u00fcber die Schiene und erm\u00f6glichen schnelle, akkurate Nachsch\u00fcsse. Die Wrap-around-Griffstruktur des Rahmens ist aggressiv genug, um die Waffe fest im Griff des Sch\u00fctzen zu halten, ohne unbequem f\u00fcr den t\u00e4glichen Gebrauch zu sein. Der XR920 Schieber ist f\u00fcr die Handhabung unter Stress ausgelegt, mit direktionalen Verengungen vorne und hinten (bei einigen Modellen auch oben) und einem schmalen Profil an den Griffstellen. Der passend abgestufte Lauf ist konventionell geriffelt, spiralf\u00f6rmig geflossen und mit oder ohne Gewinde erh\u00e4ltlich. Der Drop-Safe, flach-faced Aluminium Trigger hat einen 4,5-5,0 lbs Triggerzug und einen knackigen, taktilen Reset. Der patentierte Optic Cut erm\u00f6glicht es Sch\u00fctzen, einen Mini Red Dot Optic ihrer Wahl zu montieren. Der Optic Cut auf dem XR920 kann die wichtigsten Marken von RDS-Optiken aufnehmen, die direkt auf dem Schieber montiert werden, ohne dass Platten oder Adapter ben\u00f6tigt werden. Ob Ihre Pistole nun Ihre Sicherheitsdecke f\u00fcr die Nacht oder Ihr t\u00e4glicher Gesch\u00e4ftspartner ist, es gibt eine Shadow Systems Pistole, die zu dieser Rolle passt. <\/p>\n<p> Der XR920 ist eine perfekte Mischung aus dem MR920 und dem DR920. Der XR920 Elite verf\u00fcgt \u00fcber direktionale Serrationen auf der Vorder- und R\u00fcckseite sowie auf der Oberseite. Die Elite-Slides enthalten auch einen gewichtsoptimierenden Fensterschnitt und alle Elite-Modelle verf\u00fcgen \u00fcber den patentierten Multi-Footprint-Optikschnitt.<\/p>\n<p><strong>Spezifikationen:<\/strong><\/p>\n<ul>\n<li><strong>Caliber:<\/strong> 9\u00d719<\/li>\n<li><strong>Aktion:<\/strong> Striker fire<\/li>\n<li><strong>Gewicht:<\/strong> 22.4 oz<\/li>\n<li><strong>Rahmen: <\/strong>Textured polymer<\/li>\n<li><strong>L\u00e4nge:<\/strong> 7 \u00bc inches (unthreaded)<\/li>\n<li><strong>H\u00f6he: <\/strong>4 \u00be inches<\/li>\n<li><strong>Slide Material: <\/strong>17-4 Stainless Steel<\/li>\n<li><strong>Trigger pull:<\/strong> 4.5-5.0 lbs<\/li>\n<li><strong>Kapazit\u00e4t: <\/strong>17+1<\/li>\n<li><strong>Vorderseite: <\/strong>Green Outline, Tritium Dot<\/li>\n<li><strong>R\u00fcckansicht: <\/strong>Black Serrated<\/li>\n<li><strong>Rahmenfarbe: <\/strong>Schwarz<\/li>\n<li><strong>Lauf:<\/strong> 4.5&#8243; Unthreaded<\/li>\n<li><strong>Barrel Finish:<\/strong> Bronze<\/li>\n<li><strong>Barrel Material:<\/strong> 416R Stainless Steel<\/li>\n<li><strong>Rifling: <\/strong>1-10<\/li>\n<li><strong>Slide Coating: <\/strong>Black Nitride<\/li>\n<li><strong>Optic Cut:<\/strong> Multi Footprint<\/li>\n<li><strong>Magazin: <\/strong>(2) 17rd PMag<\/li>\n<\/ul>\n","protected":false},"excerpt":{"rendered":"<p>Die neue XR920 entstand aus einer Sonderanfertigung f\u00fcr die Strafverfolgung und ist die Crossover-Pistole, die schneller aus dem Holster kommt und eine volle 17+1 Kapazit\u00e4t hat. Mit der anpassbaren Ergonomie und der einzigartigen R\u00fccksto\u00dfkontrolle, die Sie von einer Shadow Systems Pistole erwarten, ist die XR920 bereit f\u00fcr den Einsatz. Der XR920 Rahmen verf\u00fcgt \u00fcber austauschbare R\u00fcckenschienen, so dass der Sch\u00fctze den Griffwinkel an seinen nat\u00fcrlichen Zielpunkt anpassen kann. Das verl\u00e4ngerte Beavertail und der aggressive Unterschnitt des Trigger Guards bieten eine einzigartige Kontrolle \u00fcber die Schiene und erm\u00f6glichen schnelle, akkurate Nachsch\u00fcsse. Die Wrap-around-Griffstruktur des Rahmens ist aggressiv genug, um die Waffe fest im Griff des Sch\u00fctzen zu halten, ohne unbequem f\u00fcr den t\u00e4glichen Gebrauch zu sein. Der XR920 Schieber ist f\u00fcr die Handhabung unter Stress ausgelegt, mit direktionalen Verengungen vorne und hinten (bei einigen Modellen auch oben) und einem schmalen Profil an den Griffstellen. Der passend abgestufte Lauf ist konventionell geriffelt, spiralf\u00f6rmig geflossen und mit oder ohne Gewinde erh\u00e4ltlich. Der Drop-Safe, flach-faced Aluminium Trigger hat einen 4,5-5,0 lbs Triggerzug und einen knackigen, taktilen Reset. Der patentierte Optic Cut erm\u00f6glicht es Sch\u00fctzen, einen Mini Red Dot Optic ihrer Wahl zu montieren. Der Optic Cut auf dem XR920 kann die wichtigsten Marken von RDS-Optiken aufnehmen, die direkt auf dem Schieber montiert werden, ohne dass Platten oder Adapter ben\u00f6tigt werden. Ob Ihre Pistole Ihre Sicherheitsdecke f\u00fcr die Nacht oder Ihr t\u00e4glicher Arbeitspartner ist, es gibt eine Pistole von Shadow Systems, die zu dieser Rolle passt. Die XR920 ist eine perfekte Mischung aus der MR920 und der DR920. Die XR920 Elite verf\u00fcgt \u00fcber Richtungsfeststellungen auf der Vorderseite, der R\u00fcckseite und der Oberseite. Die Elite-Slides enthalten auch einen gewichtsoptimierenden Fensterschnitt und alle Elite-Modelle verf\u00fcgen \u00fcber den patentierten Multi-Footprint-Optikschnitt. <\/p>\n<p><strong>Spezifikationen:<\/strong><\/p>\n<ul>\n<li><strong>Caliber:<\/strong> 9\u00d719<\/li>\n<li><strong>Aktion:<\/strong> Striker fire<\/li>\n<li><strong>Gewicht:<\/strong> 22.4 oz<\/li>\n<li><strong>Rahmen: <\/strong>Textured polymer<\/li>\n<li><strong>L\u00e4nge:<\/strong> 7 \u00bc inches (unthreaded)<\/li>\n<li><strong>H\u00f6he: <\/strong>4 \u00be inches<\/li>\n<li><strong>Slide Material: <\/strong>17-4 Stainless Steel<\/li>\n<li><strong>Trigger pull:<\/strong> 4.5-5.0 lbs<\/li>\n<li><strong>Kapazit\u00e4t: <\/strong>17+1<\/li>\n<li><strong>Vorderseite: <\/strong>Green Outline, Tritium Dot<\/li>\n<li><strong>R\u00fcckansicht: <\/strong>Black Serrated<\/li>\n<li><strong>Rahmenfarbe: <\/strong>Schwarz<\/li>\n<li><strong>Lauf:<\/strong> 4.5&#8243; Unthreaded<\/li>\n<li><strong>Barrel Finish:<\/strong> Bronze<\/li>\n<li><strong>Barrel Material:<\/strong> 416R Stainless Steel<\/li>\n<li><strong>Rifling: <\/strong>1-10<\/li>\n<li><strong>Slide Coating: <\/strong>Black Nitride<\/li>\n<li><strong>Optic Cut:<\/strong> Multi Footprint<\/li>\n<li><strong>Magazin: <\/strong>(2) 17rd PMag<\/li>\n<\/ul>\n","protected":false},"featured_media":32529,"template":"","meta":{"_et_pb_use_builder":"","_et_pb_old_content":"","_et_gb_content_width":""},"product_brand":[],"product_cat":[78,77],"product_tag":[],"class_list":{"0":"post-35417","1":"product","2":"type-product","3":"status-publish","4":"has-post-thumbnail","6":"product_cat-glock-und-derivate","7":"product_cat-neue-waffen","9":"first","10":"instock","11":"shipping-taxable","12":"purchasable","13":"product-type-simple"},"yoast_head":"<!-- This site is optimized with the Yoast SEO Premium plugin v24.7 (Yoast SEO v27.5) - https:\/\/yoast.com\/product\/yoast-seo-premium-wordpress\/ -->\n<title>SHADOW SYSTEM XR920 Elite - Armurerie Richert<\/title>\n<meta name=\"description\" content=\"Machen Sie keine Kompromisse bei der Leistung mit der XR920 Elite von SHADOW SYSTEM. Pr\u00e4zision und Ergonomie sind mit dieser vielseitigen Pistole in Reichweite.\" \/>\n<meta name=\"robots\" content=\"index, follow, max-snippet:-1, max-image-preview:large, max-video-preview:-1\" \/>\n<link rel=\"canonical\" href=\"https:\/\/armurerie-richert.ch\/de\/produit\/shadow-system-xr920-elite\/\" \/>\n<meta property=\"og:locale\" content=\"de_DE\" \/>\n<meta property=\"og:type\" content=\"article\" \/>\n<meta property=\"og:title\" content=\"SHADOW SYSTEM XR920 Elite\" \/>\n<meta property=\"og:description\" content=\"Machen Sie keine Kompromisse bei der Leistung mit der XR920 Elite von SHADOW SYSTEM. Pr\u00e4zision und Ergonomie sind mit dieser vielseitigen Pistole in Reichweite.\" \/>\n<meta property=\"og:url\" content=\"https:\/\/armurerie-richert.ch\/de\/produit\/shadow-system-xr920-elite\/\" \/>\n<meta property=\"og:site_name\" content=\"Armurerie Richert\" \/>\n<meta property=\"article:publisher\" content=\"https:\/\/www.facebook.com\/profile.php?id=100023920014088\" \/>\n<meta property=\"og:image\" content=\"https:\/\/armurerie-richert.ch\/wp-content\/uploads\/2023\/11\/shadow-systems-xr920-elite-9mm-optic-ready-pistol-bronze.jpg\" \/>\n\t<meta property=\"og:image:width\" content=\"1344\" \/>\n\t<meta property=\"og:image:height\" content=\"1344\" \/>\n\t<meta property=\"og:image:type\" content=\"image\/jpeg\" \/>\n<meta name=\"twitter:card\" content=\"summary_large_image\" \/>\n<meta name=\"twitter:label1\" content=\"Preis\" \/>\n\t<meta name=\"twitter:data1\" content=\"&#067;&#072;&#070;&nbsp;1&#039;450.00\" \/>\n\t<meta name=\"twitter:label2\" content=\"Verf\u00fcgbarkeit\" \/>\n\t<meta name=\"twitter:data2\" content=\"Auf Lager\" \/>\n<script type=\"application\/ld+json\" class=\"yoast-schema-graph\">{\"@context\":\"https:\\\/\\\/schema.org\",\"@graph\":[{\"@type\":\"WebPage\",\"@id\":\"https:\\\/\\\/armurerie-richert.ch\\\/de\\\/produit\\\/shadow-system-xr920-elite\\\/\",\"url\":\"https:\\\/\\\/armurerie-richert.ch\\\/de\\\/produit\\\/shadow-system-xr920-elite\\\/\",\"name\":\"SHADOW SYSTEM XR920 Elite - Armurerie Richert\",\"isPartOf\":{\"@id\":\"https:\\\/\\\/armurerie-richert.ch\\\/de\\\/#website\"},\"primaryImageOfPage\":{\"@id\":\"https:\\\/\\\/armurerie-richert.ch\\\/de\\\/produit\\\/shadow-system-xr920-elite\\\/#primaryimage\"},\"image\":{\"@id\":\"https:\\\/\\\/armurerie-richert.ch\\\/de\\\/produit\\\/shadow-system-xr920-elite\\\/#primaryimage\"},\"thumbnailUrl\":\"https:\\\/\\\/armurerie-richert.ch\\\/wp-content\\\/uploads\\\/2023\\\/11\\\/shadow-systems-xr920-elite-9mm-optic-ready-pistol-bronze.jpg\",\"datePublished\":\"2023-11-05T15:54:10+00:00\",\"description\":\"Machen Sie keine Kompromisse bei der Leistung mit der XR920 Elite von SHADOW SYSTEM. Pr\u00e4zision und Ergonomie sind mit dieser vielseitigen Pistole in Reichweite.\",\"breadcrumb\":{\"@id\":\"https:\\\/\\\/armurerie-richert.ch\\\/de\\\/produit\\\/shadow-system-xr920-elite\\\/#breadcrumb\"},\"inLanguage\":\"de\",\"potentialAction\":[{\"@type\":\"ReadAction\",\"target\":[\"https:\\\/\\\/armurerie-richert.ch\\\/de\\\/produit\\\/shadow-system-xr920-elite\\\/\"]}]},{\"@type\":\"ImageObject\",\"inLanguage\":\"de\",\"@id\":\"https:\\\/\\\/armurerie-richert.ch\\\/de\\\/produit\\\/shadow-system-xr920-elite\\\/#primaryimage\",\"url\":\"https:\\\/\\\/armurerie-richert.ch\\\/wp-content\\\/uploads\\\/2023\\\/11\\\/shadow-systems-xr920-elite-9mm-optic-ready-pistol-bronze.jpg\",\"contentUrl\":\"https:\\\/\\\/armurerie-richert.ch\\\/wp-content\\\/uploads\\\/2023\\\/11\\\/shadow-systems-xr920-elite-9mm-optic-ready-pistol-bronze.jpg\",\"width\":1344,\"height\":1344},{\"@type\":\"BreadcrumbList\",\"@id\":\"https:\\\/\\\/armurerie-richert.ch\\\/de\\\/produit\\\/shadow-system-xr920-elite\\\/#breadcrumb\",\"itemListElement\":[{\"@type\":\"ListItem\",\"position\":1,\"name\":\"Accueil\",\"item\":\"https:\\\/\\\/armurerie-richert.ch\\\/de\\\/startseite\\\/\"},{\"@type\":\"ListItem\",\"position\":2,\"name\":\"Shop\",\"item\":\"https:\\\/\\\/armurerie-richert.ch\\\/de\\\/shop\\\/\"},{\"@type\":\"ListItem\",\"position\":3,\"name\":\"SHADOW SYSTEM XR920 Elite\"}]},{\"@type\":\"WebSite\",\"@id\":\"https:\\\/\\\/armurerie-richert.ch\\\/de\\\/#website\",\"url\":\"https:\\\/\\\/armurerie-richert.ch\\\/de\\\/\",\"name\":\"Armurerie Richert\",\"description\":\"\",\"publisher\":{\"@id\":\"https:\\\/\\\/armurerie-richert.ch\\\/de\\\/#organization\"},\"potentialAction\":[{\"@type\":\"SearchAction\",\"target\":{\"@type\":\"EntryPoint\",\"urlTemplate\":\"https:\\\/\\\/armurerie-richert.ch\\\/de\\\/?s={search_term_string}\"},\"query-input\":{\"@type\":\"PropertyValueSpecification\",\"valueRequired\":true,\"valueName\":\"search_term_string\"}}],\"inLanguage\":\"de\"},{\"@type\":\"Organization\",\"@id\":\"https:\\\/\\\/armurerie-richert.ch\\\/de\\\/#organization\",\"name\":\"Armurerie Richert\",\"url\":\"https:\\\/\\\/armurerie-richert.ch\\\/de\\\/\",\"logo\":{\"@type\":\"ImageObject\",\"inLanguage\":\"de\",\"@id\":\"https:\\\/\\\/armurerie-richert.ch\\\/de\\\/#\\\/schema\\\/logo\\\/image\\\/\",\"url\":\"https:\\\/\\\/armurerie-richert.ch\\\/wp-content\\\/uploads\\\/2023\\\/11\\\/Armurerie-Richert-Logo-300px.png\",\"contentUrl\":\"https:\\\/\\\/armurerie-richert.ch\\\/wp-content\\\/uploads\\\/2023\\\/11\\\/Armurerie-Richert-Logo-300px.png\",\"width\":300,\"height\":73,\"caption\":\"Armurerie Richert\"},\"image\":{\"@id\":\"https:\\\/\\\/armurerie-richert.ch\\\/de\\\/#\\\/schema\\\/logo\\\/image\\\/\"},\"sameAs\":[\"https:\\\/\\\/www.facebook.com\\\/profile.php?id=100023920014088\"]}]}<\/script>\n<meta property=\"product:price:amount\" content=\"1450.00\" \/>\n<meta property=\"product:price:currency\" content=\"CHF\" \/>\n<meta property=\"og:availability\" content=\"instock\" \/>\n<meta property=\"product:availability\" content=\"instock\" \/>\n<meta property=\"product:condition\" content=\"new\" \/>\n<!-- \/ Yoast SEO Premium plugin. -->","yoast_head_json":{"title":"SHADOW SYSTEM XR920 Elite - Armurerie Richert","description":"Machen Sie keine Kompromisse bei der Leistung mit der XR920 Elite von SHADOW SYSTEM. Pr\u00e4zision und Ergonomie sind mit dieser vielseitigen Pistole in Reichweite.","robots":{"index":"index","follow":"follow","max-snippet":"max-snippet:-1","max-image-preview":"max-image-preview:large","max-video-preview":"max-video-preview:-1"},"canonical":"https:\/\/armurerie-richert.ch\/de\/produit\/shadow-system-xr920-elite\/","og_locale":"de_DE","og_type":"article","og_title":"SHADOW SYSTEM XR920 Elite","og_description":"Machen Sie keine Kompromisse bei der Leistung mit der XR920 Elite von SHADOW SYSTEM. Pr\u00e4zision und Ergonomie sind mit dieser vielseitigen Pistole in Reichweite.","og_url":"https:\/\/armurerie-richert.ch\/de\/produit\/shadow-system-xr920-elite\/","og_site_name":"Armurerie Richert","article_publisher":"https:\/\/www.facebook.com\/profile.php?id=100023920014088","og_image":[{"width":1344,"height":1344,"url":"https:\/\/armurerie-richert.ch\/wp-content\/uploads\/2023\/11\/shadow-systems-xr920-elite-9mm-optic-ready-pistol-bronze.jpg","type":"image\/jpeg"}],"twitter_card":"summary_large_image","twitter_misc":{"Preis":"&#67;&#72;&#70;&nbsp;1'450.00","Verf\u00fcgbarkeit":"Auf Lager"},"schema":{"@context":"https:\/\/schema.org","@graph":[{"@type":"WebPage","@id":"https:\/\/armurerie-richert.ch\/de\/produit\/shadow-system-xr920-elite\/","url":"https:\/\/armurerie-richert.ch\/de\/produit\/shadow-system-xr920-elite\/","name":"SHADOW SYSTEM XR920 Elite - Armurerie Richert","isPartOf":{"@id":"https:\/\/armurerie-richert.ch\/de\/#website"},"primaryImageOfPage":{"@id":"https:\/\/armurerie-richert.ch\/de\/produit\/shadow-system-xr920-elite\/#primaryimage"},"image":{"@id":"https:\/\/armurerie-richert.ch\/de\/produit\/shadow-system-xr920-elite\/#primaryimage"},"thumbnailUrl":"https:\/\/armurerie-richert.ch\/wp-content\/uploads\/2023\/11\/shadow-systems-xr920-elite-9mm-optic-ready-pistol-bronze.jpg","datePublished":"2023-11-05T15:54:10+00:00","description":"Machen Sie keine Kompromisse bei der Leistung mit der XR920 Elite von SHADOW SYSTEM. Pr\u00e4zision und Ergonomie sind mit dieser vielseitigen Pistole in Reichweite.","breadcrumb":{"@id":"https:\/\/armurerie-richert.ch\/de\/produit\/shadow-system-xr920-elite\/#breadcrumb"},"inLanguage":"de","potentialAction":[{"@type":"ReadAction","target":["https:\/\/armurerie-richert.ch\/de\/produit\/shadow-system-xr920-elite\/"]}]},{"@type":"ImageObject","inLanguage":"de","@id":"https:\/\/armurerie-richert.ch\/de\/produit\/shadow-system-xr920-elite\/#primaryimage","url":"https:\/\/armurerie-richert.ch\/wp-content\/uploads\/2023\/11\/shadow-systems-xr920-elite-9mm-optic-ready-pistol-bronze.jpg","contentUrl":"https:\/\/armurerie-richert.ch\/wp-content\/uploads\/2023\/11\/shadow-systems-xr920-elite-9mm-optic-ready-pistol-bronze.jpg","width":1344,"height":1344},{"@type":"BreadcrumbList","@id":"https:\/\/armurerie-richert.ch\/de\/produit\/shadow-system-xr920-elite\/#breadcrumb","itemListElement":[{"@type":"ListItem","position":1,"name":"Accueil","item":"https:\/\/armurerie-richert.ch\/de\/startseite\/"},{"@type":"ListItem","position":2,"name":"Shop","item":"https:\/\/armurerie-richert.ch\/de\/shop\/"},{"@type":"ListItem","position":3,"name":"SHADOW SYSTEM XR920 Elite"}]},{"@type":"WebSite","@id":"https:\/\/armurerie-richert.ch\/de\/#website","url":"https:\/\/armurerie-richert.ch\/de\/","name":"Armurerie Richert","description":"","publisher":{"@id":"https:\/\/armurerie-richert.ch\/de\/#organization"},"potentialAction":[{"@type":"SearchAction","target":{"@type":"EntryPoint","urlTemplate":"https:\/\/armurerie-richert.ch\/de\/?s={search_term_string}"},"query-input":{"@type":"PropertyValueSpecification","valueRequired":true,"valueName":"search_term_string"}}],"inLanguage":"de"},{"@type":"Organization","@id":"https:\/\/armurerie-richert.ch\/de\/#organization","name":"Armurerie Richert","url":"https:\/\/armurerie-richert.ch\/de\/","logo":{"@type":"ImageObject","inLanguage":"de","@id":"https:\/\/armurerie-richert.ch\/de\/#\/schema\/logo\/image\/","url":"https:\/\/armurerie-richert.ch\/wp-content\/uploads\/2023\/11\/Armurerie-Richert-Logo-300px.png","contentUrl":"https:\/\/armurerie-richert.ch\/wp-content\/uploads\/2023\/11\/Armurerie-Richert-Logo-300px.png","width":300,"height":73,"caption":"Armurerie Richert"},"image":{"@id":"https:\/\/armurerie-richert.ch\/de\/#\/schema\/logo\/image\/"},"sameAs":["https:\/\/www.facebook.com\/profile.php?id=100023920014088"]}]},"product_price_amount":"1450.00","product_price_currency":"CHF","og_availability":"instock","product_availability":"instock","product_condition":"new"},"_links":{"self":[{"href":"https:\/\/armurerie-richert.ch\/de\/wp-json\/wp\/v2\/product\/35417","targetHints":{"allow":["GET"]}}],"collection":[{"href":"https:\/\/armurerie-richert.ch\/de\/wp-json\/wp\/v2\/product"}],"about":[{"href":"https:\/\/armurerie-richert.ch\/de\/wp-json\/wp\/v2\/types\/product"}],"wp:featuredmedia":[{"embeddable":true,"href":"https:\/\/armurerie-richert.ch\/de\/wp-json\/wp\/v2\/media\/32529"}],"wp:attachment":[{"href":"https:\/\/armurerie-richert.ch\/de\/wp-json\/wp\/v2\/media?parent=35417"}],"wp:term":[{"taxonomy":"product_brand","embeddable":true,"href":"https:\/\/armurerie-richert.ch\/de\/wp-json\/wp\/v2\/product_brand?post=35417"},{"taxonomy":"product_cat","embeddable":true,"href":"https:\/\/armurerie-richert.ch\/de\/wp-json\/wp\/v2\/product_cat?post=35417"},{"taxonomy":"product_tag","embeddable":true,"href":"https:\/\/armurerie-richert.ch\/de\/wp-json\/wp\/v2\/product_tag?post=35417"}],"curies":[{"name":"wp","href":"https:\/\/api.w.org\/{rel}","templated":true}]}}