{"id":35419,"date":"2023-11-05T16:44:42","date_gmt":"2023-11-05T15:44:42","guid":{"rendered":"https:\/\/armurerie-richert.ch\/produit\/shadow-system-dr920-elite\/"},"modified":"2023-11-05T16:44:42","modified_gmt":"2023-11-05T15:44:42","slug":"shadow-system-dr920-elite","status":"publish","type":"product","link":"https:\/\/armurerie-richert.ch\/de\/produit\/shadow-system-dr920-elite\/","title":{"rendered":"SHADOW SYSTEM DR920 Elite"},"content":{"rendered":"<h3>SHADOW SYSTEM DR920 Elite<\/h3>\n<p>Der DR920 Elite verf\u00fcgt \u00fcber Richtungsstabilisatoren an der Vorder-, R\u00fcck- und Oberseite. Die Elite-Slides enthalten auch einen gewichtsoptimierenden Fensterschnitt. Alle Elite-Modelle verf\u00fcgen \u00fcber den patent-pending multi-footprint optic cut. Die voll ausgestattete DR920 wurde mit Blick auf Offiziere und Dienstleistende entworfen und ist eine sofort einsatzbereite Pistole mit grundlegenden Funktionen. Sie ist so konzipiert, dass sie mit vorhandenen G17-Holstern, Magazinen und Waffen funktioniert. Der DR920 Rahmen verf\u00fcgt \u00fcber austauschbare R\u00fcckenschienen, die es dem Sch\u00fctzen erm\u00f6glichen, den Griffwinkel an seinen nat\u00fcrlichen Zielpunkt anzupassen. Der verl\u00e4ngerte Biberschwanz und der aggressive Unterschnitt des Triggerguards bieten eine einzigartige Kontrolle \u00fcber die Schiene und erm\u00f6glichen schnelle, pr\u00e4zise Sch\u00fcsse. Die Wrap-around-Griffstruktur des Rahmens ist aggressiv genug, um die Waffe fest im Griff des Sch\u00fctzen zu halten, ohne unbequem f\u00fcr den t\u00e4glichen Gebrauch zu sein. Der DR920 Slide ist f\u00fcr die Handhabung unter Stress ausgelegt, mit Richtungsspannungen vorne und hinten (bei einigen Modellen auch oben) und einem schmalen Profil an den Griffstellen. Der Match-grade Barrel ist konventionell gezogen und spiralf\u00f6rmig gefluted. Der drop-safe, flach-faced Aluminium Trigger hat einen 4,5-5,0 lbs Triggerzug und einen knackigen, taktilen Reset. Die Optic Cut Modelle erm\u00f6glichen es den Sch\u00fctzen, einen Mini Red Dot Optic ihrer Wahl zu montieren. Der Optic Cut auf dem DR920 kann die meisten gro\u00dfen Marken von RDS-Optiken aufnehmen, die direkt auf dem Schieber montiert werden, ohne dass Platten oder Adapter ben\u00f6tigt werden. Werksseitig sind die Pistolen von Shadow Systems mit einem hellen, gr\u00fcnen Tritium-Nachtsichtger\u00e4t vorne und einem ausgeblendeten R\u00fccksichtger\u00e4t ausgestattet, um unter Stress schnellere Sichtbilder zu erm\u00f6glichen.  <\/p>\n<p><strong>Spezifikationen:<\/strong><\/p>\n<ul>\n<li><strong>Caliber: <\/strong>9\u00d719<\/li>\n<li><strong>Aktion:<\/strong> Striker fire<\/li>\n<li><strong>Gewicht: <\/strong>22.4 oz<\/li>\n<li><strong>Rahmen: <\/strong>Textured polymer<\/li>\n<li><strong>L\u00e4nge:<\/strong> 7 \u00be inches<\/li>\n<li><strong>H\u00f6he:<\/strong> 5 \u00bc inches<\/li>\n<li><strong>Slide Material:<\/strong> 17-4 Stainless Steel<\/li>\n<li><strong>Barrel Material:<\/strong> 416R Stainless Steel<\/li>\n<li><strong>Trigger pull:<\/strong> 4.5-5.0 lbs<\/li>\n<li><strong>Kapazit\u00e4t:<\/strong> 17+1<\/li>\n<li><strong>Vorderseite: <\/strong>Green Outline, Tritium Dot<\/li>\n<li><strong>R\u00fcckansicht: <\/strong>Black Serrated<\/li>\n<li><strong>Rahmenfarbe:<\/strong> Schwarz<\/li>\n<li><strong>Barrel: <\/strong>Non-Threaded<\/li>\n<li><strong>Slide Coating:<\/strong> Black Nitride<\/li>\n<li><strong>Barrel Finish: <\/strong>Bronze TiCN<\/li>\n<\/ul>\n","protected":false},"excerpt":{"rendered":"<p>Der DR920 Elite verf\u00fcgt \u00fcber Richtungsstabilisatoren an der Vorder-, R\u00fcck- und Oberseite. Die Elite-Slides enthalten auch einen gewichtsoptimierenden Fensterschnitt. Alle Elite-Modelle verf\u00fcgen \u00fcber den patent-pending multi-footprint optic cut. Die voll ausgestattete DR920 wurde mit Blick auf Offiziere und Dienstleistende entworfen und ist eine sofort einsatzbereite Pistole mit grundlegenden Funktionen. Sie ist so konzipiert, dass sie mit vorhandenen G17-Holstern, Magazinen und Waffen funktioniert. Der DR920 Rahmen verf\u00fcgt \u00fcber austauschbare R\u00fcckenschienen, die es dem Sch\u00fctzen erm\u00f6glichen, den Griffwinkel an seinen nat\u00fcrlichen Zielpunkt anzupassen. Der verl\u00e4ngerte Biberschwanz und der aggressive Unterschnitt des Triggerguards bieten eine einzigartige Kontrolle \u00fcber die Schiene und erm\u00f6glichen schnelle, pr\u00e4zise Sch\u00fcsse. Die Wrap-around-Griffstruktur des Rahmens ist aggressiv genug, um die Waffe fest im Griff des Sch\u00fctzen zu halten, ohne unbequem f\u00fcr den t\u00e4glichen Gebrauch zu sein. Der DR920 Slide ist f\u00fcr die Handhabung unter Stress ausgelegt, mit Richtungsspannungen vorne und hinten (bei einigen Modellen auch oben) und einem schmalen Profil an den Griffstellen. Der Match-grade Barrel ist konventionell gezogen und spiralf\u00f6rmig gefluted. Der drop-safe, flach-faced Aluminium Trigger hat einen 4,5-5,0 lbs Triggerzug und einen knackigen, taktilen Reset. Die Optic Cut Modelle erm\u00f6glichen es den Sch\u00fctzen, einen Mini Red Dot Optic ihrer Wahl zu montieren. Der Optic Cut auf dem DR920 kann die meisten gro\u00dfen Marken von RDS-Optiken aufnehmen, die direkt auf dem Schieber montiert werden, ohne dass Platten oder Adapter ben\u00f6tigt werden. Werksseitig sind die Pistolen von Shadow Systems mit einem hellen, gr\u00fcnen Tritium-Nachtsichtger\u00e4t vorne und einem ausgeblendeten R\u00fccksichtger\u00e4t ausgestattet, um unter Stress schnellere Sichtaufnahmen zu erm\u00f6glichen.  <\/p>\n<p><strong>Spezifikationen:<\/strong><\/p>\n<ul>\n<li><strong>Caliber: <\/strong>9\u00d719<\/li>\n<li><strong>Aktion:<\/strong> Striker fire<\/li>\n<li><strong>Gewicht: <\/strong>22.4 oz<\/li>\n<li><strong>Rahmen: <\/strong>Textured polymer<\/li>\n<li><strong>L\u00e4nge:<\/strong> 7 \u00be inches<\/li>\n<li><strong>H\u00f6he:<\/strong> 5 \u00bc inches<\/li>\n<li><strong>Slide Material:<\/strong> 17-4 Stainless Steel<\/li>\n<li><strong>Barrel Material:<\/strong> 416R Stainless Steel<\/li>\n<li><strong>Trigger pull:<\/strong> 4.5-5.0 lbs<\/li>\n<li><strong>Kapazit\u00e4t:<\/strong> 17+1<\/li>\n<li><strong>Vorderseite: <\/strong>Green Outline, Tritium Dot<\/li>\n<li><strong>R\u00fcckansicht: <\/strong>Black Serrated<\/li>\n<li><strong>Rahmenfarbe:<\/strong> Schwarz<\/li>\n<li><strong>Barrel: <\/strong>Non-Threaded<\/li>\n<li><strong>Slide Coating:<\/strong> Black Nitride<\/li>\n<li><strong>Barrel Finish: <\/strong>Bronze TiCN<\/li>\n<\/ul>\n","protected":false},"featured_media":32517,"template":"","meta":{"_et_pb_use_builder":"","_et_pb_old_content":"","_et_gb_content_width":""},"product_brand":[],"product_cat":[78,77],"product_tag":[],"class_list":{"0":"post-35419","1":"product","2":"type-product","3":"status-publish","4":"has-post-thumbnail","6":"product_cat-glock-und-derivate","7":"product_cat-neue-waffen","9":"first","10":"instock","11":"shipping-taxable","12":"purchasable","13":"product-type-simple"},"yoast_head":"<!-- This site is optimized with the Yoast SEO Premium plugin v24.7 (Yoast SEO v27.5) - https:\/\/yoast.com\/product\/yoast-seo-premium-wordpress\/ -->\n<title>SHADOW SYSTEM DR920 Elite - Armurerie Richert<\/title>\n<meta name=\"robots\" content=\"index, follow, max-snippet:-1, max-image-preview:large, max-video-preview:-1\" \/>\n<link rel=\"canonical\" href=\"https:\/\/armurerie-richert.ch\/de\/produit\/shadow-system-dr920-elite\/\" \/>\n<meta property=\"og:locale\" content=\"de_DE\" \/>\n<meta property=\"og:type\" content=\"article\" \/>\n<meta property=\"og:title\" content=\"SHADOW SYSTEM DR920 Elite\" \/>\n<meta property=\"og:description\" content=\"Der DR920 Elite verf\u00fcgt \u00fcber Richtungsstabilisatoren an der Vorder-, R\u00fcck- und Oberseite. Die Elite-Slides enthalten auch einen gewichtsoptimierenden Fensterschnitt. Alle Elite-Modelle verf\u00fcgen \u00fcber den patent-pending multi-footprint optic cut. Die voll ausgestattete DR920 wurde mit Blick auf Offiziere und Dienstleistende entworfen und ist eine sofort einsatzbereite Pistole mit grundlegenden Funktionen. Sie ist so konzipiert, dass sie mit vorhandenen G17-Holstern, Magazinen und Waffen funktioniert. Der DR920 Rahmen verf\u00fcgt \u00fcber austauschbare R\u00fcckenschienen, die es dem Sch\u00fctzen erm\u00f6glichen, den Griffwinkel an seinen nat\u00fcrlichen Zielpunkt anzupassen. Der verl\u00e4ngerte Biberschwanz und der aggressive Unterschnitt des Triggerguards bieten eine einzigartige Kontrolle \u00fcber die Schiene und erm\u00f6glichen schnelle, pr\u00e4zise Sch\u00fcsse. Die Wrap-around-Griffstruktur des Rahmens ist aggressiv genug, um die Waffe fest im Griff des Sch\u00fctzen zu halten, ohne unbequem f\u00fcr den t\u00e4glichen Gebrauch zu sein. Der DR920 Slide ist f\u00fcr die Handhabung unter Stress ausgelegt, mit Richtungsspannungen vorne und hinten (bei einigen Modellen auch oben) und einem schmalen Profil an den Griffstellen. Der Match-grade Barrel ist konventionell gezogen und spiralf\u00f6rmig gefluted. Der drop-safe, flach-faced Aluminium Trigger hat einen 4,5-5,0 lbs Triggerzug und einen knackigen, taktilen Reset. Die Optic Cut Modelle erm\u00f6glichen es den Sch\u00fctzen, einen Mini Red Dot Optic ihrer Wahl zu montieren. Der Optic Cut auf dem DR920 kann die meisten gro\u00dfen Marken von RDS-Optiken aufnehmen, die direkt auf dem Schieber montiert werden, ohne dass Platten oder Adapter ben\u00f6tigt werden. Werksseitig sind die Pistolen von Shadow Systems mit einem hellen, gr\u00fcnen Tritium-Nachtsichtger\u00e4t vorne und einem ausgeblendeten R\u00fccksichtger\u00e4t ausgestattet, um unter Stress schnellere Sichtaufnahmen zu erm\u00f6glichen.          Spezifikationen:  Caliber: 9\u00d719  Aktion: Striker fire  Gewicht: 22.4 oz  Rahmen: Textured polymer  L\u00e4nge: 7 \u00be inches  H\u00f6he: 5 \u00bc inches  Slide Material: 17-4 Stainless Steel  Barrel Material: 416R Stainless Steel  Trigger pull: 4.5-5.0 lbs  Kapazit\u00e4t: 17+1  Vorderseite: Green Outline, Tritium Dot  R\u00fcckansicht: Black Serrated  Rahmenfarbe: Schwarz  Barrel: Non-Threaded  Slide Coating: Black Nitride  Barrel Finish: Bronze TiCN\" \/>\n<meta property=\"og:url\" content=\"https:\/\/armurerie-richert.ch\/de\/produit\/shadow-system-dr920-elite\/\" \/>\n<meta property=\"og:site_name\" content=\"Armurerie Richert\" \/>\n<meta property=\"article:publisher\" content=\"https:\/\/www.facebook.com\/profile.php?id=100023920014088\" \/>\n<meta property=\"og:image\" content=\"https:\/\/armurerie-richert.ch\/wp-content\/uploads\/2023\/11\/shadow-systems-dr920-elite-9mm-optic-ready-pistol-bronze.jpg\" \/>\n\t<meta property=\"og:image:width\" content=\"1494\" \/>\n\t<meta property=\"og:image:height\" content=\"1494\" \/>\n\t<meta property=\"og:image:type\" content=\"image\/jpeg\" \/>\n<meta name=\"twitter:card\" content=\"summary_large_image\" \/>\n<meta name=\"twitter:label1\" content=\"Preis\" \/>\n\t<meta name=\"twitter:data1\" content=\"&#067;&#072;&#070;&nbsp;1&#039;450.00\" \/>\n\t<meta name=\"twitter:label2\" content=\"Verf\u00fcgbarkeit\" \/>\n\t<meta name=\"twitter:data2\" content=\"Auf Lager\" \/>\n<script type=\"application\/ld+json\" class=\"yoast-schema-graph\">{\"@context\":\"https:\\\/\\\/schema.org\",\"@graph\":[{\"@type\":\"WebPage\",\"@id\":\"https:\\\/\\\/armurerie-richert.ch\\\/de\\\/produit\\\/shadow-system-dr920-elite\\\/\",\"url\":\"https:\\\/\\\/armurerie-richert.ch\\\/de\\\/produit\\\/shadow-system-dr920-elite\\\/\",\"name\":\"SHADOW SYSTEM DR920 Elite - Armurerie Richert\",\"isPartOf\":{\"@id\":\"https:\\\/\\\/armurerie-richert.ch\\\/de\\\/#website\"},\"primaryImageOfPage\":{\"@id\":\"https:\\\/\\\/armurerie-richert.ch\\\/de\\\/produit\\\/shadow-system-dr920-elite\\\/#primaryimage\"},\"image\":{\"@id\":\"https:\\\/\\\/armurerie-richert.ch\\\/de\\\/produit\\\/shadow-system-dr920-elite\\\/#primaryimage\"},\"thumbnailUrl\":\"https:\\\/\\\/armurerie-richert.ch\\\/wp-content\\\/uploads\\\/2023\\\/11\\\/shadow-systems-dr920-elite-9mm-optic-ready-pistol-bronze.jpg\",\"datePublished\":\"2023-11-05T15:44:42+00:00\",\"breadcrumb\":{\"@id\":\"https:\\\/\\\/armurerie-richert.ch\\\/de\\\/produit\\\/shadow-system-dr920-elite\\\/#breadcrumb\"},\"inLanguage\":\"de\",\"potentialAction\":[{\"@type\":\"ReadAction\",\"target\":[\"https:\\\/\\\/armurerie-richert.ch\\\/de\\\/produit\\\/shadow-system-dr920-elite\\\/\"]}]},{\"@type\":\"ImageObject\",\"inLanguage\":\"de\",\"@id\":\"https:\\\/\\\/armurerie-richert.ch\\\/de\\\/produit\\\/shadow-system-dr920-elite\\\/#primaryimage\",\"url\":\"https:\\\/\\\/armurerie-richert.ch\\\/wp-content\\\/uploads\\\/2023\\\/11\\\/shadow-systems-dr920-elite-9mm-optic-ready-pistol-bronze.jpg\",\"contentUrl\":\"https:\\\/\\\/armurerie-richert.ch\\\/wp-content\\\/uploads\\\/2023\\\/11\\\/shadow-systems-dr920-elite-9mm-optic-ready-pistol-bronze.jpg\",\"width\":1494,\"height\":1494},{\"@type\":\"BreadcrumbList\",\"@id\":\"https:\\\/\\\/armurerie-richert.ch\\\/de\\\/produit\\\/shadow-system-dr920-elite\\\/#breadcrumb\",\"itemListElement\":[{\"@type\":\"ListItem\",\"position\":1,\"name\":\"Accueil\",\"item\":\"https:\\\/\\\/armurerie-richert.ch\\\/de\\\/startseite\\\/\"},{\"@type\":\"ListItem\",\"position\":2,\"name\":\"Shop\",\"item\":\"https:\\\/\\\/armurerie-richert.ch\\\/de\\\/shop\\\/\"},{\"@type\":\"ListItem\",\"position\":3,\"name\":\"SHADOW SYSTEM DR920 Elite\"}]},{\"@type\":\"WebSite\",\"@id\":\"https:\\\/\\\/armurerie-richert.ch\\\/de\\\/#website\",\"url\":\"https:\\\/\\\/armurerie-richert.ch\\\/de\\\/\",\"name\":\"Armurerie Richert\",\"description\":\"\",\"publisher\":{\"@id\":\"https:\\\/\\\/armurerie-richert.ch\\\/de\\\/#organization\"},\"potentialAction\":[{\"@type\":\"SearchAction\",\"target\":{\"@type\":\"EntryPoint\",\"urlTemplate\":\"https:\\\/\\\/armurerie-richert.ch\\\/de\\\/?s={search_term_string}\"},\"query-input\":{\"@type\":\"PropertyValueSpecification\",\"valueRequired\":true,\"valueName\":\"search_term_string\"}}],\"inLanguage\":\"de\"},{\"@type\":\"Organization\",\"@id\":\"https:\\\/\\\/armurerie-richert.ch\\\/de\\\/#organization\",\"name\":\"Armurerie Richert\",\"url\":\"https:\\\/\\\/armurerie-richert.ch\\\/de\\\/\",\"logo\":{\"@type\":\"ImageObject\",\"inLanguage\":\"de\",\"@id\":\"https:\\\/\\\/armurerie-richert.ch\\\/de\\\/#\\\/schema\\\/logo\\\/image\\\/\",\"url\":\"https:\\\/\\\/armurerie-richert.ch\\\/wp-content\\\/uploads\\\/2023\\\/11\\\/Armurerie-Richert-Logo-300px.png\",\"contentUrl\":\"https:\\\/\\\/armurerie-richert.ch\\\/wp-content\\\/uploads\\\/2023\\\/11\\\/Armurerie-Richert-Logo-300px.png\",\"width\":300,\"height\":73,\"caption\":\"Armurerie Richert\"},\"image\":{\"@id\":\"https:\\\/\\\/armurerie-richert.ch\\\/de\\\/#\\\/schema\\\/logo\\\/image\\\/\"},\"sameAs\":[\"https:\\\/\\\/www.facebook.com\\\/profile.php?id=100023920014088\"]}]}<\/script>\n<meta property=\"product:price:amount\" content=\"1450.00\" \/>\n<meta property=\"product:price:currency\" content=\"CHF\" \/>\n<meta property=\"og:availability\" content=\"instock\" \/>\n<meta property=\"product:availability\" content=\"instock\" \/>\n<meta property=\"product:condition\" content=\"new\" \/>\n<!-- \/ Yoast SEO Premium plugin. -->","yoast_head_json":{"title":"SHADOW SYSTEM DR920 Elite - Armurerie Richert","robots":{"index":"index","follow":"follow","max-snippet":"max-snippet:-1","max-image-preview":"max-image-preview:large","max-video-preview":"max-video-preview:-1"},"canonical":"https:\/\/armurerie-richert.ch\/de\/produit\/shadow-system-dr920-elite\/","og_locale":"de_DE","og_type":"article","og_title":"SHADOW SYSTEM DR920 Elite","og_description":"Der DR920 Elite verf\u00fcgt \u00fcber Richtungsstabilisatoren an der Vorder-, R\u00fcck- und Oberseite. Die Elite-Slides enthalten auch einen gewichtsoptimierenden Fensterschnitt. Alle Elite-Modelle verf\u00fcgen \u00fcber den patent-pending multi-footprint optic cut. Die voll ausgestattete DR920 wurde mit Blick auf Offiziere und Dienstleistende entworfen und ist eine sofort einsatzbereite Pistole mit grundlegenden Funktionen. Sie ist so konzipiert, dass sie mit vorhandenen G17-Holstern, Magazinen und Waffen funktioniert. Der DR920 Rahmen verf\u00fcgt \u00fcber austauschbare R\u00fcckenschienen, die es dem Sch\u00fctzen erm\u00f6glichen, den Griffwinkel an seinen nat\u00fcrlichen Zielpunkt anzupassen. Der verl\u00e4ngerte Biberschwanz und der aggressive Unterschnitt des Triggerguards bieten eine einzigartige Kontrolle \u00fcber die Schiene und erm\u00f6glichen schnelle, pr\u00e4zise Sch\u00fcsse. Die Wrap-around-Griffstruktur des Rahmens ist aggressiv genug, um die Waffe fest im Griff des Sch\u00fctzen zu halten, ohne unbequem f\u00fcr den t\u00e4glichen Gebrauch zu sein. Der DR920 Slide ist f\u00fcr die Handhabung unter Stress ausgelegt, mit Richtungsspannungen vorne und hinten (bei einigen Modellen auch oben) und einem schmalen Profil an den Griffstellen. Der Match-grade Barrel ist konventionell gezogen und spiralf\u00f6rmig gefluted. Der drop-safe, flach-faced Aluminium Trigger hat einen 4,5-5,0 lbs Triggerzug und einen knackigen, taktilen Reset. Die Optic Cut Modelle erm\u00f6glichen es den Sch\u00fctzen, einen Mini Red Dot Optic ihrer Wahl zu montieren. Der Optic Cut auf dem DR920 kann die meisten gro\u00dfen Marken von RDS-Optiken aufnehmen, die direkt auf dem Schieber montiert werden, ohne dass Platten oder Adapter ben\u00f6tigt werden. Werksseitig sind die Pistolen von Shadow Systems mit einem hellen, gr\u00fcnen Tritium-Nachtsichtger\u00e4t vorne und einem ausgeblendeten R\u00fccksichtger\u00e4t ausgestattet, um unter Stress schnellere Sichtaufnahmen zu erm\u00f6glichen.          Spezifikationen:  Caliber: 9\u00d719  Aktion: Striker fire  Gewicht: 22.4 oz  Rahmen: Textured polymer  L\u00e4nge: 7 \u00be inches  H\u00f6he: 5 \u00bc inches  Slide Material: 17-4 Stainless Steel  Barrel Material: 416R Stainless Steel  Trigger pull: 4.5-5.0 lbs  Kapazit\u00e4t: 17+1  Vorderseite: Green Outline, Tritium Dot  R\u00fcckansicht: Black Serrated  Rahmenfarbe: Schwarz  Barrel: Non-Threaded  Slide Coating: Black Nitride  Barrel Finish: Bronze TiCN","og_url":"https:\/\/armurerie-richert.ch\/de\/produit\/shadow-system-dr920-elite\/","og_site_name":"Armurerie Richert","article_publisher":"https:\/\/www.facebook.com\/profile.php?id=100023920014088","og_image":[{"width":1494,"height":1494,"url":"https:\/\/armurerie-richert.ch\/wp-content\/uploads\/2023\/11\/shadow-systems-dr920-elite-9mm-optic-ready-pistol-bronze.jpg","type":"image\/jpeg"}],"twitter_card":"summary_large_image","twitter_misc":{"Preis":"&#67;&#72;&#70;&nbsp;1'450.00","Verf\u00fcgbarkeit":"Auf Lager"},"schema":{"@context":"https:\/\/schema.org","@graph":[{"@type":"WebPage","@id":"https:\/\/armurerie-richert.ch\/de\/produit\/shadow-system-dr920-elite\/","url":"https:\/\/armurerie-richert.ch\/de\/produit\/shadow-system-dr920-elite\/","name":"SHADOW SYSTEM DR920 Elite - Armurerie Richert","isPartOf":{"@id":"https:\/\/armurerie-richert.ch\/de\/#website"},"primaryImageOfPage":{"@id":"https:\/\/armurerie-richert.ch\/de\/produit\/shadow-system-dr920-elite\/#primaryimage"},"image":{"@id":"https:\/\/armurerie-richert.ch\/de\/produit\/shadow-system-dr920-elite\/#primaryimage"},"thumbnailUrl":"https:\/\/armurerie-richert.ch\/wp-content\/uploads\/2023\/11\/shadow-systems-dr920-elite-9mm-optic-ready-pistol-bronze.jpg","datePublished":"2023-11-05T15:44:42+00:00","breadcrumb":{"@id":"https:\/\/armurerie-richert.ch\/de\/produit\/shadow-system-dr920-elite\/#breadcrumb"},"inLanguage":"de","potentialAction":[{"@type":"ReadAction","target":["https:\/\/armurerie-richert.ch\/de\/produit\/shadow-system-dr920-elite\/"]}]},{"@type":"ImageObject","inLanguage":"de","@id":"https:\/\/armurerie-richert.ch\/de\/produit\/shadow-system-dr920-elite\/#primaryimage","url":"https:\/\/armurerie-richert.ch\/wp-content\/uploads\/2023\/11\/shadow-systems-dr920-elite-9mm-optic-ready-pistol-bronze.jpg","contentUrl":"https:\/\/armurerie-richert.ch\/wp-content\/uploads\/2023\/11\/shadow-systems-dr920-elite-9mm-optic-ready-pistol-bronze.jpg","width":1494,"height":1494},{"@type":"BreadcrumbList","@id":"https:\/\/armurerie-richert.ch\/de\/produit\/shadow-system-dr920-elite\/#breadcrumb","itemListElement":[{"@type":"ListItem","position":1,"name":"Accueil","item":"https:\/\/armurerie-richert.ch\/de\/startseite\/"},{"@type":"ListItem","position":2,"name":"Shop","item":"https:\/\/armurerie-richert.ch\/de\/shop\/"},{"@type":"ListItem","position":3,"name":"SHADOW SYSTEM DR920 Elite"}]},{"@type":"WebSite","@id":"https:\/\/armurerie-richert.ch\/de\/#website","url":"https:\/\/armurerie-richert.ch\/de\/","name":"Armurerie Richert","description":"","publisher":{"@id":"https:\/\/armurerie-richert.ch\/de\/#organization"},"potentialAction":[{"@type":"SearchAction","target":{"@type":"EntryPoint","urlTemplate":"https:\/\/armurerie-richert.ch\/de\/?s={search_term_string}"},"query-input":{"@type":"PropertyValueSpecification","valueRequired":true,"valueName":"search_term_string"}}],"inLanguage":"de"},{"@type":"Organization","@id":"https:\/\/armurerie-richert.ch\/de\/#organization","name":"Armurerie Richert","url":"https:\/\/armurerie-richert.ch\/de\/","logo":{"@type":"ImageObject","inLanguage":"de","@id":"https:\/\/armurerie-richert.ch\/de\/#\/schema\/logo\/image\/","url":"https:\/\/armurerie-richert.ch\/wp-content\/uploads\/2023\/11\/Armurerie-Richert-Logo-300px.png","contentUrl":"https:\/\/armurerie-richert.ch\/wp-content\/uploads\/2023\/11\/Armurerie-Richert-Logo-300px.png","width":300,"height":73,"caption":"Armurerie Richert"},"image":{"@id":"https:\/\/armurerie-richert.ch\/de\/#\/schema\/logo\/image\/"},"sameAs":["https:\/\/www.facebook.com\/profile.php?id=100023920014088"]}]},"product_price_amount":"1450.00","product_price_currency":"CHF","og_availability":"instock","product_availability":"instock","product_condition":"new"},"_links":{"self":[{"href":"https:\/\/armurerie-richert.ch\/de\/wp-json\/wp\/v2\/product\/35419","targetHints":{"allow":["GET"]}}],"collection":[{"href":"https:\/\/armurerie-richert.ch\/de\/wp-json\/wp\/v2\/product"}],"about":[{"href":"https:\/\/armurerie-richert.ch\/de\/wp-json\/wp\/v2\/types\/product"}],"wp:featuredmedia":[{"embeddable":true,"href":"https:\/\/armurerie-richert.ch\/de\/wp-json\/wp\/v2\/media\/32517"}],"wp:attachment":[{"href":"https:\/\/armurerie-richert.ch\/de\/wp-json\/wp\/v2\/media?parent=35419"}],"wp:term":[{"taxonomy":"product_brand","embeddable":true,"href":"https:\/\/armurerie-richert.ch\/de\/wp-json\/wp\/v2\/product_brand?post=35419"},{"taxonomy":"product_cat","embeddable":true,"href":"https:\/\/armurerie-richert.ch\/de\/wp-json\/wp\/v2\/product_cat?post=35419"},{"taxonomy":"product_tag","embeddable":true,"href":"https:\/\/armurerie-richert.ch\/de\/wp-json\/wp\/v2\/product_tag?post=35419"}],"curies":[{"name":"wp","href":"https:\/\/api.w.org\/{rel}","templated":true}]}}