{"id":35421,"date":"2023-11-05T16:22:12","date_gmt":"2023-11-05T15:22:12","guid":{"rendered":"https:\/\/armurerie-richert.ch\/produit\/streamlight-tlr-7-a\/"},"modified":"2023-11-05T16:22:12","modified_gmt":"2023-11-05T15:22:12","slug":"streamlight-tlr-7-a","status":"publish","type":"product","link":"https:\/\/armurerie-richert.ch\/de\/produit\/streamlight-tlr-7-a\/","title":{"rendered":"STREAMLIGHT TLR-7 A"},"content":{"rendered":"<h3>STREAMLIGHT TLR-7 A<\/h3>\n<p>Erh\u00e4ltlich in Schwarz oder FDE Die Streamlight TLR-7A <a href=\"https:\/\/www.conditionsextremes.com\/133-lampe-tactique-militaire\">taktische Lampe<\/a> mit wei\u00dfer LED-Beleuchtung bietet eine Lichtst\u00e4rke von 500 Lumen und erm\u00f6glicht es Ihnen, bis zu 140 Meter weit zu leuchten. Die &#8222;A&#8220;-Version der TLR7 verf\u00fcgt \u00fcber einen ergonomischen, beidh\u00e4ndig bedienbaren Schalter auf der R\u00fcckseite mit einer niedrigen oder hohen Position.<\/p>\n<p><strong>Merkmale :<\/strong><\/p>\n<p>&#8211; LED,<br \/>\n&#8211; Lichtst\u00e4rke: 500 Lumen,<br \/>\n&#8211; Leuchtweite: 140 Meter,<br \/>\n&#8211; Wasserdicht: IPX7,<br \/>\n&#8211; Beidh\u00e4ndiger Schalter,<\/p>\n","protected":false},"excerpt":{"rendered":"<p>Erh\u00e4ltlich in Schwarz oder FDE Die Streamlight TLR-7A <a href=\"https:\/\/www.conditionsextremes.com\/133-lampe-tactique-militaire\">taktische Lampe<\/a> mit wei\u00dfer LED-Beleuchtung bietet eine Lichtst\u00e4rke von 500 Lumen und erm\u00f6glicht es Ihnen, bis zu 140 Meter weit zu leuchten. Die &#8222;A&#8220;-Version der TLR7 verf\u00fcgt \u00fcber einen ergonomischen, beidh\u00e4ndig bedienbaren Schalter auf der R\u00fcckseite mit einer niedrigen oder hohen Position.<\/p>\n<p><strong>Merkmale :<\/strong><\/p>\n<p>&#8211; LED,<br \/>\n&#8211; Lichtst\u00e4rke: 500 Lumen,<br \/>\n&#8211; Leuchtweite: 140 Meter,<br \/>\n&#8211; Wasserdicht: IPX7,<br \/>\n&#8211; Beidh\u00e4ndiger Schalter,<\/p>\n","protected":false},"featured_media":32507,"template":"","meta":{"_et_pb_use_builder":"","_et_pb_old_content":"","_et_gb_content_width":""},"product_brand":[],"product_cat":[67,65],"product_tag":[],"class_list":{"0":"post-35421","1":"product","2":"type-product","3":"status-publish","4":"has-post-thumbnail","6":"product_cat-lampen","7":"product_cat-zubehor-und-optik","9":"first","10":"instock","11":"shipping-taxable","12":"purchasable","13":"product-type-simple"},"yoast_head":"<!-- This site is optimized with the Yoast SEO Premium plugin v24.7 (Yoast SEO v27.5) - https:\/\/yoast.com\/product\/yoast-seo-premium-wordpress\/ -->\n<title>STREAMLIGHT TLR-7 A - Armurerie Richert<\/title>\n<meta name=\"description\" content=\"Beleuchten Sie effektiv mit der taktischen Lampe Streamlight TLR-7A. 500 Lumen Leistung bei einer Reichweite von 140 Metern. Probieren Sie es jetzt aus!\" \/>\n<meta name=\"robots\" content=\"index, follow, max-snippet:-1, max-image-preview:large, max-video-preview:-1\" \/>\n<link rel=\"canonical\" href=\"https:\/\/armurerie-richert.ch\/de\/produit\/streamlight-tlr-7-a\/\" \/>\n<meta property=\"og:locale\" content=\"de_DE\" \/>\n<meta property=\"og:type\" content=\"article\" \/>\n<meta property=\"og:title\" content=\"STREAMLIGHT TLR-7 A\" \/>\n<meta property=\"og:description\" content=\"Beleuchten Sie effektiv mit der taktischen Lampe Streamlight TLR-7A. 500 Lumen Leistung bei einer Reichweite von 140 Metern. Probieren Sie es jetzt aus!\" \/>\n<meta property=\"og:url\" content=\"https:\/\/armurerie-richert.ch\/de\/produit\/streamlight-tlr-7-a\/\" \/>\n<meta property=\"og:site_name\" content=\"Armurerie Richert\" \/>\n<meta property=\"article:publisher\" content=\"https:\/\/www.facebook.com\/profile.php?id=100023920014088\" \/>\n<meta property=\"og:image\" content=\"https:\/\/armurerie-richert.ch\/wp-content\/uploads\/2023\/11\/tlr7a-group.jpg\" \/>\n\t<meta property=\"og:image:width\" content=\"400\" \/>\n\t<meta property=\"og:image:height\" content=\"400\" \/>\n\t<meta property=\"og:image:type\" content=\"image\/jpeg\" \/>\n<meta name=\"twitter:card\" content=\"summary_large_image\" \/>\n<meta name=\"twitter:label1\" content=\"Preis\" \/>\n\t<meta name=\"twitter:data1\" content=\"&#067;&#072;&#070;&nbsp;220.00\" \/>\n\t<meta name=\"twitter:label2\" content=\"Verf\u00fcgbarkeit\" \/>\n\t<meta name=\"twitter:data2\" content=\"Auf Lager\" \/>\n<script type=\"application\/ld+json\" class=\"yoast-schema-graph\">{\"@context\":\"https:\\\/\\\/schema.org\",\"@graph\":[{\"@type\":\"WebPage\",\"@id\":\"https:\\\/\\\/armurerie-richert.ch\\\/de\\\/produit\\\/streamlight-tlr-7-a\\\/\",\"url\":\"https:\\\/\\\/armurerie-richert.ch\\\/de\\\/produit\\\/streamlight-tlr-7-a\\\/\",\"name\":\"STREAMLIGHT TLR-7 A - Armurerie Richert\",\"isPartOf\":{\"@id\":\"https:\\\/\\\/armurerie-richert.ch\\\/de\\\/#website\"},\"primaryImageOfPage\":{\"@id\":\"https:\\\/\\\/armurerie-richert.ch\\\/de\\\/produit\\\/streamlight-tlr-7-a\\\/#primaryimage\"},\"image\":{\"@id\":\"https:\\\/\\\/armurerie-richert.ch\\\/de\\\/produit\\\/streamlight-tlr-7-a\\\/#primaryimage\"},\"thumbnailUrl\":\"https:\\\/\\\/armurerie-richert.ch\\\/wp-content\\\/uploads\\\/2023\\\/11\\\/tlr7a-group.jpg\",\"datePublished\":\"2023-11-05T15:22:12+00:00\",\"description\":\"Beleuchten Sie effektiv mit der taktischen Lampe Streamlight TLR-7A. 500 Lumen Leistung bei einer Reichweite von 140 Metern. Probieren Sie es jetzt aus!\",\"breadcrumb\":{\"@id\":\"https:\\\/\\\/armurerie-richert.ch\\\/de\\\/produit\\\/streamlight-tlr-7-a\\\/#breadcrumb\"},\"inLanguage\":\"de\",\"potentialAction\":[{\"@type\":\"ReadAction\",\"target\":[\"https:\\\/\\\/armurerie-richert.ch\\\/de\\\/produit\\\/streamlight-tlr-7-a\\\/\"]}]},{\"@type\":\"ImageObject\",\"inLanguage\":\"de\",\"@id\":\"https:\\\/\\\/armurerie-richert.ch\\\/de\\\/produit\\\/streamlight-tlr-7-a\\\/#primaryimage\",\"url\":\"https:\\\/\\\/armurerie-richert.ch\\\/wp-content\\\/uploads\\\/2023\\\/11\\\/tlr7a-group.jpg\",\"contentUrl\":\"https:\\\/\\\/armurerie-richert.ch\\\/wp-content\\\/uploads\\\/2023\\\/11\\\/tlr7a-group.jpg\",\"width\":400,\"height\":400},{\"@type\":\"BreadcrumbList\",\"@id\":\"https:\\\/\\\/armurerie-richert.ch\\\/de\\\/produit\\\/streamlight-tlr-7-a\\\/#breadcrumb\",\"itemListElement\":[{\"@type\":\"ListItem\",\"position\":1,\"name\":\"Accueil\",\"item\":\"https:\\\/\\\/armurerie-richert.ch\\\/de\\\/startseite\\\/\"},{\"@type\":\"ListItem\",\"position\":2,\"name\":\"Shop\",\"item\":\"https:\\\/\\\/armurerie-richert.ch\\\/de\\\/shop\\\/\"},{\"@type\":\"ListItem\",\"position\":3,\"name\":\"STREAMLIGHT TLR-7 A\"}]},{\"@type\":\"WebSite\",\"@id\":\"https:\\\/\\\/armurerie-richert.ch\\\/de\\\/#website\",\"url\":\"https:\\\/\\\/armurerie-richert.ch\\\/de\\\/\",\"name\":\"Armurerie Richert\",\"description\":\"\",\"publisher\":{\"@id\":\"https:\\\/\\\/armurerie-richert.ch\\\/de\\\/#organization\"},\"potentialAction\":[{\"@type\":\"SearchAction\",\"target\":{\"@type\":\"EntryPoint\",\"urlTemplate\":\"https:\\\/\\\/armurerie-richert.ch\\\/de\\\/?s={search_term_string}\"},\"query-input\":{\"@type\":\"PropertyValueSpecification\",\"valueRequired\":true,\"valueName\":\"search_term_string\"}}],\"inLanguage\":\"de\"},{\"@type\":\"Organization\",\"@id\":\"https:\\\/\\\/armurerie-richert.ch\\\/de\\\/#organization\",\"name\":\"Armurerie Richert\",\"url\":\"https:\\\/\\\/armurerie-richert.ch\\\/de\\\/\",\"logo\":{\"@type\":\"ImageObject\",\"inLanguage\":\"de\",\"@id\":\"https:\\\/\\\/armurerie-richert.ch\\\/de\\\/#\\\/schema\\\/logo\\\/image\\\/\",\"url\":\"https:\\\/\\\/armurerie-richert.ch\\\/wp-content\\\/uploads\\\/2023\\\/11\\\/Armurerie-Richert-Logo-300px.png\",\"contentUrl\":\"https:\\\/\\\/armurerie-richert.ch\\\/wp-content\\\/uploads\\\/2023\\\/11\\\/Armurerie-Richert-Logo-300px.png\",\"width\":300,\"height\":73,\"caption\":\"Armurerie Richert\"},\"image\":{\"@id\":\"https:\\\/\\\/armurerie-richert.ch\\\/de\\\/#\\\/schema\\\/logo\\\/image\\\/\"},\"sameAs\":[\"https:\\\/\\\/www.facebook.com\\\/profile.php?id=100023920014088\"]}]}<\/script>\n<meta property=\"product:price:amount\" content=\"220.00\" \/>\n<meta property=\"product:price:currency\" content=\"CHF\" \/>\n<meta property=\"og:availability\" content=\"instock\" \/>\n<meta property=\"product:availability\" content=\"instock\" \/>\n<meta property=\"product:condition\" content=\"new\" \/>\n<!-- \/ Yoast SEO Premium plugin. -->","yoast_head_json":{"title":"STREAMLIGHT TLR-7 A - Armurerie Richert","description":"Beleuchten Sie effektiv mit der taktischen Lampe Streamlight TLR-7A. 500 Lumen Leistung bei einer Reichweite von 140 Metern. Probieren Sie es jetzt aus!","robots":{"index":"index","follow":"follow","max-snippet":"max-snippet:-1","max-image-preview":"max-image-preview:large","max-video-preview":"max-video-preview:-1"},"canonical":"https:\/\/armurerie-richert.ch\/de\/produit\/streamlight-tlr-7-a\/","og_locale":"de_DE","og_type":"article","og_title":"STREAMLIGHT TLR-7 A","og_description":"Beleuchten Sie effektiv mit der taktischen Lampe Streamlight TLR-7A. 500 Lumen Leistung bei einer Reichweite von 140 Metern. Probieren Sie es jetzt aus!","og_url":"https:\/\/armurerie-richert.ch\/de\/produit\/streamlight-tlr-7-a\/","og_site_name":"Armurerie Richert","article_publisher":"https:\/\/www.facebook.com\/profile.php?id=100023920014088","og_image":[{"width":400,"height":400,"url":"https:\/\/armurerie-richert.ch\/wp-content\/uploads\/2023\/11\/tlr7a-group.jpg","type":"image\/jpeg"}],"twitter_card":"summary_large_image","twitter_misc":{"Preis":"&#67;&#72;&#70;&nbsp;220.00","Verf\u00fcgbarkeit":"Auf Lager"},"schema":{"@context":"https:\/\/schema.org","@graph":[{"@type":"WebPage","@id":"https:\/\/armurerie-richert.ch\/de\/produit\/streamlight-tlr-7-a\/","url":"https:\/\/armurerie-richert.ch\/de\/produit\/streamlight-tlr-7-a\/","name":"STREAMLIGHT TLR-7 A - Armurerie Richert","isPartOf":{"@id":"https:\/\/armurerie-richert.ch\/de\/#website"},"primaryImageOfPage":{"@id":"https:\/\/armurerie-richert.ch\/de\/produit\/streamlight-tlr-7-a\/#primaryimage"},"image":{"@id":"https:\/\/armurerie-richert.ch\/de\/produit\/streamlight-tlr-7-a\/#primaryimage"},"thumbnailUrl":"https:\/\/armurerie-richert.ch\/wp-content\/uploads\/2023\/11\/tlr7a-group.jpg","datePublished":"2023-11-05T15:22:12+00:00","description":"Beleuchten Sie effektiv mit der taktischen Lampe Streamlight TLR-7A. 500 Lumen Leistung bei einer Reichweite von 140 Metern. Probieren Sie es jetzt aus!","breadcrumb":{"@id":"https:\/\/armurerie-richert.ch\/de\/produit\/streamlight-tlr-7-a\/#breadcrumb"},"inLanguage":"de","potentialAction":[{"@type":"ReadAction","target":["https:\/\/armurerie-richert.ch\/de\/produit\/streamlight-tlr-7-a\/"]}]},{"@type":"ImageObject","inLanguage":"de","@id":"https:\/\/armurerie-richert.ch\/de\/produit\/streamlight-tlr-7-a\/#primaryimage","url":"https:\/\/armurerie-richert.ch\/wp-content\/uploads\/2023\/11\/tlr7a-group.jpg","contentUrl":"https:\/\/armurerie-richert.ch\/wp-content\/uploads\/2023\/11\/tlr7a-group.jpg","width":400,"height":400},{"@type":"BreadcrumbList","@id":"https:\/\/armurerie-richert.ch\/de\/produit\/streamlight-tlr-7-a\/#breadcrumb","itemListElement":[{"@type":"ListItem","position":1,"name":"Accueil","item":"https:\/\/armurerie-richert.ch\/de\/startseite\/"},{"@type":"ListItem","position":2,"name":"Shop","item":"https:\/\/armurerie-richert.ch\/de\/shop\/"},{"@type":"ListItem","position":3,"name":"STREAMLIGHT TLR-7 A"}]},{"@type":"WebSite","@id":"https:\/\/armurerie-richert.ch\/de\/#website","url":"https:\/\/armurerie-richert.ch\/de\/","name":"Armurerie Richert","description":"","publisher":{"@id":"https:\/\/armurerie-richert.ch\/de\/#organization"},"potentialAction":[{"@type":"SearchAction","target":{"@type":"EntryPoint","urlTemplate":"https:\/\/armurerie-richert.ch\/de\/?s={search_term_string}"},"query-input":{"@type":"PropertyValueSpecification","valueRequired":true,"valueName":"search_term_string"}}],"inLanguage":"de"},{"@type":"Organization","@id":"https:\/\/armurerie-richert.ch\/de\/#organization","name":"Armurerie Richert","url":"https:\/\/armurerie-richert.ch\/de\/","logo":{"@type":"ImageObject","inLanguage":"de","@id":"https:\/\/armurerie-richert.ch\/de\/#\/schema\/logo\/image\/","url":"https:\/\/armurerie-richert.ch\/wp-content\/uploads\/2023\/11\/Armurerie-Richert-Logo-300px.png","contentUrl":"https:\/\/armurerie-richert.ch\/wp-content\/uploads\/2023\/11\/Armurerie-Richert-Logo-300px.png","width":300,"height":73,"caption":"Armurerie Richert"},"image":{"@id":"https:\/\/armurerie-richert.ch\/de\/#\/schema\/logo\/image\/"},"sameAs":["https:\/\/www.facebook.com\/profile.php?id=100023920014088"]}]},"product_price_amount":"220.00","product_price_currency":"CHF","og_availability":"instock","product_availability":"instock","product_condition":"new"},"_links":{"self":[{"href":"https:\/\/armurerie-richert.ch\/de\/wp-json\/wp\/v2\/product\/35421","targetHints":{"allow":["GET"]}}],"collection":[{"href":"https:\/\/armurerie-richert.ch\/de\/wp-json\/wp\/v2\/product"}],"about":[{"href":"https:\/\/armurerie-richert.ch\/de\/wp-json\/wp\/v2\/types\/product"}],"wp:featuredmedia":[{"embeddable":true,"href":"https:\/\/armurerie-richert.ch\/de\/wp-json\/wp\/v2\/media\/32507"}],"wp:attachment":[{"href":"https:\/\/armurerie-richert.ch\/de\/wp-json\/wp\/v2\/media?parent=35421"}],"wp:term":[{"taxonomy":"product_brand","embeddable":true,"href":"https:\/\/armurerie-richert.ch\/de\/wp-json\/wp\/v2\/product_brand?post=35421"},{"taxonomy":"product_cat","embeddable":true,"href":"https:\/\/armurerie-richert.ch\/de\/wp-json\/wp\/v2\/product_cat?post=35421"},{"taxonomy":"product_tag","embeddable":true,"href":"https:\/\/armurerie-richert.ch\/de\/wp-json\/wp\/v2\/product_tag?post=35421"}],"curies":[{"name":"wp","href":"https:\/\/api.w.org\/{rel}","templated":true}]}}