{"id":35422,"date":"2023-11-05T16:10:01","date_gmt":"2023-11-05T15:10:01","guid":{"rendered":"https:\/\/armurerie-richert.ch\/produit\/inforce-wild1-compact-pistol-light-neues-modell\/"},"modified":"2023-11-05T16:10:01","modified_gmt":"2023-11-05T15:10:01","slug":"inforce-wild1-compact-pistol-light-neues-modell","status":"publish","type":"product","link":"https:\/\/armurerie-richert.ch\/de\/produit\/inforce-wild1-compact-pistol-light-neues-modell\/","title":{"rendered":"INFORCE Wild1 Compact Pistol Light (neues Modell)"},"content":{"rendered":"<h3>INFORCE Wild1 Compact Pistol Light (neues Modell)<\/h3>\n<p>Die Inforce Compact Wild1 Pistol Light kombiniert das traditionelle Inforce Styling mit erstklassiger Haltbarkeit, einer optimalen Kombination aus Wurf und Aussto\u00df und einer bequemen Bedienung f\u00fcr Benutzer mit kleinen und gro\u00dfen H\u00e4nden.<\/p>\n<h2><strong>KONSTRUKTION<\/strong><\/h2>\n<ul>\n<li>Wild1 besteht haupts\u00e4chlich aus 6061-T6 Aluminium und einer hartanodisierten Typ III MIL-SPEC Oberfl\u00e4che.<\/li>\n<li>Das Ger\u00e4t ist auch unempfindlich gegen Staub, Sand und Schmutz und ist wasserdicht bis 66 Fu\u00df.<\/li>\n<\/ul>\n<h2><strong>OUTPUT<\/strong><\/h2>\n<ul>\n<li>Wild1 enth\u00e4lt einen speziellen Parabolreflektor, der 500 Lumen wei\u00dfes Licht formt und ausstrahlt. Der gut definierte Hotspot mit der perfekten Balance der Lichtverteilung erm\u00f6glicht es Ihnen, Ihre Umgebung wahrzunehmen. <\/li>\n<li>Eine einzelne 123A Lithiumbatterie versorgt die hocheffiziente LED des Ger\u00e4ts bis zu 2 Stunden lang mit Strom.<\/li>\n<\/ul>\n<h2><strong>AKTIVATION<\/strong><\/h2>\n<ul>\n<li>Beide Funktionen &#8211; die konstante und die momentane &#8211; werden aktiviert, indem Sie seitlich auf das linke oder rechte Paddle dr\u00fccken. Diese Art der Aktivierung entspricht der nat\u00fcrlichen Bewegung des Fingers. <\/li>\n<li>Dr\u00fccken und loslassen f\u00fcr konstant, dr\u00fccken und halten f\u00fcr kurzfristig.<\/li>\n<\/ul>\n<p><strong>Spezifikationen:<\/strong><\/p>\n<ul>\n<li><strong>Produktlinie: <\/strong>Wild 1<\/li>\n<li><strong>Material: <\/strong>6061 T6 Aluminium<\/li>\n<li><strong>Ausgangsleistung: <\/strong>500 Lumen<\/li>\n<li><strong>Stromquelle: <\/strong>123A<\/li>\n<li><strong>Laufzeit: <\/strong>2 Stunden<\/li>\n<li><strong>Finish: <\/strong>Schwarz<\/li>\n<\/ul>\n","protected":false},"excerpt":{"rendered":"<p>Die Inforce Compact Wild1 Pistol Light kombiniert das traditionelle Inforce Styling mit erstklassiger Haltbarkeit, einer optimalen Kombination aus Wurf und Aussto\u00df und einer bequemen Bedienung f\u00fcr Benutzer mit kleinen und gro\u00dfen H\u00e4nden.<\/p>\n<h2><strong>KONSTRUKTION<\/strong><\/h2>\n<ul>\n<li>Wild1 besteht haupts\u00e4chlich aus 6061-T6 Aluminium und einer hartanodisierten Typ III MIL-SPEC Oberfl\u00e4che.<\/li>\n<li>Das Ger\u00e4t ist auch unempfindlich gegen Staub, Sand und Schmutz und ist wasserdicht bis 66 Fu\u00df.<\/li>\n<\/ul>\n<h2><strong>OUTPUT<\/strong><\/h2>\n<ul>\n<li>Wild1 enth\u00e4lt einen speziellen Parabolreflektor, der 500 Lumen wei\u00dfes Licht formt und ausstrahlt. Der gut definierte Hotspot mit der perfekten Balance der Lichtverteilung erm\u00f6glicht es Ihnen, Ihre Umgebung wahrzunehmen. <\/li>\n<li>Eine einzelne 123A Lithiumbatterie versorgt die hocheffiziente LED des Ger\u00e4ts bis zu 2 Stunden lang mit Strom.<\/li>\n<\/ul>\n<h2><strong>AKTIVATION<\/strong><\/h2>\n<ul>\n<li>Beide Funktionen &#8211; die konstante und die momentane &#8211; werden aktiviert, indem Sie seitlich auf das linke oder rechte Paddle dr\u00fccken. Diese Art der Aktivierung entspricht der nat\u00fcrlichen Bewegung des Fingers. <\/li>\n<li>Dr\u00fccken und loslassen f\u00fcr konstant, dr\u00fccken und halten f\u00fcr kurzfristig.<\/li>\n<\/ul>\n<p><strong>Spezifikationen:<\/strong><\/p>\n<ul>\n<li><strong>Produktlinie: <\/strong>Wild 1<\/li>\n<li><strong>Material: <\/strong>6061 T6 Aluminium<\/li>\n<li><strong>Ausgangsleistung: <\/strong>500 Lumen<\/li>\n<li><strong>Stromquelle: <\/strong>123A<\/li>\n<li><strong>Laufzeit: <\/strong>2 Stunden<\/li>\n<li><strong>Finish: <\/strong>Schwarz<\/li>\n<\/ul>\n","protected":false},"featured_media":32489,"template":"","meta":{"_et_pb_use_builder":"","_et_pb_old_content":"","_et_gb_content_width":""},"product_brand":[],"product_cat":[67,65],"product_tag":[],"class_list":{"0":"post-35422","1":"product","2":"type-product","3":"status-publish","4":"has-post-thumbnail","6":"product_cat-lampen","7":"product_cat-zubehor-und-optik","9":"first","10":"instock","11":"shipping-taxable","12":"purchasable","13":"product-type-simple"},"yoast_head":"<!-- This site is optimized with the Yoast SEO Premium plugin v24.7 (Yoast SEO v27.5) - https:\/\/yoast.com\/product\/yoast-seo-premium-wordpress\/ -->\n<title>INFORCE Wild1 Compact Pistol Light (neues Modell) - Armurerie Richert<\/title>\n<meta name=\"description\" content=\"Entdecken Sie die Kraft der INFORCE Wild1 Compact Pistolenlampe. Ihr robustes und wasserdichtes Design macht sie zum idealen Werkzeug f\u00fcr alle Bedingungen.\" \/>\n<meta name=\"robots\" content=\"index, follow, max-snippet:-1, max-image-preview:large, max-video-preview:-1\" \/>\n<link rel=\"canonical\" href=\"https:\/\/armurerie-richert.ch\/de\/produit\/inforce-wild1-compact-pistol-light-neues-modell\/\" \/>\n<meta property=\"og:locale\" content=\"de_DE\" \/>\n<meta property=\"og:type\" content=\"article\" \/>\n<meta property=\"og:title\" content=\"INFORCE Wild1 Compact Pistol Light (neues Modell)\" \/>\n<meta property=\"og:description\" content=\"Entdecken Sie die Kraft der INFORCE Wild1 Compact Pistolenlampe. Ihr robustes und wasserdichtes Design macht sie zum idealen Werkzeug f\u00fcr alle Bedingungen.\" \/>\n<meta property=\"og:url\" content=\"https:\/\/armurerie-richert.ch\/de\/produit\/inforce-wild1-compact-pistol-light-neues-modell\/\" \/>\n<meta property=\"og:site_name\" content=\"Armurerie Richert\" \/>\n<meta property=\"article:publisher\" content=\"https:\/\/www.facebook.com\/profile.php?id=100023920014088\" \/>\n<meta property=\"og:image\" content=\"https:\/\/armurerie-richert.ch\/wp-content\/uploads\/2023\/11\/inforce-wild1-compact-pistol-light.jpg\" \/>\n\t<meta property=\"og:image:width\" content=\"890\" \/>\n\t<meta property=\"og:image:height\" content=\"890\" \/>\n\t<meta property=\"og:image:type\" content=\"image\/jpeg\" \/>\n<meta name=\"twitter:card\" content=\"summary_large_image\" \/>\n<meta name=\"twitter:label1\" content=\"Preis\" \/>\n\t<meta name=\"twitter:data1\" content=\"&#067;&#072;&#070;&nbsp;195.00\" \/>\n\t<meta name=\"twitter:label2\" content=\"Verf\u00fcgbarkeit\" \/>\n\t<meta name=\"twitter:data2\" content=\"Auf Lager\" \/>\n<script type=\"application\/ld+json\" class=\"yoast-schema-graph\">{\"@context\":\"https:\\\/\\\/schema.org\",\"@graph\":[{\"@type\":\"WebPage\",\"@id\":\"https:\\\/\\\/armurerie-richert.ch\\\/de\\\/produit\\\/inforce-wild1-compact-pistol-light-neues-modell\\\/\",\"url\":\"https:\\\/\\\/armurerie-richert.ch\\\/de\\\/produit\\\/inforce-wild1-compact-pistol-light-neues-modell\\\/\",\"name\":\"INFORCE Wild1 Compact Pistol Light (neues Modell) - Armurerie Richert\",\"isPartOf\":{\"@id\":\"https:\\\/\\\/armurerie-richert.ch\\\/de\\\/#website\"},\"primaryImageOfPage\":{\"@id\":\"https:\\\/\\\/armurerie-richert.ch\\\/de\\\/produit\\\/inforce-wild1-compact-pistol-light-neues-modell\\\/#primaryimage\"},\"image\":{\"@id\":\"https:\\\/\\\/armurerie-richert.ch\\\/de\\\/produit\\\/inforce-wild1-compact-pistol-light-neues-modell\\\/#primaryimage\"},\"thumbnailUrl\":\"https:\\\/\\\/armurerie-richert.ch\\\/wp-content\\\/uploads\\\/2023\\\/11\\\/inforce-wild1-compact-pistol-light.jpg\",\"datePublished\":\"2023-11-05T15:10:01+00:00\",\"description\":\"Entdecken Sie die Kraft der INFORCE Wild1 Compact Pistolenlampe. Ihr robustes und wasserdichtes Design macht sie zum idealen Werkzeug f\u00fcr alle Bedingungen.\",\"breadcrumb\":{\"@id\":\"https:\\\/\\\/armurerie-richert.ch\\\/de\\\/produit\\\/inforce-wild1-compact-pistol-light-neues-modell\\\/#breadcrumb\"},\"inLanguage\":\"de\",\"potentialAction\":[{\"@type\":\"ReadAction\",\"target\":[\"https:\\\/\\\/armurerie-richert.ch\\\/de\\\/produit\\\/inforce-wild1-compact-pistol-light-neues-modell\\\/\"]}]},{\"@type\":\"ImageObject\",\"inLanguage\":\"de\",\"@id\":\"https:\\\/\\\/armurerie-richert.ch\\\/de\\\/produit\\\/inforce-wild1-compact-pistol-light-neues-modell\\\/#primaryimage\",\"url\":\"https:\\\/\\\/armurerie-richert.ch\\\/wp-content\\\/uploads\\\/2023\\\/11\\\/inforce-wild1-compact-pistol-light.jpg\",\"contentUrl\":\"https:\\\/\\\/armurerie-richert.ch\\\/wp-content\\\/uploads\\\/2023\\\/11\\\/inforce-wild1-compact-pistol-light.jpg\",\"width\":890,\"height\":890},{\"@type\":\"BreadcrumbList\",\"@id\":\"https:\\\/\\\/armurerie-richert.ch\\\/de\\\/produit\\\/inforce-wild1-compact-pistol-light-neues-modell\\\/#breadcrumb\",\"itemListElement\":[{\"@type\":\"ListItem\",\"position\":1,\"name\":\"Accueil\",\"item\":\"https:\\\/\\\/armurerie-richert.ch\\\/de\\\/startseite\\\/\"},{\"@type\":\"ListItem\",\"position\":2,\"name\":\"Shop\",\"item\":\"https:\\\/\\\/armurerie-richert.ch\\\/de\\\/shop\\\/\"},{\"@type\":\"ListItem\",\"position\":3,\"name\":\"INFORCE Wild1 Compact Pistol Light (neues Modell)\"}]},{\"@type\":\"WebSite\",\"@id\":\"https:\\\/\\\/armurerie-richert.ch\\\/de\\\/#website\",\"url\":\"https:\\\/\\\/armurerie-richert.ch\\\/de\\\/\",\"name\":\"Armurerie Richert\",\"description\":\"\",\"publisher\":{\"@id\":\"https:\\\/\\\/armurerie-richert.ch\\\/de\\\/#organization\"},\"potentialAction\":[{\"@type\":\"SearchAction\",\"target\":{\"@type\":\"EntryPoint\",\"urlTemplate\":\"https:\\\/\\\/armurerie-richert.ch\\\/de\\\/?s={search_term_string}\"},\"query-input\":{\"@type\":\"PropertyValueSpecification\",\"valueRequired\":true,\"valueName\":\"search_term_string\"}}],\"inLanguage\":\"de\"},{\"@type\":\"Organization\",\"@id\":\"https:\\\/\\\/armurerie-richert.ch\\\/de\\\/#organization\",\"name\":\"Armurerie Richert\",\"url\":\"https:\\\/\\\/armurerie-richert.ch\\\/de\\\/\",\"logo\":{\"@type\":\"ImageObject\",\"inLanguage\":\"de\",\"@id\":\"https:\\\/\\\/armurerie-richert.ch\\\/de\\\/#\\\/schema\\\/logo\\\/image\\\/\",\"url\":\"https:\\\/\\\/armurerie-richert.ch\\\/wp-content\\\/uploads\\\/2023\\\/11\\\/Armurerie-Richert-Logo-300px.png\",\"contentUrl\":\"https:\\\/\\\/armurerie-richert.ch\\\/wp-content\\\/uploads\\\/2023\\\/11\\\/Armurerie-Richert-Logo-300px.png\",\"width\":300,\"height\":73,\"caption\":\"Armurerie Richert\"},\"image\":{\"@id\":\"https:\\\/\\\/armurerie-richert.ch\\\/de\\\/#\\\/schema\\\/logo\\\/image\\\/\"},\"sameAs\":[\"https:\\\/\\\/www.facebook.com\\\/profile.php?id=100023920014088\"]}]}<\/script>\n<meta property=\"product:price:amount\" content=\"195.00\" \/>\n<meta property=\"product:price:currency\" content=\"CHF\" \/>\n<meta property=\"og:availability\" content=\"instock\" \/>\n<meta property=\"product:availability\" content=\"instock\" \/>\n<meta property=\"product:condition\" content=\"new\" \/>\n<!-- \/ Yoast SEO Premium plugin. -->","yoast_head_json":{"title":"INFORCE Wild1 Compact Pistol Light (neues Modell) - Armurerie Richert","description":"Entdecken Sie die Kraft der INFORCE Wild1 Compact Pistolenlampe. Ihr robustes und wasserdichtes Design macht sie zum idealen Werkzeug f\u00fcr alle Bedingungen.","robots":{"index":"index","follow":"follow","max-snippet":"max-snippet:-1","max-image-preview":"max-image-preview:large","max-video-preview":"max-video-preview:-1"},"canonical":"https:\/\/armurerie-richert.ch\/de\/produit\/inforce-wild1-compact-pistol-light-neues-modell\/","og_locale":"de_DE","og_type":"article","og_title":"INFORCE Wild1 Compact Pistol Light (neues Modell)","og_description":"Entdecken Sie die Kraft der INFORCE Wild1 Compact Pistolenlampe. Ihr robustes und wasserdichtes Design macht sie zum idealen Werkzeug f\u00fcr alle Bedingungen.","og_url":"https:\/\/armurerie-richert.ch\/de\/produit\/inforce-wild1-compact-pistol-light-neues-modell\/","og_site_name":"Armurerie Richert","article_publisher":"https:\/\/www.facebook.com\/profile.php?id=100023920014088","og_image":[{"width":890,"height":890,"url":"https:\/\/armurerie-richert.ch\/wp-content\/uploads\/2023\/11\/inforce-wild1-compact-pistol-light.jpg","type":"image\/jpeg"}],"twitter_card":"summary_large_image","twitter_misc":{"Preis":"&#67;&#72;&#70;&nbsp;195.00","Verf\u00fcgbarkeit":"Auf Lager"},"schema":{"@context":"https:\/\/schema.org","@graph":[{"@type":"WebPage","@id":"https:\/\/armurerie-richert.ch\/de\/produit\/inforce-wild1-compact-pistol-light-neues-modell\/","url":"https:\/\/armurerie-richert.ch\/de\/produit\/inforce-wild1-compact-pistol-light-neues-modell\/","name":"INFORCE Wild1 Compact Pistol Light (neues Modell) - Armurerie Richert","isPartOf":{"@id":"https:\/\/armurerie-richert.ch\/de\/#website"},"primaryImageOfPage":{"@id":"https:\/\/armurerie-richert.ch\/de\/produit\/inforce-wild1-compact-pistol-light-neues-modell\/#primaryimage"},"image":{"@id":"https:\/\/armurerie-richert.ch\/de\/produit\/inforce-wild1-compact-pistol-light-neues-modell\/#primaryimage"},"thumbnailUrl":"https:\/\/armurerie-richert.ch\/wp-content\/uploads\/2023\/11\/inforce-wild1-compact-pistol-light.jpg","datePublished":"2023-11-05T15:10:01+00:00","description":"Entdecken Sie die Kraft der INFORCE Wild1 Compact Pistolenlampe. Ihr robustes und wasserdichtes Design macht sie zum idealen Werkzeug f\u00fcr alle Bedingungen.","breadcrumb":{"@id":"https:\/\/armurerie-richert.ch\/de\/produit\/inforce-wild1-compact-pistol-light-neues-modell\/#breadcrumb"},"inLanguage":"de","potentialAction":[{"@type":"ReadAction","target":["https:\/\/armurerie-richert.ch\/de\/produit\/inforce-wild1-compact-pistol-light-neues-modell\/"]}]},{"@type":"ImageObject","inLanguage":"de","@id":"https:\/\/armurerie-richert.ch\/de\/produit\/inforce-wild1-compact-pistol-light-neues-modell\/#primaryimage","url":"https:\/\/armurerie-richert.ch\/wp-content\/uploads\/2023\/11\/inforce-wild1-compact-pistol-light.jpg","contentUrl":"https:\/\/armurerie-richert.ch\/wp-content\/uploads\/2023\/11\/inforce-wild1-compact-pistol-light.jpg","width":890,"height":890},{"@type":"BreadcrumbList","@id":"https:\/\/armurerie-richert.ch\/de\/produit\/inforce-wild1-compact-pistol-light-neues-modell\/#breadcrumb","itemListElement":[{"@type":"ListItem","position":1,"name":"Accueil","item":"https:\/\/armurerie-richert.ch\/de\/startseite\/"},{"@type":"ListItem","position":2,"name":"Shop","item":"https:\/\/armurerie-richert.ch\/de\/shop\/"},{"@type":"ListItem","position":3,"name":"INFORCE Wild1 Compact Pistol Light (neues Modell)"}]},{"@type":"WebSite","@id":"https:\/\/armurerie-richert.ch\/de\/#website","url":"https:\/\/armurerie-richert.ch\/de\/","name":"Armurerie Richert","description":"","publisher":{"@id":"https:\/\/armurerie-richert.ch\/de\/#organization"},"potentialAction":[{"@type":"SearchAction","target":{"@type":"EntryPoint","urlTemplate":"https:\/\/armurerie-richert.ch\/de\/?s={search_term_string}"},"query-input":{"@type":"PropertyValueSpecification","valueRequired":true,"valueName":"search_term_string"}}],"inLanguage":"de"},{"@type":"Organization","@id":"https:\/\/armurerie-richert.ch\/de\/#organization","name":"Armurerie Richert","url":"https:\/\/armurerie-richert.ch\/de\/","logo":{"@type":"ImageObject","inLanguage":"de","@id":"https:\/\/armurerie-richert.ch\/de\/#\/schema\/logo\/image\/","url":"https:\/\/armurerie-richert.ch\/wp-content\/uploads\/2023\/11\/Armurerie-Richert-Logo-300px.png","contentUrl":"https:\/\/armurerie-richert.ch\/wp-content\/uploads\/2023\/11\/Armurerie-Richert-Logo-300px.png","width":300,"height":73,"caption":"Armurerie Richert"},"image":{"@id":"https:\/\/armurerie-richert.ch\/de\/#\/schema\/logo\/image\/"},"sameAs":["https:\/\/www.facebook.com\/profile.php?id=100023920014088"]}]},"product_price_amount":"195.00","product_price_currency":"CHF","og_availability":"instock","product_availability":"instock","product_condition":"new"},"_links":{"self":[{"href":"https:\/\/armurerie-richert.ch\/de\/wp-json\/wp\/v2\/product\/35422","targetHints":{"allow":["GET"]}}],"collection":[{"href":"https:\/\/armurerie-richert.ch\/de\/wp-json\/wp\/v2\/product"}],"about":[{"href":"https:\/\/armurerie-richert.ch\/de\/wp-json\/wp\/v2\/types\/product"}],"wp:featuredmedia":[{"embeddable":true,"href":"https:\/\/armurerie-richert.ch\/de\/wp-json\/wp\/v2\/media\/32489"}],"wp:attachment":[{"href":"https:\/\/armurerie-richert.ch\/de\/wp-json\/wp\/v2\/media?parent=35422"}],"wp:term":[{"taxonomy":"product_brand","embeddable":true,"href":"https:\/\/armurerie-richert.ch\/de\/wp-json\/wp\/v2\/product_brand?post=35422"},{"taxonomy":"product_cat","embeddable":true,"href":"https:\/\/armurerie-richert.ch\/de\/wp-json\/wp\/v2\/product_cat?post=35422"},{"taxonomy":"product_tag","embeddable":true,"href":"https:\/\/armurerie-richert.ch\/de\/wp-json\/wp\/v2\/product_tag?post=35422"}],"curies":[{"name":"wp","href":"https:\/\/api.w.org\/{rel}","templated":true}]}}