{"id":35423,"date":"2023-11-05T16:18:50","date_gmt":"2023-11-05T15:18:50","guid":{"rendered":"https:\/\/armurerie-richert.ch\/produit\/surefire-x300-turbo-a\/"},"modified":"2025-02-21T08:36:54","modified_gmt":"2025-02-21T07:36:54","slug":"surefire-x300-turbo-a","status":"publish","type":"product","link":"https:\/\/armurerie-richert.ch\/de\/produit\/surefire-x300-turbo-a\/","title":{"rendered":"SUREFIRE X300 Turbo A"},"content":{"rendered":"<h3>SUREFIRE X300 Turbo A<\/h3>\n<p>Die Turbo Series Version der bestverkauften X300 Handfeuerwaffe der WeaponLight Familie wurde entwickelt, um den Bed\u00fcrfnissen von Profis gerecht zu werden. Sie liefert erstaunliche 66.000 candela intensives, eng fokussiertes, weitreichendes wei\u00dfes Licht mit einem Hot Spot, der extrem effektiv ist. Sie k\u00f6nnen sich darauf verlassen, dass der X300T-A Ihnen hilft, Bedrohungen auf extreme Entfernungen positiv zu identifizieren, w\u00e4hrend er gleichzeitig ein breites Streulicht bietet, um Sie bei der Aufrechterhaltung des Situationsbewusstseins zu unterst\u00fctzen. Der beidh\u00e4ndig bedienbare Schalter erm\u00f6glicht eine einmalige Kontrolle von Momentan- oder Daueraktivierung. Sein raues, luftfahrttaugliches Aluminiumgeh\u00e4use ist Mil-Spec hart anodisiert f\u00fcr Kratzer- und Korrosionsbest\u00e4ndigkeit und versiegelt, um es wetterfest zu machen. Es ist au\u00dferdem nach IPX7 bis 1 Meter f\u00fcr 30 Minuten wasserdicht. Der X300T-A liefert einen Standard der Exzellenz, auf den Sie sich verlassen k\u00f6nnen.     <\/p>\n<p><strong>Features:<\/strong><\/p>\n<ul>\n<li>Pr\u00e4zisions-engineered Turbo-Reflektor liefert 66,000 candela eng fokussiertes wei\u00dfes Licht; der am weitesten reichende Lichtstrahl einer SureFire X-Series Handgun WeaponLight.<\/li>\n<li>Integrierte beidh\u00e4ndige Moment- und Konstant-On-Schaltung erm\u00f6glicht eine einfache sofortige Aktivierung.<\/li>\n<li>Befestigt sicher an Universal- und Picatinny-Zubeh\u00f6rschienen<\/li>\n<li>IPX7 wasserdicht bis 1 Meter f\u00fcr 30 Minuten<\/li>\n<li>High-strength aerospace aluminum body is Mil-Spec hard anodized for extreme durability<\/li>\n<li>Optionale druckaktivierte DG- und XT-Fernbedienungsschalter f\u00fcr Pr\u00e4zisionskontrolle ohne Beeintr\u00e4chtigung des Waffengriffs.<\/li>\n<\/ul>\n<p><strong>Spezifikationen:<\/strong><\/p>\n<ul>\n<li>HIGH OUTPUT: 650 Lumen<\/li>\n<li>HIGH RUNTIME: 1.5 hours<\/li>\n<li>PEAK BEAM INTENSITY: 66,000 candela<\/li>\n<li>BATTERIEN: Two 123A Lithium (incl.)<\/li>\n<li>SWITCHING: Ambidextrous push \/ toggle<\/li>\n<li>LENGTH: 3.76 in (9.55 cm)<\/li>\n<li>HIGH OUTPUT: 650 Lumen<\/li>\n<li>HIGH RUNTIME: 1.5 hours<\/li>\n<li>DISTANCE: 514 meters<\/li>\n<li>AUFBAU: Aluminium<\/li>\n<li>FINISH: Mil-Spec Hard Anodized<\/li>\n<li>WEIGHT WITH BATTERIES: 4.2 oz (119 g)<\/li>\n<li>BEZEL DIAMETER: 1.125 in (2.9 cm)<\/li>\n<li>SCHUTZ GEGEN FL\u00dcSSIGKEITSEINTRITT: IPX7<\/li>\n<\/ul>\n","protected":false},"excerpt":{"rendered":"<p>Die Turbo Series Version der bestverkauften X300 Handfeuerwaffe der WeaponLight Familie wurde entwickelt, um den Bed\u00fcrfnissen von Profis gerecht zu werden. Sie liefert erstaunliche 66.000 candela intensives, eng fokussiertes, weitreichendes wei\u00dfes Licht mit einem Hot Spot, der extrem effektiv ist. Sie k\u00f6nnen sich darauf verlassen, dass der X300T-A Ihnen hilft, Bedrohungen auf extreme Entfernungen positiv zu identifizieren, w\u00e4hrend er gleichzeitig ein breites Streulicht bietet, um Sie bei der Aufrechterhaltung des Situationsbewusstseins zu unterst\u00fctzen. Der beidh\u00e4ndig bedienbare Schalter erm\u00f6glicht eine einmalige Kontrolle von Momentan- oder Daueraktivierung. Sein raues, luftfahrttaugliches Aluminiumgeh\u00e4use ist Mil-Spec hart anodisiert f\u00fcr Kratzer- und Korrosionsbest\u00e4ndigkeit und versiegelt, um es wetterfest zu machen. Es ist au\u00dferdem nach IPX7 bis 1 Meter f\u00fcr 30 Minuten wasserdicht. Der X300T-A liefert einen Standard der Exzellenz, auf den Sie sich verlassen k\u00f6nnen.     <\/p>\n<p><strong>Features:<\/strong><\/p>\n<ul>\n<li>Pr\u00e4zisions-engineered Turbo-Reflektor liefert 66,000 candela eng fokussiertes wei\u00dfes Licht; der am weitesten reichende Lichtstrahl einer SureFire X-Series Handgun WeaponLight.<\/li>\n<li>Integrierte beidh\u00e4ndige Moment- und Konstant-On-Schaltung erm\u00f6glicht eine einfache sofortige Aktivierung.<\/li>\n<li>Befestigt sicher an Universal- und Picatinny-Zubeh\u00f6rschienen<\/li>\n<li>IPX7 wasserdicht bis 1 Meter f\u00fcr 30 Minuten<\/li>\n<li>High-strength aerospace aluminum body is Mil-Spec hard anodized for extreme durability<\/li>\n<li>Optionale druckaktivierte DG- und XT-Fernbedienungsschalter f\u00fcr Pr\u00e4zisionskontrolle ohne Beeintr\u00e4chtigung des Waffengriffs.<\/li>\n<\/ul>\n<p><strong>Spezifikationen:<\/strong><\/p>\n<ul>\n<li>HIGH OUTPUT: 650 Lumen<\/li>\n<li>HIGH RUNTIME: 1.5 hours<\/li>\n<li>PEAK BEAM INTENSITY: 66,000 candela<\/li>\n<li>BATTERIEN: Two 123A Lithium (incl.)<\/li>\n<li>SWITCHING: Ambidextrous push \/ toggle<\/li>\n<li>LENGTH: 3.76 in (9.55 cm)<\/li>\n<li>HIGH OUTPUT: 650 Lumen<\/li>\n<li>HIGH RUNTIME: 1.5 hours<\/li>\n<li>DISTANCE: 514 meters<\/li>\n<li>AUFBAU: Aluminium<\/li>\n<li>FINISH: Mil-Spec Hard Anodized<\/li>\n<li>WEIGHT WITH BATTERIES: 4.2 oz (119 g)<\/li>\n<li>BEZEL DIAMETER: 1.125 in (2.9 cm)<\/li>\n<li>SCHUTZ GEGEN FL\u00dcSSIGKEITSEINTRITT: IPX7<\/li>\n<\/ul>\n","protected":false},"featured_media":34431,"template":"","meta":{"_et_pb_use_builder":"","_et_pb_old_content":"","_et_gb_content_width":""},"product_brand":[],"product_cat":[67,65],"product_tag":[],"class_list":{"0":"post-35423","1":"product","2":"type-product","3":"status-publish","4":"has-post-thumbnail","6":"product_cat-lampen","7":"product_cat-zubehor-und-optik","9":"first","10":"instock","11":"shipping-taxable","12":"purchasable","13":"product-type-simple"},"yoast_head":"<!-- This site is optimized with the Yoast SEO Premium plugin v24.7 (Yoast SEO v27.5) - https:\/\/yoast.com\/product\/yoast-seo-premium-wordpress\/ -->\n<title>SUREFIRE X300 Turbo A - Armurerie Richert<\/title>\n<meta name=\"description\" content=\"Erkennen Sie Bedrohungen aus der Ferne mit der SUREFIRE X300 Turbo A Pistolenlampe. Eine Intensit\u00e4t von 66.000 Candela f\u00fcr eine au\u00dfergew\u00f6hnliche Sichtbarkeit. \ud83d\udd26\" \/>\n<meta name=\"robots\" content=\"index, follow, max-snippet:-1, max-image-preview:large, max-video-preview:-1\" \/>\n<link rel=\"canonical\" href=\"https:\/\/armurerie-richert.ch\/de\/produit\/surefire-x300-turbo-a\/\" \/>\n<meta property=\"og:locale\" content=\"de_DE\" \/>\n<meta property=\"og:type\" content=\"article\" \/>\n<meta property=\"og:title\" content=\"SUREFIRE X300 Turbo A\" \/>\n<meta property=\"og:description\" content=\"Erkennen Sie Bedrohungen aus der Ferne mit der SUREFIRE X300 Turbo A Pistolenlampe. Eine Intensit\u00e4t von 66.000 Candela f\u00fcr eine au\u00dfergew\u00f6hnliche Sichtbarkeit. \ud83d\udd26\" \/>\n<meta property=\"og:url\" content=\"https:\/\/armurerie-richert.ch\/de\/produit\/surefire-x300-turbo-a\/\" \/>\n<meta property=\"og:site_name\" content=\"Armurerie Richert\" \/>\n<meta property=\"article:publisher\" content=\"https:\/\/www.facebook.com\/profile.php?id=100023920014088\" \/>\n<meta property=\"article:modified_time\" content=\"2025-02-21T07:36:54+00:00\" \/>\n<meta property=\"og:image\" content=\"https:\/\/armurerie-richert.ch\/wp-content\/uploads\/2023\/11\/surefire-x300t-a-turbo-led-weapon-light-black.jpg\" \/>\n\t<meta property=\"og:image:width\" content=\"1623\" \/>\n\t<meta property=\"og:image:height\" content=\"1623\" \/>\n\t<meta property=\"og:image:type\" content=\"image\/jpeg\" \/>\n<meta name=\"twitter:card\" content=\"summary_large_image\" \/>\n<meta name=\"twitter:label1\" content=\"Preis\" \/>\n\t<meta name=\"twitter:data1\" content=\"&#067;&#072;&#070;&nbsp;395.00\" \/>\n\t<meta name=\"twitter:label2\" content=\"Verf\u00fcgbarkeit\" \/>\n\t<meta name=\"twitter:data2\" content=\"Auf Lager\" \/>\n<script type=\"application\/ld+json\" class=\"yoast-schema-graph\">{\"@context\":\"https:\\\/\\\/schema.org\",\"@graph\":[{\"@type\":\"WebPage\",\"@id\":\"https:\\\/\\\/armurerie-richert.ch\\\/de\\\/produit\\\/surefire-x300-turbo-a\\\/\",\"url\":\"https:\\\/\\\/armurerie-richert.ch\\\/de\\\/produit\\\/surefire-x300-turbo-a\\\/\",\"name\":\"SUREFIRE X300 Turbo A - Armurerie Richert\",\"isPartOf\":{\"@id\":\"https:\\\/\\\/armurerie-richert.ch\\\/de\\\/#website\"},\"primaryImageOfPage\":{\"@id\":\"https:\\\/\\\/armurerie-richert.ch\\\/de\\\/produit\\\/surefire-x300-turbo-a\\\/#primaryimage\"},\"image\":{\"@id\":\"https:\\\/\\\/armurerie-richert.ch\\\/de\\\/produit\\\/surefire-x300-turbo-a\\\/#primaryimage\"},\"thumbnailUrl\":\"https:\\\/\\\/armurerie-richert.ch\\\/wp-content\\\/uploads\\\/2023\\\/11\\\/surefire-x300t-a-turbo-led-weapon-light-black.jpg\",\"datePublished\":\"2023-11-05T15:18:50+00:00\",\"dateModified\":\"2025-02-21T07:36:54+00:00\",\"description\":\"Erkennen Sie Bedrohungen aus der Ferne mit der SUREFIRE X300 Turbo A Pistolenlampe. Eine Intensit\u00e4t von 66.000 Candela f\u00fcr eine au\u00dfergew\u00f6hnliche Sichtbarkeit. \ud83d\udd26\",\"breadcrumb\":{\"@id\":\"https:\\\/\\\/armurerie-richert.ch\\\/de\\\/produit\\\/surefire-x300-turbo-a\\\/#breadcrumb\"},\"inLanguage\":\"de\",\"potentialAction\":[{\"@type\":\"ReadAction\",\"target\":[\"https:\\\/\\\/armurerie-richert.ch\\\/de\\\/produit\\\/surefire-x300-turbo-a\\\/\"]}]},{\"@type\":\"ImageObject\",\"inLanguage\":\"de\",\"@id\":\"https:\\\/\\\/armurerie-richert.ch\\\/de\\\/produit\\\/surefire-x300-turbo-a\\\/#primaryimage\",\"url\":\"https:\\\/\\\/armurerie-richert.ch\\\/wp-content\\\/uploads\\\/2023\\\/11\\\/surefire-x300t-a-turbo-led-weapon-light-black.jpg\",\"contentUrl\":\"https:\\\/\\\/armurerie-richert.ch\\\/wp-content\\\/uploads\\\/2023\\\/11\\\/surefire-x300t-a-turbo-led-weapon-light-black.jpg\",\"width\":1623,\"height\":1623},{\"@type\":\"BreadcrumbList\",\"@id\":\"https:\\\/\\\/armurerie-richert.ch\\\/de\\\/produit\\\/surefire-x300-turbo-a\\\/#breadcrumb\",\"itemListElement\":[{\"@type\":\"ListItem\",\"position\":1,\"name\":\"Accueil\",\"item\":\"https:\\\/\\\/armurerie-richert.ch\\\/de\\\/startseite\\\/\"},{\"@type\":\"ListItem\",\"position\":2,\"name\":\"Shop\",\"item\":\"https:\\\/\\\/armurerie-richert.ch\\\/de\\\/shop\\\/\"},{\"@type\":\"ListItem\",\"position\":3,\"name\":\"SUREFIRE X300 Turbo A\"}]},{\"@type\":\"WebSite\",\"@id\":\"https:\\\/\\\/armurerie-richert.ch\\\/de\\\/#website\",\"url\":\"https:\\\/\\\/armurerie-richert.ch\\\/de\\\/\",\"name\":\"Armurerie Richert\",\"description\":\"\",\"publisher\":{\"@id\":\"https:\\\/\\\/armurerie-richert.ch\\\/de\\\/#organization\"},\"potentialAction\":[{\"@type\":\"SearchAction\",\"target\":{\"@type\":\"EntryPoint\",\"urlTemplate\":\"https:\\\/\\\/armurerie-richert.ch\\\/de\\\/?s={search_term_string}\"},\"query-input\":{\"@type\":\"PropertyValueSpecification\",\"valueRequired\":true,\"valueName\":\"search_term_string\"}}],\"inLanguage\":\"de\"},{\"@type\":\"Organization\",\"@id\":\"https:\\\/\\\/armurerie-richert.ch\\\/de\\\/#organization\",\"name\":\"Armurerie Richert\",\"url\":\"https:\\\/\\\/armurerie-richert.ch\\\/de\\\/\",\"logo\":{\"@type\":\"ImageObject\",\"inLanguage\":\"de\",\"@id\":\"https:\\\/\\\/armurerie-richert.ch\\\/de\\\/#\\\/schema\\\/logo\\\/image\\\/\",\"url\":\"https:\\\/\\\/armurerie-richert.ch\\\/wp-content\\\/uploads\\\/2023\\\/11\\\/Armurerie-Richert-Logo-300px.png\",\"contentUrl\":\"https:\\\/\\\/armurerie-richert.ch\\\/wp-content\\\/uploads\\\/2023\\\/11\\\/Armurerie-Richert-Logo-300px.png\",\"width\":300,\"height\":73,\"caption\":\"Armurerie Richert\"},\"image\":{\"@id\":\"https:\\\/\\\/armurerie-richert.ch\\\/de\\\/#\\\/schema\\\/logo\\\/image\\\/\"},\"sameAs\":[\"https:\\\/\\\/www.facebook.com\\\/profile.php?id=100023920014088\"]}]}<\/script>\n<meta property=\"product:price:amount\" content=\"395.00\" \/>\n<meta property=\"product:price:currency\" content=\"CHF\" \/>\n<meta property=\"og:availability\" content=\"instock\" \/>\n<meta property=\"product:availability\" content=\"instock\" \/>\n<meta property=\"product:condition\" content=\"new\" \/>\n<!-- \/ Yoast SEO Premium plugin. -->","yoast_head_json":{"title":"SUREFIRE X300 Turbo A - Armurerie Richert","description":"Erkennen Sie Bedrohungen aus der Ferne mit der SUREFIRE X300 Turbo A Pistolenlampe. Eine Intensit\u00e4t von 66.000 Candela f\u00fcr eine au\u00dfergew\u00f6hnliche Sichtbarkeit. \ud83d\udd26","robots":{"index":"index","follow":"follow","max-snippet":"max-snippet:-1","max-image-preview":"max-image-preview:large","max-video-preview":"max-video-preview:-1"},"canonical":"https:\/\/armurerie-richert.ch\/de\/produit\/surefire-x300-turbo-a\/","og_locale":"de_DE","og_type":"article","og_title":"SUREFIRE X300 Turbo A","og_description":"Erkennen Sie Bedrohungen aus der Ferne mit der SUREFIRE X300 Turbo A Pistolenlampe. Eine Intensit\u00e4t von 66.000 Candela f\u00fcr eine au\u00dfergew\u00f6hnliche Sichtbarkeit. \ud83d\udd26","og_url":"https:\/\/armurerie-richert.ch\/de\/produit\/surefire-x300-turbo-a\/","og_site_name":"Armurerie Richert","article_publisher":"https:\/\/www.facebook.com\/profile.php?id=100023920014088","article_modified_time":"2025-02-21T07:36:54+00:00","og_image":[{"width":1623,"height":1623,"url":"https:\/\/armurerie-richert.ch\/wp-content\/uploads\/2023\/11\/surefire-x300t-a-turbo-led-weapon-light-black.jpg","type":"image\/jpeg"}],"twitter_card":"summary_large_image","twitter_misc":{"Preis":"&#67;&#72;&#70;&nbsp;395.00","Verf\u00fcgbarkeit":"Auf Lager"},"schema":{"@context":"https:\/\/schema.org","@graph":[{"@type":"WebPage","@id":"https:\/\/armurerie-richert.ch\/de\/produit\/surefire-x300-turbo-a\/","url":"https:\/\/armurerie-richert.ch\/de\/produit\/surefire-x300-turbo-a\/","name":"SUREFIRE X300 Turbo A - Armurerie Richert","isPartOf":{"@id":"https:\/\/armurerie-richert.ch\/de\/#website"},"primaryImageOfPage":{"@id":"https:\/\/armurerie-richert.ch\/de\/produit\/surefire-x300-turbo-a\/#primaryimage"},"image":{"@id":"https:\/\/armurerie-richert.ch\/de\/produit\/surefire-x300-turbo-a\/#primaryimage"},"thumbnailUrl":"https:\/\/armurerie-richert.ch\/wp-content\/uploads\/2023\/11\/surefire-x300t-a-turbo-led-weapon-light-black.jpg","datePublished":"2023-11-05T15:18:50+00:00","dateModified":"2025-02-21T07:36:54+00:00","description":"Erkennen Sie Bedrohungen aus der Ferne mit der SUREFIRE X300 Turbo A Pistolenlampe. Eine Intensit\u00e4t von 66.000 Candela f\u00fcr eine au\u00dfergew\u00f6hnliche Sichtbarkeit. \ud83d\udd26","breadcrumb":{"@id":"https:\/\/armurerie-richert.ch\/de\/produit\/surefire-x300-turbo-a\/#breadcrumb"},"inLanguage":"de","potentialAction":[{"@type":"ReadAction","target":["https:\/\/armurerie-richert.ch\/de\/produit\/surefire-x300-turbo-a\/"]}]},{"@type":"ImageObject","inLanguage":"de","@id":"https:\/\/armurerie-richert.ch\/de\/produit\/surefire-x300-turbo-a\/#primaryimage","url":"https:\/\/armurerie-richert.ch\/wp-content\/uploads\/2023\/11\/surefire-x300t-a-turbo-led-weapon-light-black.jpg","contentUrl":"https:\/\/armurerie-richert.ch\/wp-content\/uploads\/2023\/11\/surefire-x300t-a-turbo-led-weapon-light-black.jpg","width":1623,"height":1623},{"@type":"BreadcrumbList","@id":"https:\/\/armurerie-richert.ch\/de\/produit\/surefire-x300-turbo-a\/#breadcrumb","itemListElement":[{"@type":"ListItem","position":1,"name":"Accueil","item":"https:\/\/armurerie-richert.ch\/de\/startseite\/"},{"@type":"ListItem","position":2,"name":"Shop","item":"https:\/\/armurerie-richert.ch\/de\/shop\/"},{"@type":"ListItem","position":3,"name":"SUREFIRE X300 Turbo A"}]},{"@type":"WebSite","@id":"https:\/\/armurerie-richert.ch\/de\/#website","url":"https:\/\/armurerie-richert.ch\/de\/","name":"Armurerie Richert","description":"","publisher":{"@id":"https:\/\/armurerie-richert.ch\/de\/#organization"},"potentialAction":[{"@type":"SearchAction","target":{"@type":"EntryPoint","urlTemplate":"https:\/\/armurerie-richert.ch\/de\/?s={search_term_string}"},"query-input":{"@type":"PropertyValueSpecification","valueRequired":true,"valueName":"search_term_string"}}],"inLanguage":"de"},{"@type":"Organization","@id":"https:\/\/armurerie-richert.ch\/de\/#organization","name":"Armurerie Richert","url":"https:\/\/armurerie-richert.ch\/de\/","logo":{"@type":"ImageObject","inLanguage":"de","@id":"https:\/\/armurerie-richert.ch\/de\/#\/schema\/logo\/image\/","url":"https:\/\/armurerie-richert.ch\/wp-content\/uploads\/2023\/11\/Armurerie-Richert-Logo-300px.png","contentUrl":"https:\/\/armurerie-richert.ch\/wp-content\/uploads\/2023\/11\/Armurerie-Richert-Logo-300px.png","width":300,"height":73,"caption":"Armurerie Richert"},"image":{"@id":"https:\/\/armurerie-richert.ch\/de\/#\/schema\/logo\/image\/"},"sameAs":["https:\/\/www.facebook.com\/profile.php?id=100023920014088"]}]},"product_price_amount":"395.00","product_price_currency":"CHF","og_availability":"instock","product_availability":"instock","product_condition":"new"},"_links":{"self":[{"href":"https:\/\/armurerie-richert.ch\/de\/wp-json\/wp\/v2\/product\/35423","targetHints":{"allow":["GET"]}}],"collection":[{"href":"https:\/\/armurerie-richert.ch\/de\/wp-json\/wp\/v2\/product"}],"about":[{"href":"https:\/\/armurerie-richert.ch\/de\/wp-json\/wp\/v2\/types\/product"}],"wp:featuredmedia":[{"embeddable":true,"href":"https:\/\/armurerie-richert.ch\/de\/wp-json\/wp\/v2\/media\/34431"}],"wp:attachment":[{"href":"https:\/\/armurerie-richert.ch\/de\/wp-json\/wp\/v2\/media?parent=35423"}],"wp:term":[{"taxonomy":"product_brand","embeddable":true,"href":"https:\/\/armurerie-richert.ch\/de\/wp-json\/wp\/v2\/product_brand?post=35423"},{"taxonomy":"product_cat","embeddable":true,"href":"https:\/\/armurerie-richert.ch\/de\/wp-json\/wp\/v2\/product_cat?post=35423"},{"taxonomy":"product_tag","embeddable":true,"href":"https:\/\/armurerie-richert.ch\/de\/wp-json\/wp\/v2\/product_tag?post=35423"}],"curies":[{"name":"wp","href":"https:\/\/api.w.org\/{rel}","templated":true}]}}