{"id":35424,"date":"2023-11-05T16:08:31","date_gmt":"2023-11-05T15:08:31","guid":{"rendered":"https:\/\/armurerie-richert.ch\/produit\/inforce-wmlx-gen3-neues-modell-schwarz-oder-fde\/"},"modified":"2023-11-05T16:08:31","modified_gmt":"2023-11-05T15:08:31","slug":"inforce-wmlx-gen3-neues-modell-schwarz-oder-fde","status":"publish","type":"product","link":"https:\/\/armurerie-richert.ch\/de\/produit\/inforce-wmlx-gen3-neues-modell-schwarz-oder-fde\/","title":{"rendered":"INFORCE WMLX Gen3 (neues Modell) Schwarz oder FDE"},"content":{"rendered":"<h3>INFORCE WMLX Gen3 (neues Modell) Schwarz oder FDE<\/h3>\n<p>INFORCE hat sein neuestes Waffenlicht, das WMLx White Gen 3, vorgestellt, das eine deutliche Verbesserung gegen\u00fcber seinem Vorg\u00e4nger darstellt. Diese Version ist heller und leistungsst\u00e4rker als je zuvor und liefert die zweifache Lichtst\u00e4rke mit zwei 123a Batterien, ohne die Batterielebensdauer zu beeintr\u00e4chtigen, die bei 2 Stunden bleibt. Mit einer Lichtst\u00e4rke von 25.000 Candela auf einer 1.100-Lumen-Birne emittiert der WMLx White Gen 3 ein extrem helles Licht, das mehr als f\u00fcnfmal so hell ist wie die Menge, die n\u00f6tig ist, um jemanden im hellen Tageslicht zu blenden. Mit einer Reichweite von 1.036,75 Fu\u00df (316m) ist diese Lampe perfekt f\u00fcr Nah- und Fernkampfeins\u00e4tze, wenn sie auf eine Shotgun oder Pistolenkaliber Carbine montiert ist, oder f\u00fcr Mittelstreckeneins\u00e4tze, wenn sie auf eine Rifle geklippt wird. Der ergonomische, nicht versenkbare Knopf des WMLx White Gen 3 ist der Form des menschlichen Daumens nachempfunden und macht die Tape Switches \u00e4lterer Designs \u00fcberfl\u00fcssig. Der Knopf erm\u00f6glicht ein intuitives Ein- und Ausschalten des Lichts, w\u00e4hrend eine Flip-Sicherheitsvorrichtung sicherstellt, dass es nicht versehentlich eingeschaltet werden kann. INFORCE hat den WMLx White Gen 3 aus glasverst\u00e4rktem Nylon hergestellt, wodurch er undurchl\u00e4ssig f\u00fcr Schmutz, Sand und andere feste Verschmutzungen ist. Die Leuchte ist au\u00dferdem wasserdicht bis zu 66 Fu\u00df\/20 Meter. Dieses leichte und langlebige Gewehrlicht ist perfekt f\u00fcr J\u00e4ger und Riflemen und zeigt das Engagement von INFORCE f\u00fcr Qualit\u00e4t, Zuverl\u00e4ssigkeit und Kundenzufriedenheit.   <\/p>\n<p><strong>Features:<\/strong><\/p>\n<ul>\n<li>1100 Lumen Leistung im Hochmodus<\/li>\n<li>25,000 candela Strahlst\u00e4rke<\/li>\n<li>Entfernung von 1,036.75 feet (316m)<\/li>\n<li>Batterielebensdauer von 2 Stunden auf 2 123a Batterien<\/li>\n<li>\u00bc Drehung des Kopfes aktiviert den Sperrmodus f\u00fcr Reise, Transport und Aufbewahrung.<\/li>\n<li>Safety lever minimizes accidental discharge<\/li>\n<li>Integrierte Klemmschnittstellen mit MIL-STD-1913 Schienen<\/li>\n<li>Keine Werkzeuge f\u00fcr Einrichtung oder Takedown erforderlich<\/li>\n<li>Nicht rastender Schalter steuert konstante, momentane und Strobe-Funktionen.<\/li>\n<li>Schwarz oder Flat Dark Earth Finish<\/li>\n<li>Wasserdicht bis zu 66ft\/20m<\/li>\n<\/ul>\n<p><strong>Spezifikationen:<\/strong><\/p>\n<ul>\n<li>Leistung: 6V<\/li>\n<li>Bulb Type: LED<\/li>\n<li>Bezel-Durchmesser: 1.1 in. \/ 2.9cm <\/li>\n<li>Lumen: 1100<\/li>\n<li>Batterielebensdauer: 2 Stunden<\/li>\n<li>Battery Type:: (2) 123a<\/li>\n<li>Candela: 25000<\/li>\n<li>Entfernung\/Range: 1036 ft. \/ 316 m <\/li>\n<li>Konstruktion: Glasfaserverst\u00e4rktes Nylon<\/li>\n<li>Wasserdicht: 66 ft. \/ 20 m <\/li>\n<li>Gewicht: 4.9 oz. \/ 138.9 g. <\/li>\n<li>L\u00e4nge: 5.3 in. \/ 13.5 cm <\/li>\n<\/ul>\n","protected":false},"excerpt":{"rendered":"<p>INFORCE hat sein neuestes Waffenlicht, das WMLx White Gen 3, vorgestellt, das eine deutliche Verbesserung gegen\u00fcber seinem Vorg\u00e4nger darstellt. Diese Version ist heller und leistungsst\u00e4rker als je zuvor und liefert die zweifache Lichtst\u00e4rke mit zwei 123a Batterien, ohne die Batterielebensdauer zu beeintr\u00e4chtigen, die bei 2 Stunden bleibt. Mit einer Lichtst\u00e4rke von 25.000 Candela auf einer 1.100-Lumen-Birne emittiert der WMLx White Gen 3 ein extrem helles Licht, das mehr als f\u00fcnfmal so hell ist wie die Menge, die n\u00f6tig ist, um jemanden im hellen Tageslicht zu blenden. Mit einer Reichweite von 1.036,75 Fu\u00df (316m) ist diese Lampe perfekt f\u00fcr Nah- und Fernkampfeins\u00e4tze, wenn sie auf eine Shotgun oder Pistolenkaliber Carbine montiert ist, oder f\u00fcr Mittelstreckeneins\u00e4tze, wenn sie auf eine Rifle geklippt wird. Der ergonomische, nicht versenkbare Knopf des WMLx White Gen 3 ist der Form des menschlichen Daumens nachempfunden und macht die Tape Switches \u00e4lterer Designs \u00fcberfl\u00fcssig. Der Knopf erm\u00f6glicht ein intuitives Ein- und Ausschalten des Lichts, w\u00e4hrend eine Flip-Sicherheitsvorrichtung sicherstellt, dass es nicht versehentlich eingeschaltet werden kann. INFORCE hat den WMLx White Gen 3 aus glasverst\u00e4rktem Nylon hergestellt, wodurch er undurchl\u00e4ssig f\u00fcr Schmutz, Sand und andere feste Verschmutzungen ist. Die Leuchte ist au\u00dferdem wasserdicht bis zu 66 Fu\u00df\/20 Meter. Dieses leichte und langlebige Gewehrlicht ist perfekt f\u00fcr J\u00e4ger und Riflemen und zeigt das Engagement von INFORCE f\u00fcr Qualit\u00e4t, Zuverl\u00e4ssigkeit und Kundenzufriedenheit.   <\/p>\n<p><strong>Features:<\/strong><\/p>\n<ul>\n<li>1100 Lumen Leistung im Hochmodus<\/li>\n<li>25,000 candela Strahlst\u00e4rke<\/li>\n<li>Entfernung von 1,036.75 feet (316m)<\/li>\n<li>Batterielebensdauer von 2 Stunden auf 2 123a Batterien<\/li>\n<li>\u00bc Drehung des Kopfes aktiviert den Sperrmodus f\u00fcr Reise, Transport und Aufbewahrung.<\/li>\n<li>Safety lever minimizes accidental discharge<\/li>\n<li>Integrierte Klemmschnittstellen mit MIL-STD-1913 Schienen<\/li>\n<li>Keine Werkzeuge f\u00fcr Einrichtung oder Takedown erforderlich<\/li>\n<li>Nicht rastender Schalter steuert konstante, momentane und Strobe-Funktionen.<\/li>\n<li>Schwarz oder Flat Dark Earth Finish<\/li>\n<li>Wasserdicht bis zu 66ft\/20m<\/li>\n<\/ul>\n<p><strong>Spezifikationen:<\/strong><\/p>\n<ul>\n<li>Leistung: 6V<\/li>\n<li>Bulb Type: LED<\/li>\n<li>Bezel-Durchmesser: 1.1 in. \/ 2.9cm <\/li>\n<li>Lumen: 1100<\/li>\n<li>Batterielebensdauer: 2 Stunden<\/li>\n<li>Battery Type:: (2) 123a<\/li>\n<li>Candela: 25000<\/li>\n<li>Entfernung\/Range: 1036 ft. \/ 316 m <\/li>\n<li>Konstruktion: Glasfaserverst\u00e4rktes Nylon<\/li>\n<li>Wasserdicht: 66 ft. \/ 20 m <\/li>\n<li>Gewicht: 4.9 oz. \/ 138.9 g. <\/li>\n<li>L\u00e4nge: 5.3 in. \/ 13.5 cm <\/li>\n<\/ul>\n","protected":false},"featured_media":32487,"template":"","meta":{"_et_pb_use_builder":"","_et_pb_old_content":"","_et_gb_content_width":""},"product_brand":[],"product_cat":[67,65],"product_tag":[],"class_list":{"0":"post-35424","1":"product","2":"type-product","3":"status-publish","4":"has-post-thumbnail","6":"product_cat-lampen","7":"product_cat-zubehor-und-optik","9":"first","10":"instock","11":"shipping-taxable","12":"purchasable","13":"product-type-simple"},"yoast_head":"<!-- This site is optimized with the Yoast SEO Premium plugin v24.7 (Yoast SEO v27.5) - https:\/\/yoast.com\/product\/yoast-seo-premium-wordpress\/ -->\n<title>INFORCE WMLX Gen3 (neues Modell) Schwarz oder FDE - Armurerie Richert<\/title>\n<meta name=\"description\" content=\"G\u00f6nnen Sie sich die neueste INFORCE WMLX Gen3 Gewehrlampe, die mit 1100 Lumen und 25000 Candela heller und st\u00e4rker als je zuvor ist.\" \/>\n<meta name=\"robots\" content=\"index, follow, max-snippet:-1, max-image-preview:large, max-video-preview:-1\" \/>\n<link rel=\"canonical\" href=\"https:\/\/armurerie-richert.ch\/de\/produit\/inforce-wmlx-gen3-neues-modell-schwarz-oder-fde\/\" \/>\n<meta property=\"og:locale\" content=\"de_DE\" \/>\n<meta property=\"og:type\" content=\"article\" \/>\n<meta property=\"og:title\" content=\"INFORCE WMLX Gen3 (neues Modell) Schwarz oder FDE\" \/>\n<meta property=\"og:description\" content=\"G\u00f6nnen Sie sich die neueste INFORCE WMLX Gen3 Gewehrlampe, die mit 1100 Lumen und 25000 Candela heller und st\u00e4rker als je zuvor ist.\" \/>\n<meta property=\"og:url\" content=\"https:\/\/armurerie-richert.ch\/de\/produit\/inforce-wmlx-gen3-neues-modell-schwarz-oder-fde\/\" \/>\n<meta property=\"og:site_name\" content=\"Armurerie Richert\" \/>\n<meta property=\"article:publisher\" content=\"https:\/\/www.facebook.com\/profile.php?id=100023920014088\" \/>\n<meta property=\"og:image\" content=\"https:\/\/armurerie-richert.ch\/wp-content\/uploads\/2023\/11\/Inforce-WMLX-Gen3.jpg\" \/>\n\t<meta property=\"og:image:width\" content=\"1087\" \/>\n\t<meta property=\"og:image:height\" content=\"1087\" \/>\n\t<meta property=\"og:image:type\" content=\"image\/jpeg\" \/>\n<meta name=\"twitter:card\" content=\"summary_large_image\" \/>\n<meta name=\"twitter:label1\" content=\"Preis\" \/>\n\t<meta name=\"twitter:data1\" content=\"&#067;&#072;&#070;&nbsp;220.00\" \/>\n\t<meta name=\"twitter:label2\" content=\"Verf\u00fcgbarkeit\" \/>\n\t<meta name=\"twitter:data2\" content=\"Auf Lager\" \/>\n<script type=\"application\/ld+json\" class=\"yoast-schema-graph\">{\"@context\":\"https:\\\/\\\/schema.org\",\"@graph\":[{\"@type\":\"WebPage\",\"@id\":\"https:\\\/\\\/armurerie-richert.ch\\\/de\\\/produit\\\/inforce-wmlx-gen3-neues-modell-schwarz-oder-fde\\\/\",\"url\":\"https:\\\/\\\/armurerie-richert.ch\\\/de\\\/produit\\\/inforce-wmlx-gen3-neues-modell-schwarz-oder-fde\\\/\",\"name\":\"INFORCE WMLX Gen3 (neues Modell) Schwarz oder FDE - Armurerie Richert\",\"isPartOf\":{\"@id\":\"https:\\\/\\\/armurerie-richert.ch\\\/de\\\/#website\"},\"primaryImageOfPage\":{\"@id\":\"https:\\\/\\\/armurerie-richert.ch\\\/de\\\/produit\\\/inforce-wmlx-gen3-neues-modell-schwarz-oder-fde\\\/#primaryimage\"},\"image\":{\"@id\":\"https:\\\/\\\/armurerie-richert.ch\\\/de\\\/produit\\\/inforce-wmlx-gen3-neues-modell-schwarz-oder-fde\\\/#primaryimage\"},\"thumbnailUrl\":\"https:\\\/\\\/armurerie-richert.ch\\\/wp-content\\\/uploads\\\/2023\\\/11\\\/Inforce-WMLX-Gen3.jpg\",\"datePublished\":\"2023-11-05T15:08:31+00:00\",\"description\":\"G\u00f6nnen Sie sich die neueste INFORCE WMLX Gen3 Gewehrlampe, die mit 1100 Lumen und 25000 Candela heller und st\u00e4rker als je zuvor ist.\",\"breadcrumb\":{\"@id\":\"https:\\\/\\\/armurerie-richert.ch\\\/de\\\/produit\\\/inforce-wmlx-gen3-neues-modell-schwarz-oder-fde\\\/#breadcrumb\"},\"inLanguage\":\"de\",\"potentialAction\":[{\"@type\":\"ReadAction\",\"target\":[\"https:\\\/\\\/armurerie-richert.ch\\\/de\\\/produit\\\/inforce-wmlx-gen3-neues-modell-schwarz-oder-fde\\\/\"]}]},{\"@type\":\"ImageObject\",\"inLanguage\":\"de\",\"@id\":\"https:\\\/\\\/armurerie-richert.ch\\\/de\\\/produit\\\/inforce-wmlx-gen3-neues-modell-schwarz-oder-fde\\\/#primaryimage\",\"url\":\"https:\\\/\\\/armurerie-richert.ch\\\/wp-content\\\/uploads\\\/2023\\\/11\\\/Inforce-WMLX-Gen3.jpg\",\"contentUrl\":\"https:\\\/\\\/armurerie-richert.ch\\\/wp-content\\\/uploads\\\/2023\\\/11\\\/Inforce-WMLX-Gen3.jpg\",\"width\":1087,\"height\":1087},{\"@type\":\"BreadcrumbList\",\"@id\":\"https:\\\/\\\/armurerie-richert.ch\\\/de\\\/produit\\\/inforce-wmlx-gen3-neues-modell-schwarz-oder-fde\\\/#breadcrumb\",\"itemListElement\":[{\"@type\":\"ListItem\",\"position\":1,\"name\":\"Accueil\",\"item\":\"https:\\\/\\\/armurerie-richert.ch\\\/de\\\/startseite\\\/\"},{\"@type\":\"ListItem\",\"position\":2,\"name\":\"Shop\",\"item\":\"https:\\\/\\\/armurerie-richert.ch\\\/de\\\/shop\\\/\"},{\"@type\":\"ListItem\",\"position\":3,\"name\":\"INFORCE WMLX Gen3 (neues Modell) Schwarz oder FDE\"}]},{\"@type\":\"WebSite\",\"@id\":\"https:\\\/\\\/armurerie-richert.ch\\\/de\\\/#website\",\"url\":\"https:\\\/\\\/armurerie-richert.ch\\\/de\\\/\",\"name\":\"Armurerie Richert\",\"description\":\"\",\"publisher\":{\"@id\":\"https:\\\/\\\/armurerie-richert.ch\\\/de\\\/#organization\"},\"potentialAction\":[{\"@type\":\"SearchAction\",\"target\":{\"@type\":\"EntryPoint\",\"urlTemplate\":\"https:\\\/\\\/armurerie-richert.ch\\\/de\\\/?s={search_term_string}\"},\"query-input\":{\"@type\":\"PropertyValueSpecification\",\"valueRequired\":true,\"valueName\":\"search_term_string\"}}],\"inLanguage\":\"de\"},{\"@type\":\"Organization\",\"@id\":\"https:\\\/\\\/armurerie-richert.ch\\\/de\\\/#organization\",\"name\":\"Armurerie Richert\",\"url\":\"https:\\\/\\\/armurerie-richert.ch\\\/de\\\/\",\"logo\":{\"@type\":\"ImageObject\",\"inLanguage\":\"de\",\"@id\":\"https:\\\/\\\/armurerie-richert.ch\\\/de\\\/#\\\/schema\\\/logo\\\/image\\\/\",\"url\":\"https:\\\/\\\/armurerie-richert.ch\\\/wp-content\\\/uploads\\\/2023\\\/11\\\/Armurerie-Richert-Logo-300px.png\",\"contentUrl\":\"https:\\\/\\\/armurerie-richert.ch\\\/wp-content\\\/uploads\\\/2023\\\/11\\\/Armurerie-Richert-Logo-300px.png\",\"width\":300,\"height\":73,\"caption\":\"Armurerie Richert\"},\"image\":{\"@id\":\"https:\\\/\\\/armurerie-richert.ch\\\/de\\\/#\\\/schema\\\/logo\\\/image\\\/\"},\"sameAs\":[\"https:\\\/\\\/www.facebook.com\\\/profile.php?id=100023920014088\"]}]}<\/script>\n<meta property=\"product:price:amount\" content=\"220.00\" \/>\n<meta property=\"product:price:currency\" content=\"CHF\" \/>\n<meta property=\"og:availability\" content=\"instock\" \/>\n<meta property=\"product:availability\" content=\"instock\" \/>\n<meta property=\"product:condition\" content=\"new\" \/>\n<!-- \/ Yoast SEO Premium plugin. -->","yoast_head_json":{"title":"INFORCE WMLX Gen3 (neues Modell) Schwarz oder FDE - Armurerie Richert","description":"G\u00f6nnen Sie sich die neueste INFORCE WMLX Gen3 Gewehrlampe, die mit 1100 Lumen und 25000 Candela heller und st\u00e4rker als je zuvor ist.","robots":{"index":"index","follow":"follow","max-snippet":"max-snippet:-1","max-image-preview":"max-image-preview:large","max-video-preview":"max-video-preview:-1"},"canonical":"https:\/\/armurerie-richert.ch\/de\/produit\/inforce-wmlx-gen3-neues-modell-schwarz-oder-fde\/","og_locale":"de_DE","og_type":"article","og_title":"INFORCE WMLX Gen3 (neues Modell) Schwarz oder FDE","og_description":"G\u00f6nnen Sie sich die neueste INFORCE WMLX Gen3 Gewehrlampe, die mit 1100 Lumen und 25000 Candela heller und st\u00e4rker als je zuvor ist.","og_url":"https:\/\/armurerie-richert.ch\/de\/produit\/inforce-wmlx-gen3-neues-modell-schwarz-oder-fde\/","og_site_name":"Armurerie Richert","article_publisher":"https:\/\/www.facebook.com\/profile.php?id=100023920014088","og_image":[{"width":1087,"height":1087,"url":"https:\/\/armurerie-richert.ch\/wp-content\/uploads\/2023\/11\/Inforce-WMLX-Gen3.jpg","type":"image\/jpeg"}],"twitter_card":"summary_large_image","twitter_misc":{"Preis":"&#67;&#72;&#70;&nbsp;220.00","Verf\u00fcgbarkeit":"Auf Lager"},"schema":{"@context":"https:\/\/schema.org","@graph":[{"@type":"WebPage","@id":"https:\/\/armurerie-richert.ch\/de\/produit\/inforce-wmlx-gen3-neues-modell-schwarz-oder-fde\/","url":"https:\/\/armurerie-richert.ch\/de\/produit\/inforce-wmlx-gen3-neues-modell-schwarz-oder-fde\/","name":"INFORCE WMLX Gen3 (neues Modell) Schwarz oder FDE - Armurerie Richert","isPartOf":{"@id":"https:\/\/armurerie-richert.ch\/de\/#website"},"primaryImageOfPage":{"@id":"https:\/\/armurerie-richert.ch\/de\/produit\/inforce-wmlx-gen3-neues-modell-schwarz-oder-fde\/#primaryimage"},"image":{"@id":"https:\/\/armurerie-richert.ch\/de\/produit\/inforce-wmlx-gen3-neues-modell-schwarz-oder-fde\/#primaryimage"},"thumbnailUrl":"https:\/\/armurerie-richert.ch\/wp-content\/uploads\/2023\/11\/Inforce-WMLX-Gen3.jpg","datePublished":"2023-11-05T15:08:31+00:00","description":"G\u00f6nnen Sie sich die neueste INFORCE WMLX Gen3 Gewehrlampe, die mit 1100 Lumen und 25000 Candela heller und st\u00e4rker als je zuvor ist.","breadcrumb":{"@id":"https:\/\/armurerie-richert.ch\/de\/produit\/inforce-wmlx-gen3-neues-modell-schwarz-oder-fde\/#breadcrumb"},"inLanguage":"de","potentialAction":[{"@type":"ReadAction","target":["https:\/\/armurerie-richert.ch\/de\/produit\/inforce-wmlx-gen3-neues-modell-schwarz-oder-fde\/"]}]},{"@type":"ImageObject","inLanguage":"de","@id":"https:\/\/armurerie-richert.ch\/de\/produit\/inforce-wmlx-gen3-neues-modell-schwarz-oder-fde\/#primaryimage","url":"https:\/\/armurerie-richert.ch\/wp-content\/uploads\/2023\/11\/Inforce-WMLX-Gen3.jpg","contentUrl":"https:\/\/armurerie-richert.ch\/wp-content\/uploads\/2023\/11\/Inforce-WMLX-Gen3.jpg","width":1087,"height":1087},{"@type":"BreadcrumbList","@id":"https:\/\/armurerie-richert.ch\/de\/produit\/inforce-wmlx-gen3-neues-modell-schwarz-oder-fde\/#breadcrumb","itemListElement":[{"@type":"ListItem","position":1,"name":"Accueil","item":"https:\/\/armurerie-richert.ch\/de\/startseite\/"},{"@type":"ListItem","position":2,"name":"Shop","item":"https:\/\/armurerie-richert.ch\/de\/shop\/"},{"@type":"ListItem","position":3,"name":"INFORCE WMLX Gen3 (neues Modell) Schwarz oder FDE"}]},{"@type":"WebSite","@id":"https:\/\/armurerie-richert.ch\/de\/#website","url":"https:\/\/armurerie-richert.ch\/de\/","name":"Armurerie Richert","description":"","publisher":{"@id":"https:\/\/armurerie-richert.ch\/de\/#organization"},"potentialAction":[{"@type":"SearchAction","target":{"@type":"EntryPoint","urlTemplate":"https:\/\/armurerie-richert.ch\/de\/?s={search_term_string}"},"query-input":{"@type":"PropertyValueSpecification","valueRequired":true,"valueName":"search_term_string"}}],"inLanguage":"de"},{"@type":"Organization","@id":"https:\/\/armurerie-richert.ch\/de\/#organization","name":"Armurerie Richert","url":"https:\/\/armurerie-richert.ch\/de\/","logo":{"@type":"ImageObject","inLanguage":"de","@id":"https:\/\/armurerie-richert.ch\/de\/#\/schema\/logo\/image\/","url":"https:\/\/armurerie-richert.ch\/wp-content\/uploads\/2023\/11\/Armurerie-Richert-Logo-300px.png","contentUrl":"https:\/\/armurerie-richert.ch\/wp-content\/uploads\/2023\/11\/Armurerie-Richert-Logo-300px.png","width":300,"height":73,"caption":"Armurerie Richert"},"image":{"@id":"https:\/\/armurerie-richert.ch\/de\/#\/schema\/logo\/image\/"},"sameAs":["https:\/\/www.facebook.com\/profile.php?id=100023920014088"]}]},"product_price_amount":"220.00","product_price_currency":"CHF","og_availability":"instock","product_availability":"instock","product_condition":"new"},"_links":{"self":[{"href":"https:\/\/armurerie-richert.ch\/de\/wp-json\/wp\/v2\/product\/35424","targetHints":{"allow":["GET"]}}],"collection":[{"href":"https:\/\/armurerie-richert.ch\/de\/wp-json\/wp\/v2\/product"}],"about":[{"href":"https:\/\/armurerie-richert.ch\/de\/wp-json\/wp\/v2\/types\/product"}],"wp:featuredmedia":[{"embeddable":true,"href":"https:\/\/armurerie-richert.ch\/de\/wp-json\/wp\/v2\/media\/32487"}],"wp:attachment":[{"href":"https:\/\/armurerie-richert.ch\/de\/wp-json\/wp\/v2\/media?parent=35424"}],"wp:term":[{"taxonomy":"product_brand","embeddable":true,"href":"https:\/\/armurerie-richert.ch\/de\/wp-json\/wp\/v2\/product_brand?post=35424"},{"taxonomy":"product_cat","embeddable":true,"href":"https:\/\/armurerie-richert.ch\/de\/wp-json\/wp\/v2\/product_cat?post=35424"},{"taxonomy":"product_tag","embeddable":true,"href":"https:\/\/armurerie-richert.ch\/de\/wp-json\/wp\/v2\/product_tag?post=35424"}],"curies":[{"name":"wp","href":"https:\/\/api.w.org\/{rel}","templated":true}]}}