{"id":35425,"date":"2023-11-05T16:17:06","date_gmt":"2023-11-05T15:17:06","guid":{"rendered":"https:\/\/armurerie-richert.ch\/produit\/surefire-m300-fde\/"},"modified":"2023-11-05T16:17:06","modified_gmt":"2023-11-05T15:17:06","slug":"surefire-m300-fde","status":"publish","type":"product","link":"https:\/\/armurerie-richert.ch\/de\/produit\/surefire-m300-fde\/","title":{"rendered":"SUREFIRE M300 Fde"},"content":{"rendered":"<h3>SUREFIRE M300 Fde<\/h3>\n<p>Der M300 Mini Scout ist ein kraftvoller, leichtgewichtiger, lichtbetriebener Scout, der von einer einzigen 123A Lithiumbatterie angetrieben wird und eine praktisch unzerst\u00f6rbare LED besitzt, die 500 Lumen Licht erzeugt, das von einer TIR-Linse in ein hochintensives Licht mit viel Reichweite f\u00fcr Nah- bis Mittelstreckeneins\u00e4tze geb\u00fcndelt wird. Das aufgeraute M300 l\u00e4sst sich einfach und sicher an MIL-STD-1913 Picatinny Schienen \u00fcber seine integrierte Daumenschraubenklemme befestigen und wird durch das Anklicken des Druckknopfes f\u00fcr die Heckklappe oder das Dr\u00fccken des Druckknopfes f\u00fcr das Band aktiviert, der bei den entsprechenden Modellen enthalten ist. Der ultrakompakte M300 ist aus leichtem Flugzeugaluminium mit einer Mil-Spec hart anodisierten Oberfl\u00e4che und einem versiegelten O-Ring, der die Elemente abh\u00e4lt, gefertigt und wird den H\u00e4rten des Kampfes standhalten, ohne Ihre Waffe zu belasten.  <\/p>\n<div class=\"featlist mf-initial\" data-was-processed=\"true\">\n<p><strong><span class=\"hdr3 accordion-trigger\">Funktionen<\/span><\/strong><\/p>\n<ul class=\"accordion-content\">\n<li>Virtuell unzerst\u00f6rbare Ultra-High-Output LED erzeugt 500 Lumen helles Licht; erzeugt taktisches Spitzenlicht f\u00fcr 1 Stunde mit einem Satz Batterien.<\/li>\n<li>TIR-Linse formt vielseitigen Strahl mit ausreichender Reichweite und Umgebungslicht f\u00fcr Nah- bis Fernoperationen.<\/li>\n<li>Hard-anodized aluminum body, temperated window &amp; O-ring seals make light rugged, durable, and combat ready<\/li>\n<li>Aktivierung \u00fcber Z68 momentary\/constant-on pushbutton switching with protective shroud<\/li>\n<li>Thumbscrew mount befestigt schnell und sicher an MILSTD-1913 Schienen<\/li>\n<\/ul>\n<p><strong>Specs:<\/strong><\/p>\n<table id=\"product-attribute-specs-table\" class=\"data-table\" width=\"688\">\n<tbody>\n<tr class=\"first odd\">\n<th class=\"label\">Max Output &#8212; White Light<\/th>\n<td class=\"data\">500<\/td>\n<td class=\"data\"><\/td>\n<td class=\"data last\">Lumen<\/td>\n<\/tr>\n<tr class=\"even\">\n<th class=\"label\">Laufzeit*.<\/th>\n<td class=\"data\">1<\/td>\n<td class=\"data\"><\/td>\n<td class=\"data last\">Stunde*.<\/td>\n<\/tr>\n<tr class=\"odd\">\n<th class=\"label\">L\u00e4nge<\/th>\n<td class=\"data\">4<\/td>\n<td class=\"data\">.10<\/td>\n<td class=\"data last\">inches<\/td>\n<\/tr>\n<tr class=\"even\">\n<th class=\"label\">Bezel-Durchmesser<\/th>\n<td class=\"data\">1<\/td>\n<td class=\"data\">.125<\/td>\n<td class=\"data last\">inches<\/td>\n<\/tr>\n<tr class=\"odd\">\n<th class=\"label\">Gewicht mit Batterien<\/th>\n<td class=\"data\">4<\/td>\n<td class=\"data\">.1<\/td>\n<td class=\"data last\">Unzen<\/td>\n<\/tr>\n<tr class=\"last even\">\n<th class=\"label\">Batterien<\/th>\n<td class=\"data\">1<\/td>\n<td class=\"data\"><\/td>\n<td class=\"data last\">123A (inbegriffen)<\/td>\n<\/tr>\n<\/tbody>\n<\/table>\n<\/div>\n","protected":false},"excerpt":{"rendered":"<p>Der M300 Mini Scout ist ein kraftvoller, leichtgewichtiger, lichtbetriebener Scout, der von einer einzigen 123A Lithiumbatterie angetrieben wird und eine praktisch unzerst\u00f6rbare LED besitzt, die 500 Lumen Licht erzeugt, das von einer TIR-Linse in ein hochintensives Licht mit viel Reichweite f\u00fcr Nah- bis Mittelstreckeneins\u00e4tze geb\u00fcndelt wird. Das aufgeraute M300 l\u00e4sst sich einfach und sicher an MIL-STD-1913 Picatinny Schienen \u00fcber seine integrierte Daumenschraubenklemme befestigen und wird durch das Anklicken des Druckknopfes f\u00fcr die Heckklappe oder das Dr\u00fccken des Druckknopfes f\u00fcr das Band aktiviert, der bei den entsprechenden Modellen enthalten ist. Der ultrakompakte M300 ist aus leichtem Flugzeugaluminium mit einer Mil-Spec hart anodisierten Oberfl\u00e4che und einem versiegelten O-Ring, der die Elemente abh\u00e4lt, gefertigt und wird den H\u00e4rten des Kampfes standhalten, ohne Ihre Waffe zu belasten.  <\/p>\n<div class=\"featlist mf-initial\" data-was-processed=\"true\">\n<p><strong><span class=\"hdr3 accordion-trigger\">Funktionen<\/span><\/strong><\/p>\n<ul class=\"accordion-content\">\n<li>Virtuell unzerst\u00f6rbare Ultra-High-Output LED erzeugt 500 Lumen helles Licht; erzeugt taktisches Spitzenlicht f\u00fcr 1 Stunde mit einem Satz Batterien.<\/li>\n<li>TIR-Linse formt vielseitigen Strahl mit ausreichender Reichweite und Umgebungslicht f\u00fcr Nah- bis Fernoperationen.<\/li>\n<li>Hard-anodized aluminum body, temperated window &amp; O-ring seals make light rugged, durable, and combat ready<\/li>\n<li>Aktivierung \u00fcber Z68 momentary\/constant-on pushbutton switching with protective shroud<\/li>\n<li>Thumbscrew mount befestigt schnell und sicher an MILSTD-1913 Schienen<\/li>\n<\/ul>\n<p><strong>Specs:<\/strong><\/p>\n<table id=\"product-attribute-specs-table\" class=\"data-table\" width=\"688\">\n<tbody>\n<tr class=\"first odd\">\n<th class=\"label\">Max Output &#8212; White Light<\/th>\n<td class=\"data\">500<\/td>\n<td class=\"data\"><\/td>\n<td class=\"data last\">Lumen<\/td>\n<\/tr>\n<tr class=\"even\">\n<th class=\"label\">Laufzeit*.<\/th>\n<td class=\"data\">1<\/td>\n<td class=\"data\"><\/td>\n<td class=\"data last\">Stunde*.<\/td>\n<\/tr>\n<tr class=\"odd\">\n<th class=\"label\">L\u00e4nge<\/th>\n<td class=\"data\">4<\/td>\n<td class=\"data\">.10<\/td>\n<td class=\"data last\">inches<\/td>\n<\/tr>\n<tr class=\"even\">\n<th class=\"label\">Bezel-Durchmesser<\/th>\n<td class=\"data\">1<\/td>\n<td class=\"data\">.125<\/td>\n<td class=\"data last\">inches<\/td>\n<\/tr>\n<tr class=\"odd\">\n<th class=\"label\">Gewicht mit Batterien<\/th>\n<td class=\"data\">4<\/td>\n<td class=\"data\">.1<\/td>\n<td class=\"data last\">Unzen<\/td>\n<\/tr>\n<tr class=\"last even\">\n<th class=\"label\">Batterien<\/th>\n<td class=\"data\">1<\/td>\n<td class=\"data\"><\/td>\n<td class=\"data last\">123A (inbegriffen)<\/td>\n<\/tr>\n<\/tbody>\n<\/table>\n<\/div>\n","protected":false},"featured_media":32502,"template":"","meta":{"_et_pb_use_builder":"","_et_pb_old_content":"","_et_gb_content_width":""},"product_brand":[],"product_cat":[67,65],"product_tag":[],"class_list":{"0":"post-35425","1":"product","2":"type-product","3":"status-publish","4":"has-post-thumbnail","6":"product_cat-lampen","7":"product_cat-zubehor-und-optik","9":"first","10":"instock","11":"shipping-taxable","12":"purchasable","13":"product-type-simple"},"yoast_head":"<!-- This site is optimized with the Yoast SEO Premium plugin v24.7 (Yoast SEO v27.5) - https:\/\/yoast.com\/product\/yoast-seo-premium-wordpress\/ -->\n<title>SUREFIRE M300 Fde - Armurerie Richert<\/title>\n<meta name=\"description\" content=\"Maximieren Sie Ihre Wirkung mit der taktischen Lampe SUREFIRE M300 Fde. Intensives, pr\u00e4zises Licht f\u00fcr hocheffiziente Eins\u00e4tze! \ud83d\udca5\" \/>\n<meta name=\"robots\" content=\"index, follow, max-snippet:-1, max-image-preview:large, max-video-preview:-1\" \/>\n<link rel=\"canonical\" href=\"https:\/\/armurerie-richert.ch\/de\/produit\/surefire-m300-fde\/\" \/>\n<meta property=\"og:locale\" content=\"de_DE\" \/>\n<meta property=\"og:type\" content=\"article\" \/>\n<meta property=\"og:title\" content=\"SUREFIRE M300 Fde\" \/>\n<meta property=\"og:description\" content=\"Maximieren Sie Ihre Wirkung mit der taktischen Lampe SUREFIRE M300 Fde. Intensives, pr\u00e4zises Licht f\u00fcr hocheffiziente Eins\u00e4tze! \ud83d\udca5\" \/>\n<meta property=\"og:url\" content=\"https:\/\/armurerie-richert.ch\/de\/produit\/surefire-m300-fde\/\" \/>\n<meta property=\"og:site_name\" content=\"Armurerie Richert\" \/>\n<meta property=\"article:publisher\" content=\"https:\/\/www.facebook.com\/profile.php?id=100023920014088\" \/>\n<meta property=\"og:image\" content=\"https:\/\/armurerie-richert.ch\/wp-content\/uploads\/2023\/11\/sfm300c-z68-tn_1__84510.jpg\" \/>\n\t<meta property=\"og:image:width\" content=\"1391\" \/>\n\t<meta property=\"og:image:height\" content=\"1391\" \/>\n\t<meta property=\"og:image:type\" content=\"image\/jpeg\" \/>\n<meta name=\"twitter:card\" content=\"summary_large_image\" \/>\n<meta name=\"twitter:label1\" content=\"Preis\" \/>\n\t<meta name=\"twitter:data1\" content=\"&#067;&#072;&#070;&nbsp;390.00\" \/>\n\t<meta name=\"twitter:label2\" content=\"Verf\u00fcgbarkeit\" \/>\n\t<meta name=\"twitter:data2\" content=\"Auf Lager\" \/>\n<script type=\"application\/ld+json\" class=\"yoast-schema-graph\">{\"@context\":\"https:\\\/\\\/schema.org\",\"@graph\":[{\"@type\":\"WebPage\",\"@id\":\"https:\\\/\\\/armurerie-richert.ch\\\/de\\\/produit\\\/surefire-m300-fde\\\/\",\"url\":\"https:\\\/\\\/armurerie-richert.ch\\\/de\\\/produit\\\/surefire-m300-fde\\\/\",\"name\":\"SUREFIRE M300 Fde - Armurerie Richert\",\"isPartOf\":{\"@id\":\"https:\\\/\\\/armurerie-richert.ch\\\/de\\\/#website\"},\"primaryImageOfPage\":{\"@id\":\"https:\\\/\\\/armurerie-richert.ch\\\/de\\\/produit\\\/surefire-m300-fde\\\/#primaryimage\"},\"image\":{\"@id\":\"https:\\\/\\\/armurerie-richert.ch\\\/de\\\/produit\\\/surefire-m300-fde\\\/#primaryimage\"},\"thumbnailUrl\":\"https:\\\/\\\/armurerie-richert.ch\\\/wp-content\\\/uploads\\\/2023\\\/11\\\/sfm300c-z68-tn_1__84510.jpg\",\"datePublished\":\"2023-11-05T15:17:06+00:00\",\"description\":\"Maximieren Sie Ihre Wirkung mit der taktischen Lampe SUREFIRE M300 Fde. Intensives, pr\u00e4zises Licht f\u00fcr hocheffiziente Eins\u00e4tze! \ud83d\udca5\",\"breadcrumb\":{\"@id\":\"https:\\\/\\\/armurerie-richert.ch\\\/de\\\/produit\\\/surefire-m300-fde\\\/#breadcrumb\"},\"inLanguage\":\"de\",\"potentialAction\":[{\"@type\":\"ReadAction\",\"target\":[\"https:\\\/\\\/armurerie-richert.ch\\\/de\\\/produit\\\/surefire-m300-fde\\\/\"]}]},{\"@type\":\"ImageObject\",\"inLanguage\":\"de\",\"@id\":\"https:\\\/\\\/armurerie-richert.ch\\\/de\\\/produit\\\/surefire-m300-fde\\\/#primaryimage\",\"url\":\"https:\\\/\\\/armurerie-richert.ch\\\/wp-content\\\/uploads\\\/2023\\\/11\\\/sfm300c-z68-tn_1__84510.jpg\",\"contentUrl\":\"https:\\\/\\\/armurerie-richert.ch\\\/wp-content\\\/uploads\\\/2023\\\/11\\\/sfm300c-z68-tn_1__84510.jpg\",\"width\":1391,\"height\":1391},{\"@type\":\"BreadcrumbList\",\"@id\":\"https:\\\/\\\/armurerie-richert.ch\\\/de\\\/produit\\\/surefire-m300-fde\\\/#breadcrumb\",\"itemListElement\":[{\"@type\":\"ListItem\",\"position\":1,\"name\":\"Accueil\",\"item\":\"https:\\\/\\\/armurerie-richert.ch\\\/de\\\/startseite\\\/\"},{\"@type\":\"ListItem\",\"position\":2,\"name\":\"Shop\",\"item\":\"https:\\\/\\\/armurerie-richert.ch\\\/de\\\/shop\\\/\"},{\"@type\":\"ListItem\",\"position\":3,\"name\":\"SUREFIRE M300 Fde\"}]},{\"@type\":\"WebSite\",\"@id\":\"https:\\\/\\\/armurerie-richert.ch\\\/de\\\/#website\",\"url\":\"https:\\\/\\\/armurerie-richert.ch\\\/de\\\/\",\"name\":\"Armurerie Richert\",\"description\":\"\",\"publisher\":{\"@id\":\"https:\\\/\\\/armurerie-richert.ch\\\/de\\\/#organization\"},\"potentialAction\":[{\"@type\":\"SearchAction\",\"target\":{\"@type\":\"EntryPoint\",\"urlTemplate\":\"https:\\\/\\\/armurerie-richert.ch\\\/de\\\/?s={search_term_string}\"},\"query-input\":{\"@type\":\"PropertyValueSpecification\",\"valueRequired\":true,\"valueName\":\"search_term_string\"}}],\"inLanguage\":\"de\"},{\"@type\":\"Organization\",\"@id\":\"https:\\\/\\\/armurerie-richert.ch\\\/de\\\/#organization\",\"name\":\"Armurerie Richert\",\"url\":\"https:\\\/\\\/armurerie-richert.ch\\\/de\\\/\",\"logo\":{\"@type\":\"ImageObject\",\"inLanguage\":\"de\",\"@id\":\"https:\\\/\\\/armurerie-richert.ch\\\/de\\\/#\\\/schema\\\/logo\\\/image\\\/\",\"url\":\"https:\\\/\\\/armurerie-richert.ch\\\/wp-content\\\/uploads\\\/2023\\\/11\\\/Armurerie-Richert-Logo-300px.png\",\"contentUrl\":\"https:\\\/\\\/armurerie-richert.ch\\\/wp-content\\\/uploads\\\/2023\\\/11\\\/Armurerie-Richert-Logo-300px.png\",\"width\":300,\"height\":73,\"caption\":\"Armurerie Richert\"},\"image\":{\"@id\":\"https:\\\/\\\/armurerie-richert.ch\\\/de\\\/#\\\/schema\\\/logo\\\/image\\\/\"},\"sameAs\":[\"https:\\\/\\\/www.facebook.com\\\/profile.php?id=100023920014088\"]}]}<\/script>\n<meta property=\"product:price:amount\" content=\"390.00\" \/>\n<meta property=\"product:price:currency\" content=\"CHF\" \/>\n<meta property=\"og:availability\" content=\"instock\" \/>\n<meta property=\"product:availability\" content=\"instock\" \/>\n<meta property=\"product:condition\" content=\"new\" \/>\n<!-- \/ Yoast SEO Premium plugin. -->","yoast_head_json":{"title":"SUREFIRE M300 Fde - Armurerie Richert","description":"Maximieren Sie Ihre Wirkung mit der taktischen Lampe SUREFIRE M300 Fde. Intensives, pr\u00e4zises Licht f\u00fcr hocheffiziente Eins\u00e4tze! \ud83d\udca5","robots":{"index":"index","follow":"follow","max-snippet":"max-snippet:-1","max-image-preview":"max-image-preview:large","max-video-preview":"max-video-preview:-1"},"canonical":"https:\/\/armurerie-richert.ch\/de\/produit\/surefire-m300-fde\/","og_locale":"de_DE","og_type":"article","og_title":"SUREFIRE M300 Fde","og_description":"Maximieren Sie Ihre Wirkung mit der taktischen Lampe SUREFIRE M300 Fde. Intensives, pr\u00e4zises Licht f\u00fcr hocheffiziente Eins\u00e4tze! \ud83d\udca5","og_url":"https:\/\/armurerie-richert.ch\/de\/produit\/surefire-m300-fde\/","og_site_name":"Armurerie Richert","article_publisher":"https:\/\/www.facebook.com\/profile.php?id=100023920014088","og_image":[{"width":1391,"height":1391,"url":"https:\/\/armurerie-richert.ch\/wp-content\/uploads\/2023\/11\/sfm300c-z68-tn_1__84510.jpg","type":"image\/jpeg"}],"twitter_card":"summary_large_image","twitter_misc":{"Preis":"&#67;&#72;&#70;&nbsp;390.00","Verf\u00fcgbarkeit":"Auf Lager"},"schema":{"@context":"https:\/\/schema.org","@graph":[{"@type":"WebPage","@id":"https:\/\/armurerie-richert.ch\/de\/produit\/surefire-m300-fde\/","url":"https:\/\/armurerie-richert.ch\/de\/produit\/surefire-m300-fde\/","name":"SUREFIRE M300 Fde - Armurerie Richert","isPartOf":{"@id":"https:\/\/armurerie-richert.ch\/de\/#website"},"primaryImageOfPage":{"@id":"https:\/\/armurerie-richert.ch\/de\/produit\/surefire-m300-fde\/#primaryimage"},"image":{"@id":"https:\/\/armurerie-richert.ch\/de\/produit\/surefire-m300-fde\/#primaryimage"},"thumbnailUrl":"https:\/\/armurerie-richert.ch\/wp-content\/uploads\/2023\/11\/sfm300c-z68-tn_1__84510.jpg","datePublished":"2023-11-05T15:17:06+00:00","description":"Maximieren Sie Ihre Wirkung mit der taktischen Lampe SUREFIRE M300 Fde. Intensives, pr\u00e4zises Licht f\u00fcr hocheffiziente Eins\u00e4tze! \ud83d\udca5","breadcrumb":{"@id":"https:\/\/armurerie-richert.ch\/de\/produit\/surefire-m300-fde\/#breadcrumb"},"inLanguage":"de","potentialAction":[{"@type":"ReadAction","target":["https:\/\/armurerie-richert.ch\/de\/produit\/surefire-m300-fde\/"]}]},{"@type":"ImageObject","inLanguage":"de","@id":"https:\/\/armurerie-richert.ch\/de\/produit\/surefire-m300-fde\/#primaryimage","url":"https:\/\/armurerie-richert.ch\/wp-content\/uploads\/2023\/11\/sfm300c-z68-tn_1__84510.jpg","contentUrl":"https:\/\/armurerie-richert.ch\/wp-content\/uploads\/2023\/11\/sfm300c-z68-tn_1__84510.jpg","width":1391,"height":1391},{"@type":"BreadcrumbList","@id":"https:\/\/armurerie-richert.ch\/de\/produit\/surefire-m300-fde\/#breadcrumb","itemListElement":[{"@type":"ListItem","position":1,"name":"Accueil","item":"https:\/\/armurerie-richert.ch\/de\/startseite\/"},{"@type":"ListItem","position":2,"name":"Shop","item":"https:\/\/armurerie-richert.ch\/de\/shop\/"},{"@type":"ListItem","position":3,"name":"SUREFIRE M300 Fde"}]},{"@type":"WebSite","@id":"https:\/\/armurerie-richert.ch\/de\/#website","url":"https:\/\/armurerie-richert.ch\/de\/","name":"Armurerie Richert","description":"","publisher":{"@id":"https:\/\/armurerie-richert.ch\/de\/#organization"},"potentialAction":[{"@type":"SearchAction","target":{"@type":"EntryPoint","urlTemplate":"https:\/\/armurerie-richert.ch\/de\/?s={search_term_string}"},"query-input":{"@type":"PropertyValueSpecification","valueRequired":true,"valueName":"search_term_string"}}],"inLanguage":"de"},{"@type":"Organization","@id":"https:\/\/armurerie-richert.ch\/de\/#organization","name":"Armurerie Richert","url":"https:\/\/armurerie-richert.ch\/de\/","logo":{"@type":"ImageObject","inLanguage":"de","@id":"https:\/\/armurerie-richert.ch\/de\/#\/schema\/logo\/image\/","url":"https:\/\/armurerie-richert.ch\/wp-content\/uploads\/2023\/11\/Armurerie-Richert-Logo-300px.png","contentUrl":"https:\/\/armurerie-richert.ch\/wp-content\/uploads\/2023\/11\/Armurerie-Richert-Logo-300px.png","width":300,"height":73,"caption":"Armurerie Richert"},"image":{"@id":"https:\/\/armurerie-richert.ch\/de\/#\/schema\/logo\/image\/"},"sameAs":["https:\/\/www.facebook.com\/profile.php?id=100023920014088"]}]},"product_price_amount":"390.00","product_price_currency":"CHF","og_availability":"instock","product_availability":"instock","product_condition":"new"},"_links":{"self":[{"href":"https:\/\/armurerie-richert.ch\/de\/wp-json\/wp\/v2\/product\/35425","targetHints":{"allow":["GET"]}}],"collection":[{"href":"https:\/\/armurerie-richert.ch\/de\/wp-json\/wp\/v2\/product"}],"about":[{"href":"https:\/\/armurerie-richert.ch\/de\/wp-json\/wp\/v2\/types\/product"}],"wp:featuredmedia":[{"embeddable":true,"href":"https:\/\/armurerie-richert.ch\/de\/wp-json\/wp\/v2\/media\/32502"}],"wp:attachment":[{"href":"https:\/\/armurerie-richert.ch\/de\/wp-json\/wp\/v2\/media?parent=35425"}],"wp:term":[{"taxonomy":"product_brand","embeddable":true,"href":"https:\/\/armurerie-richert.ch\/de\/wp-json\/wp\/v2\/product_brand?post=35425"},{"taxonomy":"product_cat","embeddable":true,"href":"https:\/\/armurerie-richert.ch\/de\/wp-json\/wp\/v2\/product_cat?post=35425"},{"taxonomy":"product_tag","embeddable":true,"href":"https:\/\/armurerie-richert.ch\/de\/wp-json\/wp\/v2\/product_tag?post=35425"}],"curies":[{"name":"wp","href":"https:\/\/api.w.org\/{rel}","templated":true}]}}