{"id":35426,"date":"2023-11-05T15:47:26","date_gmt":"2023-11-05T14:47:26","guid":{"rendered":"https:\/\/armurerie-richert.ch\/produit\/trijicon-mro-2moa\/"},"modified":"2023-11-05T15:47:26","modified_gmt":"2023-11-05T14:47:26","slug":"trijicon-mro-2moa","status":"publish","type":"product","link":"https:\/\/armurerie-richert.ch\/de\/produit\/trijicon-mro-2moa\/","title":{"rendered":"TRIJICON MRO 2moa"},"content":{"rendered":"<h3>TRIJICON MRO 2moa<\/h3>\n<div class=\"mf-initial\" data-was-processed=\"true\">Die Trijicon Miniature Rifle Optic (MRO\u2122) ist ein reflexartiges, abgedichtetes Zielfernrohr f\u00fcr die Verwendung auf Gewehren, Carbinen und Shotguns, um eine schnelle Zielerfassung zu erm\u00f6glichen. Es ist so konzipiert, dass es mit offenen Augen verwendet werden kann, was dem Bediener ein maximales Situationsbewusstsein verleiht. <\/div>\n<div class=\"mf-initial\" data-was-processed=\"true\"><\/div>\n<div class=\"mf-initial\" data-was-processed=\"true\">Die gro\u00dfe Apertur und der abgeflachte Lichtweg maximieren den Sichtbereich in dieser kleinen Optik und erm\u00f6glichen eine schnelle Zielerfassung &#8211; insbesondere aus nicht standardm\u00e4\u00dfigen Schusspositionen. Advanced lens coatings and electronics produce a crisp red dot. <\/div>\n<div class=\"mf-initial\" data-was-processed=\"true\"><\/div>\n<div class=\"mf-initial\" data-was-processed=\"true\">Der Helligkeitsregler des MRO wurde speziell f\u00fcr den beidseitigen Gebrauch entworfen. Mit einer mittleren Adjustierungsposition &#8222;Aus&#8220; und acht verschiedenen Helligkeitseinstellungen erm\u00f6glicht das Helligkeitsdial schnelle und ergonomische Anpassungen. <\/div>\n<div class=\"mf-initial\" data-was-processed=\"true\"><\/div>\n<div data-was-processed=\"true\">Der MRO ist mit vollst\u00e4ndig gesch\u00fctzten Reglern ausgestattet, die auch bei rauer Handhabung die Nullstellung beibehalten und ohne Spezialwerkzeug eingestellt werden k\u00f6nnen.<\/div>\n<div data-was-processed=\"true\"><\/div>\n<div data-was-processed=\"true\">Das hart-anodisierte, geschmiedete 7075-T6 Geh\u00e4use ist vollst\u00e4ndig versiegelt und wasserdicht und bietet somit eine lange Lebensdauer unter anspruchsvollen Bedingungen.<\/div>\n<div data-was-processed=\"true\"><\/div>\n<div data-was-processed=\"true\">\n<div data-was-processed=\"true\"><strong>Package Includes:<\/strong><\/div>\n<div data-was-processed=\"true\">1 MRO Lower 1\/3 Co-witness Mount<a href=\"https:\/\/www.trijicon.com\/na_en\/products\/product3.php?pid=AC32069\">(AC32069<\/a>) OR 1 MRO High Mount<a href=\"https:\/\/www.trijicon.com\/na_en\/products\/product3.php?pid=AC32068\">(AC32068<\/a>)<\/div>\n<div data-was-processed=\"true\">1 Trijicon Logo Sticker<a href=\"https:\/\/www.trijicon.com\/na_en\/products\/product3.php?pid=PR15\">(PR15<\/a>)<\/div>\n<div data-was-processed=\"true\">1 Lens Cloth<\/div>\n<div data-was-processed=\"true\">1 MRO Manual<\/div>\n<div data-was-processed=\"true\">1 Warranty Card<\/div>\n<p>1 MRO Mount Guide<\/p>\n<\/div>\n","protected":false},"excerpt":{"rendered":"<div class=\"mf-initial\" data-was-processed=\"true\">Die Trijicon Miniature Rifle Optic (MRO\u2122) ist ein reflexartiges, abgedichtetes Zielfernrohr f\u00fcr die Verwendung auf Gewehren, Carbinen und Shotguns, um eine schnelle Zielerfassung zu erm\u00f6glichen. Es ist so konzipiert, dass es mit offenen Augen verwendet werden kann, was dem Bediener ein maximales Situationsbewusstsein verleiht. <\/div>\n<div class=\"mf-initial\" data-was-processed=\"true\"><\/div>\n<div class=\"mf-initial\" data-was-processed=\"true\">Die gro\u00dfe Apertur und der abgeflachte Lichtweg maximieren den Sichtbereich in dieser kleinen Optik und erm\u00f6glichen eine schnelle Zielerfassung &#8211; insbesondere aus nicht standardm\u00e4\u00dfigen Schusspositionen. Advanced lens coatings and electronics produce a crisp red dot. <\/div>\n<div class=\"mf-initial\" data-was-processed=\"true\"><\/div>\n<div class=\"mf-initial\" data-was-processed=\"true\">Der Helligkeitsregler des MRO wurde speziell f\u00fcr den beidseitigen Gebrauch entworfen. Mit einer mittleren Adjustierungsposition &#8222;Aus&#8220; und acht verschiedenen Helligkeitseinstellungen erm\u00f6glicht das Helligkeitsdial schnelle und ergonomische Anpassungen. <\/div>\n<div class=\"mf-initial\" data-was-processed=\"true\"><\/div>\n<div data-was-processed=\"true\">Der MRO ist mit vollst\u00e4ndig gesch\u00fctzten Reglern ausgestattet, die auch bei rauer Handhabung die Nullstellung beibehalten und ohne Spezialwerkzeug eingestellt werden k\u00f6nnen.<\/div>\n<div data-was-processed=\"true\"><\/div>\n<div data-was-processed=\"true\">Das hart-anodisierte, geschmiedete 7075-T6 Geh\u00e4use ist vollst\u00e4ndig versiegelt und wasserdicht und bietet somit eine lange Lebensdauer unter anspruchsvollen Bedingungen.<\/div>\n<div data-was-processed=\"true\"><\/div>\n<div data-was-processed=\"true\">\n<div data-was-processed=\"true\"><strong>Package Includes:<\/strong><\/div>\n<div data-was-processed=\"true\">1 MRO Lower 1\/3 Co-witness Mount<a href=\"https:\/\/www.trijicon.com\/na_en\/products\/product3.php?pid=AC32069\">(AC32069<\/a>) OR 1 MRO High Mount<a href=\"https:\/\/www.trijicon.com\/na_en\/products\/product3.php?pid=AC32068\">(AC32068<\/a>)<\/div>\n<div data-was-processed=\"true\">1 Trijicon Logo Sticker<a href=\"https:\/\/www.trijicon.com\/na_en\/products\/product3.php?pid=PR15\">(PR15<\/a>)<\/div>\n<div data-was-processed=\"true\">1 Lens Cloth<\/div>\n<div data-was-processed=\"true\">1 MRO Manual<\/div>\n<div data-was-processed=\"true\">1 Warranty Card<\/div>\n<p>1 MRO Mount Guide<\/p>\n<\/div>\n","protected":false},"featured_media":32478,"template":"","meta":{"_et_pb_use_builder":"","_et_pb_old_content":"","_et_gb_content_width":""},"product_brand":[],"product_cat":[68,65],"product_tag":[],"class_list":{"0":"post-35426","1":"product","2":"type-product","3":"status-publish","4":"has-post-thumbnail","6":"product_cat-red-dot-de","7":"product_cat-zubehor-und-optik","9":"first","10":"instock","11":"shipping-taxable","12":"purchasable","13":"product-type-simple"},"yoast_head":"<!-- This site is optimized with the Yoast SEO Premium plugin v24.7 (Yoast SEO v27.5) - https:\/\/yoast.com\/product\/yoast-seo-premium-wordpress\/ -->\n<title>TRIJICON MRO 2moa - Armurerie Richert<\/title>\n<meta name=\"description\" content=\"Der Red Dot Trijicon MRO 2MOA. Diese versiegelte Optik wurde f\u00fcr Langwaffen entwickelt und bietet eine schnelle Zielerfassung.\" \/>\n<meta name=\"robots\" content=\"index, follow, max-snippet:-1, max-image-preview:large, max-video-preview:-1\" \/>\n<link rel=\"canonical\" href=\"https:\/\/armurerie-richert.ch\/de\/produit\/trijicon-mro-2moa\/\" \/>\n<meta property=\"og:locale\" content=\"de_DE\" \/>\n<meta property=\"og:type\" content=\"article\" \/>\n<meta property=\"og:title\" content=\"TRIJICON MRO 2moa\" \/>\n<meta property=\"og:description\" content=\"Der Red Dot Trijicon MRO 2MOA. Diese versiegelte Optik wurde f\u00fcr Langwaffen entwickelt und bietet eine schnelle Zielerfassung.\" \/>\n<meta property=\"og:url\" content=\"https:\/\/armurerie-richert.ch\/de\/produit\/trijicon-mro-2moa\/\" \/>\n<meta property=\"og:site_name\" content=\"Armurerie Richert\" \/>\n<meta property=\"article:publisher\" content=\"https:\/\/www.facebook.com\/profile.php?id=100023920014088\" \/>\n<meta property=\"og:image\" content=\"https:\/\/armurerie-richert.ch\/wp-content\/uploads\/2023\/11\/trijicon-mro-2-0-moa-adjustable-red-dot-with-lower-1-3-co-witness-mount-1.jpg\" \/>\n\t<meta property=\"og:image:width\" content=\"417\" \/>\n\t<meta property=\"og:image:height\" content=\"417\" \/>\n\t<meta property=\"og:image:type\" content=\"image\/jpeg\" \/>\n<meta name=\"twitter:card\" content=\"summary_large_image\" \/>\n<meta name=\"twitter:label1\" content=\"Preis\" \/>\n\t<meta name=\"twitter:data1\" content=\"&#067;&#072;&#070;&nbsp;750.00\" \/>\n\t<meta name=\"twitter:label2\" content=\"Verf\u00fcgbarkeit\" \/>\n\t<meta name=\"twitter:data2\" content=\"Auf Lager\" \/>\n<script type=\"application\/ld+json\" class=\"yoast-schema-graph\">{\"@context\":\"https:\\\/\\\/schema.org\",\"@graph\":[{\"@type\":\"WebPage\",\"@id\":\"https:\\\/\\\/armurerie-richert.ch\\\/de\\\/produit\\\/trijicon-mro-2moa\\\/\",\"url\":\"https:\\\/\\\/armurerie-richert.ch\\\/de\\\/produit\\\/trijicon-mro-2moa\\\/\",\"name\":\"TRIJICON MRO 2moa - Armurerie Richert\",\"isPartOf\":{\"@id\":\"https:\\\/\\\/armurerie-richert.ch\\\/de\\\/#website\"},\"primaryImageOfPage\":{\"@id\":\"https:\\\/\\\/armurerie-richert.ch\\\/de\\\/produit\\\/trijicon-mro-2moa\\\/#primaryimage\"},\"image\":{\"@id\":\"https:\\\/\\\/armurerie-richert.ch\\\/de\\\/produit\\\/trijicon-mro-2moa\\\/#primaryimage\"},\"thumbnailUrl\":\"https:\\\/\\\/armurerie-richert.ch\\\/wp-content\\\/uploads\\\/2023\\\/11\\\/trijicon-mro-2-0-moa-adjustable-red-dot-with-lower-1-3-co-witness-mount-1.jpg\",\"datePublished\":\"2023-11-05T14:47:26+00:00\",\"description\":\"Der Red Dot Trijicon MRO 2MOA. Diese versiegelte Optik wurde f\u00fcr Langwaffen entwickelt und bietet eine schnelle Zielerfassung.\",\"breadcrumb\":{\"@id\":\"https:\\\/\\\/armurerie-richert.ch\\\/de\\\/produit\\\/trijicon-mro-2moa\\\/#breadcrumb\"},\"inLanguage\":\"de\",\"potentialAction\":[{\"@type\":\"ReadAction\",\"target\":[\"https:\\\/\\\/armurerie-richert.ch\\\/de\\\/produit\\\/trijicon-mro-2moa\\\/\"]}]},{\"@type\":\"ImageObject\",\"inLanguage\":\"de\",\"@id\":\"https:\\\/\\\/armurerie-richert.ch\\\/de\\\/produit\\\/trijicon-mro-2moa\\\/#primaryimage\",\"url\":\"https:\\\/\\\/armurerie-richert.ch\\\/wp-content\\\/uploads\\\/2023\\\/11\\\/trijicon-mro-2-0-moa-adjustable-red-dot-with-lower-1-3-co-witness-mount-1.jpg\",\"contentUrl\":\"https:\\\/\\\/armurerie-richert.ch\\\/wp-content\\\/uploads\\\/2023\\\/11\\\/trijicon-mro-2-0-moa-adjustable-red-dot-with-lower-1-3-co-witness-mount-1.jpg\",\"width\":417,\"height\":417},{\"@type\":\"BreadcrumbList\",\"@id\":\"https:\\\/\\\/armurerie-richert.ch\\\/de\\\/produit\\\/trijicon-mro-2moa\\\/#breadcrumb\",\"itemListElement\":[{\"@type\":\"ListItem\",\"position\":1,\"name\":\"Accueil\",\"item\":\"https:\\\/\\\/armurerie-richert.ch\\\/de\\\/startseite\\\/\"},{\"@type\":\"ListItem\",\"position\":2,\"name\":\"Shop\",\"item\":\"https:\\\/\\\/armurerie-richert.ch\\\/de\\\/shop\\\/\"},{\"@type\":\"ListItem\",\"position\":3,\"name\":\"TRIJICON MRO 2moa\"}]},{\"@type\":\"WebSite\",\"@id\":\"https:\\\/\\\/armurerie-richert.ch\\\/de\\\/#website\",\"url\":\"https:\\\/\\\/armurerie-richert.ch\\\/de\\\/\",\"name\":\"Armurerie Richert\",\"description\":\"\",\"publisher\":{\"@id\":\"https:\\\/\\\/armurerie-richert.ch\\\/de\\\/#organization\"},\"potentialAction\":[{\"@type\":\"SearchAction\",\"target\":{\"@type\":\"EntryPoint\",\"urlTemplate\":\"https:\\\/\\\/armurerie-richert.ch\\\/de\\\/?s={search_term_string}\"},\"query-input\":{\"@type\":\"PropertyValueSpecification\",\"valueRequired\":true,\"valueName\":\"search_term_string\"}}],\"inLanguage\":\"de\"},{\"@type\":\"Organization\",\"@id\":\"https:\\\/\\\/armurerie-richert.ch\\\/de\\\/#organization\",\"name\":\"Armurerie Richert\",\"url\":\"https:\\\/\\\/armurerie-richert.ch\\\/de\\\/\",\"logo\":{\"@type\":\"ImageObject\",\"inLanguage\":\"de\",\"@id\":\"https:\\\/\\\/armurerie-richert.ch\\\/de\\\/#\\\/schema\\\/logo\\\/image\\\/\",\"url\":\"https:\\\/\\\/armurerie-richert.ch\\\/wp-content\\\/uploads\\\/2023\\\/11\\\/Armurerie-Richert-Logo-300px.png\",\"contentUrl\":\"https:\\\/\\\/armurerie-richert.ch\\\/wp-content\\\/uploads\\\/2023\\\/11\\\/Armurerie-Richert-Logo-300px.png\",\"width\":300,\"height\":73,\"caption\":\"Armurerie Richert\"},\"image\":{\"@id\":\"https:\\\/\\\/armurerie-richert.ch\\\/de\\\/#\\\/schema\\\/logo\\\/image\\\/\"},\"sameAs\":[\"https:\\\/\\\/www.facebook.com\\\/profile.php?id=100023920014088\"]}]}<\/script>\n<meta property=\"product:price:amount\" content=\"750.00\" \/>\n<meta property=\"product:price:currency\" content=\"CHF\" \/>\n<meta property=\"og:availability\" content=\"instock\" \/>\n<meta property=\"product:availability\" content=\"instock\" \/>\n<meta property=\"product:condition\" content=\"new\" \/>\n<!-- \/ Yoast SEO Premium plugin. -->","yoast_head_json":{"title":"TRIJICON MRO 2moa - Armurerie Richert","description":"Der Red Dot Trijicon MRO 2MOA. Diese versiegelte Optik wurde f\u00fcr Langwaffen entwickelt und bietet eine schnelle Zielerfassung.","robots":{"index":"index","follow":"follow","max-snippet":"max-snippet:-1","max-image-preview":"max-image-preview:large","max-video-preview":"max-video-preview:-1"},"canonical":"https:\/\/armurerie-richert.ch\/de\/produit\/trijicon-mro-2moa\/","og_locale":"de_DE","og_type":"article","og_title":"TRIJICON MRO 2moa","og_description":"Der Red Dot Trijicon MRO 2MOA. Diese versiegelte Optik wurde f\u00fcr Langwaffen entwickelt und bietet eine schnelle Zielerfassung.","og_url":"https:\/\/armurerie-richert.ch\/de\/produit\/trijicon-mro-2moa\/","og_site_name":"Armurerie Richert","article_publisher":"https:\/\/www.facebook.com\/profile.php?id=100023920014088","og_image":[{"width":417,"height":417,"url":"https:\/\/armurerie-richert.ch\/wp-content\/uploads\/2023\/11\/trijicon-mro-2-0-moa-adjustable-red-dot-with-lower-1-3-co-witness-mount-1.jpg","type":"image\/jpeg"}],"twitter_card":"summary_large_image","twitter_misc":{"Preis":"&#67;&#72;&#70;&nbsp;750.00","Verf\u00fcgbarkeit":"Auf Lager"},"schema":{"@context":"https:\/\/schema.org","@graph":[{"@type":"WebPage","@id":"https:\/\/armurerie-richert.ch\/de\/produit\/trijicon-mro-2moa\/","url":"https:\/\/armurerie-richert.ch\/de\/produit\/trijicon-mro-2moa\/","name":"TRIJICON MRO 2moa - Armurerie Richert","isPartOf":{"@id":"https:\/\/armurerie-richert.ch\/de\/#website"},"primaryImageOfPage":{"@id":"https:\/\/armurerie-richert.ch\/de\/produit\/trijicon-mro-2moa\/#primaryimage"},"image":{"@id":"https:\/\/armurerie-richert.ch\/de\/produit\/trijicon-mro-2moa\/#primaryimage"},"thumbnailUrl":"https:\/\/armurerie-richert.ch\/wp-content\/uploads\/2023\/11\/trijicon-mro-2-0-moa-adjustable-red-dot-with-lower-1-3-co-witness-mount-1.jpg","datePublished":"2023-11-05T14:47:26+00:00","description":"Der Red Dot Trijicon MRO 2MOA. Diese versiegelte Optik wurde f\u00fcr Langwaffen entwickelt und bietet eine schnelle Zielerfassung.","breadcrumb":{"@id":"https:\/\/armurerie-richert.ch\/de\/produit\/trijicon-mro-2moa\/#breadcrumb"},"inLanguage":"de","potentialAction":[{"@type":"ReadAction","target":["https:\/\/armurerie-richert.ch\/de\/produit\/trijicon-mro-2moa\/"]}]},{"@type":"ImageObject","inLanguage":"de","@id":"https:\/\/armurerie-richert.ch\/de\/produit\/trijicon-mro-2moa\/#primaryimage","url":"https:\/\/armurerie-richert.ch\/wp-content\/uploads\/2023\/11\/trijicon-mro-2-0-moa-adjustable-red-dot-with-lower-1-3-co-witness-mount-1.jpg","contentUrl":"https:\/\/armurerie-richert.ch\/wp-content\/uploads\/2023\/11\/trijicon-mro-2-0-moa-adjustable-red-dot-with-lower-1-3-co-witness-mount-1.jpg","width":417,"height":417},{"@type":"BreadcrumbList","@id":"https:\/\/armurerie-richert.ch\/de\/produit\/trijicon-mro-2moa\/#breadcrumb","itemListElement":[{"@type":"ListItem","position":1,"name":"Accueil","item":"https:\/\/armurerie-richert.ch\/de\/startseite\/"},{"@type":"ListItem","position":2,"name":"Shop","item":"https:\/\/armurerie-richert.ch\/de\/shop\/"},{"@type":"ListItem","position":3,"name":"TRIJICON MRO 2moa"}]},{"@type":"WebSite","@id":"https:\/\/armurerie-richert.ch\/de\/#website","url":"https:\/\/armurerie-richert.ch\/de\/","name":"Armurerie Richert","description":"","publisher":{"@id":"https:\/\/armurerie-richert.ch\/de\/#organization"},"potentialAction":[{"@type":"SearchAction","target":{"@type":"EntryPoint","urlTemplate":"https:\/\/armurerie-richert.ch\/de\/?s={search_term_string}"},"query-input":{"@type":"PropertyValueSpecification","valueRequired":true,"valueName":"search_term_string"}}],"inLanguage":"de"},{"@type":"Organization","@id":"https:\/\/armurerie-richert.ch\/de\/#organization","name":"Armurerie Richert","url":"https:\/\/armurerie-richert.ch\/de\/","logo":{"@type":"ImageObject","inLanguage":"de","@id":"https:\/\/armurerie-richert.ch\/de\/#\/schema\/logo\/image\/","url":"https:\/\/armurerie-richert.ch\/wp-content\/uploads\/2023\/11\/Armurerie-Richert-Logo-300px.png","contentUrl":"https:\/\/armurerie-richert.ch\/wp-content\/uploads\/2023\/11\/Armurerie-Richert-Logo-300px.png","width":300,"height":73,"caption":"Armurerie Richert"},"image":{"@id":"https:\/\/armurerie-richert.ch\/de\/#\/schema\/logo\/image\/"},"sameAs":["https:\/\/www.facebook.com\/profile.php?id=100023920014088"]}]},"product_price_amount":"750.00","product_price_currency":"CHF","og_availability":"instock","product_availability":"instock","product_condition":"new"},"_links":{"self":[{"href":"https:\/\/armurerie-richert.ch\/de\/wp-json\/wp\/v2\/product\/35426","targetHints":{"allow":["GET"]}}],"collection":[{"href":"https:\/\/armurerie-richert.ch\/de\/wp-json\/wp\/v2\/product"}],"about":[{"href":"https:\/\/armurerie-richert.ch\/de\/wp-json\/wp\/v2\/types\/product"}],"wp:featuredmedia":[{"embeddable":true,"href":"https:\/\/armurerie-richert.ch\/de\/wp-json\/wp\/v2\/media\/32478"}],"wp:attachment":[{"href":"https:\/\/armurerie-richert.ch\/de\/wp-json\/wp\/v2\/media?parent=35426"}],"wp:term":[{"taxonomy":"product_brand","embeddable":true,"href":"https:\/\/armurerie-richert.ch\/de\/wp-json\/wp\/v2\/product_brand?post=35426"},{"taxonomy":"product_cat","embeddable":true,"href":"https:\/\/armurerie-richert.ch\/de\/wp-json\/wp\/v2\/product_cat?post=35426"},{"taxonomy":"product_tag","embeddable":true,"href":"https:\/\/armurerie-richert.ch\/de\/wp-json\/wp\/v2\/product_tag?post=35426"}],"curies":[{"name":"wp","href":"https:\/\/api.w.org\/{rel}","templated":true}]}}