{"id":35427,"date":"2023-11-05T16:15:24","date_gmt":"2023-11-05T15:15:24","guid":{"rendered":"https:\/\/armurerie-richert.ch\/produit\/surefire-scoutlight-pro-m640u\/"},"modified":"2023-11-05T16:15:24","modified_gmt":"2023-11-05T15:15:24","slug":"surefire-scoutlight-pro-m640u","status":"publish","type":"product","link":"https:\/\/armurerie-richert.ch\/de\/produit\/surefire-scoutlight-pro-m640u\/","title":{"rendered":"SUREFIRE Scoutlight Pro M640U"},"content":{"rendered":"<h3>SUREFIRE Scoutlight Pro M640U<\/h3>\n<p>Das SureFire Scout <sup>Light\u00ae<\/sup> Pro WeaponLight hebt die Messlatte, an der alle anderen Waffenlampen gemessen werden. Mit dem neuen SureFire Low-Profile Mount (LPM) bietet das Scout Light Pro eine beispiellose Vielseitigkeit, indem es dem Benutzer erm\u00f6glicht, die Position des Lichts in Bezug auf den Handguard und das Laserzielger\u00e4t (falls installiert) zu optimieren. Die robuste und zuverl\u00e4ssige LPM kann einfach und sicher an jeder MILSTD-1913- oder M-LOK-Schiene befestigt werden. Das Scout Light Pro ist ein taktisches Kraftwerk mit einer wiederverschlie\u00dfbaren, hochwertigen LED, die 1000 Lumen aus zwei 123A Batterien erzeugt. Fokussiert durch die propriet\u00e4re TIR-Linse von SureFire, erzeugt sie einen weitreichenden, hochintensiven Lichtstrahl mit viel Umgebungslicht. Die robuste und zuverl\u00e4ssige Z68 Druckknopfabdeckung erm\u00f6glicht eine einfache und sofortige Aktivierung mit nur einem Klick. Konstruiert aus leichtem Aerospace-Aluminium mit einer Mil-Spec Hard-Anodized Oberfl\u00e4che und einem versiegelten O-Ring, um die Elemente abzuhalten, ist der robuste. Scout Light Pro wird Ihnen helfen, sich an Kampfbedingungen anzupassen und diese zu \u00fcberwinden, ohne dass Sie dabei auf die Man\u00f6vrierf\u00e4higkeit Ihrer Waffe verzichten m\u00fcssen.       <\/p>\n<p><strong>Funktionen<\/strong><\/p>\n<ul>\n<li>Der neue SureFire Low-Profile Mount (LPM) erh\u00f6ht die Vielseitigkeit erheblich und erm\u00f6glicht es dem Benutzer, den Scout Light Pro in der optimalen Position auf jeder MIL-STD-1913 oder M-LOK Schiene zu montieren.<\/li>\n<li>Virtuell unzerst\u00f6rbare Ultra-High-Output LED erzeugt 1000 Lumen helles Licht; erzeugt taktisches Spitzenlicht f\u00fcr 1,25 Stunden mit zwei 123A Batterien.<\/li>\n<li>TIR-Linse formt vielseitigen Strahl mit ausreichender Reichweite und Hintergrundlicht f\u00fcr mittel- bis langfristige Operationen.<\/li>\n<li>Mil-Spec Hard-Anodized aerospace aluminum body, tempered window and O-ring seals make the Scout Light Pro rugged, durable, and combat ready<\/li>\n<li>Reliable activation via Z68 momentary\/constant-on push-button switching with protective shroud<\/li>\n<\/ul>\n","protected":false},"excerpt":{"rendered":"<p>Das SureFire Scout <sup>Light\u00ae<\/sup> Pro WeaponLight hebt die Messlatte, an der alle anderen Waffenlampen gemessen werden. Mit dem neuen SureFire Low-Profile Mount (LPM) bietet das Scout Light Pro eine beispiellose Vielseitigkeit, indem es dem Benutzer erm\u00f6glicht, die Position des Lichts in Bezug auf den Handguard und das Laserzielger\u00e4t (falls installiert) zu optimieren. Die robuste und zuverl\u00e4ssige LPM kann einfach und sicher an jeder MILSTD-1913- oder M-LOK-Schiene befestigt werden. Das Scout Light Pro ist ein taktisches Kraftwerk mit einer wiederverschlie\u00dfbaren, hochwertigen LED, die 1000 Lumen aus zwei 123A Batterien erzeugt. Fokussiert durch die propriet\u00e4re TIR-Linse von SureFire, erzeugt sie einen weitreichenden, hochintensiven Lichtstrahl mit viel Umgebungslicht. Die robuste und zuverl\u00e4ssige Z68 Druckknopfabdeckung erm\u00f6glicht eine einfache und sofortige Aktivierung mit nur einem Klick. Konstruiert aus leichtem Aerospace-Aluminium mit einer Mil-Spec Hard-Anodized Oberfl\u00e4che und einem versiegelten O-Ring, um die Elemente abzuhalten, ist der robuste. Scout Light Pro wird Ihnen helfen, sich an Kampfbedingungen anzupassen und diese zu \u00fcberwinden, ohne dass Sie dabei auf die Man\u00f6vrierf\u00e4higkeit Ihrer Waffe verzichten m\u00fcssen.       <\/p>\n<p><strong>Funktionen<\/strong><\/p>\n<ul>\n<li>Der neue SureFire Low-Profile Mount (LPM) erh\u00f6ht die Vielseitigkeit erheblich und erm\u00f6glicht es dem Benutzer, den Scout Light Pro in der optimalen Position auf jeder MIL-STD-1913 oder M-LOK Schiene zu montieren.<\/li>\n<li>Virtuell unzerst\u00f6rbare Ultra-High-Output LED erzeugt 1000 Lumen helles Licht; erzeugt taktisches Spitzenlicht f\u00fcr 1,25 Stunden mit zwei 123A Batterien.<\/li>\n<li>TIR-Linse formt vielseitigen Strahl mit ausreichender Reichweite und Hintergrundlicht f\u00fcr mittel- bis langfristige Operationen.<\/li>\n<li>Mil-Spec Hard-Anodized aerospace aluminum body, tempered window and O-ring seals make the Scout Light Pro rugged, durable, and combat ready<\/li>\n<li>Reliable activation via Z68 momentary\/constant-on push-button switching with protective shroud<\/li>\n<\/ul>\n","protected":false},"featured_media":32499,"template":"","meta":{"_et_pb_use_builder":"","_et_pb_old_content":"","_et_gb_content_width":""},"product_brand":[],"product_cat":[67,65],"product_tag":[],"class_list":{"0":"post-35427","1":"product","2":"type-product","3":"status-publish","4":"has-post-thumbnail","6":"product_cat-lampen","7":"product_cat-zubehor-und-optik","9":"first","10":"instock","11":"shipping-taxable","12":"purchasable","13":"product-type-simple"},"yoast_head":"<!-- This site is optimized with the Yoast SEO Premium plugin v24.7 (Yoast SEO v27.5) - https:\/\/yoast.com\/product\/yoast-seo-premium-wordpress\/ -->\n<title>SUREFIRE Scoutlight Pro M640U - Armurerie Richert<\/title>\n<meta name=\"description\" content=\"Die SUREFIRE Scoutlight Pro M640U Gewehrlampe bietet Ihnen eine un\u00fcbertroffene Pr\u00e4zision. Einfache und sichere Montage auf jeder MIL-STD-1913 oder M-LOK Schiene.\" \/>\n<meta name=\"robots\" content=\"index, follow, max-snippet:-1, max-image-preview:large, max-video-preview:-1\" \/>\n<link rel=\"canonical\" href=\"https:\/\/armurerie-richert.ch\/de\/produit\/surefire-scoutlight-pro-m640u\/\" \/>\n<meta property=\"og:locale\" content=\"de_DE\" \/>\n<meta property=\"og:type\" content=\"article\" \/>\n<meta property=\"og:title\" content=\"SUREFIRE Scoutlight Pro M640U\" \/>\n<meta property=\"og:description\" content=\"Die SUREFIRE Scoutlight Pro M640U Gewehrlampe bietet Ihnen eine un\u00fcbertroffene Pr\u00e4zision. Einfache und sichere Montage auf jeder MIL-STD-1913 oder M-LOK Schiene.\" \/>\n<meta property=\"og:url\" content=\"https:\/\/armurerie-richert.ch\/de\/produit\/surefire-scoutlight-pro-m640u\/\" \/>\n<meta property=\"og:site_name\" content=\"Armurerie Richert\" \/>\n<meta property=\"article:publisher\" content=\"https:\/\/www.facebook.com\/profile.php?id=100023920014088\" \/>\n<meta property=\"og:image\" content=\"https:\/\/armurerie-richert.ch\/wp-content\/uploads\/2023\/11\/surefire-scoutlight-pro-flashlight-1000-lumens-1.jpg\" \/>\n\t<meta property=\"og:image:width\" content=\"1293\" \/>\n\t<meta property=\"og:image:height\" content=\"1293\" \/>\n\t<meta property=\"og:image:type\" content=\"image\/jpeg\" \/>\n<meta name=\"twitter:card\" content=\"summary_large_image\" \/>\n<meta name=\"twitter:label1\" content=\"Preis\" \/>\n\t<meta name=\"twitter:data1\" content=\"&#067;&#072;&#070;&nbsp;395.00\" \/>\n\t<meta name=\"twitter:label2\" content=\"Verf\u00fcgbarkeit\" \/>\n\t<meta name=\"twitter:data2\" content=\"Auf Lager\" \/>\n<script type=\"application\/ld+json\" class=\"yoast-schema-graph\">{\"@context\":\"https:\\\/\\\/schema.org\",\"@graph\":[{\"@type\":\"WebPage\",\"@id\":\"https:\\\/\\\/armurerie-richert.ch\\\/de\\\/produit\\\/surefire-scoutlight-pro-m640u\\\/\",\"url\":\"https:\\\/\\\/armurerie-richert.ch\\\/de\\\/produit\\\/surefire-scoutlight-pro-m640u\\\/\",\"name\":\"SUREFIRE Scoutlight Pro M640U - Armurerie Richert\",\"isPartOf\":{\"@id\":\"https:\\\/\\\/armurerie-richert.ch\\\/de\\\/#website\"},\"primaryImageOfPage\":{\"@id\":\"https:\\\/\\\/armurerie-richert.ch\\\/de\\\/produit\\\/surefire-scoutlight-pro-m640u\\\/#primaryimage\"},\"image\":{\"@id\":\"https:\\\/\\\/armurerie-richert.ch\\\/de\\\/produit\\\/surefire-scoutlight-pro-m640u\\\/#primaryimage\"},\"thumbnailUrl\":\"https:\\\/\\\/armurerie-richert.ch\\\/wp-content\\\/uploads\\\/2023\\\/11\\\/surefire-scoutlight-pro-flashlight-1000-lumens-1.jpg\",\"datePublished\":\"2023-11-05T15:15:24+00:00\",\"description\":\"Die SUREFIRE Scoutlight Pro M640U Gewehrlampe bietet Ihnen eine un\u00fcbertroffene Pr\u00e4zision. Einfache und sichere Montage auf jeder MIL-STD-1913 oder M-LOK Schiene.\",\"breadcrumb\":{\"@id\":\"https:\\\/\\\/armurerie-richert.ch\\\/de\\\/produit\\\/surefire-scoutlight-pro-m640u\\\/#breadcrumb\"},\"inLanguage\":\"de\",\"potentialAction\":[{\"@type\":\"ReadAction\",\"target\":[\"https:\\\/\\\/armurerie-richert.ch\\\/de\\\/produit\\\/surefire-scoutlight-pro-m640u\\\/\"]}]},{\"@type\":\"ImageObject\",\"inLanguage\":\"de\",\"@id\":\"https:\\\/\\\/armurerie-richert.ch\\\/de\\\/produit\\\/surefire-scoutlight-pro-m640u\\\/#primaryimage\",\"url\":\"https:\\\/\\\/armurerie-richert.ch\\\/wp-content\\\/uploads\\\/2023\\\/11\\\/surefire-scoutlight-pro-flashlight-1000-lumens-1.jpg\",\"contentUrl\":\"https:\\\/\\\/armurerie-richert.ch\\\/wp-content\\\/uploads\\\/2023\\\/11\\\/surefire-scoutlight-pro-flashlight-1000-lumens-1.jpg\",\"width\":1293,\"height\":1293},{\"@type\":\"BreadcrumbList\",\"@id\":\"https:\\\/\\\/armurerie-richert.ch\\\/de\\\/produit\\\/surefire-scoutlight-pro-m640u\\\/#breadcrumb\",\"itemListElement\":[{\"@type\":\"ListItem\",\"position\":1,\"name\":\"Accueil\",\"item\":\"https:\\\/\\\/armurerie-richert.ch\\\/de\\\/startseite\\\/\"},{\"@type\":\"ListItem\",\"position\":2,\"name\":\"Shop\",\"item\":\"https:\\\/\\\/armurerie-richert.ch\\\/de\\\/shop\\\/\"},{\"@type\":\"ListItem\",\"position\":3,\"name\":\"SUREFIRE Scoutlight Pro M640U\"}]},{\"@type\":\"WebSite\",\"@id\":\"https:\\\/\\\/armurerie-richert.ch\\\/de\\\/#website\",\"url\":\"https:\\\/\\\/armurerie-richert.ch\\\/de\\\/\",\"name\":\"Armurerie Richert\",\"description\":\"\",\"publisher\":{\"@id\":\"https:\\\/\\\/armurerie-richert.ch\\\/de\\\/#organization\"},\"potentialAction\":[{\"@type\":\"SearchAction\",\"target\":{\"@type\":\"EntryPoint\",\"urlTemplate\":\"https:\\\/\\\/armurerie-richert.ch\\\/de\\\/?s={search_term_string}\"},\"query-input\":{\"@type\":\"PropertyValueSpecification\",\"valueRequired\":true,\"valueName\":\"search_term_string\"}}],\"inLanguage\":\"de\"},{\"@type\":\"Organization\",\"@id\":\"https:\\\/\\\/armurerie-richert.ch\\\/de\\\/#organization\",\"name\":\"Armurerie Richert\",\"url\":\"https:\\\/\\\/armurerie-richert.ch\\\/de\\\/\",\"logo\":{\"@type\":\"ImageObject\",\"inLanguage\":\"de\",\"@id\":\"https:\\\/\\\/armurerie-richert.ch\\\/de\\\/#\\\/schema\\\/logo\\\/image\\\/\",\"url\":\"https:\\\/\\\/armurerie-richert.ch\\\/wp-content\\\/uploads\\\/2023\\\/11\\\/Armurerie-Richert-Logo-300px.png\",\"contentUrl\":\"https:\\\/\\\/armurerie-richert.ch\\\/wp-content\\\/uploads\\\/2023\\\/11\\\/Armurerie-Richert-Logo-300px.png\",\"width\":300,\"height\":73,\"caption\":\"Armurerie Richert\"},\"image\":{\"@id\":\"https:\\\/\\\/armurerie-richert.ch\\\/de\\\/#\\\/schema\\\/logo\\\/image\\\/\"},\"sameAs\":[\"https:\\\/\\\/www.facebook.com\\\/profile.php?id=100023920014088\"]}]}<\/script>\n<meta property=\"product:price:amount\" content=\"395.00\" \/>\n<meta property=\"product:price:currency\" content=\"CHF\" \/>\n<meta property=\"og:availability\" content=\"instock\" \/>\n<meta property=\"product:availability\" content=\"instock\" \/>\n<meta property=\"product:condition\" content=\"new\" \/>\n<!-- \/ Yoast SEO Premium plugin. -->","yoast_head_json":{"title":"SUREFIRE Scoutlight Pro M640U - Armurerie Richert","description":"Die SUREFIRE Scoutlight Pro M640U Gewehrlampe bietet Ihnen eine un\u00fcbertroffene Pr\u00e4zision. Einfache und sichere Montage auf jeder MIL-STD-1913 oder M-LOK Schiene.","robots":{"index":"index","follow":"follow","max-snippet":"max-snippet:-1","max-image-preview":"max-image-preview:large","max-video-preview":"max-video-preview:-1"},"canonical":"https:\/\/armurerie-richert.ch\/de\/produit\/surefire-scoutlight-pro-m640u\/","og_locale":"de_DE","og_type":"article","og_title":"SUREFIRE Scoutlight Pro M640U","og_description":"Die SUREFIRE Scoutlight Pro M640U Gewehrlampe bietet Ihnen eine un\u00fcbertroffene Pr\u00e4zision. Einfache und sichere Montage auf jeder MIL-STD-1913 oder M-LOK Schiene.","og_url":"https:\/\/armurerie-richert.ch\/de\/produit\/surefire-scoutlight-pro-m640u\/","og_site_name":"Armurerie Richert","article_publisher":"https:\/\/www.facebook.com\/profile.php?id=100023920014088","og_image":[{"width":1293,"height":1293,"url":"https:\/\/armurerie-richert.ch\/wp-content\/uploads\/2023\/11\/surefire-scoutlight-pro-flashlight-1000-lumens-1.jpg","type":"image\/jpeg"}],"twitter_card":"summary_large_image","twitter_misc":{"Preis":"&#67;&#72;&#70;&nbsp;395.00","Verf\u00fcgbarkeit":"Auf Lager"},"schema":{"@context":"https:\/\/schema.org","@graph":[{"@type":"WebPage","@id":"https:\/\/armurerie-richert.ch\/de\/produit\/surefire-scoutlight-pro-m640u\/","url":"https:\/\/armurerie-richert.ch\/de\/produit\/surefire-scoutlight-pro-m640u\/","name":"SUREFIRE Scoutlight Pro M640U - Armurerie Richert","isPartOf":{"@id":"https:\/\/armurerie-richert.ch\/de\/#website"},"primaryImageOfPage":{"@id":"https:\/\/armurerie-richert.ch\/de\/produit\/surefire-scoutlight-pro-m640u\/#primaryimage"},"image":{"@id":"https:\/\/armurerie-richert.ch\/de\/produit\/surefire-scoutlight-pro-m640u\/#primaryimage"},"thumbnailUrl":"https:\/\/armurerie-richert.ch\/wp-content\/uploads\/2023\/11\/surefire-scoutlight-pro-flashlight-1000-lumens-1.jpg","datePublished":"2023-11-05T15:15:24+00:00","description":"Die SUREFIRE Scoutlight Pro M640U Gewehrlampe bietet Ihnen eine un\u00fcbertroffene Pr\u00e4zision. Einfache und sichere Montage auf jeder MIL-STD-1913 oder M-LOK Schiene.","breadcrumb":{"@id":"https:\/\/armurerie-richert.ch\/de\/produit\/surefire-scoutlight-pro-m640u\/#breadcrumb"},"inLanguage":"de","potentialAction":[{"@type":"ReadAction","target":["https:\/\/armurerie-richert.ch\/de\/produit\/surefire-scoutlight-pro-m640u\/"]}]},{"@type":"ImageObject","inLanguage":"de","@id":"https:\/\/armurerie-richert.ch\/de\/produit\/surefire-scoutlight-pro-m640u\/#primaryimage","url":"https:\/\/armurerie-richert.ch\/wp-content\/uploads\/2023\/11\/surefire-scoutlight-pro-flashlight-1000-lumens-1.jpg","contentUrl":"https:\/\/armurerie-richert.ch\/wp-content\/uploads\/2023\/11\/surefire-scoutlight-pro-flashlight-1000-lumens-1.jpg","width":1293,"height":1293},{"@type":"BreadcrumbList","@id":"https:\/\/armurerie-richert.ch\/de\/produit\/surefire-scoutlight-pro-m640u\/#breadcrumb","itemListElement":[{"@type":"ListItem","position":1,"name":"Accueil","item":"https:\/\/armurerie-richert.ch\/de\/startseite\/"},{"@type":"ListItem","position":2,"name":"Shop","item":"https:\/\/armurerie-richert.ch\/de\/shop\/"},{"@type":"ListItem","position":3,"name":"SUREFIRE Scoutlight Pro M640U"}]},{"@type":"WebSite","@id":"https:\/\/armurerie-richert.ch\/de\/#website","url":"https:\/\/armurerie-richert.ch\/de\/","name":"Armurerie Richert","description":"","publisher":{"@id":"https:\/\/armurerie-richert.ch\/de\/#organization"},"potentialAction":[{"@type":"SearchAction","target":{"@type":"EntryPoint","urlTemplate":"https:\/\/armurerie-richert.ch\/de\/?s={search_term_string}"},"query-input":{"@type":"PropertyValueSpecification","valueRequired":true,"valueName":"search_term_string"}}],"inLanguage":"de"},{"@type":"Organization","@id":"https:\/\/armurerie-richert.ch\/de\/#organization","name":"Armurerie Richert","url":"https:\/\/armurerie-richert.ch\/de\/","logo":{"@type":"ImageObject","inLanguage":"de","@id":"https:\/\/armurerie-richert.ch\/de\/#\/schema\/logo\/image\/","url":"https:\/\/armurerie-richert.ch\/wp-content\/uploads\/2023\/11\/Armurerie-Richert-Logo-300px.png","contentUrl":"https:\/\/armurerie-richert.ch\/wp-content\/uploads\/2023\/11\/Armurerie-Richert-Logo-300px.png","width":300,"height":73,"caption":"Armurerie Richert"},"image":{"@id":"https:\/\/armurerie-richert.ch\/de\/#\/schema\/logo\/image\/"},"sameAs":["https:\/\/www.facebook.com\/profile.php?id=100023920014088"]}]},"product_price_amount":"395.00","product_price_currency":"CHF","og_availability":"instock","product_availability":"instock","product_condition":"new"},"_links":{"self":[{"href":"https:\/\/armurerie-richert.ch\/de\/wp-json\/wp\/v2\/product\/35427","targetHints":{"allow":["GET"]}}],"collection":[{"href":"https:\/\/armurerie-richert.ch\/de\/wp-json\/wp\/v2\/product"}],"about":[{"href":"https:\/\/armurerie-richert.ch\/de\/wp-json\/wp\/v2\/types\/product"}],"wp:featuredmedia":[{"embeddable":true,"href":"https:\/\/armurerie-richert.ch\/de\/wp-json\/wp\/v2\/media\/32499"}],"wp:attachment":[{"href":"https:\/\/armurerie-richert.ch\/de\/wp-json\/wp\/v2\/media?parent=35427"}],"wp:term":[{"taxonomy":"product_brand","embeddable":true,"href":"https:\/\/armurerie-richert.ch\/de\/wp-json\/wp\/v2\/product_brand?post=35427"},{"taxonomy":"product_cat","embeddable":true,"href":"https:\/\/armurerie-richert.ch\/de\/wp-json\/wp\/v2\/product_cat?post=35427"},{"taxonomy":"product_tag","embeddable":true,"href":"https:\/\/armurerie-richert.ch\/de\/wp-json\/wp\/v2\/product_tag?post=35427"}],"curies":[{"name":"wp","href":"https:\/\/api.w.org\/{rel}","templated":true}]}}