{"id":35429,"date":"2023-11-05T16:13:13","date_gmt":"2023-11-05T15:13:13","guid":{"rendered":"https:\/\/armurerie-richert.ch\/produit\/streamlight-tlr-1-hl\/"},"modified":"2023-11-05T16:13:13","modified_gmt":"2023-11-05T15:13:13","slug":"streamlight-tlr-1-hl","status":"publish","type":"product","link":"https:\/\/armurerie-richert.ch\/de\/produit\/streamlight-tlr-1-hl\/","title":{"rendered":"STREAMLIGHT TLR-1 HL"},"content":{"rendered":"<h3>STREAMLIGHT TLR-1 HL<\/h3>\n<p>Der TLR-1 <sup>HL\u00ae<\/sup> bietet 1.000 Lumen Licht f\u00fcr eine maximale Ausleuchtung. Das breite Strahlmuster beleuchtet gro\u00dfe Bereiche, so dass Sie erkennen k\u00f6nnen, was sich in der N\u00e4he befindet. <\/p>\n<ul>\n<li>1,000 Lumen; 1.5-Stunden-Laufzeit (Licht-\/Lasermodus); 20,000 Candela; 283 m Strahlendistanz<\/li>\n<li>Angetrieben von zwei (2) 3-Volt CR123A Lithium-Batterien<\/li>\n<li>Rail Grip Clamp System befestigt\/l\u00f6scht schnell und sicher ohne Werkzeuge und ohne dass Sie Ihre H\u00e4nde vor das Puzzle halten m\u00fcssen.<\/li>\n<li>Inklusive Schl\u00fcssel f\u00fcr <sup>GLOCK\u00ae-style<\/sup> Schienen, MIL-STD-1913 (Picatinny) Schienen, <sup>Beretta\u00ae<\/sup> 90two, Smith &amp; <sup>Wesson\u00ae<\/sup> SW99, Smith &amp; <sup>Wesson\u00ae<\/sup> TSW, und <a class=\"crosslink\" title=\"Sig Sauer\" href=\"https:\/\/www.rainierarms.com\/manufacturers\/sig-sauer\/\" target=\"_self\" rel=\"noopener\">SIG<\/a><sup>SAUER\u00ae<\/sup> <sup>P320\u00ae<\/sup> Schienen<\/li>\n<li>6000 Series machined aircraft aluminum with black anodized finish<\/li>\n<li>Benutzerprogrammierbare Blende<\/li>\n<li>Ambidextrous momentary\/constant on operation<\/li>\n<li>Passt in die meisten vorhandenen Leichtbeweglichkeitsholster.<\/li>\n<li>IPX7-rated Design f\u00fcr wasserdichten Betrieb<\/li>\n<li>3.39 in (8.61 cm); 4.32 oz (122.5 g)<\/li>\n<li>Fernbedienungsschalter als optionales Zubeh\u00f6r erh\u00e4ltlich (muss in Verbindung mit 69130 oder 69161 Fernbedienungsschalter verwendet werden)<\/li>\n<li>Begrenzte Garantie auf Lebenszeit<\/li>\n<li>Assembled in den USA<\/li>\n<\/ul>\n<p><strong>Spezifikationen:<\/strong><\/p>\n<ul>\n<li><strong>High Lumens: <\/strong>1,000<\/li>\n<li><strong>Laufzeit:<\/strong> 1.50 Stunden<\/li>\n<li><strong>Beam Distance: <\/strong>283 meters<\/li>\n<li><strong>Max Candela: <\/strong>20,000<\/li>\n<li><strong>Battery Type:<\/strong> CR123A Lithium<\/li>\n<li><strong>Battery Quantity:<\/strong> 2<\/li>\n<li><strong>L\u00e4nge: <\/strong>3.39 inches (8.61 centimeters)<\/li>\n<li><strong>Gewicht:<\/strong> 4.32 Unzen (122.47 Gramm)<\/li>\n<\/ul>\n","protected":false},"excerpt":{"rendered":"<p>Der TLR-1 <sup>HL\u00ae<\/sup> bietet 1.000 Lumen Licht f\u00fcr eine maximale Ausleuchtung. Das breite Strahlmuster beleuchtet gro\u00dfe Bereiche, so dass Sie erkennen k\u00f6nnen, was sich in der N\u00e4he befindet. <\/p>\n<ul>\n<li>1,000 Lumen; 1.5-Stunden-Laufzeit (Licht-\/Lasermodus); 20,000 Candela; 283 m Strahlendistanz<\/li>\n<li>Angetrieben von zwei (2) 3-Volt CR123A Lithiumbatterien<\/li>\n<li>Rail Grip Clamp System befestigt\/l\u00f6scht schnell und sicher ohne Werkzeuge und ohne dass Sie Ihre H\u00e4nde vor das Puzzle halten m\u00fcssen.<\/li>\n<li>Inklusive Schl\u00fcssel f\u00fcr <sup>GLOCK\u00ae-style<\/sup> Schienen, MIL-STD-1913 (Picatinny) Schienen, <sup>Beretta\u00ae<\/sup> 90two, Smith &amp; <sup>Wesson\u00ae<\/sup> SW99, Smith &amp; <sup>Wesson\u00ae<\/sup> TSW, und <a class=\"crosslink\" title=\"Sig Sauer\" href=\"https:\/\/www.rainierarms.com\/manufacturers\/sig-sauer\/\" target=\"_self\" rel=\"noopener\">SIG<\/a><sup>SAUER\u00ae<\/sup> <sup>P320\u00ae<\/sup> Schienen<\/li>\n<li>6000 Series machined aircraft aluminum with black anodized finish<\/li>\n<li>Benutzerprogrammierbare Blende<\/li>\n<li>Ambidextrous momentary\/constant on operation<\/li>\n<li>Fits most existing light bearing holsters<\/li>\n<li>IPX7-rated Design f\u00fcr wasserdichten Betrieb<\/li>\n<li>3.39 in (8.61 cm); 4.32 oz (122.5 g)<\/li>\n<li>Fernbedienungsschalter als optionales Zubeh\u00f6r erh\u00e4ltlich (muss in Verbindung mit 69130 oder 69161 Fernbedienungsschalter verwendet werden)<\/li>\n<li>Begrenzte Garantie auf Lebenszeit<\/li>\n<li>Assembled in den USA<\/li>\n<\/ul>\n<p><strong>Spezifikationen:<\/strong><\/p>\n<ul>\n<li><strong>High Lumens: <\/strong>1,000<\/li>\n<li><strong>Laufzeit:<\/strong> 1.50 Stunden<\/li>\n<li><strong>Beam Distance: <\/strong>283 meters<\/li>\n<li><strong>Max Candela: <\/strong>20,000<\/li>\n<li><strong>Battery Type:<\/strong> CR123A Lithium<\/li>\n<li><strong>Battery Quantity:<\/strong> 2<\/li>\n<li><strong>L\u00e4nge: <\/strong>3.39 inches (8.61 centimeters)<\/li>\n<li><strong>Gewicht:<\/strong> 4.32 Unzen (122.47 Gramm)<\/li>\n<\/ul>\n","protected":false},"featured_media":32496,"template":"","meta":{"_et_pb_use_builder":"","_et_pb_old_content":"","_et_gb_content_width":""},"product_brand":[],"product_cat":[67,65],"product_tag":[],"class_list":{"0":"post-35429","1":"product","2":"type-product","3":"status-publish","4":"has-post-thumbnail","6":"product_cat-lampen","7":"product_cat-zubehor-und-optik","9":"first","10":"instock","11":"shipping-taxable","12":"purchasable","13":"product-type-simple"},"yoast_head":"<!-- This site is optimized with the Yoast SEO Premium plugin v24.7 (Yoast SEO v27.5) - https:\/\/yoast.com\/product\/yoast-seo-premium-wordpress\/ -->\n<title>STREAMLIGHT TLR-1 HL - Armurerie Richert<\/title>\n<meta name=\"description\" content=\"Entscheiden Sie sich f\u00fcr die Leistung der STREAMLIGHT TLR-1 HL Pistolenlampe mit 1000 Lumen und einem breiten Lichtstrahl f\u00fcr maximale Sichtbarkeit.\" \/>\n<meta name=\"robots\" content=\"index, follow, max-snippet:-1, max-image-preview:large, max-video-preview:-1\" \/>\n<link rel=\"canonical\" href=\"https:\/\/armurerie-richert.ch\/de\/produit\/streamlight-tlr-1-hl\/\" \/>\n<meta property=\"og:locale\" content=\"de_DE\" \/>\n<meta property=\"og:type\" content=\"article\" \/>\n<meta property=\"og:title\" content=\"STREAMLIGHT TLR-1 HL\" \/>\n<meta property=\"og:description\" content=\"Entscheiden Sie sich f\u00fcr die Leistung der STREAMLIGHT TLR-1 HL Pistolenlampe mit 1000 Lumen und einem breiten Lichtstrahl f\u00fcr maximale Sichtbarkeit.\" \/>\n<meta property=\"og:url\" content=\"https:\/\/armurerie-richert.ch\/de\/produit\/streamlight-tlr-1-hl\/\" \/>\n<meta property=\"og:site_name\" content=\"Armurerie Richert\" \/>\n<meta property=\"article:publisher\" content=\"https:\/\/www.facebook.com\/profile.php?id=100023920014088\" \/>\n<meta property=\"og:image\" content=\"https:\/\/armurerie-richert.ch\/wp-content\/uploads\/2023\/11\/streamlight-tlr-1-hl-gun-light-black-1.jpg\" \/>\n\t<meta property=\"og:image:width\" content=\"1263\" \/>\n\t<meta property=\"og:image:height\" content=\"1263\" \/>\n\t<meta property=\"og:image:type\" content=\"image\/jpeg\" \/>\n<meta name=\"twitter:card\" content=\"summary_large_image\" \/>\n<meta name=\"twitter:label1\" content=\"Preis\" \/>\n\t<meta name=\"twitter:data1\" content=\"&#067;&#072;&#070;&nbsp;250.00\" \/>\n\t<meta name=\"twitter:label2\" content=\"Verf\u00fcgbarkeit\" \/>\n\t<meta name=\"twitter:data2\" content=\"Auf Lager\" \/>\n<script type=\"application\/ld+json\" class=\"yoast-schema-graph\">{\"@context\":\"https:\\\/\\\/schema.org\",\"@graph\":[{\"@type\":\"WebPage\",\"@id\":\"https:\\\/\\\/armurerie-richert.ch\\\/de\\\/produit\\\/streamlight-tlr-1-hl\\\/\",\"url\":\"https:\\\/\\\/armurerie-richert.ch\\\/de\\\/produit\\\/streamlight-tlr-1-hl\\\/\",\"name\":\"STREAMLIGHT TLR-1 HL - Armurerie Richert\",\"isPartOf\":{\"@id\":\"https:\\\/\\\/armurerie-richert.ch\\\/de\\\/#website\"},\"primaryImageOfPage\":{\"@id\":\"https:\\\/\\\/armurerie-richert.ch\\\/de\\\/produit\\\/streamlight-tlr-1-hl\\\/#primaryimage\"},\"image\":{\"@id\":\"https:\\\/\\\/armurerie-richert.ch\\\/de\\\/produit\\\/streamlight-tlr-1-hl\\\/#primaryimage\"},\"thumbnailUrl\":\"https:\\\/\\\/armurerie-richert.ch\\\/wp-content\\\/uploads\\\/2023\\\/11\\\/streamlight-tlr-1-hl-gun-light-black-1.jpg\",\"datePublished\":\"2023-11-05T15:13:13+00:00\",\"description\":\"Entscheiden Sie sich f\u00fcr die Leistung der STREAMLIGHT TLR-1 HL Pistolenlampe mit 1000 Lumen und einem breiten Lichtstrahl f\u00fcr maximale Sichtbarkeit.\",\"breadcrumb\":{\"@id\":\"https:\\\/\\\/armurerie-richert.ch\\\/de\\\/produit\\\/streamlight-tlr-1-hl\\\/#breadcrumb\"},\"inLanguage\":\"de\",\"potentialAction\":[{\"@type\":\"ReadAction\",\"target\":[\"https:\\\/\\\/armurerie-richert.ch\\\/de\\\/produit\\\/streamlight-tlr-1-hl\\\/\"]}]},{\"@type\":\"ImageObject\",\"inLanguage\":\"de\",\"@id\":\"https:\\\/\\\/armurerie-richert.ch\\\/de\\\/produit\\\/streamlight-tlr-1-hl\\\/#primaryimage\",\"url\":\"https:\\\/\\\/armurerie-richert.ch\\\/wp-content\\\/uploads\\\/2023\\\/11\\\/streamlight-tlr-1-hl-gun-light-black-1.jpg\",\"contentUrl\":\"https:\\\/\\\/armurerie-richert.ch\\\/wp-content\\\/uploads\\\/2023\\\/11\\\/streamlight-tlr-1-hl-gun-light-black-1.jpg\",\"width\":1263,\"height\":1263},{\"@type\":\"BreadcrumbList\",\"@id\":\"https:\\\/\\\/armurerie-richert.ch\\\/de\\\/produit\\\/streamlight-tlr-1-hl\\\/#breadcrumb\",\"itemListElement\":[{\"@type\":\"ListItem\",\"position\":1,\"name\":\"Accueil\",\"item\":\"https:\\\/\\\/armurerie-richert.ch\\\/de\\\/startseite\\\/\"},{\"@type\":\"ListItem\",\"position\":2,\"name\":\"Shop\",\"item\":\"https:\\\/\\\/armurerie-richert.ch\\\/de\\\/shop\\\/\"},{\"@type\":\"ListItem\",\"position\":3,\"name\":\"STREAMLIGHT TLR-1 HL\"}]},{\"@type\":\"WebSite\",\"@id\":\"https:\\\/\\\/armurerie-richert.ch\\\/de\\\/#website\",\"url\":\"https:\\\/\\\/armurerie-richert.ch\\\/de\\\/\",\"name\":\"Armurerie Richert\",\"description\":\"\",\"publisher\":{\"@id\":\"https:\\\/\\\/armurerie-richert.ch\\\/de\\\/#organization\"},\"potentialAction\":[{\"@type\":\"SearchAction\",\"target\":{\"@type\":\"EntryPoint\",\"urlTemplate\":\"https:\\\/\\\/armurerie-richert.ch\\\/de\\\/?s={search_term_string}\"},\"query-input\":{\"@type\":\"PropertyValueSpecification\",\"valueRequired\":true,\"valueName\":\"search_term_string\"}}],\"inLanguage\":\"de\"},{\"@type\":\"Organization\",\"@id\":\"https:\\\/\\\/armurerie-richert.ch\\\/de\\\/#organization\",\"name\":\"Armurerie Richert\",\"url\":\"https:\\\/\\\/armurerie-richert.ch\\\/de\\\/\",\"logo\":{\"@type\":\"ImageObject\",\"inLanguage\":\"de\",\"@id\":\"https:\\\/\\\/armurerie-richert.ch\\\/de\\\/#\\\/schema\\\/logo\\\/image\\\/\",\"url\":\"https:\\\/\\\/armurerie-richert.ch\\\/wp-content\\\/uploads\\\/2023\\\/11\\\/Armurerie-Richert-Logo-300px.png\",\"contentUrl\":\"https:\\\/\\\/armurerie-richert.ch\\\/wp-content\\\/uploads\\\/2023\\\/11\\\/Armurerie-Richert-Logo-300px.png\",\"width\":300,\"height\":73,\"caption\":\"Armurerie Richert\"},\"image\":{\"@id\":\"https:\\\/\\\/armurerie-richert.ch\\\/de\\\/#\\\/schema\\\/logo\\\/image\\\/\"},\"sameAs\":[\"https:\\\/\\\/www.facebook.com\\\/profile.php?id=100023920014088\"]}]}<\/script>\n<meta property=\"product:price:amount\" content=\"250.00\" \/>\n<meta property=\"product:price:currency\" content=\"CHF\" \/>\n<meta property=\"og:availability\" content=\"instock\" \/>\n<meta property=\"product:availability\" content=\"instock\" \/>\n<meta property=\"product:condition\" content=\"new\" \/>\n<!-- \/ Yoast SEO Premium plugin. -->","yoast_head_json":{"title":"STREAMLIGHT TLR-1 HL - Armurerie Richert","description":"Entscheiden Sie sich f\u00fcr die Leistung der STREAMLIGHT TLR-1 HL Pistolenlampe mit 1000 Lumen und einem breiten Lichtstrahl f\u00fcr maximale Sichtbarkeit.","robots":{"index":"index","follow":"follow","max-snippet":"max-snippet:-1","max-image-preview":"max-image-preview:large","max-video-preview":"max-video-preview:-1"},"canonical":"https:\/\/armurerie-richert.ch\/de\/produit\/streamlight-tlr-1-hl\/","og_locale":"de_DE","og_type":"article","og_title":"STREAMLIGHT TLR-1 HL","og_description":"Entscheiden Sie sich f\u00fcr die Leistung der STREAMLIGHT TLR-1 HL Pistolenlampe mit 1000 Lumen und einem breiten Lichtstrahl f\u00fcr maximale Sichtbarkeit.","og_url":"https:\/\/armurerie-richert.ch\/de\/produit\/streamlight-tlr-1-hl\/","og_site_name":"Armurerie Richert","article_publisher":"https:\/\/www.facebook.com\/profile.php?id=100023920014088","og_image":[{"width":1263,"height":1263,"url":"https:\/\/armurerie-richert.ch\/wp-content\/uploads\/2023\/11\/streamlight-tlr-1-hl-gun-light-black-1.jpg","type":"image\/jpeg"}],"twitter_card":"summary_large_image","twitter_misc":{"Preis":"&#67;&#72;&#70;&nbsp;250.00","Verf\u00fcgbarkeit":"Auf Lager"},"schema":{"@context":"https:\/\/schema.org","@graph":[{"@type":"WebPage","@id":"https:\/\/armurerie-richert.ch\/de\/produit\/streamlight-tlr-1-hl\/","url":"https:\/\/armurerie-richert.ch\/de\/produit\/streamlight-tlr-1-hl\/","name":"STREAMLIGHT TLR-1 HL - Armurerie Richert","isPartOf":{"@id":"https:\/\/armurerie-richert.ch\/de\/#website"},"primaryImageOfPage":{"@id":"https:\/\/armurerie-richert.ch\/de\/produit\/streamlight-tlr-1-hl\/#primaryimage"},"image":{"@id":"https:\/\/armurerie-richert.ch\/de\/produit\/streamlight-tlr-1-hl\/#primaryimage"},"thumbnailUrl":"https:\/\/armurerie-richert.ch\/wp-content\/uploads\/2023\/11\/streamlight-tlr-1-hl-gun-light-black-1.jpg","datePublished":"2023-11-05T15:13:13+00:00","description":"Entscheiden Sie sich f\u00fcr die Leistung der STREAMLIGHT TLR-1 HL Pistolenlampe mit 1000 Lumen und einem breiten Lichtstrahl f\u00fcr maximale Sichtbarkeit.","breadcrumb":{"@id":"https:\/\/armurerie-richert.ch\/de\/produit\/streamlight-tlr-1-hl\/#breadcrumb"},"inLanguage":"de","potentialAction":[{"@type":"ReadAction","target":["https:\/\/armurerie-richert.ch\/de\/produit\/streamlight-tlr-1-hl\/"]}]},{"@type":"ImageObject","inLanguage":"de","@id":"https:\/\/armurerie-richert.ch\/de\/produit\/streamlight-tlr-1-hl\/#primaryimage","url":"https:\/\/armurerie-richert.ch\/wp-content\/uploads\/2023\/11\/streamlight-tlr-1-hl-gun-light-black-1.jpg","contentUrl":"https:\/\/armurerie-richert.ch\/wp-content\/uploads\/2023\/11\/streamlight-tlr-1-hl-gun-light-black-1.jpg","width":1263,"height":1263},{"@type":"BreadcrumbList","@id":"https:\/\/armurerie-richert.ch\/de\/produit\/streamlight-tlr-1-hl\/#breadcrumb","itemListElement":[{"@type":"ListItem","position":1,"name":"Accueil","item":"https:\/\/armurerie-richert.ch\/de\/startseite\/"},{"@type":"ListItem","position":2,"name":"Shop","item":"https:\/\/armurerie-richert.ch\/de\/shop\/"},{"@type":"ListItem","position":3,"name":"STREAMLIGHT TLR-1 HL"}]},{"@type":"WebSite","@id":"https:\/\/armurerie-richert.ch\/de\/#website","url":"https:\/\/armurerie-richert.ch\/de\/","name":"Armurerie Richert","description":"","publisher":{"@id":"https:\/\/armurerie-richert.ch\/de\/#organization"},"potentialAction":[{"@type":"SearchAction","target":{"@type":"EntryPoint","urlTemplate":"https:\/\/armurerie-richert.ch\/de\/?s={search_term_string}"},"query-input":{"@type":"PropertyValueSpecification","valueRequired":true,"valueName":"search_term_string"}}],"inLanguage":"de"},{"@type":"Organization","@id":"https:\/\/armurerie-richert.ch\/de\/#organization","name":"Armurerie Richert","url":"https:\/\/armurerie-richert.ch\/de\/","logo":{"@type":"ImageObject","inLanguage":"de","@id":"https:\/\/armurerie-richert.ch\/de\/#\/schema\/logo\/image\/","url":"https:\/\/armurerie-richert.ch\/wp-content\/uploads\/2023\/11\/Armurerie-Richert-Logo-300px.png","contentUrl":"https:\/\/armurerie-richert.ch\/wp-content\/uploads\/2023\/11\/Armurerie-Richert-Logo-300px.png","width":300,"height":73,"caption":"Armurerie Richert"},"image":{"@id":"https:\/\/armurerie-richert.ch\/de\/#\/schema\/logo\/image\/"},"sameAs":["https:\/\/www.facebook.com\/profile.php?id=100023920014088"]}]},"product_price_amount":"250.00","product_price_currency":"CHF","og_availability":"instock","product_availability":"instock","product_condition":"new"},"_links":{"self":[{"href":"https:\/\/armurerie-richert.ch\/de\/wp-json\/wp\/v2\/product\/35429","targetHints":{"allow":["GET"]}}],"collection":[{"href":"https:\/\/armurerie-richert.ch\/de\/wp-json\/wp\/v2\/product"}],"about":[{"href":"https:\/\/armurerie-richert.ch\/de\/wp-json\/wp\/v2\/types\/product"}],"wp:featuredmedia":[{"embeddable":true,"href":"https:\/\/armurerie-richert.ch\/de\/wp-json\/wp\/v2\/media\/32496"}],"wp:attachment":[{"href":"https:\/\/armurerie-richert.ch\/de\/wp-json\/wp\/v2\/media?parent=35429"}],"wp:term":[{"taxonomy":"product_brand","embeddable":true,"href":"https:\/\/armurerie-richert.ch\/de\/wp-json\/wp\/v2\/product_brand?post=35429"},{"taxonomy":"product_cat","embeddable":true,"href":"https:\/\/armurerie-richert.ch\/de\/wp-json\/wp\/v2\/product_cat?post=35429"},{"taxonomy":"product_tag","embeddable":true,"href":"https:\/\/armurerie-richert.ch\/de\/wp-json\/wp\/v2\/product_tag?post=35429"}],"curies":[{"name":"wp","href":"https:\/\/api.w.org\/{rel}","templated":true}]}}