{"id":35430,"date":"2023-11-05T15:26:18","date_gmt":"2023-11-05T14:26:18","guid":{"rendered":"https:\/\/armurerie-richert.ch\/produit\/holosun-eps-solar-multi-reticular\/"},"modified":"2023-11-05T15:26:18","modified_gmt":"2023-11-05T14:26:18","slug":"holosun-eps-solar-multi-reticular","status":"publish","type":"product","link":"https:\/\/armurerie-richert.ch\/de\/produit\/holosun-eps-solar-multi-reticular\/","title":{"rendered":"HOLOSUN EPS solar multi reticular"},"content":{"rendered":"<h3>HOLOSUN EPS solar multi reticular<\/h3>\n<p>Das EPS ist ein kompaktes, geschlossenes Pistolenvisier, das f\u00fcr Pistolen in voller Gr\u00f6\u00dfe konzipiert wurde. Das EPS MRS verf\u00fcgt \u00fcber 2 MOA Dot &amp; 32 MOA Circle, 7075 T6 Aluminiumgeh\u00e4use und die niedrigste Deckh\u00f6he, was die Verwendung mit Standard-H\u00f6henlampen auf vielen Pistolenmodellen erleichtert. <\/p>\n<p><strong>Features:<\/strong><\/p>\n<ul>\n<li>2 MOA dot &amp; 32 MOA Circle<\/li>\n<li>Up to 50,000 Hours Battery Life<\/li>\n<li>Parallax-free &amp; Unlimited Eye Relief<\/li>\n<li>Asph\u00e4rische Glaslinsen mit null Verzerrung<\/li>\n<li>Shake Awake\u2122 Technology mit Last Setting Recall<\/li>\n<li>7075 T6 Aluminum Geh\u00e4use<\/li>\n<li>Solar Failsafe\u2122<\/li>\n<li>IPX8 Certified Waterproof<\/li>\n<li>Holosun &#8222;K&#8220; series footprint<\/li>\n<\/ul>\n<p><strong>Spezifikationen:<\/strong><\/p>\n<ul>\n<li><strong>Optische Daten:<\/strong>\n<ul>\n<li><strong>Reticle:<\/strong> 2 MOA Dot &amp; 32 MOA Circle<\/li>\n<li><strong>Lichtwellenl\u00e4nge: <\/strong>650nm<\/li>\n<li><strong>Reticle Color: <\/strong>Gr\u00fcn oder Rot<\/li>\n<li><strong>Parallax Free:<\/strong> Yes<\/li>\n<li><strong>Unlimited Eye Relief: <\/strong>Yes<\/li>\n<li><strong>Vergr\u00f6\u00dferung:<\/strong> 1x<\/li>\n<li><strong>Multi-Coatings: <\/strong>Yes<\/li>\n<\/ul>\n<\/li>\n<li><strong>Elektronische Daten:<\/strong>\n<ul>\n<li><strong>Stromquelle: <\/strong>Batterie<\/li>\n<li><strong>Batterietyp:<\/strong> CR1620<\/li>\n<li><strong>Batterielebensdauer (Stunden):<\/strong> 50000<\/li>\n<li><strong>Helligkeitseinstellung:<\/strong> 8 DL&amp;4 NV<\/li>\n<\/ul>\n<\/li>\n<li><strong>Physikalische Daten:<\/strong>\n<ul>\n<li><strong>Fenstergr\u00f6\u00dfe:<\/strong> 0.63&#215;0.91<\/li>\n<li><strong>Gr\u00f6\u00dfe (in): <\/strong>1.62\u00d71.19\u00d70.99<\/li>\n<li><strong>Gewicht (oz): <\/strong>1.4<\/li>\n<\/ul>\n<\/li>\n<li><strong>Mechanische Daten:<\/strong>\n<ul>\n<li><strong>Geh\u00e4usematerial:<\/strong> 7075 T6 Aluminium<\/li>\n<li><strong>Oberfl\u00e4chenfinish: <\/strong>Anodize<\/li>\n<li><strong>Anpassung pro Klick: <\/strong>1.5 MOA<\/li>\n<li><strong>W&amp;E Reisespanne:<\/strong> \u00b130 MOA<\/li>\n<\/ul>\n<\/li>\n<li><strong>Umweltdaten:<br \/>\n<\/strong><\/p>\n<ul>\n<li><strong>Lagerungstemperatur:<\/strong> -40\u2103~70\u2103.<\/li>\n<li><strong>Arbeitstemperatur:<\/strong> -30\u2103~60\u2103<\/li>\n<li><strong>Unterwasser:<\/strong> IPX8<\/li>\n<li><strong>Vibration:<\/strong> 5000G<\/li>\n<\/ul>\n<\/li>\n<\/ul>\n","protected":false},"excerpt":{"rendered":"<p>Das EPS ist ein kompaktes, geschlossenes Pistolenvisier, das f\u00fcr Pistolen in voller Gr\u00f6\u00dfe konzipiert wurde. Das EPS MRS verf\u00fcgt \u00fcber 2 MOA Dot &amp; 32 MOA Circle, 7075 T6 Aluminiumgeh\u00e4use und die niedrigste Deckh\u00f6he, was die Verwendung mit Standard-H\u00f6henlampen auf vielen Pistolenmodellen erleichtert. <\/p>\n<p><strong>Features:<\/strong><\/p>\n<ul>\n<li>2 MOA dot &amp; 32 MOA Circle<\/li>\n<li>Up to 50,000 Hours Battery Life<\/li>\n<li>Parallax-free &amp; Unlimited Eye Relief<\/li>\n<li>Asph\u00e4rische Glaslinsen mit null Verzerrung<\/li>\n<li>Shake Awake\u2122 Technology mit Last Setting Recall<\/li>\n<li>7075 T6 Aluminum Geh\u00e4use<\/li>\n<li>Solar Failsafe\u2122<\/li>\n<li>IPX8 Certified Waterproof<\/li>\n<li>Holosun &#8222;K&#8220; series footprint<\/li>\n<\/ul>\n<p><strong>Spezifikationen:<\/strong><\/p>\n<ul>\n<li><strong>Optische Daten:<\/strong>\n<ul>\n<li><strong>Reticle:<\/strong> 2 MOA Dot &amp; 32 MOA Circle<\/li>\n<li><strong>Lichtwellenl\u00e4nge: <\/strong>650nm<\/li>\n<li><strong>Reticle Color: <\/strong>Gr\u00fcn oder Rot<\/li>\n<li><strong>Parallax Free:<\/strong> Yes<\/li>\n<li><strong>Unlimited Eye Relief: <\/strong>Yes<\/li>\n<li><strong>Vergr\u00f6\u00dferung:<\/strong> 1x<\/li>\n<li><strong>Multi-Coatings: <\/strong>Yes<\/li>\n<\/ul>\n<\/li>\n<li><strong>Elektronische Daten:<\/strong>\n<ul>\n<li><strong>Stromquelle: <\/strong>Batterie<\/li>\n<li><strong>Batterietyp:<\/strong> CR1620<\/li>\n<li><strong>Batterielebensdauer (Stunden):<\/strong> 50000<\/li>\n<li><strong>Helligkeitseinstellung:<\/strong> 8 DL&amp;4 NV<\/li>\n<\/ul>\n<\/li>\n<li><strong>Physikalische Daten:<\/strong>\n<ul>\n<li><strong>Fenstergr\u00f6\u00dfe:<\/strong> 0.63&#215;0.91<\/li>\n<li><strong>Gr\u00f6\u00dfe (in): <\/strong>1.62\u00d71.19\u00d70.99<\/li>\n<li><strong>Gewicht (oz): <\/strong>1.4<\/li>\n<\/ul>\n<\/li>\n<li><strong>Mechanische Daten:<\/strong>\n<ul>\n<li><strong>Geh\u00e4usematerial:<\/strong> 7075 T6 Aluminium<\/li>\n<li><strong>Oberfl\u00e4chenfinish: <\/strong>Anodize<\/li>\n<li><strong>Anpassung pro Klick: <\/strong>1.5 MOA<\/li>\n<li><strong>W&amp;E Reisespanne:<\/strong> \u00b130 MOA<\/li>\n<\/ul>\n<\/li>\n<li><strong>Umweltdaten:<br \/>\n<\/strong><\/p>\n<ul>\n<li><strong>Lagerungstemperatur:<\/strong> -40\u2103~70\u2103.<\/li>\n<li><strong>Arbeitstemperatur:<\/strong> -30\u2103~60\u2103<\/li>\n<li><strong>Unterwasser:<\/strong> IPX8<\/li>\n<li><strong>Vibration:<\/strong> 5000G<\/li>\n<\/ul>\n<\/li>\n<\/ul>\n","protected":false},"featured_media":32457,"template":"","meta":{"_et_pb_use_builder":"","_et_pb_old_content":"","_et_gb_content_width":""},"product_brand":[],"product_cat":[68,65],"product_tag":[],"class_list":{"0":"post-35430","1":"product","2":"type-product","3":"status-publish","4":"has-post-thumbnail","6":"product_cat-red-dot-de","7":"product_cat-zubehor-und-optik","9":"first","10":"instock","11":"shipping-taxable","12":"purchasable","13":"product-type-simple"},"yoast_head":"<!-- This site is optimized with the Yoast SEO Premium plugin v24.7 (Yoast SEO v27.5) - https:\/\/yoast.com\/product\/yoast-seo-premium-wordpress\/ -->\n<title>HOLOSUN EPS solar multi reticular - Armurerie Richert<\/title>\n<meta name=\"description\" content=\"Verbessern Sie Ihre Pr\u00e4zision mit dem HOLOSUN EPS Red Dot Pistolenvisier. Ausgestattet mit einem Punkt von 2 MOA und einem Kreis von 32 MOA.\" \/>\n<meta name=\"robots\" content=\"index, follow, max-snippet:-1, max-image-preview:large, max-video-preview:-1\" \/>\n<link rel=\"canonical\" href=\"https:\/\/armurerie-richert.ch\/de\/produit\/holosun-eps-solar-multi-reticular\/\" \/>\n<meta property=\"og:locale\" content=\"de_DE\" \/>\n<meta property=\"og:type\" content=\"article\" \/>\n<meta property=\"og:title\" content=\"HOLOSUN EPS solar multi reticular\" \/>\n<meta property=\"og:description\" content=\"Verbessern Sie Ihre Pr\u00e4zision mit dem HOLOSUN EPS Red Dot Pistolenvisier. Ausgestattet mit einem Punkt von 2 MOA und einem Kreis von 32 MOA.\" \/>\n<meta property=\"og:url\" content=\"https:\/\/armurerie-richert.ch\/de\/produit\/holosun-eps-solar-multi-reticular\/\" \/>\n<meta property=\"og:site_name\" content=\"Armurerie Richert\" \/>\n<meta property=\"article:publisher\" content=\"https:\/\/www.facebook.com\/profile.php?id=100023920014088\" \/>\n<meta property=\"og:image\" content=\"https:\/\/armurerie-richert.ch\/wp-content\/uploads\/2023\/11\/Holosun-eps-multi-reticle.jpg\" \/>\n\t<meta property=\"og:image:width\" content=\"1219\" \/>\n\t<meta property=\"og:image:height\" content=\"1219\" \/>\n\t<meta property=\"og:image:type\" content=\"image\/jpeg\" \/>\n<meta name=\"twitter:card\" content=\"summary_large_image\" \/>\n<meta name=\"twitter:label1\" content=\"Preis\" \/>\n\t<meta name=\"twitter:data1\" content=\"&#067;&#072;&#070;&nbsp;590.00\" \/>\n\t<meta name=\"twitter:label2\" content=\"Verf\u00fcgbarkeit\" \/>\n\t<meta name=\"twitter:data2\" content=\"Auf Lager\" \/>\n<script type=\"application\/ld+json\" class=\"yoast-schema-graph\">{\"@context\":\"https:\\\/\\\/schema.org\",\"@graph\":[{\"@type\":\"WebPage\",\"@id\":\"https:\\\/\\\/armurerie-richert.ch\\\/de\\\/produit\\\/holosun-eps-solar-multi-reticular\\\/\",\"url\":\"https:\\\/\\\/armurerie-richert.ch\\\/de\\\/produit\\\/holosun-eps-solar-multi-reticular\\\/\",\"name\":\"HOLOSUN EPS solar multi reticular - Armurerie Richert\",\"isPartOf\":{\"@id\":\"https:\\\/\\\/armurerie-richert.ch\\\/de\\\/#website\"},\"primaryImageOfPage\":{\"@id\":\"https:\\\/\\\/armurerie-richert.ch\\\/de\\\/produit\\\/holosun-eps-solar-multi-reticular\\\/#primaryimage\"},\"image\":{\"@id\":\"https:\\\/\\\/armurerie-richert.ch\\\/de\\\/produit\\\/holosun-eps-solar-multi-reticular\\\/#primaryimage\"},\"thumbnailUrl\":\"https:\\\/\\\/armurerie-richert.ch\\\/wp-content\\\/uploads\\\/2023\\\/11\\\/Holosun-eps-multi-reticle.jpg\",\"datePublished\":\"2023-11-05T14:26:18+00:00\",\"description\":\"Verbessern Sie Ihre Pr\u00e4zision mit dem HOLOSUN EPS Red Dot Pistolenvisier. Ausgestattet mit einem Punkt von 2 MOA und einem Kreis von 32 MOA.\",\"breadcrumb\":{\"@id\":\"https:\\\/\\\/armurerie-richert.ch\\\/de\\\/produit\\\/holosun-eps-solar-multi-reticular\\\/#breadcrumb\"},\"inLanguage\":\"de\",\"potentialAction\":[{\"@type\":\"ReadAction\",\"target\":[\"https:\\\/\\\/armurerie-richert.ch\\\/de\\\/produit\\\/holosun-eps-solar-multi-reticular\\\/\"]}]},{\"@type\":\"ImageObject\",\"inLanguage\":\"de\",\"@id\":\"https:\\\/\\\/armurerie-richert.ch\\\/de\\\/produit\\\/holosun-eps-solar-multi-reticular\\\/#primaryimage\",\"url\":\"https:\\\/\\\/armurerie-richert.ch\\\/wp-content\\\/uploads\\\/2023\\\/11\\\/Holosun-eps-multi-reticle.jpg\",\"contentUrl\":\"https:\\\/\\\/armurerie-richert.ch\\\/wp-content\\\/uploads\\\/2023\\\/11\\\/Holosun-eps-multi-reticle.jpg\",\"width\":1219,\"height\":1219},{\"@type\":\"BreadcrumbList\",\"@id\":\"https:\\\/\\\/armurerie-richert.ch\\\/de\\\/produit\\\/holosun-eps-solar-multi-reticular\\\/#breadcrumb\",\"itemListElement\":[{\"@type\":\"ListItem\",\"position\":1,\"name\":\"Accueil\",\"item\":\"https:\\\/\\\/armurerie-richert.ch\\\/de\\\/startseite\\\/\"},{\"@type\":\"ListItem\",\"position\":2,\"name\":\"Shop\",\"item\":\"https:\\\/\\\/armurerie-richert.ch\\\/de\\\/shop\\\/\"},{\"@type\":\"ListItem\",\"position\":3,\"name\":\"HOLOSUN EPS solar multi reticular\"}]},{\"@type\":\"WebSite\",\"@id\":\"https:\\\/\\\/armurerie-richert.ch\\\/de\\\/#website\",\"url\":\"https:\\\/\\\/armurerie-richert.ch\\\/de\\\/\",\"name\":\"Armurerie Richert\",\"description\":\"\",\"publisher\":{\"@id\":\"https:\\\/\\\/armurerie-richert.ch\\\/de\\\/#organization\"},\"potentialAction\":[{\"@type\":\"SearchAction\",\"target\":{\"@type\":\"EntryPoint\",\"urlTemplate\":\"https:\\\/\\\/armurerie-richert.ch\\\/de\\\/?s={search_term_string}\"},\"query-input\":{\"@type\":\"PropertyValueSpecification\",\"valueRequired\":true,\"valueName\":\"search_term_string\"}}],\"inLanguage\":\"de\"},{\"@type\":\"Organization\",\"@id\":\"https:\\\/\\\/armurerie-richert.ch\\\/de\\\/#organization\",\"name\":\"Armurerie Richert\",\"url\":\"https:\\\/\\\/armurerie-richert.ch\\\/de\\\/\",\"logo\":{\"@type\":\"ImageObject\",\"inLanguage\":\"de\",\"@id\":\"https:\\\/\\\/armurerie-richert.ch\\\/de\\\/#\\\/schema\\\/logo\\\/image\\\/\",\"url\":\"https:\\\/\\\/armurerie-richert.ch\\\/wp-content\\\/uploads\\\/2023\\\/11\\\/Armurerie-Richert-Logo-300px.png\",\"contentUrl\":\"https:\\\/\\\/armurerie-richert.ch\\\/wp-content\\\/uploads\\\/2023\\\/11\\\/Armurerie-Richert-Logo-300px.png\",\"width\":300,\"height\":73,\"caption\":\"Armurerie Richert\"},\"image\":{\"@id\":\"https:\\\/\\\/armurerie-richert.ch\\\/de\\\/#\\\/schema\\\/logo\\\/image\\\/\"},\"sameAs\":[\"https:\\\/\\\/www.facebook.com\\\/profile.php?id=100023920014088\"]}]}<\/script>\n<meta property=\"product:price:amount\" content=\"590.00\" \/>\n<meta property=\"product:price:currency\" content=\"CHF\" \/>\n<meta property=\"og:availability\" content=\"instock\" \/>\n<meta property=\"product:availability\" content=\"instock\" \/>\n<meta property=\"product:condition\" content=\"new\" \/>\n<!-- \/ Yoast SEO Premium plugin. -->","yoast_head_json":{"title":"HOLOSUN EPS solar multi reticular - Armurerie Richert","description":"Verbessern Sie Ihre Pr\u00e4zision mit dem HOLOSUN EPS Red Dot Pistolenvisier. Ausgestattet mit einem Punkt von 2 MOA und einem Kreis von 32 MOA.","robots":{"index":"index","follow":"follow","max-snippet":"max-snippet:-1","max-image-preview":"max-image-preview:large","max-video-preview":"max-video-preview:-1"},"canonical":"https:\/\/armurerie-richert.ch\/de\/produit\/holosun-eps-solar-multi-reticular\/","og_locale":"de_DE","og_type":"article","og_title":"HOLOSUN EPS solar multi reticular","og_description":"Verbessern Sie Ihre Pr\u00e4zision mit dem HOLOSUN EPS Red Dot Pistolenvisier. Ausgestattet mit einem Punkt von 2 MOA und einem Kreis von 32 MOA.","og_url":"https:\/\/armurerie-richert.ch\/de\/produit\/holosun-eps-solar-multi-reticular\/","og_site_name":"Armurerie Richert","article_publisher":"https:\/\/www.facebook.com\/profile.php?id=100023920014088","og_image":[{"width":1219,"height":1219,"url":"https:\/\/armurerie-richert.ch\/wp-content\/uploads\/2023\/11\/Holosun-eps-multi-reticle.jpg","type":"image\/jpeg"}],"twitter_card":"summary_large_image","twitter_misc":{"Preis":"&#67;&#72;&#70;&nbsp;590.00","Verf\u00fcgbarkeit":"Auf Lager"},"schema":{"@context":"https:\/\/schema.org","@graph":[{"@type":"WebPage","@id":"https:\/\/armurerie-richert.ch\/de\/produit\/holosun-eps-solar-multi-reticular\/","url":"https:\/\/armurerie-richert.ch\/de\/produit\/holosun-eps-solar-multi-reticular\/","name":"HOLOSUN EPS solar multi reticular - Armurerie Richert","isPartOf":{"@id":"https:\/\/armurerie-richert.ch\/de\/#website"},"primaryImageOfPage":{"@id":"https:\/\/armurerie-richert.ch\/de\/produit\/holosun-eps-solar-multi-reticular\/#primaryimage"},"image":{"@id":"https:\/\/armurerie-richert.ch\/de\/produit\/holosun-eps-solar-multi-reticular\/#primaryimage"},"thumbnailUrl":"https:\/\/armurerie-richert.ch\/wp-content\/uploads\/2023\/11\/Holosun-eps-multi-reticle.jpg","datePublished":"2023-11-05T14:26:18+00:00","description":"Verbessern Sie Ihre Pr\u00e4zision mit dem HOLOSUN EPS Red Dot Pistolenvisier. Ausgestattet mit einem Punkt von 2 MOA und einem Kreis von 32 MOA.","breadcrumb":{"@id":"https:\/\/armurerie-richert.ch\/de\/produit\/holosun-eps-solar-multi-reticular\/#breadcrumb"},"inLanguage":"de","potentialAction":[{"@type":"ReadAction","target":["https:\/\/armurerie-richert.ch\/de\/produit\/holosun-eps-solar-multi-reticular\/"]}]},{"@type":"ImageObject","inLanguage":"de","@id":"https:\/\/armurerie-richert.ch\/de\/produit\/holosun-eps-solar-multi-reticular\/#primaryimage","url":"https:\/\/armurerie-richert.ch\/wp-content\/uploads\/2023\/11\/Holosun-eps-multi-reticle.jpg","contentUrl":"https:\/\/armurerie-richert.ch\/wp-content\/uploads\/2023\/11\/Holosun-eps-multi-reticle.jpg","width":1219,"height":1219},{"@type":"BreadcrumbList","@id":"https:\/\/armurerie-richert.ch\/de\/produit\/holosun-eps-solar-multi-reticular\/#breadcrumb","itemListElement":[{"@type":"ListItem","position":1,"name":"Accueil","item":"https:\/\/armurerie-richert.ch\/de\/startseite\/"},{"@type":"ListItem","position":2,"name":"Shop","item":"https:\/\/armurerie-richert.ch\/de\/shop\/"},{"@type":"ListItem","position":3,"name":"HOLOSUN EPS solar multi reticular"}]},{"@type":"WebSite","@id":"https:\/\/armurerie-richert.ch\/de\/#website","url":"https:\/\/armurerie-richert.ch\/de\/","name":"Armurerie Richert","description":"","publisher":{"@id":"https:\/\/armurerie-richert.ch\/de\/#organization"},"potentialAction":[{"@type":"SearchAction","target":{"@type":"EntryPoint","urlTemplate":"https:\/\/armurerie-richert.ch\/de\/?s={search_term_string}"},"query-input":{"@type":"PropertyValueSpecification","valueRequired":true,"valueName":"search_term_string"}}],"inLanguage":"de"},{"@type":"Organization","@id":"https:\/\/armurerie-richert.ch\/de\/#organization","name":"Armurerie Richert","url":"https:\/\/armurerie-richert.ch\/de\/","logo":{"@type":"ImageObject","inLanguage":"de","@id":"https:\/\/armurerie-richert.ch\/de\/#\/schema\/logo\/image\/","url":"https:\/\/armurerie-richert.ch\/wp-content\/uploads\/2023\/11\/Armurerie-Richert-Logo-300px.png","contentUrl":"https:\/\/armurerie-richert.ch\/wp-content\/uploads\/2023\/11\/Armurerie-Richert-Logo-300px.png","width":300,"height":73,"caption":"Armurerie Richert"},"image":{"@id":"https:\/\/armurerie-richert.ch\/de\/#\/schema\/logo\/image\/"},"sameAs":["https:\/\/www.facebook.com\/profile.php?id=100023920014088"]}]},"product_price_amount":"590.00","product_price_currency":"CHF","og_availability":"instock","product_availability":"instock","product_condition":"new"},"_links":{"self":[{"href":"https:\/\/armurerie-richert.ch\/de\/wp-json\/wp\/v2\/product\/35430","targetHints":{"allow":["GET"]}}],"collection":[{"href":"https:\/\/armurerie-richert.ch\/de\/wp-json\/wp\/v2\/product"}],"about":[{"href":"https:\/\/armurerie-richert.ch\/de\/wp-json\/wp\/v2\/types\/product"}],"wp:featuredmedia":[{"embeddable":true,"href":"https:\/\/armurerie-richert.ch\/de\/wp-json\/wp\/v2\/media\/32457"}],"wp:attachment":[{"href":"https:\/\/armurerie-richert.ch\/de\/wp-json\/wp\/v2\/media?parent=35430"}],"wp:term":[{"taxonomy":"product_brand","embeddable":true,"href":"https:\/\/armurerie-richert.ch\/de\/wp-json\/wp\/v2\/product_brand?post=35430"},{"taxonomy":"product_cat","embeddable":true,"href":"https:\/\/armurerie-richert.ch\/de\/wp-json\/wp\/v2\/product_cat?post=35430"},{"taxonomy":"product_tag","embeddable":true,"href":"https:\/\/armurerie-richert.ch\/de\/wp-json\/wp\/v2\/product_tag?post=35430"}],"curies":[{"name":"wp","href":"https:\/\/api.w.org\/{rel}","templated":true}]}}