{"id":35431,"date":"2023-11-05T15:43:57","date_gmt":"2023-11-05T14:43:57","guid":{"rendered":"https:\/\/armurerie-richert.ch\/produit\/real-avid-reinigungsset-fuer-ar15\/"},"modified":"2023-11-05T15:43:57","modified_gmt":"2023-11-05T14:43:57","slug":"real-avid-reinigungsset-fuer-ar15","status":"publish","type":"product","link":"https:\/\/armurerie-richert.ch\/de\/produit\/real-avid-reinigungsset-fuer-ar15\/","title":{"rendered":"REAL AVID Reinigungsset f\u00fcr AR15"},"content":{"rendered":"<h3>REAL AVID Reinigungsset f\u00fcr AR15<\/h3>\n<p>Das praktisch unzerst\u00f6rbare Stand-up Case bringt Ihnen ein komplettes AR15-Set an die Finger. Die Werkzeuge passen sicher an ihren Platz und bleiben organisiert &#8211; im Gegensatz zum Chaos herk\u00f6mmlicher Kits.<br \/>\nProfessional, spezialisiert und smart. Es ist eine hervorragende Erfahrung f\u00fcr moderne Sch\u00fctzen.  <\/p>\n<p><strong>Gun Boss Pro Cleaning Kit Includes:<\/strong><\/p>\n<ul>\n<li>DURABLE CASE<\/li>\n<li>PEG BOARD HOLE<\/li>\n<li>6 WOOL STAR CHAMBER CLEANING PADS<\/li>\n<li>4 THREADED BRASS RODS KOMBINIEREN, UM 29\u2033 ROD ZU BILDEN<\/li>\n<li>MULTIFUNKTIONSGRIFF<\/li>\n<li>TAP HAMMER<\/li>\n<li>KICKSTAND TOOL CASE<\/li>\n<li>ROTATING BRASS THREADED RECEIVER<\/li>\n<li>BOLT CARRIER BRUSH<\/li>\n<li>50 REINIGUNGSPATCHES<\/li>\n<li>90 ABGEWINKELTER BLECHSCHABER<\/li>\n<li>HOOKED STEEL CLEANING PICK<\/li>\n<li>3-IN-1 BORON ILLUMINATOR, PIN PUNCH, SAFETY FLAG<\/li>\n<li>5.56\/.223 PHOSPHOR BRONZE BORE BRUSH <\/li>\n<li>STAR CHAMBER BRUSH<\/li>\n<li>NYLON-SLOTTED TIP<\/li>\n<\/ul>\n","protected":false},"excerpt":{"rendered":"<p>Das praktisch unzerst\u00f6rbare Stand-up Case bringt Ihnen ein komplettes AR15-Set an die Finger. Die Werkzeuge passen sicher an ihren Platz und bleiben organisiert &#8211; im Gegensatz zum Chaos herk\u00f6mmlicher Kits.<br \/>\nProfessional, spezialisiert und smart. Es ist eine hervorragende Erfahrung f\u00fcr moderne Sch\u00fctzen.  <\/p>\n<p><strong>Gun Boss Pro Cleaning Kit Includes:<\/strong><\/p>\n<ul>\n<li>DURABLE CASE<\/li>\n<li>PEG BOARD HOLE<\/li>\n<li>6 WOOL STAR CHAMBER CLEANING PADS<\/li>\n<li>4 THREADED BRASS RODS KOMBINIEREN, UM 29\u2033 ROD ZU BILDEN<\/li>\n<li>MULTIFUNKTIONSGRIFF<\/li>\n<li>TAP HAMMER<\/li>\n<li>KICKSTAND TOOL CASE<\/li>\n<li>ROTATING BRASS THREADED RECEIVER<\/li>\n<li>BOLT CARRIER BRUSH<\/li>\n<li>50 REINIGUNGSPATCHES<\/li>\n<li>90 ABGEWINKELTER BLECHSCHABER<\/li>\n<li>HOOKED STEEL CLEANING PICK<\/li>\n<li>3-IN-1 BORON ILLUMINATOR, PIN PUNCH, SAFETY FLAG<\/li>\n<li>5.56\/.223 PHOSPHOR BRONZE BORE BRUSH <\/li>\n<li>STAR CHAMBER BRUSH<\/li>\n<li>NYLON-SLOTTED TIP<\/li>\n<\/ul>\n","protected":false},"featured_media":32472,"template":"","meta":{"_et_pb_use_builder":"","_et_pb_old_content":"","_et_gb_content_width":""},"product_brand":[],"product_cat":[69,65],"product_tag":[],"class_list":{"0":"post-35431","1":"product","2":"type-product","3":"status-publish","4":"has-post-thumbnail","6":"product_cat-sonstiges-zubehor","7":"product_cat-zubehor-und-optik","9":"first","10":"instock","11":"shipping-taxable","12":"purchasable","13":"product-type-simple"},"yoast_head":"<!-- This site is optimized with the Yoast SEO Premium plugin v24.7 (Yoast SEO v27.5) - https:\/\/yoast.com\/product\/yoast-seo-premium-wordpress\/ -->\n<title>REAL AVID Reinigungsset f\u00fcr AR15 - Armurerie Richert<\/title>\n<meta name=\"description\" content=\"Reinigen Sie Ihren AR15 ganz einfach mit dem REAL AVID Reinigungsset, das alle spezifischen Zubeh\u00f6rteile f\u00fcr den AR15 enth\u00e4lt.\" \/>\n<meta name=\"robots\" content=\"index, follow, max-snippet:-1, max-image-preview:large, max-video-preview:-1\" \/>\n<link rel=\"canonical\" href=\"https:\/\/armurerie-richert.ch\/de\/produit\/real-avid-reinigungsset-fuer-ar15\/\" \/>\n<meta property=\"og:locale\" content=\"de_DE\" \/>\n<meta property=\"og:type\" content=\"article\" \/>\n<meta property=\"og:title\" content=\"REAL AVID Reinigungsset f\u00fcr AR15\" \/>\n<meta property=\"og:description\" content=\"Reinigen Sie Ihren AR15 ganz einfach mit dem REAL AVID Reinigungsset, das alle spezifischen Zubeh\u00f6rteile f\u00fcr den AR15 enth\u00e4lt.\" \/>\n<meta property=\"og:url\" content=\"https:\/\/armurerie-richert.ch\/de\/produit\/real-avid-reinigungsset-fuer-ar15\/\" \/>\n<meta property=\"og:site_name\" content=\"Armurerie Richert\" \/>\n<meta property=\"article:publisher\" content=\"https:\/\/www.facebook.com\/profile.php?id=100023920014088\" \/>\n<meta property=\"og:image\" content=\"https:\/\/armurerie-richert.ch\/wp-content\/uploads\/2023\/11\/real-avid-gun-boss-pro-ar-15-cleaning-kit.jpg\" \/>\n\t<meta property=\"og:image:width\" content=\"1000\" \/>\n\t<meta property=\"og:image:height\" content=\"1000\" \/>\n\t<meta property=\"og:image:type\" content=\"image\/jpeg\" \/>\n<meta name=\"twitter:card\" content=\"summary_large_image\" \/>\n<meta name=\"twitter:label1\" content=\"Preis\" \/>\n\t<meta name=\"twitter:data1\" content=\"&#067;&#072;&#070;&nbsp;45.00\" \/>\n\t<meta name=\"twitter:label2\" content=\"Verf\u00fcgbarkeit\" \/>\n\t<meta name=\"twitter:data2\" content=\"Auf Lager\" \/>\n<script type=\"application\/ld+json\" class=\"yoast-schema-graph\">{\"@context\":\"https:\\\/\\\/schema.org\",\"@graph\":[{\"@type\":\"WebPage\",\"@id\":\"https:\\\/\\\/armurerie-richert.ch\\\/de\\\/produit\\\/real-avid-reinigungsset-fuer-ar15\\\/\",\"url\":\"https:\\\/\\\/armurerie-richert.ch\\\/de\\\/produit\\\/real-avid-reinigungsset-fuer-ar15\\\/\",\"name\":\"REAL AVID Reinigungsset f\u00fcr AR15 - Armurerie Richert\",\"isPartOf\":{\"@id\":\"https:\\\/\\\/armurerie-richert.ch\\\/de\\\/#website\"},\"primaryImageOfPage\":{\"@id\":\"https:\\\/\\\/armurerie-richert.ch\\\/de\\\/produit\\\/real-avid-reinigungsset-fuer-ar15\\\/#primaryimage\"},\"image\":{\"@id\":\"https:\\\/\\\/armurerie-richert.ch\\\/de\\\/produit\\\/real-avid-reinigungsset-fuer-ar15\\\/#primaryimage\"},\"thumbnailUrl\":\"https:\\\/\\\/armurerie-richert.ch\\\/wp-content\\\/uploads\\\/2023\\\/11\\\/real-avid-gun-boss-pro-ar-15-cleaning-kit.jpg\",\"datePublished\":\"2023-11-05T14:43:57+00:00\",\"description\":\"Reinigen Sie Ihren AR15 ganz einfach mit dem REAL AVID Reinigungsset, das alle spezifischen Zubeh\u00f6rteile f\u00fcr den AR15 enth\u00e4lt.\",\"breadcrumb\":{\"@id\":\"https:\\\/\\\/armurerie-richert.ch\\\/de\\\/produit\\\/real-avid-reinigungsset-fuer-ar15\\\/#breadcrumb\"},\"inLanguage\":\"de\",\"potentialAction\":[{\"@type\":\"ReadAction\",\"target\":[\"https:\\\/\\\/armurerie-richert.ch\\\/de\\\/produit\\\/real-avid-reinigungsset-fuer-ar15\\\/\"]}]},{\"@type\":\"ImageObject\",\"inLanguage\":\"de\",\"@id\":\"https:\\\/\\\/armurerie-richert.ch\\\/de\\\/produit\\\/real-avid-reinigungsset-fuer-ar15\\\/#primaryimage\",\"url\":\"https:\\\/\\\/armurerie-richert.ch\\\/wp-content\\\/uploads\\\/2023\\\/11\\\/real-avid-gun-boss-pro-ar-15-cleaning-kit.jpg\",\"contentUrl\":\"https:\\\/\\\/armurerie-richert.ch\\\/wp-content\\\/uploads\\\/2023\\\/11\\\/real-avid-gun-boss-pro-ar-15-cleaning-kit.jpg\",\"width\":1000,\"height\":1000},{\"@type\":\"BreadcrumbList\",\"@id\":\"https:\\\/\\\/armurerie-richert.ch\\\/de\\\/produit\\\/real-avid-reinigungsset-fuer-ar15\\\/#breadcrumb\",\"itemListElement\":[{\"@type\":\"ListItem\",\"position\":1,\"name\":\"Accueil\",\"item\":\"https:\\\/\\\/armurerie-richert.ch\\\/de\\\/startseite\\\/\"},{\"@type\":\"ListItem\",\"position\":2,\"name\":\"Shop\",\"item\":\"https:\\\/\\\/armurerie-richert.ch\\\/de\\\/shop\\\/\"},{\"@type\":\"ListItem\",\"position\":3,\"name\":\"REAL AVID Reinigungsset f\u00fcr AR15\"}]},{\"@type\":\"WebSite\",\"@id\":\"https:\\\/\\\/armurerie-richert.ch\\\/de\\\/#website\",\"url\":\"https:\\\/\\\/armurerie-richert.ch\\\/de\\\/\",\"name\":\"Armurerie Richert\",\"description\":\"\",\"publisher\":{\"@id\":\"https:\\\/\\\/armurerie-richert.ch\\\/de\\\/#organization\"},\"potentialAction\":[{\"@type\":\"SearchAction\",\"target\":{\"@type\":\"EntryPoint\",\"urlTemplate\":\"https:\\\/\\\/armurerie-richert.ch\\\/de\\\/?s={search_term_string}\"},\"query-input\":{\"@type\":\"PropertyValueSpecification\",\"valueRequired\":true,\"valueName\":\"search_term_string\"}}],\"inLanguage\":\"de\"},{\"@type\":\"Organization\",\"@id\":\"https:\\\/\\\/armurerie-richert.ch\\\/de\\\/#organization\",\"name\":\"Armurerie Richert\",\"url\":\"https:\\\/\\\/armurerie-richert.ch\\\/de\\\/\",\"logo\":{\"@type\":\"ImageObject\",\"inLanguage\":\"de\",\"@id\":\"https:\\\/\\\/armurerie-richert.ch\\\/de\\\/#\\\/schema\\\/logo\\\/image\\\/\",\"url\":\"https:\\\/\\\/armurerie-richert.ch\\\/wp-content\\\/uploads\\\/2023\\\/11\\\/Armurerie-Richert-Logo-300px.png\",\"contentUrl\":\"https:\\\/\\\/armurerie-richert.ch\\\/wp-content\\\/uploads\\\/2023\\\/11\\\/Armurerie-Richert-Logo-300px.png\",\"width\":300,\"height\":73,\"caption\":\"Armurerie Richert\"},\"image\":{\"@id\":\"https:\\\/\\\/armurerie-richert.ch\\\/de\\\/#\\\/schema\\\/logo\\\/image\\\/\"},\"sameAs\":[\"https:\\\/\\\/www.facebook.com\\\/profile.php?id=100023920014088\"]}]}<\/script>\n<meta property=\"product:price:amount\" content=\"45.00\" \/>\n<meta property=\"product:price:currency\" content=\"CHF\" \/>\n<meta property=\"og:availability\" content=\"instock\" \/>\n<meta property=\"product:availability\" content=\"instock\" \/>\n<meta property=\"product:condition\" content=\"new\" \/>\n<!-- \/ Yoast SEO Premium plugin. -->","yoast_head_json":{"title":"REAL AVID Reinigungsset f\u00fcr AR15 - Armurerie Richert","description":"Reinigen Sie Ihren AR15 ganz einfach mit dem REAL AVID Reinigungsset, das alle spezifischen Zubeh\u00f6rteile f\u00fcr den AR15 enth\u00e4lt.","robots":{"index":"index","follow":"follow","max-snippet":"max-snippet:-1","max-image-preview":"max-image-preview:large","max-video-preview":"max-video-preview:-1"},"canonical":"https:\/\/armurerie-richert.ch\/de\/produit\/real-avid-reinigungsset-fuer-ar15\/","og_locale":"de_DE","og_type":"article","og_title":"REAL AVID Reinigungsset f\u00fcr AR15","og_description":"Reinigen Sie Ihren AR15 ganz einfach mit dem REAL AVID Reinigungsset, das alle spezifischen Zubeh\u00f6rteile f\u00fcr den AR15 enth\u00e4lt.","og_url":"https:\/\/armurerie-richert.ch\/de\/produit\/real-avid-reinigungsset-fuer-ar15\/","og_site_name":"Armurerie Richert","article_publisher":"https:\/\/www.facebook.com\/profile.php?id=100023920014088","og_image":[{"width":1000,"height":1000,"url":"https:\/\/armurerie-richert.ch\/wp-content\/uploads\/2023\/11\/real-avid-gun-boss-pro-ar-15-cleaning-kit.jpg","type":"image\/jpeg"}],"twitter_card":"summary_large_image","twitter_misc":{"Preis":"&#67;&#72;&#70;&nbsp;45.00","Verf\u00fcgbarkeit":"Auf Lager"},"schema":{"@context":"https:\/\/schema.org","@graph":[{"@type":"WebPage","@id":"https:\/\/armurerie-richert.ch\/de\/produit\/real-avid-reinigungsset-fuer-ar15\/","url":"https:\/\/armurerie-richert.ch\/de\/produit\/real-avid-reinigungsset-fuer-ar15\/","name":"REAL AVID Reinigungsset f\u00fcr AR15 - Armurerie Richert","isPartOf":{"@id":"https:\/\/armurerie-richert.ch\/de\/#website"},"primaryImageOfPage":{"@id":"https:\/\/armurerie-richert.ch\/de\/produit\/real-avid-reinigungsset-fuer-ar15\/#primaryimage"},"image":{"@id":"https:\/\/armurerie-richert.ch\/de\/produit\/real-avid-reinigungsset-fuer-ar15\/#primaryimage"},"thumbnailUrl":"https:\/\/armurerie-richert.ch\/wp-content\/uploads\/2023\/11\/real-avid-gun-boss-pro-ar-15-cleaning-kit.jpg","datePublished":"2023-11-05T14:43:57+00:00","description":"Reinigen Sie Ihren AR15 ganz einfach mit dem REAL AVID Reinigungsset, das alle spezifischen Zubeh\u00f6rteile f\u00fcr den AR15 enth\u00e4lt.","breadcrumb":{"@id":"https:\/\/armurerie-richert.ch\/de\/produit\/real-avid-reinigungsset-fuer-ar15\/#breadcrumb"},"inLanguage":"de","potentialAction":[{"@type":"ReadAction","target":["https:\/\/armurerie-richert.ch\/de\/produit\/real-avid-reinigungsset-fuer-ar15\/"]}]},{"@type":"ImageObject","inLanguage":"de","@id":"https:\/\/armurerie-richert.ch\/de\/produit\/real-avid-reinigungsset-fuer-ar15\/#primaryimage","url":"https:\/\/armurerie-richert.ch\/wp-content\/uploads\/2023\/11\/real-avid-gun-boss-pro-ar-15-cleaning-kit.jpg","contentUrl":"https:\/\/armurerie-richert.ch\/wp-content\/uploads\/2023\/11\/real-avid-gun-boss-pro-ar-15-cleaning-kit.jpg","width":1000,"height":1000},{"@type":"BreadcrumbList","@id":"https:\/\/armurerie-richert.ch\/de\/produit\/real-avid-reinigungsset-fuer-ar15\/#breadcrumb","itemListElement":[{"@type":"ListItem","position":1,"name":"Accueil","item":"https:\/\/armurerie-richert.ch\/de\/startseite\/"},{"@type":"ListItem","position":2,"name":"Shop","item":"https:\/\/armurerie-richert.ch\/de\/shop\/"},{"@type":"ListItem","position":3,"name":"REAL AVID Reinigungsset f\u00fcr AR15"}]},{"@type":"WebSite","@id":"https:\/\/armurerie-richert.ch\/de\/#website","url":"https:\/\/armurerie-richert.ch\/de\/","name":"Armurerie Richert","description":"","publisher":{"@id":"https:\/\/armurerie-richert.ch\/de\/#organization"},"potentialAction":[{"@type":"SearchAction","target":{"@type":"EntryPoint","urlTemplate":"https:\/\/armurerie-richert.ch\/de\/?s={search_term_string}"},"query-input":{"@type":"PropertyValueSpecification","valueRequired":true,"valueName":"search_term_string"}}],"inLanguage":"de"},{"@type":"Organization","@id":"https:\/\/armurerie-richert.ch\/de\/#organization","name":"Armurerie Richert","url":"https:\/\/armurerie-richert.ch\/de\/","logo":{"@type":"ImageObject","inLanguage":"de","@id":"https:\/\/armurerie-richert.ch\/de\/#\/schema\/logo\/image\/","url":"https:\/\/armurerie-richert.ch\/wp-content\/uploads\/2023\/11\/Armurerie-Richert-Logo-300px.png","contentUrl":"https:\/\/armurerie-richert.ch\/wp-content\/uploads\/2023\/11\/Armurerie-Richert-Logo-300px.png","width":300,"height":73,"caption":"Armurerie Richert"},"image":{"@id":"https:\/\/armurerie-richert.ch\/de\/#\/schema\/logo\/image\/"},"sameAs":["https:\/\/www.facebook.com\/profile.php?id=100023920014088"]}]},"product_price_amount":"45.00","product_price_currency":"CHF","og_availability":"instock","product_availability":"instock","product_condition":"new"},"_links":{"self":[{"href":"https:\/\/armurerie-richert.ch\/de\/wp-json\/wp\/v2\/product\/35431","targetHints":{"allow":["GET"]}}],"collection":[{"href":"https:\/\/armurerie-richert.ch\/de\/wp-json\/wp\/v2\/product"}],"about":[{"href":"https:\/\/armurerie-richert.ch\/de\/wp-json\/wp\/v2\/types\/product"}],"wp:featuredmedia":[{"embeddable":true,"href":"https:\/\/armurerie-richert.ch\/de\/wp-json\/wp\/v2\/media\/32472"}],"wp:attachment":[{"href":"https:\/\/armurerie-richert.ch\/de\/wp-json\/wp\/v2\/media?parent=35431"}],"wp:term":[{"taxonomy":"product_brand","embeddable":true,"href":"https:\/\/armurerie-richert.ch\/de\/wp-json\/wp\/v2\/product_brand?post=35431"},{"taxonomy":"product_cat","embeddable":true,"href":"https:\/\/armurerie-richert.ch\/de\/wp-json\/wp\/v2\/product_cat?post=35431"},{"taxonomy":"product_tag","embeddable":true,"href":"https:\/\/armurerie-richert.ch\/de\/wp-json\/wp\/v2\/product_tag?post=35431"}],"curies":[{"name":"wp","href":"https:\/\/api.w.org\/{rel}","templated":true}]}}