{"id":35432,"date":"2023-11-05T15:22:12","date_gmt":"2023-11-05T14:22:12","guid":{"rendered":"https:\/\/armurerie-richert.ch\/produit\/elektronischer-gehoerschutz-walkers-razor-slim\/"},"modified":"2023-11-05T15:22:12","modified_gmt":"2023-11-05T14:22:12","slug":"elektronischer-gehoerschutz-walkers-razor-slim","status":"publish","type":"product","link":"https:\/\/armurerie-richert.ch\/de\/produit\/elektronischer-gehoerschutz-walkers-razor-slim\/","title":{"rendered":"Elektronischer Geh\u00f6rschutz WALKERS Razor Slim"},"content":{"rendered":"<h3>Elektronischer Geh\u00f6rschutz WALKERS Razor Slim<\/h3>\n<ul>\n<li>Der Walker&#8217;s Razor Slim Ultra Low Profile Electronic Earmuff wurde speziell f\u00fcr das Schie\u00dfen und Jagen entwickelt und bietet optimalen Geh\u00f6rschutz in ger\u00e4uschvollen Umgebungen.<\/li>\n<li>Sein kompaktes Design sorgt f\u00fcr eine bequeme Passform und reduziert das Volumen, so dass er ideal f\u00fcr den l\u00e4ngeren Gebrauch bei Outdoor-Aktivit\u00e4ten ist.<\/li>\n<li>Der einstellbare Bereich erm\u00f6glicht es dem Benutzer, die Lautst\u00e4rke an seine Vorlieben anzupassen, wodurch eine klare Kommunikation erm\u00f6glicht wird, ohne dass st\u00f6rende Ger\u00e4usche ausgeblendet werden. Der elektronische Ohrst\u00f6psel nutzt eine fortschrittliche Tonverst\u00e4rkungstechnologie, die leise T\u00f6ne wie Stimmen oder laute Ger\u00e4usche verst\u00e4rkt, w\u00e4hrend sie sofort laute Ger\u00e4usche unterdr\u00fcckt, um Ihr Geh\u00f6r zu sch\u00fctzen. Mit einem Noise Reduction Rating (NRR) von 23dB bieten diese Ohrst\u00f6psel einen zuverl\u00e4ssigen, hochwertigen Schutz vor lauten Sch\u00fcssen und sorgen so f\u00fcr die Sicherheit Ihrer Ohren bei Schie\u00df\u00fcbungen oder Jagdausfl\u00fcgen.  <\/li>\n<\/ul>\n","protected":false},"excerpt":{"rendered":"<ul>\n<li>Der Walker&#8217;s Razor Slim Ultra Low Profile Electronic Earmuff wurde speziell f\u00fcr das Schie\u00dfen und Jagen entwickelt und bietet optimalen Geh\u00f6rschutz in ger\u00e4uschvollen Umgebungen.<\/li>\n<li>Sein kompaktes Design sorgt f\u00fcr eine bequeme Passform und reduziert das Volumen, so dass er ideal f\u00fcr den l\u00e4ngeren Gebrauch bei Outdoor-Aktivit\u00e4ten ist.<\/li>\n<li>Der einstellbare Bereich erm\u00f6glicht es dem Benutzer, die Lautst\u00e4rke an seine Vorlieben anzupassen, wodurch eine klare Kommunikation erm\u00f6glicht wird, ohne dass st\u00f6rende Ger\u00e4usche ausgeblendet werden. Der elektronische Ohrst\u00f6psel nutzt eine fortschrittliche Tonverst\u00e4rkungstechnologie, die leise T\u00f6ne wie Stimmen oder laute Ger\u00e4usche verst\u00e4rkt, w\u00e4hrend sie sofort laute Ger\u00e4usche unterdr\u00fcckt, um Ihr Geh\u00f6r zu sch\u00fctzen. Mit einem Noise Reduction Rating (NRR) von 23dB bieten diese Ohrst\u00f6psel einen zuverl\u00e4ssigen, hochwertigen Schutz vor lauten Sch\u00fcssen und sorgen so f\u00fcr die Sicherheit Ihrer Ohren bei Schie\u00df\u00fcbungen oder Jagdausfl\u00fcgen.  <\/li>\n<\/ul>\n","protected":false},"featured_media":32455,"template":"","meta":{"_et_pb_use_builder":"","_et_pb_old_content":"","_et_gb_content_width":""},"product_brand":[],"product_cat":[69,65],"product_tag":[],"class_list":{"0":"post-35432","1":"product","2":"type-product","3":"status-publish","4":"has-post-thumbnail","6":"product_cat-sonstiges-zubehor","7":"product_cat-zubehor-und-optik","9":"first","10":"instock","11":"shipping-taxable","12":"purchasable","13":"product-type-simple"},"yoast_head":"<!-- This site is optimized with the Yoast SEO Premium plugin v24.7 (Yoast SEO v27.5) - https:\/\/yoast.com\/product\/yoast-seo-premium-wordpress\/ -->\n<title>Elektronischer Geh\u00f6rschutz WALKERS Razor Slim - Armurerie Richert<\/title>\n<meta name=\"description\" content=\"Der elektronische Geh\u00f6rschutz WALKERS Razor Slim sorgt f\u00fcr ein sicheres und komfortables Schie\u00df- und Jagderlebnis.\" \/>\n<meta name=\"robots\" content=\"index, follow, max-snippet:-1, max-image-preview:large, max-video-preview:-1\" \/>\n<link rel=\"canonical\" href=\"https:\/\/armurerie-richert.ch\/de\/produit\/elektronischer-gehoerschutz-walkers-razor-slim\/\" \/>\n<meta property=\"og:locale\" content=\"de_DE\" \/>\n<meta property=\"og:type\" content=\"article\" \/>\n<meta property=\"og:title\" content=\"Elektronischer Geh\u00f6rschutz WALKERS Razor Slim\" \/>\n<meta property=\"og:description\" content=\"Der elektronische Geh\u00f6rschutz WALKERS Razor Slim sorgt f\u00fcr ein sicheres und komfortables Schie\u00df- und Jagderlebnis.\" \/>\n<meta property=\"og:url\" content=\"https:\/\/armurerie-richert.ch\/de\/produit\/elektronischer-gehoerschutz-walkers-razor-slim\/\" \/>\n<meta property=\"og:site_name\" content=\"Armurerie Richert\" \/>\n<meta property=\"article:publisher\" content=\"https:\/\/www.facebook.com\/profile.php?id=100023920014088\" \/>\n<meta property=\"og:image\" content=\"https:\/\/armurerie-richert.ch\/wp-content\/uploads\/2023\/11\/Walkers-razor-patriot-_black.jpg\" \/>\n\t<meta property=\"og:image:width\" content=\"482\" \/>\n\t<meta property=\"og:image:height\" content=\"482\" \/>\n\t<meta property=\"og:image:type\" content=\"image\/jpeg\" \/>\n<meta name=\"twitter:card\" content=\"summary_large_image\" \/>\n<meta name=\"twitter:label1\" content=\"Preis\" \/>\n\t<meta name=\"twitter:data1\" content=\"&#067;&#072;&#070;&nbsp;95.00\" \/>\n\t<meta name=\"twitter:label2\" content=\"Verf\u00fcgbarkeit\" \/>\n\t<meta name=\"twitter:data2\" content=\"Auf Lager\" \/>\n<script type=\"application\/ld+json\" class=\"yoast-schema-graph\">{\"@context\":\"https:\\\/\\\/schema.org\",\"@graph\":[{\"@type\":\"WebPage\",\"@id\":\"https:\\\/\\\/armurerie-richert.ch\\\/de\\\/produit\\\/elektronischer-gehoerschutz-walkers-razor-slim\\\/\",\"url\":\"https:\\\/\\\/armurerie-richert.ch\\\/de\\\/produit\\\/elektronischer-gehoerschutz-walkers-razor-slim\\\/\",\"name\":\"Elektronischer Geh\u00f6rschutz WALKERS Razor Slim - Armurerie Richert\",\"isPartOf\":{\"@id\":\"https:\\\/\\\/armurerie-richert.ch\\\/de\\\/#website\"},\"primaryImageOfPage\":{\"@id\":\"https:\\\/\\\/armurerie-richert.ch\\\/de\\\/produit\\\/elektronischer-gehoerschutz-walkers-razor-slim\\\/#primaryimage\"},\"image\":{\"@id\":\"https:\\\/\\\/armurerie-richert.ch\\\/de\\\/produit\\\/elektronischer-gehoerschutz-walkers-razor-slim\\\/#primaryimage\"},\"thumbnailUrl\":\"https:\\\/\\\/armurerie-richert.ch\\\/wp-content\\\/uploads\\\/2023\\\/11\\\/Walkers-razor-patriot-_black.jpg\",\"datePublished\":\"2023-11-05T14:22:12+00:00\",\"description\":\"Der elektronische Geh\u00f6rschutz WALKERS Razor Slim sorgt f\u00fcr ein sicheres und komfortables Schie\u00df- und Jagderlebnis.\",\"breadcrumb\":{\"@id\":\"https:\\\/\\\/armurerie-richert.ch\\\/de\\\/produit\\\/elektronischer-gehoerschutz-walkers-razor-slim\\\/#breadcrumb\"},\"inLanguage\":\"de\",\"potentialAction\":[{\"@type\":\"ReadAction\",\"target\":[\"https:\\\/\\\/armurerie-richert.ch\\\/de\\\/produit\\\/elektronischer-gehoerschutz-walkers-razor-slim\\\/\"]}]},{\"@type\":\"ImageObject\",\"inLanguage\":\"de\",\"@id\":\"https:\\\/\\\/armurerie-richert.ch\\\/de\\\/produit\\\/elektronischer-gehoerschutz-walkers-razor-slim\\\/#primaryimage\",\"url\":\"https:\\\/\\\/armurerie-richert.ch\\\/wp-content\\\/uploads\\\/2023\\\/11\\\/Walkers-razor-patriot-_black.jpg\",\"contentUrl\":\"https:\\\/\\\/armurerie-richert.ch\\\/wp-content\\\/uploads\\\/2023\\\/11\\\/Walkers-razor-patriot-_black.jpg\",\"width\":482,\"height\":482},{\"@type\":\"BreadcrumbList\",\"@id\":\"https:\\\/\\\/armurerie-richert.ch\\\/de\\\/produit\\\/elektronischer-gehoerschutz-walkers-razor-slim\\\/#breadcrumb\",\"itemListElement\":[{\"@type\":\"ListItem\",\"position\":1,\"name\":\"Accueil\",\"item\":\"https:\\\/\\\/armurerie-richert.ch\\\/de\\\/startseite\\\/\"},{\"@type\":\"ListItem\",\"position\":2,\"name\":\"Shop\",\"item\":\"https:\\\/\\\/armurerie-richert.ch\\\/de\\\/shop\\\/\"},{\"@type\":\"ListItem\",\"position\":3,\"name\":\"Elektronischer Geh\u00f6rschutz WALKERS Razor Slim\"}]},{\"@type\":\"WebSite\",\"@id\":\"https:\\\/\\\/armurerie-richert.ch\\\/de\\\/#website\",\"url\":\"https:\\\/\\\/armurerie-richert.ch\\\/de\\\/\",\"name\":\"Armurerie Richert\",\"description\":\"\",\"publisher\":{\"@id\":\"https:\\\/\\\/armurerie-richert.ch\\\/de\\\/#organization\"},\"potentialAction\":[{\"@type\":\"SearchAction\",\"target\":{\"@type\":\"EntryPoint\",\"urlTemplate\":\"https:\\\/\\\/armurerie-richert.ch\\\/de\\\/?s={search_term_string}\"},\"query-input\":{\"@type\":\"PropertyValueSpecification\",\"valueRequired\":true,\"valueName\":\"search_term_string\"}}],\"inLanguage\":\"de\"},{\"@type\":\"Organization\",\"@id\":\"https:\\\/\\\/armurerie-richert.ch\\\/de\\\/#organization\",\"name\":\"Armurerie Richert\",\"url\":\"https:\\\/\\\/armurerie-richert.ch\\\/de\\\/\",\"logo\":{\"@type\":\"ImageObject\",\"inLanguage\":\"de\",\"@id\":\"https:\\\/\\\/armurerie-richert.ch\\\/de\\\/#\\\/schema\\\/logo\\\/image\\\/\",\"url\":\"https:\\\/\\\/armurerie-richert.ch\\\/wp-content\\\/uploads\\\/2023\\\/11\\\/Armurerie-Richert-Logo-300px.png\",\"contentUrl\":\"https:\\\/\\\/armurerie-richert.ch\\\/wp-content\\\/uploads\\\/2023\\\/11\\\/Armurerie-Richert-Logo-300px.png\",\"width\":300,\"height\":73,\"caption\":\"Armurerie Richert\"},\"image\":{\"@id\":\"https:\\\/\\\/armurerie-richert.ch\\\/de\\\/#\\\/schema\\\/logo\\\/image\\\/\"},\"sameAs\":[\"https:\\\/\\\/www.facebook.com\\\/profile.php?id=100023920014088\"]}]}<\/script>\n<meta property=\"product:price:amount\" content=\"95.00\" \/>\n<meta property=\"product:price:currency\" content=\"CHF\" \/>\n<meta property=\"og:availability\" content=\"instock\" \/>\n<meta property=\"product:availability\" content=\"instock\" \/>\n<meta property=\"product:condition\" content=\"new\" \/>\n<!-- \/ Yoast SEO Premium plugin. -->","yoast_head_json":{"title":"Elektronischer Geh\u00f6rschutz WALKERS Razor Slim - Armurerie Richert","description":"Der elektronische Geh\u00f6rschutz WALKERS Razor Slim sorgt f\u00fcr ein sicheres und komfortables Schie\u00df- und Jagderlebnis.","robots":{"index":"index","follow":"follow","max-snippet":"max-snippet:-1","max-image-preview":"max-image-preview:large","max-video-preview":"max-video-preview:-1"},"canonical":"https:\/\/armurerie-richert.ch\/de\/produit\/elektronischer-gehoerschutz-walkers-razor-slim\/","og_locale":"de_DE","og_type":"article","og_title":"Elektronischer Geh\u00f6rschutz WALKERS Razor Slim","og_description":"Der elektronische Geh\u00f6rschutz WALKERS Razor Slim sorgt f\u00fcr ein sicheres und komfortables Schie\u00df- und Jagderlebnis.","og_url":"https:\/\/armurerie-richert.ch\/de\/produit\/elektronischer-gehoerschutz-walkers-razor-slim\/","og_site_name":"Armurerie Richert","article_publisher":"https:\/\/www.facebook.com\/profile.php?id=100023920014088","og_image":[{"width":482,"height":482,"url":"https:\/\/armurerie-richert.ch\/wp-content\/uploads\/2023\/11\/Walkers-razor-patriot-_black.jpg","type":"image\/jpeg"}],"twitter_card":"summary_large_image","twitter_misc":{"Preis":"&#67;&#72;&#70;&nbsp;95.00","Verf\u00fcgbarkeit":"Auf Lager"},"schema":{"@context":"https:\/\/schema.org","@graph":[{"@type":"WebPage","@id":"https:\/\/armurerie-richert.ch\/de\/produit\/elektronischer-gehoerschutz-walkers-razor-slim\/","url":"https:\/\/armurerie-richert.ch\/de\/produit\/elektronischer-gehoerschutz-walkers-razor-slim\/","name":"Elektronischer Geh\u00f6rschutz WALKERS Razor Slim - Armurerie Richert","isPartOf":{"@id":"https:\/\/armurerie-richert.ch\/de\/#website"},"primaryImageOfPage":{"@id":"https:\/\/armurerie-richert.ch\/de\/produit\/elektronischer-gehoerschutz-walkers-razor-slim\/#primaryimage"},"image":{"@id":"https:\/\/armurerie-richert.ch\/de\/produit\/elektronischer-gehoerschutz-walkers-razor-slim\/#primaryimage"},"thumbnailUrl":"https:\/\/armurerie-richert.ch\/wp-content\/uploads\/2023\/11\/Walkers-razor-patriot-_black.jpg","datePublished":"2023-11-05T14:22:12+00:00","description":"Der elektronische Geh\u00f6rschutz WALKERS Razor Slim sorgt f\u00fcr ein sicheres und komfortables Schie\u00df- und Jagderlebnis.","breadcrumb":{"@id":"https:\/\/armurerie-richert.ch\/de\/produit\/elektronischer-gehoerschutz-walkers-razor-slim\/#breadcrumb"},"inLanguage":"de","potentialAction":[{"@type":"ReadAction","target":["https:\/\/armurerie-richert.ch\/de\/produit\/elektronischer-gehoerschutz-walkers-razor-slim\/"]}]},{"@type":"ImageObject","inLanguage":"de","@id":"https:\/\/armurerie-richert.ch\/de\/produit\/elektronischer-gehoerschutz-walkers-razor-slim\/#primaryimage","url":"https:\/\/armurerie-richert.ch\/wp-content\/uploads\/2023\/11\/Walkers-razor-patriot-_black.jpg","contentUrl":"https:\/\/armurerie-richert.ch\/wp-content\/uploads\/2023\/11\/Walkers-razor-patriot-_black.jpg","width":482,"height":482},{"@type":"BreadcrumbList","@id":"https:\/\/armurerie-richert.ch\/de\/produit\/elektronischer-gehoerschutz-walkers-razor-slim\/#breadcrumb","itemListElement":[{"@type":"ListItem","position":1,"name":"Accueil","item":"https:\/\/armurerie-richert.ch\/de\/startseite\/"},{"@type":"ListItem","position":2,"name":"Shop","item":"https:\/\/armurerie-richert.ch\/de\/shop\/"},{"@type":"ListItem","position":3,"name":"Elektronischer Geh\u00f6rschutz WALKERS Razor Slim"}]},{"@type":"WebSite","@id":"https:\/\/armurerie-richert.ch\/de\/#website","url":"https:\/\/armurerie-richert.ch\/de\/","name":"Armurerie Richert","description":"","publisher":{"@id":"https:\/\/armurerie-richert.ch\/de\/#organization"},"potentialAction":[{"@type":"SearchAction","target":{"@type":"EntryPoint","urlTemplate":"https:\/\/armurerie-richert.ch\/de\/?s={search_term_string}"},"query-input":{"@type":"PropertyValueSpecification","valueRequired":true,"valueName":"search_term_string"}}],"inLanguage":"de"},{"@type":"Organization","@id":"https:\/\/armurerie-richert.ch\/de\/#organization","name":"Armurerie Richert","url":"https:\/\/armurerie-richert.ch\/de\/","logo":{"@type":"ImageObject","inLanguage":"de","@id":"https:\/\/armurerie-richert.ch\/de\/#\/schema\/logo\/image\/","url":"https:\/\/armurerie-richert.ch\/wp-content\/uploads\/2023\/11\/Armurerie-Richert-Logo-300px.png","contentUrl":"https:\/\/armurerie-richert.ch\/wp-content\/uploads\/2023\/11\/Armurerie-Richert-Logo-300px.png","width":300,"height":73,"caption":"Armurerie Richert"},"image":{"@id":"https:\/\/armurerie-richert.ch\/de\/#\/schema\/logo\/image\/"},"sameAs":["https:\/\/www.facebook.com\/profile.php?id=100023920014088"]}]},"product_price_amount":"95.00","product_price_currency":"CHF","og_availability":"instock","product_availability":"instock","product_condition":"new"},"_links":{"self":[{"href":"https:\/\/armurerie-richert.ch\/de\/wp-json\/wp\/v2\/product\/35432","targetHints":{"allow":["GET"]}}],"collection":[{"href":"https:\/\/armurerie-richert.ch\/de\/wp-json\/wp\/v2\/product"}],"about":[{"href":"https:\/\/armurerie-richert.ch\/de\/wp-json\/wp\/v2\/types\/product"}],"wp:featuredmedia":[{"embeddable":true,"href":"https:\/\/armurerie-richert.ch\/de\/wp-json\/wp\/v2\/media\/32455"}],"wp:attachment":[{"href":"https:\/\/armurerie-richert.ch\/de\/wp-json\/wp\/v2\/media?parent=35432"}],"wp:term":[{"taxonomy":"product_brand","embeddable":true,"href":"https:\/\/armurerie-richert.ch\/de\/wp-json\/wp\/v2\/product_brand?post=35432"},{"taxonomy":"product_cat","embeddable":true,"href":"https:\/\/armurerie-richert.ch\/de\/wp-json\/wp\/v2\/product_cat?post=35432"},{"taxonomy":"product_tag","embeddable":true,"href":"https:\/\/armurerie-richert.ch\/de\/wp-json\/wp\/v2\/product_tag?post=35432"}],"curies":[{"name":"wp","href":"https:\/\/api.w.org\/{rel}","templated":true}]}}