{"id":35433,"date":"2023-11-05T15:38:24","date_gmt":"2023-11-05T14:38:24","guid":{"rendered":"https:\/\/armurerie-richert.ch\/produit\/vortex-crossfire-red-dot\/"},"modified":"2023-11-05T15:38:24","modified_gmt":"2023-11-05T14:38:24","slug":"vortex-crossfire-red-dot","status":"publish","type":"product","link":"https:\/\/armurerie-richert.ch\/de\/produit\/vortex-crossfire-red-dot\/","title":{"rendered":"VORTEX Crossfire red dot"},"content":{"rendered":"<h3>VORTEX Crossfire red dot<\/h3>\n<p>Die Crossfire ist ein Null-Nonsense-Sichtger\u00e4t zu einem Null-Nonsense-Preis f\u00fcr Darn in jeder Anwendung, und wenn Ihr AR-15, Shotgun oder Rimfire einen einfachen Zielpunkt ohne Frills ben\u00f6tigt, sollte die Crossfire ganz oben auf Ihrer Liste stehen. Der 2 MOA Punkt ist schnell im Nahbereich zu erfassen, w\u00e4hrend er gleichzeitig fein genug bleibt, um die Genauigkeit des Punktes auf weite Entfernungen zu f\u00f6rdern. Mit einer Batterielebensdauer von 50.000 Stunden und Nachtsichtkompatibilit\u00e4t in der niedrigsten der zwei Einstellungen, wird der Crossfire Red Dot unter einer Vielzahl von Bedingungen funktionieren. Zus\u00e4tzlich zu der Tatsache, dass die Crossfire einfach fantastisch aussieht, bietet die mitgelieferte skelettierte untere 1\/3-Kameramontage eine rock-solide und extrem leichte Plattform.   <\/p>\n<h4>OPTISCHE MERKMALE<\/h4>\n<ul>\n<li><strong><span class=\"label\">Vollst\u00e4ndig mehrfach beschichtet:<\/span><\/strong> <span class=\"value\">Erh\u00f6hen Sie die Lichtdurchl\u00e4ssigkeit mit mehreren antireflektierenden Beschichtungen auf allen Luft-Glas-Oberfl\u00e4chen.<\/span><\/li>\n<li><strong><span class=\"label\">Brightness Settings (Helligkeitseinstellungen):<\/span><\/strong> <span class=\"value\">11 Levels<\/span><\/li>\n<li><strong><span class=\"label\">Unlimited Eye Relief:<\/span><\/strong> <span class=\"value\">Nicht-kritische Augenentlastung f\u00fcr schnelle Zielerfassung<\/span><\/li>\n<li><strong><span class=\"label\">Parallax Free:<\/span><\/strong> <span class=\"value\">Alle Red Dot und holographischen Leuchtt\u00fcrme werden einen kleinen Anteil an Parallax aufweisen. In \u00dcbereinstimmung mit der aktuellen Industriepraxis wird dieser kleine Betrag als &#8222;parallaxenfrei&#8220; betrachtet und macht einen unwesentlichen Unterschied in der Leistung aus. <\/span><\/li>\n<li><strong><span class=\"label\">Night-Vision Kompatibilit\u00e4t:<\/span><\/strong> <span class=\"value\">Die niedrigsten 2 Einstellungen sind night-vision-kompatibel.<\/span><\/li>\n<\/ul>\n<h4>BAUMERKMALE:<\/h4>\n<ul>\n<li><strong><span class=\"label\">Wasserdicht:<\/span> <\/strong><span class=\"value\">O-Ring Dichtungen verhindern das Eindringen von Feuchtigkeit, Staub und Schmutz und sorgen f\u00fcr eine zuverl\u00e4ssige Leistung in allen Umgebungen.<\/span><\/li>\n<li><strong><span class=\"label\">Mattes anodisiertes Finish:<\/span><\/strong> <span class=\"value\">Die korrosions- und verschlei\u00dffeste Eloxierung bietet eine matte Oberfl\u00e4che mit niedrigem Glanz und hilft, die Position des Sch\u00fctzen zu verschleiern.<\/span><\/li>\n<\/ul>\n<h3 class=\" bracket\">RETICLE<\/h3>\n<ul>\n<li><strong>2 MOA DOT: <\/strong>Der helle rote Punkt im Tageslicht ist leicht zu sehen und malt Ziele unabh\u00e4ngig von den Lichtverh\u00e4ltnissen oder dem Hintergrund.<\/li>\n<\/ul>\n<div data-was-processed=\"true\"><strong>Spezifikationen:<\/strong><\/div>\n<ul>\n<li><strong><span class=\"title\">Art der Befestigung:<\/span><\/strong> <span class=\"value\">Multi-Height<\/span><\/li>\n<li><strong><span class=\"title\">Magnifikation:<\/span><\/strong> <span class=\"value\">1x<\/span><\/li>\n<li><strong><span class=\"title\">Dot Farbe:<\/span> <\/strong><span class=\"value\">Bright Red<\/span><\/li>\n<li><strong><span class=\"title\">Dot Size (Punktgr\u00f6\u00dfe):<\/span> <\/strong><span class=\"value\">2 MOA<\/span><\/li>\n<li><strong><span class=\"title\">Eye Relief:<\/span><\/strong> <span class=\"value\">Unbegrenzt<\/span><\/li>\n<li><strong><span class=\"title\">Adjustment Graduation:<\/span><\/strong> <span class=\"value\">1 MOA<\/span><\/li>\n<li><strong><span class=\"title\">Max Elevation Adjustment:<\/span><\/strong> <span class=\"value\">100 MOA<\/span><\/li>\n<li><strong><span class=\"title\">Max Windage Adjustment:<\/span><\/strong> <span class=\"value\">100 MOA<\/span><\/li>\n<li><strong><span class=\"title\">Parallax Einstellung:<\/span><\/strong> <span class=\"value\">Parallax Free<\/span><\/li>\n<li><strong><span class=\"title\">L\u00e4nge:<\/span><\/strong> <span class=\"value\">2.5 Zoll<\/span><\/li>\n<li><strong><span class=\"title\">Gewicht:<\/span><\/strong> <span class=\"value\">5.2 oz<\/span><\/li>\n<\/ul>\n","protected":false},"excerpt":{"rendered":"<p>Die Crossfire ist ein Null-Nonsense-Sichtger\u00e4t zu einem Null-Nonsense-Preis f\u00fcr Darn in jeder Anwendung, und wenn Ihr AR-15, Shotgun oder Rimfire einen einfachen Zielpunkt ohne Frills ben\u00f6tigt, sollte die Crossfire ganz oben auf Ihrer Liste stehen. Der 2 MOA Punkt ist schnell im Nahbereich zu erfassen, w\u00e4hrend er gleichzeitig fein genug bleibt, um die Genauigkeit des Punktes auf weite Entfernungen zu f\u00f6rdern. Mit einer Batterielebensdauer von 50.000 Stunden und Nachtsichtkompatibilit\u00e4t in der niedrigsten der zwei Einstellungen, wird der Crossfire Red Dot unter einer Vielzahl von Bedingungen funktionieren. Zus\u00e4tzlich zu der Tatsache, dass die Crossfire einfach fantastisch aussieht, bietet die mitgelieferte skelettierte untere 1\/3-Kameramontage eine rock-solide und extrem leichte Plattform.   <\/p>\n<h4>OPTISCHE MERKMALE<\/h4>\n<ul>\n<li><strong><span class=\"label\">Vollst\u00e4ndig mehrfach beschichtet:<\/span><\/strong> <span class=\"value\">Erh\u00f6hen Sie die Lichtdurchl\u00e4ssigkeit mit mehreren antireflektierenden Beschichtungen auf allen Luft-Glas-Oberfl\u00e4chen.<\/span><\/li>\n<li><strong><span class=\"label\">Brightness Settings (Helligkeitseinstellungen):<\/span><\/strong> <span class=\"value\">11 Levels<\/span><\/li>\n<li><strong><span class=\"label\">Unlimited Eye Relief:<\/span><\/strong> <span class=\"value\">Nicht-kritische Augenentlastung f\u00fcr schnelle Zielerfassung<\/span><\/li>\n<li><strong><span class=\"label\">Parallax Free:<\/span><\/strong> <span class=\"value\">Alle Red Dot und holographischen Leuchtt\u00fcrme werden einen kleinen Anteil an Parallax aufweisen. In \u00dcbereinstimmung mit der aktuellen Industriepraxis wird dieser kleine Betrag als &#8222;parallaxenfrei&#8220; betrachtet und macht einen unwesentlichen Unterschied in der Leistung aus. <\/span><\/li>\n<li><strong><span class=\"label\">Night-Vision Kompatibilit\u00e4t:<\/span><\/strong> <span class=\"value\">Die niedrigsten 2 Einstellungen sind night-vision-kompatibel.<\/span><\/li>\n<\/ul>\n<h4>BAUMERKMALE:<\/h4>\n<ul>\n<li><strong><span class=\"label\">Wasserdicht:<\/span> <\/strong><span class=\"value\">O-Ring Dichtungen verhindern das Eindringen von Feuchtigkeit, Staub und Schmutz und sorgen f\u00fcr eine zuverl\u00e4ssige Leistung in allen Umgebungen.<\/span><\/li>\n<li><strong><span class=\"label\">Mattes anodisiertes Finish:<\/span><\/strong> <span class=\"value\">Die korrosions- und verschlei\u00dffeste Eloxierung bietet eine matte Oberfl\u00e4che mit niedrigem Glanz und hilft, die Position des Sch\u00fctzen zu verschleiern.<\/span><\/li>\n<\/ul>\n<h3 class=\" bracket\">RETICLE<\/h3>\n<ul>\n<li><strong>2 MOA DOT: <\/strong>Der helle rote Punkt im Tageslicht ist leicht zu sehen und malt Ziele unabh\u00e4ngig von den Lichtverh\u00e4ltnissen oder dem Hintergrund.<\/li>\n<\/ul>\n<div data-was-processed=\"true\"><strong>Spezifikationen:<\/strong><\/div>\n<ul>\n<li><strong><span class=\"title\">Art der Befestigung:<\/span><\/strong> <span class=\"value\">Multi-Height<\/span><\/li>\n<li><strong><span class=\"title\">Magnifikation:<\/span><\/strong> <span class=\"value\">1x<\/span><\/li>\n<li><strong><span class=\"title\">Dot Farbe:<\/span> <\/strong><span class=\"value\">Bright Red<\/span><\/li>\n<li><strong><span class=\"title\">Dot Size (Punktgr\u00f6\u00dfe):<\/span> <\/strong><span class=\"value\">2 MOA<\/span><\/li>\n<li><strong><span class=\"title\">Eye Relief:<\/span><\/strong> <span class=\"value\">Unbegrenzt<\/span><\/li>\n<li><strong><span class=\"title\">Adjustment Graduation:<\/span><\/strong> <span class=\"value\">1 MOA<\/span><\/li>\n<li><strong><span class=\"title\">Max Elevation Adjustment:<\/span><\/strong> <span class=\"value\">100 MOA<\/span><\/li>\n<li><strong><span class=\"title\">Max Windage Adjustment:<\/span><\/strong> <span class=\"value\">100 MOA<\/span><\/li>\n<li><strong><span class=\"title\">Parallax Einstellung:<\/span><\/strong> <span class=\"value\">Parallax Free<\/span><\/li>\n<li><strong><span class=\"title\">L\u00e4nge:<\/span><\/strong> <span class=\"value\">2.5 Zoll<\/span><\/li>\n<li><strong><span class=\"title\">Gewicht:<\/span><\/strong> <span class=\"value\">5.2 oz<\/span><\/li>\n<\/ul>\n","protected":false},"featured_media":32469,"template":"","meta":{"_et_pb_use_builder":"","_et_pb_old_content":"","_et_gb_content_width":""},"product_brand":[],"product_cat":[68,65],"product_tag":[],"class_list":{"0":"post-35433","1":"product","2":"type-product","3":"status-publish","4":"has-post-thumbnail","6":"product_cat-red-dot-de","7":"product_cat-zubehor-und-optik","9":"first","10":"instock","11":"shipping-taxable","12":"purchasable","13":"product-type-simple"},"yoast_head":"<!-- This site is optimized with the Yoast SEO Premium plugin v24.7 (Yoast SEO v27.4) - https:\/\/yoast.com\/product\/yoast-seo-premium-wordpress\/ -->\n<title>VORTEX Crossfire red dot - Armurerie Richert<\/title>\n<meta name=\"description\" content=\"Verbessern Sie Ihre Pr\u00e4zision mit dem VORTEX Crossfire Red Dot Visier. Dieses Ger\u00e4t bietet Ihnen einen einfachen und zuverl\u00e4ssigen Zielpunkt.\" \/>\n<meta name=\"robots\" content=\"index, follow, max-snippet:-1, max-image-preview:large, max-video-preview:-1\" \/>\n<link rel=\"canonical\" href=\"https:\/\/armurerie-richert.ch\/de\/produit\/vortex-crossfire-red-dot\/\" \/>\n<meta property=\"og:locale\" content=\"de_DE\" \/>\n<meta property=\"og:type\" content=\"article\" \/>\n<meta property=\"og:title\" content=\"VORTEX Crossfire red dot\" \/>\n<meta property=\"og:description\" content=\"Verbessern Sie Ihre Pr\u00e4zision mit dem VORTEX Crossfire Red Dot Visier. Dieses Ger\u00e4t bietet Ihnen einen einfachen und zuverl\u00e4ssigen Zielpunkt.\" \/>\n<meta property=\"og:url\" content=\"https:\/\/armurerie-richert.ch\/de\/produit\/vortex-crossfire-red-dot\/\" \/>\n<meta property=\"og:site_name\" content=\"Armurerie Richert\" \/>\n<meta property=\"article:publisher\" content=\"https:\/\/www.facebook.com\/profile.php?id=100023920014088\" \/>\n<meta property=\"og:image\" content=\"https:\/\/armurerie-richert.ch\/wp-content\/uploads\/2023\/11\/vortex-crossfire-red-dot-2-moa.jpg\" \/>\n\t<meta property=\"og:image:width\" content=\"476\" \/>\n\t<meta property=\"og:image:height\" content=\"476\" \/>\n\t<meta property=\"og:image:type\" content=\"image\/jpeg\" \/>\n<meta name=\"twitter:card\" content=\"summary_large_image\" \/>\n<meta name=\"twitter:label1\" content=\"Preis\" \/>\n\t<meta name=\"twitter:data1\" content=\"&#067;&#072;&#070;&nbsp;169.00\" \/>\n\t<meta name=\"twitter:label2\" content=\"Verf\u00fcgbarkeit\" \/>\n\t<meta name=\"twitter:data2\" content=\"Auf Lager\" \/>\n<script type=\"application\/ld+json\" class=\"yoast-schema-graph\">{\"@context\":\"https:\\\/\\\/schema.org\",\"@graph\":[{\"@type\":\"WebPage\",\"@id\":\"https:\\\/\\\/armurerie-richert.ch\\\/de\\\/produit\\\/vortex-crossfire-red-dot\\\/\",\"url\":\"https:\\\/\\\/armurerie-richert.ch\\\/de\\\/produit\\\/vortex-crossfire-red-dot\\\/\",\"name\":\"VORTEX Crossfire red dot - Armurerie Richert\",\"isPartOf\":{\"@id\":\"https:\\\/\\\/armurerie-richert.ch\\\/de\\\/#website\"},\"primaryImageOfPage\":{\"@id\":\"https:\\\/\\\/armurerie-richert.ch\\\/de\\\/produit\\\/vortex-crossfire-red-dot\\\/#primaryimage\"},\"image\":{\"@id\":\"https:\\\/\\\/armurerie-richert.ch\\\/de\\\/produit\\\/vortex-crossfire-red-dot\\\/#primaryimage\"},\"thumbnailUrl\":\"https:\\\/\\\/armurerie-richert.ch\\\/wp-content\\\/uploads\\\/2023\\\/11\\\/vortex-crossfire-red-dot-2-moa.jpg\",\"datePublished\":\"2023-11-05T14:38:24+00:00\",\"description\":\"Verbessern Sie Ihre Pr\u00e4zision mit dem VORTEX Crossfire Red Dot Visier. Dieses Ger\u00e4t bietet Ihnen einen einfachen und zuverl\u00e4ssigen Zielpunkt.\",\"breadcrumb\":{\"@id\":\"https:\\\/\\\/armurerie-richert.ch\\\/de\\\/produit\\\/vortex-crossfire-red-dot\\\/#breadcrumb\"},\"inLanguage\":\"de\",\"potentialAction\":[{\"@type\":\"ReadAction\",\"target\":[\"https:\\\/\\\/armurerie-richert.ch\\\/de\\\/produit\\\/vortex-crossfire-red-dot\\\/\"]}]},{\"@type\":\"ImageObject\",\"inLanguage\":\"de\",\"@id\":\"https:\\\/\\\/armurerie-richert.ch\\\/de\\\/produit\\\/vortex-crossfire-red-dot\\\/#primaryimage\",\"url\":\"https:\\\/\\\/armurerie-richert.ch\\\/wp-content\\\/uploads\\\/2023\\\/11\\\/vortex-crossfire-red-dot-2-moa.jpg\",\"contentUrl\":\"https:\\\/\\\/armurerie-richert.ch\\\/wp-content\\\/uploads\\\/2023\\\/11\\\/vortex-crossfire-red-dot-2-moa.jpg\",\"width\":476,\"height\":476},{\"@type\":\"BreadcrumbList\",\"@id\":\"https:\\\/\\\/armurerie-richert.ch\\\/de\\\/produit\\\/vortex-crossfire-red-dot\\\/#breadcrumb\",\"itemListElement\":[{\"@type\":\"ListItem\",\"position\":1,\"name\":\"Accueil\",\"item\":\"https:\\\/\\\/armurerie-richert.ch\\\/de\\\/startseite\\\/\"},{\"@type\":\"ListItem\",\"position\":2,\"name\":\"Shop\",\"item\":\"https:\\\/\\\/armurerie-richert.ch\\\/de\\\/shop\\\/\"},{\"@type\":\"ListItem\",\"position\":3,\"name\":\"VORTEX Crossfire red dot\"}]},{\"@type\":\"WebSite\",\"@id\":\"https:\\\/\\\/armurerie-richert.ch\\\/de\\\/#website\",\"url\":\"https:\\\/\\\/armurerie-richert.ch\\\/de\\\/\",\"name\":\"Armurerie Richert\",\"description\":\"\",\"publisher\":{\"@id\":\"https:\\\/\\\/armurerie-richert.ch\\\/de\\\/#organization\"},\"potentialAction\":[{\"@type\":\"SearchAction\",\"target\":{\"@type\":\"EntryPoint\",\"urlTemplate\":\"https:\\\/\\\/armurerie-richert.ch\\\/de\\\/?s={search_term_string}\"},\"query-input\":{\"@type\":\"PropertyValueSpecification\",\"valueRequired\":true,\"valueName\":\"search_term_string\"}}],\"inLanguage\":\"de\"},{\"@type\":\"Organization\",\"@id\":\"https:\\\/\\\/armurerie-richert.ch\\\/de\\\/#organization\",\"name\":\"Armurerie Richert\",\"url\":\"https:\\\/\\\/armurerie-richert.ch\\\/de\\\/\",\"logo\":{\"@type\":\"ImageObject\",\"inLanguage\":\"de\",\"@id\":\"https:\\\/\\\/armurerie-richert.ch\\\/de\\\/#\\\/schema\\\/logo\\\/image\\\/\",\"url\":\"https:\\\/\\\/armurerie-richert.ch\\\/wp-content\\\/uploads\\\/2023\\\/11\\\/Armurerie-Richert-Logo-300px.png\",\"contentUrl\":\"https:\\\/\\\/armurerie-richert.ch\\\/wp-content\\\/uploads\\\/2023\\\/11\\\/Armurerie-Richert-Logo-300px.png\",\"width\":300,\"height\":73,\"caption\":\"Armurerie Richert\"},\"image\":{\"@id\":\"https:\\\/\\\/armurerie-richert.ch\\\/de\\\/#\\\/schema\\\/logo\\\/image\\\/\"},\"sameAs\":[\"https:\\\/\\\/www.facebook.com\\\/profile.php?id=100023920014088\"]}]}<\/script>\n<meta property=\"product:price:amount\" content=\"169.00\" \/>\n<meta property=\"product:price:currency\" content=\"CHF\" \/>\n<meta property=\"og:availability\" content=\"instock\" \/>\n<meta property=\"product:availability\" content=\"instock\" \/>\n<meta property=\"product:condition\" content=\"new\" \/>\n<!-- \/ Yoast SEO Premium plugin. -->","yoast_head_json":{"title":"VORTEX Crossfire red dot - Armurerie Richert","description":"Verbessern Sie Ihre Pr\u00e4zision mit dem VORTEX Crossfire Red Dot Visier. Dieses Ger\u00e4t bietet Ihnen einen einfachen und zuverl\u00e4ssigen Zielpunkt.","robots":{"index":"index","follow":"follow","max-snippet":"max-snippet:-1","max-image-preview":"max-image-preview:large","max-video-preview":"max-video-preview:-1"},"canonical":"https:\/\/armurerie-richert.ch\/de\/produit\/vortex-crossfire-red-dot\/","og_locale":"de_DE","og_type":"article","og_title":"VORTEX Crossfire red dot","og_description":"Verbessern Sie Ihre Pr\u00e4zision mit dem VORTEX Crossfire Red Dot Visier. Dieses Ger\u00e4t bietet Ihnen einen einfachen und zuverl\u00e4ssigen Zielpunkt.","og_url":"https:\/\/armurerie-richert.ch\/de\/produit\/vortex-crossfire-red-dot\/","og_site_name":"Armurerie Richert","article_publisher":"https:\/\/www.facebook.com\/profile.php?id=100023920014088","og_image":[{"width":476,"height":476,"url":"https:\/\/armurerie-richert.ch\/wp-content\/uploads\/2023\/11\/vortex-crossfire-red-dot-2-moa.jpg","type":"image\/jpeg"}],"twitter_card":"summary_large_image","twitter_misc":{"Preis":"&#67;&#72;&#70;&nbsp;169.00","Verf\u00fcgbarkeit":"Auf Lager"},"schema":{"@context":"https:\/\/schema.org","@graph":[{"@type":"WebPage","@id":"https:\/\/armurerie-richert.ch\/de\/produit\/vortex-crossfire-red-dot\/","url":"https:\/\/armurerie-richert.ch\/de\/produit\/vortex-crossfire-red-dot\/","name":"VORTEX Crossfire red dot - Armurerie Richert","isPartOf":{"@id":"https:\/\/armurerie-richert.ch\/de\/#website"},"primaryImageOfPage":{"@id":"https:\/\/armurerie-richert.ch\/de\/produit\/vortex-crossfire-red-dot\/#primaryimage"},"image":{"@id":"https:\/\/armurerie-richert.ch\/de\/produit\/vortex-crossfire-red-dot\/#primaryimage"},"thumbnailUrl":"https:\/\/armurerie-richert.ch\/wp-content\/uploads\/2023\/11\/vortex-crossfire-red-dot-2-moa.jpg","datePublished":"2023-11-05T14:38:24+00:00","description":"Verbessern Sie Ihre Pr\u00e4zision mit dem VORTEX Crossfire Red Dot Visier. Dieses Ger\u00e4t bietet Ihnen einen einfachen und zuverl\u00e4ssigen Zielpunkt.","breadcrumb":{"@id":"https:\/\/armurerie-richert.ch\/de\/produit\/vortex-crossfire-red-dot\/#breadcrumb"},"inLanguage":"de","potentialAction":[{"@type":"ReadAction","target":["https:\/\/armurerie-richert.ch\/de\/produit\/vortex-crossfire-red-dot\/"]}]},{"@type":"ImageObject","inLanguage":"de","@id":"https:\/\/armurerie-richert.ch\/de\/produit\/vortex-crossfire-red-dot\/#primaryimage","url":"https:\/\/armurerie-richert.ch\/wp-content\/uploads\/2023\/11\/vortex-crossfire-red-dot-2-moa.jpg","contentUrl":"https:\/\/armurerie-richert.ch\/wp-content\/uploads\/2023\/11\/vortex-crossfire-red-dot-2-moa.jpg","width":476,"height":476},{"@type":"BreadcrumbList","@id":"https:\/\/armurerie-richert.ch\/de\/produit\/vortex-crossfire-red-dot\/#breadcrumb","itemListElement":[{"@type":"ListItem","position":1,"name":"Accueil","item":"https:\/\/armurerie-richert.ch\/de\/startseite\/"},{"@type":"ListItem","position":2,"name":"Shop","item":"https:\/\/armurerie-richert.ch\/de\/shop\/"},{"@type":"ListItem","position":3,"name":"VORTEX Crossfire red dot"}]},{"@type":"WebSite","@id":"https:\/\/armurerie-richert.ch\/de\/#website","url":"https:\/\/armurerie-richert.ch\/de\/","name":"Armurerie Richert","description":"","publisher":{"@id":"https:\/\/armurerie-richert.ch\/de\/#organization"},"potentialAction":[{"@type":"SearchAction","target":{"@type":"EntryPoint","urlTemplate":"https:\/\/armurerie-richert.ch\/de\/?s={search_term_string}"},"query-input":{"@type":"PropertyValueSpecification","valueRequired":true,"valueName":"search_term_string"}}],"inLanguage":"de"},{"@type":"Organization","@id":"https:\/\/armurerie-richert.ch\/de\/#organization","name":"Armurerie Richert","url":"https:\/\/armurerie-richert.ch\/de\/","logo":{"@type":"ImageObject","inLanguage":"de","@id":"https:\/\/armurerie-richert.ch\/de\/#\/schema\/logo\/image\/","url":"https:\/\/armurerie-richert.ch\/wp-content\/uploads\/2023\/11\/Armurerie-Richert-Logo-300px.png","contentUrl":"https:\/\/armurerie-richert.ch\/wp-content\/uploads\/2023\/11\/Armurerie-Richert-Logo-300px.png","width":300,"height":73,"caption":"Armurerie Richert"},"image":{"@id":"https:\/\/armurerie-richert.ch\/de\/#\/schema\/logo\/image\/"},"sameAs":["https:\/\/www.facebook.com\/profile.php?id=100023920014088"]}]},"product_price_amount":"169.00","product_price_currency":"CHF","og_availability":"instock","product_availability":"instock","product_condition":"new"},"_links":{"self":[{"href":"https:\/\/armurerie-richert.ch\/de\/wp-json\/wp\/v2\/product\/35433","targetHints":{"allow":["GET"]}}],"collection":[{"href":"https:\/\/armurerie-richert.ch\/de\/wp-json\/wp\/v2\/product"}],"about":[{"href":"https:\/\/armurerie-richert.ch\/de\/wp-json\/wp\/v2\/types\/product"}],"wp:featuredmedia":[{"embeddable":true,"href":"https:\/\/armurerie-richert.ch\/de\/wp-json\/wp\/v2\/media\/32469"}],"wp:attachment":[{"href":"https:\/\/armurerie-richert.ch\/de\/wp-json\/wp\/v2\/media?parent=35433"}],"wp:term":[{"taxonomy":"product_brand","embeddable":true,"href":"https:\/\/armurerie-richert.ch\/de\/wp-json\/wp\/v2\/product_brand?post=35433"},{"taxonomy":"product_cat","embeddable":true,"href":"https:\/\/armurerie-richert.ch\/de\/wp-json\/wp\/v2\/product_cat?post=35433"},{"taxonomy":"product_tag","embeddable":true,"href":"https:\/\/armurerie-richert.ch\/de\/wp-json\/wp\/v2\/product_tag?post=35433"}],"curies":[{"name":"wp","href":"https:\/\/api.w.org\/{rel}","templated":true}]}}