{"id":35434,"date":"2023-11-05T15:09:13","date_gmt":"2023-11-05T14:09:13","guid":{"rendered":"https:\/\/armurerie-richert.ch\/produit\/kagwerks-extended-raised-slide-release-fuer-glock-gen-5\/"},"modified":"2023-11-05T15:09:13","modified_gmt":"2023-11-05T14:09:13","slug":"kagwerks-extended-raised-slide-release-fuer-glock-gen-5","status":"publish","type":"product","link":"https:\/\/armurerie-richert.ch\/de\/produit\/kagwerks-extended-raised-slide-release-fuer-glock-gen-5\/","title":{"rendered":"KAGWERKS Extended raised slide release f\u00fcr Glock Gen 5"},"content":{"rendered":"<h3>KAGWERKS Extended raised slide release f\u00fcr Glock Gen 5<\/h3>\n<p>Mit zunehmender Schie\u00dffertigkeit w\u00e4chst auch die Art und Weise, wie ein Sch\u00fctze die Waffe greift. Die Standard-Slide-Ausl\u00f6sung hat einige Einschr\u00e4nkungen, die<br \/>\ndie Leistung und F\u00e4higkeit von fortgeschrittenen Sch\u00fctzen beeintr\u00e4chtigen k\u00f6nnen. Die erweiterte und erh\u00f6hte Slide-Ausl\u00f6sung bietet einen einzigartigen Vorteil<br \/>\nf\u00fcr ausgebildete Sch\u00fctzen mit einem guten Griff in der oberen Position.<\/p>\n<p>Kompatibel mit den folgenden GEN 5 <a class=\"crosslink\" title=\"Glock\" href=\"https:\/\/www.rainierarms.com\/manufacturers\/glock\/\" target=\"_self\" rel=\"noopener\">Glock<\/a> Modellen:<\/p>\n<ul>\n<li>9&#215;19: G17, G19, G19x, G26, G34, G45<\/li>\n<\/ul>\n","protected":false},"excerpt":{"rendered":"<p>Mit zunehmender Schie\u00dffertigkeit w\u00e4chst auch die Art und Weise, wie ein Sch\u00fctze die Waffe greift. Die Standard-Slide-Ausl\u00f6sung hat einige Einschr\u00e4nkungen, die<br \/>\ndie Leistung und F\u00e4higkeit von fortgeschrittenen Sch\u00fctzen beeintr\u00e4chtigen k\u00f6nnen. Die erweiterte und erh\u00f6hte Slide-Ausl\u00f6sung bietet einen einzigartigen Vorteil<br \/>\nf\u00fcr ausgebildete Sch\u00fctzen mit einem guten Griff in der oberen Position.<\/p>\n<p>Kompatibel mit den folgenden GEN 5 <a class=\"crosslink\" title=\"Glock\" href=\"https:\/\/www.rainierarms.com\/manufacturers\/glock\/\" target=\"_self\" rel=\"noopener\">Glock<\/a> Modellen:<\/p>\n<ul>\n<li>9&#215;19: G17, G19, G19x, G26, G34, G45<\/li>\n<\/ul>\n","protected":false},"featured_media":32451,"template":"","meta":{"_et_pb_use_builder":"","_et_pb_old_content":"","_et_gb_content_width":""},"product_brand":[],"product_cat":[70,65],"product_tag":[],"class_list":{"0":"post-35434","1":"product","2":"type-product","3":"status-publish","4":"has-post-thumbnail","6":"product_cat-zubehor-fur-pistolen","7":"product_cat-zubehor-und-optik","9":"first","10":"instock","11":"shipping-taxable","12":"purchasable","13":"product-type-simple"},"yoast_head":"<!-- This site is optimized with the Yoast SEO Premium plugin v24.7 (Yoast SEO v27.5) - https:\/\/yoast.com\/product\/yoast-seo-premium-wordpress\/ -->\n<title>KAGWERKS Extended raised slide release f\u00fcr Glock Gen 5 - Armurerie Richert<\/title>\n<meta name=\"description\" content=\"Erh\u00f6hen Sie Ihre Treffsicherheit mit dem KAGWERKS Extended raised slide release f\u00fcr Glock Gen 5. Kompatibel mit Glock Gen 5 9mm.\" \/>\n<meta name=\"robots\" content=\"index, follow, max-snippet:-1, max-image-preview:large, max-video-preview:-1\" \/>\n<link rel=\"canonical\" href=\"https:\/\/armurerie-richert.ch\/de\/produit\/kagwerks-extended-raised-slide-release-fuer-glock-gen-5\/\" \/>\n<meta property=\"og:locale\" content=\"de_DE\" \/>\n<meta property=\"og:type\" content=\"article\" \/>\n<meta property=\"og:title\" content=\"KAGWERKS Extended raised slide release f\u00fcr Glock Gen 5\" \/>\n<meta property=\"og:description\" content=\"Erh\u00f6hen Sie Ihre Treffsicherheit mit dem KAGWERKS Extended raised slide release f\u00fcr Glock Gen 5. Kompatibel mit Glock Gen 5 9mm.\" \/>\n<meta property=\"og:url\" content=\"https:\/\/armurerie-richert.ch\/de\/produit\/kagwerks-extended-raised-slide-release-fuer-glock-gen-5\/\" \/>\n<meta property=\"og:site_name\" content=\"Armurerie Richert\" \/>\n<meta property=\"article:publisher\" content=\"https:\/\/www.facebook.com\/profile.php?id=100023920014088\" \/>\n<meta property=\"og:image\" content=\"https:\/\/armurerie-richert.ch\/wp-content\/uploads\/2023\/11\/kagwerks-extended-raised-slide-release-for-glock-gen-5-4.jpg\" \/>\n\t<meta property=\"og:image:width\" content=\"1273\" \/>\n\t<meta property=\"og:image:height\" content=\"1273\" \/>\n\t<meta property=\"og:image:type\" content=\"image\/jpeg\" \/>\n<meta name=\"twitter:card\" content=\"summary_large_image\" \/>\n<meta name=\"twitter:label1\" content=\"Preis\" \/>\n\t<meta name=\"twitter:data1\" content=\"&#067;&#072;&#070;&nbsp;75.00\" \/>\n\t<meta name=\"twitter:label2\" content=\"Verf\u00fcgbarkeit\" \/>\n\t<meta name=\"twitter:data2\" content=\"Auf Lager\" \/>\n<script type=\"application\/ld+json\" class=\"yoast-schema-graph\">{\"@context\":\"https:\\\/\\\/schema.org\",\"@graph\":[{\"@type\":\"WebPage\",\"@id\":\"https:\\\/\\\/armurerie-richert.ch\\\/de\\\/produit\\\/kagwerks-extended-raised-slide-release-fuer-glock-gen-5\\\/\",\"url\":\"https:\\\/\\\/armurerie-richert.ch\\\/de\\\/produit\\\/kagwerks-extended-raised-slide-release-fuer-glock-gen-5\\\/\",\"name\":\"KAGWERKS Extended raised slide release f\u00fcr Glock Gen 5 - Armurerie Richert\",\"isPartOf\":{\"@id\":\"https:\\\/\\\/armurerie-richert.ch\\\/de\\\/#website\"},\"primaryImageOfPage\":{\"@id\":\"https:\\\/\\\/armurerie-richert.ch\\\/de\\\/produit\\\/kagwerks-extended-raised-slide-release-fuer-glock-gen-5\\\/#primaryimage\"},\"image\":{\"@id\":\"https:\\\/\\\/armurerie-richert.ch\\\/de\\\/produit\\\/kagwerks-extended-raised-slide-release-fuer-glock-gen-5\\\/#primaryimage\"},\"thumbnailUrl\":\"https:\\\/\\\/armurerie-richert.ch\\\/wp-content\\\/uploads\\\/2023\\\/11\\\/kagwerks-extended-raised-slide-release-for-glock-gen-5-4.jpg\",\"datePublished\":\"2023-11-05T14:09:13+00:00\",\"description\":\"Erh\u00f6hen Sie Ihre Treffsicherheit mit dem KAGWERKS Extended raised slide release f\u00fcr Glock Gen 5. Kompatibel mit Glock Gen 5 9mm.\",\"breadcrumb\":{\"@id\":\"https:\\\/\\\/armurerie-richert.ch\\\/de\\\/produit\\\/kagwerks-extended-raised-slide-release-fuer-glock-gen-5\\\/#breadcrumb\"},\"inLanguage\":\"de\",\"potentialAction\":[{\"@type\":\"ReadAction\",\"target\":[\"https:\\\/\\\/armurerie-richert.ch\\\/de\\\/produit\\\/kagwerks-extended-raised-slide-release-fuer-glock-gen-5\\\/\"]}]},{\"@type\":\"ImageObject\",\"inLanguage\":\"de\",\"@id\":\"https:\\\/\\\/armurerie-richert.ch\\\/de\\\/produit\\\/kagwerks-extended-raised-slide-release-fuer-glock-gen-5\\\/#primaryimage\",\"url\":\"https:\\\/\\\/armurerie-richert.ch\\\/wp-content\\\/uploads\\\/2023\\\/11\\\/kagwerks-extended-raised-slide-release-for-glock-gen-5-4.jpg\",\"contentUrl\":\"https:\\\/\\\/armurerie-richert.ch\\\/wp-content\\\/uploads\\\/2023\\\/11\\\/kagwerks-extended-raised-slide-release-for-glock-gen-5-4.jpg\",\"width\":1273,\"height\":1273},{\"@type\":\"BreadcrumbList\",\"@id\":\"https:\\\/\\\/armurerie-richert.ch\\\/de\\\/produit\\\/kagwerks-extended-raised-slide-release-fuer-glock-gen-5\\\/#breadcrumb\",\"itemListElement\":[{\"@type\":\"ListItem\",\"position\":1,\"name\":\"Accueil\",\"item\":\"https:\\\/\\\/armurerie-richert.ch\\\/de\\\/startseite\\\/\"},{\"@type\":\"ListItem\",\"position\":2,\"name\":\"Shop\",\"item\":\"https:\\\/\\\/armurerie-richert.ch\\\/de\\\/shop\\\/\"},{\"@type\":\"ListItem\",\"position\":3,\"name\":\"KAGWERKS Extended raised slide release f\u00fcr Glock Gen 5\"}]},{\"@type\":\"WebSite\",\"@id\":\"https:\\\/\\\/armurerie-richert.ch\\\/de\\\/#website\",\"url\":\"https:\\\/\\\/armurerie-richert.ch\\\/de\\\/\",\"name\":\"Armurerie Richert\",\"description\":\"\",\"publisher\":{\"@id\":\"https:\\\/\\\/armurerie-richert.ch\\\/de\\\/#organization\"},\"potentialAction\":[{\"@type\":\"SearchAction\",\"target\":{\"@type\":\"EntryPoint\",\"urlTemplate\":\"https:\\\/\\\/armurerie-richert.ch\\\/de\\\/?s={search_term_string}\"},\"query-input\":{\"@type\":\"PropertyValueSpecification\",\"valueRequired\":true,\"valueName\":\"search_term_string\"}}],\"inLanguage\":\"de\"},{\"@type\":\"Organization\",\"@id\":\"https:\\\/\\\/armurerie-richert.ch\\\/de\\\/#organization\",\"name\":\"Armurerie Richert\",\"url\":\"https:\\\/\\\/armurerie-richert.ch\\\/de\\\/\",\"logo\":{\"@type\":\"ImageObject\",\"inLanguage\":\"de\",\"@id\":\"https:\\\/\\\/armurerie-richert.ch\\\/de\\\/#\\\/schema\\\/logo\\\/image\\\/\",\"url\":\"https:\\\/\\\/armurerie-richert.ch\\\/wp-content\\\/uploads\\\/2023\\\/11\\\/Armurerie-Richert-Logo-300px.png\",\"contentUrl\":\"https:\\\/\\\/armurerie-richert.ch\\\/wp-content\\\/uploads\\\/2023\\\/11\\\/Armurerie-Richert-Logo-300px.png\",\"width\":300,\"height\":73,\"caption\":\"Armurerie Richert\"},\"image\":{\"@id\":\"https:\\\/\\\/armurerie-richert.ch\\\/de\\\/#\\\/schema\\\/logo\\\/image\\\/\"},\"sameAs\":[\"https:\\\/\\\/www.facebook.com\\\/profile.php?id=100023920014088\"]}]}<\/script>\n<meta property=\"product:price:amount\" content=\"75.00\" \/>\n<meta property=\"product:price:currency\" content=\"CHF\" \/>\n<meta property=\"og:availability\" content=\"instock\" \/>\n<meta property=\"product:availability\" content=\"instock\" \/>\n<meta property=\"product:condition\" content=\"new\" \/>\n<!-- \/ Yoast SEO Premium plugin. -->","yoast_head_json":{"title":"KAGWERKS Extended raised slide release f\u00fcr Glock Gen 5 - Armurerie Richert","description":"Erh\u00f6hen Sie Ihre Treffsicherheit mit dem KAGWERKS Extended raised slide release f\u00fcr Glock Gen 5. Kompatibel mit Glock Gen 5 9mm.","robots":{"index":"index","follow":"follow","max-snippet":"max-snippet:-1","max-image-preview":"max-image-preview:large","max-video-preview":"max-video-preview:-1"},"canonical":"https:\/\/armurerie-richert.ch\/de\/produit\/kagwerks-extended-raised-slide-release-fuer-glock-gen-5\/","og_locale":"de_DE","og_type":"article","og_title":"KAGWERKS Extended raised slide release f\u00fcr Glock Gen 5","og_description":"Erh\u00f6hen Sie Ihre Treffsicherheit mit dem KAGWERKS Extended raised slide release f\u00fcr Glock Gen 5. Kompatibel mit Glock Gen 5 9mm.","og_url":"https:\/\/armurerie-richert.ch\/de\/produit\/kagwerks-extended-raised-slide-release-fuer-glock-gen-5\/","og_site_name":"Armurerie Richert","article_publisher":"https:\/\/www.facebook.com\/profile.php?id=100023920014088","og_image":[{"width":1273,"height":1273,"url":"https:\/\/armurerie-richert.ch\/wp-content\/uploads\/2023\/11\/kagwerks-extended-raised-slide-release-for-glock-gen-5-4.jpg","type":"image\/jpeg"}],"twitter_card":"summary_large_image","twitter_misc":{"Preis":"&#67;&#72;&#70;&nbsp;75.00","Verf\u00fcgbarkeit":"Auf Lager"},"schema":{"@context":"https:\/\/schema.org","@graph":[{"@type":"WebPage","@id":"https:\/\/armurerie-richert.ch\/de\/produit\/kagwerks-extended-raised-slide-release-fuer-glock-gen-5\/","url":"https:\/\/armurerie-richert.ch\/de\/produit\/kagwerks-extended-raised-slide-release-fuer-glock-gen-5\/","name":"KAGWERKS Extended raised slide release f\u00fcr Glock Gen 5 - Armurerie Richert","isPartOf":{"@id":"https:\/\/armurerie-richert.ch\/de\/#website"},"primaryImageOfPage":{"@id":"https:\/\/armurerie-richert.ch\/de\/produit\/kagwerks-extended-raised-slide-release-fuer-glock-gen-5\/#primaryimage"},"image":{"@id":"https:\/\/armurerie-richert.ch\/de\/produit\/kagwerks-extended-raised-slide-release-fuer-glock-gen-5\/#primaryimage"},"thumbnailUrl":"https:\/\/armurerie-richert.ch\/wp-content\/uploads\/2023\/11\/kagwerks-extended-raised-slide-release-for-glock-gen-5-4.jpg","datePublished":"2023-11-05T14:09:13+00:00","description":"Erh\u00f6hen Sie Ihre Treffsicherheit mit dem KAGWERKS Extended raised slide release f\u00fcr Glock Gen 5. Kompatibel mit Glock Gen 5 9mm.","breadcrumb":{"@id":"https:\/\/armurerie-richert.ch\/de\/produit\/kagwerks-extended-raised-slide-release-fuer-glock-gen-5\/#breadcrumb"},"inLanguage":"de","potentialAction":[{"@type":"ReadAction","target":["https:\/\/armurerie-richert.ch\/de\/produit\/kagwerks-extended-raised-slide-release-fuer-glock-gen-5\/"]}]},{"@type":"ImageObject","inLanguage":"de","@id":"https:\/\/armurerie-richert.ch\/de\/produit\/kagwerks-extended-raised-slide-release-fuer-glock-gen-5\/#primaryimage","url":"https:\/\/armurerie-richert.ch\/wp-content\/uploads\/2023\/11\/kagwerks-extended-raised-slide-release-for-glock-gen-5-4.jpg","contentUrl":"https:\/\/armurerie-richert.ch\/wp-content\/uploads\/2023\/11\/kagwerks-extended-raised-slide-release-for-glock-gen-5-4.jpg","width":1273,"height":1273},{"@type":"BreadcrumbList","@id":"https:\/\/armurerie-richert.ch\/de\/produit\/kagwerks-extended-raised-slide-release-fuer-glock-gen-5\/#breadcrumb","itemListElement":[{"@type":"ListItem","position":1,"name":"Accueil","item":"https:\/\/armurerie-richert.ch\/de\/startseite\/"},{"@type":"ListItem","position":2,"name":"Shop","item":"https:\/\/armurerie-richert.ch\/de\/shop\/"},{"@type":"ListItem","position":3,"name":"KAGWERKS Extended raised slide release f\u00fcr Glock Gen 5"}]},{"@type":"WebSite","@id":"https:\/\/armurerie-richert.ch\/de\/#website","url":"https:\/\/armurerie-richert.ch\/de\/","name":"Armurerie Richert","description":"","publisher":{"@id":"https:\/\/armurerie-richert.ch\/de\/#organization"},"potentialAction":[{"@type":"SearchAction","target":{"@type":"EntryPoint","urlTemplate":"https:\/\/armurerie-richert.ch\/de\/?s={search_term_string}"},"query-input":{"@type":"PropertyValueSpecification","valueRequired":true,"valueName":"search_term_string"}}],"inLanguage":"de"},{"@type":"Organization","@id":"https:\/\/armurerie-richert.ch\/de\/#organization","name":"Armurerie Richert","url":"https:\/\/armurerie-richert.ch\/de\/","logo":{"@type":"ImageObject","inLanguage":"de","@id":"https:\/\/armurerie-richert.ch\/de\/#\/schema\/logo\/image\/","url":"https:\/\/armurerie-richert.ch\/wp-content\/uploads\/2023\/11\/Armurerie-Richert-Logo-300px.png","contentUrl":"https:\/\/armurerie-richert.ch\/wp-content\/uploads\/2023\/11\/Armurerie-Richert-Logo-300px.png","width":300,"height":73,"caption":"Armurerie Richert"},"image":{"@id":"https:\/\/armurerie-richert.ch\/de\/#\/schema\/logo\/image\/"},"sameAs":["https:\/\/www.facebook.com\/profile.php?id=100023920014088"]}]},"product_price_amount":"75.00","product_price_currency":"CHF","og_availability":"instock","product_availability":"instock","product_condition":"new"},"_links":{"self":[{"href":"https:\/\/armurerie-richert.ch\/de\/wp-json\/wp\/v2\/product\/35434","targetHints":{"allow":["GET"]}}],"collection":[{"href":"https:\/\/armurerie-richert.ch\/de\/wp-json\/wp\/v2\/product"}],"about":[{"href":"https:\/\/armurerie-richert.ch\/de\/wp-json\/wp\/v2\/types\/product"}],"wp:featuredmedia":[{"embeddable":true,"href":"https:\/\/armurerie-richert.ch\/de\/wp-json\/wp\/v2\/media\/32451"}],"wp:attachment":[{"href":"https:\/\/armurerie-richert.ch\/de\/wp-json\/wp\/v2\/media?parent=35434"}],"wp:term":[{"taxonomy":"product_brand","embeddable":true,"href":"https:\/\/armurerie-richert.ch\/de\/wp-json\/wp\/v2\/product_brand?post=35434"},{"taxonomy":"product_cat","embeddable":true,"href":"https:\/\/armurerie-richert.ch\/de\/wp-json\/wp\/v2\/product_cat?post=35434"},{"taxonomy":"product_tag","embeddable":true,"href":"https:\/\/armurerie-richert.ch\/de\/wp-json\/wp\/v2\/product_tag?post=35434"}],"curies":[{"name":"wp","href":"https:\/\/api.w.org\/{rel}","templated":true}]}}