{"id":35435,"date":"2023-11-05T15:33:33","date_gmt":"2023-11-05T14:33:33","guid":{"rendered":"https:\/\/armurerie-richert.ch\/produit\/primary-arms-slx-mini-red-dot\/"},"modified":"2023-11-05T15:33:33","modified_gmt":"2023-11-05T14:33:33","slug":"primary-arms-slx-mini-red-dot","status":"publish","type":"product","link":"https:\/\/armurerie-richert.ch\/de\/produit\/primary-arms-slx-mini-red-dot\/","title":{"rendered":"PRIMARY ARMS SLX Mini red dot"},"content":{"rendered":"<h3>PRIMARY ARMS SLX Mini red dot<\/h3>\n<p>Dieses rote Dot-Sight ist Teil ihrer SLx optics Linie. SLx optics hat seinen Ruf f\u00fcr Innovation, Zuverl\u00e4ssigkeit und Wert aufgebaut. Alle SLx Optiken werden w\u00e4hrend der Entwicklung rigorosen Feldtests unterzogen, um Ihnen in jeder Umgebung den besten Dienst zu erweisen. Das SLx RS-10 ist das erste Mini-Reflexglas von <a class=\"crosslink\" title=\"Primary Arms\" href=\"https:\/\/www.rainierarms.com\/manufacturers\/primary-arms\/\" target=\"_self\" rel=\"noopener\">Primary Arms<\/a> Optics, das vollst\u00e4ndig in-house entwickelt wurde. Die RS-10 verk\u00f6rpert die Werte ihrer SLx-Familie und bringt unnachahmlichen Wert und Innovation mit unerm\u00fcdlichen Feldtests zusammen, um ihre Zuverl\u00e4ssigkeit zu beweisen, wenn Sie sie am meisten brauchen. Mit einem Gewicht von weniger als 1,1 oz ist dieses aufgeraute Mini-Spiegelreflexfernrohr aus 7075 Aluminium gefertigt und passt in den \u00fcblichen Docter\/Noblex Standard-Montagerahmen. Diese Optik bietet einen echten, hellen 3 MOA Tageslichtretikel, mehrfach verg\u00fctete Linsen, Nachtsichtkompatibilit\u00e4t und eine ultralange Batterielaufzeit mit einem Seitenlader-Batterieslot. Da die Beliebtheit von Pistolenmontierten Spiegelreflexkameras weiter zunimmt, bietet das SLx RS-10 eine Menge Funktionalit\u00e4t f\u00fcr seinen Preis und als Teil der SLx-Produktlinie kommt es mit einer Qualit\u00e4tsgarantie und einer umfassenden lebenslangen Garantie.  <\/p>\n<p><strong>Funktionen<\/strong><\/p>\n<ul>\n<li>Rugged 7075 aluminum body<\/li>\n<li>Seitenlader CR2032 Batteriefach<\/li>\n<li>Geeignete Push-Button-Steuerungen<\/li>\n<li>Daylight helle und Nachtsicht kompatible Helligkeitsstufen<\/li>\n<li>3 MOA dot optimal f\u00fcr Handguns<\/li>\n<li>Mehrere Montageoptionen<\/li>\n<li>Autolive Bewegungsaktivierung<\/li>\n<li>40,000 Stunden Batterielebensdauer<\/li>\n<li>Weighs nur 1.07 Oz<\/li>\n<\/ul>\n<p><strong>Spezifikationen<\/strong><\/p>\n<ul>\n<li>Batterielebensdauer: 40000 Stunden<\/li>\n<li>Battery Type: CR2032 3V Lithium Coin<\/li>\n<li>Marke: <a class=\"crosslink\" title=\"Primary Arms\" href=\"https:\/\/www.rainierarms.com\/manufacturers\/primary-arms\/\" target=\"_self\" rel=\"noopener\">Primary Arms<\/a><\/li>\n<li>Finish: Hardcoat Anodized<\/li>\n<li>Hersteller: Primary Arms<\/li>\n<li>Material: Aluminium &#8211; 7075<\/li>\n<li>Night Vision Compatible: Night Vision Compatible<\/li>\n<li>Optische Serie: SLx<\/li>\n<li>Artikel: 3 MOA Dot<\/li>\n<li>Reticle Color: Red<\/li>\n<li>Size: Mini Reflex<\/li>\n<li>Garantie: Lifetime<\/li>\n<li>Gewicht: 1.07 Oz<\/li>\n<\/ul>\n","protected":false},"excerpt":{"rendered":"<p>Dieses rote Dot-Sight ist Teil ihrer SLx optics Linie. SLx optics hat seinen Ruf f\u00fcr Innovation, Zuverl\u00e4ssigkeit und Wert aufgebaut. Alle SLx Optiken werden w\u00e4hrend der Entwicklung rigorosen Feldtests unterzogen, um Ihnen in jeder Umgebung den besten Dienst zu erweisen. Das SLx RS-10 ist das erste Mini-Reflexglas von <a class=\"crosslink\" title=\"Primary Arms\" href=\"https:\/\/www.rainierarms.com\/manufacturers\/primary-arms\/\" target=\"_self\" rel=\"noopener\">Primary Arms<\/a> Optics, das vollst\u00e4ndig in-house entwickelt wurde. Die RS-10 verk\u00f6rpert die Werte ihrer SLx-Familie und bringt unnachahmlichen Wert und Innovation mit unerm\u00fcdlichen Feldtests zusammen, um ihre Zuverl\u00e4ssigkeit zu beweisen, wenn Sie sie am meisten brauchen. Mit einem Gewicht von weniger als 1,1 oz ist dieses aufgeraute Mini-Spiegelreflexfernrohr aus 7075 Aluminium gefertigt und passt in den \u00fcblichen Docter\/Noblex Standard-Montagerahmen. Diese Optik bietet einen echten, hellen 3 MOA Tageslichtretikel, mehrfach verg\u00fctete Linsen, Nachtsichtkompatibilit\u00e4t und eine ultralange Batterielaufzeit mit einem Seitenlader-Batterieslot. Da die Beliebtheit von Pistolenmontierten Spiegelreflexkameras weiter zunimmt, bietet das SLx RS-10 eine Menge Funktionalit\u00e4t f\u00fcr seinen Preis und als Teil der SLx-Produktlinie kommt es mit einer Qualit\u00e4tsgarantie und einer umfassenden lebenslangen Garantie.  <\/p>\n<p><strong>Funktionen<\/strong><\/p>\n<ul>\n<li>Rugged 7075 aluminum body<\/li>\n<li>Seitenlader CR2032 Batteriefach<\/li>\n<li>Geeignete Push-Button-Steuerungen<\/li>\n<li>Daylight helle und Nachtsicht kompatible Helligkeitsstufen<\/li>\n<li>3 MOA dot optimal f\u00fcr Handguns<\/li>\n<li>Mehrere Montageoptionen<\/li>\n<li>Autolive Bewegungsaktivierung<\/li>\n<li>40,000 Stunden Batterielebensdauer<\/li>\n<li>Weighs nur 1.07 Oz<\/li>\n<\/ul>\n<p><strong>Spezifikationen<\/strong><\/p>\n<ul>\n<li>Batterielebensdauer: 40000 Stunden<\/li>\n<li>Battery Type: CR2032 3V Lithium Coin<\/li>\n<li>Marke: <a class=\"crosslink\" title=\"Primary Arms\" href=\"https:\/\/www.rainierarms.com\/manufacturers\/primary-arms\/\" target=\"_self\" rel=\"noopener\">Primary Arms<\/a><\/li>\n<li>Finish: Hardcoat Anodized<\/li>\n<li>Hersteller: Primary Arms<\/li>\n<li>Material: Aluminium &#8211; 7075<\/li>\n<li>Night Vision Compatible: Night Vision Compatible<\/li>\n<li>Optische Serie: SLx<\/li>\n<li>Artikel: 3 MOA Dot<\/li>\n<li>Reticle Color: Red<\/li>\n<li>Size: Mini Reflex<\/li>\n<li>Garantie: Lifetime<\/li>\n<li>Gewicht: 1.07 Oz<\/li>\n<\/ul>\n","protected":false},"featured_media":32466,"template":"","meta":{"_et_pb_use_builder":"","_et_pb_old_content":"","_et_gb_content_width":""},"product_brand":[],"product_cat":[68,65],"product_tag":[],"class_list":{"0":"post-35435","1":"product","2":"type-product","3":"status-publish","4":"has-post-thumbnail","6":"product_cat-red-dot-de","7":"product_cat-zubehor-und-optik","9":"first","10":"instock","11":"shipping-taxable","12":"purchasable","13":"product-type-simple"},"yoast_head":"<!-- This site is optimized with the Yoast SEO Premium plugin v24.7 (Yoast SEO v27.4) - https:\/\/yoast.com\/product\/yoast-seo-premium-wordpress\/ -->\n<title>PRIMARY ARMS SLX Mini red dot - Armurerie Richert<\/title>\n<meta name=\"description\" content=\"Entdecken Sie den Rotpunktsucher SLX Mini von Primary Arms, die ideale L\u00f6sung f\u00fcr Ihre Optik. Leicht zu transportieren, praktisch und pr\u00e4zise!\" \/>\n<meta name=\"robots\" content=\"index, follow, max-snippet:-1, max-image-preview:large, max-video-preview:-1\" \/>\n<link rel=\"canonical\" href=\"https:\/\/armurerie-richert.ch\/de\/produit\/primary-arms-slx-mini-red-dot\/\" \/>\n<meta property=\"og:locale\" content=\"de_DE\" \/>\n<meta property=\"og:type\" content=\"article\" \/>\n<meta property=\"og:title\" content=\"PRIMARY ARMS SLX Mini red dot\" \/>\n<meta property=\"og:description\" content=\"Entdecken Sie den Rotpunktsucher SLX Mini von Primary Arms, die ideale L\u00f6sung f\u00fcr Ihre Optik. Leicht zu transportieren, praktisch und pr\u00e4zise!\" \/>\n<meta property=\"og:url\" content=\"https:\/\/armurerie-richert.ch\/de\/produit\/primary-arms-slx-mini-red-dot\/\" \/>\n<meta property=\"og:site_name\" content=\"Armurerie Richert\" \/>\n<meta property=\"article:publisher\" content=\"https:\/\/www.facebook.com\/profile.php?id=100023920014088\" \/>\n<meta property=\"og:image\" content=\"https:\/\/armurerie-richert.ch\/wp-content\/uploads\/2023\/11\/primary-arms-1x23mm-slx-mini-red-dot-reflex-sight-3-moa.jpg\" \/>\n\t<meta property=\"og:image:width\" content=\"1289\" \/>\n\t<meta property=\"og:image:height\" content=\"1289\" \/>\n\t<meta property=\"og:image:type\" content=\"image\/jpeg\" \/>\n<meta name=\"twitter:card\" content=\"summary_large_image\" \/>\n<meta name=\"twitter:label1\" content=\"Preis\" \/>\n\t<meta name=\"twitter:data1\" content=\"&#067;&#072;&#070;&nbsp;260.00\" \/>\n\t<meta name=\"twitter:label2\" content=\"Verf\u00fcgbarkeit\" \/>\n\t<meta name=\"twitter:data2\" content=\"Auf Lager\" \/>\n<script type=\"application\/ld+json\" class=\"yoast-schema-graph\">{\"@context\":\"https:\\\/\\\/schema.org\",\"@graph\":[{\"@type\":\"WebPage\",\"@id\":\"https:\\\/\\\/armurerie-richert.ch\\\/de\\\/produit\\\/primary-arms-slx-mini-red-dot\\\/\",\"url\":\"https:\\\/\\\/armurerie-richert.ch\\\/de\\\/produit\\\/primary-arms-slx-mini-red-dot\\\/\",\"name\":\"PRIMARY ARMS SLX Mini red dot - Armurerie Richert\",\"isPartOf\":{\"@id\":\"https:\\\/\\\/armurerie-richert.ch\\\/de\\\/#website\"},\"primaryImageOfPage\":{\"@id\":\"https:\\\/\\\/armurerie-richert.ch\\\/de\\\/produit\\\/primary-arms-slx-mini-red-dot\\\/#primaryimage\"},\"image\":{\"@id\":\"https:\\\/\\\/armurerie-richert.ch\\\/de\\\/produit\\\/primary-arms-slx-mini-red-dot\\\/#primaryimage\"},\"thumbnailUrl\":\"https:\\\/\\\/armurerie-richert.ch\\\/wp-content\\\/uploads\\\/2023\\\/11\\\/primary-arms-1x23mm-slx-mini-red-dot-reflex-sight-3-moa.jpg\",\"datePublished\":\"2023-11-05T14:33:33+00:00\",\"description\":\"Entdecken Sie den Rotpunktsucher SLX Mini von Primary Arms, die ideale L\u00f6sung f\u00fcr Ihre Optik. Leicht zu transportieren, praktisch und pr\u00e4zise!\",\"breadcrumb\":{\"@id\":\"https:\\\/\\\/armurerie-richert.ch\\\/de\\\/produit\\\/primary-arms-slx-mini-red-dot\\\/#breadcrumb\"},\"inLanguage\":\"de\",\"potentialAction\":[{\"@type\":\"ReadAction\",\"target\":[\"https:\\\/\\\/armurerie-richert.ch\\\/de\\\/produit\\\/primary-arms-slx-mini-red-dot\\\/\"]}]},{\"@type\":\"ImageObject\",\"inLanguage\":\"de\",\"@id\":\"https:\\\/\\\/armurerie-richert.ch\\\/de\\\/produit\\\/primary-arms-slx-mini-red-dot\\\/#primaryimage\",\"url\":\"https:\\\/\\\/armurerie-richert.ch\\\/wp-content\\\/uploads\\\/2023\\\/11\\\/primary-arms-1x23mm-slx-mini-red-dot-reflex-sight-3-moa.jpg\",\"contentUrl\":\"https:\\\/\\\/armurerie-richert.ch\\\/wp-content\\\/uploads\\\/2023\\\/11\\\/primary-arms-1x23mm-slx-mini-red-dot-reflex-sight-3-moa.jpg\",\"width\":1289,\"height\":1289},{\"@type\":\"BreadcrumbList\",\"@id\":\"https:\\\/\\\/armurerie-richert.ch\\\/de\\\/produit\\\/primary-arms-slx-mini-red-dot\\\/#breadcrumb\",\"itemListElement\":[{\"@type\":\"ListItem\",\"position\":1,\"name\":\"Accueil\",\"item\":\"https:\\\/\\\/armurerie-richert.ch\\\/de\\\/startseite\\\/\"},{\"@type\":\"ListItem\",\"position\":2,\"name\":\"Shop\",\"item\":\"https:\\\/\\\/armurerie-richert.ch\\\/de\\\/shop\\\/\"},{\"@type\":\"ListItem\",\"position\":3,\"name\":\"PRIMARY ARMS SLX Mini red dot\"}]},{\"@type\":\"WebSite\",\"@id\":\"https:\\\/\\\/armurerie-richert.ch\\\/de\\\/#website\",\"url\":\"https:\\\/\\\/armurerie-richert.ch\\\/de\\\/\",\"name\":\"Armurerie Richert\",\"description\":\"\",\"publisher\":{\"@id\":\"https:\\\/\\\/armurerie-richert.ch\\\/de\\\/#organization\"},\"potentialAction\":[{\"@type\":\"SearchAction\",\"target\":{\"@type\":\"EntryPoint\",\"urlTemplate\":\"https:\\\/\\\/armurerie-richert.ch\\\/de\\\/?s={search_term_string}\"},\"query-input\":{\"@type\":\"PropertyValueSpecification\",\"valueRequired\":true,\"valueName\":\"search_term_string\"}}],\"inLanguage\":\"de\"},{\"@type\":\"Organization\",\"@id\":\"https:\\\/\\\/armurerie-richert.ch\\\/de\\\/#organization\",\"name\":\"Armurerie Richert\",\"url\":\"https:\\\/\\\/armurerie-richert.ch\\\/de\\\/\",\"logo\":{\"@type\":\"ImageObject\",\"inLanguage\":\"de\",\"@id\":\"https:\\\/\\\/armurerie-richert.ch\\\/de\\\/#\\\/schema\\\/logo\\\/image\\\/\",\"url\":\"https:\\\/\\\/armurerie-richert.ch\\\/wp-content\\\/uploads\\\/2023\\\/11\\\/Armurerie-Richert-Logo-300px.png\",\"contentUrl\":\"https:\\\/\\\/armurerie-richert.ch\\\/wp-content\\\/uploads\\\/2023\\\/11\\\/Armurerie-Richert-Logo-300px.png\",\"width\":300,\"height\":73,\"caption\":\"Armurerie Richert\"},\"image\":{\"@id\":\"https:\\\/\\\/armurerie-richert.ch\\\/de\\\/#\\\/schema\\\/logo\\\/image\\\/\"},\"sameAs\":[\"https:\\\/\\\/www.facebook.com\\\/profile.php?id=100023920014088\"]}]}<\/script>\n<meta property=\"product:price:amount\" content=\"260.00\" \/>\n<meta property=\"product:price:currency\" content=\"CHF\" \/>\n<meta property=\"og:availability\" content=\"instock\" \/>\n<meta property=\"product:availability\" content=\"instock\" \/>\n<meta property=\"product:condition\" content=\"new\" \/>\n<!-- \/ Yoast SEO Premium plugin. -->","yoast_head_json":{"title":"PRIMARY ARMS SLX Mini red dot - Armurerie Richert","description":"Entdecken Sie den Rotpunktsucher SLX Mini von Primary Arms, die ideale L\u00f6sung f\u00fcr Ihre Optik. Leicht zu transportieren, praktisch und pr\u00e4zise!","robots":{"index":"index","follow":"follow","max-snippet":"max-snippet:-1","max-image-preview":"max-image-preview:large","max-video-preview":"max-video-preview:-1"},"canonical":"https:\/\/armurerie-richert.ch\/de\/produit\/primary-arms-slx-mini-red-dot\/","og_locale":"de_DE","og_type":"article","og_title":"PRIMARY ARMS SLX Mini red dot","og_description":"Entdecken Sie den Rotpunktsucher SLX Mini von Primary Arms, die ideale L\u00f6sung f\u00fcr Ihre Optik. Leicht zu transportieren, praktisch und pr\u00e4zise!","og_url":"https:\/\/armurerie-richert.ch\/de\/produit\/primary-arms-slx-mini-red-dot\/","og_site_name":"Armurerie Richert","article_publisher":"https:\/\/www.facebook.com\/profile.php?id=100023920014088","og_image":[{"width":1289,"height":1289,"url":"https:\/\/armurerie-richert.ch\/wp-content\/uploads\/2023\/11\/primary-arms-1x23mm-slx-mini-red-dot-reflex-sight-3-moa.jpg","type":"image\/jpeg"}],"twitter_card":"summary_large_image","twitter_misc":{"Preis":"&#67;&#72;&#70;&nbsp;260.00","Verf\u00fcgbarkeit":"Auf Lager"},"schema":{"@context":"https:\/\/schema.org","@graph":[{"@type":"WebPage","@id":"https:\/\/armurerie-richert.ch\/de\/produit\/primary-arms-slx-mini-red-dot\/","url":"https:\/\/armurerie-richert.ch\/de\/produit\/primary-arms-slx-mini-red-dot\/","name":"PRIMARY ARMS SLX Mini red dot - Armurerie Richert","isPartOf":{"@id":"https:\/\/armurerie-richert.ch\/de\/#website"},"primaryImageOfPage":{"@id":"https:\/\/armurerie-richert.ch\/de\/produit\/primary-arms-slx-mini-red-dot\/#primaryimage"},"image":{"@id":"https:\/\/armurerie-richert.ch\/de\/produit\/primary-arms-slx-mini-red-dot\/#primaryimage"},"thumbnailUrl":"https:\/\/armurerie-richert.ch\/wp-content\/uploads\/2023\/11\/primary-arms-1x23mm-slx-mini-red-dot-reflex-sight-3-moa.jpg","datePublished":"2023-11-05T14:33:33+00:00","description":"Entdecken Sie den Rotpunktsucher SLX Mini von Primary Arms, die ideale L\u00f6sung f\u00fcr Ihre Optik. Leicht zu transportieren, praktisch und pr\u00e4zise!","breadcrumb":{"@id":"https:\/\/armurerie-richert.ch\/de\/produit\/primary-arms-slx-mini-red-dot\/#breadcrumb"},"inLanguage":"de","potentialAction":[{"@type":"ReadAction","target":["https:\/\/armurerie-richert.ch\/de\/produit\/primary-arms-slx-mini-red-dot\/"]}]},{"@type":"ImageObject","inLanguage":"de","@id":"https:\/\/armurerie-richert.ch\/de\/produit\/primary-arms-slx-mini-red-dot\/#primaryimage","url":"https:\/\/armurerie-richert.ch\/wp-content\/uploads\/2023\/11\/primary-arms-1x23mm-slx-mini-red-dot-reflex-sight-3-moa.jpg","contentUrl":"https:\/\/armurerie-richert.ch\/wp-content\/uploads\/2023\/11\/primary-arms-1x23mm-slx-mini-red-dot-reflex-sight-3-moa.jpg","width":1289,"height":1289},{"@type":"BreadcrumbList","@id":"https:\/\/armurerie-richert.ch\/de\/produit\/primary-arms-slx-mini-red-dot\/#breadcrumb","itemListElement":[{"@type":"ListItem","position":1,"name":"Accueil","item":"https:\/\/armurerie-richert.ch\/de\/startseite\/"},{"@type":"ListItem","position":2,"name":"Shop","item":"https:\/\/armurerie-richert.ch\/de\/shop\/"},{"@type":"ListItem","position":3,"name":"PRIMARY ARMS SLX Mini red dot"}]},{"@type":"WebSite","@id":"https:\/\/armurerie-richert.ch\/de\/#website","url":"https:\/\/armurerie-richert.ch\/de\/","name":"Armurerie Richert","description":"","publisher":{"@id":"https:\/\/armurerie-richert.ch\/de\/#organization"},"potentialAction":[{"@type":"SearchAction","target":{"@type":"EntryPoint","urlTemplate":"https:\/\/armurerie-richert.ch\/de\/?s={search_term_string}"},"query-input":{"@type":"PropertyValueSpecification","valueRequired":true,"valueName":"search_term_string"}}],"inLanguage":"de"},{"@type":"Organization","@id":"https:\/\/armurerie-richert.ch\/de\/#organization","name":"Armurerie Richert","url":"https:\/\/armurerie-richert.ch\/de\/","logo":{"@type":"ImageObject","inLanguage":"de","@id":"https:\/\/armurerie-richert.ch\/de\/#\/schema\/logo\/image\/","url":"https:\/\/armurerie-richert.ch\/wp-content\/uploads\/2023\/11\/Armurerie-Richert-Logo-300px.png","contentUrl":"https:\/\/armurerie-richert.ch\/wp-content\/uploads\/2023\/11\/Armurerie-Richert-Logo-300px.png","width":300,"height":73,"caption":"Armurerie Richert"},"image":{"@id":"https:\/\/armurerie-richert.ch\/de\/#\/schema\/logo\/image\/"},"sameAs":["https:\/\/www.facebook.com\/profile.php?id=100023920014088"]}]},"product_price_amount":"260.00","product_price_currency":"CHF","og_availability":"instock","product_availability":"instock","product_condition":"new"},"_links":{"self":[{"href":"https:\/\/armurerie-richert.ch\/de\/wp-json\/wp\/v2\/product\/35435","targetHints":{"allow":["GET"]}}],"collection":[{"href":"https:\/\/armurerie-richert.ch\/de\/wp-json\/wp\/v2\/product"}],"about":[{"href":"https:\/\/armurerie-richert.ch\/de\/wp-json\/wp\/v2\/types\/product"}],"wp:featuredmedia":[{"embeddable":true,"href":"https:\/\/armurerie-richert.ch\/de\/wp-json\/wp\/v2\/media\/32466"}],"wp:attachment":[{"href":"https:\/\/armurerie-richert.ch\/de\/wp-json\/wp\/v2\/media?parent=35435"}],"wp:term":[{"taxonomy":"product_brand","embeddable":true,"href":"https:\/\/armurerie-richert.ch\/de\/wp-json\/wp\/v2\/product_brand?post=35435"},{"taxonomy":"product_cat","embeddable":true,"href":"https:\/\/armurerie-richert.ch\/de\/wp-json\/wp\/v2\/product_cat?post=35435"},{"taxonomy":"product_tag","embeddable":true,"href":"https:\/\/armurerie-richert.ch\/de\/wp-json\/wp\/v2\/product_tag?post=35435"}],"curies":[{"name":"wp","href":"https:\/\/api.w.org\/{rel}","templated":true}]}}