{"id":35437,"date":"2023-11-05T15:31:32","date_gmt":"2023-11-05T14:31:32","guid":{"rendered":"https:\/\/armurerie-richert.ch\/produit\/holosun-scs320-green-fuer-sig-p320\/"},"modified":"2023-11-05T15:31:32","modified_gmt":"2023-11-05T14:31:32","slug":"holosun-scs320-green-fuer-sig-p320","status":"publish","type":"product","link":"https:\/\/armurerie-richert.ch\/de\/produit\/holosun-scs320-green-fuer-sig-p320\/","title":{"rendered":"HOLOSUN SCS320 green f\u00fcr SIG P320"},"content":{"rendered":"<h3>HOLOSUN SCS320 green f\u00fcr SIG P320<\/h3>\n<p>Das SCS-320 (Solar Charging Sight) wurde f\u00fcr P320 Optiken, Handguns und andere DPP-Fu\u00dfabdr\u00fccke entwickelt. Es ist so konzipiert, dass es ohne Adapterplatte direkt an der Schiene befestigt werden kann und verwendet das Holosuns Solarladesystem mit multidirektionalen Lichtsensoren zur automatischen Anpassung der Helligkeit. Das SCS kann potenziell unbegrenzt mit einer internen, wiederaufladbaren 20.000-Stunden-Batterie betrieben werden, was bedeutet, dass Sie die Batterien nie wieder austauschen m\u00fcssen. Im Lieferumfang ist eine Funktion zur \u00dcberbr\u00fcckung der Helligkeit enthalten, die die Optik f\u00fcr 30 Minuten in einem Modus mit hoher Helligkeit sperrt.   <\/p>\n<p><strong>Features:<\/strong><\/p>\n<ul>\n<li>20,000-Stunden-Leistungsreserve<\/li>\n<li>Asph\u00e4rische Glaslinsen mit null Verzerrung<\/li>\n<li>Solar Charging Internal Battery<\/li>\n<li>Multi-Sensor Auto Brightness<\/li>\n<li>Brightness Intensity Override System<\/li>\n<li>Multiple Reticle System\u2122 (MRS): 32 MOA Circle &amp; 2 MOA Dot; 2 MOA Dot; 32 MOA Circle<\/li>\n<li>Direct Fit For <a class=\"crosslink\" title=\"Sig Sauer\" href=\"https:\/\/www.rainierarms.com\/manufacturers\/sig-sauer\/\" target=\"_self\" rel=\"noopener\">Sig Sauer<\/a> Optics-Ready P320 Handguns &amp; DPP Footprint Applications<\/li>\n<\/ul>\n<p><strong>Spezifikationen:<\/strong><\/p>\n<ul>\n<li>IPX8 Certified Waterproof<\/li>\n<li>Nitrogen Purged Enclosed Housing<\/li>\n<li>Reisebereich \u00b1 30 MOA<\/li>\n<li>1.5 MOA Windage &amp; Elevation Adjustment Per Click<\/li>\n<li>Fenstergr\u00f6\u00dfe: 0.90 \u00d7 0.63 in<\/li>\n<li>7075 T6 Aluminum Geh\u00e4use<\/li>\n<\/ul>\n","protected":false},"excerpt":{"rendered":"<p>Das SCS-320 (Solar Charging Sight) wurde f\u00fcr P320 Optiken, Handguns und andere DPP-Fu\u00dfabdr\u00fccke entwickelt. Es ist so konzipiert, dass es ohne Adapterplatte direkt an der Schiene befestigt werden kann und verwendet das Holosuns Solarladesystem mit multidirektionalen Lichtsensoren zur automatischen Anpassung der Helligkeit. Das SCS kann potenziell unbegrenzt mit einer internen, wiederaufladbaren 20.000-Stunden-Batterie betrieben werden, was bedeutet, dass Sie die Batterien nie wieder austauschen m\u00fcssen. Im Lieferumfang ist eine Funktion zur \u00dcberbr\u00fcckung der Helligkeit enthalten, die die Optik f\u00fcr 30 Minuten in einem Modus mit hoher Helligkeit sperrt.   <\/p>\n<p><strong>Features:<\/strong><\/p>\n<ul>\n<li>20,000-Stunden-Leistungsreserve<\/li>\n<li>Asph\u00e4rische Glaslinsen mit null Verzerrung<\/li>\n<li>Solar Charging Internal Battery<\/li>\n<li>Multi-Sensor Auto Brightness<\/li>\n<li>Brightness Intensity Override System<\/li>\n<li>Multiple Reticle System\u2122 (MRS): 32 MOA Circle &amp; 2 MOA Dot; 2 MOA Dot; 32 MOA Circle<\/li>\n<li>Direct Fit For <a class=\"crosslink\" title=\"Sig Sauer\" href=\"https:\/\/www.rainierarms.com\/manufacturers\/sig-sauer\/\" target=\"_self\" rel=\"noopener\">Sig Sauer<\/a> Optics-Ready P320 Handguns &amp; DPP Footprint Applications<\/li>\n<\/ul>\n<p><strong>Spezifikationen:<\/strong><\/p>\n<ul>\n<li>IPX8 Certified Waterproof<\/li>\n<li>Nitrogen Purged Enclosed Housing<\/li>\n<li>Reisebereich \u00b1 30 MOA<\/li>\n<li>1.5 MOA Windage &amp; Elevation Adjustment Per Click<\/li>\n<li>Fenstergr\u00f6\u00dfe: 0.90 \u00d7 0.63 in<\/li>\n<li>7075 T6 Aluminum Geh\u00e4use<\/li>\n<\/ul>\n","protected":false},"featured_media":32463,"template":"","meta":{"_et_pb_use_builder":"","_et_pb_old_content":"","_et_gb_content_width":""},"product_brand":[],"product_cat":[68,65],"product_tag":[],"class_list":{"0":"post-35437","1":"product","2":"type-product","3":"status-publish","4":"has-post-thumbnail","6":"product_cat-red-dot-de","7":"product_cat-zubehor-und-optik","9":"first","10":"instock","11":"shipping-taxable","12":"purchasable","13":"product-type-simple"},"yoast_head":"<!-- This site is optimized with the Yoast SEO Premium plugin v24.7 (Yoast SEO v27.4) - https:\/\/yoast.com\/product\/yoast-seo-premium-wordpress\/ -->\n<title>HOLOSUN SCS320 green f\u00fcr SIG P320 - Armurerie Richert<\/title>\n<meta name=\"description\" content=\"HOLOSUN SCS320 green f\u00fcr SIG P320. 20.000-Stunden-Batterie, die sich bei Umgebungslicht automatisch aufl\u00e4dt, macht den Batteriewechsel \u00fcberfl\u00fcssig.\" \/>\n<meta name=\"robots\" content=\"index, follow, max-snippet:-1, max-image-preview:large, max-video-preview:-1\" \/>\n<link rel=\"canonical\" href=\"https:\/\/armurerie-richert.ch\/de\/produit\/holosun-scs320-green-fuer-sig-p320\/\" \/>\n<meta property=\"og:locale\" content=\"de_DE\" \/>\n<meta property=\"og:type\" content=\"article\" \/>\n<meta property=\"og:title\" content=\"HOLOSUN SCS320 green f\u00fcr SIG P320\" \/>\n<meta property=\"og:description\" content=\"HOLOSUN SCS320 green f\u00fcr SIG P320. 20.000-Stunden-Batterie, die sich bei Umgebungslicht automatisch aufl\u00e4dt, macht den Batteriewechsel \u00fcberfl\u00fcssig.\" \/>\n<meta property=\"og:url\" content=\"https:\/\/armurerie-richert.ch\/de\/produit\/holosun-scs320-green-fuer-sig-p320\/\" \/>\n<meta property=\"og:site_name\" content=\"Armurerie Richert\" \/>\n<meta property=\"article:publisher\" content=\"https:\/\/www.facebook.com\/profile.php?id=100023920014088\" \/>\n<meta property=\"og:image\" content=\"https:\/\/armurerie-richert.ch\/wp-content\/uploads\/2023\/11\/holosun-scs320-sig-sauer-p320-sc-sight-green-1.jpg\" \/>\n\t<meta property=\"og:image:width\" content=\"1259\" \/>\n\t<meta property=\"og:image:height\" content=\"1259\" \/>\n\t<meta property=\"og:image:type\" content=\"image\/jpeg\" \/>\n<meta name=\"twitter:card\" content=\"summary_large_image\" \/>\n<meta name=\"twitter:label1\" content=\"Preis\" \/>\n\t<meta name=\"twitter:data1\" content=\"&#067;&#072;&#070;&nbsp;550.00\" \/>\n\t<meta name=\"twitter:label2\" content=\"Verf\u00fcgbarkeit\" \/>\n\t<meta name=\"twitter:data2\" content=\"Auf Lager\" \/>\n<script type=\"application\/ld+json\" class=\"yoast-schema-graph\">{\"@context\":\"https:\\\/\\\/schema.org\",\"@graph\":[{\"@type\":\"WebPage\",\"@id\":\"https:\\\/\\\/armurerie-richert.ch\\\/de\\\/produit\\\/holosun-scs320-green-fuer-sig-p320\\\/\",\"url\":\"https:\\\/\\\/armurerie-richert.ch\\\/de\\\/produit\\\/holosun-scs320-green-fuer-sig-p320\\\/\",\"name\":\"HOLOSUN SCS320 green f\u00fcr SIG P320 - Armurerie Richert\",\"isPartOf\":{\"@id\":\"https:\\\/\\\/armurerie-richert.ch\\\/de\\\/#website\"},\"primaryImageOfPage\":{\"@id\":\"https:\\\/\\\/armurerie-richert.ch\\\/de\\\/produit\\\/holosun-scs320-green-fuer-sig-p320\\\/#primaryimage\"},\"image\":{\"@id\":\"https:\\\/\\\/armurerie-richert.ch\\\/de\\\/produit\\\/holosun-scs320-green-fuer-sig-p320\\\/#primaryimage\"},\"thumbnailUrl\":\"https:\\\/\\\/armurerie-richert.ch\\\/wp-content\\\/uploads\\\/2023\\\/11\\\/holosun-scs320-sig-sauer-p320-sc-sight-green-1.jpg\",\"datePublished\":\"2023-11-05T14:31:32+00:00\",\"description\":\"HOLOSUN SCS320 green f\u00fcr SIG P320. 20.000-Stunden-Batterie, die sich bei Umgebungslicht automatisch aufl\u00e4dt, macht den Batteriewechsel \u00fcberfl\u00fcssig.\",\"breadcrumb\":{\"@id\":\"https:\\\/\\\/armurerie-richert.ch\\\/de\\\/produit\\\/holosun-scs320-green-fuer-sig-p320\\\/#breadcrumb\"},\"inLanguage\":\"de\",\"potentialAction\":[{\"@type\":\"ReadAction\",\"target\":[\"https:\\\/\\\/armurerie-richert.ch\\\/de\\\/produit\\\/holosun-scs320-green-fuer-sig-p320\\\/\"]}]},{\"@type\":\"ImageObject\",\"inLanguage\":\"de\",\"@id\":\"https:\\\/\\\/armurerie-richert.ch\\\/de\\\/produit\\\/holosun-scs320-green-fuer-sig-p320\\\/#primaryimage\",\"url\":\"https:\\\/\\\/armurerie-richert.ch\\\/wp-content\\\/uploads\\\/2023\\\/11\\\/holosun-scs320-sig-sauer-p320-sc-sight-green-1.jpg\",\"contentUrl\":\"https:\\\/\\\/armurerie-richert.ch\\\/wp-content\\\/uploads\\\/2023\\\/11\\\/holosun-scs320-sig-sauer-p320-sc-sight-green-1.jpg\",\"width\":1259,\"height\":1259},{\"@type\":\"BreadcrumbList\",\"@id\":\"https:\\\/\\\/armurerie-richert.ch\\\/de\\\/produit\\\/holosun-scs320-green-fuer-sig-p320\\\/#breadcrumb\",\"itemListElement\":[{\"@type\":\"ListItem\",\"position\":1,\"name\":\"Accueil\",\"item\":\"https:\\\/\\\/armurerie-richert.ch\\\/de\\\/startseite\\\/\"},{\"@type\":\"ListItem\",\"position\":2,\"name\":\"Shop\",\"item\":\"https:\\\/\\\/armurerie-richert.ch\\\/de\\\/shop\\\/\"},{\"@type\":\"ListItem\",\"position\":3,\"name\":\"HOLOSUN SCS320 green f\u00fcr SIG P320\"}]},{\"@type\":\"WebSite\",\"@id\":\"https:\\\/\\\/armurerie-richert.ch\\\/de\\\/#website\",\"url\":\"https:\\\/\\\/armurerie-richert.ch\\\/de\\\/\",\"name\":\"Armurerie Richert\",\"description\":\"\",\"publisher\":{\"@id\":\"https:\\\/\\\/armurerie-richert.ch\\\/de\\\/#organization\"},\"potentialAction\":[{\"@type\":\"SearchAction\",\"target\":{\"@type\":\"EntryPoint\",\"urlTemplate\":\"https:\\\/\\\/armurerie-richert.ch\\\/de\\\/?s={search_term_string}\"},\"query-input\":{\"@type\":\"PropertyValueSpecification\",\"valueRequired\":true,\"valueName\":\"search_term_string\"}}],\"inLanguage\":\"de\"},{\"@type\":\"Organization\",\"@id\":\"https:\\\/\\\/armurerie-richert.ch\\\/de\\\/#organization\",\"name\":\"Armurerie Richert\",\"url\":\"https:\\\/\\\/armurerie-richert.ch\\\/de\\\/\",\"logo\":{\"@type\":\"ImageObject\",\"inLanguage\":\"de\",\"@id\":\"https:\\\/\\\/armurerie-richert.ch\\\/de\\\/#\\\/schema\\\/logo\\\/image\\\/\",\"url\":\"https:\\\/\\\/armurerie-richert.ch\\\/wp-content\\\/uploads\\\/2023\\\/11\\\/Armurerie-Richert-Logo-300px.png\",\"contentUrl\":\"https:\\\/\\\/armurerie-richert.ch\\\/wp-content\\\/uploads\\\/2023\\\/11\\\/Armurerie-Richert-Logo-300px.png\",\"width\":300,\"height\":73,\"caption\":\"Armurerie Richert\"},\"image\":{\"@id\":\"https:\\\/\\\/armurerie-richert.ch\\\/de\\\/#\\\/schema\\\/logo\\\/image\\\/\"},\"sameAs\":[\"https:\\\/\\\/www.facebook.com\\\/profile.php?id=100023920014088\"]}]}<\/script>\n<meta property=\"product:price:amount\" content=\"550.00\" \/>\n<meta property=\"product:price:currency\" content=\"CHF\" \/>\n<meta property=\"og:availability\" content=\"instock\" \/>\n<meta property=\"product:availability\" content=\"instock\" \/>\n<meta property=\"product:condition\" content=\"new\" \/>\n<!-- \/ Yoast SEO Premium plugin. -->","yoast_head_json":{"title":"HOLOSUN SCS320 green f\u00fcr SIG P320 - Armurerie Richert","description":"HOLOSUN SCS320 green f\u00fcr SIG P320. 20.000-Stunden-Batterie, die sich bei Umgebungslicht automatisch aufl\u00e4dt, macht den Batteriewechsel \u00fcberfl\u00fcssig.","robots":{"index":"index","follow":"follow","max-snippet":"max-snippet:-1","max-image-preview":"max-image-preview:large","max-video-preview":"max-video-preview:-1"},"canonical":"https:\/\/armurerie-richert.ch\/de\/produit\/holosun-scs320-green-fuer-sig-p320\/","og_locale":"de_DE","og_type":"article","og_title":"HOLOSUN SCS320 green f\u00fcr SIG P320","og_description":"HOLOSUN SCS320 green f\u00fcr SIG P320. 20.000-Stunden-Batterie, die sich bei Umgebungslicht automatisch aufl\u00e4dt, macht den Batteriewechsel \u00fcberfl\u00fcssig.","og_url":"https:\/\/armurerie-richert.ch\/de\/produit\/holosun-scs320-green-fuer-sig-p320\/","og_site_name":"Armurerie Richert","article_publisher":"https:\/\/www.facebook.com\/profile.php?id=100023920014088","og_image":[{"width":1259,"height":1259,"url":"https:\/\/armurerie-richert.ch\/wp-content\/uploads\/2023\/11\/holosun-scs320-sig-sauer-p320-sc-sight-green-1.jpg","type":"image\/jpeg"}],"twitter_card":"summary_large_image","twitter_misc":{"Preis":"&#67;&#72;&#70;&nbsp;550.00","Verf\u00fcgbarkeit":"Auf Lager"},"schema":{"@context":"https:\/\/schema.org","@graph":[{"@type":"WebPage","@id":"https:\/\/armurerie-richert.ch\/de\/produit\/holosun-scs320-green-fuer-sig-p320\/","url":"https:\/\/armurerie-richert.ch\/de\/produit\/holosun-scs320-green-fuer-sig-p320\/","name":"HOLOSUN SCS320 green f\u00fcr SIG P320 - Armurerie Richert","isPartOf":{"@id":"https:\/\/armurerie-richert.ch\/de\/#website"},"primaryImageOfPage":{"@id":"https:\/\/armurerie-richert.ch\/de\/produit\/holosun-scs320-green-fuer-sig-p320\/#primaryimage"},"image":{"@id":"https:\/\/armurerie-richert.ch\/de\/produit\/holosun-scs320-green-fuer-sig-p320\/#primaryimage"},"thumbnailUrl":"https:\/\/armurerie-richert.ch\/wp-content\/uploads\/2023\/11\/holosun-scs320-sig-sauer-p320-sc-sight-green-1.jpg","datePublished":"2023-11-05T14:31:32+00:00","description":"HOLOSUN SCS320 green f\u00fcr SIG P320. 20.000-Stunden-Batterie, die sich bei Umgebungslicht automatisch aufl\u00e4dt, macht den Batteriewechsel \u00fcberfl\u00fcssig.","breadcrumb":{"@id":"https:\/\/armurerie-richert.ch\/de\/produit\/holosun-scs320-green-fuer-sig-p320\/#breadcrumb"},"inLanguage":"de","potentialAction":[{"@type":"ReadAction","target":["https:\/\/armurerie-richert.ch\/de\/produit\/holosun-scs320-green-fuer-sig-p320\/"]}]},{"@type":"ImageObject","inLanguage":"de","@id":"https:\/\/armurerie-richert.ch\/de\/produit\/holosun-scs320-green-fuer-sig-p320\/#primaryimage","url":"https:\/\/armurerie-richert.ch\/wp-content\/uploads\/2023\/11\/holosun-scs320-sig-sauer-p320-sc-sight-green-1.jpg","contentUrl":"https:\/\/armurerie-richert.ch\/wp-content\/uploads\/2023\/11\/holosun-scs320-sig-sauer-p320-sc-sight-green-1.jpg","width":1259,"height":1259},{"@type":"BreadcrumbList","@id":"https:\/\/armurerie-richert.ch\/de\/produit\/holosun-scs320-green-fuer-sig-p320\/#breadcrumb","itemListElement":[{"@type":"ListItem","position":1,"name":"Accueil","item":"https:\/\/armurerie-richert.ch\/de\/startseite\/"},{"@type":"ListItem","position":2,"name":"Shop","item":"https:\/\/armurerie-richert.ch\/de\/shop\/"},{"@type":"ListItem","position":3,"name":"HOLOSUN SCS320 green f\u00fcr SIG P320"}]},{"@type":"WebSite","@id":"https:\/\/armurerie-richert.ch\/de\/#website","url":"https:\/\/armurerie-richert.ch\/de\/","name":"Armurerie Richert","description":"","publisher":{"@id":"https:\/\/armurerie-richert.ch\/de\/#organization"},"potentialAction":[{"@type":"SearchAction","target":{"@type":"EntryPoint","urlTemplate":"https:\/\/armurerie-richert.ch\/de\/?s={search_term_string}"},"query-input":{"@type":"PropertyValueSpecification","valueRequired":true,"valueName":"search_term_string"}}],"inLanguage":"de"},{"@type":"Organization","@id":"https:\/\/armurerie-richert.ch\/de\/#organization","name":"Armurerie Richert","url":"https:\/\/armurerie-richert.ch\/de\/","logo":{"@type":"ImageObject","inLanguage":"de","@id":"https:\/\/armurerie-richert.ch\/de\/#\/schema\/logo\/image\/","url":"https:\/\/armurerie-richert.ch\/wp-content\/uploads\/2023\/11\/Armurerie-Richert-Logo-300px.png","contentUrl":"https:\/\/armurerie-richert.ch\/wp-content\/uploads\/2023\/11\/Armurerie-Richert-Logo-300px.png","width":300,"height":73,"caption":"Armurerie Richert"},"image":{"@id":"https:\/\/armurerie-richert.ch\/de\/#\/schema\/logo\/image\/"},"sameAs":["https:\/\/www.facebook.com\/profile.php?id=100023920014088"]}]},"product_price_amount":"550.00","product_price_currency":"CHF","og_availability":"instock","product_availability":"instock","product_condition":"new"},"_links":{"self":[{"href":"https:\/\/armurerie-richert.ch\/de\/wp-json\/wp\/v2\/product\/35437","targetHints":{"allow":["GET"]}}],"collection":[{"href":"https:\/\/armurerie-richert.ch\/de\/wp-json\/wp\/v2\/product"}],"about":[{"href":"https:\/\/armurerie-richert.ch\/de\/wp-json\/wp\/v2\/types\/product"}],"wp:featuredmedia":[{"embeddable":true,"href":"https:\/\/armurerie-richert.ch\/de\/wp-json\/wp\/v2\/media\/32463"}],"wp:attachment":[{"href":"https:\/\/armurerie-richert.ch\/de\/wp-json\/wp\/v2\/media?parent=35437"}],"wp:term":[{"taxonomy":"product_brand","embeddable":true,"href":"https:\/\/armurerie-richert.ch\/de\/wp-json\/wp\/v2\/product_brand?post=35437"},{"taxonomy":"product_cat","embeddable":true,"href":"https:\/\/armurerie-richert.ch\/de\/wp-json\/wp\/v2\/product_cat?post=35437"},{"taxonomy":"product_tag","embeddable":true,"href":"https:\/\/armurerie-richert.ch\/de\/wp-json\/wp\/v2\/product_tag?post=35437"}],"curies":[{"name":"wp","href":"https:\/\/api.w.org\/{rel}","templated":true}]}}