{"id":35438,"date":"2023-11-05T15:04:47","date_gmt":"2023-11-05T14:04:47","guid":{"rendered":"https:\/\/armurerie-richert.ch\/produit\/optischer-aufbau-midwest-industries-fuer-ak\/"},"modified":"2023-11-05T15:04:47","modified_gmt":"2023-11-05T14:04:47","slug":"optischer-aufbau-midwest-industries-fuer-ak","status":"publish","type":"product","link":"https:\/\/armurerie-richert.ch\/de\/produit\/optischer-aufbau-midwest-industries-fuer-ak\/","title":{"rendered":"Optischer Aufbau MIDWEST INDUSTRIES f\u00fcr AK"},"content":{"rendered":"<h3>Optischer Aufbau MIDWEST INDUSTRIES f\u00fcr AK<\/h3>\n<ul>\n<li>Befestigungen an AK-Gewehren mit Standard AKM Empf\u00e4ngerschiene Schnittstelle<\/li>\n<li>Puts optic on center or extremely close to the center of the top cover on mil-spec built AK rifles<\/li>\n<li>Modulares Oberteil erm\u00f6glicht es, das Oberteil sp\u00e4ter in eine andere Konfiguration umzuwandeln, falls gew\u00fcnscht.<\/li>\n<li>Konstruiert aus hartbeschichtetem, anodisiertem Aluminium 6061<\/li>\n<li>Feature das patentierte Elite Defense QD System f\u00fcr keine Werkzeuganpassungen und wiederholte Nullpunktverriegelung<\/li>\n<li>Gewicht 7.4 oz<\/li>\n<\/ul>\n","protected":false},"excerpt":{"rendered":"<ul>\n<li>Befestigungen an AK-Gewehren mit Standard AKM Empf\u00e4ngerschiene Schnittstelle<\/li>\n<li>Puts optic on center or extremely close to the center of the top cover on mil-spec built AK rifles<\/li>\n<li>Modulares Oberteil erm\u00f6glicht es, das Oberteil sp\u00e4ter in eine andere Konfiguration umzuwandeln, falls gew\u00fcnscht.<\/li>\n<li>Konstruiert aus hartbeschichtetem, anodisiertem Aluminium 6061<\/li>\n<li>Feature das patentierte Elite Defense QD System f\u00fcr keine Werkzeuganpassungen und wiederholte Nullpunktverriegelung<\/li>\n<li>Gewicht 7.4 oz<\/li>\n<\/ul>\n","protected":false},"featured_media":32446,"template":"","meta":{"_et_pb_use_builder":"","_et_pb_old_content":"","_et_gb_content_width":""},"product_brand":[],"product_cat":[66,65],"product_tag":[],"class_list":{"0":"post-35438","1":"product","2":"type-product","3":"status-publish","4":"has-post-thumbnail","6":"product_cat-zubehor-fur-gewehre","7":"product_cat-zubehor-und-optik","9":"first","10":"instock","11":"shipping-taxable","12":"purchasable","13":"product-type-simple"},"yoast_head":"<!-- This site is optimized with the Yoast SEO Premium plugin v24.7 (Yoast SEO v27.4) - https:\/\/yoast.com\/product\/yoast-seo-premium-wordpress\/ -->\n<title>Optischer Aufbau MIDWEST INDUSTRIES f\u00fcr AK - Armurerie Richert<\/title>\n<meta name=\"description\" content=\"Verwandeln Sie Ihr AK-Gewehr in eine Pr\u00e4zisionswaffe mit dem optischen Aufbau von MIDWEST INDUSTRIES. Einfache Anpassung und modulares Design.\" \/>\n<meta name=\"robots\" content=\"index, follow, max-snippet:-1, max-image-preview:large, max-video-preview:-1\" \/>\n<link rel=\"canonical\" href=\"https:\/\/armurerie-richert.ch\/de\/produit\/optischer-aufbau-midwest-industries-fuer-ak\/\" \/>\n<meta property=\"og:locale\" content=\"de_DE\" \/>\n<meta property=\"og:type\" content=\"article\" \/>\n<meta property=\"og:title\" content=\"Optischer Aufbau MIDWEST INDUSTRIES f\u00fcr AK\" \/>\n<meta property=\"og:description\" content=\"Verwandeln Sie Ihr AK-Gewehr in eine Pr\u00e4zisionswaffe mit dem optischen Aufbau von MIDWEST INDUSTRIES. Einfache Anpassung und modulares Design.\" \/>\n<meta property=\"og:url\" content=\"https:\/\/armurerie-richert.ch\/de\/produit\/optischer-aufbau-midwest-industries-fuer-ak\/\" \/>\n<meta property=\"og:site_name\" content=\"Armurerie Richert\" \/>\n<meta property=\"article:publisher\" content=\"https:\/\/www.facebook.com\/profile.php?id=100023920014088\" \/>\n<meta property=\"og:image\" content=\"https:\/\/armurerie-richert.ch\/wp-content\/uploads\/2023\/11\/midwest-industries-gen-2-picatinny-rail-top-ak.jpg\" \/>\n\t<meta property=\"og:image:width\" content=\"1375\" \/>\n\t<meta property=\"og:image:height\" content=\"1375\" \/>\n\t<meta property=\"og:image:type\" content=\"image\/jpeg\" \/>\n<meta name=\"twitter:card\" content=\"summary_large_image\" \/>\n<meta name=\"twitter:label1\" content=\"Preis\" \/>\n\t<meta name=\"twitter:data1\" content=\"&#067;&#072;&#070;&nbsp;240.00\" \/>\n\t<meta name=\"twitter:label2\" content=\"Verf\u00fcgbarkeit\" \/>\n\t<meta name=\"twitter:data2\" content=\"Auf Lager\" \/>\n<script type=\"application\/ld+json\" class=\"yoast-schema-graph\">{\"@context\":\"https:\\\/\\\/schema.org\",\"@graph\":[{\"@type\":\"WebPage\",\"@id\":\"https:\\\/\\\/armurerie-richert.ch\\\/de\\\/produit\\\/optischer-aufbau-midwest-industries-fuer-ak\\\/\",\"url\":\"https:\\\/\\\/armurerie-richert.ch\\\/de\\\/produit\\\/optischer-aufbau-midwest-industries-fuer-ak\\\/\",\"name\":\"Optischer Aufbau MIDWEST INDUSTRIES f\u00fcr AK - Armurerie Richert\",\"isPartOf\":{\"@id\":\"https:\\\/\\\/armurerie-richert.ch\\\/de\\\/#website\"},\"primaryImageOfPage\":{\"@id\":\"https:\\\/\\\/armurerie-richert.ch\\\/de\\\/produit\\\/optischer-aufbau-midwest-industries-fuer-ak\\\/#primaryimage\"},\"image\":{\"@id\":\"https:\\\/\\\/armurerie-richert.ch\\\/de\\\/produit\\\/optischer-aufbau-midwest-industries-fuer-ak\\\/#primaryimage\"},\"thumbnailUrl\":\"https:\\\/\\\/armurerie-richert.ch\\\/wp-content\\\/uploads\\\/2023\\\/11\\\/midwest-industries-gen-2-picatinny-rail-top-ak.jpg\",\"datePublished\":\"2023-11-05T14:04:47+00:00\",\"description\":\"Verwandeln Sie Ihr AK-Gewehr in eine Pr\u00e4zisionswaffe mit dem optischen Aufbau von MIDWEST INDUSTRIES. Einfache Anpassung und modulares Design.\",\"breadcrumb\":{\"@id\":\"https:\\\/\\\/armurerie-richert.ch\\\/de\\\/produit\\\/optischer-aufbau-midwest-industries-fuer-ak\\\/#breadcrumb\"},\"inLanguage\":\"de\",\"potentialAction\":[{\"@type\":\"ReadAction\",\"target\":[\"https:\\\/\\\/armurerie-richert.ch\\\/de\\\/produit\\\/optischer-aufbau-midwest-industries-fuer-ak\\\/\"]}]},{\"@type\":\"ImageObject\",\"inLanguage\":\"de\",\"@id\":\"https:\\\/\\\/armurerie-richert.ch\\\/de\\\/produit\\\/optischer-aufbau-midwest-industries-fuer-ak\\\/#primaryimage\",\"url\":\"https:\\\/\\\/armurerie-richert.ch\\\/wp-content\\\/uploads\\\/2023\\\/11\\\/midwest-industries-gen-2-picatinny-rail-top-ak.jpg\",\"contentUrl\":\"https:\\\/\\\/armurerie-richert.ch\\\/wp-content\\\/uploads\\\/2023\\\/11\\\/midwest-industries-gen-2-picatinny-rail-top-ak.jpg\",\"width\":1375,\"height\":1375},{\"@type\":\"BreadcrumbList\",\"@id\":\"https:\\\/\\\/armurerie-richert.ch\\\/de\\\/produit\\\/optischer-aufbau-midwest-industries-fuer-ak\\\/#breadcrumb\",\"itemListElement\":[{\"@type\":\"ListItem\",\"position\":1,\"name\":\"Accueil\",\"item\":\"https:\\\/\\\/armurerie-richert.ch\\\/de\\\/startseite\\\/\"},{\"@type\":\"ListItem\",\"position\":2,\"name\":\"Shop\",\"item\":\"https:\\\/\\\/armurerie-richert.ch\\\/de\\\/shop\\\/\"},{\"@type\":\"ListItem\",\"position\":3,\"name\":\"Optischer Aufbau MIDWEST INDUSTRIES f\u00fcr AK\"}]},{\"@type\":\"WebSite\",\"@id\":\"https:\\\/\\\/armurerie-richert.ch\\\/de\\\/#website\",\"url\":\"https:\\\/\\\/armurerie-richert.ch\\\/de\\\/\",\"name\":\"Armurerie Richert\",\"description\":\"\",\"publisher\":{\"@id\":\"https:\\\/\\\/armurerie-richert.ch\\\/de\\\/#organization\"},\"potentialAction\":[{\"@type\":\"SearchAction\",\"target\":{\"@type\":\"EntryPoint\",\"urlTemplate\":\"https:\\\/\\\/armurerie-richert.ch\\\/de\\\/?s={search_term_string}\"},\"query-input\":{\"@type\":\"PropertyValueSpecification\",\"valueRequired\":true,\"valueName\":\"search_term_string\"}}],\"inLanguage\":\"de\"},{\"@type\":\"Organization\",\"@id\":\"https:\\\/\\\/armurerie-richert.ch\\\/de\\\/#organization\",\"name\":\"Armurerie Richert\",\"url\":\"https:\\\/\\\/armurerie-richert.ch\\\/de\\\/\",\"logo\":{\"@type\":\"ImageObject\",\"inLanguage\":\"de\",\"@id\":\"https:\\\/\\\/armurerie-richert.ch\\\/de\\\/#\\\/schema\\\/logo\\\/image\\\/\",\"url\":\"https:\\\/\\\/armurerie-richert.ch\\\/wp-content\\\/uploads\\\/2023\\\/11\\\/Armurerie-Richert-Logo-300px.png\",\"contentUrl\":\"https:\\\/\\\/armurerie-richert.ch\\\/wp-content\\\/uploads\\\/2023\\\/11\\\/Armurerie-Richert-Logo-300px.png\",\"width\":300,\"height\":73,\"caption\":\"Armurerie Richert\"},\"image\":{\"@id\":\"https:\\\/\\\/armurerie-richert.ch\\\/de\\\/#\\\/schema\\\/logo\\\/image\\\/\"},\"sameAs\":[\"https:\\\/\\\/www.facebook.com\\\/profile.php?id=100023920014088\"]}]}<\/script>\n<meta property=\"product:price:amount\" content=\"240.00\" \/>\n<meta property=\"product:price:currency\" content=\"CHF\" \/>\n<meta property=\"og:availability\" content=\"instock\" \/>\n<meta property=\"product:availability\" content=\"instock\" \/>\n<meta property=\"product:condition\" content=\"new\" \/>\n<!-- \/ Yoast SEO Premium plugin. -->","yoast_head_json":{"title":"Optischer Aufbau MIDWEST INDUSTRIES f\u00fcr AK - Armurerie Richert","description":"Verwandeln Sie Ihr AK-Gewehr in eine Pr\u00e4zisionswaffe mit dem optischen Aufbau von MIDWEST INDUSTRIES. Einfache Anpassung und modulares Design.","robots":{"index":"index","follow":"follow","max-snippet":"max-snippet:-1","max-image-preview":"max-image-preview:large","max-video-preview":"max-video-preview:-1"},"canonical":"https:\/\/armurerie-richert.ch\/de\/produit\/optischer-aufbau-midwest-industries-fuer-ak\/","og_locale":"de_DE","og_type":"article","og_title":"Optischer Aufbau MIDWEST INDUSTRIES f\u00fcr AK","og_description":"Verwandeln Sie Ihr AK-Gewehr in eine Pr\u00e4zisionswaffe mit dem optischen Aufbau von MIDWEST INDUSTRIES. Einfache Anpassung und modulares Design.","og_url":"https:\/\/armurerie-richert.ch\/de\/produit\/optischer-aufbau-midwest-industries-fuer-ak\/","og_site_name":"Armurerie Richert","article_publisher":"https:\/\/www.facebook.com\/profile.php?id=100023920014088","og_image":[{"width":1375,"height":1375,"url":"https:\/\/armurerie-richert.ch\/wp-content\/uploads\/2023\/11\/midwest-industries-gen-2-picatinny-rail-top-ak.jpg","type":"image\/jpeg"}],"twitter_card":"summary_large_image","twitter_misc":{"Preis":"&#67;&#72;&#70;&nbsp;240.00","Verf\u00fcgbarkeit":"Auf Lager"},"schema":{"@context":"https:\/\/schema.org","@graph":[{"@type":"WebPage","@id":"https:\/\/armurerie-richert.ch\/de\/produit\/optischer-aufbau-midwest-industries-fuer-ak\/","url":"https:\/\/armurerie-richert.ch\/de\/produit\/optischer-aufbau-midwest-industries-fuer-ak\/","name":"Optischer Aufbau MIDWEST INDUSTRIES f\u00fcr AK - Armurerie Richert","isPartOf":{"@id":"https:\/\/armurerie-richert.ch\/de\/#website"},"primaryImageOfPage":{"@id":"https:\/\/armurerie-richert.ch\/de\/produit\/optischer-aufbau-midwest-industries-fuer-ak\/#primaryimage"},"image":{"@id":"https:\/\/armurerie-richert.ch\/de\/produit\/optischer-aufbau-midwest-industries-fuer-ak\/#primaryimage"},"thumbnailUrl":"https:\/\/armurerie-richert.ch\/wp-content\/uploads\/2023\/11\/midwest-industries-gen-2-picatinny-rail-top-ak.jpg","datePublished":"2023-11-05T14:04:47+00:00","description":"Verwandeln Sie Ihr AK-Gewehr in eine Pr\u00e4zisionswaffe mit dem optischen Aufbau von MIDWEST INDUSTRIES. Einfache Anpassung und modulares Design.","breadcrumb":{"@id":"https:\/\/armurerie-richert.ch\/de\/produit\/optischer-aufbau-midwest-industries-fuer-ak\/#breadcrumb"},"inLanguage":"de","potentialAction":[{"@type":"ReadAction","target":["https:\/\/armurerie-richert.ch\/de\/produit\/optischer-aufbau-midwest-industries-fuer-ak\/"]}]},{"@type":"ImageObject","inLanguage":"de","@id":"https:\/\/armurerie-richert.ch\/de\/produit\/optischer-aufbau-midwest-industries-fuer-ak\/#primaryimage","url":"https:\/\/armurerie-richert.ch\/wp-content\/uploads\/2023\/11\/midwest-industries-gen-2-picatinny-rail-top-ak.jpg","contentUrl":"https:\/\/armurerie-richert.ch\/wp-content\/uploads\/2023\/11\/midwest-industries-gen-2-picatinny-rail-top-ak.jpg","width":1375,"height":1375},{"@type":"BreadcrumbList","@id":"https:\/\/armurerie-richert.ch\/de\/produit\/optischer-aufbau-midwest-industries-fuer-ak\/#breadcrumb","itemListElement":[{"@type":"ListItem","position":1,"name":"Accueil","item":"https:\/\/armurerie-richert.ch\/de\/startseite\/"},{"@type":"ListItem","position":2,"name":"Shop","item":"https:\/\/armurerie-richert.ch\/de\/shop\/"},{"@type":"ListItem","position":3,"name":"Optischer Aufbau MIDWEST INDUSTRIES f\u00fcr AK"}]},{"@type":"WebSite","@id":"https:\/\/armurerie-richert.ch\/de\/#website","url":"https:\/\/armurerie-richert.ch\/de\/","name":"Armurerie Richert","description":"","publisher":{"@id":"https:\/\/armurerie-richert.ch\/de\/#organization"},"potentialAction":[{"@type":"SearchAction","target":{"@type":"EntryPoint","urlTemplate":"https:\/\/armurerie-richert.ch\/de\/?s={search_term_string}"},"query-input":{"@type":"PropertyValueSpecification","valueRequired":true,"valueName":"search_term_string"}}],"inLanguage":"de"},{"@type":"Organization","@id":"https:\/\/armurerie-richert.ch\/de\/#organization","name":"Armurerie Richert","url":"https:\/\/armurerie-richert.ch\/de\/","logo":{"@type":"ImageObject","inLanguage":"de","@id":"https:\/\/armurerie-richert.ch\/de\/#\/schema\/logo\/image\/","url":"https:\/\/armurerie-richert.ch\/wp-content\/uploads\/2023\/11\/Armurerie-Richert-Logo-300px.png","contentUrl":"https:\/\/armurerie-richert.ch\/wp-content\/uploads\/2023\/11\/Armurerie-Richert-Logo-300px.png","width":300,"height":73,"caption":"Armurerie Richert"},"image":{"@id":"https:\/\/armurerie-richert.ch\/de\/#\/schema\/logo\/image\/"},"sameAs":["https:\/\/www.facebook.com\/profile.php?id=100023920014088"]}]},"product_price_amount":"240.00","product_price_currency":"CHF","og_availability":"instock","product_availability":"instock","product_condition":"new"},"_links":{"self":[{"href":"https:\/\/armurerie-richert.ch\/de\/wp-json\/wp\/v2\/product\/35438","targetHints":{"allow":["GET"]}}],"collection":[{"href":"https:\/\/armurerie-richert.ch\/de\/wp-json\/wp\/v2\/product"}],"about":[{"href":"https:\/\/armurerie-richert.ch\/de\/wp-json\/wp\/v2\/types\/product"}],"wp:featuredmedia":[{"embeddable":true,"href":"https:\/\/armurerie-richert.ch\/de\/wp-json\/wp\/v2\/media\/32446"}],"wp:attachment":[{"href":"https:\/\/armurerie-richert.ch\/de\/wp-json\/wp\/v2\/media?parent=35438"}],"wp:term":[{"taxonomy":"product_brand","embeddable":true,"href":"https:\/\/armurerie-richert.ch\/de\/wp-json\/wp\/v2\/product_brand?post=35438"},{"taxonomy":"product_cat","embeddable":true,"href":"https:\/\/armurerie-richert.ch\/de\/wp-json\/wp\/v2\/product_cat?post=35438"},{"taxonomy":"product_tag","embeddable":true,"href":"https:\/\/armurerie-richert.ch\/de\/wp-json\/wp\/v2\/product_tag?post=35438"}],"curies":[{"name":"wp","href":"https:\/\/api.w.org\/{rel}","templated":true}]}}