{"id":35439,"date":"2023-11-05T15:28:41","date_gmt":"2023-11-05T14:28:41","guid":{"rendered":"https:\/\/armurerie-richert.ch\/produit\/holosun-hs507c-x2\/"},"modified":"2023-11-05T15:28:41","modified_gmt":"2023-11-05T14:28:41","slug":"holosun-hs507c-x2","status":"publish","type":"product","link":"https:\/\/armurerie-richert.ch\/de\/produit\/holosun-hs507c-x2\/","title":{"rendered":"HOLOSUN HS507C -X2"},"content":{"rendered":"<h3>HOLOSUN HE507C -X2<\/h3>\n<p>Die HS507C X2 ist ein offenes Reflexvisier f\u00fcr Pistolenanwendungen. Die Pistolenoptik der X2-Serie bietet zwei Verbesserungen. Erstens wurde der Lock Mode von unseren 2018-2019 LE Pistolenoptik Modellen hinzugef\u00fcgt. Wenn der Lock Mode aktiviert ist, sperrt er die Tasten, um ungewollte Einstellungs\u00e4nderungen zu verhindern. Zweitens wurden die Tasten neu gestaltet, um den Sperrmodus zu vervollst\u00e4ndigen, indem sie tiefer und weiter hinten platziert wurden. Zu den zus\u00e4tzlichen Funktionen geh\u00f6ren die Super LED von Holosun mit einer Batterielebensdauer von bis zu 50 Stunden, Solar Failsafe, Multi-Reticle System und Shake Awake.     <\/p>\n<p><strong>Spezifikationen:<\/strong><\/p>\n<p><strong>OPTICAL DATA<\/strong><\/p>\n<p><strong>Reticle: <\/strong>2 MOA Dot &amp; 32 MOA Circle<\/p>\n<ul>\n<li><strong>Lichtwellenl\u00e4nge: <\/strong>650nm<\/li>\n<li><strong>Reticle Color: <\/strong>Red<\/li>\n<li><strong>Parallax Free: <\/strong>Yes<\/li>\n<li><strong>Unlimited Eye Relief: <\/strong>Yes<\/li>\n<li><strong>Vergr\u00f6\u00dferung: <\/strong>1x<\/li>\n<li><strong>Multi-Coatings: <\/strong>Yes<\/li>\n<\/ul>\n<p><strong>ELEKTRONISCHE DATEN<\/strong><\/p>\n<ul>\n<li><strong>Stromquelle: <\/strong>Solar &amp; Batterie<\/li>\n<li><strong>Batterietyp: <\/strong>CR1632<\/li>\n<li><strong>Batterielebensdauer (Stunden): <\/strong>50000<\/li>\n<li><strong>Helligkeitseinstellung: <\/strong>10 DL&amp;2 NV<\/li>\n<\/ul>\n<p><strong>PHYSICAL DATA<\/strong><\/p>\n<ul>\n<li><strong>Fenstergr\u00f6\u00dfe: <\/strong>0.63&#215;0.91<\/li>\n<li><strong>Abmessungen (in): <\/strong>1.78&#215;1.15&#215;1.15<\/li>\n<li><strong>Gewicht (oz): <\/strong>1.5<\/li>\n<\/ul>\n<p><strong>MECHANISCHE DATEN<\/strong><\/p>\n<ul>\n<li><strong>Geh\u00e4usematerial: <\/strong>7075 T6 Aluminium<\/li>\n<li><strong>Oberfl\u00e4chenfinish:<\/strong> Anodize<\/li>\n<li><strong>Anpassung pro Klick: <\/strong>1 MOA<\/li>\n<li><strong>W&amp;E Reisespanne: <\/strong>\u00b150 MOA<\/li>\n<\/ul>\n<p><strong>UMWELTDATEN<\/strong><\/p>\n<ul>\n<li><strong>Lagerungstemperatur: <\/strong>-40\u2103~70\u2103.<\/li>\n<li><strong>Arbeitstemperatur: <\/strong>-30\u2103~60\u2103<\/li>\n<li><strong>Unterwasser: <\/strong>IP67<\/li>\n<li><strong>Vibration: <\/strong>5000G<\/li>\n<\/ul>\n","protected":false},"excerpt":{"rendered":"<p>Die HS507C X2 ist ein offenes Reflexvisier f\u00fcr Pistolenanwendungen. Die Pistolenoptik der X2-Serie bietet zwei Verbesserungen. Erstens wurde der Lock Mode von unseren 2018-2019 LE Pistolenoptik Modellen hinzugef\u00fcgt. Wenn der Lock Mode aktiviert ist, sperrt er die Tasten, um ungewollte Einstellungs\u00e4nderungen zu verhindern. Zweitens wurden die Tasten neu gestaltet, um den Sperrmodus zu vervollst\u00e4ndigen, indem sie tiefer und weiter hinten platziert wurden. Zu den zus\u00e4tzlichen Funktionen geh\u00f6ren die Super LED von Holosun mit einer Batterielebensdauer von bis zu 50 Stunden, Solar Failsafe, Multi-Reticle System und Shake Awake.     <\/p>\n<p><strong>Spezifikationen:<\/strong><\/p>\n<p><strong>OPTICAL DATA<\/strong><\/p>\n<p><strong>Reticle: <\/strong>2 MOA Dot &amp; 32 MOA Circle<\/p>\n<ul>\n<li><strong>Lichtwellenl\u00e4nge: <\/strong>650nm<\/li>\n<li><strong>Reticle Color: <\/strong>Red<\/li>\n<li><strong>Parallax Free: <\/strong>Yes<\/li>\n<li><strong>Unlimited Eye Relief: <\/strong>Yes<\/li>\n<li><strong>Vergr\u00f6\u00dferung: <\/strong>1x<\/li>\n<li><strong>Multi-Coatings: <\/strong>Yes<\/li>\n<\/ul>\n<p><strong>ELEKTRONISCHE DATEN<\/strong><\/p>\n<ul>\n<li><strong>Stromquelle: <\/strong>Solar &amp; Batterie<\/li>\n<li><strong>Batterietyp: <\/strong>CR1632<\/li>\n<li><strong>Batterielebensdauer (Stunden): <\/strong>50000<\/li>\n<li><strong>Helligkeitseinstellung: <\/strong>10 DL&amp;2 NV<\/li>\n<\/ul>\n<p><strong>PHYSICAL DATA<\/strong><\/p>\n<ul>\n<li><strong>Fenstergr\u00f6\u00dfe: <\/strong>0.63&#215;0.91<\/li>\n<li><strong>Gr\u00f6\u00dfe (in): <\/strong>1.78&#215;1.15&#215;1.15<\/li>\n<li><strong>Gewicht (oz): <\/strong>1.5<\/li>\n<\/ul>\n<p><strong>MECHANISCHE DATEN<\/strong><\/p>\n<ul>\n<li><strong>Geh\u00e4usematerial: <\/strong>7075 T6 Aluminium<\/li>\n<li><strong>Oberfl\u00e4chenfinish:<\/strong> Anodize<\/li>\n<li><strong>Anpassung pro Klick: <\/strong>1 MOA<\/li>\n<li><strong>W&amp;E Reisespanne: <\/strong>\u00b150 MOA<\/li>\n<\/ul>\n<p><strong>UMWELTDATEN<\/strong><\/p>\n<ul>\n<li><strong>Lagerungstemperatur: <\/strong>-40\u2103~70\u2103.<\/li>\n<li><strong>Arbeitstemperatur: <\/strong>-30\u2103~60\u2103<\/li>\n<li><strong>Unterwasser: <\/strong>IP67<\/li>\n<li><strong>Vibration: <\/strong>5000G<\/li>\n<\/ul>\n","protected":false},"featured_media":32460,"template":"","meta":{"_et_pb_use_builder":"","_et_pb_old_content":"","_et_gb_content_width":""},"product_brand":[],"product_cat":[68,65],"product_tag":[],"class_list":{"0":"post-35439","1":"product","2":"type-product","3":"status-publish","4":"has-post-thumbnail","6":"product_cat-red-dot-de","7":"product_cat-zubehor-und-optik","9":"first","10":"instock","11":"shipping-taxable","12":"purchasable","13":"product-type-simple"},"yoast_head":"<!-- This site is optimized with the Yoast SEO Premium plugin v24.7 (Yoast SEO v27.5) - https:\/\/yoast.com\/product\/yoast-seo-premium-wordpress\/ -->\n<title>HOLOSUN HS507C -X2 - Armurerie Richert<\/title>\n<meta name=\"description\" content=\"Maximieren Sie Ihre Pr\u00e4zision mit dem optischen Sucher HS507C-X2 von HOLOSUN. Der Verriegelungsmodus und die neu gestalteten Tasten geben Ihnen die volle Kontrolle.\" \/>\n<meta name=\"robots\" content=\"index, follow, max-snippet:-1, max-image-preview:large, max-video-preview:-1\" \/>\n<link rel=\"canonical\" href=\"https:\/\/armurerie-richert.ch\/de\/produit\/holosun-hs507c-x2\/\" \/>\n<meta property=\"og:locale\" content=\"de_DE\" \/>\n<meta property=\"og:type\" content=\"article\" \/>\n<meta property=\"og:title\" content=\"HOLOSUN HS507C -X2\" \/>\n<meta property=\"og:description\" content=\"Maximieren Sie Ihre Pr\u00e4zision mit dem optischen Sucher HS507C-X2 von HOLOSUN. Der Verriegelungsmodus und die neu gestalteten Tasten geben Ihnen die volle Kontrolle.\" \/>\n<meta property=\"og:url\" content=\"https:\/\/armurerie-richert.ch\/de\/produit\/holosun-hs507c-x2\/\" \/>\n<meta property=\"og:site_name\" content=\"Armurerie Richert\" \/>\n<meta property=\"article:publisher\" content=\"https:\/\/www.facebook.com\/profile.php?id=100023920014088\" \/>\n<meta property=\"og:image\" content=\"https:\/\/armurerie-richert.ch\/wp-content\/uploads\/2023\/11\/holosun-he507c-gr-x2-green-dot-sight-acss-vulcan-reticle.jpg\" \/>\n\t<meta property=\"og:image:width\" content=\"900\" \/>\n\t<meta property=\"og:image:height\" content=\"900\" \/>\n\t<meta property=\"og:image:type\" content=\"image\/jpeg\" \/>\n<meta name=\"twitter:card\" content=\"summary_large_image\" \/>\n<meta name=\"twitter:label1\" content=\"Preis\" \/>\n\t<meta name=\"twitter:data1\" content=\"&#067;&#072;&#070;&nbsp;425.00\" \/>\n\t<meta name=\"twitter:label2\" content=\"Verf\u00fcgbarkeit\" \/>\n\t<meta name=\"twitter:data2\" content=\"Auf Lager\" \/>\n<script type=\"application\/ld+json\" class=\"yoast-schema-graph\">{\"@context\":\"https:\\\/\\\/schema.org\",\"@graph\":[{\"@type\":\"WebPage\",\"@id\":\"https:\\\/\\\/armurerie-richert.ch\\\/de\\\/produit\\\/holosun-hs507c-x2\\\/\",\"url\":\"https:\\\/\\\/armurerie-richert.ch\\\/de\\\/produit\\\/holosun-hs507c-x2\\\/\",\"name\":\"HOLOSUN HS507C -X2 - Armurerie Richert\",\"isPartOf\":{\"@id\":\"https:\\\/\\\/armurerie-richert.ch\\\/de\\\/#website\"},\"primaryImageOfPage\":{\"@id\":\"https:\\\/\\\/armurerie-richert.ch\\\/de\\\/produit\\\/holosun-hs507c-x2\\\/#primaryimage\"},\"image\":{\"@id\":\"https:\\\/\\\/armurerie-richert.ch\\\/de\\\/produit\\\/holosun-hs507c-x2\\\/#primaryimage\"},\"thumbnailUrl\":\"https:\\\/\\\/armurerie-richert.ch\\\/wp-content\\\/uploads\\\/2023\\\/11\\\/holosun-he507c-gr-x2-green-dot-sight-acss-vulcan-reticle.jpg\",\"datePublished\":\"2023-11-05T14:28:41+00:00\",\"description\":\"Maximieren Sie Ihre Pr\u00e4zision mit dem optischen Sucher HS507C-X2 von HOLOSUN. Der Verriegelungsmodus und die neu gestalteten Tasten geben Ihnen die volle Kontrolle.\",\"breadcrumb\":{\"@id\":\"https:\\\/\\\/armurerie-richert.ch\\\/de\\\/produit\\\/holosun-hs507c-x2\\\/#breadcrumb\"},\"inLanguage\":\"de\",\"potentialAction\":[{\"@type\":\"ReadAction\",\"target\":[\"https:\\\/\\\/armurerie-richert.ch\\\/de\\\/produit\\\/holosun-hs507c-x2\\\/\"]}]},{\"@type\":\"ImageObject\",\"inLanguage\":\"de\",\"@id\":\"https:\\\/\\\/armurerie-richert.ch\\\/de\\\/produit\\\/holosun-hs507c-x2\\\/#primaryimage\",\"url\":\"https:\\\/\\\/armurerie-richert.ch\\\/wp-content\\\/uploads\\\/2023\\\/11\\\/holosun-he507c-gr-x2-green-dot-sight-acss-vulcan-reticle.jpg\",\"contentUrl\":\"https:\\\/\\\/armurerie-richert.ch\\\/wp-content\\\/uploads\\\/2023\\\/11\\\/holosun-he507c-gr-x2-green-dot-sight-acss-vulcan-reticle.jpg\",\"width\":900,\"height\":900},{\"@type\":\"BreadcrumbList\",\"@id\":\"https:\\\/\\\/armurerie-richert.ch\\\/de\\\/produit\\\/holosun-hs507c-x2\\\/#breadcrumb\",\"itemListElement\":[{\"@type\":\"ListItem\",\"position\":1,\"name\":\"Accueil\",\"item\":\"https:\\\/\\\/armurerie-richert.ch\\\/de\\\/startseite\\\/\"},{\"@type\":\"ListItem\",\"position\":2,\"name\":\"Shop\",\"item\":\"https:\\\/\\\/armurerie-richert.ch\\\/de\\\/shop\\\/\"},{\"@type\":\"ListItem\",\"position\":3,\"name\":\"HOLOSUN HS507C -X2\"}]},{\"@type\":\"WebSite\",\"@id\":\"https:\\\/\\\/armurerie-richert.ch\\\/de\\\/#website\",\"url\":\"https:\\\/\\\/armurerie-richert.ch\\\/de\\\/\",\"name\":\"Armurerie Richert\",\"description\":\"\",\"publisher\":{\"@id\":\"https:\\\/\\\/armurerie-richert.ch\\\/de\\\/#organization\"},\"potentialAction\":[{\"@type\":\"SearchAction\",\"target\":{\"@type\":\"EntryPoint\",\"urlTemplate\":\"https:\\\/\\\/armurerie-richert.ch\\\/de\\\/?s={search_term_string}\"},\"query-input\":{\"@type\":\"PropertyValueSpecification\",\"valueRequired\":true,\"valueName\":\"search_term_string\"}}],\"inLanguage\":\"de\"},{\"@type\":\"Organization\",\"@id\":\"https:\\\/\\\/armurerie-richert.ch\\\/de\\\/#organization\",\"name\":\"Armurerie Richert\",\"url\":\"https:\\\/\\\/armurerie-richert.ch\\\/de\\\/\",\"logo\":{\"@type\":\"ImageObject\",\"inLanguage\":\"de\",\"@id\":\"https:\\\/\\\/armurerie-richert.ch\\\/de\\\/#\\\/schema\\\/logo\\\/image\\\/\",\"url\":\"https:\\\/\\\/armurerie-richert.ch\\\/wp-content\\\/uploads\\\/2023\\\/11\\\/Armurerie-Richert-Logo-300px.png\",\"contentUrl\":\"https:\\\/\\\/armurerie-richert.ch\\\/wp-content\\\/uploads\\\/2023\\\/11\\\/Armurerie-Richert-Logo-300px.png\",\"width\":300,\"height\":73,\"caption\":\"Armurerie Richert\"},\"image\":{\"@id\":\"https:\\\/\\\/armurerie-richert.ch\\\/de\\\/#\\\/schema\\\/logo\\\/image\\\/\"},\"sameAs\":[\"https:\\\/\\\/www.facebook.com\\\/profile.php?id=100023920014088\"]}]}<\/script>\n<meta property=\"product:price:amount\" content=\"425.00\" \/>\n<meta property=\"product:price:currency\" content=\"CHF\" \/>\n<meta property=\"og:availability\" content=\"instock\" \/>\n<meta property=\"product:availability\" content=\"instock\" \/>\n<meta property=\"product:condition\" content=\"new\" \/>\n<!-- \/ Yoast SEO Premium plugin. -->","yoast_head_json":{"title":"HOLOSUN HS507C -X2 - Armurerie Richert","description":"Maximieren Sie Ihre Pr\u00e4zision mit dem optischen Sucher HS507C-X2 von HOLOSUN. Der Verriegelungsmodus und die neu gestalteten Tasten geben Ihnen die volle Kontrolle.","robots":{"index":"index","follow":"follow","max-snippet":"max-snippet:-1","max-image-preview":"max-image-preview:large","max-video-preview":"max-video-preview:-1"},"canonical":"https:\/\/armurerie-richert.ch\/de\/produit\/holosun-hs507c-x2\/","og_locale":"de_DE","og_type":"article","og_title":"HOLOSUN HS507C -X2","og_description":"Maximieren Sie Ihre Pr\u00e4zision mit dem optischen Sucher HS507C-X2 von HOLOSUN. Der Verriegelungsmodus und die neu gestalteten Tasten geben Ihnen die volle Kontrolle.","og_url":"https:\/\/armurerie-richert.ch\/de\/produit\/holosun-hs507c-x2\/","og_site_name":"Armurerie Richert","article_publisher":"https:\/\/www.facebook.com\/profile.php?id=100023920014088","og_image":[{"width":900,"height":900,"url":"https:\/\/armurerie-richert.ch\/wp-content\/uploads\/2023\/11\/holosun-he507c-gr-x2-green-dot-sight-acss-vulcan-reticle.jpg","type":"image\/jpeg"}],"twitter_card":"summary_large_image","twitter_misc":{"Preis":"&#67;&#72;&#70;&nbsp;425.00","Verf\u00fcgbarkeit":"Auf Lager"},"schema":{"@context":"https:\/\/schema.org","@graph":[{"@type":"WebPage","@id":"https:\/\/armurerie-richert.ch\/de\/produit\/holosun-hs507c-x2\/","url":"https:\/\/armurerie-richert.ch\/de\/produit\/holosun-hs507c-x2\/","name":"HOLOSUN HS507C -X2 - Armurerie Richert","isPartOf":{"@id":"https:\/\/armurerie-richert.ch\/de\/#website"},"primaryImageOfPage":{"@id":"https:\/\/armurerie-richert.ch\/de\/produit\/holosun-hs507c-x2\/#primaryimage"},"image":{"@id":"https:\/\/armurerie-richert.ch\/de\/produit\/holosun-hs507c-x2\/#primaryimage"},"thumbnailUrl":"https:\/\/armurerie-richert.ch\/wp-content\/uploads\/2023\/11\/holosun-he507c-gr-x2-green-dot-sight-acss-vulcan-reticle.jpg","datePublished":"2023-11-05T14:28:41+00:00","description":"Maximieren Sie Ihre Pr\u00e4zision mit dem optischen Sucher HS507C-X2 von HOLOSUN. Der Verriegelungsmodus und die neu gestalteten Tasten geben Ihnen die volle Kontrolle.","breadcrumb":{"@id":"https:\/\/armurerie-richert.ch\/de\/produit\/holosun-hs507c-x2\/#breadcrumb"},"inLanguage":"de","potentialAction":[{"@type":"ReadAction","target":["https:\/\/armurerie-richert.ch\/de\/produit\/holosun-hs507c-x2\/"]}]},{"@type":"ImageObject","inLanguage":"de","@id":"https:\/\/armurerie-richert.ch\/de\/produit\/holosun-hs507c-x2\/#primaryimage","url":"https:\/\/armurerie-richert.ch\/wp-content\/uploads\/2023\/11\/holosun-he507c-gr-x2-green-dot-sight-acss-vulcan-reticle.jpg","contentUrl":"https:\/\/armurerie-richert.ch\/wp-content\/uploads\/2023\/11\/holosun-he507c-gr-x2-green-dot-sight-acss-vulcan-reticle.jpg","width":900,"height":900},{"@type":"BreadcrumbList","@id":"https:\/\/armurerie-richert.ch\/de\/produit\/holosun-hs507c-x2\/#breadcrumb","itemListElement":[{"@type":"ListItem","position":1,"name":"Accueil","item":"https:\/\/armurerie-richert.ch\/de\/startseite\/"},{"@type":"ListItem","position":2,"name":"Shop","item":"https:\/\/armurerie-richert.ch\/de\/shop\/"},{"@type":"ListItem","position":3,"name":"HOLOSUN HS507C -X2"}]},{"@type":"WebSite","@id":"https:\/\/armurerie-richert.ch\/de\/#website","url":"https:\/\/armurerie-richert.ch\/de\/","name":"Armurerie Richert","description":"","publisher":{"@id":"https:\/\/armurerie-richert.ch\/de\/#organization"},"potentialAction":[{"@type":"SearchAction","target":{"@type":"EntryPoint","urlTemplate":"https:\/\/armurerie-richert.ch\/de\/?s={search_term_string}"},"query-input":{"@type":"PropertyValueSpecification","valueRequired":true,"valueName":"search_term_string"}}],"inLanguage":"de"},{"@type":"Organization","@id":"https:\/\/armurerie-richert.ch\/de\/#organization","name":"Armurerie Richert","url":"https:\/\/armurerie-richert.ch\/de\/","logo":{"@type":"ImageObject","inLanguage":"de","@id":"https:\/\/armurerie-richert.ch\/de\/#\/schema\/logo\/image\/","url":"https:\/\/armurerie-richert.ch\/wp-content\/uploads\/2023\/11\/Armurerie-Richert-Logo-300px.png","contentUrl":"https:\/\/armurerie-richert.ch\/wp-content\/uploads\/2023\/11\/Armurerie-Richert-Logo-300px.png","width":300,"height":73,"caption":"Armurerie Richert"},"image":{"@id":"https:\/\/armurerie-richert.ch\/de\/#\/schema\/logo\/image\/"},"sameAs":["https:\/\/www.facebook.com\/profile.php?id=100023920014088"]}]},"product_price_amount":"425.00","product_price_currency":"CHF","og_availability":"instock","product_availability":"instock","product_condition":"new"},"_links":{"self":[{"href":"https:\/\/armurerie-richert.ch\/de\/wp-json\/wp\/v2\/product\/35439","targetHints":{"allow":["GET"]}}],"collection":[{"href":"https:\/\/armurerie-richert.ch\/de\/wp-json\/wp\/v2\/product"}],"about":[{"href":"https:\/\/armurerie-richert.ch\/de\/wp-json\/wp\/v2\/types\/product"}],"wp:featuredmedia":[{"embeddable":true,"href":"https:\/\/armurerie-richert.ch\/de\/wp-json\/wp\/v2\/media\/32460"}],"wp:attachment":[{"href":"https:\/\/armurerie-richert.ch\/de\/wp-json\/wp\/v2\/media?parent=35439"}],"wp:term":[{"taxonomy":"product_brand","embeddable":true,"href":"https:\/\/armurerie-richert.ch\/de\/wp-json\/wp\/v2\/product_brand?post=35439"},{"taxonomy":"product_cat","embeddable":true,"href":"https:\/\/armurerie-richert.ch\/de\/wp-json\/wp\/v2\/product_cat?post=35439"},{"taxonomy":"product_tag","embeddable":true,"href":"https:\/\/armurerie-richert.ch\/de\/wp-json\/wp\/v2\/product_tag?post=35439"}],"curies":[{"name":"wp","href":"https:\/\/api.w.org\/{rel}","templated":true}]}}