{"id":35443,"date":"2023-11-05T14:50:00","date_gmt":"2023-11-05T13:50:00","guid":{"rendered":"https:\/\/armurerie-richert.ch\/produit\/kompensator-surefire-warcomp-5-56mm\/"},"modified":"2023-11-05T14:50:00","modified_gmt":"2023-11-05T13:50:00","slug":"kompensator-surefire-warcomp-5-56mm","status":"publish","type":"product","link":"https:\/\/armurerie-richert.ch\/de\/produit\/kompensator-surefire-warcomp-5-56mm\/","title":{"rendered":"Kompensator SUREFIRE Warcomp 5.56mm"},"content":{"rendered":"<h3>Kompensator SUREFIRE Warcomp 5.56mm<\/h3>\n<div class=\"std mf-initial\" data-was-processed=\"true\">\n<p>Der revolution\u00e4re SureFire WARCOMP-556-1\/2-28 Blitzableiter, der f\u00fcr M4 \/ M16 Waffen und Varianten mit \u00bd-28 Muzzlef\u00e4den geeignet ist, ist der shootingf\u00e4higste Blitzableiter der Welt. Sein patentiertes, h\u00e4ngendes Design bietet drei wertvolle Funktionen: <\/p>\n<ul>\n<li>Dies hilft, den Standort des Sch\u00fctzen zu verbergen und seine dark-adapted Vision zu erhalten.<\/li>\n<\/ul>\n<ul>\n<li>Es eliminiert praktisch den Mukoviszidose-Anstieg, was die \u00dcberwachung der Zielreaktion und das Verbleiben auf dem Ziel f\u00fcr schnellere Folgesch\u00fcsse verbessert.<\/li>\n<\/ul>\n<p>Er dient als rock-solid mounting adapter f\u00fcr alle SureFire SOCOM 5.56mm Fast-Attach\u00ae Suppressoren der Serie, einschlie\u00dflich unseres SOCOM556-RC Modells, das in den umfangreichsten und rigorosesten Suppressortests, die jemals vom US Special Operations Command durchgef\u00fchrt wurden, den ersten Platz belegte. Die WARCOMP-556-1\/2-28 ist pr\u00e4zise aus US Mill-certified heat-treated stainless steel bar stock gefertigt &#8211; einschlie\u00dflich High-precision single-point cut threads for optimum thread interface &#8211; und verf\u00fcgt \u00fcber eine Ionbond DLC Beschichtung, um maximalen Schutz unter harten Umweltbedingungen zu bieten und die Reinigung auch nach extremer Beanspruchung zu vereinfachen. Bei Verwendung in Verbindung mit einem SureFire SOCOM Fast-Attach Suppressor der Serie bietet der WARCOMP mehrere Lagerfl\u00e4chen, um eine hervorragende Ausrichtung des Suppressors zu gew\u00e4hrleisten und ein Ringen der Zinken im Inneren des Suppressors zu verhindern. Eine hintere Labyrinthdichtung verringert den Gasaustritt aus dem R\u00fccken der Waffe, minimiert die potenzielle Kohlenstoffablagerung im Indexierungssystem und erleichtert die Entfernung der Waffe nach einem langen Schuss. Jede SureFire WarComp wird einzeln auf Konzentrizit\u00e4t und Ausrichtung gepr\u00fcft. F\u00fcr eine felsenfeste Montage eines SOCOM Series Unterdr\u00fcckers, eine unvergleichliche Blitzreduzierung und eine Minimierung des Muzzleaufstiegs gibt es buchst\u00e4blich nichts anderes als eine SureFire WarComp &#8211; den weltweit besten und schie\u00dffreudigsten Blitzableiter. <b>FITS:<\/b> M4, M16 und Varianten mit \u00bd-28 Muzzle Threads.<\/p>\n<table id=\"product-attribute-specs-table\" class=\"data-table\">\n<colgroup>\n<col width=\"25%\">\n<col><\/colgroup>\n<tbody>\n<tr class=\"first odd\">\n<th class=\"label\">Caliber<\/th>\n<td class=\"data last\">5,56 mm (.223 Caliber)<\/td>\n<\/tr>\n<tr class=\"last even\">\n<th class=\"label\">L\u00e4nge<\/th>\n<td class=\"data last\">2.67 Zoll<\/td>\n<\/tr>\n<\/tbody>\n<\/table>\n<p><b>MOUNTS:<\/b> All SureFire SOCOM Series 5.56mm \/.223 caliber sound suppressors<br \/>\n<b>HINWEIS: SureFire SOCOM Fast-Attach Schalld\u00e4mpfer der Serie Fast-Attach Schalld\u00e4mpfer und Strom-Modell WarComps, Muzzlebrake und Blitzeinf\u00e4dler-Adapter sind NICHT kompatibel mit fr\u00fcheren (nicht SOCOM) SureFire Fast-Attach Schalld\u00e4mpfern, Muzzlebrakes oder Blitzeinf\u00e4dlern.  <\/b><\/p>\n<\/div>\n<div class=\"featlist\" data-was-processed=\"true\">\n<p><span class=\"hdr3\">Funktionen<\/span><\/p>\n<ul>\n<li>Patent-pending design provides over 99% flash elimination; virtually eliminates muzzle rise<\/li>\n<li>Dient als rock-solid mounting adapter f\u00fcr SureFire SOCOM suppressors<\/li>\n<li>Mehrere Lagerfl\u00e4chen sorgen f\u00fcr die Ausrichtung der Suppressoren und verhindern, dass sich die Zinken in den Suppressoren verfangen.<\/li>\n<li>Precision machined from US mill-certified heat-treated stainless steel bar stock<\/li>\n<li>High-precision single-point cut barrel threads for optimum thread interface<\/li>\n<li>Individuell auf alle kritischen Dimensionen, einschlie\u00dflich Konzentrizit\u00e4t und Ausrichtung, gepr\u00fcft.<\/li>\n<li>Ionbond DLC-Beschichtung bietet maximalen Schutz gegen raue Umweltbedingungen und erleichtert die Reinigung nach extremer Beanspruchung.<\/li>\n<li>Labyrinthdichtungen verhindern die Bildung von Kohlenstoff auf dem Unterdr\u00fccker-Sperrring-Indexsystem<\/li>\n<li>Die Installation erfordert keine dauerhaften \u00c4nderungen an der Waffe.<\/li>\n<li>Made in the USA and backed by SureFire No-Hassle Guarantee<\/li>\n<\/ul>\n<\/div>\n","protected":false},"excerpt":{"rendered":"<div class=\"std mf-initial\" data-was-processed=\"true\">\n<p>Der revolution\u00e4re SureFire WARCOMP-556-1\/2-28 Blitzableiter, der f\u00fcr M4 \/ M16 Waffen und Varianten mit \u00bd-28 Muzzlef\u00e4den geeignet ist, ist der shootingf\u00e4higste Blitzableiter der Welt. Sein patentiertes, h\u00e4ngendes Design bietet drei wertvolle Funktionen: <\/p>\n<ul>\n<li>Dies hilft, den Standort des Sch\u00fctzen zu verbergen und seine dark-adapted Vision zu erhalten.<\/li>\n<\/ul>\n<ul>\n<li>Es eliminiert praktisch den Mukoviszidose-Anstieg, was die \u00dcberwachung der Zielreaktion und das Verbleiben auf dem Ziel f\u00fcr schnellere Folgesch\u00fcsse verbessert.<\/li>\n<\/ul>\n<p>Er dient als rock-solid mounting adapter f\u00fcr alle SureFire SOCOM 5.56mm Fast-Attach\u00ae Suppressoren der Serie, einschlie\u00dflich unseres SOCOM556-RC Modells, das in den umfangreichsten und rigorosesten Suppressortests, die jemals vom US Special Operations Command durchgef\u00fchrt wurden, den ersten Platz belegte. Die WARCOMP-556-1\/2-28 ist pr\u00e4zise aus US Mill-certified heat-treated stainless steel bar stock gefertigt &#8211; einschlie\u00dflich High-precision single-point cut threads for optimum thread interface &#8211; und verf\u00fcgt \u00fcber eine Ionbond DLC Beschichtung, um maximalen Schutz unter harten Umweltbedingungen zu bieten und die Reinigung auch nach extremer Beanspruchung zu vereinfachen. Bei Verwendung in Verbindung mit einem SureFire SOCOM Fast-Attach Suppressor der Serie bietet der WARCOMP mehrere Lagerfl\u00e4chen, um eine hervorragende Ausrichtung des Suppressors zu gew\u00e4hrleisten und ein Ringen der Zinken im Inneren des Suppressors zu verhindern. Eine hintere Labyrinthdichtung verringert den Gasaustritt aus dem R\u00fccken der Waffe, minimiert die potenzielle Kohlenstoffablagerung im Indexierungssystem und erleichtert die Entfernung der Waffe nach einem langen Schuss. Jede SureFire WarComp wird einzeln auf Konzentrizit\u00e4t und Ausrichtung gepr\u00fcft. F\u00fcr eine felsenfeste Montage eines SOCOM Series Unterdr\u00fcckers, eine unvergleichliche Blitzreduzierung und eine Minimierung des Muzzleaufstiegs gibt es buchst\u00e4blich nichts anderes als eine SureFire WarComp &#8211; den weltweit besten und schie\u00dffreudigsten Blitzableiter. <b>FITS:<\/b> M4, M16 und Varianten mit \u00bd-28 Muzzle Threads.<\/p>\n<table id=\"product-attribute-specs-table\" class=\"data-table\">\n<colgroup>\n<col width=\"25%\">\n<col><\/colgroup>\n<tbody>\n<tr class=\"first odd\">\n<th class=\"label\">Caliber<\/th>\n<td class=\"data last\">5,56 mm (.223 Caliber)<\/td>\n<\/tr>\n<tr class=\"last even\">\n<th class=\"label\">L\u00e4nge<\/th>\n<td class=\"data last\">2.67 Zoll<\/td>\n<\/tr>\n<\/tbody>\n<\/table>\n<p><b>MOUNTS:<\/b> All SureFire SOCOM Series 5.56mm \/.223 caliber sound suppressors<br \/>\n<b>HINWEIS: SureFire SOCOM Fast-Attach Schalld\u00e4mpfer der Serie Fast-Attach Schalld\u00e4mpfer und Current-Model WarComps, Muzzle Brakes und Flash Hider Adapter sind NICHT mit fr\u00fcheren (nicht-SOCOM) SureFire Fast-Attach Schalld\u00e4mpfern, Muzzle Brakes oder Flash Hiders kompatibel.  <\/b><\/p>\n<\/div>\n<div class=\"featlist\" data-was-processed=\"true\">\n<p><span class=\"hdr3\">Funktionen<\/span><\/p>\n<ul>\n<li>Patent-pending design provides over 99% flash elimination; virtually eliminates muzzle rise<\/li>\n<li>Dient als rock-solid mounting adapter f\u00fcr SureFire SOCOM suppressors<\/li>\n<li>Mehrere Lagerfl\u00e4chen sorgen f\u00fcr die Ausrichtung der Suppressoren und verhindern, dass sich die Zinken in den Suppressoren verfangen.<\/li>\n<li>Precision machined from US mill-certified heat-treated stainless steel bar stock<\/li>\n<li>High-precision single-point cut barrel threads for optimum thread interface<\/li>\n<li>Individuell auf alle kritischen Dimensionen, einschlie\u00dflich Konzentrizit\u00e4t und Ausrichtung, gepr\u00fcft.<\/li>\n<li>Ionbond DLC-Beschichtung bietet maximalen Schutz gegen raue Umweltbedingungen und erleichtert die Reinigung nach extremer Beanspruchung.<\/li>\n<li>Labyrinthdichtungen verhindern die Bildung von Kohlenstoff auf dem Unterdr\u00fccker-Sperrring-Indexsystem<\/li>\n<li>Die Installation erfordert keine dauerhaften \u00c4nderungen an der Waffe.<\/li>\n<li>Made in the USA and backed by SureFire No-Hassle Guarantee<\/li>\n<\/ul>\n<\/div>\n","protected":false},"featured_media":32440,"template":"","meta":{"_et_pb_use_builder":"","_et_pb_old_content":"","_et_gb_content_width":""},"product_brand":[],"product_cat":[66,65],"product_tag":[],"class_list":{"0":"post-35443","1":"product","2":"type-product","3":"status-publish","4":"has-post-thumbnail","6":"product_cat-zubehor-fur-gewehre","7":"product_cat-zubehor-und-optik","9":"first","10":"instock","11":"shipping-taxable","12":"purchasable","13":"product-type-simple"},"yoast_head":"<!-- This site is optimized with the Yoast SEO Premium plugin v24.7 (Yoast SEO v27.5) - https:\/\/yoast.com\/product\/yoast-seo-premium-wordpress\/ -->\n<title>Kompensator SUREFIRE Warcomp 5.56mm - Armurerie Richert<\/title>\n<meta name=\"description\" content=\"Entdecken Sie den revolution\u00e4ren SUREFIRE Warcomp 5.56mm Kompensator f\u00fcr M4 \/ M16 Waffen. Reduziert die M\u00fcndungsflamme um mehr als 99%.\" \/>\n<meta name=\"robots\" content=\"index, follow, max-snippet:-1, max-image-preview:large, max-video-preview:-1\" \/>\n<link rel=\"canonical\" href=\"https:\/\/armurerie-richert.ch\/de\/produit\/kompensator-surefire-warcomp-5-56mm\/\" \/>\n<meta property=\"og:locale\" content=\"de_DE\" \/>\n<meta property=\"og:type\" content=\"article\" \/>\n<meta property=\"og:title\" content=\"Kompensator SUREFIRE Warcomp 5.56mm\" \/>\n<meta property=\"og:description\" content=\"Entdecken Sie den revolution\u00e4ren SUREFIRE Warcomp 5.56mm Kompensator f\u00fcr M4 \/ M16 Waffen. Reduziert die M\u00fcndungsflamme um mehr als 99%.\" \/>\n<meta property=\"og:url\" content=\"https:\/\/armurerie-richert.ch\/de\/produit\/kompensator-surefire-warcomp-5-56mm\/\" \/>\n<meta property=\"og:site_name\" content=\"Armurerie Richert\" \/>\n<meta property=\"article:publisher\" content=\"https:\/\/www.facebook.com\/profile.php?id=100023920014088\" \/>\n<meta property=\"og:image\" content=\"https:\/\/armurerie-richert.ch\/wp-content\/uploads\/2023\/11\/surefire-warcomp-flash-hider-556-1-2-28-2.jpeg\" \/>\n\t<meta property=\"og:image:width\" content=\"569\" \/>\n\t<meta property=\"og:image:height\" content=\"569\" \/>\n\t<meta property=\"og:image:type\" content=\"image\/jpeg\" \/>\n<meta name=\"twitter:card\" content=\"summary_large_image\" \/>\n<meta name=\"twitter:label1\" content=\"Preis\" \/>\n\t<meta name=\"twitter:data1\" content=\"&#067;&#072;&#070;&nbsp;230.00\" \/>\n\t<meta name=\"twitter:label2\" content=\"Verf\u00fcgbarkeit\" \/>\n\t<meta name=\"twitter:data2\" content=\"Auf Lager\" \/>\n<script type=\"application\/ld+json\" class=\"yoast-schema-graph\">{\"@context\":\"https:\\\/\\\/schema.org\",\"@graph\":[{\"@type\":\"WebPage\",\"@id\":\"https:\\\/\\\/armurerie-richert.ch\\\/de\\\/produit\\\/kompensator-surefire-warcomp-5-56mm\\\/\",\"url\":\"https:\\\/\\\/armurerie-richert.ch\\\/de\\\/produit\\\/kompensator-surefire-warcomp-5-56mm\\\/\",\"name\":\"Kompensator SUREFIRE Warcomp 5.56mm - Armurerie Richert\",\"isPartOf\":{\"@id\":\"https:\\\/\\\/armurerie-richert.ch\\\/de\\\/#website\"},\"primaryImageOfPage\":{\"@id\":\"https:\\\/\\\/armurerie-richert.ch\\\/de\\\/produit\\\/kompensator-surefire-warcomp-5-56mm\\\/#primaryimage\"},\"image\":{\"@id\":\"https:\\\/\\\/armurerie-richert.ch\\\/de\\\/produit\\\/kompensator-surefire-warcomp-5-56mm\\\/#primaryimage\"},\"thumbnailUrl\":\"https:\\\/\\\/armurerie-richert.ch\\\/wp-content\\\/uploads\\\/2023\\\/11\\\/surefire-warcomp-flash-hider-556-1-2-28-2.jpeg\",\"datePublished\":\"2023-11-05T13:50:00+00:00\",\"description\":\"Entdecken Sie den revolution\u00e4ren SUREFIRE Warcomp 5.56mm Kompensator f\u00fcr M4 \\\/ M16 Waffen. Reduziert die M\u00fcndungsflamme um mehr als 99%.\",\"breadcrumb\":{\"@id\":\"https:\\\/\\\/armurerie-richert.ch\\\/de\\\/produit\\\/kompensator-surefire-warcomp-5-56mm\\\/#breadcrumb\"},\"inLanguage\":\"de\",\"potentialAction\":[{\"@type\":\"ReadAction\",\"target\":[\"https:\\\/\\\/armurerie-richert.ch\\\/de\\\/produit\\\/kompensator-surefire-warcomp-5-56mm\\\/\"]}]},{\"@type\":\"ImageObject\",\"inLanguage\":\"de\",\"@id\":\"https:\\\/\\\/armurerie-richert.ch\\\/de\\\/produit\\\/kompensator-surefire-warcomp-5-56mm\\\/#primaryimage\",\"url\":\"https:\\\/\\\/armurerie-richert.ch\\\/wp-content\\\/uploads\\\/2023\\\/11\\\/surefire-warcomp-flash-hider-556-1-2-28-2.jpeg\",\"contentUrl\":\"https:\\\/\\\/armurerie-richert.ch\\\/wp-content\\\/uploads\\\/2023\\\/11\\\/surefire-warcomp-flash-hider-556-1-2-28-2.jpeg\",\"width\":569,\"height\":569},{\"@type\":\"BreadcrumbList\",\"@id\":\"https:\\\/\\\/armurerie-richert.ch\\\/de\\\/produit\\\/kompensator-surefire-warcomp-5-56mm\\\/#breadcrumb\",\"itemListElement\":[{\"@type\":\"ListItem\",\"position\":1,\"name\":\"Accueil\",\"item\":\"https:\\\/\\\/armurerie-richert.ch\\\/de\\\/startseite\\\/\"},{\"@type\":\"ListItem\",\"position\":2,\"name\":\"Shop\",\"item\":\"https:\\\/\\\/armurerie-richert.ch\\\/de\\\/shop\\\/\"},{\"@type\":\"ListItem\",\"position\":3,\"name\":\"Kompensator SUREFIRE Warcomp 5.56mm\"}]},{\"@type\":\"WebSite\",\"@id\":\"https:\\\/\\\/armurerie-richert.ch\\\/de\\\/#website\",\"url\":\"https:\\\/\\\/armurerie-richert.ch\\\/de\\\/\",\"name\":\"Armurerie Richert\",\"description\":\"\",\"publisher\":{\"@id\":\"https:\\\/\\\/armurerie-richert.ch\\\/de\\\/#organization\"},\"potentialAction\":[{\"@type\":\"SearchAction\",\"target\":{\"@type\":\"EntryPoint\",\"urlTemplate\":\"https:\\\/\\\/armurerie-richert.ch\\\/de\\\/?s={search_term_string}\"},\"query-input\":{\"@type\":\"PropertyValueSpecification\",\"valueRequired\":true,\"valueName\":\"search_term_string\"}}],\"inLanguage\":\"de\"},{\"@type\":\"Organization\",\"@id\":\"https:\\\/\\\/armurerie-richert.ch\\\/de\\\/#organization\",\"name\":\"Armurerie Richert\",\"url\":\"https:\\\/\\\/armurerie-richert.ch\\\/de\\\/\",\"logo\":{\"@type\":\"ImageObject\",\"inLanguage\":\"de\",\"@id\":\"https:\\\/\\\/armurerie-richert.ch\\\/de\\\/#\\\/schema\\\/logo\\\/image\\\/\",\"url\":\"https:\\\/\\\/armurerie-richert.ch\\\/wp-content\\\/uploads\\\/2023\\\/11\\\/Armurerie-Richert-Logo-300px.png\",\"contentUrl\":\"https:\\\/\\\/armurerie-richert.ch\\\/wp-content\\\/uploads\\\/2023\\\/11\\\/Armurerie-Richert-Logo-300px.png\",\"width\":300,\"height\":73,\"caption\":\"Armurerie Richert\"},\"image\":{\"@id\":\"https:\\\/\\\/armurerie-richert.ch\\\/de\\\/#\\\/schema\\\/logo\\\/image\\\/\"},\"sameAs\":[\"https:\\\/\\\/www.facebook.com\\\/profile.php?id=100023920014088\"]}]}<\/script>\n<meta property=\"product:price:amount\" content=\"230.00\" \/>\n<meta property=\"product:price:currency\" content=\"CHF\" \/>\n<meta property=\"og:availability\" content=\"instock\" \/>\n<meta property=\"product:availability\" content=\"instock\" \/>\n<meta property=\"product:condition\" content=\"new\" \/>\n<!-- \/ Yoast SEO Premium plugin. -->","yoast_head_json":{"title":"Kompensator SUREFIRE Warcomp 5.56mm - Armurerie Richert","description":"Entdecken Sie den revolution\u00e4ren SUREFIRE Warcomp 5.56mm Kompensator f\u00fcr M4 \/ M16 Waffen. Reduziert die M\u00fcndungsflamme um mehr als 99%.","robots":{"index":"index","follow":"follow","max-snippet":"max-snippet:-1","max-image-preview":"max-image-preview:large","max-video-preview":"max-video-preview:-1"},"canonical":"https:\/\/armurerie-richert.ch\/de\/produit\/kompensator-surefire-warcomp-5-56mm\/","og_locale":"de_DE","og_type":"article","og_title":"Kompensator SUREFIRE Warcomp 5.56mm","og_description":"Entdecken Sie den revolution\u00e4ren SUREFIRE Warcomp 5.56mm Kompensator f\u00fcr M4 \/ M16 Waffen. Reduziert die M\u00fcndungsflamme um mehr als 99%.","og_url":"https:\/\/armurerie-richert.ch\/de\/produit\/kompensator-surefire-warcomp-5-56mm\/","og_site_name":"Armurerie Richert","article_publisher":"https:\/\/www.facebook.com\/profile.php?id=100023920014088","og_image":[{"width":569,"height":569,"url":"https:\/\/armurerie-richert.ch\/wp-content\/uploads\/2023\/11\/surefire-warcomp-flash-hider-556-1-2-28-2.jpeg","type":"image\/jpeg"}],"twitter_card":"summary_large_image","twitter_misc":{"Preis":"&#67;&#72;&#70;&nbsp;230.00","Verf\u00fcgbarkeit":"Auf Lager"},"schema":{"@context":"https:\/\/schema.org","@graph":[{"@type":"WebPage","@id":"https:\/\/armurerie-richert.ch\/de\/produit\/kompensator-surefire-warcomp-5-56mm\/","url":"https:\/\/armurerie-richert.ch\/de\/produit\/kompensator-surefire-warcomp-5-56mm\/","name":"Kompensator SUREFIRE Warcomp 5.56mm - Armurerie Richert","isPartOf":{"@id":"https:\/\/armurerie-richert.ch\/de\/#website"},"primaryImageOfPage":{"@id":"https:\/\/armurerie-richert.ch\/de\/produit\/kompensator-surefire-warcomp-5-56mm\/#primaryimage"},"image":{"@id":"https:\/\/armurerie-richert.ch\/de\/produit\/kompensator-surefire-warcomp-5-56mm\/#primaryimage"},"thumbnailUrl":"https:\/\/armurerie-richert.ch\/wp-content\/uploads\/2023\/11\/surefire-warcomp-flash-hider-556-1-2-28-2.jpeg","datePublished":"2023-11-05T13:50:00+00:00","description":"Entdecken Sie den revolution\u00e4ren SUREFIRE Warcomp 5.56mm Kompensator f\u00fcr M4 \/ M16 Waffen. Reduziert die M\u00fcndungsflamme um mehr als 99%.","breadcrumb":{"@id":"https:\/\/armurerie-richert.ch\/de\/produit\/kompensator-surefire-warcomp-5-56mm\/#breadcrumb"},"inLanguage":"de","potentialAction":[{"@type":"ReadAction","target":["https:\/\/armurerie-richert.ch\/de\/produit\/kompensator-surefire-warcomp-5-56mm\/"]}]},{"@type":"ImageObject","inLanguage":"de","@id":"https:\/\/armurerie-richert.ch\/de\/produit\/kompensator-surefire-warcomp-5-56mm\/#primaryimage","url":"https:\/\/armurerie-richert.ch\/wp-content\/uploads\/2023\/11\/surefire-warcomp-flash-hider-556-1-2-28-2.jpeg","contentUrl":"https:\/\/armurerie-richert.ch\/wp-content\/uploads\/2023\/11\/surefire-warcomp-flash-hider-556-1-2-28-2.jpeg","width":569,"height":569},{"@type":"BreadcrumbList","@id":"https:\/\/armurerie-richert.ch\/de\/produit\/kompensator-surefire-warcomp-5-56mm\/#breadcrumb","itemListElement":[{"@type":"ListItem","position":1,"name":"Accueil","item":"https:\/\/armurerie-richert.ch\/de\/startseite\/"},{"@type":"ListItem","position":2,"name":"Shop","item":"https:\/\/armurerie-richert.ch\/de\/shop\/"},{"@type":"ListItem","position":3,"name":"Kompensator SUREFIRE Warcomp 5.56mm"}]},{"@type":"WebSite","@id":"https:\/\/armurerie-richert.ch\/de\/#website","url":"https:\/\/armurerie-richert.ch\/de\/","name":"Armurerie Richert","description":"","publisher":{"@id":"https:\/\/armurerie-richert.ch\/de\/#organization"},"potentialAction":[{"@type":"SearchAction","target":{"@type":"EntryPoint","urlTemplate":"https:\/\/armurerie-richert.ch\/de\/?s={search_term_string}"},"query-input":{"@type":"PropertyValueSpecification","valueRequired":true,"valueName":"search_term_string"}}],"inLanguage":"de"},{"@type":"Organization","@id":"https:\/\/armurerie-richert.ch\/de\/#organization","name":"Armurerie Richert","url":"https:\/\/armurerie-richert.ch\/de\/","logo":{"@type":"ImageObject","inLanguage":"de","@id":"https:\/\/armurerie-richert.ch\/de\/#\/schema\/logo\/image\/","url":"https:\/\/armurerie-richert.ch\/wp-content\/uploads\/2023\/11\/Armurerie-Richert-Logo-300px.png","contentUrl":"https:\/\/armurerie-richert.ch\/wp-content\/uploads\/2023\/11\/Armurerie-Richert-Logo-300px.png","width":300,"height":73,"caption":"Armurerie Richert"},"image":{"@id":"https:\/\/armurerie-richert.ch\/de\/#\/schema\/logo\/image\/"},"sameAs":["https:\/\/www.facebook.com\/profile.php?id=100023920014088"]}]},"product_price_amount":"230.00","product_price_currency":"CHF","og_availability":"instock","product_availability":"instock","product_condition":"new"},"_links":{"self":[{"href":"https:\/\/armurerie-richert.ch\/de\/wp-json\/wp\/v2\/product\/35443","targetHints":{"allow":["GET"]}}],"collection":[{"href":"https:\/\/armurerie-richert.ch\/de\/wp-json\/wp\/v2\/product"}],"about":[{"href":"https:\/\/armurerie-richert.ch\/de\/wp-json\/wp\/v2\/types\/product"}],"wp:featuredmedia":[{"embeddable":true,"href":"https:\/\/armurerie-richert.ch\/de\/wp-json\/wp\/v2\/media\/32440"}],"wp:attachment":[{"href":"https:\/\/armurerie-richert.ch\/de\/wp-json\/wp\/v2\/media?parent=35443"}],"wp:term":[{"taxonomy":"product_brand","embeddable":true,"href":"https:\/\/armurerie-richert.ch\/de\/wp-json\/wp\/v2\/product_brand?post=35443"},{"taxonomy":"product_cat","embeddable":true,"href":"https:\/\/armurerie-richert.ch\/de\/wp-json\/wp\/v2\/product_cat?post=35443"},{"taxonomy":"product_tag","embeddable":true,"href":"https:\/\/armurerie-richert.ch\/de\/wp-json\/wp\/v2\/product_tag?post=35443"}],"curies":[{"name":"wp","href":"https:\/\/api.w.org\/{rel}","templated":true}]}}