{"id":35444,"date":"2023-11-05T14:39:58","date_gmt":"2023-11-05T13:39:58","guid":{"rendered":"https:\/\/armurerie-richert.ch\/produit\/geissele-ssp-abzug-fuer-ar15\/"},"modified":"2023-11-05T14:39:58","modified_gmt":"2023-11-05T13:39:58","slug":"geissele-ssp-abzug-fuer-ar15","status":"publish","type":"product","link":"https:\/\/armurerie-richert.ch\/de\/produit\/geissele-ssp-abzug-fuer-ar15\/","title":{"rendered":"GEISSELE SSP Abzug f\u00fcr AR15"},"content":{"rendered":"<h3>GEISSELE SSP Abzug f\u00fcr AR15<\/h3>\n<p>Der Single-Stage Precision (SSP) ist der erste echte Single-Stage Trigger von Geissele Automatics f\u00fcr die AR-Plattform. Dieser Drop-in-Trigger hat keinen Take-up und einen super sauberen Abriss. Die R\u00fcckstellung ist kurz und dennoch deutlich und gibt dem Sch\u00fctzen ein ausgezeichnetes Feedback w\u00e4hrend der Zielerfassung. Die Kombination dieser beiden F\u00e4higkeiten gibt dem Sch\u00fctzen die n\u00f6tige Sicherheit, wenn Pr\u00e4zision und Genauigkeit f\u00fcr die Aufgabe von entscheidender Bedeutung sind. Die SSP verf\u00fcgt \u00fcber hervorragende Materialien und die modernsten Fertigungstechniken. Der SSP-Trigger wird aus S7 Werkzeugstahl gefertigt und mit der neuesten EDM-Drahttechnologie pr\u00e4zisionsbearbeitet. Alle Teile werden in dauerhaftem, korrosionsbest\u00e4ndigem Schwarzoxid verarbeitet. Der Geissele SSP ist ein Pr\u00e4zisionsausl\u00f6ser, der f\u00fcr maximale Zuverl\u00e4ssigkeit und Wiederholbarkeit entwickelt wurde, w\u00e4hrend er Ziele auf gro\u00dfe Entfernungen trifft, egal ob er im Dienst, bei der Jagd oder beim Zielschie\u00dfen verwendet wird.   <\/p>\n<p><strong>Spezifikationen:<\/strong><\/p>\n<ul>\n<li><strong>Plattform:<\/strong> AR15\/AR10<\/li>\n<li><strong>Typ:<\/strong> Single Stage<\/li>\n<li><strong>Total Pull Weight Range:<\/strong> 3 &#8211; 3.75 lbs.<\/li>\n<li><strong>Einstellbar:<\/strong> Nein<\/li>\n<li><strong>Trigger Bow Type:<\/strong> M4 Curved oder Flat<\/li>\n<li><strong>Recommended Use: <\/strong>Target &amp; Precision Shooting, Hunting<\/li>\n<li><strong>Pin Size: <\/strong>Mil-Spec<\/li>\n<\/ul>\n","protected":false},"excerpt":{"rendered":"<p>Der Single-Stage Precision (SSP) ist der erste echte Single-Stage Trigger von Geissele Automatics f\u00fcr die AR-Plattform. Dieser Drop-in-Trigger hat keinen Take-up und einen super sauberen Abriss. Die R\u00fcckstellung ist kurz und dennoch deutlich und gibt dem Sch\u00fctzen ein ausgezeichnetes Feedback w\u00e4hrend der Zielerfassung. Die Kombination dieser beiden F\u00e4higkeiten gibt dem Sch\u00fctzen die n\u00f6tige Sicherheit, wenn Pr\u00e4zision und Genauigkeit f\u00fcr die Aufgabe von entscheidender Bedeutung sind. Die SSP verf\u00fcgt \u00fcber hervorragende Materialien und die modernsten Fertigungstechniken. Der SSP Trigger wird aus S7 Werkzeugstahl gefertigt und mit der neuesten EDM-Drahttechnologie pr\u00e4zisionsgefertigt. Alle Teile werden in dauerhaftem, korrosionsbest\u00e4ndigem Schwarzoxid verarbeitet. Der Geissele SSP ist ein Pr\u00e4zisionsausl\u00f6ser, der f\u00fcr maximale Zuverl\u00e4ssigkeit und Wiederholbarkeit entwickelt wurde, w\u00e4hrend er Ziele auf gro\u00dfe Entfernungen trifft, egal ob er im Dienst, bei der Jagd oder beim Zielschie\u00dfen verwendet wird.   <\/p>\n<p><strong>Spezifikationen:<\/strong><\/p>\n<ul>\n<li><strong>Plattform:<\/strong> AR15\/AR10<\/li>\n<li><strong>Typ:<\/strong> Single Stage<\/li>\n<li><strong>Total Pull Weight Range:<\/strong> 3 &#8211; 3.75 lbs.<\/li>\n<li><strong>Einstellbar:<\/strong> Nein<\/li>\n<li><strong>Trigger Bow Type:<\/strong> M4 Curved oder Flat<\/li>\n<li><strong>Recommended Use: <\/strong>Target &amp; Precision Shooting, Hunting<\/li>\n<li><strong>Pin Size: <\/strong>Mil-Spec<\/li>\n<\/ul>\n","protected":false},"featured_media":32428,"template":"","meta":{"_et_pb_use_builder":"","_et_pb_old_content":"","_et_gb_content_width":""},"product_brand":[],"product_cat":[66,65],"product_tag":[],"class_list":{"0":"post-35444","1":"product","2":"type-product","3":"status-publish","4":"has-post-thumbnail","6":"product_cat-zubehor-fur-gewehre","7":"product_cat-zubehor-und-optik","9":"first","10":"instock","11":"shipping-taxable","12":"purchasable","13":"product-type-simple"},"yoast_head":"<!-- This site is optimized with the Yoast SEO Premium plugin v24.7 (Yoast SEO v27.5) - https:\/\/yoast.com\/product\/yoast-seo-premium-wordpress\/ -->\n<title>GEISSELE SSP Abzug f\u00fcr AR15 - Armurerie Richert<\/title>\n<meta name=\"description\" content=\"Verbessern Sie die Pr\u00e4zision und Reaktionsf\u00e4higkeit Ihres AR15 mit dem GEISSELE SSP Abzug. Ein einstufiger, spielfreier Ausl\u00f6ser und ein sauberer Schussabgang.\" \/>\n<meta name=\"robots\" content=\"index, follow, max-snippet:-1, max-image-preview:large, max-video-preview:-1\" \/>\n<link rel=\"canonical\" href=\"https:\/\/armurerie-richert.ch\/de\/produit\/geissele-ssp-abzug-fuer-ar15\/\" \/>\n<meta property=\"og:locale\" content=\"de_DE\" \/>\n<meta property=\"og:type\" content=\"article\" \/>\n<meta property=\"og:title\" content=\"GEISSELE SSP Abzug f\u00fcr AR15\" \/>\n<meta property=\"og:description\" content=\"Verbessern Sie die Pr\u00e4zision und Reaktionsf\u00e4higkeit Ihres AR15 mit dem GEISSELE SSP Abzug. Ein einstufiger, spielfreier Ausl\u00f6ser und ein sauberer Schussabgang.\" \/>\n<meta property=\"og:url\" content=\"https:\/\/armurerie-richert.ch\/de\/produit\/geissele-ssp-abzug-fuer-ar15\/\" \/>\n<meta property=\"og:site_name\" content=\"Armurerie Richert\" \/>\n<meta property=\"article:publisher\" content=\"https:\/\/www.facebook.com\/profile.php?id=100023920014088\" \/>\n<meta property=\"og:image\" content=\"https:\/\/armurerie-richert.ch\/wp-content\/uploads\/2023\/11\/single-stage-precision-trigger-c.jpg\" \/>\n\t<meta property=\"og:image:width\" content=\"1080\" \/>\n\t<meta property=\"og:image:height\" content=\"1080\" \/>\n\t<meta property=\"og:image:type\" content=\"image\/jpeg\" \/>\n<meta name=\"twitter:card\" content=\"summary_large_image\" \/>\n<meta name=\"twitter:label1\" content=\"Preis\" \/>\n\t<meta name=\"twitter:data1\" content=\"&#067;&#072;&#070;&nbsp;340.00\" \/>\n\t<meta name=\"twitter:label2\" content=\"Verf\u00fcgbarkeit\" \/>\n\t<meta name=\"twitter:data2\" content=\"Auf Lager\" \/>\n<script type=\"application\/ld+json\" class=\"yoast-schema-graph\">{\"@context\":\"https:\\\/\\\/schema.org\",\"@graph\":[{\"@type\":\"WebPage\",\"@id\":\"https:\\\/\\\/armurerie-richert.ch\\\/de\\\/produit\\\/geissele-ssp-abzug-fuer-ar15\\\/\",\"url\":\"https:\\\/\\\/armurerie-richert.ch\\\/de\\\/produit\\\/geissele-ssp-abzug-fuer-ar15\\\/\",\"name\":\"GEISSELE SSP Abzug f\u00fcr AR15 - Armurerie Richert\",\"isPartOf\":{\"@id\":\"https:\\\/\\\/armurerie-richert.ch\\\/de\\\/#website\"},\"primaryImageOfPage\":{\"@id\":\"https:\\\/\\\/armurerie-richert.ch\\\/de\\\/produit\\\/geissele-ssp-abzug-fuer-ar15\\\/#primaryimage\"},\"image\":{\"@id\":\"https:\\\/\\\/armurerie-richert.ch\\\/de\\\/produit\\\/geissele-ssp-abzug-fuer-ar15\\\/#primaryimage\"},\"thumbnailUrl\":\"https:\\\/\\\/armurerie-richert.ch\\\/wp-content\\\/uploads\\\/2023\\\/11\\\/single-stage-precision-trigger-c.jpg\",\"datePublished\":\"2023-11-05T13:39:58+00:00\",\"description\":\"Verbessern Sie die Pr\u00e4zision und Reaktionsf\u00e4higkeit Ihres AR15 mit dem GEISSELE SSP Abzug. Ein einstufiger, spielfreier Ausl\u00f6ser und ein sauberer Schussabgang.\",\"breadcrumb\":{\"@id\":\"https:\\\/\\\/armurerie-richert.ch\\\/de\\\/produit\\\/geissele-ssp-abzug-fuer-ar15\\\/#breadcrumb\"},\"inLanguage\":\"de\",\"potentialAction\":[{\"@type\":\"ReadAction\",\"target\":[\"https:\\\/\\\/armurerie-richert.ch\\\/de\\\/produit\\\/geissele-ssp-abzug-fuer-ar15\\\/\"]}]},{\"@type\":\"ImageObject\",\"inLanguage\":\"de\",\"@id\":\"https:\\\/\\\/armurerie-richert.ch\\\/de\\\/produit\\\/geissele-ssp-abzug-fuer-ar15\\\/#primaryimage\",\"url\":\"https:\\\/\\\/armurerie-richert.ch\\\/wp-content\\\/uploads\\\/2023\\\/11\\\/single-stage-precision-trigger-c.jpg\",\"contentUrl\":\"https:\\\/\\\/armurerie-richert.ch\\\/wp-content\\\/uploads\\\/2023\\\/11\\\/single-stage-precision-trigger-c.jpg\",\"width\":1080,\"height\":1080},{\"@type\":\"BreadcrumbList\",\"@id\":\"https:\\\/\\\/armurerie-richert.ch\\\/de\\\/produit\\\/geissele-ssp-abzug-fuer-ar15\\\/#breadcrumb\",\"itemListElement\":[{\"@type\":\"ListItem\",\"position\":1,\"name\":\"Accueil\",\"item\":\"https:\\\/\\\/armurerie-richert.ch\\\/de\\\/startseite\\\/\"},{\"@type\":\"ListItem\",\"position\":2,\"name\":\"Shop\",\"item\":\"https:\\\/\\\/armurerie-richert.ch\\\/de\\\/shop\\\/\"},{\"@type\":\"ListItem\",\"position\":3,\"name\":\"GEISSELE SSP Abzug f\u00fcr AR15\"}]},{\"@type\":\"WebSite\",\"@id\":\"https:\\\/\\\/armurerie-richert.ch\\\/de\\\/#website\",\"url\":\"https:\\\/\\\/armurerie-richert.ch\\\/de\\\/\",\"name\":\"Armurerie Richert\",\"description\":\"\",\"publisher\":{\"@id\":\"https:\\\/\\\/armurerie-richert.ch\\\/de\\\/#organization\"},\"potentialAction\":[{\"@type\":\"SearchAction\",\"target\":{\"@type\":\"EntryPoint\",\"urlTemplate\":\"https:\\\/\\\/armurerie-richert.ch\\\/de\\\/?s={search_term_string}\"},\"query-input\":{\"@type\":\"PropertyValueSpecification\",\"valueRequired\":true,\"valueName\":\"search_term_string\"}}],\"inLanguage\":\"de\"},{\"@type\":\"Organization\",\"@id\":\"https:\\\/\\\/armurerie-richert.ch\\\/de\\\/#organization\",\"name\":\"Armurerie Richert\",\"url\":\"https:\\\/\\\/armurerie-richert.ch\\\/de\\\/\",\"logo\":{\"@type\":\"ImageObject\",\"inLanguage\":\"de\",\"@id\":\"https:\\\/\\\/armurerie-richert.ch\\\/de\\\/#\\\/schema\\\/logo\\\/image\\\/\",\"url\":\"https:\\\/\\\/armurerie-richert.ch\\\/wp-content\\\/uploads\\\/2023\\\/11\\\/Armurerie-Richert-Logo-300px.png\",\"contentUrl\":\"https:\\\/\\\/armurerie-richert.ch\\\/wp-content\\\/uploads\\\/2023\\\/11\\\/Armurerie-Richert-Logo-300px.png\",\"width\":300,\"height\":73,\"caption\":\"Armurerie Richert\"},\"image\":{\"@id\":\"https:\\\/\\\/armurerie-richert.ch\\\/de\\\/#\\\/schema\\\/logo\\\/image\\\/\"},\"sameAs\":[\"https:\\\/\\\/www.facebook.com\\\/profile.php?id=100023920014088\"]}]}<\/script>\n<meta property=\"product:price:amount\" content=\"340.00\" \/>\n<meta property=\"product:price:currency\" content=\"CHF\" \/>\n<meta property=\"og:availability\" content=\"instock\" \/>\n<meta property=\"product:availability\" content=\"instock\" \/>\n<meta property=\"product:condition\" content=\"new\" \/>\n<!-- \/ Yoast SEO Premium plugin. -->","yoast_head_json":{"title":"GEISSELE SSP Abzug f\u00fcr AR15 - Armurerie Richert","description":"Verbessern Sie die Pr\u00e4zision und Reaktionsf\u00e4higkeit Ihres AR15 mit dem GEISSELE SSP Abzug. Ein einstufiger, spielfreier Ausl\u00f6ser und ein sauberer Schussabgang.","robots":{"index":"index","follow":"follow","max-snippet":"max-snippet:-1","max-image-preview":"max-image-preview:large","max-video-preview":"max-video-preview:-1"},"canonical":"https:\/\/armurerie-richert.ch\/de\/produit\/geissele-ssp-abzug-fuer-ar15\/","og_locale":"de_DE","og_type":"article","og_title":"GEISSELE SSP Abzug f\u00fcr AR15","og_description":"Verbessern Sie die Pr\u00e4zision und Reaktionsf\u00e4higkeit Ihres AR15 mit dem GEISSELE SSP Abzug. Ein einstufiger, spielfreier Ausl\u00f6ser und ein sauberer Schussabgang.","og_url":"https:\/\/armurerie-richert.ch\/de\/produit\/geissele-ssp-abzug-fuer-ar15\/","og_site_name":"Armurerie Richert","article_publisher":"https:\/\/www.facebook.com\/profile.php?id=100023920014088","og_image":[{"width":1080,"height":1080,"url":"https:\/\/armurerie-richert.ch\/wp-content\/uploads\/2023\/11\/single-stage-precision-trigger-c.jpg","type":"image\/jpeg"}],"twitter_card":"summary_large_image","twitter_misc":{"Preis":"&#67;&#72;&#70;&nbsp;340.00","Verf\u00fcgbarkeit":"Auf Lager"},"schema":{"@context":"https:\/\/schema.org","@graph":[{"@type":"WebPage","@id":"https:\/\/armurerie-richert.ch\/de\/produit\/geissele-ssp-abzug-fuer-ar15\/","url":"https:\/\/armurerie-richert.ch\/de\/produit\/geissele-ssp-abzug-fuer-ar15\/","name":"GEISSELE SSP Abzug f\u00fcr AR15 - Armurerie Richert","isPartOf":{"@id":"https:\/\/armurerie-richert.ch\/de\/#website"},"primaryImageOfPage":{"@id":"https:\/\/armurerie-richert.ch\/de\/produit\/geissele-ssp-abzug-fuer-ar15\/#primaryimage"},"image":{"@id":"https:\/\/armurerie-richert.ch\/de\/produit\/geissele-ssp-abzug-fuer-ar15\/#primaryimage"},"thumbnailUrl":"https:\/\/armurerie-richert.ch\/wp-content\/uploads\/2023\/11\/single-stage-precision-trigger-c.jpg","datePublished":"2023-11-05T13:39:58+00:00","description":"Verbessern Sie die Pr\u00e4zision und Reaktionsf\u00e4higkeit Ihres AR15 mit dem GEISSELE SSP Abzug. Ein einstufiger, spielfreier Ausl\u00f6ser und ein sauberer Schussabgang.","breadcrumb":{"@id":"https:\/\/armurerie-richert.ch\/de\/produit\/geissele-ssp-abzug-fuer-ar15\/#breadcrumb"},"inLanguage":"de","potentialAction":[{"@type":"ReadAction","target":["https:\/\/armurerie-richert.ch\/de\/produit\/geissele-ssp-abzug-fuer-ar15\/"]}]},{"@type":"ImageObject","inLanguage":"de","@id":"https:\/\/armurerie-richert.ch\/de\/produit\/geissele-ssp-abzug-fuer-ar15\/#primaryimage","url":"https:\/\/armurerie-richert.ch\/wp-content\/uploads\/2023\/11\/single-stage-precision-trigger-c.jpg","contentUrl":"https:\/\/armurerie-richert.ch\/wp-content\/uploads\/2023\/11\/single-stage-precision-trigger-c.jpg","width":1080,"height":1080},{"@type":"BreadcrumbList","@id":"https:\/\/armurerie-richert.ch\/de\/produit\/geissele-ssp-abzug-fuer-ar15\/#breadcrumb","itemListElement":[{"@type":"ListItem","position":1,"name":"Accueil","item":"https:\/\/armurerie-richert.ch\/de\/startseite\/"},{"@type":"ListItem","position":2,"name":"Shop","item":"https:\/\/armurerie-richert.ch\/de\/shop\/"},{"@type":"ListItem","position":3,"name":"GEISSELE SSP Abzug f\u00fcr AR15"}]},{"@type":"WebSite","@id":"https:\/\/armurerie-richert.ch\/de\/#website","url":"https:\/\/armurerie-richert.ch\/de\/","name":"Armurerie Richert","description":"","publisher":{"@id":"https:\/\/armurerie-richert.ch\/de\/#organization"},"potentialAction":[{"@type":"SearchAction","target":{"@type":"EntryPoint","urlTemplate":"https:\/\/armurerie-richert.ch\/de\/?s={search_term_string}"},"query-input":{"@type":"PropertyValueSpecification","valueRequired":true,"valueName":"search_term_string"}}],"inLanguage":"de"},{"@type":"Organization","@id":"https:\/\/armurerie-richert.ch\/de\/#organization","name":"Armurerie Richert","url":"https:\/\/armurerie-richert.ch\/de\/","logo":{"@type":"ImageObject","inLanguage":"de","@id":"https:\/\/armurerie-richert.ch\/de\/#\/schema\/logo\/image\/","url":"https:\/\/armurerie-richert.ch\/wp-content\/uploads\/2023\/11\/Armurerie-Richert-Logo-300px.png","contentUrl":"https:\/\/armurerie-richert.ch\/wp-content\/uploads\/2023\/11\/Armurerie-Richert-Logo-300px.png","width":300,"height":73,"caption":"Armurerie Richert"},"image":{"@id":"https:\/\/armurerie-richert.ch\/de\/#\/schema\/logo\/image\/"},"sameAs":["https:\/\/www.facebook.com\/profile.php?id=100023920014088"]}]},"product_price_amount":"340.00","product_price_currency":"CHF","og_availability":"instock","product_availability":"instock","product_condition":"new"},"_links":{"self":[{"href":"https:\/\/armurerie-richert.ch\/de\/wp-json\/wp\/v2\/product\/35444","targetHints":{"allow":["GET"]}}],"collection":[{"href":"https:\/\/armurerie-richert.ch\/de\/wp-json\/wp\/v2\/product"}],"about":[{"href":"https:\/\/armurerie-richert.ch\/de\/wp-json\/wp\/v2\/types\/product"}],"wp:featuredmedia":[{"embeddable":true,"href":"https:\/\/armurerie-richert.ch\/de\/wp-json\/wp\/v2\/media\/32428"}],"wp:attachment":[{"href":"https:\/\/armurerie-richert.ch\/de\/wp-json\/wp\/v2\/media?parent=35444"}],"wp:term":[{"taxonomy":"product_brand","embeddable":true,"href":"https:\/\/armurerie-richert.ch\/de\/wp-json\/wp\/v2\/product_brand?post=35444"},{"taxonomy":"product_cat","embeddable":true,"href":"https:\/\/armurerie-richert.ch\/de\/wp-json\/wp\/v2\/product_cat?post=35444"},{"taxonomy":"product_tag","embeddable":true,"href":"https:\/\/armurerie-richert.ch\/de\/wp-json\/wp\/v2\/product_tag?post=35444"}],"curies":[{"name":"wp","href":"https:\/\/api.w.org\/{rel}","templated":true}]}}