{"id":35445,"date":"2023-11-05T14:38:38","date_gmt":"2023-11-05T13:38:38","guid":{"rendered":"https:\/\/armurerie-richert.ch\/produit\/silencerco-blast-shield-fuer-flammenabdeckung-asr\/"},"modified":"2023-11-05T14:38:38","modified_gmt":"2023-11-05T13:38:38","slug":"silencerco-blast-shield-fuer-flammenabdeckung-asr","status":"publish","type":"product","link":"https:\/\/armurerie-richert.ch\/de\/produit\/silencerco-blast-shield-fuer-flammenabdeckung-asr\/","title":{"rendered":"SILENCERCO Blast shield f\u00fcr Flammenabdeckung ASR"},"content":{"rendered":"<h3>SILENCERCO Blast shield f\u00fcr Flammenabdeckung ASR<\/h3>\n<p>Kompatibel mit den SILENCERCO ASR 5.56mm und 7.62mm Flammenabdeckungen. Das SilencerCo ASR Blast Shield kann an jedem vorhandenen ASR Muzzle Device befestigt werden, einschlie\u00dflich der neuen ASR Muzzle Brake Single Port.<br \/>\nDas ASR Blast Shield reduziert Muzzle Blast und Ersch\u00fctterungen und erfordert ein ASR Muzzle Device zur Befestigung am Gastgeber-Feuerwehrschrank.<\/p>\n","protected":false},"excerpt":{"rendered":"<p>Kompatibel mit den SILENCERCO ASR 5.56mm und 7.62mm Flammenabdeckungen<\/p>\n<p>The SilencerCo ASR Blast Shield attachs to any existing ASR Muzzle Device, including the new Single Port ASR Muzzle Brake.<br \/>\nThe ASR Blast Shield reduces muzzle blast and concussion, and requires an ASR Muzzle Device to mount to the host firearm.<\/p>\n","protected":false},"featured_media":32426,"template":"","meta":{"_et_pb_use_builder":"","_et_pb_old_content":"","_et_gb_content_width":""},"product_brand":[],"product_cat":[66,65],"product_tag":[],"class_list":{"0":"post-35445","1":"product","2":"type-product","3":"status-publish","4":"has-post-thumbnail","6":"product_cat-zubehor-fur-gewehre","7":"product_cat-zubehor-und-optik","9":"first","10":"instock","11":"shipping-taxable","12":"purchasable","13":"product-type-simple"},"yoast_head":"<!-- This site is optimized with the Yoast SEO Premium plugin v24.7 (Yoast SEO v27.4) - https:\/\/yoast.com\/product\/yoast-seo-premium-wordpress\/ -->\n<title>SILENCERCO Blast shield f\u00fcr Flammenabdeckung ASR - Armurerie Richert<\/title>\n<meta name=\"description\" content=\"Reduzieren Sie die Deflagration und sch\u00fctzen Sie Ihr Geh\u00f6r mit dem ASR Blast Shield von SILENCERCO. Kompatibel mit den Kalibern 5,56 mm und 7,62 mm.\" \/>\n<meta name=\"robots\" content=\"index, follow, max-snippet:-1, max-image-preview:large, max-video-preview:-1\" \/>\n<link rel=\"canonical\" href=\"https:\/\/armurerie-richert.ch\/de\/produit\/silencerco-blast-shield-fuer-flammenabdeckung-asr\/\" \/>\n<meta property=\"og:locale\" content=\"de_DE\" \/>\n<meta property=\"og:type\" content=\"article\" \/>\n<meta property=\"og:title\" content=\"SILENCERCO Blast shield f\u00fcr Flammenabdeckung ASR\" \/>\n<meta property=\"og:description\" content=\"Reduzieren Sie die Deflagration und sch\u00fctzen Sie Ihr Geh\u00f6r mit dem ASR Blast Shield von SILENCERCO. Kompatibel mit den Kalibern 5,56 mm und 7,62 mm.\" \/>\n<meta property=\"og:url\" content=\"https:\/\/armurerie-richert.ch\/de\/produit\/silencerco-blast-shield-fuer-flammenabdeckung-asr\/\" \/>\n<meta property=\"og:site_name\" content=\"Armurerie Richert\" \/>\n<meta property=\"article:publisher\" content=\"https:\/\/www.facebook.com\/profile.php?id=100023920014088\" \/>\n<meta property=\"og:image\" content=\"https:\/\/armurerie-richert.ch\/wp-content\/uploads\/2023\/11\/silencerco-asr-blast-shield.jpg\" \/>\n\t<meta property=\"og:image:width\" content=\"1044\" \/>\n\t<meta property=\"og:image:height\" content=\"1044\" \/>\n\t<meta property=\"og:image:type\" content=\"image\/jpeg\" \/>\n<meta name=\"twitter:card\" content=\"summary_large_image\" \/>\n<meta name=\"twitter:label1\" content=\"Preis\" \/>\n\t<meta name=\"twitter:data1\" content=\"&#067;&#072;&#070;&nbsp;195.00\" \/>\n\t<meta name=\"twitter:label2\" content=\"Verf\u00fcgbarkeit\" \/>\n\t<meta name=\"twitter:data2\" content=\"Auf Lager\" \/>\n<script type=\"application\/ld+json\" class=\"yoast-schema-graph\">{\"@context\":\"https:\\\/\\\/schema.org\",\"@graph\":[{\"@type\":\"WebPage\",\"@id\":\"https:\\\/\\\/armurerie-richert.ch\\\/de\\\/produit\\\/silencerco-blast-shield-fuer-flammenabdeckung-asr\\\/\",\"url\":\"https:\\\/\\\/armurerie-richert.ch\\\/de\\\/produit\\\/silencerco-blast-shield-fuer-flammenabdeckung-asr\\\/\",\"name\":\"SILENCERCO Blast shield f\u00fcr Flammenabdeckung ASR - Armurerie Richert\",\"isPartOf\":{\"@id\":\"https:\\\/\\\/armurerie-richert.ch\\\/de\\\/#website\"},\"primaryImageOfPage\":{\"@id\":\"https:\\\/\\\/armurerie-richert.ch\\\/de\\\/produit\\\/silencerco-blast-shield-fuer-flammenabdeckung-asr\\\/#primaryimage\"},\"image\":{\"@id\":\"https:\\\/\\\/armurerie-richert.ch\\\/de\\\/produit\\\/silencerco-blast-shield-fuer-flammenabdeckung-asr\\\/#primaryimage\"},\"thumbnailUrl\":\"https:\\\/\\\/armurerie-richert.ch\\\/wp-content\\\/uploads\\\/2023\\\/11\\\/silencerco-asr-blast-shield.jpg\",\"datePublished\":\"2023-11-05T13:38:38+00:00\",\"description\":\"Reduzieren Sie die Deflagration und sch\u00fctzen Sie Ihr Geh\u00f6r mit dem ASR Blast Shield von SILENCERCO. Kompatibel mit den Kalibern 5,56 mm und 7,62 mm.\",\"breadcrumb\":{\"@id\":\"https:\\\/\\\/armurerie-richert.ch\\\/de\\\/produit\\\/silencerco-blast-shield-fuer-flammenabdeckung-asr\\\/#breadcrumb\"},\"inLanguage\":\"de\",\"potentialAction\":[{\"@type\":\"ReadAction\",\"target\":[\"https:\\\/\\\/armurerie-richert.ch\\\/de\\\/produit\\\/silencerco-blast-shield-fuer-flammenabdeckung-asr\\\/\"]}]},{\"@type\":\"ImageObject\",\"inLanguage\":\"de\",\"@id\":\"https:\\\/\\\/armurerie-richert.ch\\\/de\\\/produit\\\/silencerco-blast-shield-fuer-flammenabdeckung-asr\\\/#primaryimage\",\"url\":\"https:\\\/\\\/armurerie-richert.ch\\\/wp-content\\\/uploads\\\/2023\\\/11\\\/silencerco-asr-blast-shield.jpg\",\"contentUrl\":\"https:\\\/\\\/armurerie-richert.ch\\\/wp-content\\\/uploads\\\/2023\\\/11\\\/silencerco-asr-blast-shield.jpg\",\"width\":1044,\"height\":1044},{\"@type\":\"BreadcrumbList\",\"@id\":\"https:\\\/\\\/armurerie-richert.ch\\\/de\\\/produit\\\/silencerco-blast-shield-fuer-flammenabdeckung-asr\\\/#breadcrumb\",\"itemListElement\":[{\"@type\":\"ListItem\",\"position\":1,\"name\":\"Accueil\",\"item\":\"https:\\\/\\\/armurerie-richert.ch\\\/de\\\/startseite\\\/\"},{\"@type\":\"ListItem\",\"position\":2,\"name\":\"Shop\",\"item\":\"https:\\\/\\\/armurerie-richert.ch\\\/de\\\/shop\\\/\"},{\"@type\":\"ListItem\",\"position\":3,\"name\":\"SILENCERCO Blast shield f\u00fcr Flammenabdeckung ASR\"}]},{\"@type\":\"WebSite\",\"@id\":\"https:\\\/\\\/armurerie-richert.ch\\\/de\\\/#website\",\"url\":\"https:\\\/\\\/armurerie-richert.ch\\\/de\\\/\",\"name\":\"Armurerie Richert\",\"description\":\"\",\"publisher\":{\"@id\":\"https:\\\/\\\/armurerie-richert.ch\\\/de\\\/#organization\"},\"potentialAction\":[{\"@type\":\"SearchAction\",\"target\":{\"@type\":\"EntryPoint\",\"urlTemplate\":\"https:\\\/\\\/armurerie-richert.ch\\\/de\\\/?s={search_term_string}\"},\"query-input\":{\"@type\":\"PropertyValueSpecification\",\"valueRequired\":true,\"valueName\":\"search_term_string\"}}],\"inLanguage\":\"de\"},{\"@type\":\"Organization\",\"@id\":\"https:\\\/\\\/armurerie-richert.ch\\\/de\\\/#organization\",\"name\":\"Armurerie Richert\",\"url\":\"https:\\\/\\\/armurerie-richert.ch\\\/de\\\/\",\"logo\":{\"@type\":\"ImageObject\",\"inLanguage\":\"de\",\"@id\":\"https:\\\/\\\/armurerie-richert.ch\\\/de\\\/#\\\/schema\\\/logo\\\/image\\\/\",\"url\":\"https:\\\/\\\/armurerie-richert.ch\\\/wp-content\\\/uploads\\\/2023\\\/11\\\/Armurerie-Richert-Logo-300px.png\",\"contentUrl\":\"https:\\\/\\\/armurerie-richert.ch\\\/wp-content\\\/uploads\\\/2023\\\/11\\\/Armurerie-Richert-Logo-300px.png\",\"width\":300,\"height\":73,\"caption\":\"Armurerie Richert\"},\"image\":{\"@id\":\"https:\\\/\\\/armurerie-richert.ch\\\/de\\\/#\\\/schema\\\/logo\\\/image\\\/\"},\"sameAs\":[\"https:\\\/\\\/www.facebook.com\\\/profile.php?id=100023920014088\"]}]}<\/script>\n<meta property=\"product:price:amount\" content=\"195.00\" \/>\n<meta property=\"product:price:currency\" content=\"CHF\" \/>\n<meta property=\"og:availability\" content=\"instock\" \/>\n<meta property=\"product:availability\" content=\"instock\" \/>\n<meta property=\"product:condition\" content=\"new\" \/>\n<!-- \/ Yoast SEO Premium plugin. -->","yoast_head_json":{"title":"SILENCERCO Blast shield f\u00fcr Flammenabdeckung ASR - Armurerie Richert","description":"Reduzieren Sie die Deflagration und sch\u00fctzen Sie Ihr Geh\u00f6r mit dem ASR Blast Shield von SILENCERCO. Kompatibel mit den Kalibern 5,56 mm und 7,62 mm.","robots":{"index":"index","follow":"follow","max-snippet":"max-snippet:-1","max-image-preview":"max-image-preview:large","max-video-preview":"max-video-preview:-1"},"canonical":"https:\/\/armurerie-richert.ch\/de\/produit\/silencerco-blast-shield-fuer-flammenabdeckung-asr\/","og_locale":"de_DE","og_type":"article","og_title":"SILENCERCO Blast shield f\u00fcr Flammenabdeckung ASR","og_description":"Reduzieren Sie die Deflagration und sch\u00fctzen Sie Ihr Geh\u00f6r mit dem ASR Blast Shield von SILENCERCO. Kompatibel mit den Kalibern 5,56 mm und 7,62 mm.","og_url":"https:\/\/armurerie-richert.ch\/de\/produit\/silencerco-blast-shield-fuer-flammenabdeckung-asr\/","og_site_name":"Armurerie Richert","article_publisher":"https:\/\/www.facebook.com\/profile.php?id=100023920014088","og_image":[{"width":1044,"height":1044,"url":"https:\/\/armurerie-richert.ch\/wp-content\/uploads\/2023\/11\/silencerco-asr-blast-shield.jpg","type":"image\/jpeg"}],"twitter_card":"summary_large_image","twitter_misc":{"Preis":"&#67;&#72;&#70;&nbsp;195.00","Verf\u00fcgbarkeit":"Auf Lager"},"schema":{"@context":"https:\/\/schema.org","@graph":[{"@type":"WebPage","@id":"https:\/\/armurerie-richert.ch\/de\/produit\/silencerco-blast-shield-fuer-flammenabdeckung-asr\/","url":"https:\/\/armurerie-richert.ch\/de\/produit\/silencerco-blast-shield-fuer-flammenabdeckung-asr\/","name":"SILENCERCO Blast shield f\u00fcr Flammenabdeckung ASR - Armurerie Richert","isPartOf":{"@id":"https:\/\/armurerie-richert.ch\/de\/#website"},"primaryImageOfPage":{"@id":"https:\/\/armurerie-richert.ch\/de\/produit\/silencerco-blast-shield-fuer-flammenabdeckung-asr\/#primaryimage"},"image":{"@id":"https:\/\/armurerie-richert.ch\/de\/produit\/silencerco-blast-shield-fuer-flammenabdeckung-asr\/#primaryimage"},"thumbnailUrl":"https:\/\/armurerie-richert.ch\/wp-content\/uploads\/2023\/11\/silencerco-asr-blast-shield.jpg","datePublished":"2023-11-05T13:38:38+00:00","description":"Reduzieren Sie die Deflagration und sch\u00fctzen Sie Ihr Geh\u00f6r mit dem ASR Blast Shield von SILENCERCO. Kompatibel mit den Kalibern 5,56 mm und 7,62 mm.","breadcrumb":{"@id":"https:\/\/armurerie-richert.ch\/de\/produit\/silencerco-blast-shield-fuer-flammenabdeckung-asr\/#breadcrumb"},"inLanguage":"de","potentialAction":[{"@type":"ReadAction","target":["https:\/\/armurerie-richert.ch\/de\/produit\/silencerco-blast-shield-fuer-flammenabdeckung-asr\/"]}]},{"@type":"ImageObject","inLanguage":"de","@id":"https:\/\/armurerie-richert.ch\/de\/produit\/silencerco-blast-shield-fuer-flammenabdeckung-asr\/#primaryimage","url":"https:\/\/armurerie-richert.ch\/wp-content\/uploads\/2023\/11\/silencerco-asr-blast-shield.jpg","contentUrl":"https:\/\/armurerie-richert.ch\/wp-content\/uploads\/2023\/11\/silencerco-asr-blast-shield.jpg","width":1044,"height":1044},{"@type":"BreadcrumbList","@id":"https:\/\/armurerie-richert.ch\/de\/produit\/silencerco-blast-shield-fuer-flammenabdeckung-asr\/#breadcrumb","itemListElement":[{"@type":"ListItem","position":1,"name":"Accueil","item":"https:\/\/armurerie-richert.ch\/de\/startseite\/"},{"@type":"ListItem","position":2,"name":"Shop","item":"https:\/\/armurerie-richert.ch\/de\/shop\/"},{"@type":"ListItem","position":3,"name":"SILENCERCO Blast shield f\u00fcr Flammenabdeckung ASR"}]},{"@type":"WebSite","@id":"https:\/\/armurerie-richert.ch\/de\/#website","url":"https:\/\/armurerie-richert.ch\/de\/","name":"Armurerie Richert","description":"","publisher":{"@id":"https:\/\/armurerie-richert.ch\/de\/#organization"},"potentialAction":[{"@type":"SearchAction","target":{"@type":"EntryPoint","urlTemplate":"https:\/\/armurerie-richert.ch\/de\/?s={search_term_string}"},"query-input":{"@type":"PropertyValueSpecification","valueRequired":true,"valueName":"search_term_string"}}],"inLanguage":"de"},{"@type":"Organization","@id":"https:\/\/armurerie-richert.ch\/de\/#organization","name":"Armurerie Richert","url":"https:\/\/armurerie-richert.ch\/de\/","logo":{"@type":"ImageObject","inLanguage":"de","@id":"https:\/\/armurerie-richert.ch\/de\/#\/schema\/logo\/image\/","url":"https:\/\/armurerie-richert.ch\/wp-content\/uploads\/2023\/11\/Armurerie-Richert-Logo-300px.png","contentUrl":"https:\/\/armurerie-richert.ch\/wp-content\/uploads\/2023\/11\/Armurerie-Richert-Logo-300px.png","width":300,"height":73,"caption":"Armurerie Richert"},"image":{"@id":"https:\/\/armurerie-richert.ch\/de\/#\/schema\/logo\/image\/"},"sameAs":["https:\/\/www.facebook.com\/profile.php?id=100023920014088"]}]},"product_price_amount":"195.00","product_price_currency":"CHF","og_availability":"instock","product_availability":"instock","product_condition":"new"},"_links":{"self":[{"href":"https:\/\/armurerie-richert.ch\/de\/wp-json\/wp\/v2\/product\/35445","targetHints":{"allow":["GET"]}}],"collection":[{"href":"https:\/\/armurerie-richert.ch\/de\/wp-json\/wp\/v2\/product"}],"about":[{"href":"https:\/\/armurerie-richert.ch\/de\/wp-json\/wp\/v2\/types\/product"}],"wp:featuredmedia":[{"embeddable":true,"href":"https:\/\/armurerie-richert.ch\/de\/wp-json\/wp\/v2\/media\/32426"}],"wp:attachment":[{"href":"https:\/\/armurerie-richert.ch\/de\/wp-json\/wp\/v2\/media?parent=35445"}],"wp:term":[{"taxonomy":"product_brand","embeddable":true,"href":"https:\/\/armurerie-richert.ch\/de\/wp-json\/wp\/v2\/product_brand?post=35445"},{"taxonomy":"product_cat","embeddable":true,"href":"https:\/\/armurerie-richert.ch\/de\/wp-json\/wp\/v2\/product_cat?post=35445"},{"taxonomy":"product_tag","embeddable":true,"href":"https:\/\/armurerie-richert.ch\/de\/wp-json\/wp\/v2\/product_tag?post=35445"}],"curies":[{"name":"wp","href":"https:\/\/api.w.org\/{rel}","templated":true}]}}