{"id":35447,"date":"2023-11-05T14:36:37","date_gmt":"2023-11-05T13:36:37","guid":{"rendered":"https:\/\/armurerie-richert.ch\/produit\/silencerco-flammenabdeckung-asr\/"},"modified":"2023-11-05T14:36:37","modified_gmt":"2023-11-05T13:36:37","slug":"silencerco-flammenabdeckung-asr","status":"publish","type":"product","link":"https:\/\/armurerie-richert.ch\/de\/produit\/silencerco-flammenabdeckung-asr\/","title":{"rendered":"SILENCERCO Flammenabdeckung ASR"},"content":{"rendered":"<h3>SILENCERCO Flammenabdeckung ASR<\/h3>\n<p>Erh\u00e4ltlich f\u00fcr 5.56 in 1\/2&#215;28 und f\u00fcr 7.62 in 5\/8&#215;24 Der ASR Flash Hider ist mit unseren ASR (Active Spring Retention) Mounts kompatibel. Der ASR Mount ist ein Schnellbefestigungs- und -l\u00f6se-System f\u00fcr fast alle SilencerCo-Suppressoren. Das einfache Einhand-Befestigungssystem ist mit allen ASR Muzzle Devices kompatibel, um eine einfache \u00dcbertragung von einem Silencer auf einen anderen zu erm\u00f6glichen. Der einmal geschulterte Verschlussring stellt sicher, dass der Schalld\u00e4mpfer unter einem schweren Feuerplan nicht rotiert oder sich lockert. Die patent-pending Resonanzunterdr\u00fcckung eliminiert effektiv den Tuning-fork-Effekt, der bei vergleichbaren 3-prong Flash Hiders auftritt. Das ASR-Montagesystem ist standardm\u00e4\u00dfig mit den Familien Omega 300, Chimera 300, Saker ASR und Specwar erh\u00e4ltlich. Es ist auch kompatibel mit Hybrid 46, Harvester Serie, Octane Serie und Omega K Serie.<\/p>\n","protected":false},"excerpt":{"rendered":"<p>Erh\u00e4ltlich f\u00fcr 5.56 in 1\/2&#215;28 und f\u00fcr 7.62 in 5\/8&#215;24 Der ASR Flash Hider ist mit unseren ASR (Active Spring Retention) Mounts kompatibel. Der ASR Mount ist ein Schnellbefestigungs- und -l\u00f6se-System f\u00fcr fast alle SilencerCo-Suppressoren. Das einfache Einhand-Befestigungssystem ist mit allen ASR Muzzle Devices kompatibel, um eine einfache \u00dcbertragung von einem Silencer auf einen anderen zu erm\u00f6glichen. Der einmal geschulterte Verschlussring stellt sicher, dass der Schalld\u00e4mpfer unter einem schweren Feuerplan nicht rotiert oder sich lockert. Die patent-pending Resonanzunterdr\u00fcckung eliminiert effektiv den Tuning-fork-Effekt, der bei vergleichbaren 3-prong Flash Hiders auftritt. Das ASR-Montagesystem ist standardm\u00e4\u00dfig mit den Familien Omega 300, Chimera 300, Saker ASR und Specwar erh\u00e4ltlich. Es ist auch kompatibel mit Hybrid 46, Harvester Serie, Octane Serie und Omega K Serie.<\/p>\n","protected":false},"featured_media":32424,"template":"","meta":{"_et_pb_use_builder":"","_et_pb_old_content":"","_et_gb_content_width":""},"product_brand":[],"product_cat":[66,65],"product_tag":[],"class_list":{"0":"post-35447","1":"product","2":"type-product","3":"status-publish","4":"has-post-thumbnail","6":"product_cat-zubehor-fur-gewehre","7":"product_cat-zubehor-und-optik","9":"first","10":"instock","11":"shipping-taxable","12":"purchasable","13":"product-type-simple"},"yoast_head":"<!-- This site is optimized with the Yoast SEO Premium plugin v24.7 (Yoast SEO v27.4) - https:\/\/yoast.com\/product\/yoast-seo-premium-wordpress\/ -->\n<title>SILENCERCO Flammenabdeckung ASR - Armurerie Richert<\/title>\n<meta name=\"description\" content=\"Verbessern Sie Ihr Schusserlebnis mit dem ASR Flammschutz Schalld\u00e4mpfer. Kompatibel mit ASR-Montagen f\u00fcr eine einfache Installation und Entfernung.\" \/>\n<meta name=\"robots\" content=\"index, follow, max-snippet:-1, max-image-preview:large, max-video-preview:-1\" \/>\n<link rel=\"canonical\" href=\"https:\/\/armurerie-richert.ch\/de\/produit\/silencerco-flammenabdeckung-asr\/\" \/>\n<meta property=\"og:locale\" content=\"de_DE\" \/>\n<meta property=\"og:type\" content=\"article\" \/>\n<meta property=\"og:title\" content=\"SILENCERCO Flammenabdeckung ASR\" \/>\n<meta property=\"og:description\" content=\"Verbessern Sie Ihr Schusserlebnis mit dem ASR Flammschutz Schalld\u00e4mpfer. Kompatibel mit ASR-Montagen f\u00fcr eine einfache Installation und Entfernung.\" \/>\n<meta property=\"og:url\" content=\"https:\/\/armurerie-richert.ch\/de\/produit\/silencerco-flammenabdeckung-asr\/\" \/>\n<meta property=\"og:site_name\" content=\"Armurerie Richert\" \/>\n<meta property=\"article:publisher\" content=\"https:\/\/www.facebook.com\/profile.php?id=100023920014088\" \/>\n<meta property=\"og:image\" content=\"https:\/\/armurerie-richert.ch\/wp-content\/uploads\/2023\/11\/silencerco-asr-flash-hider-30-caliber-1-2x28-1.jpg\" \/>\n\t<meta property=\"og:image:width\" content=\"1118\" \/>\n\t<meta property=\"og:image:height\" content=\"1118\" \/>\n\t<meta property=\"og:image:type\" content=\"image\/jpeg\" \/>\n<meta name=\"twitter:card\" content=\"summary_large_image\" \/>\n<meta name=\"twitter:label1\" content=\"Preis\" \/>\n\t<meta name=\"twitter:data1\" content=\"&#067;&#072;&#070;&nbsp;125.00\" \/>\n\t<meta name=\"twitter:label2\" content=\"Verf\u00fcgbarkeit\" \/>\n\t<meta name=\"twitter:data2\" content=\"Auf Lager\" \/>\n<script type=\"application\/ld+json\" class=\"yoast-schema-graph\">{\"@context\":\"https:\\\/\\\/schema.org\",\"@graph\":[{\"@type\":\"WebPage\",\"@id\":\"https:\\\/\\\/armurerie-richert.ch\\\/de\\\/produit\\\/silencerco-flammenabdeckung-asr\\\/\",\"url\":\"https:\\\/\\\/armurerie-richert.ch\\\/de\\\/produit\\\/silencerco-flammenabdeckung-asr\\\/\",\"name\":\"SILENCERCO Flammenabdeckung ASR - Armurerie Richert\",\"isPartOf\":{\"@id\":\"https:\\\/\\\/armurerie-richert.ch\\\/de\\\/#website\"},\"primaryImageOfPage\":{\"@id\":\"https:\\\/\\\/armurerie-richert.ch\\\/de\\\/produit\\\/silencerco-flammenabdeckung-asr\\\/#primaryimage\"},\"image\":{\"@id\":\"https:\\\/\\\/armurerie-richert.ch\\\/de\\\/produit\\\/silencerco-flammenabdeckung-asr\\\/#primaryimage\"},\"thumbnailUrl\":\"https:\\\/\\\/armurerie-richert.ch\\\/wp-content\\\/uploads\\\/2023\\\/11\\\/silencerco-asr-flash-hider-30-caliber-1-2x28-1.jpg\",\"datePublished\":\"2023-11-05T13:36:37+00:00\",\"description\":\"Verbessern Sie Ihr Schusserlebnis mit dem ASR Flammschutz Schalld\u00e4mpfer. Kompatibel mit ASR-Montagen f\u00fcr eine einfache Installation und Entfernung.\",\"breadcrumb\":{\"@id\":\"https:\\\/\\\/armurerie-richert.ch\\\/de\\\/produit\\\/silencerco-flammenabdeckung-asr\\\/#breadcrumb\"},\"inLanguage\":\"de\",\"potentialAction\":[{\"@type\":\"ReadAction\",\"target\":[\"https:\\\/\\\/armurerie-richert.ch\\\/de\\\/produit\\\/silencerco-flammenabdeckung-asr\\\/\"]}]},{\"@type\":\"ImageObject\",\"inLanguage\":\"de\",\"@id\":\"https:\\\/\\\/armurerie-richert.ch\\\/de\\\/produit\\\/silencerco-flammenabdeckung-asr\\\/#primaryimage\",\"url\":\"https:\\\/\\\/armurerie-richert.ch\\\/wp-content\\\/uploads\\\/2023\\\/11\\\/silencerco-asr-flash-hider-30-caliber-1-2x28-1.jpg\",\"contentUrl\":\"https:\\\/\\\/armurerie-richert.ch\\\/wp-content\\\/uploads\\\/2023\\\/11\\\/silencerco-asr-flash-hider-30-caliber-1-2x28-1.jpg\",\"width\":1118,\"height\":1118},{\"@type\":\"BreadcrumbList\",\"@id\":\"https:\\\/\\\/armurerie-richert.ch\\\/de\\\/produit\\\/silencerco-flammenabdeckung-asr\\\/#breadcrumb\",\"itemListElement\":[{\"@type\":\"ListItem\",\"position\":1,\"name\":\"Accueil\",\"item\":\"https:\\\/\\\/armurerie-richert.ch\\\/de\\\/startseite\\\/\"},{\"@type\":\"ListItem\",\"position\":2,\"name\":\"Shop\",\"item\":\"https:\\\/\\\/armurerie-richert.ch\\\/de\\\/shop\\\/\"},{\"@type\":\"ListItem\",\"position\":3,\"name\":\"SILENCERCO Flammenabdeckung ASR\"}]},{\"@type\":\"WebSite\",\"@id\":\"https:\\\/\\\/armurerie-richert.ch\\\/de\\\/#website\",\"url\":\"https:\\\/\\\/armurerie-richert.ch\\\/de\\\/\",\"name\":\"Armurerie Richert\",\"description\":\"\",\"publisher\":{\"@id\":\"https:\\\/\\\/armurerie-richert.ch\\\/de\\\/#organization\"},\"potentialAction\":[{\"@type\":\"SearchAction\",\"target\":{\"@type\":\"EntryPoint\",\"urlTemplate\":\"https:\\\/\\\/armurerie-richert.ch\\\/de\\\/?s={search_term_string}\"},\"query-input\":{\"@type\":\"PropertyValueSpecification\",\"valueRequired\":true,\"valueName\":\"search_term_string\"}}],\"inLanguage\":\"de\"},{\"@type\":\"Organization\",\"@id\":\"https:\\\/\\\/armurerie-richert.ch\\\/de\\\/#organization\",\"name\":\"Armurerie Richert\",\"url\":\"https:\\\/\\\/armurerie-richert.ch\\\/de\\\/\",\"logo\":{\"@type\":\"ImageObject\",\"inLanguage\":\"de\",\"@id\":\"https:\\\/\\\/armurerie-richert.ch\\\/de\\\/#\\\/schema\\\/logo\\\/image\\\/\",\"url\":\"https:\\\/\\\/armurerie-richert.ch\\\/wp-content\\\/uploads\\\/2023\\\/11\\\/Armurerie-Richert-Logo-300px.png\",\"contentUrl\":\"https:\\\/\\\/armurerie-richert.ch\\\/wp-content\\\/uploads\\\/2023\\\/11\\\/Armurerie-Richert-Logo-300px.png\",\"width\":300,\"height\":73,\"caption\":\"Armurerie Richert\"},\"image\":{\"@id\":\"https:\\\/\\\/armurerie-richert.ch\\\/de\\\/#\\\/schema\\\/logo\\\/image\\\/\"},\"sameAs\":[\"https:\\\/\\\/www.facebook.com\\\/profile.php?id=100023920014088\"]}]}<\/script>\n<meta property=\"product:price:amount\" content=\"125.00\" \/>\n<meta property=\"product:price:currency\" content=\"CHF\" \/>\n<meta property=\"og:availability\" content=\"instock\" \/>\n<meta property=\"product:availability\" content=\"instock\" \/>\n<meta property=\"product:condition\" content=\"new\" \/>\n<!-- \/ Yoast SEO Premium plugin. -->","yoast_head_json":{"title":"SILENCERCO Flammenabdeckung ASR - Armurerie Richert","description":"Verbessern Sie Ihr Schusserlebnis mit dem ASR Flammschutz Schalld\u00e4mpfer. Kompatibel mit ASR-Montagen f\u00fcr eine einfache Installation und Entfernung.","robots":{"index":"index","follow":"follow","max-snippet":"max-snippet:-1","max-image-preview":"max-image-preview:large","max-video-preview":"max-video-preview:-1"},"canonical":"https:\/\/armurerie-richert.ch\/de\/produit\/silencerco-flammenabdeckung-asr\/","og_locale":"de_DE","og_type":"article","og_title":"SILENCERCO Flammenabdeckung ASR","og_description":"Verbessern Sie Ihr Schusserlebnis mit dem ASR Flammschutz Schalld\u00e4mpfer. Kompatibel mit ASR-Montagen f\u00fcr eine einfache Installation und Entfernung.","og_url":"https:\/\/armurerie-richert.ch\/de\/produit\/silencerco-flammenabdeckung-asr\/","og_site_name":"Armurerie Richert","article_publisher":"https:\/\/www.facebook.com\/profile.php?id=100023920014088","og_image":[{"width":1118,"height":1118,"url":"https:\/\/armurerie-richert.ch\/wp-content\/uploads\/2023\/11\/silencerco-asr-flash-hider-30-caliber-1-2x28-1.jpg","type":"image\/jpeg"}],"twitter_card":"summary_large_image","twitter_misc":{"Preis":"&#67;&#72;&#70;&nbsp;125.00","Verf\u00fcgbarkeit":"Auf Lager"},"schema":{"@context":"https:\/\/schema.org","@graph":[{"@type":"WebPage","@id":"https:\/\/armurerie-richert.ch\/de\/produit\/silencerco-flammenabdeckung-asr\/","url":"https:\/\/armurerie-richert.ch\/de\/produit\/silencerco-flammenabdeckung-asr\/","name":"SILENCERCO Flammenabdeckung ASR - Armurerie Richert","isPartOf":{"@id":"https:\/\/armurerie-richert.ch\/de\/#website"},"primaryImageOfPage":{"@id":"https:\/\/armurerie-richert.ch\/de\/produit\/silencerco-flammenabdeckung-asr\/#primaryimage"},"image":{"@id":"https:\/\/armurerie-richert.ch\/de\/produit\/silencerco-flammenabdeckung-asr\/#primaryimage"},"thumbnailUrl":"https:\/\/armurerie-richert.ch\/wp-content\/uploads\/2023\/11\/silencerco-asr-flash-hider-30-caliber-1-2x28-1.jpg","datePublished":"2023-11-05T13:36:37+00:00","description":"Verbessern Sie Ihr Schusserlebnis mit dem ASR Flammschutz Schalld\u00e4mpfer. Kompatibel mit ASR-Montagen f\u00fcr eine einfache Installation und Entfernung.","breadcrumb":{"@id":"https:\/\/armurerie-richert.ch\/de\/produit\/silencerco-flammenabdeckung-asr\/#breadcrumb"},"inLanguage":"de","potentialAction":[{"@type":"ReadAction","target":["https:\/\/armurerie-richert.ch\/de\/produit\/silencerco-flammenabdeckung-asr\/"]}]},{"@type":"ImageObject","inLanguage":"de","@id":"https:\/\/armurerie-richert.ch\/de\/produit\/silencerco-flammenabdeckung-asr\/#primaryimage","url":"https:\/\/armurerie-richert.ch\/wp-content\/uploads\/2023\/11\/silencerco-asr-flash-hider-30-caliber-1-2x28-1.jpg","contentUrl":"https:\/\/armurerie-richert.ch\/wp-content\/uploads\/2023\/11\/silencerco-asr-flash-hider-30-caliber-1-2x28-1.jpg","width":1118,"height":1118},{"@type":"BreadcrumbList","@id":"https:\/\/armurerie-richert.ch\/de\/produit\/silencerco-flammenabdeckung-asr\/#breadcrumb","itemListElement":[{"@type":"ListItem","position":1,"name":"Accueil","item":"https:\/\/armurerie-richert.ch\/de\/startseite\/"},{"@type":"ListItem","position":2,"name":"Shop","item":"https:\/\/armurerie-richert.ch\/de\/shop\/"},{"@type":"ListItem","position":3,"name":"SILENCERCO Flammenabdeckung ASR"}]},{"@type":"WebSite","@id":"https:\/\/armurerie-richert.ch\/de\/#website","url":"https:\/\/armurerie-richert.ch\/de\/","name":"Armurerie Richert","description":"","publisher":{"@id":"https:\/\/armurerie-richert.ch\/de\/#organization"},"potentialAction":[{"@type":"SearchAction","target":{"@type":"EntryPoint","urlTemplate":"https:\/\/armurerie-richert.ch\/de\/?s={search_term_string}"},"query-input":{"@type":"PropertyValueSpecification","valueRequired":true,"valueName":"search_term_string"}}],"inLanguage":"de"},{"@type":"Organization","@id":"https:\/\/armurerie-richert.ch\/de\/#organization","name":"Armurerie Richert","url":"https:\/\/armurerie-richert.ch\/de\/","logo":{"@type":"ImageObject","inLanguage":"de","@id":"https:\/\/armurerie-richert.ch\/de\/#\/schema\/logo\/image\/","url":"https:\/\/armurerie-richert.ch\/wp-content\/uploads\/2023\/11\/Armurerie-Richert-Logo-300px.png","contentUrl":"https:\/\/armurerie-richert.ch\/wp-content\/uploads\/2023\/11\/Armurerie-Richert-Logo-300px.png","width":300,"height":73,"caption":"Armurerie Richert"},"image":{"@id":"https:\/\/armurerie-richert.ch\/de\/#\/schema\/logo\/image\/"},"sameAs":["https:\/\/www.facebook.com\/profile.php?id=100023920014088"]}]},"product_price_amount":"125.00","product_price_currency":"CHF","og_availability":"instock","product_availability":"instock","product_condition":"new"},"_links":{"self":[{"href":"https:\/\/armurerie-richert.ch\/de\/wp-json\/wp\/v2\/product\/35447","targetHints":{"allow":["GET"]}}],"collection":[{"href":"https:\/\/armurerie-richert.ch\/de\/wp-json\/wp\/v2\/product"}],"about":[{"href":"https:\/\/armurerie-richert.ch\/de\/wp-json\/wp\/v2\/types\/product"}],"wp:featuredmedia":[{"embeddable":true,"href":"https:\/\/armurerie-richert.ch\/de\/wp-json\/wp\/v2\/media\/32424"}],"wp:attachment":[{"href":"https:\/\/armurerie-richert.ch\/de\/wp-json\/wp\/v2\/media?parent=35447"}],"wp:term":[{"taxonomy":"product_brand","embeddable":true,"href":"https:\/\/armurerie-richert.ch\/de\/wp-json\/wp\/v2\/product_brand?post=35447"},{"taxonomy":"product_cat","embeddable":true,"href":"https:\/\/armurerie-richert.ch\/de\/wp-json\/wp\/v2\/product_cat?post=35447"},{"taxonomy":"product_tag","embeddable":true,"href":"https:\/\/armurerie-richert.ch\/de\/wp-json\/wp\/v2\/product_tag?post=35447"}],"curies":[{"name":"wp","href":"https:\/\/api.w.org\/{rel}","templated":true}]}}