{"id":35449,"date":"2023-11-05T14:33:30","date_gmt":"2023-11-05T13:33:30","guid":{"rendered":"https:\/\/armurerie-richert.ch\/produit\/blast-shield-griffin-armament-qd-fuer-flammenabdeckung-a2\/"},"modified":"2023-11-05T14:33:30","modified_gmt":"2023-11-05T13:33:30","slug":"blast-shield-griffin-armament-qd-fuer-flammenabdeckung-a2","status":"publish","type":"product","link":"https:\/\/armurerie-richert.ch\/de\/produit\/blast-shield-griffin-armament-qd-fuer-flammenabdeckung-a2\/","title":{"rendered":"Blast shield GRIFFIN ARMAMENT QD f\u00fcr Flammenabdeckung A2"},"content":{"rendered":"<h3>Blast shield GRIFFIN ARMAMENT QD f\u00fcr Flammenabdeckung A2<\/h3>\n<p>Das QD Blast Shield wurde entworfen, um eine erhebliche Reduzierung der Ersch\u00fctterung f\u00fcr den Endanwender und andere Teammitglieder in der unmittelbaren Umgebung zu bieten. H\u00e4ufig erleben Teammitglieder in CQB-Umgebungen Ersch\u00fctterungen durch Muzzle-Blaster, die nicht nur deafensiv laut sind, sondern auch lang anhaltende Kopfschmerzen verursachen k\u00f6nnen, die noch Tage danach anhalten k\u00f6nnen. Das einzigartige Design des QD Blast Shield ist besonders effektiv bei kurzen Barrels und richtet die konkussive Kraft nach vorne, so dass ein Endbenutzer die Funktion des Muzzle-Ger\u00e4ts schnell umkonfigurieren kann. Die ultra-starke 17-4PH Edelstahl und Tig-Schwei\u00dfkonstruktion bietet ein robustes Material und eine Konstruktionsmethode, die intensiven Gebrauch und volles Selbstfeuer ohne Angst vor Ausf\u00e4llen \u00fcbersteht. Der K\u00f6rper ist auf die gleiche Weise wie unsere QD-Suppressoren gebogen, wodurch das Verh\u00e4ltnis von St\u00e4rke zu Gewicht f\u00fcr zus\u00e4tzliche geometrische St\u00e4rke erh\u00f6ht wird, w\u00e4hrend die Oberfl\u00e4che f\u00fcr eine schnellere K\u00fchlung vergr\u00f6\u00dfert wird. Die Melonite QPQ Oberfl\u00e4chenbehandlung sorgt f\u00fcr eine extrem harte, dauerhafte und attraktive Oberfl\u00e4che. Der QD-Mechanismus ist schnell, positiv und frei von verschlei\u00dfanf\u00e4lliger Geometrie, die h\u00e4ufig in Ratcheting-Ger\u00e4ten vorkommt. Das QD Blast Shield wird auch mit einem Schablonensatz und einem \u00dcberlaufstopp geliefert, um Ihren A2-Kompensator f\u00fcr den optimalen Gebrauch nachzuf\u00fcllen. Das Griffin QD Blast Shield ist kompatibel mit unseren SDQD-Mounts in 7,62 und 5,56 mm, einschlie\u00dflich Flash Comp, Muzzle Brake, Linear Comp, Compensating Flash Hider und Tactical Compensator. Er ist auch kompatibel mit A2 Kompensatoren, die in die USGI A2 spec blueprinted dimensions fallen. Obwohl viele Firmen A2-Kompensatoren im A2-Stil herstellen, sind nicht alle richtig dimensioniert. Nicht kompatibel mit <a class=\"crosslink\" title=\"Bravo Company Manufacturing\" href=\"https:\/\/www.rainierarms.com\/manufacturers\/bravo-company-mfg\/\" target=\"_self\" rel=\"noopener\">BCM<\/a>, BCE oder <a class=\"crosslink\" title=\"Primary Weapon Systems\" href=\"https:\/\/www.rainierarms.com\/manufacturers\/primary-weapon-systems\/\" target=\"_self\" rel=\"noopener\">PWS<\/a> Muzzle-Ger\u00e4ten. Griffin Armament hat die Produktentwicklung weiter vorangetrieben, die den Geh\u00f6rschutz in taktischen und Schie\u00dfsportsituationen verbessern wird. Das QD Blast Shield ist ein gro\u00dfartiges Produkt f\u00fcr diejenigen, die die Ersch\u00fctterung ihrer Muzzle-Ger\u00e4te reduzieren m\u00f6chten. *Die Schnittstelle des Schienensystems wurde so entworfen, dass sie in die USGI A2 Regierungsvertrags-Kompatibilit\u00e4t der Muzzle-Ger\u00e4te passt. Wir k\u00f6nnen die Passform mit einem A2 Stilkompensator nicht garantieren, da es eine gro\u00dfe Toleranzspanne sowohl bei importierten als auch bei inl\u00e4ndischen Ger\u00e4ten verschiedener Hersteller gibt. F\u00fcr eine garantierte Passform empfehlen wir den Kauf einer Griffin-Mount. Kompatibel bis zu 9mm Geschossen. Mehrere Patente <\/p>\n<p><strong>Features:<\/strong><\/p>\n<ul>\n<li>17-4PH Edelstahlmaterial<\/li>\n<li>Melonite QPQ finish<\/li>\n<li>Kompatibel mit Griffin QD silencer mounts und A2 Kompensator<\/li>\n<li>Reduziert signifikant die Anzahl der F\u00e4lle von Skrupellosigkeit.<\/li>\n<li>Fluted to reduce weight and increase strength.<\/li>\n<li>Schneller, positiver, wear-free QD-Mechanismus<\/li>\n<li>Mitgelieferter Schienensatz und \u00dcberzugstopp-Washer, um Ihren A2 f\u00fcr eine optimale Nutzung nachzur\u00fcsten.<\/li>\n<li>OD of Blast Area: 1.5&#8243;.<\/li>\n<li>OD of Locking Gate Area: 1.5&#8243;.<\/li>\n<\/ul>\n","protected":false},"excerpt":{"rendered":"<p>Das QD Blast Shield wurde entworfen, um eine erhebliche Reduzierung der Ersch\u00fctterung f\u00fcr den Endanwender und andere Teammitglieder in der unmittelbaren Umgebung zu bieten. H\u00e4ufig erleben Teammitglieder in CQB-Umgebungen Ersch\u00fctterungen durch Muzzle-Blaster, die nicht nur deafensiv laut sind, sondern auch lang anhaltende Kopfschmerzen verursachen k\u00f6nnen, die noch Tage danach anhalten k\u00f6nnen. Das einzigartige Design des QD Blast Shield ist besonders effektiv bei kurzen Barrels und richtet die konkussive Kraft nach vorne, so dass ein Endbenutzer die Funktion des Muzzle-Ger\u00e4ts schnell umkonfigurieren kann. Die ultra-starke 17-4PH Edelstahl und Tig-Schwei\u00dfkonstruktion bietet ein robustes Material und eine Konstruktionsmethode, die intensiven Gebrauch und volles Selbstfeuer ohne Angst vor Ausf\u00e4llen \u00fcbersteht. Der K\u00f6rper ist auf die gleiche Weise wie unsere QD-Suppressoren gebogen, wodurch das Verh\u00e4ltnis von St\u00e4rke zu Gewicht f\u00fcr zus\u00e4tzliche geometrische St\u00e4rke erh\u00f6ht wird, w\u00e4hrend die Oberfl\u00e4che f\u00fcr eine schnellere K\u00fchlung vergr\u00f6\u00dfert wird. Die Melonite QPQ Oberfl\u00e4chenbehandlung sorgt f\u00fcr eine extrem harte, dauerhafte und attraktive Oberfl\u00e4che. Der QD-Mechanismus ist schnell, positiv und frei von verschlei\u00dfanf\u00e4lliger Geometrie, die h\u00e4ufig in Ratcheting-Ger\u00e4ten vorkommt. Das QD Blast Shield wird auch mit einem Schablonensatz und einem \u00dcberlaufstopp geliefert, um Ihren A2-Kompensator f\u00fcr den optimalen Gebrauch nachzuf\u00fcllen. Das Griffin QD Blast Shield ist kompatibel mit unseren SDQD-Mounts in 7,62 und 5,56 mm, einschlie\u00dflich Flash Comp, Muzzle Brake, Linear Comp, Compensating Flash Hider und Tactical Compensator. Er ist auch kompatibel mit A2 Kompensatoren, die in die USGI A2 spec blueprinted dimensions fallen. Obwohl viele Firmen A2-Kompensatoren im A2-Stil herstellen, sind nicht alle richtig dimensioniert. Nicht kompatibel mit <a class=\"crosslink\" title=\"Bravo Company Manufacturing\" href=\"https:\/\/www.rainierarms.com\/manufacturers\/bravo-company-mfg\/\" target=\"_self\" rel=\"noopener\">BCM<\/a>, BCE oder <a class=\"crosslink\" title=\"Primary Weapon Systems\" href=\"https:\/\/www.rainierarms.com\/manufacturers\/primary-weapon-systems\/\" target=\"_self\" rel=\"noopener\">PWS<\/a> Muzzle-Ger\u00e4ten. Griffin Armament hat die Produktentwicklung weiter vorangetrieben, die den Geh\u00f6rschutz in taktischen und Schie\u00dfsportsituationen verbessern wird. Das QD Blast Shield ist ein gro\u00dfartiges Produkt f\u00fcr diejenigen, die die Ersch\u00fctterung ihrer Muzzle-Ger\u00e4te reduzieren m\u00f6chten. *Die Schnittstelle des Schienensystems wurde so entworfen, dass sie in die USGI A2 Regierungsvertrags-Kompatibilit\u00e4t der Muzzle-Ger\u00e4te passt. Wir k\u00f6nnen die Passform mit einem A2 Stilkompensator nicht garantieren, da es eine gro\u00dfe Toleranzspanne sowohl bei importierten als auch bei inl\u00e4ndischen Ger\u00e4ten verschiedener Hersteller gibt. F\u00fcr eine garantierte Passform empfehlen wir den Kauf einer Griffin-Mount. Kompatibel bis zu 9mm Geschossen. Mehrere Patente <\/p>\n<p><strong>Features:<\/strong><\/p>\n<ul>\n<li>17-4PH Edelstahlmaterial<\/li>\n<li>Melonite QPQ finish<\/li>\n<li>Kompatibel mit Griffin QD silencer mounts und A2 Kompensator<\/li>\n<li>Reduziert signifikant die Anzahl der F\u00e4lle von Skrupellosigkeit.<\/li>\n<li>Fluted to reduce weight and increase strength.<\/li>\n<li>Schneller, positiver, wear-free QD-Mechanismus<\/li>\n<li>Mitgelieferter Schienensatz und \u00dcberzugstopp-Washer, um Ihren A2 f\u00fcr eine optimale Nutzung nachzur\u00fcsten.<\/li>\n<li>OD of Blast Area: 1.5&#8243;.<\/li>\n<li>OD of Locking Gate Area: 1.5&#8243;.<\/li>\n<\/ul>\n","protected":false},"featured_media":32421,"template":"","meta":{"_et_pb_use_builder":"","_et_pb_old_content":"","_et_gb_content_width":""},"product_brand":[],"product_cat":[66,65],"product_tag":[],"class_list":{"0":"post-35449","1":"product","2":"type-product","3":"status-publish","4":"has-post-thumbnail","6":"product_cat-zubehor-fur-gewehre","7":"product_cat-zubehor-und-optik","9":"first","10":"instock","11":"shipping-taxable","12":"purchasable","13":"product-type-simple"},"yoast_head":"<!-- This site is optimized with the Yoast SEO Premium plugin v24.7 (Yoast SEO v27.5) - https:\/\/yoast.com\/product\/yoast-seo-premium-wordpress\/ -->\n<title>Blast shield GRIFFIN ARMAMENT QD f\u00fcr Flammenabdeckung A2 - Armurerie Richert<\/title>\n<meta name=\"description\" content=\"Genie\u00dfen Sie ein angenehmeres Schie\u00dfen mit unserer Flammenabdeckung QD Blast Shield GRIFFIN ARMAMENT. Die perfekte Balance zwischen Leistung und Schutz!\" \/>\n<meta name=\"robots\" content=\"index, follow, max-snippet:-1, max-image-preview:large, max-video-preview:-1\" \/>\n<link rel=\"canonical\" href=\"https:\/\/armurerie-richert.ch\/de\/produit\/blast-shield-griffin-armament-qd-fuer-flammenabdeckung-a2\/\" \/>\n<meta property=\"og:locale\" content=\"de_DE\" \/>\n<meta property=\"og:type\" content=\"article\" \/>\n<meta property=\"og:title\" content=\"Blast shield GRIFFIN ARMAMENT QD f\u00fcr Flammenabdeckung A2\" \/>\n<meta property=\"og:description\" content=\"Genie\u00dfen Sie ein angenehmeres Schie\u00dfen mit unserer Flammenabdeckung QD Blast Shield GRIFFIN ARMAMENT. Die perfekte Balance zwischen Leistung und Schutz!\" \/>\n<meta property=\"og:url\" content=\"https:\/\/armurerie-richert.ch\/de\/produit\/blast-shield-griffin-armament-qd-fuer-flammenabdeckung-a2\/\" \/>\n<meta property=\"og:site_name\" content=\"Armurerie Richert\" \/>\n<meta property=\"article:publisher\" content=\"https:\/\/www.facebook.com\/profile.php?id=100023920014088\" \/>\n<meta property=\"og:image\" content=\"https:\/\/armurerie-richert.ch\/wp-content\/uploads\/2023\/11\/griffin-armament-qd-blast-shield-gen2-1.jpg\" \/>\n\t<meta property=\"og:image:width\" content=\"588\" \/>\n\t<meta property=\"og:image:height\" content=\"588\" \/>\n\t<meta property=\"og:image:type\" content=\"image\/jpeg\" \/>\n<meta name=\"twitter:card\" content=\"summary_large_image\" \/>\n<meta name=\"twitter:label1\" content=\"Preis\" \/>\n\t<meta name=\"twitter:data1\" content=\"&#067;&#072;&#070;&nbsp;260.00\" \/>\n\t<meta name=\"twitter:label2\" content=\"Verf\u00fcgbarkeit\" \/>\n\t<meta name=\"twitter:data2\" content=\"Auf Lager\" \/>\n<script type=\"application\/ld+json\" class=\"yoast-schema-graph\">{\"@context\":\"https:\\\/\\\/schema.org\",\"@graph\":[{\"@type\":\"WebPage\",\"@id\":\"https:\\\/\\\/armurerie-richert.ch\\\/de\\\/produit\\\/blast-shield-griffin-armament-qd-fuer-flammenabdeckung-a2\\\/\",\"url\":\"https:\\\/\\\/armurerie-richert.ch\\\/de\\\/produit\\\/blast-shield-griffin-armament-qd-fuer-flammenabdeckung-a2\\\/\",\"name\":\"Blast shield GRIFFIN ARMAMENT QD f\u00fcr Flammenabdeckung A2 - Armurerie Richert\",\"isPartOf\":{\"@id\":\"https:\\\/\\\/armurerie-richert.ch\\\/de\\\/#website\"},\"primaryImageOfPage\":{\"@id\":\"https:\\\/\\\/armurerie-richert.ch\\\/de\\\/produit\\\/blast-shield-griffin-armament-qd-fuer-flammenabdeckung-a2\\\/#primaryimage\"},\"image\":{\"@id\":\"https:\\\/\\\/armurerie-richert.ch\\\/de\\\/produit\\\/blast-shield-griffin-armament-qd-fuer-flammenabdeckung-a2\\\/#primaryimage\"},\"thumbnailUrl\":\"https:\\\/\\\/armurerie-richert.ch\\\/wp-content\\\/uploads\\\/2023\\\/11\\\/griffin-armament-qd-blast-shield-gen2-1.jpg\",\"datePublished\":\"2023-11-05T13:33:30+00:00\",\"description\":\"Genie\u00dfen Sie ein angenehmeres Schie\u00dfen mit unserer Flammenabdeckung QD Blast Shield GRIFFIN ARMAMENT. Die perfekte Balance zwischen Leistung und Schutz!\",\"breadcrumb\":{\"@id\":\"https:\\\/\\\/armurerie-richert.ch\\\/de\\\/produit\\\/blast-shield-griffin-armament-qd-fuer-flammenabdeckung-a2\\\/#breadcrumb\"},\"inLanguage\":\"de\",\"potentialAction\":[{\"@type\":\"ReadAction\",\"target\":[\"https:\\\/\\\/armurerie-richert.ch\\\/de\\\/produit\\\/blast-shield-griffin-armament-qd-fuer-flammenabdeckung-a2\\\/\"]}]},{\"@type\":\"ImageObject\",\"inLanguage\":\"de\",\"@id\":\"https:\\\/\\\/armurerie-richert.ch\\\/de\\\/produit\\\/blast-shield-griffin-armament-qd-fuer-flammenabdeckung-a2\\\/#primaryimage\",\"url\":\"https:\\\/\\\/armurerie-richert.ch\\\/wp-content\\\/uploads\\\/2023\\\/11\\\/griffin-armament-qd-blast-shield-gen2-1.jpg\",\"contentUrl\":\"https:\\\/\\\/armurerie-richert.ch\\\/wp-content\\\/uploads\\\/2023\\\/11\\\/griffin-armament-qd-blast-shield-gen2-1.jpg\",\"width\":588,\"height\":588},{\"@type\":\"BreadcrumbList\",\"@id\":\"https:\\\/\\\/armurerie-richert.ch\\\/de\\\/produit\\\/blast-shield-griffin-armament-qd-fuer-flammenabdeckung-a2\\\/#breadcrumb\",\"itemListElement\":[{\"@type\":\"ListItem\",\"position\":1,\"name\":\"Accueil\",\"item\":\"https:\\\/\\\/armurerie-richert.ch\\\/de\\\/startseite\\\/\"},{\"@type\":\"ListItem\",\"position\":2,\"name\":\"Shop\",\"item\":\"https:\\\/\\\/armurerie-richert.ch\\\/de\\\/shop\\\/\"},{\"@type\":\"ListItem\",\"position\":3,\"name\":\"Blast shield GRIFFIN ARMAMENT QD f\u00fcr Flammenabdeckung A2\"}]},{\"@type\":\"WebSite\",\"@id\":\"https:\\\/\\\/armurerie-richert.ch\\\/de\\\/#website\",\"url\":\"https:\\\/\\\/armurerie-richert.ch\\\/de\\\/\",\"name\":\"Armurerie Richert\",\"description\":\"\",\"publisher\":{\"@id\":\"https:\\\/\\\/armurerie-richert.ch\\\/de\\\/#organization\"},\"potentialAction\":[{\"@type\":\"SearchAction\",\"target\":{\"@type\":\"EntryPoint\",\"urlTemplate\":\"https:\\\/\\\/armurerie-richert.ch\\\/de\\\/?s={search_term_string}\"},\"query-input\":{\"@type\":\"PropertyValueSpecification\",\"valueRequired\":true,\"valueName\":\"search_term_string\"}}],\"inLanguage\":\"de\"},{\"@type\":\"Organization\",\"@id\":\"https:\\\/\\\/armurerie-richert.ch\\\/de\\\/#organization\",\"name\":\"Armurerie Richert\",\"url\":\"https:\\\/\\\/armurerie-richert.ch\\\/de\\\/\",\"logo\":{\"@type\":\"ImageObject\",\"inLanguage\":\"de\",\"@id\":\"https:\\\/\\\/armurerie-richert.ch\\\/de\\\/#\\\/schema\\\/logo\\\/image\\\/\",\"url\":\"https:\\\/\\\/armurerie-richert.ch\\\/wp-content\\\/uploads\\\/2023\\\/11\\\/Armurerie-Richert-Logo-300px.png\",\"contentUrl\":\"https:\\\/\\\/armurerie-richert.ch\\\/wp-content\\\/uploads\\\/2023\\\/11\\\/Armurerie-Richert-Logo-300px.png\",\"width\":300,\"height\":73,\"caption\":\"Armurerie Richert\"},\"image\":{\"@id\":\"https:\\\/\\\/armurerie-richert.ch\\\/de\\\/#\\\/schema\\\/logo\\\/image\\\/\"},\"sameAs\":[\"https:\\\/\\\/www.facebook.com\\\/profile.php?id=100023920014088\"]}]}<\/script>\n<meta property=\"product:price:amount\" content=\"260.00\" \/>\n<meta property=\"product:price:currency\" content=\"CHF\" \/>\n<meta property=\"og:availability\" content=\"instock\" \/>\n<meta property=\"product:availability\" content=\"instock\" \/>\n<meta property=\"product:condition\" content=\"new\" \/>\n<!-- \/ Yoast SEO Premium plugin. -->","yoast_head_json":{"title":"Blast shield GRIFFIN ARMAMENT QD f\u00fcr Flammenabdeckung A2 - Armurerie Richert","description":"Genie\u00dfen Sie ein angenehmeres Schie\u00dfen mit unserer Flammenabdeckung QD Blast Shield GRIFFIN ARMAMENT. Die perfekte Balance zwischen Leistung und Schutz!","robots":{"index":"index","follow":"follow","max-snippet":"max-snippet:-1","max-image-preview":"max-image-preview:large","max-video-preview":"max-video-preview:-1"},"canonical":"https:\/\/armurerie-richert.ch\/de\/produit\/blast-shield-griffin-armament-qd-fuer-flammenabdeckung-a2\/","og_locale":"de_DE","og_type":"article","og_title":"Blast shield GRIFFIN ARMAMENT QD f\u00fcr Flammenabdeckung A2","og_description":"Genie\u00dfen Sie ein angenehmeres Schie\u00dfen mit unserer Flammenabdeckung QD Blast Shield GRIFFIN ARMAMENT. Die perfekte Balance zwischen Leistung und Schutz!","og_url":"https:\/\/armurerie-richert.ch\/de\/produit\/blast-shield-griffin-armament-qd-fuer-flammenabdeckung-a2\/","og_site_name":"Armurerie Richert","article_publisher":"https:\/\/www.facebook.com\/profile.php?id=100023920014088","og_image":[{"width":588,"height":588,"url":"https:\/\/armurerie-richert.ch\/wp-content\/uploads\/2023\/11\/griffin-armament-qd-blast-shield-gen2-1.jpg","type":"image\/jpeg"}],"twitter_card":"summary_large_image","twitter_misc":{"Preis":"&#67;&#72;&#70;&nbsp;260.00","Verf\u00fcgbarkeit":"Auf Lager"},"schema":{"@context":"https:\/\/schema.org","@graph":[{"@type":"WebPage","@id":"https:\/\/armurerie-richert.ch\/de\/produit\/blast-shield-griffin-armament-qd-fuer-flammenabdeckung-a2\/","url":"https:\/\/armurerie-richert.ch\/de\/produit\/blast-shield-griffin-armament-qd-fuer-flammenabdeckung-a2\/","name":"Blast shield GRIFFIN ARMAMENT QD f\u00fcr Flammenabdeckung A2 - Armurerie Richert","isPartOf":{"@id":"https:\/\/armurerie-richert.ch\/de\/#website"},"primaryImageOfPage":{"@id":"https:\/\/armurerie-richert.ch\/de\/produit\/blast-shield-griffin-armament-qd-fuer-flammenabdeckung-a2\/#primaryimage"},"image":{"@id":"https:\/\/armurerie-richert.ch\/de\/produit\/blast-shield-griffin-armament-qd-fuer-flammenabdeckung-a2\/#primaryimage"},"thumbnailUrl":"https:\/\/armurerie-richert.ch\/wp-content\/uploads\/2023\/11\/griffin-armament-qd-blast-shield-gen2-1.jpg","datePublished":"2023-11-05T13:33:30+00:00","description":"Genie\u00dfen Sie ein angenehmeres Schie\u00dfen mit unserer Flammenabdeckung QD Blast Shield GRIFFIN ARMAMENT. Die perfekte Balance zwischen Leistung und Schutz!","breadcrumb":{"@id":"https:\/\/armurerie-richert.ch\/de\/produit\/blast-shield-griffin-armament-qd-fuer-flammenabdeckung-a2\/#breadcrumb"},"inLanguage":"de","potentialAction":[{"@type":"ReadAction","target":["https:\/\/armurerie-richert.ch\/de\/produit\/blast-shield-griffin-armament-qd-fuer-flammenabdeckung-a2\/"]}]},{"@type":"ImageObject","inLanguage":"de","@id":"https:\/\/armurerie-richert.ch\/de\/produit\/blast-shield-griffin-armament-qd-fuer-flammenabdeckung-a2\/#primaryimage","url":"https:\/\/armurerie-richert.ch\/wp-content\/uploads\/2023\/11\/griffin-armament-qd-blast-shield-gen2-1.jpg","contentUrl":"https:\/\/armurerie-richert.ch\/wp-content\/uploads\/2023\/11\/griffin-armament-qd-blast-shield-gen2-1.jpg","width":588,"height":588},{"@type":"BreadcrumbList","@id":"https:\/\/armurerie-richert.ch\/de\/produit\/blast-shield-griffin-armament-qd-fuer-flammenabdeckung-a2\/#breadcrumb","itemListElement":[{"@type":"ListItem","position":1,"name":"Accueil","item":"https:\/\/armurerie-richert.ch\/de\/startseite\/"},{"@type":"ListItem","position":2,"name":"Shop","item":"https:\/\/armurerie-richert.ch\/de\/shop\/"},{"@type":"ListItem","position":3,"name":"Blast shield GRIFFIN ARMAMENT QD f\u00fcr Flammenabdeckung A2"}]},{"@type":"WebSite","@id":"https:\/\/armurerie-richert.ch\/de\/#website","url":"https:\/\/armurerie-richert.ch\/de\/","name":"Armurerie Richert","description":"","publisher":{"@id":"https:\/\/armurerie-richert.ch\/de\/#organization"},"potentialAction":[{"@type":"SearchAction","target":{"@type":"EntryPoint","urlTemplate":"https:\/\/armurerie-richert.ch\/de\/?s={search_term_string}"},"query-input":{"@type":"PropertyValueSpecification","valueRequired":true,"valueName":"search_term_string"}}],"inLanguage":"de"},{"@type":"Organization","@id":"https:\/\/armurerie-richert.ch\/de\/#organization","name":"Armurerie Richert","url":"https:\/\/armurerie-richert.ch\/de\/","logo":{"@type":"ImageObject","inLanguage":"de","@id":"https:\/\/armurerie-richert.ch\/de\/#\/schema\/logo\/image\/","url":"https:\/\/armurerie-richert.ch\/wp-content\/uploads\/2023\/11\/Armurerie-Richert-Logo-300px.png","contentUrl":"https:\/\/armurerie-richert.ch\/wp-content\/uploads\/2023\/11\/Armurerie-Richert-Logo-300px.png","width":300,"height":73,"caption":"Armurerie Richert"},"image":{"@id":"https:\/\/armurerie-richert.ch\/de\/#\/schema\/logo\/image\/"},"sameAs":["https:\/\/www.facebook.com\/profile.php?id=100023920014088"]}]},"product_price_amount":"260.00","product_price_currency":"CHF","og_availability":"instock","product_availability":"instock","product_condition":"new"},"_links":{"self":[{"href":"https:\/\/armurerie-richert.ch\/de\/wp-json\/wp\/v2\/product\/35449","targetHints":{"allow":["GET"]}}],"collection":[{"href":"https:\/\/armurerie-richert.ch\/de\/wp-json\/wp\/v2\/product"}],"about":[{"href":"https:\/\/armurerie-richert.ch\/de\/wp-json\/wp\/v2\/types\/product"}],"wp:featuredmedia":[{"embeddable":true,"href":"https:\/\/armurerie-richert.ch\/de\/wp-json\/wp\/v2\/media\/32421"}],"wp:attachment":[{"href":"https:\/\/armurerie-richert.ch\/de\/wp-json\/wp\/v2\/media?parent=35449"}],"wp:term":[{"taxonomy":"product_brand","embeddable":true,"href":"https:\/\/armurerie-richert.ch\/de\/wp-json\/wp\/v2\/product_brand?post=35449"},{"taxonomy":"product_cat","embeddable":true,"href":"https:\/\/armurerie-richert.ch\/de\/wp-json\/wp\/v2\/product_cat?post=35449"},{"taxonomy":"product_tag","embeddable":true,"href":"https:\/\/armurerie-richert.ch\/de\/wp-json\/wp\/v2\/product_tag?post=35449"}],"curies":[{"name":"wp","href":"https:\/\/api.w.org\/{rel}","templated":true}]}}