{"id":35451,"date":"2023-11-05T14:24:22","date_gmt":"2023-11-05T13:24:22","guid":{"rendered":"https:\/\/armurerie-richert.ch\/produit\/radian-raptor-lt-spannhebel-fuer-ar15\/"},"modified":"2023-11-05T14:24:22","modified_gmt":"2023-11-05T13:24:22","slug":"radian-raptor-lt-spannhebel-fuer-ar15","status":"publish","type":"product","link":"https:\/\/armurerie-richert.ch\/de\/produit\/radian-raptor-lt-spannhebel-fuer-ar15\/","title":{"rendered":"RADIAN Raptor LT Spannhebel f\u00fcr AR15"},"content":{"rendered":"<h3>RADIAN Raptor LT Spannhebel f\u00fcr AR15<\/h3>\n<p>Lernen Sie das neueste Mitglied der Radian-Familie kennen: Raptor-LT. Unter Verwendung der gleichen patentierten beidh\u00e4ndigen Funktionalit\u00e4t wie sein Vorg\u00e4nger,<br \/>\nwerden die Raptor-LT Griffe aus 7075 Aluminium, MILSPEC Typ III hart anodisiert und anschlie\u00dfend mit hochstarkem,<br \/>\nfiberglasverst\u00e4rktem Polymer \u00fcberformt, um die ultimative Kombination aus St\u00e4rke, Gewicht und Haltbarkeit zu erzielen. Kompatibel mit AR15\/M16 Pattern Rifles.<br \/>\nRaptor-LT kommt mit einer begrenzten lebenslangen Garantie und wird zu 100% in den USA entworfen und hergestellt. Gewicht- 1.2 oz   <\/p>\n","protected":false},"excerpt":{"rendered":"<p>Lernen Sie das neueste Mitglied der Radian-Familie kennen: Raptor-LT. Unter Verwendung der gleichen patentierten beidh\u00e4ndigen Funktionalit\u00e4t wie sein Vorg\u00e4nger,<br \/>\nwerden die Raptor-LT Griffe aus 7075 Aluminium, MILSPEC Typ III hart anodisiert und anschlie\u00dfend mit hochstarkem,<br \/>\nfiberglasverst\u00e4rktem Polymer \u00fcberformt, um die ultimative Kombination aus St\u00e4rke, Gewicht und Haltbarkeit zu erzielen. Kompatibel mit AR15\/M16 Pattern Rifles.<br \/>\nRaptor-LT kommt mit einer begrenzten lebenslangen Garantie und wird zu 100% in den USA entworfen und hergestellt. Gewicht- 1.2 oz   <\/p>\n","protected":false},"featured_media":32409,"template":"","meta":{"_et_pb_use_builder":"","_et_pb_old_content":"","_et_gb_content_width":""},"product_brand":[],"product_cat":[66,65],"product_tag":[],"class_list":{"0":"post-35451","1":"product","2":"type-product","3":"status-publish","4":"has-post-thumbnail","6":"product_cat-zubehor-fur-gewehre","7":"product_cat-zubehor-und-optik","9":"first","10":"instock","11":"shipping-taxable","12":"purchasable","13":"product-type-simple"},"yoast_head":"<!-- This site is optimized with the Yoast SEO Premium plugin v24.7 (Yoast SEO v27.4) - https:\/\/yoast.com\/product\/yoast-seo-premium-wordpress\/ -->\n<title>RADIAN Raptor LT Spannhebel f\u00fcr AR15 - Armurerie Richert<\/title>\n<meta name=\"description\" content=\"Maximieren Sie Ihre Leistung mit dem RADIAN Raptor LT Spannhebel f\u00fcr AR15. Qualit\u00e4t, Leichtigkeit und Haltbarkeit vereint in einem Produkt! \ud83d\udcaa\" \/>\n<meta name=\"robots\" content=\"index, follow, max-snippet:-1, max-image-preview:large, max-video-preview:-1\" \/>\n<link rel=\"canonical\" href=\"https:\/\/armurerie-richert.ch\/de\/produit\/radian-raptor-lt-spannhebel-fuer-ar15\/\" \/>\n<meta property=\"og:locale\" content=\"de_DE\" \/>\n<meta property=\"og:type\" content=\"article\" \/>\n<meta property=\"og:title\" content=\"RADIAN Raptor LT Spannhebel f\u00fcr AR15\" \/>\n<meta property=\"og:description\" content=\"Maximieren Sie Ihre Leistung mit dem RADIAN Raptor LT Spannhebel f\u00fcr AR15. Qualit\u00e4t, Leichtigkeit und Haltbarkeit vereint in einem Produkt! \ud83d\udcaa\" \/>\n<meta property=\"og:url\" content=\"https:\/\/armurerie-richert.ch\/de\/produit\/radian-raptor-lt-spannhebel-fuer-ar15\/\" \/>\n<meta property=\"og:site_name\" content=\"Armurerie Richert\" \/>\n<meta property=\"article:publisher\" content=\"https:\/\/www.facebook.com\/profile.php?id=100023920014088\" \/>\n<meta property=\"og:image\" content=\"https:\/\/armurerie-richert.ch\/wp-content\/uploads\/2023\/11\/radian-weapons-ar-15-raptor-lt-ambidextrous-charging-handle-black.jpg\" \/>\n\t<meta property=\"og:image:width\" content=\"929\" \/>\n\t<meta property=\"og:image:height\" content=\"929\" \/>\n\t<meta property=\"og:image:type\" content=\"image\/jpeg\" \/>\n<meta name=\"twitter:card\" content=\"summary_large_image\" \/>\n<meta name=\"twitter:label1\" content=\"Preis\" \/>\n\t<meta name=\"twitter:data1\" content=\"&#067;&#072;&#070;&nbsp;95.00\" \/>\n\t<meta name=\"twitter:label2\" content=\"Verf\u00fcgbarkeit\" \/>\n\t<meta name=\"twitter:data2\" content=\"Auf Lager\" \/>\n<script type=\"application\/ld+json\" class=\"yoast-schema-graph\">{\"@context\":\"https:\\\/\\\/schema.org\",\"@graph\":[{\"@type\":\"WebPage\",\"@id\":\"https:\\\/\\\/armurerie-richert.ch\\\/de\\\/produit\\\/radian-raptor-lt-spannhebel-fuer-ar15\\\/\",\"url\":\"https:\\\/\\\/armurerie-richert.ch\\\/de\\\/produit\\\/radian-raptor-lt-spannhebel-fuer-ar15\\\/\",\"name\":\"RADIAN Raptor LT Spannhebel f\u00fcr AR15 - Armurerie Richert\",\"isPartOf\":{\"@id\":\"https:\\\/\\\/armurerie-richert.ch\\\/de\\\/#website\"},\"primaryImageOfPage\":{\"@id\":\"https:\\\/\\\/armurerie-richert.ch\\\/de\\\/produit\\\/radian-raptor-lt-spannhebel-fuer-ar15\\\/#primaryimage\"},\"image\":{\"@id\":\"https:\\\/\\\/armurerie-richert.ch\\\/de\\\/produit\\\/radian-raptor-lt-spannhebel-fuer-ar15\\\/#primaryimage\"},\"thumbnailUrl\":\"https:\\\/\\\/armurerie-richert.ch\\\/wp-content\\\/uploads\\\/2023\\\/11\\\/radian-weapons-ar-15-raptor-lt-ambidextrous-charging-handle-black.jpg\",\"datePublished\":\"2023-11-05T13:24:22+00:00\",\"description\":\"Maximieren Sie Ihre Leistung mit dem RADIAN Raptor LT Spannhebel f\u00fcr AR15. Qualit\u00e4t, Leichtigkeit und Haltbarkeit vereint in einem Produkt! \ud83d\udcaa\",\"breadcrumb\":{\"@id\":\"https:\\\/\\\/armurerie-richert.ch\\\/de\\\/produit\\\/radian-raptor-lt-spannhebel-fuer-ar15\\\/#breadcrumb\"},\"inLanguage\":\"de\",\"potentialAction\":[{\"@type\":\"ReadAction\",\"target\":[\"https:\\\/\\\/armurerie-richert.ch\\\/de\\\/produit\\\/radian-raptor-lt-spannhebel-fuer-ar15\\\/\"]}]},{\"@type\":\"ImageObject\",\"inLanguage\":\"de\",\"@id\":\"https:\\\/\\\/armurerie-richert.ch\\\/de\\\/produit\\\/radian-raptor-lt-spannhebel-fuer-ar15\\\/#primaryimage\",\"url\":\"https:\\\/\\\/armurerie-richert.ch\\\/wp-content\\\/uploads\\\/2023\\\/11\\\/radian-weapons-ar-15-raptor-lt-ambidextrous-charging-handle-black.jpg\",\"contentUrl\":\"https:\\\/\\\/armurerie-richert.ch\\\/wp-content\\\/uploads\\\/2023\\\/11\\\/radian-weapons-ar-15-raptor-lt-ambidextrous-charging-handle-black.jpg\",\"width\":929,\"height\":929},{\"@type\":\"BreadcrumbList\",\"@id\":\"https:\\\/\\\/armurerie-richert.ch\\\/de\\\/produit\\\/radian-raptor-lt-spannhebel-fuer-ar15\\\/#breadcrumb\",\"itemListElement\":[{\"@type\":\"ListItem\",\"position\":1,\"name\":\"Accueil\",\"item\":\"https:\\\/\\\/armurerie-richert.ch\\\/de\\\/startseite\\\/\"},{\"@type\":\"ListItem\",\"position\":2,\"name\":\"Shop\",\"item\":\"https:\\\/\\\/armurerie-richert.ch\\\/de\\\/shop\\\/\"},{\"@type\":\"ListItem\",\"position\":3,\"name\":\"RADIAN Raptor LT Spannhebel f\u00fcr AR15\"}]},{\"@type\":\"WebSite\",\"@id\":\"https:\\\/\\\/armurerie-richert.ch\\\/de\\\/#website\",\"url\":\"https:\\\/\\\/armurerie-richert.ch\\\/de\\\/\",\"name\":\"Armurerie Richert\",\"description\":\"\",\"publisher\":{\"@id\":\"https:\\\/\\\/armurerie-richert.ch\\\/de\\\/#organization\"},\"potentialAction\":[{\"@type\":\"SearchAction\",\"target\":{\"@type\":\"EntryPoint\",\"urlTemplate\":\"https:\\\/\\\/armurerie-richert.ch\\\/de\\\/?s={search_term_string}\"},\"query-input\":{\"@type\":\"PropertyValueSpecification\",\"valueRequired\":true,\"valueName\":\"search_term_string\"}}],\"inLanguage\":\"de\"},{\"@type\":\"Organization\",\"@id\":\"https:\\\/\\\/armurerie-richert.ch\\\/de\\\/#organization\",\"name\":\"Armurerie Richert\",\"url\":\"https:\\\/\\\/armurerie-richert.ch\\\/de\\\/\",\"logo\":{\"@type\":\"ImageObject\",\"inLanguage\":\"de\",\"@id\":\"https:\\\/\\\/armurerie-richert.ch\\\/de\\\/#\\\/schema\\\/logo\\\/image\\\/\",\"url\":\"https:\\\/\\\/armurerie-richert.ch\\\/wp-content\\\/uploads\\\/2023\\\/11\\\/Armurerie-Richert-Logo-300px.png\",\"contentUrl\":\"https:\\\/\\\/armurerie-richert.ch\\\/wp-content\\\/uploads\\\/2023\\\/11\\\/Armurerie-Richert-Logo-300px.png\",\"width\":300,\"height\":73,\"caption\":\"Armurerie Richert\"},\"image\":{\"@id\":\"https:\\\/\\\/armurerie-richert.ch\\\/de\\\/#\\\/schema\\\/logo\\\/image\\\/\"},\"sameAs\":[\"https:\\\/\\\/www.facebook.com\\\/profile.php?id=100023920014088\"]}]}<\/script>\n<meta property=\"product:price:amount\" content=\"95.00\" \/>\n<meta property=\"product:price:currency\" content=\"CHF\" \/>\n<meta property=\"og:availability\" content=\"instock\" \/>\n<meta property=\"product:availability\" content=\"instock\" \/>\n<meta property=\"product:condition\" content=\"new\" \/>\n<!-- \/ Yoast SEO Premium plugin. -->","yoast_head_json":{"title":"RADIAN Raptor LT Spannhebel f\u00fcr AR15 - Armurerie Richert","description":"Maximieren Sie Ihre Leistung mit dem RADIAN Raptor LT Spannhebel f\u00fcr AR15. Qualit\u00e4t, Leichtigkeit und Haltbarkeit vereint in einem Produkt! \ud83d\udcaa","robots":{"index":"index","follow":"follow","max-snippet":"max-snippet:-1","max-image-preview":"max-image-preview:large","max-video-preview":"max-video-preview:-1"},"canonical":"https:\/\/armurerie-richert.ch\/de\/produit\/radian-raptor-lt-spannhebel-fuer-ar15\/","og_locale":"de_DE","og_type":"article","og_title":"RADIAN Raptor LT Spannhebel f\u00fcr AR15","og_description":"Maximieren Sie Ihre Leistung mit dem RADIAN Raptor LT Spannhebel f\u00fcr AR15. Qualit\u00e4t, Leichtigkeit und Haltbarkeit vereint in einem Produkt! \ud83d\udcaa","og_url":"https:\/\/armurerie-richert.ch\/de\/produit\/radian-raptor-lt-spannhebel-fuer-ar15\/","og_site_name":"Armurerie Richert","article_publisher":"https:\/\/www.facebook.com\/profile.php?id=100023920014088","og_image":[{"width":929,"height":929,"url":"https:\/\/armurerie-richert.ch\/wp-content\/uploads\/2023\/11\/radian-weapons-ar-15-raptor-lt-ambidextrous-charging-handle-black.jpg","type":"image\/jpeg"}],"twitter_card":"summary_large_image","twitter_misc":{"Preis":"&#67;&#72;&#70;&nbsp;95.00","Verf\u00fcgbarkeit":"Auf Lager"},"schema":{"@context":"https:\/\/schema.org","@graph":[{"@type":"WebPage","@id":"https:\/\/armurerie-richert.ch\/de\/produit\/radian-raptor-lt-spannhebel-fuer-ar15\/","url":"https:\/\/armurerie-richert.ch\/de\/produit\/radian-raptor-lt-spannhebel-fuer-ar15\/","name":"RADIAN Raptor LT Spannhebel f\u00fcr AR15 - Armurerie Richert","isPartOf":{"@id":"https:\/\/armurerie-richert.ch\/de\/#website"},"primaryImageOfPage":{"@id":"https:\/\/armurerie-richert.ch\/de\/produit\/radian-raptor-lt-spannhebel-fuer-ar15\/#primaryimage"},"image":{"@id":"https:\/\/armurerie-richert.ch\/de\/produit\/radian-raptor-lt-spannhebel-fuer-ar15\/#primaryimage"},"thumbnailUrl":"https:\/\/armurerie-richert.ch\/wp-content\/uploads\/2023\/11\/radian-weapons-ar-15-raptor-lt-ambidextrous-charging-handle-black.jpg","datePublished":"2023-11-05T13:24:22+00:00","description":"Maximieren Sie Ihre Leistung mit dem RADIAN Raptor LT Spannhebel f\u00fcr AR15. Qualit\u00e4t, Leichtigkeit und Haltbarkeit vereint in einem Produkt! \ud83d\udcaa","breadcrumb":{"@id":"https:\/\/armurerie-richert.ch\/de\/produit\/radian-raptor-lt-spannhebel-fuer-ar15\/#breadcrumb"},"inLanguage":"de","potentialAction":[{"@type":"ReadAction","target":["https:\/\/armurerie-richert.ch\/de\/produit\/radian-raptor-lt-spannhebel-fuer-ar15\/"]}]},{"@type":"ImageObject","inLanguage":"de","@id":"https:\/\/armurerie-richert.ch\/de\/produit\/radian-raptor-lt-spannhebel-fuer-ar15\/#primaryimage","url":"https:\/\/armurerie-richert.ch\/wp-content\/uploads\/2023\/11\/radian-weapons-ar-15-raptor-lt-ambidextrous-charging-handle-black.jpg","contentUrl":"https:\/\/armurerie-richert.ch\/wp-content\/uploads\/2023\/11\/radian-weapons-ar-15-raptor-lt-ambidextrous-charging-handle-black.jpg","width":929,"height":929},{"@type":"BreadcrumbList","@id":"https:\/\/armurerie-richert.ch\/de\/produit\/radian-raptor-lt-spannhebel-fuer-ar15\/#breadcrumb","itemListElement":[{"@type":"ListItem","position":1,"name":"Accueil","item":"https:\/\/armurerie-richert.ch\/de\/startseite\/"},{"@type":"ListItem","position":2,"name":"Shop","item":"https:\/\/armurerie-richert.ch\/de\/shop\/"},{"@type":"ListItem","position":3,"name":"RADIAN Raptor LT Spannhebel f\u00fcr AR15"}]},{"@type":"WebSite","@id":"https:\/\/armurerie-richert.ch\/de\/#website","url":"https:\/\/armurerie-richert.ch\/de\/","name":"Armurerie Richert","description":"","publisher":{"@id":"https:\/\/armurerie-richert.ch\/de\/#organization"},"potentialAction":[{"@type":"SearchAction","target":{"@type":"EntryPoint","urlTemplate":"https:\/\/armurerie-richert.ch\/de\/?s={search_term_string}"},"query-input":{"@type":"PropertyValueSpecification","valueRequired":true,"valueName":"search_term_string"}}],"inLanguage":"de"},{"@type":"Organization","@id":"https:\/\/armurerie-richert.ch\/de\/#organization","name":"Armurerie Richert","url":"https:\/\/armurerie-richert.ch\/de\/","logo":{"@type":"ImageObject","inLanguage":"de","@id":"https:\/\/armurerie-richert.ch\/de\/#\/schema\/logo\/image\/","url":"https:\/\/armurerie-richert.ch\/wp-content\/uploads\/2023\/11\/Armurerie-Richert-Logo-300px.png","contentUrl":"https:\/\/armurerie-richert.ch\/wp-content\/uploads\/2023\/11\/Armurerie-Richert-Logo-300px.png","width":300,"height":73,"caption":"Armurerie Richert"},"image":{"@id":"https:\/\/armurerie-richert.ch\/de\/#\/schema\/logo\/image\/"},"sameAs":["https:\/\/www.facebook.com\/profile.php?id=100023920014088"]}]},"product_price_amount":"95.00","product_price_currency":"CHF","og_availability":"instock","product_availability":"instock","product_condition":"new"},"_links":{"self":[{"href":"https:\/\/armurerie-richert.ch\/de\/wp-json\/wp\/v2\/product\/35451","targetHints":{"allow":["GET"]}}],"collection":[{"href":"https:\/\/armurerie-richert.ch\/de\/wp-json\/wp\/v2\/product"}],"about":[{"href":"https:\/\/armurerie-richert.ch\/de\/wp-json\/wp\/v2\/types\/product"}],"wp:featuredmedia":[{"embeddable":true,"href":"https:\/\/armurerie-richert.ch\/de\/wp-json\/wp\/v2\/media\/32409"}],"wp:attachment":[{"href":"https:\/\/armurerie-richert.ch\/de\/wp-json\/wp\/v2\/media?parent=35451"}],"wp:term":[{"taxonomy":"product_brand","embeddable":true,"href":"https:\/\/armurerie-richert.ch\/de\/wp-json\/wp\/v2\/product_brand?post=35451"},{"taxonomy":"product_cat","embeddable":true,"href":"https:\/\/armurerie-richert.ch\/de\/wp-json\/wp\/v2\/product_cat?post=35451"},{"taxonomy":"product_tag","embeddable":true,"href":"https:\/\/armurerie-richert.ch\/de\/wp-json\/wp\/v2\/product_tag?post=35451"}],"curies":[{"name":"wp","href":"https:\/\/api.w.org\/{rel}","templated":true}]}}