{"id":35452,"date":"2023-11-05T14:30:08","date_gmt":"2023-11-05T13:30:08","guid":{"rendered":"https:\/\/armurerie-richert.ch\/produit\/geissele-ssa-abzug-fuer-ar15\/"},"modified":"2023-11-05T14:30:08","modified_gmt":"2023-11-05T13:30:08","slug":"geissele-ssa-abzug-fuer-ar15","status":"publish","type":"product","link":"https:\/\/armurerie-richert.ch\/de\/produit\/geissele-ssa-abzug-fuer-ar15\/","title":{"rendered":"GEISSELE SSA Abzug f\u00fcr AR15"},"content":{"rendered":"<h3>GEISSELE SSA Abzug f\u00fcr AR15<\/h3>\n<p>Der Geissele Super Semi-Automatic (SSA\u00ae) Trigger ist eine halbautomatische Version des Geissele Automatics Super Select-Fire Triggers (SSF\u00ae). Der SSA ist ein nicht austauschbarer Kampftrigger, der ein pr\u00e4ziser zweistufiger Trigger ist und eine pr\u00e4zise und genaue Triggerkontrolle erm\u00f6glicht. Das zweistufige Design des SSA erm\u00f6glicht es, dass der Trigger leicht genug f\u00fcr pr\u00e4zise und genaue Sch\u00fcsse ist, aber dennoch genug f\u00fcr CQB. Der SSA ist vom Crane Naval Surface Warfare Center sicherheitszertifiziert. Er wird f\u00fcr anspruchsvolle Anwendungen empfohlen, wie z.B. Strafverfolgung, Close Quarters Battle (CQB) und mittelschwere Karbidarbeiten.    <\/p>\n<p><strong>Spezifikationen:<\/strong><\/p>\n<ul>\n<li><strong>Plattform:<\/strong> AR15\/AR10<\/li>\n<li><strong>Typ:<\/strong> 2 Stage<\/li>\n<li><strong>1st Stage Weight Range:<\/strong> 2.75 &#8211; 3 lbs.<\/li>\n<li><strong>2nd Stage Weight Range:<\/strong> 1.5 &#8211; 1.75 lbs.<\/li>\n<li><strong>Total Pull Weight Range: <\/strong>4.25 &#8211; 4.75 lbs.<\/li>\n<li><strong>Einstellbar:<\/strong> Nein<\/li>\n<li><strong>Trigger Bow Type:<\/strong> M4 Curved<\/li>\n<li><strong>Reccomended Use:<\/strong> Law Enforcement, Home Defense, Hunting<\/li>\n<li><strong>Pin Size: <\/strong>Mil-Spec<\/li>\n<\/ul>\n","protected":false},"excerpt":{"rendered":"<p>Der Geissele Super Semi-Automatic (SSA\u00ae) Trigger ist eine halbautomatische Version des Geissele Automatics Super Select-Fire Triggers (SSF\u00ae). Der SSA ist ein nicht austauschbarer Kampftrigger, der ein pr\u00e4ziser zweistufiger Trigger ist und eine pr\u00e4zise und genaue Triggerkontrolle erm\u00f6glicht. Das zweistufige Design des SSA erm\u00f6glicht es, dass der Trigger leicht genug f\u00fcr pr\u00e4zise und genaue Sch\u00fcsse ist, aber dennoch genug f\u00fcr CQB. Der SSA ist sicherheitszertifiziert durch das Crane Naval Surface Warfare Center. Er wird f\u00fcr anspruchsvolle Anwendungen empfohlen, wie z.B. Strafverfolgung, Close Quarters Battle (CQB) und mittelschwere Karbidarbeiten.    <\/p>\n<p><strong>Spezifikationen:<\/strong><\/p>\n<ul>\n<li><strong>Plattform:<\/strong> AR15\/AR10<\/li>\n<li><strong>Typ:<\/strong> 2 Stage<\/li>\n<li><strong>1st Stage Weight Range:<\/strong> 2.75 &#8211; 3 lbs.<\/li>\n<li><strong>2nd Stage Weight Range:<\/strong> 1.5 &#8211; 1.75 lbs.<\/li>\n<li><strong>Total Pull Weight Range: <\/strong>4.25 &#8211; 4.75 lbs.<\/li>\n<li><strong>Einstellbar:<\/strong> Nein<\/li>\n<li><strong>Trigger Bow Type:<\/strong> M4 Curved<\/li>\n<li><strong>Reccomended Use:<\/strong> Law Enforcement, Home Defense, Hunting<\/li>\n<li><strong>Pin Size: <\/strong>Mil-Spec<\/li>\n<\/ul>\n","protected":false},"featured_media":32417,"template":"","meta":{"_et_pb_use_builder":"","_et_pb_old_content":"","_et_gb_content_width":""},"product_brand":[],"product_cat":[66,65],"product_tag":[],"class_list":{"0":"post-35452","1":"product","2":"type-product","3":"status-publish","4":"has-post-thumbnail","6":"product_cat-zubehor-fur-gewehre","7":"product_cat-zubehor-und-optik","9":"first","10":"instock","11":"shipping-taxable","12":"purchasable","13":"product-type-simple"},"yoast_head":"<!-- This site is optimized with the Yoast SEO Premium plugin v24.7 (Yoast SEO v27.4) - https:\/\/yoast.com\/product\/yoast-seo-premium-wordpress\/ -->\n<title>GEISSELE SSA Abzug f\u00fcr AR15 - Armurerie Richert<\/title>\n<meta name=\"description\" content=\"Verbessern Sie Ihre Schussgenauigkeit mit dem GEISSELE SSA Abzug f\u00fcr AR15. Genie\u00dfen Sie eine pr\u00e4zise und genaue Abzugskontrolle f\u00fcr pr\u00e4zise Sch\u00fcsse.\" \/>\n<meta name=\"robots\" content=\"index, follow, max-snippet:-1, max-image-preview:large, max-video-preview:-1\" \/>\n<link rel=\"canonical\" href=\"https:\/\/armurerie-richert.ch\/de\/produit\/geissele-ssa-abzug-fuer-ar15\/\" \/>\n<meta property=\"og:locale\" content=\"de_DE\" \/>\n<meta property=\"og:type\" content=\"article\" \/>\n<meta property=\"og:title\" content=\"GEISSELE SSA Abzug f\u00fcr AR15\" \/>\n<meta property=\"og:description\" content=\"Verbessern Sie Ihre Schussgenauigkeit mit dem GEISSELE SSA Abzug f\u00fcr AR15. Genie\u00dfen Sie eine pr\u00e4zise und genaue Abzugskontrolle f\u00fcr pr\u00e4zise Sch\u00fcsse.\" \/>\n<meta property=\"og:url\" content=\"https:\/\/armurerie-richert.ch\/de\/produit\/geissele-ssa-abzug-fuer-ar15\/\" \/>\n<meta property=\"og:site_name\" content=\"Armurerie Richert\" \/>\n<meta property=\"article:publisher\" content=\"https:\/\/www.facebook.com\/profile.php?id=100023920014088\" \/>\n<meta property=\"og:image\" content=\"https:\/\/armurerie-richert.ch\/wp-content\/uploads\/2023\/11\/geissele-super-semi-automatic-ssa-trigger.jpg\" \/>\n\t<meta property=\"og:image:width\" content=\"979\" \/>\n\t<meta property=\"og:image:height\" content=\"979\" \/>\n\t<meta property=\"og:image:type\" content=\"image\/jpeg\" \/>\n<meta name=\"twitter:card\" content=\"summary_large_image\" \/>\n<meta name=\"twitter:label1\" content=\"Preis\" \/>\n\t<meta name=\"twitter:data1\" content=\"&#067;&#072;&#070;&nbsp;340.00\" \/>\n\t<meta name=\"twitter:label2\" content=\"Verf\u00fcgbarkeit\" \/>\n\t<meta name=\"twitter:data2\" content=\"Auf Lager\" \/>\n<script type=\"application\/ld+json\" class=\"yoast-schema-graph\">{\"@context\":\"https:\\\/\\\/schema.org\",\"@graph\":[{\"@type\":\"WebPage\",\"@id\":\"https:\\\/\\\/armurerie-richert.ch\\\/de\\\/produit\\\/geissele-ssa-abzug-fuer-ar15\\\/\",\"url\":\"https:\\\/\\\/armurerie-richert.ch\\\/de\\\/produit\\\/geissele-ssa-abzug-fuer-ar15\\\/\",\"name\":\"GEISSELE SSA Abzug f\u00fcr AR15 - Armurerie Richert\",\"isPartOf\":{\"@id\":\"https:\\\/\\\/armurerie-richert.ch\\\/de\\\/#website\"},\"primaryImageOfPage\":{\"@id\":\"https:\\\/\\\/armurerie-richert.ch\\\/de\\\/produit\\\/geissele-ssa-abzug-fuer-ar15\\\/#primaryimage\"},\"image\":{\"@id\":\"https:\\\/\\\/armurerie-richert.ch\\\/de\\\/produit\\\/geissele-ssa-abzug-fuer-ar15\\\/#primaryimage\"},\"thumbnailUrl\":\"https:\\\/\\\/armurerie-richert.ch\\\/wp-content\\\/uploads\\\/2023\\\/11\\\/geissele-super-semi-automatic-ssa-trigger.jpg\",\"datePublished\":\"2023-11-05T13:30:08+00:00\",\"description\":\"Verbessern Sie Ihre Schussgenauigkeit mit dem GEISSELE SSA Abzug f\u00fcr AR15. Genie\u00dfen Sie eine pr\u00e4zise und genaue Abzugskontrolle f\u00fcr pr\u00e4zise Sch\u00fcsse.\",\"breadcrumb\":{\"@id\":\"https:\\\/\\\/armurerie-richert.ch\\\/de\\\/produit\\\/geissele-ssa-abzug-fuer-ar15\\\/#breadcrumb\"},\"inLanguage\":\"de\",\"potentialAction\":[{\"@type\":\"ReadAction\",\"target\":[\"https:\\\/\\\/armurerie-richert.ch\\\/de\\\/produit\\\/geissele-ssa-abzug-fuer-ar15\\\/\"]}]},{\"@type\":\"ImageObject\",\"inLanguage\":\"de\",\"@id\":\"https:\\\/\\\/armurerie-richert.ch\\\/de\\\/produit\\\/geissele-ssa-abzug-fuer-ar15\\\/#primaryimage\",\"url\":\"https:\\\/\\\/armurerie-richert.ch\\\/wp-content\\\/uploads\\\/2023\\\/11\\\/geissele-super-semi-automatic-ssa-trigger.jpg\",\"contentUrl\":\"https:\\\/\\\/armurerie-richert.ch\\\/wp-content\\\/uploads\\\/2023\\\/11\\\/geissele-super-semi-automatic-ssa-trigger.jpg\",\"width\":979,\"height\":979},{\"@type\":\"BreadcrumbList\",\"@id\":\"https:\\\/\\\/armurerie-richert.ch\\\/de\\\/produit\\\/geissele-ssa-abzug-fuer-ar15\\\/#breadcrumb\",\"itemListElement\":[{\"@type\":\"ListItem\",\"position\":1,\"name\":\"Accueil\",\"item\":\"https:\\\/\\\/armurerie-richert.ch\\\/de\\\/startseite\\\/\"},{\"@type\":\"ListItem\",\"position\":2,\"name\":\"Shop\",\"item\":\"https:\\\/\\\/armurerie-richert.ch\\\/de\\\/shop\\\/\"},{\"@type\":\"ListItem\",\"position\":3,\"name\":\"GEISSELE SSA Abzug f\u00fcr AR15\"}]},{\"@type\":\"WebSite\",\"@id\":\"https:\\\/\\\/armurerie-richert.ch\\\/de\\\/#website\",\"url\":\"https:\\\/\\\/armurerie-richert.ch\\\/de\\\/\",\"name\":\"Armurerie Richert\",\"description\":\"\",\"publisher\":{\"@id\":\"https:\\\/\\\/armurerie-richert.ch\\\/de\\\/#organization\"},\"potentialAction\":[{\"@type\":\"SearchAction\",\"target\":{\"@type\":\"EntryPoint\",\"urlTemplate\":\"https:\\\/\\\/armurerie-richert.ch\\\/de\\\/?s={search_term_string}\"},\"query-input\":{\"@type\":\"PropertyValueSpecification\",\"valueRequired\":true,\"valueName\":\"search_term_string\"}}],\"inLanguage\":\"de\"},{\"@type\":\"Organization\",\"@id\":\"https:\\\/\\\/armurerie-richert.ch\\\/de\\\/#organization\",\"name\":\"Armurerie Richert\",\"url\":\"https:\\\/\\\/armurerie-richert.ch\\\/de\\\/\",\"logo\":{\"@type\":\"ImageObject\",\"inLanguage\":\"de\",\"@id\":\"https:\\\/\\\/armurerie-richert.ch\\\/de\\\/#\\\/schema\\\/logo\\\/image\\\/\",\"url\":\"https:\\\/\\\/armurerie-richert.ch\\\/wp-content\\\/uploads\\\/2023\\\/11\\\/Armurerie-Richert-Logo-300px.png\",\"contentUrl\":\"https:\\\/\\\/armurerie-richert.ch\\\/wp-content\\\/uploads\\\/2023\\\/11\\\/Armurerie-Richert-Logo-300px.png\",\"width\":300,\"height\":73,\"caption\":\"Armurerie Richert\"},\"image\":{\"@id\":\"https:\\\/\\\/armurerie-richert.ch\\\/de\\\/#\\\/schema\\\/logo\\\/image\\\/\"},\"sameAs\":[\"https:\\\/\\\/www.facebook.com\\\/profile.php?id=100023920014088\"]}]}<\/script>\n<meta property=\"product:price:amount\" content=\"340.00\" \/>\n<meta property=\"product:price:currency\" content=\"CHF\" \/>\n<meta property=\"og:availability\" content=\"instock\" \/>\n<meta property=\"product:availability\" content=\"instock\" \/>\n<meta property=\"product:condition\" content=\"new\" \/>\n<!-- \/ Yoast SEO Premium plugin. -->","yoast_head_json":{"title":"GEISSELE SSA Abzug f\u00fcr AR15 - Armurerie Richert","description":"Verbessern Sie Ihre Schussgenauigkeit mit dem GEISSELE SSA Abzug f\u00fcr AR15. Genie\u00dfen Sie eine pr\u00e4zise und genaue Abzugskontrolle f\u00fcr pr\u00e4zise Sch\u00fcsse.","robots":{"index":"index","follow":"follow","max-snippet":"max-snippet:-1","max-image-preview":"max-image-preview:large","max-video-preview":"max-video-preview:-1"},"canonical":"https:\/\/armurerie-richert.ch\/de\/produit\/geissele-ssa-abzug-fuer-ar15\/","og_locale":"de_DE","og_type":"article","og_title":"GEISSELE SSA Abzug f\u00fcr AR15","og_description":"Verbessern Sie Ihre Schussgenauigkeit mit dem GEISSELE SSA Abzug f\u00fcr AR15. Genie\u00dfen Sie eine pr\u00e4zise und genaue Abzugskontrolle f\u00fcr pr\u00e4zise Sch\u00fcsse.","og_url":"https:\/\/armurerie-richert.ch\/de\/produit\/geissele-ssa-abzug-fuer-ar15\/","og_site_name":"Armurerie Richert","article_publisher":"https:\/\/www.facebook.com\/profile.php?id=100023920014088","og_image":[{"width":979,"height":979,"url":"https:\/\/armurerie-richert.ch\/wp-content\/uploads\/2023\/11\/geissele-super-semi-automatic-ssa-trigger.jpg","type":"image\/jpeg"}],"twitter_card":"summary_large_image","twitter_misc":{"Preis":"&#67;&#72;&#70;&nbsp;340.00","Verf\u00fcgbarkeit":"Auf Lager"},"schema":{"@context":"https:\/\/schema.org","@graph":[{"@type":"WebPage","@id":"https:\/\/armurerie-richert.ch\/de\/produit\/geissele-ssa-abzug-fuer-ar15\/","url":"https:\/\/armurerie-richert.ch\/de\/produit\/geissele-ssa-abzug-fuer-ar15\/","name":"GEISSELE SSA Abzug f\u00fcr AR15 - Armurerie Richert","isPartOf":{"@id":"https:\/\/armurerie-richert.ch\/de\/#website"},"primaryImageOfPage":{"@id":"https:\/\/armurerie-richert.ch\/de\/produit\/geissele-ssa-abzug-fuer-ar15\/#primaryimage"},"image":{"@id":"https:\/\/armurerie-richert.ch\/de\/produit\/geissele-ssa-abzug-fuer-ar15\/#primaryimage"},"thumbnailUrl":"https:\/\/armurerie-richert.ch\/wp-content\/uploads\/2023\/11\/geissele-super-semi-automatic-ssa-trigger.jpg","datePublished":"2023-11-05T13:30:08+00:00","description":"Verbessern Sie Ihre Schussgenauigkeit mit dem GEISSELE SSA Abzug f\u00fcr AR15. Genie\u00dfen Sie eine pr\u00e4zise und genaue Abzugskontrolle f\u00fcr pr\u00e4zise Sch\u00fcsse.","breadcrumb":{"@id":"https:\/\/armurerie-richert.ch\/de\/produit\/geissele-ssa-abzug-fuer-ar15\/#breadcrumb"},"inLanguage":"de","potentialAction":[{"@type":"ReadAction","target":["https:\/\/armurerie-richert.ch\/de\/produit\/geissele-ssa-abzug-fuer-ar15\/"]}]},{"@type":"ImageObject","inLanguage":"de","@id":"https:\/\/armurerie-richert.ch\/de\/produit\/geissele-ssa-abzug-fuer-ar15\/#primaryimage","url":"https:\/\/armurerie-richert.ch\/wp-content\/uploads\/2023\/11\/geissele-super-semi-automatic-ssa-trigger.jpg","contentUrl":"https:\/\/armurerie-richert.ch\/wp-content\/uploads\/2023\/11\/geissele-super-semi-automatic-ssa-trigger.jpg","width":979,"height":979},{"@type":"BreadcrumbList","@id":"https:\/\/armurerie-richert.ch\/de\/produit\/geissele-ssa-abzug-fuer-ar15\/#breadcrumb","itemListElement":[{"@type":"ListItem","position":1,"name":"Accueil","item":"https:\/\/armurerie-richert.ch\/de\/startseite\/"},{"@type":"ListItem","position":2,"name":"Shop","item":"https:\/\/armurerie-richert.ch\/de\/shop\/"},{"@type":"ListItem","position":3,"name":"GEISSELE SSA Abzug f\u00fcr AR15"}]},{"@type":"WebSite","@id":"https:\/\/armurerie-richert.ch\/de\/#website","url":"https:\/\/armurerie-richert.ch\/de\/","name":"Armurerie Richert","description":"","publisher":{"@id":"https:\/\/armurerie-richert.ch\/de\/#organization"},"potentialAction":[{"@type":"SearchAction","target":{"@type":"EntryPoint","urlTemplate":"https:\/\/armurerie-richert.ch\/de\/?s={search_term_string}"},"query-input":{"@type":"PropertyValueSpecification","valueRequired":true,"valueName":"search_term_string"}}],"inLanguage":"de"},{"@type":"Organization","@id":"https:\/\/armurerie-richert.ch\/de\/#organization","name":"Armurerie Richert","url":"https:\/\/armurerie-richert.ch\/de\/","logo":{"@type":"ImageObject","inLanguage":"de","@id":"https:\/\/armurerie-richert.ch\/de\/#\/schema\/logo\/image\/","url":"https:\/\/armurerie-richert.ch\/wp-content\/uploads\/2023\/11\/Armurerie-Richert-Logo-300px.png","contentUrl":"https:\/\/armurerie-richert.ch\/wp-content\/uploads\/2023\/11\/Armurerie-Richert-Logo-300px.png","width":300,"height":73,"caption":"Armurerie Richert"},"image":{"@id":"https:\/\/armurerie-richert.ch\/de\/#\/schema\/logo\/image\/"},"sameAs":["https:\/\/www.facebook.com\/profile.php?id=100023920014088"]}]},"product_price_amount":"340.00","product_price_currency":"CHF","og_availability":"instock","product_availability":"instock","product_condition":"new"},"_links":{"self":[{"href":"https:\/\/armurerie-richert.ch\/de\/wp-json\/wp\/v2\/product\/35452","targetHints":{"allow":["GET"]}}],"collection":[{"href":"https:\/\/armurerie-richert.ch\/de\/wp-json\/wp\/v2\/product"}],"about":[{"href":"https:\/\/armurerie-richert.ch\/de\/wp-json\/wp\/v2\/types\/product"}],"wp:featuredmedia":[{"embeddable":true,"href":"https:\/\/armurerie-richert.ch\/de\/wp-json\/wp\/v2\/media\/32417"}],"wp:attachment":[{"href":"https:\/\/armurerie-richert.ch\/de\/wp-json\/wp\/v2\/media?parent=35452"}],"wp:term":[{"taxonomy":"product_brand","embeddable":true,"href":"https:\/\/armurerie-richert.ch\/de\/wp-json\/wp\/v2\/product_brand?post=35452"},{"taxonomy":"product_cat","embeddable":true,"href":"https:\/\/armurerie-richert.ch\/de\/wp-json\/wp\/v2\/product_cat?post=35452"},{"taxonomy":"product_tag","embeddable":true,"href":"https:\/\/armurerie-richert.ch\/de\/wp-json\/wp\/v2\/product_tag?post=35452"}],"curies":[{"name":"wp","href":"https:\/\/api.w.org\/{rel}","templated":true}]}}