{"id":35454,"date":"2023-11-05T14:28:39","date_gmt":"2023-11-05T13:28:39","guid":{"rendered":"https:\/\/armurerie-richert.ch\/produit\/geissele-sd-e-abzug-fuer-ar15\/"},"modified":"2023-11-05T14:28:39","modified_gmt":"2023-11-05T13:28:39","slug":"geissele-sd-e-abzug-fuer-ar15","status":"publish","type":"product","link":"https:\/\/armurerie-richert.ch\/de\/produit\/geissele-sd-e-abzug-fuer-ar15\/","title":{"rendered":"GEISSELE SD-E Abzug f\u00fcr AR15"},"content":{"rendered":"<h3>GEISSELE SD-E Abzug f\u00fcr AR15<\/h3>\n<p>Der Geissele Super Dynamic-Enhanced (SD-E) Trigger mit einem exklusiven flachen Triggerbogen ist ein voll ausgestatteter zweistufiger Trigger, der eine verbesserte Triggerkontrolle und Waffengenauigkeit bietet, w\u00e4hrend er die Robustheit und Zuverl\u00e4ssigkeit unseres kampferprobten zweistufigen Triggers bewahrt. Der SD-E ist eine Flachbogenversion des Super Semi-Automatic Enhanced (SSA-E) Triggers, der mit einem klassischen, gew\u00f6lbten M4 Stil Trigger ausgestattet ist.<\/p>\n<p><strong>Spezifikationen:<\/strong><\/p>\n<ul>\n<li><strong>Plattform:<\/strong> AR15\/AR10<\/li>\n<li><strong>Typ:<\/strong> 2 Stage<\/li>\n<li><strong>1st Stage Weight Range:<\/strong> 2.0 &#8211; 2.5 lbs.<\/li>\n<li><strong>2nd Stage Weight Range:<\/strong> 0.9 &#8211; 1.3 lbs.<\/li>\n<li><strong>Total Pull Weight Range:<\/strong> 2.9 &#8211; 3.8 lbs.<\/li>\n<li><strong>Einstellbar:<\/strong> Nein<\/li>\n<li><strong>Trigger Bow Type:<\/strong> Flat<\/li>\n<li><strong>Recommended Use:<\/strong> Target &amp; Precision Shooting, Hunting<\/li>\n<li><strong>Pin Size:<\/strong> Mil-Spec<\/li>\n<\/ul>\n","protected":false},"excerpt":{"rendered":"<p>Der Geissele Super Dynamic-Enhanced (SD-E) Trigger mit einem exklusiven flachen Triggerbogen ist ein voll ausgestatteter zweistufiger Trigger, der eine verbesserte Triggerkontrolle und Waffengenauigkeit bietet, w\u00e4hrend er die Robustheit und Zuverl\u00e4ssigkeit unseres kampferprobten zweistufigen Triggers bewahrt. Der SD-E ist eine Flachbogenversion des Super Semi-Automatic Enhanced (SSA-E) Triggers, der mit einem klassischen, gew\u00f6lbten M4 Stil Trigger ausgestattet ist.<\/p>\n<p><strong>Spezifikationen:<\/strong><\/p>\n<ul>\n<li><strong>Plattform:<\/strong> AR15\/AR10<\/li>\n<li><strong>Typ:<\/strong> 2 Stage<\/li>\n<li><strong>1st Stage Weight Range:<\/strong> 2.0 &#8211; 2.5 lbs.<\/li>\n<li><strong>2nd Stage Weight Range:<\/strong> 0.9 &#8211; 1.3 lbs.<\/li>\n<li><strong>Total Pull Weight Range:<\/strong> 2.9 &#8211; 3.8 lbs.<\/li>\n<li><strong>Einstellbar:<\/strong> Nein<\/li>\n<li><strong>Trigger Bow Type:<\/strong> Flat<\/li>\n<li><strong>Recommended Use:<\/strong> Target &amp; Precision Shooting, Hunting<\/li>\n<li><strong>Pin Size:<\/strong> Mil-Spec<\/li>\n<\/ul>\n","protected":false},"featured_media":32415,"template":"","meta":{"_et_pb_use_builder":"","_et_pb_old_content":"","_et_gb_content_width":""},"product_brand":[],"product_cat":[66,65],"product_tag":[],"class_list":{"0":"post-35454","1":"product","2":"type-product","3":"status-publish","4":"has-post-thumbnail","6":"product_cat-zubehor-fur-gewehre","7":"product_cat-zubehor-und-optik","9":"first","10":"instock","11":"shipping-taxable","12":"purchasable","13":"product-type-simple"},"yoast_head":"<!-- This site is optimized with the Yoast SEO Premium plugin v24.7 (Yoast SEO v27.5) - https:\/\/yoast.com\/product\/yoast-seo-premium-wordpress\/ -->\n<title>GEISSELE SD-E Abzug f\u00fcr AR15 - Armurerie Richert<\/title>\n<meta name=\"description\" content=\"Verbessern Sie die Pr\u00e4zision und Kontrolle Ihres AR15 mit dem GEISSELE SD-E Abzug. Genie\u00dfen Sie das exklusive flache Design f\u00fcr ein unvergleichliches Schusserlebnis.\" \/>\n<meta name=\"robots\" content=\"index, follow, max-snippet:-1, max-image-preview:large, max-video-preview:-1\" \/>\n<link rel=\"canonical\" href=\"https:\/\/armurerie-richert.ch\/de\/produit\/geissele-sd-e-abzug-fuer-ar15\/\" \/>\n<meta property=\"og:locale\" content=\"de_DE\" \/>\n<meta property=\"og:type\" content=\"article\" \/>\n<meta property=\"og:title\" content=\"GEISSELE SD-E Abzug f\u00fcr AR15\" \/>\n<meta property=\"og:description\" content=\"Verbessern Sie die Pr\u00e4zision und Kontrolle Ihres AR15 mit dem GEISSELE SD-E Abzug. Genie\u00dfen Sie das exklusive flache Design f\u00fcr ein unvergleichliches Schusserlebnis.\" \/>\n<meta property=\"og:url\" content=\"https:\/\/armurerie-richert.ch\/de\/produit\/geissele-sd-e-abzug-fuer-ar15\/\" \/>\n<meta property=\"og:site_name\" content=\"Armurerie Richert\" \/>\n<meta property=\"article:publisher\" content=\"https:\/\/www.facebook.com\/profile.php?id=100023920014088\" \/>\n<meta property=\"og:image\" content=\"https:\/\/armurerie-richert.ch\/wp-content\/uploads\/2023\/11\/geissele-super-dynamic-enhanced-sd-e-trigger.jpg\" \/>\n\t<meta property=\"og:image:width\" content=\"974\" \/>\n\t<meta property=\"og:image:height\" content=\"974\" \/>\n\t<meta property=\"og:image:type\" content=\"image\/jpeg\" \/>\n<meta name=\"twitter:card\" content=\"summary_large_image\" \/>\n<meta name=\"twitter:label1\" content=\"Preis\" \/>\n\t<meta name=\"twitter:data1\" content=\"&#067;&#072;&#070;&nbsp;340.00\" \/>\n\t<meta name=\"twitter:label2\" content=\"Verf\u00fcgbarkeit\" \/>\n\t<meta name=\"twitter:data2\" content=\"Auf Lager\" \/>\n<script type=\"application\/ld+json\" class=\"yoast-schema-graph\">{\"@context\":\"https:\\\/\\\/schema.org\",\"@graph\":[{\"@type\":\"WebPage\",\"@id\":\"https:\\\/\\\/armurerie-richert.ch\\\/de\\\/produit\\\/geissele-sd-e-abzug-fuer-ar15\\\/\",\"url\":\"https:\\\/\\\/armurerie-richert.ch\\\/de\\\/produit\\\/geissele-sd-e-abzug-fuer-ar15\\\/\",\"name\":\"GEISSELE SD-E Abzug f\u00fcr AR15 - Armurerie Richert\",\"isPartOf\":{\"@id\":\"https:\\\/\\\/armurerie-richert.ch\\\/de\\\/#website\"},\"primaryImageOfPage\":{\"@id\":\"https:\\\/\\\/armurerie-richert.ch\\\/de\\\/produit\\\/geissele-sd-e-abzug-fuer-ar15\\\/#primaryimage\"},\"image\":{\"@id\":\"https:\\\/\\\/armurerie-richert.ch\\\/de\\\/produit\\\/geissele-sd-e-abzug-fuer-ar15\\\/#primaryimage\"},\"thumbnailUrl\":\"https:\\\/\\\/armurerie-richert.ch\\\/wp-content\\\/uploads\\\/2023\\\/11\\\/geissele-super-dynamic-enhanced-sd-e-trigger.jpg\",\"datePublished\":\"2023-11-05T13:28:39+00:00\",\"description\":\"Verbessern Sie die Pr\u00e4zision und Kontrolle Ihres AR15 mit dem GEISSELE SD-E Abzug. Genie\u00dfen Sie das exklusive flache Design f\u00fcr ein unvergleichliches Schusserlebnis.\",\"breadcrumb\":{\"@id\":\"https:\\\/\\\/armurerie-richert.ch\\\/de\\\/produit\\\/geissele-sd-e-abzug-fuer-ar15\\\/#breadcrumb\"},\"inLanguage\":\"de\",\"potentialAction\":[{\"@type\":\"ReadAction\",\"target\":[\"https:\\\/\\\/armurerie-richert.ch\\\/de\\\/produit\\\/geissele-sd-e-abzug-fuer-ar15\\\/\"]}]},{\"@type\":\"ImageObject\",\"inLanguage\":\"de\",\"@id\":\"https:\\\/\\\/armurerie-richert.ch\\\/de\\\/produit\\\/geissele-sd-e-abzug-fuer-ar15\\\/#primaryimage\",\"url\":\"https:\\\/\\\/armurerie-richert.ch\\\/wp-content\\\/uploads\\\/2023\\\/11\\\/geissele-super-dynamic-enhanced-sd-e-trigger.jpg\",\"contentUrl\":\"https:\\\/\\\/armurerie-richert.ch\\\/wp-content\\\/uploads\\\/2023\\\/11\\\/geissele-super-dynamic-enhanced-sd-e-trigger.jpg\",\"width\":974,\"height\":974},{\"@type\":\"BreadcrumbList\",\"@id\":\"https:\\\/\\\/armurerie-richert.ch\\\/de\\\/produit\\\/geissele-sd-e-abzug-fuer-ar15\\\/#breadcrumb\",\"itemListElement\":[{\"@type\":\"ListItem\",\"position\":1,\"name\":\"Accueil\",\"item\":\"https:\\\/\\\/armurerie-richert.ch\\\/de\\\/startseite\\\/\"},{\"@type\":\"ListItem\",\"position\":2,\"name\":\"Shop\",\"item\":\"https:\\\/\\\/armurerie-richert.ch\\\/de\\\/shop\\\/\"},{\"@type\":\"ListItem\",\"position\":3,\"name\":\"GEISSELE SD-E Abzug f\u00fcr AR15\"}]},{\"@type\":\"WebSite\",\"@id\":\"https:\\\/\\\/armurerie-richert.ch\\\/de\\\/#website\",\"url\":\"https:\\\/\\\/armurerie-richert.ch\\\/de\\\/\",\"name\":\"Armurerie Richert\",\"description\":\"\",\"publisher\":{\"@id\":\"https:\\\/\\\/armurerie-richert.ch\\\/de\\\/#organization\"},\"potentialAction\":[{\"@type\":\"SearchAction\",\"target\":{\"@type\":\"EntryPoint\",\"urlTemplate\":\"https:\\\/\\\/armurerie-richert.ch\\\/de\\\/?s={search_term_string}\"},\"query-input\":{\"@type\":\"PropertyValueSpecification\",\"valueRequired\":true,\"valueName\":\"search_term_string\"}}],\"inLanguage\":\"de\"},{\"@type\":\"Organization\",\"@id\":\"https:\\\/\\\/armurerie-richert.ch\\\/de\\\/#organization\",\"name\":\"Armurerie Richert\",\"url\":\"https:\\\/\\\/armurerie-richert.ch\\\/de\\\/\",\"logo\":{\"@type\":\"ImageObject\",\"inLanguage\":\"de\",\"@id\":\"https:\\\/\\\/armurerie-richert.ch\\\/de\\\/#\\\/schema\\\/logo\\\/image\\\/\",\"url\":\"https:\\\/\\\/armurerie-richert.ch\\\/wp-content\\\/uploads\\\/2023\\\/11\\\/Armurerie-Richert-Logo-300px.png\",\"contentUrl\":\"https:\\\/\\\/armurerie-richert.ch\\\/wp-content\\\/uploads\\\/2023\\\/11\\\/Armurerie-Richert-Logo-300px.png\",\"width\":300,\"height\":73,\"caption\":\"Armurerie Richert\"},\"image\":{\"@id\":\"https:\\\/\\\/armurerie-richert.ch\\\/de\\\/#\\\/schema\\\/logo\\\/image\\\/\"},\"sameAs\":[\"https:\\\/\\\/www.facebook.com\\\/profile.php?id=100023920014088\"]}]}<\/script>\n<meta property=\"product:price:amount\" content=\"340.00\" \/>\n<meta property=\"product:price:currency\" content=\"CHF\" \/>\n<meta property=\"og:availability\" content=\"instock\" \/>\n<meta property=\"product:availability\" content=\"instock\" \/>\n<meta property=\"product:condition\" content=\"new\" \/>\n<!-- \/ Yoast SEO Premium plugin. -->","yoast_head_json":{"title":"GEISSELE SD-E Abzug f\u00fcr AR15 - Armurerie Richert","description":"Verbessern Sie die Pr\u00e4zision und Kontrolle Ihres AR15 mit dem GEISSELE SD-E Abzug. Genie\u00dfen Sie das exklusive flache Design f\u00fcr ein unvergleichliches Schusserlebnis.","robots":{"index":"index","follow":"follow","max-snippet":"max-snippet:-1","max-image-preview":"max-image-preview:large","max-video-preview":"max-video-preview:-1"},"canonical":"https:\/\/armurerie-richert.ch\/de\/produit\/geissele-sd-e-abzug-fuer-ar15\/","og_locale":"de_DE","og_type":"article","og_title":"GEISSELE SD-E Abzug f\u00fcr AR15","og_description":"Verbessern Sie die Pr\u00e4zision und Kontrolle Ihres AR15 mit dem GEISSELE SD-E Abzug. Genie\u00dfen Sie das exklusive flache Design f\u00fcr ein unvergleichliches Schusserlebnis.","og_url":"https:\/\/armurerie-richert.ch\/de\/produit\/geissele-sd-e-abzug-fuer-ar15\/","og_site_name":"Armurerie Richert","article_publisher":"https:\/\/www.facebook.com\/profile.php?id=100023920014088","og_image":[{"width":974,"height":974,"url":"https:\/\/armurerie-richert.ch\/wp-content\/uploads\/2023\/11\/geissele-super-dynamic-enhanced-sd-e-trigger.jpg","type":"image\/jpeg"}],"twitter_card":"summary_large_image","twitter_misc":{"Preis":"&#67;&#72;&#70;&nbsp;340.00","Verf\u00fcgbarkeit":"Auf Lager"},"schema":{"@context":"https:\/\/schema.org","@graph":[{"@type":"WebPage","@id":"https:\/\/armurerie-richert.ch\/de\/produit\/geissele-sd-e-abzug-fuer-ar15\/","url":"https:\/\/armurerie-richert.ch\/de\/produit\/geissele-sd-e-abzug-fuer-ar15\/","name":"GEISSELE SD-E Abzug f\u00fcr AR15 - Armurerie Richert","isPartOf":{"@id":"https:\/\/armurerie-richert.ch\/de\/#website"},"primaryImageOfPage":{"@id":"https:\/\/armurerie-richert.ch\/de\/produit\/geissele-sd-e-abzug-fuer-ar15\/#primaryimage"},"image":{"@id":"https:\/\/armurerie-richert.ch\/de\/produit\/geissele-sd-e-abzug-fuer-ar15\/#primaryimage"},"thumbnailUrl":"https:\/\/armurerie-richert.ch\/wp-content\/uploads\/2023\/11\/geissele-super-dynamic-enhanced-sd-e-trigger.jpg","datePublished":"2023-11-05T13:28:39+00:00","description":"Verbessern Sie die Pr\u00e4zision und Kontrolle Ihres AR15 mit dem GEISSELE SD-E Abzug. Genie\u00dfen Sie das exklusive flache Design f\u00fcr ein unvergleichliches Schusserlebnis.","breadcrumb":{"@id":"https:\/\/armurerie-richert.ch\/de\/produit\/geissele-sd-e-abzug-fuer-ar15\/#breadcrumb"},"inLanguage":"de","potentialAction":[{"@type":"ReadAction","target":["https:\/\/armurerie-richert.ch\/de\/produit\/geissele-sd-e-abzug-fuer-ar15\/"]}]},{"@type":"ImageObject","inLanguage":"de","@id":"https:\/\/armurerie-richert.ch\/de\/produit\/geissele-sd-e-abzug-fuer-ar15\/#primaryimage","url":"https:\/\/armurerie-richert.ch\/wp-content\/uploads\/2023\/11\/geissele-super-dynamic-enhanced-sd-e-trigger.jpg","contentUrl":"https:\/\/armurerie-richert.ch\/wp-content\/uploads\/2023\/11\/geissele-super-dynamic-enhanced-sd-e-trigger.jpg","width":974,"height":974},{"@type":"BreadcrumbList","@id":"https:\/\/armurerie-richert.ch\/de\/produit\/geissele-sd-e-abzug-fuer-ar15\/#breadcrumb","itemListElement":[{"@type":"ListItem","position":1,"name":"Accueil","item":"https:\/\/armurerie-richert.ch\/de\/startseite\/"},{"@type":"ListItem","position":2,"name":"Shop","item":"https:\/\/armurerie-richert.ch\/de\/shop\/"},{"@type":"ListItem","position":3,"name":"GEISSELE SD-E Abzug f\u00fcr AR15"}]},{"@type":"WebSite","@id":"https:\/\/armurerie-richert.ch\/de\/#website","url":"https:\/\/armurerie-richert.ch\/de\/","name":"Armurerie Richert","description":"","publisher":{"@id":"https:\/\/armurerie-richert.ch\/de\/#organization"},"potentialAction":[{"@type":"SearchAction","target":{"@type":"EntryPoint","urlTemplate":"https:\/\/armurerie-richert.ch\/de\/?s={search_term_string}"},"query-input":{"@type":"PropertyValueSpecification","valueRequired":true,"valueName":"search_term_string"}}],"inLanguage":"de"},{"@type":"Organization","@id":"https:\/\/armurerie-richert.ch\/de\/#organization","name":"Armurerie Richert","url":"https:\/\/armurerie-richert.ch\/de\/","logo":{"@type":"ImageObject","inLanguage":"de","@id":"https:\/\/armurerie-richert.ch\/de\/#\/schema\/logo\/image\/","url":"https:\/\/armurerie-richert.ch\/wp-content\/uploads\/2023\/11\/Armurerie-Richert-Logo-300px.png","contentUrl":"https:\/\/armurerie-richert.ch\/wp-content\/uploads\/2023\/11\/Armurerie-Richert-Logo-300px.png","width":300,"height":73,"caption":"Armurerie Richert"},"image":{"@id":"https:\/\/armurerie-richert.ch\/de\/#\/schema\/logo\/image\/"},"sameAs":["https:\/\/www.facebook.com\/profile.php?id=100023920014088"]}]},"product_price_amount":"340.00","product_price_currency":"CHF","og_availability":"instock","product_availability":"instock","product_condition":"new"},"_links":{"self":[{"href":"https:\/\/armurerie-richert.ch\/de\/wp-json\/wp\/v2\/product\/35454","targetHints":{"allow":["GET"]}}],"collection":[{"href":"https:\/\/armurerie-richert.ch\/de\/wp-json\/wp\/v2\/product"}],"about":[{"href":"https:\/\/armurerie-richert.ch\/de\/wp-json\/wp\/v2\/types\/product"}],"wp:featuredmedia":[{"embeddable":true,"href":"https:\/\/armurerie-richert.ch\/de\/wp-json\/wp\/v2\/media\/32415"}],"wp:attachment":[{"href":"https:\/\/armurerie-richert.ch\/de\/wp-json\/wp\/v2\/media?parent=35454"}],"wp:term":[{"taxonomy":"product_brand","embeddable":true,"href":"https:\/\/armurerie-richert.ch\/de\/wp-json\/wp\/v2\/product_brand?post=35454"},{"taxonomy":"product_cat","embeddable":true,"href":"https:\/\/armurerie-richert.ch\/de\/wp-json\/wp\/v2\/product_cat?post=35454"},{"taxonomy":"product_tag","embeddable":true,"href":"https:\/\/armurerie-richert.ch\/de\/wp-json\/wp\/v2\/product_tag?post=35454"}],"curies":[{"name":"wp","href":"https:\/\/api.w.org\/{rel}","templated":true}]}}