{"id":35455,"date":"2023-11-05T14:14:08","date_gmt":"2023-11-05T13:14:08","guid":{"rendered":"https:\/\/armurerie-richert.ch\/produit\/hand-stop-emissary-development-mini-m-lok\/"},"modified":"2023-11-05T14:14:08","modified_gmt":"2023-11-05T13:14:08","slug":"hand-stop-emissary-development-mini-m-lok","status":"publish","type":"product","link":"https:\/\/armurerie-richert.ch\/de\/produit\/hand-stop-emissary-development-mini-m-lok\/","title":{"rendered":"Hand Stop EMISSARY DEVELOPMENT mini M-Lok"},"content":{"rendered":"<h3>Hand Stop EMISSARY DEVELOPMENT mini M-Lok<\/h3>\n<p>Alle einzigartigen Merkmale der Handbrake in einem kleineren, leichteren Paket. Entworfen mit Taps und Abmessungen, die f\u00fcr Hochleistungs-Rifle-Sets optimiert sind. Hervorragend geeignet f\u00fcr Sets, bei denen eine Vorw\u00e4rtshandpositionierung erforderlich ist. Ein vorw\u00e4rts gerichteter Winkel und eine niedrige Ledge fangen Ihre Hand ein und verhindern ein versehentliches Ausrutschen oder eine ungewollte Bewegung. Handbrake Mini verwendet unser eigenes Texturmuster f\u00fcr eine perfekte Mischung aus Traktion und Komfort. Handbrake Mini verf\u00fcgt sowohl \u00fcber eine Vorder- als auch \u00fcber eine R\u00fcckseite<br \/>\nmit integrierten Barrikadenstopps.     <\/p>\n<p><strong>Features:<\/strong><\/p>\n<ul>\n<li>Miniaturisierte Version der urspr\u00fcnglichen Handbrake<\/li>\n<li>Optimiert f\u00fcr Einrichtungen, bei denen eine Vorw\u00e4rtsbewegung der Hand erforderlich ist.<\/li>\n<li>Bietet die gleiche verbesserte Ergonomie und Kontrolldynamik wie der urspr\u00fcngliche Handbrake.<\/li>\n<li>Verwendet propriet\u00e4re Texturmuster<\/li>\n<li>Antislip-Bodenleiste<\/li>\n<li>Built-in Front- und R\u00fcckbarrikadenstopp<\/li>\n<li>Made in the USA<\/li>\n<\/ul>\n<p><strong>Spezifikationen:<\/strong><\/p>\n<ul>\n<li>Material: Nylon-Polymer<\/li>\n<li>Hardware: Stahl<\/li>\n<li>Inklusive Werkzeug: T25 Torx Bit<\/li>\n<li>Hitzebest\u00e4ndigkeit: 300\u00b0+<\/li>\n<li>M-LOK span: 1.5 Slots<\/li>\n<li>L\u00e4nge: 1.9&#8243; (48mm)<\/li>\n<li>Breite: 1.1&#8243; (28mm)<\/li>\n<li>H\u00f6he: 1.5&#8243; (39mm)<\/li>\n<li>Gewicht: 0.8oz (22g)<\/li>\n<\/ul>\n","protected":false},"excerpt":{"rendered":"<p>&nbsp;<\/p>\n<p>Alle einzigartigen Merkmale der Handbrake in einem kleineren, leichteren Paket. Entworfen mit Taps und Abmessungen, die f\u00fcr Hochleistungs-Rifle-Sets optimiert sind. Hervorragend geeignet f\u00fcr Sets, bei denen eine Vorw\u00e4rtshandpositionierung erforderlich ist. Ein vorw\u00e4rts gerichteter Winkel und eine niedrige Ledge fangen Ihre Hand ein und verhindern ein versehentliches Ausrutschen oder eine ungewollte Bewegung. Handbrake Mini verwendet unser eigenes Texturmuster f\u00fcr eine perfekte Mischung aus Traktion und Komfort. Handbrake Mini verf\u00fcgt sowohl \u00fcber eine Vorder- als auch \u00fcber eine R\u00fcckseite<br \/>\nmit integrierten Barrikadenstopps.     <\/p>\n<p><strong>Features:<\/strong><\/p>\n<ul>\n<li>Miniaturisierte Version der urspr\u00fcnglichen Handbrake<\/li>\n<li>Optimiert f\u00fcr Einrichtungen, bei denen eine Vorw\u00e4rtsbewegung der Hand erforderlich ist.<\/li>\n<li>Bietet die gleiche verbesserte Ergonomie und Kontrolldynamik wie der urspr\u00fcngliche Handbrake.<\/li>\n<li>Verwendet propriet\u00e4re Texturmuster<\/li>\n<li>Antislip-Bodenleiste<\/li>\n<li>Built-in Front- und R\u00fcckbarrikadenstopp<\/li>\n<li>Made in the USA<\/li>\n<\/ul>\n<p><strong>Spezifikationen:<\/strong><\/p>\n<ul>\n<li>Material: Nylon-Polymer<\/li>\n<li>Hardware: Stahl<\/li>\n<li>Inklusive Werkzeug: T25 Torx Bit<\/li>\n<li>Hitzebest\u00e4ndigkeit: 300\u00b0+<\/li>\n<li>M-LOK span: 1.5 Slots<\/li>\n<li>L\u00e4nge: 1.9&#8243; (48mm)<\/li>\n<li>Breite: 1.1&#8243; (28mm)<\/li>\n<li>H\u00f6he: 1.5&#8243; (39mm)<\/li>\n<li>Gewicht: 0.8oz (22g)<\/li>\n<\/ul>\n","protected":false},"featured_media":32397,"template":"","meta":{"_et_pb_use_builder":"","_et_pb_old_content":"","_et_gb_content_width":""},"product_brand":[],"product_cat":[66,65],"product_tag":[],"class_list":{"0":"post-35455","1":"product","2":"type-product","3":"status-publish","4":"has-post-thumbnail","6":"product_cat-zubehor-fur-gewehre","7":"product_cat-zubehor-und-optik","9":"first","10":"instock","11":"shipping-taxable","12":"purchasable","13":"product-type-simple"},"yoast_head":"<!-- This site is optimized with the Yoast SEO Premium plugin v24.7 (Yoast SEO v27.5) - https:\/\/yoast.com\/product\/yoast-seo-premium-wordpress\/ -->\n<title>Hand Stop EMISSARY DEVELOPMENT mini M-Lok - Armurerie Richert<\/title>\n<meta name=\"description\" content=\"Entdecken Sie den Hand Stop EMISSARY DEVELOPMENT mini M-Lok, ein leichtes und kompaktes Accessoire mit perfektem Griff.\" \/>\n<meta name=\"robots\" content=\"index, follow, max-snippet:-1, max-image-preview:large, max-video-preview:-1\" \/>\n<link rel=\"canonical\" href=\"https:\/\/armurerie-richert.ch\/de\/produit\/hand-stop-emissary-development-mini-m-lok\/\" \/>\n<meta property=\"og:locale\" content=\"de_DE\" \/>\n<meta property=\"og:type\" content=\"article\" \/>\n<meta property=\"og:title\" content=\"Hand Stop EMISSARY DEVELOPMENT mini M-Lok\" \/>\n<meta property=\"og:description\" content=\"Entdecken Sie den Hand Stop EMISSARY DEVELOPMENT mini M-Lok, ein leichtes und kompaktes Accessoire mit perfektem Griff.\" \/>\n<meta property=\"og:url\" content=\"https:\/\/armurerie-richert.ch\/de\/produit\/hand-stop-emissary-development-mini-m-lok\/\" \/>\n<meta property=\"og:site_name\" content=\"Armurerie Richert\" \/>\n<meta property=\"article:publisher\" content=\"https:\/\/www.facebook.com\/profile.php?id=100023920014088\" \/>\n<meta property=\"og:image\" content=\"https:\/\/armurerie-richert.ch\/wp-content\/uploads\/2023\/11\/emissary-development-mlok-handbrake-mini-black-3.jpg\" \/>\n\t<meta property=\"og:image:width\" content=\"1336\" \/>\n\t<meta property=\"og:image:height\" content=\"1336\" \/>\n\t<meta property=\"og:image:type\" content=\"image\/jpeg\" \/>\n<meta name=\"twitter:card\" content=\"summary_large_image\" \/>\n<meta name=\"twitter:label1\" content=\"Preis\" \/>\n\t<meta name=\"twitter:data1\" content=\"&#067;&#072;&#070;&nbsp;50.00\" \/>\n\t<meta name=\"twitter:label2\" content=\"Verf\u00fcgbarkeit\" \/>\n\t<meta name=\"twitter:data2\" content=\"Auf Lager\" \/>\n<script type=\"application\/ld+json\" class=\"yoast-schema-graph\">{\"@context\":\"https:\\\/\\\/schema.org\",\"@graph\":[{\"@type\":\"WebPage\",\"@id\":\"https:\\\/\\\/armurerie-richert.ch\\\/de\\\/produit\\\/hand-stop-emissary-development-mini-m-lok\\\/\",\"url\":\"https:\\\/\\\/armurerie-richert.ch\\\/de\\\/produit\\\/hand-stop-emissary-development-mini-m-lok\\\/\",\"name\":\"Hand Stop EMISSARY DEVELOPMENT mini M-Lok - Armurerie Richert\",\"isPartOf\":{\"@id\":\"https:\\\/\\\/armurerie-richert.ch\\\/de\\\/#website\"},\"primaryImageOfPage\":{\"@id\":\"https:\\\/\\\/armurerie-richert.ch\\\/de\\\/produit\\\/hand-stop-emissary-development-mini-m-lok\\\/#primaryimage\"},\"image\":{\"@id\":\"https:\\\/\\\/armurerie-richert.ch\\\/de\\\/produit\\\/hand-stop-emissary-development-mini-m-lok\\\/#primaryimage\"},\"thumbnailUrl\":\"https:\\\/\\\/armurerie-richert.ch\\\/wp-content\\\/uploads\\\/2023\\\/11\\\/emissary-development-mlok-handbrake-mini-black-3.jpg\",\"datePublished\":\"2023-11-05T13:14:08+00:00\",\"description\":\"Entdecken Sie den Hand Stop EMISSARY DEVELOPMENT mini M-Lok, ein leichtes und kompaktes Accessoire mit perfektem Griff.\",\"breadcrumb\":{\"@id\":\"https:\\\/\\\/armurerie-richert.ch\\\/de\\\/produit\\\/hand-stop-emissary-development-mini-m-lok\\\/#breadcrumb\"},\"inLanguage\":\"de\",\"potentialAction\":[{\"@type\":\"ReadAction\",\"target\":[\"https:\\\/\\\/armurerie-richert.ch\\\/de\\\/produit\\\/hand-stop-emissary-development-mini-m-lok\\\/\"]}]},{\"@type\":\"ImageObject\",\"inLanguage\":\"de\",\"@id\":\"https:\\\/\\\/armurerie-richert.ch\\\/de\\\/produit\\\/hand-stop-emissary-development-mini-m-lok\\\/#primaryimage\",\"url\":\"https:\\\/\\\/armurerie-richert.ch\\\/wp-content\\\/uploads\\\/2023\\\/11\\\/emissary-development-mlok-handbrake-mini-black-3.jpg\",\"contentUrl\":\"https:\\\/\\\/armurerie-richert.ch\\\/wp-content\\\/uploads\\\/2023\\\/11\\\/emissary-development-mlok-handbrake-mini-black-3.jpg\",\"width\":1336,\"height\":1336},{\"@type\":\"BreadcrumbList\",\"@id\":\"https:\\\/\\\/armurerie-richert.ch\\\/de\\\/produit\\\/hand-stop-emissary-development-mini-m-lok\\\/#breadcrumb\",\"itemListElement\":[{\"@type\":\"ListItem\",\"position\":1,\"name\":\"Accueil\",\"item\":\"https:\\\/\\\/armurerie-richert.ch\\\/de\\\/startseite\\\/\"},{\"@type\":\"ListItem\",\"position\":2,\"name\":\"Shop\",\"item\":\"https:\\\/\\\/armurerie-richert.ch\\\/de\\\/shop\\\/\"},{\"@type\":\"ListItem\",\"position\":3,\"name\":\"Hand Stop EMISSARY DEVELOPMENT mini M-Lok\"}]},{\"@type\":\"WebSite\",\"@id\":\"https:\\\/\\\/armurerie-richert.ch\\\/de\\\/#website\",\"url\":\"https:\\\/\\\/armurerie-richert.ch\\\/de\\\/\",\"name\":\"Armurerie Richert\",\"description\":\"\",\"publisher\":{\"@id\":\"https:\\\/\\\/armurerie-richert.ch\\\/de\\\/#organization\"},\"potentialAction\":[{\"@type\":\"SearchAction\",\"target\":{\"@type\":\"EntryPoint\",\"urlTemplate\":\"https:\\\/\\\/armurerie-richert.ch\\\/de\\\/?s={search_term_string}\"},\"query-input\":{\"@type\":\"PropertyValueSpecification\",\"valueRequired\":true,\"valueName\":\"search_term_string\"}}],\"inLanguage\":\"de\"},{\"@type\":\"Organization\",\"@id\":\"https:\\\/\\\/armurerie-richert.ch\\\/de\\\/#organization\",\"name\":\"Armurerie Richert\",\"url\":\"https:\\\/\\\/armurerie-richert.ch\\\/de\\\/\",\"logo\":{\"@type\":\"ImageObject\",\"inLanguage\":\"de\",\"@id\":\"https:\\\/\\\/armurerie-richert.ch\\\/de\\\/#\\\/schema\\\/logo\\\/image\\\/\",\"url\":\"https:\\\/\\\/armurerie-richert.ch\\\/wp-content\\\/uploads\\\/2023\\\/11\\\/Armurerie-Richert-Logo-300px.png\",\"contentUrl\":\"https:\\\/\\\/armurerie-richert.ch\\\/wp-content\\\/uploads\\\/2023\\\/11\\\/Armurerie-Richert-Logo-300px.png\",\"width\":300,\"height\":73,\"caption\":\"Armurerie Richert\"},\"image\":{\"@id\":\"https:\\\/\\\/armurerie-richert.ch\\\/de\\\/#\\\/schema\\\/logo\\\/image\\\/\"},\"sameAs\":[\"https:\\\/\\\/www.facebook.com\\\/profile.php?id=100023920014088\"]}]}<\/script>\n<meta property=\"product:price:amount\" content=\"50.00\" \/>\n<meta property=\"product:price:currency\" content=\"CHF\" \/>\n<meta property=\"og:availability\" content=\"instock\" \/>\n<meta property=\"product:availability\" content=\"instock\" \/>\n<meta property=\"product:condition\" content=\"new\" \/>\n<!-- \/ Yoast SEO Premium plugin. -->","yoast_head_json":{"title":"Hand Stop EMISSARY DEVELOPMENT mini M-Lok - Armurerie Richert","description":"Entdecken Sie den Hand Stop EMISSARY DEVELOPMENT mini M-Lok, ein leichtes und kompaktes Accessoire mit perfektem Griff.","robots":{"index":"index","follow":"follow","max-snippet":"max-snippet:-1","max-image-preview":"max-image-preview:large","max-video-preview":"max-video-preview:-1"},"canonical":"https:\/\/armurerie-richert.ch\/de\/produit\/hand-stop-emissary-development-mini-m-lok\/","og_locale":"de_DE","og_type":"article","og_title":"Hand Stop EMISSARY DEVELOPMENT mini M-Lok","og_description":"Entdecken Sie den Hand Stop EMISSARY DEVELOPMENT mini M-Lok, ein leichtes und kompaktes Accessoire mit perfektem Griff.","og_url":"https:\/\/armurerie-richert.ch\/de\/produit\/hand-stop-emissary-development-mini-m-lok\/","og_site_name":"Armurerie Richert","article_publisher":"https:\/\/www.facebook.com\/profile.php?id=100023920014088","og_image":[{"width":1336,"height":1336,"url":"https:\/\/armurerie-richert.ch\/wp-content\/uploads\/2023\/11\/emissary-development-mlok-handbrake-mini-black-3.jpg","type":"image\/jpeg"}],"twitter_card":"summary_large_image","twitter_misc":{"Preis":"&#67;&#72;&#70;&nbsp;50.00","Verf\u00fcgbarkeit":"Auf Lager"},"schema":{"@context":"https:\/\/schema.org","@graph":[{"@type":"WebPage","@id":"https:\/\/armurerie-richert.ch\/de\/produit\/hand-stop-emissary-development-mini-m-lok\/","url":"https:\/\/armurerie-richert.ch\/de\/produit\/hand-stop-emissary-development-mini-m-lok\/","name":"Hand Stop EMISSARY DEVELOPMENT mini M-Lok - Armurerie Richert","isPartOf":{"@id":"https:\/\/armurerie-richert.ch\/de\/#website"},"primaryImageOfPage":{"@id":"https:\/\/armurerie-richert.ch\/de\/produit\/hand-stop-emissary-development-mini-m-lok\/#primaryimage"},"image":{"@id":"https:\/\/armurerie-richert.ch\/de\/produit\/hand-stop-emissary-development-mini-m-lok\/#primaryimage"},"thumbnailUrl":"https:\/\/armurerie-richert.ch\/wp-content\/uploads\/2023\/11\/emissary-development-mlok-handbrake-mini-black-3.jpg","datePublished":"2023-11-05T13:14:08+00:00","description":"Entdecken Sie den Hand Stop EMISSARY DEVELOPMENT mini M-Lok, ein leichtes und kompaktes Accessoire mit perfektem Griff.","breadcrumb":{"@id":"https:\/\/armurerie-richert.ch\/de\/produit\/hand-stop-emissary-development-mini-m-lok\/#breadcrumb"},"inLanguage":"de","potentialAction":[{"@type":"ReadAction","target":["https:\/\/armurerie-richert.ch\/de\/produit\/hand-stop-emissary-development-mini-m-lok\/"]}]},{"@type":"ImageObject","inLanguage":"de","@id":"https:\/\/armurerie-richert.ch\/de\/produit\/hand-stop-emissary-development-mini-m-lok\/#primaryimage","url":"https:\/\/armurerie-richert.ch\/wp-content\/uploads\/2023\/11\/emissary-development-mlok-handbrake-mini-black-3.jpg","contentUrl":"https:\/\/armurerie-richert.ch\/wp-content\/uploads\/2023\/11\/emissary-development-mlok-handbrake-mini-black-3.jpg","width":1336,"height":1336},{"@type":"BreadcrumbList","@id":"https:\/\/armurerie-richert.ch\/de\/produit\/hand-stop-emissary-development-mini-m-lok\/#breadcrumb","itemListElement":[{"@type":"ListItem","position":1,"name":"Accueil","item":"https:\/\/armurerie-richert.ch\/de\/startseite\/"},{"@type":"ListItem","position":2,"name":"Shop","item":"https:\/\/armurerie-richert.ch\/de\/shop\/"},{"@type":"ListItem","position":3,"name":"Hand Stop EMISSARY DEVELOPMENT mini M-Lok"}]},{"@type":"WebSite","@id":"https:\/\/armurerie-richert.ch\/de\/#website","url":"https:\/\/armurerie-richert.ch\/de\/","name":"Armurerie Richert","description":"","publisher":{"@id":"https:\/\/armurerie-richert.ch\/de\/#organization"},"potentialAction":[{"@type":"SearchAction","target":{"@type":"EntryPoint","urlTemplate":"https:\/\/armurerie-richert.ch\/de\/?s={search_term_string}"},"query-input":{"@type":"PropertyValueSpecification","valueRequired":true,"valueName":"search_term_string"}}],"inLanguage":"de"},{"@type":"Organization","@id":"https:\/\/armurerie-richert.ch\/de\/#organization","name":"Armurerie Richert","url":"https:\/\/armurerie-richert.ch\/de\/","logo":{"@type":"ImageObject","inLanguage":"de","@id":"https:\/\/armurerie-richert.ch\/de\/#\/schema\/logo\/image\/","url":"https:\/\/armurerie-richert.ch\/wp-content\/uploads\/2023\/11\/Armurerie-Richert-Logo-300px.png","contentUrl":"https:\/\/armurerie-richert.ch\/wp-content\/uploads\/2023\/11\/Armurerie-Richert-Logo-300px.png","width":300,"height":73,"caption":"Armurerie Richert"},"image":{"@id":"https:\/\/armurerie-richert.ch\/de\/#\/schema\/logo\/image\/"},"sameAs":["https:\/\/www.facebook.com\/profile.php?id=100023920014088"]}]},"product_price_amount":"50.00","product_price_currency":"CHF","og_availability":"instock","product_availability":"instock","product_condition":"new"},"_links":{"self":[{"href":"https:\/\/armurerie-richert.ch\/de\/wp-json\/wp\/v2\/product\/35455","targetHints":{"allow":["GET"]}}],"collection":[{"href":"https:\/\/armurerie-richert.ch\/de\/wp-json\/wp\/v2\/product"}],"about":[{"href":"https:\/\/armurerie-richert.ch\/de\/wp-json\/wp\/v2\/types\/product"}],"wp:featuredmedia":[{"embeddable":true,"href":"https:\/\/armurerie-richert.ch\/de\/wp-json\/wp\/v2\/media\/32397"}],"wp:attachment":[{"href":"https:\/\/armurerie-richert.ch\/de\/wp-json\/wp\/v2\/media?parent=35455"}],"wp:term":[{"taxonomy":"product_brand","embeddable":true,"href":"https:\/\/armurerie-richert.ch\/de\/wp-json\/wp\/v2\/product_brand?post=35455"},{"taxonomy":"product_cat","embeddable":true,"href":"https:\/\/armurerie-richert.ch\/de\/wp-json\/wp\/v2\/product_cat?post=35455"},{"taxonomy":"product_tag","embeddable":true,"href":"https:\/\/armurerie-richert.ch\/de\/wp-json\/wp\/v2\/product_tag?post=35455"}],"curies":[{"name":"wp","href":"https:\/\/api.w.org\/{rel}","templated":true}]}}