{"id":35456,"date":"2023-11-05T14:27:10","date_gmt":"2023-11-05T13:27:10","guid":{"rendered":"https:\/\/armurerie-richert.ch\/produit\/geissele-sd-3g-abzug-fuer-ar15\/"},"modified":"2023-11-05T14:27:10","modified_gmt":"2023-11-05T13:27:10","slug":"geissele-sd-3g-abzug-fuer-ar15","status":"publish","type":"product","link":"https:\/\/armurerie-richert.ch\/de\/produit\/geissele-sd-3g-abzug-fuer-ar15\/","title":{"rendered":"GEISSELE SD-3G Abzug f\u00fcr AR15"},"content":{"rendered":"<h3>GEISSELE SD-3G Abzug f\u00fcr AR15<\/h3>\n<p>Der Geissele Super Dynamic 3 Gun (SD-3G) Trigger ist die flache Version des Geissele Super 3 Gun (S3G) Triggers. Wie der S3G hat der SD-3G eine verk\u00fcrzte Zugl\u00e4nge und eine leichte R\u00fcckstellung, um ihm einen einzigartigen, hybriden Zug zu verleihen, der eine Mischung aus einem traditionellen zweistufigen und einstufigen Ausl\u00f6ser ist, ohne dabei die Sicherheit und Robustheit eines zweistufigen Kampfausl\u00f6sers zu beeintr\u00e4chtigen. Der flache Triggerbogen des SD-3G verbessert die Leistung des Triggers, indem er das wahrgenommene Zuggewicht verringert und das taktile Feedback des Triggers an den Bediener verbessert, wodurch er sich ideal f\u00fcr das Schie\u00dfen mit 3-Gun-Waffen eignet. Der SD3G Trigger hat einen sehr kurzen, hellen Zug und Reset. Geissele empfiehlt ihn nicht f\u00fcr den Dienstgebrauch, zum Ausruhen, f\u00fcr akkurate Arbeit oder zum Schie\u00dfen in kleinen Gruppen. Er ist f\u00fcr den Nahkampf gedacht, wenn eine schnelle Zielerfassung und schnelle Folgesch\u00fcsse erforderlich sind.  <\/p>\n<p><strong>Spezifikationen:<\/strong><\/p>\n<ul>\n<li><strong>Plattform: <\/strong>AR15\/AR10<\/li>\n<li><strong>Typ: <\/strong>Hybrid Rolling Break<\/li>\n<li><strong>GESAMTGEWICHT DES PULLOVERS:  <\/strong>\n<ul>\n<li>3.0 &#8211; 4.0 lbs (Lighter Spring) <\/li>\n<li>4.5 &#8211; 5.5 lbs. (Heavier Spring) <\/li>\n<\/ul>\n<\/li>\n<li><strong>Einstellbar:<\/strong> Nein<\/li>\n<li><strong>Trigger Bow Type: <\/strong>Flat<\/li>\n<li><strong>Empfohlene Verwendung:<\/strong> 3 Gun Competition<\/li>\n<li><strong>Pin Size: <\/strong>Mil-Spec<\/li>\n<\/ul>\n","protected":false},"excerpt":{"rendered":"<p>Der Geissele Super Dynamic 3 Gun (SD-3G) Trigger ist die flache Version des Geissele Super 3 Gun (S3G) Triggers. Wie der S3G hat der SD-3G eine verk\u00fcrzte Zugl\u00e4nge und eine leichte R\u00fcckstellung, um ihm einen einzigartigen, hybriden Zug zu verleihen, der eine Mischung aus einem traditionellen zweistufigen und einstufigen Ausl\u00f6ser ist, ohne dabei die Sicherheit und Robustheit eines zweistufigen Kampfausl\u00f6sers zu beeintr\u00e4chtigen. Der flache Triggerbogen des SD-3G verbessert die Leistung des Triggers, indem er das wahrgenommene Zuggewicht verringert und das taktile Feedback des Triggers an den Bediener verbessert, wodurch er sich ideal f\u00fcr das Schie\u00dfen mit 3-Gun-Waffen eignet. Der SD3G Trigger hat einen sehr kurzen, hellen Zug und Reset. Geissele empfiehlt ihn nicht f\u00fcr den Dienstgebrauch, zum Ausruhen, f\u00fcr akkurate Arbeit oder zum Schie\u00dfen in kleinen Gruppen. Er ist f\u00fcr den Nahkampf gedacht, wenn eine schnelle Zielerfassung und schnelle Folgesch\u00fcsse erforderlich sind.  <\/p>\n<p><strong>Spezifikationen:<\/strong><\/p>\n<ul>\n<li><strong>Plattform: <\/strong>AR15\/AR10<\/li>\n<li><strong>Typ: <\/strong>Hybrid Rolling Break<\/li>\n<li><strong>GESAMTGEWICHT DES PULLOVERS:  <\/strong>\n<ul>\n<li>3.0 &#8211; 4.0 lbs (Lighter Spring) <\/li>\n<li>4.5 &#8211; 5.5 lbs. (Heavier Spring) <\/li>\n<\/ul>\n<\/li>\n<li><strong>Einstellbar:<\/strong> Nein<\/li>\n<li><strong>Trigger Bow Type: <\/strong>Flat<\/li>\n<li><strong>Empfohlene Verwendung:<\/strong> 3 Gun Competition<\/li>\n<li><strong>Pin Size: <\/strong>Mil-Spec<\/li>\n<\/ul>\n","protected":false},"featured_media":32413,"template":"","meta":{"_et_pb_use_builder":"","_et_pb_old_content":"","_et_gb_content_width":""},"product_brand":[],"product_cat":[66,65],"product_tag":[],"class_list":{"0":"post-35456","1":"product","2":"type-product","3":"status-publish","4":"has-post-thumbnail","6":"product_cat-zubehor-fur-gewehre","7":"product_cat-zubehor-und-optik","9":"first","10":"instock","11":"shipping-taxable","12":"purchasable","13":"product-type-simple"},"yoast_head":"<!-- This site is optimized with the Yoast SEO Premium plugin v24.7 (Yoast SEO v27.5) - https:\/\/yoast.com\/product\/yoast-seo-premium-wordpress\/ -->\n<title>GEISSELE SD-3G Abzug f\u00fcr AR15 - Armurerie Richert<\/title>\n<meta name=\"description\" content=\"Optimieren Sie Ihren AR15 mit dem GEISSELE SD-3G Abzug und seiner flachen Form. Verbessern Sie Ihr Schusserlebnis mit diesem hochwertigen Abzug!\" \/>\n<meta name=\"robots\" content=\"index, follow, max-snippet:-1, max-image-preview:large, max-video-preview:-1\" \/>\n<link rel=\"canonical\" href=\"https:\/\/armurerie-richert.ch\/de\/produit\/geissele-sd-3g-abzug-fuer-ar15\/\" \/>\n<meta property=\"og:locale\" content=\"de_DE\" \/>\n<meta property=\"og:type\" content=\"article\" \/>\n<meta property=\"og:title\" content=\"GEISSELE SD-3G Abzug f\u00fcr AR15\" \/>\n<meta property=\"og:description\" content=\"Optimieren Sie Ihren AR15 mit dem GEISSELE SD-3G Abzug und seiner flachen Form. Verbessern Sie Ihr Schusserlebnis mit diesem hochwertigen Abzug!\" \/>\n<meta property=\"og:url\" content=\"https:\/\/armurerie-richert.ch\/de\/produit\/geissele-sd-3g-abzug-fuer-ar15\/\" \/>\n<meta property=\"og:site_name\" content=\"Armurerie Richert\" \/>\n<meta property=\"article:publisher\" content=\"https:\/\/www.facebook.com\/profile.php?id=100023920014088\" \/>\n<meta property=\"og:image\" content=\"https:\/\/armurerie-richert.ch\/wp-content\/uploads\/2023\/11\/geissele-super-dynamic-3-gun-sd-3g-trigger-1.jpg\" \/>\n\t<meta property=\"og:image:width\" content=\"1018\" \/>\n\t<meta property=\"og:image:height\" content=\"1018\" \/>\n\t<meta property=\"og:image:type\" content=\"image\/jpeg\" \/>\n<meta name=\"twitter:card\" content=\"summary_large_image\" \/>\n<meta name=\"twitter:label1\" content=\"Preis\" \/>\n\t<meta name=\"twitter:data1\" content=\"&#067;&#072;&#070;&nbsp;340.00\" \/>\n\t<meta name=\"twitter:label2\" content=\"Verf\u00fcgbarkeit\" \/>\n\t<meta name=\"twitter:data2\" content=\"Auf Lager\" \/>\n<script type=\"application\/ld+json\" class=\"yoast-schema-graph\">{\"@context\":\"https:\\\/\\\/schema.org\",\"@graph\":[{\"@type\":\"WebPage\",\"@id\":\"https:\\\/\\\/armurerie-richert.ch\\\/de\\\/produit\\\/geissele-sd-3g-abzug-fuer-ar15\\\/\",\"url\":\"https:\\\/\\\/armurerie-richert.ch\\\/de\\\/produit\\\/geissele-sd-3g-abzug-fuer-ar15\\\/\",\"name\":\"GEISSELE SD-3G Abzug f\u00fcr AR15 - Armurerie Richert\",\"isPartOf\":{\"@id\":\"https:\\\/\\\/armurerie-richert.ch\\\/de\\\/#website\"},\"primaryImageOfPage\":{\"@id\":\"https:\\\/\\\/armurerie-richert.ch\\\/de\\\/produit\\\/geissele-sd-3g-abzug-fuer-ar15\\\/#primaryimage\"},\"image\":{\"@id\":\"https:\\\/\\\/armurerie-richert.ch\\\/de\\\/produit\\\/geissele-sd-3g-abzug-fuer-ar15\\\/#primaryimage\"},\"thumbnailUrl\":\"https:\\\/\\\/armurerie-richert.ch\\\/wp-content\\\/uploads\\\/2023\\\/11\\\/geissele-super-dynamic-3-gun-sd-3g-trigger-1.jpg\",\"datePublished\":\"2023-11-05T13:27:10+00:00\",\"description\":\"Optimieren Sie Ihren AR15 mit dem GEISSELE SD-3G Abzug und seiner flachen Form. Verbessern Sie Ihr Schusserlebnis mit diesem hochwertigen Abzug!\",\"breadcrumb\":{\"@id\":\"https:\\\/\\\/armurerie-richert.ch\\\/de\\\/produit\\\/geissele-sd-3g-abzug-fuer-ar15\\\/#breadcrumb\"},\"inLanguage\":\"de\",\"potentialAction\":[{\"@type\":\"ReadAction\",\"target\":[\"https:\\\/\\\/armurerie-richert.ch\\\/de\\\/produit\\\/geissele-sd-3g-abzug-fuer-ar15\\\/\"]}]},{\"@type\":\"ImageObject\",\"inLanguage\":\"de\",\"@id\":\"https:\\\/\\\/armurerie-richert.ch\\\/de\\\/produit\\\/geissele-sd-3g-abzug-fuer-ar15\\\/#primaryimage\",\"url\":\"https:\\\/\\\/armurerie-richert.ch\\\/wp-content\\\/uploads\\\/2023\\\/11\\\/geissele-super-dynamic-3-gun-sd-3g-trigger-1.jpg\",\"contentUrl\":\"https:\\\/\\\/armurerie-richert.ch\\\/wp-content\\\/uploads\\\/2023\\\/11\\\/geissele-super-dynamic-3-gun-sd-3g-trigger-1.jpg\",\"width\":1018,\"height\":1018},{\"@type\":\"BreadcrumbList\",\"@id\":\"https:\\\/\\\/armurerie-richert.ch\\\/de\\\/produit\\\/geissele-sd-3g-abzug-fuer-ar15\\\/#breadcrumb\",\"itemListElement\":[{\"@type\":\"ListItem\",\"position\":1,\"name\":\"Accueil\",\"item\":\"https:\\\/\\\/armurerie-richert.ch\\\/de\\\/startseite\\\/\"},{\"@type\":\"ListItem\",\"position\":2,\"name\":\"Shop\",\"item\":\"https:\\\/\\\/armurerie-richert.ch\\\/de\\\/shop\\\/\"},{\"@type\":\"ListItem\",\"position\":3,\"name\":\"GEISSELE SD-3G Abzug f\u00fcr AR15\"}]},{\"@type\":\"WebSite\",\"@id\":\"https:\\\/\\\/armurerie-richert.ch\\\/de\\\/#website\",\"url\":\"https:\\\/\\\/armurerie-richert.ch\\\/de\\\/\",\"name\":\"Armurerie Richert\",\"description\":\"\",\"publisher\":{\"@id\":\"https:\\\/\\\/armurerie-richert.ch\\\/de\\\/#organization\"},\"potentialAction\":[{\"@type\":\"SearchAction\",\"target\":{\"@type\":\"EntryPoint\",\"urlTemplate\":\"https:\\\/\\\/armurerie-richert.ch\\\/de\\\/?s={search_term_string}\"},\"query-input\":{\"@type\":\"PropertyValueSpecification\",\"valueRequired\":true,\"valueName\":\"search_term_string\"}}],\"inLanguage\":\"de\"},{\"@type\":\"Organization\",\"@id\":\"https:\\\/\\\/armurerie-richert.ch\\\/de\\\/#organization\",\"name\":\"Armurerie Richert\",\"url\":\"https:\\\/\\\/armurerie-richert.ch\\\/de\\\/\",\"logo\":{\"@type\":\"ImageObject\",\"inLanguage\":\"de\",\"@id\":\"https:\\\/\\\/armurerie-richert.ch\\\/de\\\/#\\\/schema\\\/logo\\\/image\\\/\",\"url\":\"https:\\\/\\\/armurerie-richert.ch\\\/wp-content\\\/uploads\\\/2023\\\/11\\\/Armurerie-Richert-Logo-300px.png\",\"contentUrl\":\"https:\\\/\\\/armurerie-richert.ch\\\/wp-content\\\/uploads\\\/2023\\\/11\\\/Armurerie-Richert-Logo-300px.png\",\"width\":300,\"height\":73,\"caption\":\"Armurerie Richert\"},\"image\":{\"@id\":\"https:\\\/\\\/armurerie-richert.ch\\\/de\\\/#\\\/schema\\\/logo\\\/image\\\/\"},\"sameAs\":[\"https:\\\/\\\/www.facebook.com\\\/profile.php?id=100023920014088\"]}]}<\/script>\n<meta property=\"product:price:amount\" content=\"340.00\" \/>\n<meta property=\"product:price:currency\" content=\"CHF\" \/>\n<meta property=\"og:availability\" content=\"instock\" \/>\n<meta property=\"product:availability\" content=\"instock\" \/>\n<meta property=\"product:condition\" content=\"new\" \/>\n<!-- \/ Yoast SEO Premium plugin. -->","yoast_head_json":{"title":"GEISSELE SD-3G Abzug f\u00fcr AR15 - Armurerie Richert","description":"Optimieren Sie Ihren AR15 mit dem GEISSELE SD-3G Abzug und seiner flachen Form. Verbessern Sie Ihr Schusserlebnis mit diesem hochwertigen Abzug!","robots":{"index":"index","follow":"follow","max-snippet":"max-snippet:-1","max-image-preview":"max-image-preview:large","max-video-preview":"max-video-preview:-1"},"canonical":"https:\/\/armurerie-richert.ch\/de\/produit\/geissele-sd-3g-abzug-fuer-ar15\/","og_locale":"de_DE","og_type":"article","og_title":"GEISSELE SD-3G Abzug f\u00fcr AR15","og_description":"Optimieren Sie Ihren AR15 mit dem GEISSELE SD-3G Abzug und seiner flachen Form. Verbessern Sie Ihr Schusserlebnis mit diesem hochwertigen Abzug!","og_url":"https:\/\/armurerie-richert.ch\/de\/produit\/geissele-sd-3g-abzug-fuer-ar15\/","og_site_name":"Armurerie Richert","article_publisher":"https:\/\/www.facebook.com\/profile.php?id=100023920014088","og_image":[{"width":1018,"height":1018,"url":"https:\/\/armurerie-richert.ch\/wp-content\/uploads\/2023\/11\/geissele-super-dynamic-3-gun-sd-3g-trigger-1.jpg","type":"image\/jpeg"}],"twitter_card":"summary_large_image","twitter_misc":{"Preis":"&#67;&#72;&#70;&nbsp;340.00","Verf\u00fcgbarkeit":"Auf Lager"},"schema":{"@context":"https:\/\/schema.org","@graph":[{"@type":"WebPage","@id":"https:\/\/armurerie-richert.ch\/de\/produit\/geissele-sd-3g-abzug-fuer-ar15\/","url":"https:\/\/armurerie-richert.ch\/de\/produit\/geissele-sd-3g-abzug-fuer-ar15\/","name":"GEISSELE SD-3G Abzug f\u00fcr AR15 - Armurerie Richert","isPartOf":{"@id":"https:\/\/armurerie-richert.ch\/de\/#website"},"primaryImageOfPage":{"@id":"https:\/\/armurerie-richert.ch\/de\/produit\/geissele-sd-3g-abzug-fuer-ar15\/#primaryimage"},"image":{"@id":"https:\/\/armurerie-richert.ch\/de\/produit\/geissele-sd-3g-abzug-fuer-ar15\/#primaryimage"},"thumbnailUrl":"https:\/\/armurerie-richert.ch\/wp-content\/uploads\/2023\/11\/geissele-super-dynamic-3-gun-sd-3g-trigger-1.jpg","datePublished":"2023-11-05T13:27:10+00:00","description":"Optimieren Sie Ihren AR15 mit dem GEISSELE SD-3G Abzug und seiner flachen Form. Verbessern Sie Ihr Schusserlebnis mit diesem hochwertigen Abzug!","breadcrumb":{"@id":"https:\/\/armurerie-richert.ch\/de\/produit\/geissele-sd-3g-abzug-fuer-ar15\/#breadcrumb"},"inLanguage":"de","potentialAction":[{"@type":"ReadAction","target":["https:\/\/armurerie-richert.ch\/de\/produit\/geissele-sd-3g-abzug-fuer-ar15\/"]}]},{"@type":"ImageObject","inLanguage":"de","@id":"https:\/\/armurerie-richert.ch\/de\/produit\/geissele-sd-3g-abzug-fuer-ar15\/#primaryimage","url":"https:\/\/armurerie-richert.ch\/wp-content\/uploads\/2023\/11\/geissele-super-dynamic-3-gun-sd-3g-trigger-1.jpg","contentUrl":"https:\/\/armurerie-richert.ch\/wp-content\/uploads\/2023\/11\/geissele-super-dynamic-3-gun-sd-3g-trigger-1.jpg","width":1018,"height":1018},{"@type":"BreadcrumbList","@id":"https:\/\/armurerie-richert.ch\/de\/produit\/geissele-sd-3g-abzug-fuer-ar15\/#breadcrumb","itemListElement":[{"@type":"ListItem","position":1,"name":"Accueil","item":"https:\/\/armurerie-richert.ch\/de\/startseite\/"},{"@type":"ListItem","position":2,"name":"Shop","item":"https:\/\/armurerie-richert.ch\/de\/shop\/"},{"@type":"ListItem","position":3,"name":"GEISSELE SD-3G Abzug f\u00fcr AR15"}]},{"@type":"WebSite","@id":"https:\/\/armurerie-richert.ch\/de\/#website","url":"https:\/\/armurerie-richert.ch\/de\/","name":"Armurerie Richert","description":"","publisher":{"@id":"https:\/\/armurerie-richert.ch\/de\/#organization"},"potentialAction":[{"@type":"SearchAction","target":{"@type":"EntryPoint","urlTemplate":"https:\/\/armurerie-richert.ch\/de\/?s={search_term_string}"},"query-input":{"@type":"PropertyValueSpecification","valueRequired":true,"valueName":"search_term_string"}}],"inLanguage":"de"},{"@type":"Organization","@id":"https:\/\/armurerie-richert.ch\/de\/#organization","name":"Armurerie Richert","url":"https:\/\/armurerie-richert.ch\/de\/","logo":{"@type":"ImageObject","inLanguage":"de","@id":"https:\/\/armurerie-richert.ch\/de\/#\/schema\/logo\/image\/","url":"https:\/\/armurerie-richert.ch\/wp-content\/uploads\/2023\/11\/Armurerie-Richert-Logo-300px.png","contentUrl":"https:\/\/armurerie-richert.ch\/wp-content\/uploads\/2023\/11\/Armurerie-Richert-Logo-300px.png","width":300,"height":73,"caption":"Armurerie Richert"},"image":{"@id":"https:\/\/armurerie-richert.ch\/de\/#\/schema\/logo\/image\/"},"sameAs":["https:\/\/www.facebook.com\/profile.php?id=100023920014088"]}]},"product_price_amount":"340.00","product_price_currency":"CHF","og_availability":"instock","product_availability":"instock","product_condition":"new"},"_links":{"self":[{"href":"https:\/\/armurerie-richert.ch\/de\/wp-json\/wp\/v2\/product\/35456","targetHints":{"allow":["GET"]}}],"collection":[{"href":"https:\/\/armurerie-richert.ch\/de\/wp-json\/wp\/v2\/product"}],"about":[{"href":"https:\/\/armurerie-richert.ch\/de\/wp-json\/wp\/v2\/types\/product"}],"wp:featuredmedia":[{"embeddable":true,"href":"https:\/\/armurerie-richert.ch\/de\/wp-json\/wp\/v2\/media\/32413"}],"wp:attachment":[{"href":"https:\/\/armurerie-richert.ch\/de\/wp-json\/wp\/v2\/media?parent=35456"}],"wp:term":[{"taxonomy":"product_brand","embeddable":true,"href":"https:\/\/armurerie-richert.ch\/de\/wp-json\/wp\/v2\/product_brand?post=35456"},{"taxonomy":"product_cat","embeddable":true,"href":"https:\/\/armurerie-richert.ch\/de\/wp-json\/wp\/v2\/product_cat?post=35456"},{"taxonomy":"product_tag","embeddable":true,"href":"https:\/\/armurerie-richert.ch\/de\/wp-json\/wp\/v2\/product_tag?post=35456"}],"curies":[{"name":"wp","href":"https:\/\/api.w.org\/{rel}","templated":true}]}}