{"id":35457,"date":"2023-11-05T14:08:34","date_gmt":"2023-11-05T13:08:34","guid":{"rendered":"https:\/\/armurerie-richert.ch\/produit\/aktiver-gehoerschutz-eartune-hunt\/"},"modified":"2023-11-05T14:08:34","modified_gmt":"2023-11-05T13:08:34","slug":"aktiver-gehoerschutz-eartune-hunt","status":"publish","type":"product","link":"https:\/\/armurerie-richert.ch\/de\/produit\/aktiver-gehoerschutz-eartune-hunt\/","title":{"rendered":"Aktiver Geh\u00f6rschutz EARTUNE Hunt"},"content":{"rendered":"<h3>Aktiver Geh\u00f6rschutz EARTUNE Hunt<\/h3>\n<p><strong>Ambient Awareness<\/strong><br \/>\nDie Eartune Hunt electronic shooter Ohrstecker verst\u00e4rken die Umgebungsger\u00e4usche, so dass Sie leichter h\u00f6ren k\u00f6nnen, was um Sie herum passiert und sich mit anderen unterhalten k\u00f6nnen, w\u00e4hrend die Ohrstecker eingesteckt sind. <strong>2-level Adjustable Ambient Gain<\/strong><br \/>\nSie k\u00f6nnen den Verst\u00e4rkungsgrad entsprechend Ihren pers\u00f6nlichen Vorlieben und der Umgebung anpassen. Sie k\u00f6nnen auch die Verst\u00e4rkung ausschalten und die Eartune Hunt als passive Ohrst\u00f6psel mit NRR 22dB verwenden. <strong>Schutz vor Impulsl\u00e4rm<\/strong><br \/>\nDer Eartune Hunt sch\u00fctzt das Geh\u00f6r vor Feuer, Artillerieger\u00e4uschen, Explosionen und \u00e4hnlichen Impulsger\u00e4uschen von Nagelpistolen, Drop Hammers und Nieten. Das Ger\u00e4t wurde entwickelt, um Ger\u00e4usche \u00fcber 85dB mit Hilfe eines eingebauten Mikrofons und einer fortschrittlichen Audioverarbeitung elektronisch zu unterdr\u00fccken. 1ms Abschaltverz\u00f6gerung erm\u00f6glicht einen sofortigen und zuverl\u00e4ssigen Geh\u00f6rschutz gegen Impulsl\u00e4rm. <strong>IPX4 Sweat-proof Design<\/strong><br \/>\nThe Eartune Hunt is designed to withstand sweat and light snow \/ rain, perfect for outdoor use in hunting, gun range and construction. <strong>Wide Universal-fit<\/strong><br \/>\nDie Ohrstecker sitzen einfach in Ihrem Geh\u00f6rgang ohne Druckstellen im Vergleich zu den herk\u00f6mmlichen universellen Ohrsteckern. Dies bietet maximalen Komfort bei stundenlangem Gebrauch, ideal f\u00fcr den Innen- und Au\u00dfengebrauch w\u00e4hrend der Reise. <strong>All Day Battery Life<\/strong><br \/>\nDer Eartune Hunt kann mit seinem Ladeger\u00e4t bis zu 20 Stunden lang ganzt\u00e4gig verwendet werden. Eine einzige Ladung des Ohrsteckers reicht f\u00fcr 5 Stunden ununterbrochenen Betrieb. In Kombination mit dem Schnellladeger\u00e4t ist der Eartune Hunt Ihr idealer, tragbarer, ganzt\u00e4giger elektronischer Geh\u00f6rschutz. <strong>Unterst\u00fctzt Wireless Charging<\/strong><br \/>\nDer Eartune Hunt unterst\u00fctzt Wireless Charging \u00fcber Qi-standard Wireless Chargers. In Kombination mit dem USB-C-Anschluss zum schnellen Aufladen ist der Eartune Hunt eine frische Brise, die Sie nicht im Stich l\u00e4sst.<\/p>\n<h3>SPECIFICATION<\/h3>\n<ul>\n<li><strong>NRR<\/strong> 22 dB<\/li>\n<li><strong>Impulskompression<\/strong> 85 dB @ 1 ms<\/li>\n<li>Omni-direktionales <strong>Mikrofon<\/strong> <\/li>\n<li><strong>Transparenzverst\u00e4rkung (hoch)<\/strong> 28 dB<\/li>\n<li><strong>Transparenzverst\u00e4rkung (low) <\/strong>15 dB<\/li>\n<li><strong>Batterielebensdauer (Ohrstecker)<\/strong> 5 Stunden<\/li>\n<li><strong>Batterielebensdauer (w\/ case)<\/strong> 20 Stunden<\/li>\n<li><strong>Ladezeit (Ohrstecker)<\/strong> 1.5 Stunden<\/li>\n<li><strong>Ladezeit (Fall)<\/strong> 1.5 Stunden<\/li>\n<li><strong>USB-C-Eingangsport<\/strong> <\/li>\n<li><strong>Wireless charging<\/strong> Supported<\/li>\n<\/ul>\n<p>&nbsp;<\/p>\n<h3>WAS IST INBEGRIFFEN<\/h3>\n<ul>\n<li>1 Paar Eartune Hunt Ohrstecker<\/li>\n<li>1 Eartune Hunt charging case<\/li>\n<li>4 Paar Eartune Fidelity U Ohrst\u00f6psel (XS\/S\/M\/L)<\/li>\n<li>3 Paar Memory-Foam-Ohrstecker<\/li>\n<li>1 USB-C Ladekabel<\/li>\n<\/ul>\n","protected":false},"excerpt":{"rendered":"<p><strong>Ambient Awareness<\/strong><br \/>\nDie Eartune Hunt electronic shooter Ohrstecker verst\u00e4rken die Umgebungsger\u00e4usche, so dass Sie leichter h\u00f6ren k\u00f6nnen, was um Sie herum passiert und sich mit anderen unterhalten k\u00f6nnen, w\u00e4hrend die Ohrstecker eingesteckt sind. <strong>2-level Adjustable Ambient Gain<\/strong><br \/>\nSie k\u00f6nnen den Verst\u00e4rkungsgrad entsprechend Ihren pers\u00f6nlichen Vorlieben und der Umgebung anpassen. Sie k\u00f6nnen auch die Verst\u00e4rkung ausschalten und die Eartune Hunt als passive Ohrst\u00f6psel mit NRR 22dB verwenden. <strong>Schutz vor Impulsl\u00e4rm<\/strong><br \/>\nDer Eartune Hunt sch\u00fctzt das Geh\u00f6r vor Feuer, Artillerieger\u00e4uschen, Explosionen und \u00e4hnlichen Impulsger\u00e4uschen von Nagelpistolen, Drop Hammers und Nieten. Das Ger\u00e4t wurde entwickelt, um Ger\u00e4usche \u00fcber 85dB mit Hilfe eines eingebauten Mikrofons und einer fortschrittlichen Audioverarbeitung elektronisch zu unterdr\u00fccken. 1ms Abschaltverz\u00f6gerung erm\u00f6glicht einen sofortigen und zuverl\u00e4ssigen Geh\u00f6rschutz gegen Impulsl\u00e4rm. <strong>IPX4 Sweat-proof Design<\/strong><br \/>\nThe Eartune Hunt is designed to withstand sweat and light snow \/ rain, perfect for outdoor use in hunting, gun range and construction. <strong>Wide Universal-fit<\/strong><br \/>\nDie Ohrstecker sitzen einfach in Ihrem Geh\u00f6rgang ohne Druckstellen im Vergleich zu den herk\u00f6mmlichen universellen Ohrsteckern. Dies bietet maximalen Komfort bei stundenlangem Gebrauch, ideal f\u00fcr den Innen- und Au\u00dfengebrauch w\u00e4hrend der Reise. <strong>All Day Battery Life<\/strong><br \/>\nDer Eartune Hunt kann mit seinem Ladeger\u00e4t bis zu 20 Stunden lang ganzt\u00e4gig verwendet werden. Eine einzige Ladung des Ohrsteckers reicht f\u00fcr 5 Stunden ununterbrochenen Betrieb. In Kombination mit dem Schnellladeger\u00e4t ist der Eartune Hunt Ihr idealer, tragbarer, ganzt\u00e4giger elektronischer Geh\u00f6rschutz. <strong>Unterst\u00fctzt Wireless Charging<\/strong><br \/>\nDer Eartune Hunt unterst\u00fctzt Wireless Charging \u00fcber Qi-standard Wireless Chargers. In Kombination mit dem USB-C-Anschluss zum schnellen Aufladen ist der Eartune Hunt eine frische Brise, die Sie nicht im Stich l\u00e4sst.<\/p>\n<h3>SPECIFICATION<\/h3>\n<ul>\n<li><strong>NRR<\/strong> 22 dB<\/li>\n<li><strong>Impulskompression<\/strong> 85 dB @ 1 ms<\/li>\n<li>Omni-direktionales <strong>Mikrofon<\/strong> <\/li>\n<li><strong>Transparenzverst\u00e4rkung (hoch)<\/strong> 28 dB<\/li>\n<li><strong>Transparenzverst\u00e4rkung (low) <\/strong>15 dB<\/li>\n<li><strong>Batterielebensdauer (Ohrstecker)<\/strong> 5 Stunden<\/li>\n<li><strong>Batterielebensdauer (w\/ case)<\/strong> 20 Stunden<\/li>\n<li><strong>Ladezeit (Ohrstecker)<\/strong> 1.5 Stunden<\/li>\n<li><strong>Ladezeit (Fall)<\/strong> 1,5 Stunden<\/li>\n<li><strong>USB-C-Eingangsport<\/strong> <\/li>\n<li><strong>Wireless charging<\/strong> Supported<\/li>\n<\/ul>\n<p>&nbsp;<\/p>\n<h3>WAS IST INBEGRIFFEN<\/h3>\n<ul>\n<li>1 Paar Eartune Hunt Ohrstecker<\/li>\n<li>1 Eartune Hunt charging case<\/li>\n<li>4 Paar Eartune Fidelity U Ohrst\u00f6psel (XS\/S\/M\/L)<\/li>\n<li>3 Paar Memory-Foam-Ohrstecker<\/li>\n<li>1 USB-C Ladekabel<\/li>\n<\/ul>\n","protected":false},"featured_media":32391,"template":"","meta":{"_et_pb_use_builder":"","_et_pb_old_content":"","_et_gb_content_width":""},"product_brand":[],"product_cat":[69,65],"product_tag":[],"class_list":{"0":"post-35457","1":"product","2":"type-product","3":"status-publish","4":"has-post-thumbnail","6":"product_cat-sonstiges-zubehor","7":"product_cat-zubehor-und-optik","9":"first","10":"instock","11":"shipping-taxable","12":"purchasable","13":"product-type-simple"},"yoast_head":"<!-- This site is optimized with the Yoast SEO Premium plugin v24.7 (Yoast SEO v27.5) - https:\/\/yoast.com\/product\/yoast-seo-premium-wordpress\/ -->\n<title>Aktiver Geh\u00f6rschutz EARTUNE Hunt - Armurerie Richert<\/title>\n<meta name=\"description\" content=\"Verst\u00e4rken Sie Ihre Sinne w\u00e4hrend der Jagd mit dem aktiven Geh\u00f6rschutz EARTUNE Hunt. Bleiben Sie mit der Umwelt verbunden, w\u00e4hrend Sie Ihr Geh\u00f6r sch\u00fctzen. \ud83c\udf43\" \/>\n<meta name=\"robots\" content=\"index, follow, max-snippet:-1, max-image-preview:large, max-video-preview:-1\" \/>\n<link rel=\"canonical\" href=\"https:\/\/armurerie-richert.ch\/de\/produit\/aktiver-gehoerschutz-eartune-hunt\/\" \/>\n<meta property=\"og:locale\" content=\"de_DE\" \/>\n<meta property=\"og:type\" content=\"article\" \/>\n<meta property=\"og:title\" content=\"Aktiver Geh\u00f6rschutz EARTUNE Hunt\" \/>\n<meta property=\"og:description\" content=\"Verst\u00e4rken Sie Ihre Sinne w\u00e4hrend der Jagd mit dem aktiven Geh\u00f6rschutz EARTUNE Hunt. Bleiben Sie mit der Umwelt verbunden, w\u00e4hrend Sie Ihr Geh\u00f6r sch\u00fctzen. \ud83c\udf43\" \/>\n<meta property=\"og:url\" content=\"https:\/\/armurerie-richert.ch\/de\/produit\/aktiver-gehoerschutz-eartune-hunt\/\" \/>\n<meta property=\"og:site_name\" content=\"Armurerie Richert\" \/>\n<meta property=\"article:publisher\" content=\"https:\/\/www.facebook.com\/profile.php?id=100023920014088\" \/>\n<meta property=\"og:image\" content=\"https:\/\/armurerie-richert.ch\/wp-content\/uploads\/2023\/11\/eartune_hunt_website_blk_01_900x.jpg\" \/>\n\t<meta property=\"og:image:width\" content=\"900\" \/>\n\t<meta property=\"og:image:height\" content=\"900\" \/>\n\t<meta property=\"og:image:type\" content=\"image\/jpeg\" \/>\n<meta name=\"twitter:card\" content=\"summary_large_image\" \/>\n<meta name=\"twitter:label1\" content=\"Preis\" \/>\n\t<meta name=\"twitter:data1\" content=\"&#067;&#072;&#070;&nbsp;140.00\" \/>\n\t<meta name=\"twitter:label2\" content=\"Verf\u00fcgbarkeit\" \/>\n\t<meta name=\"twitter:data2\" content=\"Auf Lager\" \/>\n<script type=\"application\/ld+json\" class=\"yoast-schema-graph\">{\"@context\":\"https:\\\/\\\/schema.org\",\"@graph\":[{\"@type\":\"WebPage\",\"@id\":\"https:\\\/\\\/armurerie-richert.ch\\\/de\\\/produit\\\/aktiver-gehoerschutz-eartune-hunt\\\/\",\"url\":\"https:\\\/\\\/armurerie-richert.ch\\\/de\\\/produit\\\/aktiver-gehoerschutz-eartune-hunt\\\/\",\"name\":\"Aktiver Geh\u00f6rschutz EARTUNE Hunt - Armurerie Richert\",\"isPartOf\":{\"@id\":\"https:\\\/\\\/armurerie-richert.ch\\\/de\\\/#website\"},\"primaryImageOfPage\":{\"@id\":\"https:\\\/\\\/armurerie-richert.ch\\\/de\\\/produit\\\/aktiver-gehoerschutz-eartune-hunt\\\/#primaryimage\"},\"image\":{\"@id\":\"https:\\\/\\\/armurerie-richert.ch\\\/de\\\/produit\\\/aktiver-gehoerschutz-eartune-hunt\\\/#primaryimage\"},\"thumbnailUrl\":\"https:\\\/\\\/armurerie-richert.ch\\\/wp-content\\\/uploads\\\/2023\\\/11\\\/eartune_hunt_website_blk_01_900x.jpg\",\"datePublished\":\"2023-11-05T13:08:34+00:00\",\"description\":\"Verst\u00e4rken Sie Ihre Sinne w\u00e4hrend der Jagd mit dem aktiven Geh\u00f6rschutz EARTUNE Hunt. Bleiben Sie mit der Umwelt verbunden, w\u00e4hrend Sie Ihr Geh\u00f6r sch\u00fctzen. \ud83c\udf43\",\"breadcrumb\":{\"@id\":\"https:\\\/\\\/armurerie-richert.ch\\\/de\\\/produit\\\/aktiver-gehoerschutz-eartune-hunt\\\/#breadcrumb\"},\"inLanguage\":\"de\",\"potentialAction\":[{\"@type\":\"ReadAction\",\"target\":[\"https:\\\/\\\/armurerie-richert.ch\\\/de\\\/produit\\\/aktiver-gehoerschutz-eartune-hunt\\\/\"]}]},{\"@type\":\"ImageObject\",\"inLanguage\":\"de\",\"@id\":\"https:\\\/\\\/armurerie-richert.ch\\\/de\\\/produit\\\/aktiver-gehoerschutz-eartune-hunt\\\/#primaryimage\",\"url\":\"https:\\\/\\\/armurerie-richert.ch\\\/wp-content\\\/uploads\\\/2023\\\/11\\\/eartune_hunt_website_blk_01_900x.jpg\",\"contentUrl\":\"https:\\\/\\\/armurerie-richert.ch\\\/wp-content\\\/uploads\\\/2023\\\/11\\\/eartune_hunt_website_blk_01_900x.jpg\",\"width\":900,\"height\":900},{\"@type\":\"BreadcrumbList\",\"@id\":\"https:\\\/\\\/armurerie-richert.ch\\\/de\\\/produit\\\/aktiver-gehoerschutz-eartune-hunt\\\/#breadcrumb\",\"itemListElement\":[{\"@type\":\"ListItem\",\"position\":1,\"name\":\"Accueil\",\"item\":\"https:\\\/\\\/armurerie-richert.ch\\\/de\\\/startseite\\\/\"},{\"@type\":\"ListItem\",\"position\":2,\"name\":\"Shop\",\"item\":\"https:\\\/\\\/armurerie-richert.ch\\\/de\\\/shop\\\/\"},{\"@type\":\"ListItem\",\"position\":3,\"name\":\"Aktiver Geh\u00f6rschutz EARTUNE Hunt\"}]},{\"@type\":\"WebSite\",\"@id\":\"https:\\\/\\\/armurerie-richert.ch\\\/de\\\/#website\",\"url\":\"https:\\\/\\\/armurerie-richert.ch\\\/de\\\/\",\"name\":\"Armurerie Richert\",\"description\":\"\",\"publisher\":{\"@id\":\"https:\\\/\\\/armurerie-richert.ch\\\/de\\\/#organization\"},\"potentialAction\":[{\"@type\":\"SearchAction\",\"target\":{\"@type\":\"EntryPoint\",\"urlTemplate\":\"https:\\\/\\\/armurerie-richert.ch\\\/de\\\/?s={search_term_string}\"},\"query-input\":{\"@type\":\"PropertyValueSpecification\",\"valueRequired\":true,\"valueName\":\"search_term_string\"}}],\"inLanguage\":\"de\"},{\"@type\":\"Organization\",\"@id\":\"https:\\\/\\\/armurerie-richert.ch\\\/de\\\/#organization\",\"name\":\"Armurerie Richert\",\"url\":\"https:\\\/\\\/armurerie-richert.ch\\\/de\\\/\",\"logo\":{\"@type\":\"ImageObject\",\"inLanguage\":\"de\",\"@id\":\"https:\\\/\\\/armurerie-richert.ch\\\/de\\\/#\\\/schema\\\/logo\\\/image\\\/\",\"url\":\"https:\\\/\\\/armurerie-richert.ch\\\/wp-content\\\/uploads\\\/2023\\\/11\\\/Armurerie-Richert-Logo-300px.png\",\"contentUrl\":\"https:\\\/\\\/armurerie-richert.ch\\\/wp-content\\\/uploads\\\/2023\\\/11\\\/Armurerie-Richert-Logo-300px.png\",\"width\":300,\"height\":73,\"caption\":\"Armurerie Richert\"},\"image\":{\"@id\":\"https:\\\/\\\/armurerie-richert.ch\\\/de\\\/#\\\/schema\\\/logo\\\/image\\\/\"},\"sameAs\":[\"https:\\\/\\\/www.facebook.com\\\/profile.php?id=100023920014088\"]}]}<\/script>\n<meta property=\"product:price:amount\" content=\"140.00\" \/>\n<meta property=\"product:price:currency\" content=\"CHF\" \/>\n<meta property=\"og:availability\" content=\"instock\" \/>\n<meta property=\"product:availability\" content=\"instock\" \/>\n<meta property=\"product:condition\" content=\"new\" \/>\n<!-- \/ Yoast SEO Premium plugin. -->","yoast_head_json":{"title":"Aktiver Geh\u00f6rschutz EARTUNE Hunt - Armurerie Richert","description":"Verst\u00e4rken Sie Ihre Sinne w\u00e4hrend der Jagd mit dem aktiven Geh\u00f6rschutz EARTUNE Hunt. Bleiben Sie mit der Umwelt verbunden, w\u00e4hrend Sie Ihr Geh\u00f6r sch\u00fctzen. \ud83c\udf43","robots":{"index":"index","follow":"follow","max-snippet":"max-snippet:-1","max-image-preview":"max-image-preview:large","max-video-preview":"max-video-preview:-1"},"canonical":"https:\/\/armurerie-richert.ch\/de\/produit\/aktiver-gehoerschutz-eartune-hunt\/","og_locale":"de_DE","og_type":"article","og_title":"Aktiver Geh\u00f6rschutz EARTUNE Hunt","og_description":"Verst\u00e4rken Sie Ihre Sinne w\u00e4hrend der Jagd mit dem aktiven Geh\u00f6rschutz EARTUNE Hunt. Bleiben Sie mit der Umwelt verbunden, w\u00e4hrend Sie Ihr Geh\u00f6r sch\u00fctzen. \ud83c\udf43","og_url":"https:\/\/armurerie-richert.ch\/de\/produit\/aktiver-gehoerschutz-eartune-hunt\/","og_site_name":"Armurerie Richert","article_publisher":"https:\/\/www.facebook.com\/profile.php?id=100023920014088","og_image":[{"width":900,"height":900,"url":"https:\/\/armurerie-richert.ch\/wp-content\/uploads\/2023\/11\/eartune_hunt_website_blk_01_900x.jpg","type":"image\/jpeg"}],"twitter_card":"summary_large_image","twitter_misc":{"Preis":"&#67;&#72;&#70;&nbsp;140.00","Verf\u00fcgbarkeit":"Auf Lager"},"schema":{"@context":"https:\/\/schema.org","@graph":[{"@type":"WebPage","@id":"https:\/\/armurerie-richert.ch\/de\/produit\/aktiver-gehoerschutz-eartune-hunt\/","url":"https:\/\/armurerie-richert.ch\/de\/produit\/aktiver-gehoerschutz-eartune-hunt\/","name":"Aktiver Geh\u00f6rschutz EARTUNE Hunt - Armurerie Richert","isPartOf":{"@id":"https:\/\/armurerie-richert.ch\/de\/#website"},"primaryImageOfPage":{"@id":"https:\/\/armurerie-richert.ch\/de\/produit\/aktiver-gehoerschutz-eartune-hunt\/#primaryimage"},"image":{"@id":"https:\/\/armurerie-richert.ch\/de\/produit\/aktiver-gehoerschutz-eartune-hunt\/#primaryimage"},"thumbnailUrl":"https:\/\/armurerie-richert.ch\/wp-content\/uploads\/2023\/11\/eartune_hunt_website_blk_01_900x.jpg","datePublished":"2023-11-05T13:08:34+00:00","description":"Verst\u00e4rken Sie Ihre Sinne w\u00e4hrend der Jagd mit dem aktiven Geh\u00f6rschutz EARTUNE Hunt. Bleiben Sie mit der Umwelt verbunden, w\u00e4hrend Sie Ihr Geh\u00f6r sch\u00fctzen. \ud83c\udf43","breadcrumb":{"@id":"https:\/\/armurerie-richert.ch\/de\/produit\/aktiver-gehoerschutz-eartune-hunt\/#breadcrumb"},"inLanguage":"de","potentialAction":[{"@type":"ReadAction","target":["https:\/\/armurerie-richert.ch\/de\/produit\/aktiver-gehoerschutz-eartune-hunt\/"]}]},{"@type":"ImageObject","inLanguage":"de","@id":"https:\/\/armurerie-richert.ch\/de\/produit\/aktiver-gehoerschutz-eartune-hunt\/#primaryimage","url":"https:\/\/armurerie-richert.ch\/wp-content\/uploads\/2023\/11\/eartune_hunt_website_blk_01_900x.jpg","contentUrl":"https:\/\/armurerie-richert.ch\/wp-content\/uploads\/2023\/11\/eartune_hunt_website_blk_01_900x.jpg","width":900,"height":900},{"@type":"BreadcrumbList","@id":"https:\/\/armurerie-richert.ch\/de\/produit\/aktiver-gehoerschutz-eartune-hunt\/#breadcrumb","itemListElement":[{"@type":"ListItem","position":1,"name":"Accueil","item":"https:\/\/armurerie-richert.ch\/de\/startseite\/"},{"@type":"ListItem","position":2,"name":"Shop","item":"https:\/\/armurerie-richert.ch\/de\/shop\/"},{"@type":"ListItem","position":3,"name":"Aktiver Geh\u00f6rschutz EARTUNE Hunt"}]},{"@type":"WebSite","@id":"https:\/\/armurerie-richert.ch\/de\/#website","url":"https:\/\/armurerie-richert.ch\/de\/","name":"Armurerie Richert","description":"","publisher":{"@id":"https:\/\/armurerie-richert.ch\/de\/#organization"},"potentialAction":[{"@type":"SearchAction","target":{"@type":"EntryPoint","urlTemplate":"https:\/\/armurerie-richert.ch\/de\/?s={search_term_string}"},"query-input":{"@type":"PropertyValueSpecification","valueRequired":true,"valueName":"search_term_string"}}],"inLanguage":"de"},{"@type":"Organization","@id":"https:\/\/armurerie-richert.ch\/de\/#organization","name":"Armurerie Richert","url":"https:\/\/armurerie-richert.ch\/de\/","logo":{"@type":"ImageObject","inLanguage":"de","@id":"https:\/\/armurerie-richert.ch\/de\/#\/schema\/logo\/image\/","url":"https:\/\/armurerie-richert.ch\/wp-content\/uploads\/2023\/11\/Armurerie-Richert-Logo-300px.png","contentUrl":"https:\/\/armurerie-richert.ch\/wp-content\/uploads\/2023\/11\/Armurerie-Richert-Logo-300px.png","width":300,"height":73,"caption":"Armurerie Richert"},"image":{"@id":"https:\/\/armurerie-richert.ch\/de\/#\/schema\/logo\/image\/"},"sameAs":["https:\/\/www.facebook.com\/profile.php?id=100023920014088"]}]},"product_price_amount":"140.00","product_price_currency":"CHF","og_availability":"instock","product_availability":"instock","product_condition":"new"},"_links":{"self":[{"href":"https:\/\/armurerie-richert.ch\/de\/wp-json\/wp\/v2\/product\/35457","targetHints":{"allow":["GET"]}}],"collection":[{"href":"https:\/\/armurerie-richert.ch\/de\/wp-json\/wp\/v2\/product"}],"about":[{"href":"https:\/\/armurerie-richert.ch\/de\/wp-json\/wp\/v2\/types\/product"}],"wp:featuredmedia":[{"embeddable":true,"href":"https:\/\/armurerie-richert.ch\/de\/wp-json\/wp\/v2\/media\/32391"}],"wp:attachment":[{"href":"https:\/\/armurerie-richert.ch\/de\/wp-json\/wp\/v2\/media?parent=35457"}],"wp:term":[{"taxonomy":"product_brand","embeddable":true,"href":"https:\/\/armurerie-richert.ch\/de\/wp-json\/wp\/v2\/product_brand?post=35457"},{"taxonomy":"product_cat","embeddable":true,"href":"https:\/\/armurerie-richert.ch\/de\/wp-json\/wp\/v2\/product_cat?post=35457"},{"taxonomy":"product_tag","embeddable":true,"href":"https:\/\/armurerie-richert.ch\/de\/wp-json\/wp\/v2\/product_tag?post=35457"}],"curies":[{"name":"wp","href":"https:\/\/api.w.org\/{rel}","templated":true}]}}