{"id":35459,"date":"2023-11-05T13:49:17","date_gmt":"2023-11-05T12:49:17","guid":{"rendered":"https:\/\/armurerie-richert.ch\/produit\/cloud-defensive-rein-micro-3-0\/"},"modified":"2023-11-05T13:49:17","modified_gmt":"2023-11-05T12:49:17","slug":"cloud-defensive-rein-micro-3-0","status":"publish","type":"product","link":"https:\/\/armurerie-richert.ch\/de\/produit\/cloud-defensive-rein-micro-3-0\/","title":{"rendered":"CLOUD DEFENSIVE Rein Micro 3.0"},"content":{"rendered":"<h3>CLOUD DEFENSIVE Rein Micro 3.0<\/h3>\n<p>Ein Durchschnittswert von 95,000 Candela in der Micro-Size-Konfiguration bedeutet einen seismischen Sprung in der F\u00e4higkeit des Benutzers. Dies bedeutet mehr Licht auf Ziel, besseres Situationsbewusstsein und verbesserte \u00dcberlebensf\u00e4higkeit. Laufzeitstandards gem\u00e4\u00df ANSI\/PLATO-FL1 stellen sicher, dass Ihr Licht so lange funktioniert, wie Sie es ben\u00f6tigen. Aufgrund der verbesserten thermischen Upgrades kann der REIN Mikro-Lichtkopf NICHT auf allen MCH-Leuchten verwendet werden. Der Leuchtenkopf wird einfach zu hei\u00df, was zu Sch\u00e4den an den elektrischen Komponenten f\u00fchren kann.    <\/p>\n<ul>\n<li>Laufzeitstandard nach ANSI\/PLATO-FL1 = 40 Minuten f\u00fcr den Mikro-REIN. Der ANSI\/PLATO-FL1-Standard f\u00fcr die Laufzeit ist: Die Zeit, die vergeht, bis das Licht 10% seiner urspr\u00fcnglichen Leistung erreicht hat. <\/li>\n<\/ul>\n<p><strong>POWER:<\/strong><\/p>\n<ul>\n<li>Der REIN Mikro verwendet ein USA-made, state-of-the-art elektrisches System. Dadurch erhalten wir die Leistung, die Effizienz und die Laufzeit. <\/li>\n<li>Verwendet eine einzelne 18350-Batterie.<\/li>\n<li>Das REIN Mikro ist jetzt DUAL FUEL. Eine CR123A-Batterie ist jetzt erlaubt. Wenn Sie CR123A verwenden, m\u00fcssen Sie jedoch mit einer Leistungsminderung rechnen. Wir liefern eine 18350 Batterie mit dem REIN micro. Bitte beachten Sie, dass REIN micro mehrere Stunden lang ein brauchbares Licht erzeugen wird.    <\/li>\n<li>Akzeptiert ALLE gesch\u00fctzten und ungesch\u00fctzten 18350 Batterien. Nimmt Knopfzellen und flache Batterien auf. <\/li>\n<\/ul>\n<p><strong>DIMENSIONEN:<\/strong><\/p>\n<ul>\n<li>1.3&#8243; Beel-Durchmesser<\/li>\n<li>Unteres Montagekrug-H\u00f6henprofil<\/li>\n<li>REIN L\u00e4nge: 4.88\u2033.<\/li>\n<\/ul>\n<p><strong>WEIGHT:  <\/strong><\/p>\n<ul>\n<li>REIN Mikrogewicht mit Fernbedienung und Batterie: 5.41 oz<\/li>\n<\/ul>\n<p><strong>COMPATIBILITY:<\/strong><\/p>\n<p>REIN micro wird standardm\u00e4\u00dfig mit einer Torrent MLOK Inline geliefert. Cloud Defensive bietet eine komplette Reihe von Torrent-Mounts f\u00fcr unterschiedliche Montageanforderungen. REIN micro ist vollst\u00e4ndig kompatibel mit den bestehenden Scout Light\u00ae Mounts auf dem Markt.  <\/p>\n<h4><strong>REMOTE SWITCH:<\/strong><\/h4>\n<p>Der REIN-Schalter hat sich sowohl elektrisch als auch in Bezug auf die Haltbarkeit als gut erwiesen. Der Fernschalter ist elektrisch von dem Druckknopfschalter auf der Tailcap isoliert. Die Tail-Cap-Kartusche ist leicht austauschbar und erm\u00f6glicht ein &#8222;Clocking&#8220;, so dass Sie die Kabelbelastung minimieren k\u00f6nnen, ohne den Tail der Leuchte entfernen zu m\u00fcssen.  <\/p>\n<ul>\n<li>Momentan- und Konstant-On-Features.<\/li>\n<li>Integrierte Kabelsteuerung.<\/li>\n<li>Elektrisch isoliert<\/li>\n<\/ul>\n<p><strong>Features:<\/strong><\/p>\n<ul>\n<li>Modulares 3-teiliges Design. Mit einem modularen elektrischen System und einem Fernschalter ist REIN micro aufr\u00fcstbar, wenn weitere Generationen ver\u00f6ffentlicht werden. <\/li>\n<li>IPX-8 wasserdichtes Rating. Vollst\u00e4ndig tauchf\u00e4hig bis 100 ft f\u00fcr 24 Stunden. Inklusive Fernbedienungsschalter.  <\/li>\n<li>Ein starkes, klassenspezifisches Objektiv. Das Glas auf der REIN ist 3mm dick. Er kann mehrere Treffer von 5.56mm Simunition Runden auf Kontaktdistanz aufnehmen.  <\/li>\n<li>Patentierte Funktion Battery Jack. Damit k\u00f6nnen Sie die Batterie innerhalb des Systems richtig spannen, um einen Batteriesto\u00df zu vermeiden. Dies verl\u00e4ngert die Lebensdauer Ihres Systems und erh\u00f6ht die Zuverl\u00e4ssigkeit erheblich.  <\/li>\n<li>Das freiliegende Kabel f\u00fcr den Fernschalter ist 5&#8243; lang.<\/li>\n<li>Shockproof. Dustproof. Das haltbarste Waffenlicht, das je hergestellt wurde. Zeitraum.   <\/li>\n<\/ul>\n<p><strong>Spezifikationen:<\/strong><\/p>\n<ul>\n<li><strong>95,000 Candela<\/strong> peak beam intensity (With 18350)<\/li>\n<li>1000 Lumen Output (With 18350)<\/li>\n<li>40 Minuten Laufzeit (With 18350)<\/li>\n<li><strong>Dual-Fuel-F\u00e4higkeit<\/strong>.<\/li>\n<li>1.3&#8243; Bezel-Durchmesser &#8211; kleiner als der urspr\u00fcngliche REIN im Durchmesser.<\/li>\n<li>4.88&#8243; in der L\u00e4nge.<\/li>\n<li>Reduzierte H\u00f6he des Montagekrugs.<\/li>\n<\/ul>\n<p><strong>Inbegriffen:<\/strong><\/p>\n<ul>\n<li>1 REIN 3.0 Micro<\/li>\n<li>1 Fernschalter mit integriertem Druckknopf, Tail Cap Assembly<\/li>\n<li>2 LCS Seitenplatten mit Hardware<\/li>\n<li>1 Torrent MLOK Inline, mit allen Befestigungsmaterialien<\/li>\n<li>1 Cloud Defensive labeled Nitecore Charger<\/li>\n<li>1 18350 Batterie<\/li>\n<\/ul>\n","protected":false},"excerpt":{"rendered":"<p>Ein Durchschnitt von 95,000 Candela in der Micro-Size-Konfiguration bedeutet einen seismischen Sprung in der F\u00e4higkeit des Benutzers. Dies bedeutet mehr Licht auf Ziel, besseres Situationsbewusstsein und verbesserte \u00dcberlebensf\u00e4higkeit. Laufzeitstandards gem\u00e4\u00df ANSI\/PLATO-FL1 stellen sicher, dass Ihr Licht so lange funktioniert, wie Sie es ben\u00f6tigen. Aufgrund der verbesserten thermischen Upgrades kann der REIN Mikro-Lichtkopf NICHT auf allen MCH-Leuchten verwendet werden. Der Leuchtenkopf wird einfach zu hei\u00df, was zu Sch\u00e4den an den elektrischen Komponenten f\u00fchren kann.    <\/p>\n<ul>\n<li>Laufzeitstandard nach ANSI\/PLATO-FL1 = 40 Minuten f\u00fcr den Mikro-REIN. Der ANSI\/PLATO-FL1-Standard f\u00fcr die Laufzeit ist: Die Zeit, die vergeht, bis das Licht 10% seiner urspr\u00fcnglichen Leistung erreicht hat. <\/li>\n<\/ul>\n<p><strong>POWER:<\/strong><\/p>\n<ul>\n<li>Der REIN Mikro verwendet ein USA-made, state-of-the-art elektrisches System. Dadurch erhalten wir die Leistung, die Effizienz und die Laufzeit. <\/li>\n<li>Verwendet eine einzelne 18350-Batterie.<\/li>\n<li>Das REIN Mikro ist jetzt DUAL FUEL. Eine CR123A-Batterie ist jetzt erlaubt. Wenn Sie CR123A verwenden, m\u00fcssen Sie jedoch mit einer Leistungsminderung rechnen. Wir liefern eine 18350 Batterie mit dem REIN micro. Bitte beachten Sie, dass REIN micro mehrere Stunden lang ein brauchbares Licht erzeugen wird.    <\/li>\n<li>Akzeptiert ALLE gesch\u00fctzten und ungesch\u00fctzten 18350 Batterien. Nimmt Knopfzellen und flache Batterien auf. <\/li>\n<\/ul>\n<p><strong>DIMENSIONEN:<\/strong><\/p>\n<ul>\n<li>1.3&#8243; Beel-Durchmesser<\/li>\n<li>Unteres Montagekrug-H\u00f6henprofil<\/li>\n<li>REIN L\u00e4nge: 4.88\u2033.<\/li>\n<\/ul>\n<p><strong>WEIGHT:  <\/strong><\/p>\n<ul>\n<li>REIN Mikrogewicht mit Fernbedienung und Batterie: 5.41 oz<\/li>\n<\/ul>\n<p><strong>COMPATIBILITY:<\/strong><\/p>\n<p>REIN micro wird standardm\u00e4\u00dfig mit einer Torrent MLOK Inline geliefert. Cloud Defensive bietet eine komplette Reihe von Torrent-Mounts f\u00fcr unterschiedliche Montageanforderungen. REIN micro ist vollst\u00e4ndig kompatibel mit den bestehenden Scout Light\u00ae Mounts auf dem Markt.  <\/p>\n<h4><strong>REMOTE SWITCH:<\/strong><\/h4>\n<p>Der REIN-Schalter hat sich sowohl elektrisch als auch in Bezug auf die Haltbarkeit als gut erwiesen. Der Fernschalter ist elektrisch von dem Druckknopfschalter auf der Tailcap isoliert. Die Tail-Cap-Kartusche ist leicht austauschbar und erm\u00f6glicht ein &#8222;Clocking&#8220;, so dass Sie die Kabelbelastung minimieren k\u00f6nnen, ohne den Tail der Leuchte entfernen zu m\u00fcssen.  <\/p>\n<ul>\n<li>Momentan- und Konstant-On-Features.<\/li>\n<li>Integrierte Kabelsteuerung.<\/li>\n<li>Elektrisch isoliert<\/li>\n<\/ul>\n<p><strong>Features:<\/strong><\/p>\n<ul>\n<li>Modulares 3-teiliges Design. Mit einem modularen elektrischen System und einem Fernschalter ist REIN micro aufr\u00fcstbar, wenn weitere Generationen ver\u00f6ffentlicht werden. <\/li>\n<li>IPX-8 wasserdichtes Rating. Vollst\u00e4ndig tauchf\u00e4hig bis 100 ft f\u00fcr 24 Stunden. Inklusive Fernbedienungsschalter.  <\/li>\n<li>Ein starkes, klassenspezifisches Objektiv. Das Glas auf der REIN ist 3mm dick. Er kann mehrere Treffer von 5.56mm Simunition Runden auf Kontaktdistanz aufnehmen.  <\/li>\n<li>Patentierte Funktion Battery Jack. Damit k\u00f6nnen Sie die Batterie innerhalb des Systems richtig spannen, um einen Batteriesto\u00df zu vermeiden. Dies verl\u00e4ngert die Lebensdauer Ihres Systems und erh\u00f6ht die Zuverl\u00e4ssigkeit erheblich.  <\/li>\n<li>Das freiliegende Kabel f\u00fcr den Fernschalter ist 5&#8243; lang.<\/li>\n<li>Shockproof. Dustproof. Das haltbarste Waffenlicht, das je hergestellt wurde. Zeitraum.   <\/li>\n<\/ul>\n<p><strong>Spezifikationen:<\/strong><\/p>\n<ul>\n<li><strong>95,000 Candela<\/strong> peak beam intensity (With 18350)<\/li>\n<li>1000 Lumen Output (With 18350)<\/li>\n<li>40 Minuten Laufzeit (With 18350)<\/li>\n<li><strong>Dual-Fuel-F\u00e4higkeit<\/strong>.<\/li>\n<li>1.3&#8243; Bezel-Durchmesser &#8211; kleiner als der urspr\u00fcngliche REIN im Durchmesser.<\/li>\n<li>4.88&#8243; in der L\u00e4nge.<\/li>\n<li>Reduzierte H\u00f6he des Montagekrugs.<\/li>\n<\/ul>\n<p><strong>Inbegriffen:<\/strong><\/p>\n<ul>\n<li>1 REIN 3.0 Micro<\/li>\n<li>1 Fernschalter mit integriertem Druckknopf, Tail Cap Assembly<\/li>\n<li>2 LCS Seitenplatten mit Hardware<\/li>\n<li>1 Torrent MLOK Inline, mit allen Befestigungsmaterialien<\/li>\n<li>1 Cloud Defensive labeled Nitecore Charger<\/li>\n<li>1 18350 Batterie<\/li>\n<\/ul>\n","protected":false},"featured_media":32379,"template":"","meta":{"_et_pb_use_builder":"","_et_pb_old_content":"","_et_gb_content_width":""},"product_brand":[],"product_cat":[67,65],"product_tag":[],"class_list":{"0":"post-35459","1":"product","2":"type-product","3":"status-publish","4":"has-post-thumbnail","6":"product_cat-lampen","7":"product_cat-zubehor-und-optik","9":"first","10":"instock","11":"shipping-taxable","12":"purchasable","13":"product-type-simple"},"yoast_head":"<!-- This site is optimized with the Yoast SEO Premium plugin v24.7 (Yoast SEO v27.5) - https:\/\/yoast.com\/product\/yoast-seo-premium-wordpress\/ -->\n<title>CLOUD DEFENSIVE Rein Micro 3.0 - Armurerie Richert<\/title>\n<meta name=\"description\" content=\"Verbessern Sie Ihre Situation mit der CLOUD DEFENSIVE Rein Micro 3.0 Lampe. 95,000 Candela f\u00fcr eine verbesserte Sicht und eine perfekte Zielmarkierung.\" \/>\n<meta name=\"robots\" content=\"index, follow, max-snippet:-1, max-image-preview:large, max-video-preview:-1\" \/>\n<link rel=\"canonical\" href=\"https:\/\/armurerie-richert.ch\/de\/produit\/cloud-defensive-rein-micro-3-0\/\" \/>\n<meta property=\"og:locale\" content=\"de_DE\" \/>\n<meta property=\"og:type\" content=\"article\" \/>\n<meta property=\"og:title\" content=\"CLOUD DEFENSIVE Rein Micro 3.0\" \/>\n<meta property=\"og:description\" content=\"Verbessern Sie Ihre Situation mit der CLOUD DEFENSIVE Rein Micro 3.0 Lampe. 95,000 Candela f\u00fcr eine verbesserte Sicht und eine perfekte Zielmarkierung.\" \/>\n<meta property=\"og:url\" content=\"https:\/\/armurerie-richert.ch\/de\/produit\/cloud-defensive-rein-micro-3-0\/\" \/>\n<meta property=\"og:site_name\" content=\"Armurerie Richert\" \/>\n<meta property=\"article:publisher\" content=\"https:\/\/www.facebook.com\/profile.php?id=100023920014088\" \/>\n<meta property=\"og:image\" content=\"https:\/\/armurerie-richert.ch\/wp-content\/uploads\/2023\/11\/cloud-defensive-rein-micro-30-weapon-light-kit-blk-1.jpg\" \/>\n\t<meta property=\"og:image:width\" content=\"1747\" \/>\n\t<meta property=\"og:image:height\" content=\"1747\" \/>\n\t<meta property=\"og:image:type\" content=\"image\/jpeg\" \/>\n<meta name=\"twitter:card\" content=\"summary_large_image\" \/>\n<meta name=\"twitter:label1\" content=\"Preis\" \/>\n\t<meta name=\"twitter:data1\" content=\"&#067;&#072;&#070;&nbsp;490.00\" \/>\n\t<meta name=\"twitter:label2\" content=\"Verf\u00fcgbarkeit\" \/>\n\t<meta name=\"twitter:data2\" content=\"Auf Lager\" \/>\n<script type=\"application\/ld+json\" class=\"yoast-schema-graph\">{\"@context\":\"https:\\\/\\\/schema.org\",\"@graph\":[{\"@type\":\"WebPage\",\"@id\":\"https:\\\/\\\/armurerie-richert.ch\\\/de\\\/produit\\\/cloud-defensive-rein-micro-3-0\\\/\",\"url\":\"https:\\\/\\\/armurerie-richert.ch\\\/de\\\/produit\\\/cloud-defensive-rein-micro-3-0\\\/\",\"name\":\"CLOUD DEFENSIVE Rein Micro 3.0 - Armurerie Richert\",\"isPartOf\":{\"@id\":\"https:\\\/\\\/armurerie-richert.ch\\\/de\\\/#website\"},\"primaryImageOfPage\":{\"@id\":\"https:\\\/\\\/armurerie-richert.ch\\\/de\\\/produit\\\/cloud-defensive-rein-micro-3-0\\\/#primaryimage\"},\"image\":{\"@id\":\"https:\\\/\\\/armurerie-richert.ch\\\/de\\\/produit\\\/cloud-defensive-rein-micro-3-0\\\/#primaryimage\"},\"thumbnailUrl\":\"https:\\\/\\\/armurerie-richert.ch\\\/wp-content\\\/uploads\\\/2023\\\/11\\\/cloud-defensive-rein-micro-30-weapon-light-kit-blk-1.jpg\",\"datePublished\":\"2023-11-05T12:49:17+00:00\",\"description\":\"Verbessern Sie Ihre Situation mit der CLOUD DEFENSIVE Rein Micro 3.0 Lampe. 95,000 Candela f\u00fcr eine verbesserte Sicht und eine perfekte Zielmarkierung.\",\"breadcrumb\":{\"@id\":\"https:\\\/\\\/armurerie-richert.ch\\\/de\\\/produit\\\/cloud-defensive-rein-micro-3-0\\\/#breadcrumb\"},\"inLanguage\":\"de\",\"potentialAction\":[{\"@type\":\"ReadAction\",\"target\":[\"https:\\\/\\\/armurerie-richert.ch\\\/de\\\/produit\\\/cloud-defensive-rein-micro-3-0\\\/\"]}]},{\"@type\":\"ImageObject\",\"inLanguage\":\"de\",\"@id\":\"https:\\\/\\\/armurerie-richert.ch\\\/de\\\/produit\\\/cloud-defensive-rein-micro-3-0\\\/#primaryimage\",\"url\":\"https:\\\/\\\/armurerie-richert.ch\\\/wp-content\\\/uploads\\\/2023\\\/11\\\/cloud-defensive-rein-micro-30-weapon-light-kit-blk-1.jpg\",\"contentUrl\":\"https:\\\/\\\/armurerie-richert.ch\\\/wp-content\\\/uploads\\\/2023\\\/11\\\/cloud-defensive-rein-micro-30-weapon-light-kit-blk-1.jpg\",\"width\":1747,\"height\":1747},{\"@type\":\"BreadcrumbList\",\"@id\":\"https:\\\/\\\/armurerie-richert.ch\\\/de\\\/produit\\\/cloud-defensive-rein-micro-3-0\\\/#breadcrumb\",\"itemListElement\":[{\"@type\":\"ListItem\",\"position\":1,\"name\":\"Accueil\",\"item\":\"https:\\\/\\\/armurerie-richert.ch\\\/de\\\/startseite\\\/\"},{\"@type\":\"ListItem\",\"position\":2,\"name\":\"Shop\",\"item\":\"https:\\\/\\\/armurerie-richert.ch\\\/de\\\/shop\\\/\"},{\"@type\":\"ListItem\",\"position\":3,\"name\":\"CLOUD DEFENSIVE Rein Micro 3.0\"}]},{\"@type\":\"WebSite\",\"@id\":\"https:\\\/\\\/armurerie-richert.ch\\\/de\\\/#website\",\"url\":\"https:\\\/\\\/armurerie-richert.ch\\\/de\\\/\",\"name\":\"Armurerie Richert\",\"description\":\"\",\"publisher\":{\"@id\":\"https:\\\/\\\/armurerie-richert.ch\\\/de\\\/#organization\"},\"potentialAction\":[{\"@type\":\"SearchAction\",\"target\":{\"@type\":\"EntryPoint\",\"urlTemplate\":\"https:\\\/\\\/armurerie-richert.ch\\\/de\\\/?s={search_term_string}\"},\"query-input\":{\"@type\":\"PropertyValueSpecification\",\"valueRequired\":true,\"valueName\":\"search_term_string\"}}],\"inLanguage\":\"de\"},{\"@type\":\"Organization\",\"@id\":\"https:\\\/\\\/armurerie-richert.ch\\\/de\\\/#organization\",\"name\":\"Armurerie Richert\",\"url\":\"https:\\\/\\\/armurerie-richert.ch\\\/de\\\/\",\"logo\":{\"@type\":\"ImageObject\",\"inLanguage\":\"de\",\"@id\":\"https:\\\/\\\/armurerie-richert.ch\\\/de\\\/#\\\/schema\\\/logo\\\/image\\\/\",\"url\":\"https:\\\/\\\/armurerie-richert.ch\\\/wp-content\\\/uploads\\\/2023\\\/11\\\/Armurerie-Richert-Logo-300px.png\",\"contentUrl\":\"https:\\\/\\\/armurerie-richert.ch\\\/wp-content\\\/uploads\\\/2023\\\/11\\\/Armurerie-Richert-Logo-300px.png\",\"width\":300,\"height\":73,\"caption\":\"Armurerie Richert\"},\"image\":{\"@id\":\"https:\\\/\\\/armurerie-richert.ch\\\/de\\\/#\\\/schema\\\/logo\\\/image\\\/\"},\"sameAs\":[\"https:\\\/\\\/www.facebook.com\\\/profile.php?id=100023920014088\"]}]}<\/script>\n<meta property=\"product:price:amount\" content=\"490.00\" \/>\n<meta property=\"product:price:currency\" content=\"CHF\" \/>\n<meta property=\"og:availability\" content=\"instock\" \/>\n<meta property=\"product:availability\" content=\"instock\" \/>\n<meta property=\"product:condition\" content=\"new\" \/>\n<!-- \/ Yoast SEO Premium plugin. -->","yoast_head_json":{"title":"CLOUD DEFENSIVE Rein Micro 3.0 - Armurerie Richert","description":"Verbessern Sie Ihre Situation mit der CLOUD DEFENSIVE Rein Micro 3.0 Lampe. 95,000 Candela f\u00fcr eine verbesserte Sicht und eine perfekte Zielmarkierung.","robots":{"index":"index","follow":"follow","max-snippet":"max-snippet:-1","max-image-preview":"max-image-preview:large","max-video-preview":"max-video-preview:-1"},"canonical":"https:\/\/armurerie-richert.ch\/de\/produit\/cloud-defensive-rein-micro-3-0\/","og_locale":"de_DE","og_type":"article","og_title":"CLOUD DEFENSIVE Rein Micro 3.0","og_description":"Verbessern Sie Ihre Situation mit der CLOUD DEFENSIVE Rein Micro 3.0 Lampe. 95,000 Candela f\u00fcr eine verbesserte Sicht und eine perfekte Zielmarkierung.","og_url":"https:\/\/armurerie-richert.ch\/de\/produit\/cloud-defensive-rein-micro-3-0\/","og_site_name":"Armurerie Richert","article_publisher":"https:\/\/www.facebook.com\/profile.php?id=100023920014088","og_image":[{"width":1747,"height":1747,"url":"https:\/\/armurerie-richert.ch\/wp-content\/uploads\/2023\/11\/cloud-defensive-rein-micro-30-weapon-light-kit-blk-1.jpg","type":"image\/jpeg"}],"twitter_card":"summary_large_image","twitter_misc":{"Preis":"&#67;&#72;&#70;&nbsp;490.00","Verf\u00fcgbarkeit":"Auf Lager"},"schema":{"@context":"https:\/\/schema.org","@graph":[{"@type":"WebPage","@id":"https:\/\/armurerie-richert.ch\/de\/produit\/cloud-defensive-rein-micro-3-0\/","url":"https:\/\/armurerie-richert.ch\/de\/produit\/cloud-defensive-rein-micro-3-0\/","name":"CLOUD DEFENSIVE Rein Micro 3.0 - Armurerie Richert","isPartOf":{"@id":"https:\/\/armurerie-richert.ch\/de\/#website"},"primaryImageOfPage":{"@id":"https:\/\/armurerie-richert.ch\/de\/produit\/cloud-defensive-rein-micro-3-0\/#primaryimage"},"image":{"@id":"https:\/\/armurerie-richert.ch\/de\/produit\/cloud-defensive-rein-micro-3-0\/#primaryimage"},"thumbnailUrl":"https:\/\/armurerie-richert.ch\/wp-content\/uploads\/2023\/11\/cloud-defensive-rein-micro-30-weapon-light-kit-blk-1.jpg","datePublished":"2023-11-05T12:49:17+00:00","description":"Verbessern Sie Ihre Situation mit der CLOUD DEFENSIVE Rein Micro 3.0 Lampe. 95,000 Candela f\u00fcr eine verbesserte Sicht und eine perfekte Zielmarkierung.","breadcrumb":{"@id":"https:\/\/armurerie-richert.ch\/de\/produit\/cloud-defensive-rein-micro-3-0\/#breadcrumb"},"inLanguage":"de","potentialAction":[{"@type":"ReadAction","target":["https:\/\/armurerie-richert.ch\/de\/produit\/cloud-defensive-rein-micro-3-0\/"]}]},{"@type":"ImageObject","inLanguage":"de","@id":"https:\/\/armurerie-richert.ch\/de\/produit\/cloud-defensive-rein-micro-3-0\/#primaryimage","url":"https:\/\/armurerie-richert.ch\/wp-content\/uploads\/2023\/11\/cloud-defensive-rein-micro-30-weapon-light-kit-blk-1.jpg","contentUrl":"https:\/\/armurerie-richert.ch\/wp-content\/uploads\/2023\/11\/cloud-defensive-rein-micro-30-weapon-light-kit-blk-1.jpg","width":1747,"height":1747},{"@type":"BreadcrumbList","@id":"https:\/\/armurerie-richert.ch\/de\/produit\/cloud-defensive-rein-micro-3-0\/#breadcrumb","itemListElement":[{"@type":"ListItem","position":1,"name":"Accueil","item":"https:\/\/armurerie-richert.ch\/de\/startseite\/"},{"@type":"ListItem","position":2,"name":"Shop","item":"https:\/\/armurerie-richert.ch\/de\/shop\/"},{"@type":"ListItem","position":3,"name":"CLOUD DEFENSIVE Rein Micro 3.0"}]},{"@type":"WebSite","@id":"https:\/\/armurerie-richert.ch\/de\/#website","url":"https:\/\/armurerie-richert.ch\/de\/","name":"Armurerie Richert","description":"","publisher":{"@id":"https:\/\/armurerie-richert.ch\/de\/#organization"},"potentialAction":[{"@type":"SearchAction","target":{"@type":"EntryPoint","urlTemplate":"https:\/\/armurerie-richert.ch\/de\/?s={search_term_string}"},"query-input":{"@type":"PropertyValueSpecification","valueRequired":true,"valueName":"search_term_string"}}],"inLanguage":"de"},{"@type":"Organization","@id":"https:\/\/armurerie-richert.ch\/de\/#organization","name":"Armurerie Richert","url":"https:\/\/armurerie-richert.ch\/de\/","logo":{"@type":"ImageObject","inLanguage":"de","@id":"https:\/\/armurerie-richert.ch\/de\/#\/schema\/logo\/image\/","url":"https:\/\/armurerie-richert.ch\/wp-content\/uploads\/2023\/11\/Armurerie-Richert-Logo-300px.png","contentUrl":"https:\/\/armurerie-richert.ch\/wp-content\/uploads\/2023\/11\/Armurerie-Richert-Logo-300px.png","width":300,"height":73,"caption":"Armurerie Richert"},"image":{"@id":"https:\/\/armurerie-richert.ch\/de\/#\/schema\/logo\/image\/"},"sameAs":["https:\/\/www.facebook.com\/profile.php?id=100023920014088"]}]},"product_price_amount":"490.00","product_price_currency":"CHF","og_availability":"instock","product_availability":"instock","product_condition":"new"},"_links":{"self":[{"href":"https:\/\/armurerie-richert.ch\/de\/wp-json\/wp\/v2\/product\/35459","targetHints":{"allow":["GET"]}}],"collection":[{"href":"https:\/\/armurerie-richert.ch\/de\/wp-json\/wp\/v2\/product"}],"about":[{"href":"https:\/\/armurerie-richert.ch\/de\/wp-json\/wp\/v2\/types\/product"}],"wp:featuredmedia":[{"embeddable":true,"href":"https:\/\/armurerie-richert.ch\/de\/wp-json\/wp\/v2\/media\/32379"}],"wp:attachment":[{"href":"https:\/\/armurerie-richert.ch\/de\/wp-json\/wp\/v2\/media?parent=35459"}],"wp:term":[{"taxonomy":"product_brand","embeddable":true,"href":"https:\/\/armurerie-richert.ch\/de\/wp-json\/wp\/v2\/product_brand?post=35459"},{"taxonomy":"product_cat","embeddable":true,"href":"https:\/\/armurerie-richert.ch\/de\/wp-json\/wp\/v2\/product_cat?post=35459"},{"taxonomy":"product_tag","embeddable":true,"href":"https:\/\/armurerie-richert.ch\/de\/wp-json\/wp\/v2\/product_tag?post=35459"}],"curies":[{"name":"wp","href":"https:\/\/api.w.org\/{rel}","templated":true}]}}