{"id":35460,"date":"2023-11-04T16:01:40","date_gmt":"2023-11-04T15:01:40","guid":{"rendered":"https:\/\/armurerie-richert.ch\/produit\/holosun-hs515cm\/"},"modified":"2023-11-04T16:01:40","modified_gmt":"2023-11-04T15:01:40","slug":"holosun-hs515cm","status":"publish","type":"product","link":"https:\/\/armurerie-richert.ch\/de\/produit\/holosun-hs515cm\/","title":{"rendered":"HOLOSUN HS515CM"},"content":{"rendered":"<h3>HOLOSUN HS515CM<\/h3>\n<p>Der HS515CM ist ein Mikro Red Dot Optic. Der Bediener kann mit einem Knopfdruck von einem 2 MOA Punkt auf einen 65 MOA Kreispunkt umschalten. Unsere hocheffizienten Leuchtdioden und Solarpanels erm\u00f6glichen es Holosun Solaroptik, unter vielen Lichtbedingungen ohne Batterie zu funktionieren. Au\u00dferdem h\u00e4lt die Backup-Batterie bis zu 5 Jahre auf dem Dot und bis zu 2 Jahre auf dem Circle Dot. Das U steht f\u00fcr ein Geh\u00e4usedesign, das die Wind- und H\u00f6hent\u00fcrme auf zwei Seiten umschlie\u00dft. Dieses Produkt enth\u00e4lt klare Flip-Up-Objektivabdeckungen, eine Schnellwechselhalterung und einen Kill-Flash-Filter.     <\/p>\n<p><strong>Funktionen<\/strong><\/p>\n<p>Parallaxenfrei mit unbegrenzter Augenlinderung.<br \/>\n&#8211; Neue fortschrittliche LED-Technologie erm\u00f6glicht bis zu 50.000 Betriebsstunden mit einer CR2032-Batterie<br \/>\n-2 MOA dot und einem 65 MOA Ring<br \/>\n-Parallaxenfrei mit unbegrenzter Augenlinderung<br \/>\n-Batterie- und Solarenergie<br \/>\n&#8211; Inklusive Flip-up-Objektivdeckel und Kill Flash<br \/>\n-Quick Detach 2-Piece Mount inbegriffen<\/p>\n<table>\n<tbody>\n<tr>\n<td colspan=\"2\"><strong>OPTICAL DATA<\/strong><\/td>\n<\/tr>\n<tr>\n<td><strong>Lichtquelle <\/strong><\/td>\n<td> LED<\/td>\n<\/tr>\n<tr>\n<td><strong>Reticle <\/strong><\/td>\n<td> 2MOA Dot &amp; 65MOA Ring<\/td>\n<\/tr>\n<tr>\n<td><strong>Parallax Free <\/strong><\/td>\n<td> Yes<\/td>\n<\/tr>\n<tr>\n<td><strong>Unlimited Eye Relief <\/strong><\/td>\n<td> Yes<\/td>\n<\/tr>\n<tr>\n<td><strong>Vergr\u00f6\u00dferung <\/strong><\/td>\n<td> 1x<\/td>\n<\/tr>\n<tr>\n<td><strong>Multi-Coatings <\/strong><\/td>\n<td> Ja<\/td>\n<\/tr>\n<tr>\n<td><strong>Integrierter Laser <\/strong><\/td>\n<td> Nr.<\/td>\n<\/tr>\n<tr>\n<td colspan=\"2\"><strong>ELEKTRONISCHE DATEN<\/strong><\/td>\n<\/tr>\n<tr>\n<td><strong>Batterietyp<\/strong><\/td>\n<td> CR2032<\/td>\n<\/tr>\n<tr>\n<td><strong>Batterielebensdauer<\/strong><\/td>\n<td> Up to 50,000 Hours<\/td>\n<\/tr>\n<tr>\n<td><strong>Helligkeitseinstellung<\/strong><\/td>\n<td> 10 Daylight &amp; 2 NV kompatibel<\/td>\n<\/tr>\n<tr>\n<td colspan=\"2\"><strong>MECHANISCHE DATEN<\/strong><\/td>\n<\/tr>\n<tr>\n<td><strong>Material des Geh\u00e4uses<\/strong><\/td>\n<td> 7075 Aluminium<\/td>\n<\/tr>\n<tr>\n<td><strong>Oberfl\u00e4che Finish<\/strong><\/td>\n<td> Hard Anodized<\/td>\n<\/tr>\n<tr>\n<td><strong>Farbe des Geh\u00e4uses<\/strong><\/td>\n<td> Schwarz<\/td>\n<\/tr>\n<tr>\n<td><strong>Anpassung pro Klick<\/strong><\/td>\n<td> 0.5 MOA<\/td>\n<\/tr>\n<tr>\n<td><strong>W&amp;E Travel Range<\/strong><\/td>\n<td> \u00b150 MOA<\/td>\n<\/tr>\n<tr>\n<td><strong>Lagerungstemperatur<\/strong><\/td>\n<td> -58\u2109 &#8211; 158\u2109<\/td>\n<\/tr>\n<tr>\n<td><strong>Arbeitstemperatur<\/strong><\/td>\n<td> -40\u2109 &#8211; 140\u2109<\/td>\n<\/tr>\n<tr>\n<td><strong>\u00dcberflutung<\/strong><\/td>\n<td> IPX8<\/td>\n<\/tr>\n<tr>\n<td><strong>Vibration<\/strong><\/td>\n<td> Bis zu 1000G<\/td>\n<\/tr>\n<tr>\n<td colspan=\"2\"><strong>PHYSICAL DATA<\/strong><\/td>\n<\/tr>\n<tr>\n<td><strong>Fenstergr\u00f6\u00dfe<\/strong><\/td>\n<td> 20mm Durchmesser<\/td>\n<\/tr>\n<tr>\n<td><strong>Gr\u00f6\u00dfe (in)<\/strong><\/td>\n<td> 2.44 x 1.77 x 1.37<\/td>\n<\/tr>\n<tr>\n<td><strong>Gewicht (oz)<\/strong><\/td>\n<td> 7<\/td>\n<\/tr>\n<tr>\n<td><strong>Zentrale H\u00f6he (in)<\/strong><\/td>\n<td> 1.63<\/td>\n<\/tr>\n<\/tbody>\n<\/table>\n","protected":false},"excerpt":{"rendered":"<p>Der HS515CM ist ein Mikro Red Dot Optic. Der Bediener kann mit einem Knopfdruck von einem 2 MOA Punkt auf einen 65 MOA Kreispunkt umschalten. Unsere hocheffizienten Leuchtdioden und Solarpanels erm\u00f6glichen es Holosun Solaroptik, unter vielen Lichtbedingungen ohne Batterie zu funktionieren. Au\u00dferdem h\u00e4lt die Backup-Batterie bis zu 5 Jahre auf dem Dot und bis zu 2 Jahre auf dem Circle Dot. Das U steht f\u00fcr ein Geh\u00e4usedesign, das die Wind- und H\u00f6hent\u00fcrme auf zwei Seiten umschlie\u00dft. Dieses Produkt enth\u00e4lt klare Flip-Up-Objektivabdeckungen, eine Schnellwechselhalterung und einen Kill-Flash-Filter.     <\/p>\n<p><strong>Funktionen<\/strong><\/p>\n<p>Parallaxenfrei mit unbegrenzter Augenlinderung.<br \/>\n&#8211; Neue fortschrittliche LED-Technologie erm\u00f6glicht bis zu 50.000 Betriebsstunden mit einer CR2032-Batterie<br \/>\n-2 MOA dot und einem 65 MOA Ring<br \/>\n-Parallaxenfrei mit unbegrenzter Augenlinderung<br \/>\n-Batterie- und Solarenergie<br \/>\n&#8211; Inklusive Flip-up-Objektivdeckel und Kill Flash<br \/>\n-Quick Detach 2-Piece Mount inbegriffen<\/p>\n<table>\n<tbody>\n<tr>\n<td colspan=\"2\"><strong>OPTICAL DATA<\/strong><\/td>\n<\/tr>\n<tr>\n<td><strong>Lichtquelle <\/strong><\/td>\n<td> LED<\/td>\n<\/tr>\n<tr>\n<td><strong>Reticle <\/strong><\/td>\n<td> 2MOA Dot &amp; 65MOA Ring<\/td>\n<\/tr>\n<tr>\n<td><strong>Parallax Free <\/strong><\/td>\n<td> Yes<\/td>\n<\/tr>\n<tr>\n<td><strong>Unlimited Eye Relief <\/strong><\/td>\n<td> Yes<\/td>\n<\/tr>\n<tr>\n<td><strong>Vergr\u00f6\u00dferung <\/strong><\/td>\n<td> 1x<\/td>\n<\/tr>\n<tr>\n<td><strong>Multi-Coatings <\/strong><\/td>\n<td> Ja<\/td>\n<\/tr>\n<tr>\n<td><strong>Integrierter Laser <\/strong><\/td>\n<td> Nr.<\/td>\n<\/tr>\n<tr>\n<td colspan=\"2\"><strong>ELEKTRONISCHE DATEN<\/strong><\/td>\n<\/tr>\n<tr>\n<td><strong>Batterietyp<\/strong><\/td>\n<td> CR2032<\/td>\n<\/tr>\n<tr>\n<td><strong>Batterielebensdauer<\/strong><\/td>\n<td> Up to 50,000 Hours<\/td>\n<\/tr>\n<tr>\n<td><strong>Helligkeitseinstellung<\/strong><\/td>\n<td> 10 Daylight &amp; 2 NV kompatibel<\/td>\n<\/tr>\n<tr>\n<td colspan=\"2\"><strong>MECHANISCHE DATEN<\/strong><\/td>\n<\/tr>\n<tr>\n<td><strong>Material des Geh\u00e4uses<\/strong><\/td>\n<td> 7075 Aluminium<\/td>\n<\/tr>\n<tr>\n<td><strong>Oberfl\u00e4che Finish<\/strong><\/td>\n<td> Hard Anodized<\/td>\n<\/tr>\n<tr>\n<td><strong>Farbe des Geh\u00e4uses<\/strong><\/td>\n<td> Schwarz<\/td>\n<\/tr>\n<tr>\n<td><strong>Anpassung pro Klick<\/strong><\/td>\n<td> 0.5 MOA<\/td>\n<\/tr>\n<tr>\n<td><strong>W&amp;E Travel Range<\/strong><\/td>\n<td> \u00b150 MOA<\/td>\n<\/tr>\n<tr>\n<td><strong>Lagerungstemperatur<\/strong><\/td>\n<td> -58\u2109 &#8211; 158\u2109<\/td>\n<\/tr>\n<tr>\n<td><strong>Arbeitstemperatur<\/strong><\/td>\n<td> -40\u2109 &#8211; 140\u2109<\/td>\n<\/tr>\n<tr>\n<td><strong>\u00dcberflutung<\/strong><\/td>\n<td> IPX8<\/td>\n<\/tr>\n<tr>\n<td><strong>Vibration<\/strong><\/td>\n<td> Bis zu 1000G<\/td>\n<\/tr>\n<tr>\n<td colspan=\"2\"><strong>PHYSICAL DATA<\/strong><\/td>\n<\/tr>\n<tr>\n<td><strong>Fenstergr\u00f6\u00dfe<\/strong><\/td>\n<td> 20mm Durchmesser<\/td>\n<\/tr>\n<tr>\n<td><strong>Gr\u00f6\u00dfe (in)<\/strong><\/td>\n<td> 2.44 x 1.77 x 1.37<\/td>\n<\/tr>\n<tr>\n<td><strong>Gewicht (oz)<\/strong><\/td>\n<td> 7<\/td>\n<\/tr>\n<tr>\n<td><strong>Zentrale H\u00f6he (in)<\/strong><\/td>\n<td> 1.63<\/td>\n<\/tr>\n<\/tbody>\n<\/table>\n","protected":false},"featured_media":32285,"template":"","meta":{"_et_pb_use_builder":"","_et_pb_old_content":"","_et_gb_content_width":""},"product_brand":[],"product_cat":[68,65],"product_tag":[],"class_list":{"0":"post-35460","1":"product","2":"type-product","3":"status-publish","4":"has-post-thumbnail","6":"product_cat-red-dot-de","7":"product_cat-zubehor-und-optik","9":"first","10":"instock","11":"shipping-taxable","12":"purchasable","13":"product-type-simple"},"yoast_head":"<!-- This site is optimized with the Yoast SEO Premium plugin v24.7 (Yoast SEO v27.4) - https:\/\/yoast.com\/product\/yoast-seo-premium-wordpress\/ -->\n<title>HOLOSUN HS515CM - Armurerie Richert<\/title>\n<meta name=\"description\" content=\"W\u00e4hlen Sie den holographischen Sucher HS515CM von HOLOSUN f\u00fcr eine un\u00fcbertroffene Pr\u00e4zision. Genie\u00dfen Sie den roten Punkt mit 2 MOA oder den roten Kreis mit 65 MOA.\" \/>\n<meta name=\"robots\" content=\"index, follow, max-snippet:-1, max-image-preview:large, max-video-preview:-1\" \/>\n<link rel=\"canonical\" href=\"https:\/\/armurerie-richert.ch\/de\/produit\/holosun-hs515cm\/\" \/>\n<meta property=\"og:locale\" content=\"de_DE\" \/>\n<meta property=\"og:type\" content=\"article\" \/>\n<meta property=\"og:title\" content=\"HOLOSUN HS515CM\" \/>\n<meta property=\"og:description\" content=\"W\u00e4hlen Sie den holographischen Sucher HS515CM von HOLOSUN f\u00fcr eine un\u00fcbertroffene Pr\u00e4zision. Genie\u00dfen Sie den roten Punkt mit 2 MOA oder den roten Kreis mit 65 MOA.\" \/>\n<meta property=\"og:url\" content=\"https:\/\/armurerie-richert.ch\/de\/produit\/holosun-hs515cm\/\" \/>\n<meta property=\"og:site_name\" content=\"Armurerie Richert\" \/>\n<meta property=\"article:publisher\" content=\"https:\/\/www.facebook.com\/profile.php?id=100023920014088\" \/>\n<meta property=\"og:image\" content=\"https:\/\/armurerie-richert.ch\/wp-content\/uploads\/2023\/11\/holosun-hs515cm.jpg\" \/>\n\t<meta property=\"og:image:width\" content=\"1920\" \/>\n\t<meta property=\"og:image:height\" content=\"1920\" \/>\n\t<meta property=\"og:image:type\" content=\"image\/jpeg\" \/>\n<meta name=\"twitter:card\" content=\"summary_large_image\" \/>\n<meta name=\"twitter:label1\" content=\"Preis\" \/>\n\t<meta name=\"twitter:data1\" content=\"&#067;&#072;&#070;&nbsp;480.00\" \/>\n\t<meta name=\"twitter:label2\" content=\"Verf\u00fcgbarkeit\" \/>\n\t<meta name=\"twitter:data2\" content=\"Auf Lager\" \/>\n<script type=\"application\/ld+json\" class=\"yoast-schema-graph\">{\"@context\":\"https:\\\/\\\/schema.org\",\"@graph\":[{\"@type\":\"WebPage\",\"@id\":\"https:\\\/\\\/armurerie-richert.ch\\\/de\\\/produit\\\/holosun-hs515cm\\\/\",\"url\":\"https:\\\/\\\/armurerie-richert.ch\\\/de\\\/produit\\\/holosun-hs515cm\\\/\",\"name\":\"HOLOSUN HS515CM - Armurerie Richert\",\"isPartOf\":{\"@id\":\"https:\\\/\\\/armurerie-richert.ch\\\/de\\\/#website\"},\"primaryImageOfPage\":{\"@id\":\"https:\\\/\\\/armurerie-richert.ch\\\/de\\\/produit\\\/holosun-hs515cm\\\/#primaryimage\"},\"image\":{\"@id\":\"https:\\\/\\\/armurerie-richert.ch\\\/de\\\/produit\\\/holosun-hs515cm\\\/#primaryimage\"},\"thumbnailUrl\":\"https:\\\/\\\/armurerie-richert.ch\\\/wp-content\\\/uploads\\\/2023\\\/11\\\/holosun-hs515cm.jpg\",\"datePublished\":\"2023-11-04T15:01:40+00:00\",\"description\":\"W\u00e4hlen Sie den holographischen Sucher HS515CM von HOLOSUN f\u00fcr eine un\u00fcbertroffene Pr\u00e4zision. Genie\u00dfen Sie den roten Punkt mit 2 MOA oder den roten Kreis mit 65 MOA.\",\"breadcrumb\":{\"@id\":\"https:\\\/\\\/armurerie-richert.ch\\\/de\\\/produit\\\/holosun-hs515cm\\\/#breadcrumb\"},\"inLanguage\":\"de\",\"potentialAction\":[{\"@type\":\"ReadAction\",\"target\":[\"https:\\\/\\\/armurerie-richert.ch\\\/de\\\/produit\\\/holosun-hs515cm\\\/\"]}]},{\"@type\":\"ImageObject\",\"inLanguage\":\"de\",\"@id\":\"https:\\\/\\\/armurerie-richert.ch\\\/de\\\/produit\\\/holosun-hs515cm\\\/#primaryimage\",\"url\":\"https:\\\/\\\/armurerie-richert.ch\\\/wp-content\\\/uploads\\\/2023\\\/11\\\/holosun-hs515cm.jpg\",\"contentUrl\":\"https:\\\/\\\/armurerie-richert.ch\\\/wp-content\\\/uploads\\\/2023\\\/11\\\/holosun-hs515cm.jpg\",\"width\":1920,\"height\":1920},{\"@type\":\"BreadcrumbList\",\"@id\":\"https:\\\/\\\/armurerie-richert.ch\\\/de\\\/produit\\\/holosun-hs515cm\\\/#breadcrumb\",\"itemListElement\":[{\"@type\":\"ListItem\",\"position\":1,\"name\":\"Accueil\",\"item\":\"https:\\\/\\\/armurerie-richert.ch\\\/de\\\/startseite\\\/\"},{\"@type\":\"ListItem\",\"position\":2,\"name\":\"Shop\",\"item\":\"https:\\\/\\\/armurerie-richert.ch\\\/de\\\/shop\\\/\"},{\"@type\":\"ListItem\",\"position\":3,\"name\":\"HOLOSUN HS515CM\"}]},{\"@type\":\"WebSite\",\"@id\":\"https:\\\/\\\/armurerie-richert.ch\\\/de\\\/#website\",\"url\":\"https:\\\/\\\/armurerie-richert.ch\\\/de\\\/\",\"name\":\"Armurerie Richert\",\"description\":\"\",\"publisher\":{\"@id\":\"https:\\\/\\\/armurerie-richert.ch\\\/de\\\/#organization\"},\"potentialAction\":[{\"@type\":\"SearchAction\",\"target\":{\"@type\":\"EntryPoint\",\"urlTemplate\":\"https:\\\/\\\/armurerie-richert.ch\\\/de\\\/?s={search_term_string}\"},\"query-input\":{\"@type\":\"PropertyValueSpecification\",\"valueRequired\":true,\"valueName\":\"search_term_string\"}}],\"inLanguage\":\"de\"},{\"@type\":\"Organization\",\"@id\":\"https:\\\/\\\/armurerie-richert.ch\\\/de\\\/#organization\",\"name\":\"Armurerie Richert\",\"url\":\"https:\\\/\\\/armurerie-richert.ch\\\/de\\\/\",\"logo\":{\"@type\":\"ImageObject\",\"inLanguage\":\"de\",\"@id\":\"https:\\\/\\\/armurerie-richert.ch\\\/de\\\/#\\\/schema\\\/logo\\\/image\\\/\",\"url\":\"https:\\\/\\\/armurerie-richert.ch\\\/wp-content\\\/uploads\\\/2023\\\/11\\\/Armurerie-Richert-Logo-300px.png\",\"contentUrl\":\"https:\\\/\\\/armurerie-richert.ch\\\/wp-content\\\/uploads\\\/2023\\\/11\\\/Armurerie-Richert-Logo-300px.png\",\"width\":300,\"height\":73,\"caption\":\"Armurerie Richert\"},\"image\":{\"@id\":\"https:\\\/\\\/armurerie-richert.ch\\\/de\\\/#\\\/schema\\\/logo\\\/image\\\/\"},\"sameAs\":[\"https:\\\/\\\/www.facebook.com\\\/profile.php?id=100023920014088\"]}]}<\/script>\n<meta property=\"product:price:amount\" content=\"480.00\" \/>\n<meta property=\"product:price:currency\" content=\"CHF\" \/>\n<meta property=\"og:availability\" content=\"instock\" \/>\n<meta property=\"product:availability\" content=\"instock\" \/>\n<meta property=\"product:condition\" content=\"new\" \/>\n<!-- \/ Yoast SEO Premium plugin. -->","yoast_head_json":{"title":"HOLOSUN HS515CM - Armurerie Richert","description":"W\u00e4hlen Sie den holographischen Sucher HS515CM von HOLOSUN f\u00fcr eine un\u00fcbertroffene Pr\u00e4zision. Genie\u00dfen Sie den roten Punkt mit 2 MOA oder den roten Kreis mit 65 MOA.","robots":{"index":"index","follow":"follow","max-snippet":"max-snippet:-1","max-image-preview":"max-image-preview:large","max-video-preview":"max-video-preview:-1"},"canonical":"https:\/\/armurerie-richert.ch\/de\/produit\/holosun-hs515cm\/","og_locale":"de_DE","og_type":"article","og_title":"HOLOSUN HS515CM","og_description":"W\u00e4hlen Sie den holographischen Sucher HS515CM von HOLOSUN f\u00fcr eine un\u00fcbertroffene Pr\u00e4zision. Genie\u00dfen Sie den roten Punkt mit 2 MOA oder den roten Kreis mit 65 MOA.","og_url":"https:\/\/armurerie-richert.ch\/de\/produit\/holosun-hs515cm\/","og_site_name":"Armurerie Richert","article_publisher":"https:\/\/www.facebook.com\/profile.php?id=100023920014088","og_image":[{"width":1920,"height":1920,"url":"https:\/\/armurerie-richert.ch\/wp-content\/uploads\/2023\/11\/holosun-hs515cm.jpg","type":"image\/jpeg"}],"twitter_card":"summary_large_image","twitter_misc":{"Preis":"&#67;&#72;&#70;&nbsp;480.00","Verf\u00fcgbarkeit":"Auf Lager"},"schema":{"@context":"https:\/\/schema.org","@graph":[{"@type":"WebPage","@id":"https:\/\/armurerie-richert.ch\/de\/produit\/holosun-hs515cm\/","url":"https:\/\/armurerie-richert.ch\/de\/produit\/holosun-hs515cm\/","name":"HOLOSUN HS515CM - Armurerie Richert","isPartOf":{"@id":"https:\/\/armurerie-richert.ch\/de\/#website"},"primaryImageOfPage":{"@id":"https:\/\/armurerie-richert.ch\/de\/produit\/holosun-hs515cm\/#primaryimage"},"image":{"@id":"https:\/\/armurerie-richert.ch\/de\/produit\/holosun-hs515cm\/#primaryimage"},"thumbnailUrl":"https:\/\/armurerie-richert.ch\/wp-content\/uploads\/2023\/11\/holosun-hs515cm.jpg","datePublished":"2023-11-04T15:01:40+00:00","description":"W\u00e4hlen Sie den holographischen Sucher HS515CM von HOLOSUN f\u00fcr eine un\u00fcbertroffene Pr\u00e4zision. Genie\u00dfen Sie den roten Punkt mit 2 MOA oder den roten Kreis mit 65 MOA.","breadcrumb":{"@id":"https:\/\/armurerie-richert.ch\/de\/produit\/holosun-hs515cm\/#breadcrumb"},"inLanguage":"de","potentialAction":[{"@type":"ReadAction","target":["https:\/\/armurerie-richert.ch\/de\/produit\/holosun-hs515cm\/"]}]},{"@type":"ImageObject","inLanguage":"de","@id":"https:\/\/armurerie-richert.ch\/de\/produit\/holosun-hs515cm\/#primaryimage","url":"https:\/\/armurerie-richert.ch\/wp-content\/uploads\/2023\/11\/holosun-hs515cm.jpg","contentUrl":"https:\/\/armurerie-richert.ch\/wp-content\/uploads\/2023\/11\/holosun-hs515cm.jpg","width":1920,"height":1920},{"@type":"BreadcrumbList","@id":"https:\/\/armurerie-richert.ch\/de\/produit\/holosun-hs515cm\/#breadcrumb","itemListElement":[{"@type":"ListItem","position":1,"name":"Accueil","item":"https:\/\/armurerie-richert.ch\/de\/startseite\/"},{"@type":"ListItem","position":2,"name":"Shop","item":"https:\/\/armurerie-richert.ch\/de\/shop\/"},{"@type":"ListItem","position":3,"name":"HOLOSUN HS515CM"}]},{"@type":"WebSite","@id":"https:\/\/armurerie-richert.ch\/de\/#website","url":"https:\/\/armurerie-richert.ch\/de\/","name":"Armurerie Richert","description":"","publisher":{"@id":"https:\/\/armurerie-richert.ch\/de\/#organization"},"potentialAction":[{"@type":"SearchAction","target":{"@type":"EntryPoint","urlTemplate":"https:\/\/armurerie-richert.ch\/de\/?s={search_term_string}"},"query-input":{"@type":"PropertyValueSpecification","valueRequired":true,"valueName":"search_term_string"}}],"inLanguage":"de"},{"@type":"Organization","@id":"https:\/\/armurerie-richert.ch\/de\/#organization","name":"Armurerie Richert","url":"https:\/\/armurerie-richert.ch\/de\/","logo":{"@type":"ImageObject","inLanguage":"de","@id":"https:\/\/armurerie-richert.ch\/de\/#\/schema\/logo\/image\/","url":"https:\/\/armurerie-richert.ch\/wp-content\/uploads\/2023\/11\/Armurerie-Richert-Logo-300px.png","contentUrl":"https:\/\/armurerie-richert.ch\/wp-content\/uploads\/2023\/11\/Armurerie-Richert-Logo-300px.png","width":300,"height":73,"caption":"Armurerie Richert"},"image":{"@id":"https:\/\/armurerie-richert.ch\/de\/#\/schema\/logo\/image\/"},"sameAs":["https:\/\/www.facebook.com\/profile.php?id=100023920014088"]}]},"product_price_amount":"480.00","product_price_currency":"CHF","og_availability":"instock","product_availability":"instock","product_condition":"new"},"_links":{"self":[{"href":"https:\/\/armurerie-richert.ch\/de\/wp-json\/wp\/v2\/product\/35460","targetHints":{"allow":["GET"]}}],"collection":[{"href":"https:\/\/armurerie-richert.ch\/de\/wp-json\/wp\/v2\/product"}],"about":[{"href":"https:\/\/armurerie-richert.ch\/de\/wp-json\/wp\/v2\/types\/product"}],"wp:featuredmedia":[{"embeddable":true,"href":"https:\/\/armurerie-richert.ch\/de\/wp-json\/wp\/v2\/media\/32285"}],"wp:attachment":[{"href":"https:\/\/armurerie-richert.ch\/de\/wp-json\/wp\/v2\/media?parent=35460"}],"wp:term":[{"taxonomy":"product_brand","embeddable":true,"href":"https:\/\/armurerie-richert.ch\/de\/wp-json\/wp\/v2\/product_brand?post=35460"},{"taxonomy":"product_cat","embeddable":true,"href":"https:\/\/armurerie-richert.ch\/de\/wp-json\/wp\/v2\/product_cat?post=35460"},{"taxonomy":"product_tag","embeddable":true,"href":"https:\/\/armurerie-richert.ch\/de\/wp-json\/wp\/v2\/product_tag?post=35460"}],"curies":[{"name":"wp","href":"https:\/\/api.w.org\/{rel}","templated":true}]}}