{"id":35462,"date":"2023-11-04T15:59:25","date_gmt":"2023-11-04T14:59:25","guid":{"rendered":"https:\/\/armurerie-richert.ch\/produit\/holosun-he508t-x2-titanium\/"},"modified":"2023-11-04T15:59:25","modified_gmt":"2023-11-04T14:59:25","slug":"holosun-he508t-x2-titanium","status":"publish","type":"product","link":"https:\/\/armurerie-richert.ch\/de\/produit\/holosun-he508t-x2-titanium\/","title":{"rendered":"HOLOSUN HE508T-X2 Titanium"},"content":{"rendered":"<h3>HOLOSUN HE508T-X2 Titanium<\/h3>\n<p>Das HE508T X2 ist ein Titanium, open reflex optisches Zielfernrohr, das f\u00fcr Pistolenanwendungen entworfen wurde. Die Pistolenoptik der X2-Serie bietet zwei Verbesserungen. Erstens wurde der Lock Mode aus den 2018-2019 LE Pistolenoptik Modellen hinzugef\u00fcgt. Wenn der Lock Mode aktiviert ist, sperrt er die Tasten, um ungewollte \u00c4nderungen der Einstellungen zu verhindern. Zweitens wurden die Tasten neu gestaltet, um den Sperrmodus zu vervollst\u00e4ndigen, indem sie tiefer und weiter hinten platziert wurden. Zus\u00e4tzliche Funktionen sind ein Titainium-Geh\u00e4use, Holosuns Super LED mit einer Batterielebensdauer von bis zu 50 Stunden, Solar Failsafe, Multi-Reticle System und Shake Awake.     <\/p>\n<p><strong>Spezifikationen<\/strong><\/p>\n<ul>\n<li><strong>Reticle:<\/strong> 2 MOA Dot &amp; 32 MOA Circle<\/li>\n<li><strong>Lichtwellenl\u00e4nge: <\/strong>650nm<\/li>\n<li><strong>Reticle Color: <\/strong>Gr\u00fcn oder Rot<\/li>\n<li><strong>Parallax Free: <\/strong>Yes<\/li>\n<li><strong>Unlimited Eye Relief: <\/strong>Yes<\/li>\n<li><strong>Vergr\u00f6\u00dferung: <\/strong>1x<\/li>\n<li><strong>Multi-Coatings: <\/strong>Yes<\/li>\n<li><strong>Power:<\/strong> SourceSolar &amp; Battery<\/li>\n<li><strong>Anpassung pro Klick: <\/strong>1 MOA<\/li>\n<li><strong>W&amp;E Reisespanne: <\/strong>\u00b150 MOA<\/li>\n<li><strong>Lagerungstemperatur: <\/strong>-40\u2103~70\u2103.<\/li>\n<li><strong>Arbeitstemperatur: <\/strong>-30\u2103~60\u2103<\/li>\n<li><strong>Batterielebensdauer (Stunden): <\/strong>50000<\/li>\n<li><strong>Helligkeitseinstellung: <\/strong>10 DL&amp;2 NV<\/li>\n<\/ul>\n<p><strong>Features:<\/strong><\/p>\n<ul>\n<li>MRS: Circle Dot; 2 MOA Dot; 32 MOA Circle<\/li>\n<li>Up to 50,000 Hours Battery Life (Setting 6)<\/li>\n<li>12 Helligkeitseinstellungen: 10 DL &amp; 2 NV kompatibel<\/li>\n<li>Vollst\u00e4ndiges Titaniumgeh\u00e4use<\/li>\n<li>Geeignetes Tray Battery Compartment<\/li>\n<li>Parallax-free &amp; Unlimited Eye Relief<\/li>\n<\/ul>\n","protected":false},"excerpt":{"rendered":"<p>Das HE508T X2 ist ein Titanium, open reflex optisches Zielfernrohr, das f\u00fcr Pistolenanwendungen entworfen wurde. Die Pistolenoptik der X2-Serie bietet zwei Verbesserungen. Erstens wurde der Lock Mode aus den 2018-2019 LE Pistolenoptik Modellen hinzugef\u00fcgt. Wenn der Lock Mode aktiviert ist, sperrt er die Tasten, um ungewollte \u00c4nderungen der Einstellungen zu verhindern. Zweitens wurden die Tasten neu gestaltet, um den Sperrmodus zu vervollst\u00e4ndigen, indem sie tiefer und weiter hinten platziert wurden. Zus\u00e4tzliche Funktionen sind ein Titainium-Geh\u00e4use, Holosuns Super LED mit einer Batterielebensdauer von bis zu 50 Stunden, Solar Failsafe, Multi-Reticle System und Shake Awake.     <\/p>\n<p><strong>Spezifikationen<\/strong><\/p>\n<ul>\n<li><strong>Reticle:<\/strong> 2 MOA Dot &amp; 32 MOA Circle<\/li>\n<li><strong>Lichtwellenl\u00e4nge: <\/strong>650nm<\/li>\n<li><strong>Reticle Color: <\/strong>Gr\u00fcn oder Rot<\/li>\n<li><strong>Parallax Free: <\/strong>Yes<\/li>\n<li><strong>Unlimited Eye Relief: <\/strong>Yes<\/li>\n<li><strong>Vergr\u00f6\u00dferung: <\/strong>1x<\/li>\n<li><strong>Multi-Coatings: <\/strong>Yes<\/li>\n<li><strong>Power:<\/strong> SourceSolar &amp; Battery<\/li>\n<li><strong>Anpassung pro Klick: <\/strong>1 MOA<\/li>\n<li><strong>W&amp;E Reisespanne: <\/strong>\u00b150 MOA<\/li>\n<li><strong>Lagerungstemperatur: <\/strong>-40\u2103~70\u2103.<\/li>\n<li><strong>Arbeitstemperatur: <\/strong>-30\u2103~60\u2103<\/li>\n<li><strong>Batterielebensdauer (Stunden): <\/strong>50000<\/li>\n<li><strong>Helligkeitseinstellung: <\/strong>10 DL&amp;2 NV<\/li>\n<\/ul>\n<p><strong>Features:<\/strong><\/p>\n<ul>\n<li>MRS: Circle Dot; 2 MOA Dot; 32 MOA Circle<\/li>\n<li>Up to 50,000 Hours Battery Life (Setting 6)<\/li>\n<li>12 Helligkeitseinstellungen: 10 DL &amp; 2 NV kompatibel<\/li>\n<li>Vollst\u00e4ndiges Titaniumgeh\u00e4use<\/li>\n<li>Geeignetes Tray Battery Compartment<\/li>\n<li>Parallax-free &amp; Unlimited Eye Relief<\/li>\n<\/ul>\n","protected":false},"featured_media":32282,"template":"","meta":{"_et_pb_use_builder":"","_et_pb_old_content":"","_et_gb_content_width":""},"product_brand":[],"product_cat":[68,65],"product_tag":[],"class_list":{"0":"post-35462","1":"product","2":"type-product","3":"status-publish","4":"has-post-thumbnail","6":"product_cat-red-dot-de","7":"product_cat-zubehor-und-optik","9":"first","10":"instock","11":"shipping-taxable","12":"purchasable","13":"product-type-simple"},"yoast_head":"<!-- This site is optimized with the Yoast SEO Premium plugin v24.7 (Yoast SEO v27.4) - https:\/\/yoast.com\/product\/yoast-seo-premium-wordpress\/ -->\n<title>HOLOSUN HE508T-X2 Titanium - Armurerie Richert<\/title>\n<meta name=\"description\" content=\"Seien Sie bereit f\u00fcr die Action mit dem HE508T-X2 Titanium Sucher von HOLOSUN. Die neu gestalteten Tasten und der Sperrmodus sorgen f\u00fcr eine ideale Bedienung.\" \/>\n<meta name=\"robots\" content=\"index, follow, max-snippet:-1, max-image-preview:large, max-video-preview:-1\" \/>\n<link rel=\"canonical\" href=\"https:\/\/armurerie-richert.ch\/de\/produit\/holosun-he508t-x2-titanium\/\" \/>\n<meta property=\"og:locale\" content=\"de_DE\" \/>\n<meta property=\"og:type\" content=\"article\" \/>\n<meta property=\"og:title\" content=\"HOLOSUN HE508T-X2 Titanium\" \/>\n<meta property=\"og:description\" content=\"Seien Sie bereit f\u00fcr die Action mit dem HE508T-X2 Titanium Sucher von HOLOSUN. Die neu gestalteten Tasten und der Sperrmodus sorgen f\u00fcr eine ideale Bedienung.\" \/>\n<meta property=\"og:url\" content=\"https:\/\/armurerie-richert.ch\/de\/produit\/holosun-he508t-x2-titanium\/\" \/>\n<meta property=\"og:site_name\" content=\"Armurerie Richert\" \/>\n<meta property=\"article:publisher\" content=\"https:\/\/www.facebook.com\/profile.php?id=100023920014088\" \/>\n<meta property=\"og:image\" content=\"https:\/\/armurerie-richert.ch\/wp-content\/uploads\/2023\/11\/holosun.he508t-rd-x2_-_1.jpg\" \/>\n\t<meta property=\"og:image:width\" content=\"1920\" \/>\n\t<meta property=\"og:image:height\" content=\"1920\" \/>\n\t<meta property=\"og:image:type\" content=\"image\/jpeg\" \/>\n<meta name=\"twitter:card\" content=\"summary_large_image\" \/>\n<meta name=\"twitter:label1\" content=\"Preis\" \/>\n\t<meta name=\"twitter:data1\" content=\"&#067;&#072;&#070;&nbsp;540.00\" \/>\n\t<meta name=\"twitter:label2\" content=\"Verf\u00fcgbarkeit\" \/>\n\t<meta name=\"twitter:data2\" content=\"Auf Lager\" \/>\n<script type=\"application\/ld+json\" class=\"yoast-schema-graph\">{\"@context\":\"https:\\\/\\\/schema.org\",\"@graph\":[{\"@type\":\"WebPage\",\"@id\":\"https:\\\/\\\/armurerie-richert.ch\\\/de\\\/produit\\\/holosun-he508t-x2-titanium\\\/\",\"url\":\"https:\\\/\\\/armurerie-richert.ch\\\/de\\\/produit\\\/holosun-he508t-x2-titanium\\\/\",\"name\":\"HOLOSUN HE508T-X2 Titanium - Armurerie Richert\",\"isPartOf\":{\"@id\":\"https:\\\/\\\/armurerie-richert.ch\\\/de\\\/#website\"},\"primaryImageOfPage\":{\"@id\":\"https:\\\/\\\/armurerie-richert.ch\\\/de\\\/produit\\\/holosun-he508t-x2-titanium\\\/#primaryimage\"},\"image\":{\"@id\":\"https:\\\/\\\/armurerie-richert.ch\\\/de\\\/produit\\\/holosun-he508t-x2-titanium\\\/#primaryimage\"},\"thumbnailUrl\":\"https:\\\/\\\/armurerie-richert.ch\\\/wp-content\\\/uploads\\\/2023\\\/11\\\/holosun.he508t-rd-x2_-_1.jpg\",\"datePublished\":\"2023-11-04T14:59:25+00:00\",\"description\":\"Seien Sie bereit f\u00fcr die Action mit dem HE508T-X2 Titanium Sucher von HOLOSUN. Die neu gestalteten Tasten und der Sperrmodus sorgen f\u00fcr eine ideale Bedienung.\",\"breadcrumb\":{\"@id\":\"https:\\\/\\\/armurerie-richert.ch\\\/de\\\/produit\\\/holosun-he508t-x2-titanium\\\/#breadcrumb\"},\"inLanguage\":\"de\",\"potentialAction\":[{\"@type\":\"ReadAction\",\"target\":[\"https:\\\/\\\/armurerie-richert.ch\\\/de\\\/produit\\\/holosun-he508t-x2-titanium\\\/\"]}]},{\"@type\":\"ImageObject\",\"inLanguage\":\"de\",\"@id\":\"https:\\\/\\\/armurerie-richert.ch\\\/de\\\/produit\\\/holosun-he508t-x2-titanium\\\/#primaryimage\",\"url\":\"https:\\\/\\\/armurerie-richert.ch\\\/wp-content\\\/uploads\\\/2023\\\/11\\\/holosun.he508t-rd-x2_-_1.jpg\",\"contentUrl\":\"https:\\\/\\\/armurerie-richert.ch\\\/wp-content\\\/uploads\\\/2023\\\/11\\\/holosun.he508t-rd-x2_-_1.jpg\",\"width\":1920,\"height\":1920},{\"@type\":\"BreadcrumbList\",\"@id\":\"https:\\\/\\\/armurerie-richert.ch\\\/de\\\/produit\\\/holosun-he508t-x2-titanium\\\/#breadcrumb\",\"itemListElement\":[{\"@type\":\"ListItem\",\"position\":1,\"name\":\"Accueil\",\"item\":\"https:\\\/\\\/armurerie-richert.ch\\\/de\\\/startseite\\\/\"},{\"@type\":\"ListItem\",\"position\":2,\"name\":\"Shop\",\"item\":\"https:\\\/\\\/armurerie-richert.ch\\\/de\\\/shop\\\/\"},{\"@type\":\"ListItem\",\"position\":3,\"name\":\"HOLOSUN HE508T-X2 Titanium\"}]},{\"@type\":\"WebSite\",\"@id\":\"https:\\\/\\\/armurerie-richert.ch\\\/de\\\/#website\",\"url\":\"https:\\\/\\\/armurerie-richert.ch\\\/de\\\/\",\"name\":\"Armurerie Richert\",\"description\":\"\",\"publisher\":{\"@id\":\"https:\\\/\\\/armurerie-richert.ch\\\/de\\\/#organization\"},\"potentialAction\":[{\"@type\":\"SearchAction\",\"target\":{\"@type\":\"EntryPoint\",\"urlTemplate\":\"https:\\\/\\\/armurerie-richert.ch\\\/de\\\/?s={search_term_string}\"},\"query-input\":{\"@type\":\"PropertyValueSpecification\",\"valueRequired\":true,\"valueName\":\"search_term_string\"}}],\"inLanguage\":\"de\"},{\"@type\":\"Organization\",\"@id\":\"https:\\\/\\\/armurerie-richert.ch\\\/de\\\/#organization\",\"name\":\"Armurerie Richert\",\"url\":\"https:\\\/\\\/armurerie-richert.ch\\\/de\\\/\",\"logo\":{\"@type\":\"ImageObject\",\"inLanguage\":\"de\",\"@id\":\"https:\\\/\\\/armurerie-richert.ch\\\/de\\\/#\\\/schema\\\/logo\\\/image\\\/\",\"url\":\"https:\\\/\\\/armurerie-richert.ch\\\/wp-content\\\/uploads\\\/2023\\\/11\\\/Armurerie-Richert-Logo-300px.png\",\"contentUrl\":\"https:\\\/\\\/armurerie-richert.ch\\\/wp-content\\\/uploads\\\/2023\\\/11\\\/Armurerie-Richert-Logo-300px.png\",\"width\":300,\"height\":73,\"caption\":\"Armurerie Richert\"},\"image\":{\"@id\":\"https:\\\/\\\/armurerie-richert.ch\\\/de\\\/#\\\/schema\\\/logo\\\/image\\\/\"},\"sameAs\":[\"https:\\\/\\\/www.facebook.com\\\/profile.php?id=100023920014088\"]}]}<\/script>\n<meta property=\"product:price:amount\" content=\"540.00\" \/>\n<meta property=\"product:price:currency\" content=\"CHF\" \/>\n<meta property=\"og:availability\" content=\"instock\" \/>\n<meta property=\"product:availability\" content=\"instock\" \/>\n<meta property=\"product:condition\" content=\"new\" \/>\n<!-- \/ Yoast SEO Premium plugin. -->","yoast_head_json":{"title":"HOLOSUN HE508T-X2 Titanium - Armurerie Richert","description":"Seien Sie bereit f\u00fcr die Action mit dem HE508T-X2 Titanium Sucher von HOLOSUN. Die neu gestalteten Tasten und der Sperrmodus sorgen f\u00fcr eine ideale Bedienung.","robots":{"index":"index","follow":"follow","max-snippet":"max-snippet:-1","max-image-preview":"max-image-preview:large","max-video-preview":"max-video-preview:-1"},"canonical":"https:\/\/armurerie-richert.ch\/de\/produit\/holosun-he508t-x2-titanium\/","og_locale":"de_DE","og_type":"article","og_title":"HOLOSUN HE508T-X2 Titanium","og_description":"Seien Sie bereit f\u00fcr die Action mit dem HE508T-X2 Titanium Sucher von HOLOSUN. Die neu gestalteten Tasten und der Sperrmodus sorgen f\u00fcr eine ideale Bedienung.","og_url":"https:\/\/armurerie-richert.ch\/de\/produit\/holosun-he508t-x2-titanium\/","og_site_name":"Armurerie Richert","article_publisher":"https:\/\/www.facebook.com\/profile.php?id=100023920014088","og_image":[{"width":1920,"height":1920,"url":"https:\/\/armurerie-richert.ch\/wp-content\/uploads\/2023\/11\/holosun.he508t-rd-x2_-_1.jpg","type":"image\/jpeg"}],"twitter_card":"summary_large_image","twitter_misc":{"Preis":"&#67;&#72;&#70;&nbsp;540.00","Verf\u00fcgbarkeit":"Auf Lager"},"schema":{"@context":"https:\/\/schema.org","@graph":[{"@type":"WebPage","@id":"https:\/\/armurerie-richert.ch\/de\/produit\/holosun-he508t-x2-titanium\/","url":"https:\/\/armurerie-richert.ch\/de\/produit\/holosun-he508t-x2-titanium\/","name":"HOLOSUN HE508T-X2 Titanium - Armurerie Richert","isPartOf":{"@id":"https:\/\/armurerie-richert.ch\/de\/#website"},"primaryImageOfPage":{"@id":"https:\/\/armurerie-richert.ch\/de\/produit\/holosun-he508t-x2-titanium\/#primaryimage"},"image":{"@id":"https:\/\/armurerie-richert.ch\/de\/produit\/holosun-he508t-x2-titanium\/#primaryimage"},"thumbnailUrl":"https:\/\/armurerie-richert.ch\/wp-content\/uploads\/2023\/11\/holosun.he508t-rd-x2_-_1.jpg","datePublished":"2023-11-04T14:59:25+00:00","description":"Seien Sie bereit f\u00fcr die Action mit dem HE508T-X2 Titanium Sucher von HOLOSUN. Die neu gestalteten Tasten und der Sperrmodus sorgen f\u00fcr eine ideale Bedienung.","breadcrumb":{"@id":"https:\/\/armurerie-richert.ch\/de\/produit\/holosun-he508t-x2-titanium\/#breadcrumb"},"inLanguage":"de","potentialAction":[{"@type":"ReadAction","target":["https:\/\/armurerie-richert.ch\/de\/produit\/holosun-he508t-x2-titanium\/"]}]},{"@type":"ImageObject","inLanguage":"de","@id":"https:\/\/armurerie-richert.ch\/de\/produit\/holosun-he508t-x2-titanium\/#primaryimage","url":"https:\/\/armurerie-richert.ch\/wp-content\/uploads\/2023\/11\/holosun.he508t-rd-x2_-_1.jpg","contentUrl":"https:\/\/armurerie-richert.ch\/wp-content\/uploads\/2023\/11\/holosun.he508t-rd-x2_-_1.jpg","width":1920,"height":1920},{"@type":"BreadcrumbList","@id":"https:\/\/armurerie-richert.ch\/de\/produit\/holosun-he508t-x2-titanium\/#breadcrumb","itemListElement":[{"@type":"ListItem","position":1,"name":"Accueil","item":"https:\/\/armurerie-richert.ch\/de\/startseite\/"},{"@type":"ListItem","position":2,"name":"Shop","item":"https:\/\/armurerie-richert.ch\/de\/shop\/"},{"@type":"ListItem","position":3,"name":"HOLOSUN HE508T-X2 Titanium"}]},{"@type":"WebSite","@id":"https:\/\/armurerie-richert.ch\/de\/#website","url":"https:\/\/armurerie-richert.ch\/de\/","name":"Armurerie Richert","description":"","publisher":{"@id":"https:\/\/armurerie-richert.ch\/de\/#organization"},"potentialAction":[{"@type":"SearchAction","target":{"@type":"EntryPoint","urlTemplate":"https:\/\/armurerie-richert.ch\/de\/?s={search_term_string}"},"query-input":{"@type":"PropertyValueSpecification","valueRequired":true,"valueName":"search_term_string"}}],"inLanguage":"de"},{"@type":"Organization","@id":"https:\/\/armurerie-richert.ch\/de\/#organization","name":"Armurerie Richert","url":"https:\/\/armurerie-richert.ch\/de\/","logo":{"@type":"ImageObject","inLanguage":"de","@id":"https:\/\/armurerie-richert.ch\/de\/#\/schema\/logo\/image\/","url":"https:\/\/armurerie-richert.ch\/wp-content\/uploads\/2023\/11\/Armurerie-Richert-Logo-300px.png","contentUrl":"https:\/\/armurerie-richert.ch\/wp-content\/uploads\/2023\/11\/Armurerie-Richert-Logo-300px.png","width":300,"height":73,"caption":"Armurerie Richert"},"image":{"@id":"https:\/\/armurerie-richert.ch\/de\/#\/schema\/logo\/image\/"},"sameAs":["https:\/\/www.facebook.com\/profile.php?id=100023920014088"]}]},"product_price_amount":"540.00","product_price_currency":"CHF","og_availability":"instock","product_availability":"instock","product_condition":"new"},"_links":{"self":[{"href":"https:\/\/armurerie-richert.ch\/de\/wp-json\/wp\/v2\/product\/35462","targetHints":{"allow":["GET"]}}],"collection":[{"href":"https:\/\/armurerie-richert.ch\/de\/wp-json\/wp\/v2\/product"}],"about":[{"href":"https:\/\/armurerie-richert.ch\/de\/wp-json\/wp\/v2\/types\/product"}],"wp:featuredmedia":[{"embeddable":true,"href":"https:\/\/armurerie-richert.ch\/de\/wp-json\/wp\/v2\/media\/32282"}],"wp:attachment":[{"href":"https:\/\/armurerie-richert.ch\/de\/wp-json\/wp\/v2\/media?parent=35462"}],"wp:term":[{"taxonomy":"product_brand","embeddable":true,"href":"https:\/\/armurerie-richert.ch\/de\/wp-json\/wp\/v2\/product_brand?post=35462"},{"taxonomy":"product_cat","embeddable":true,"href":"https:\/\/armurerie-richert.ch\/de\/wp-json\/wp\/v2\/product_cat?post=35462"},{"taxonomy":"product_tag","embeddable":true,"href":"https:\/\/armurerie-richert.ch\/de\/wp-json\/wp\/v2\/product_tag?post=35462"}],"curies":[{"name":"wp","href":"https:\/\/api.w.org\/{rel}","templated":true}]}}