{"id":35463,"date":"2023-11-05T13:38:00","date_gmt":"2023-11-05T12:38:00","guid":{"rendered":"https:\/\/armurerie-richert.ch\/produit\/align-daumenauflage-fuer-glock\/"},"modified":"2023-11-05T13:38:00","modified_gmt":"2023-11-05T12:38:00","slug":"align-daumenauflage-fuer-glock","status":"publish","type":"product","link":"https:\/\/armurerie-richert.ch\/de\/produit\/align-daumenauflage-fuer-glock\/","title":{"rendered":"ALIGN Daumenauflage f\u00fcr Glock"},"content":{"rendered":"<h3>ALIGN Daumenauflage f\u00fcr Glock<\/h3>\n<p>Der Align Tactical\u00ae <strong>THUMB REST TRIGGER PIN <\/strong>integriert eine ergonomische Ledge f\u00fcr den Daumen der Handst\u00fctze, um fest dagegen zu dr\u00fccken, und dient als Bremse gegen Muzzle Flip, um das schnellste Bild nach der Aufnahme zu liefern. Der erh\u00f6hte Oberfl\u00e4chenkontakt mit der Pistole verringert das Abrutschen der St\u00fctzhand, w\u00e4hrend ein Indexpunkt f\u00fcr einen gleichbleibend hohen Daumen-vorw\u00e4rts-Griff bereitgestellt wird. Schwenkt in Sekunden, um maximale Kontrolle und Geschwindigkeit in <a class=\"crosslink\" title=\"Glock\" href=\"https:\/\/www.rainierarms.com\/manufacturers\/glock\/\" target=\"_self\" rel=\"noopener\">Glock\u00ae<\/a>zu bieten und w\u00e4hlt Glock-kompatible Pistolen f\u00fcr einen Wettbewerbsvorteil aus. Der Thumb Rest Trigger Pin verwendet ein patent-h\u00e4ngendes, geformtes Design, das den Zerlegungskanal (\u00d6ffnung) als Einf\u00fchrpunkt anhebt, um einen Verdrehungsschutz zu akzeptieren. Wenn Sie den Trigger Pin <em>teilweise <\/em>herausdr\u00fccken (von einer UNLOADED PISTOL), kann der Anti-Dreh-Stopp den Zerlegungskanal frei machen, so dass die Schiebesperre f\u00fcr die normale Zerlegung heruntergezogen werden kann. Glock Trigger Pins enthalten Grooves, die von der Schiebesperre unter Federspannung gehalten werden. Zwei Kontaktpunkte und eine dickere Stanzung machen den Ambi-Slide-Stop sicherer als die \u00e4lteren Generationen. Wir haben beide Groove-Typen eingebaut, um die Kompatibilit\u00e4t zu erweitern. Um den Pin zu entfernen, heben Sie den Schiebe-Stopp an, um ihn am Pin zu zentrieren. Dr\u00fccken Sie gleichzeitig den Trigger Pin mit einem Punch heraus und ersetzen Sie ihn dann. Um die Pistole zu zerlegen, ziehen Sie den Thumb Rest Trigger Pin teilweise heraus, erlauben Sie dem Drehungsstopp, den Schiebekanal des Rahmens zu \u00f6ffnen und drehen Sie ihn dann frei. Setzen Sie eine vollst\u00e4ndig montierte Pistole wieder ein (NACHDEM der Schieber befestigt ist), um sie zu verriegeln. Es gibt zwei verschiedene Abst\u00e4nde zwischen dem OEM Trigger Pin von GLOCK und dem Schiebeverschluss. Diese variieren zwischen den \u00e4lteren (INKOMPATIBEL) &#8222;langen&#8220; Gen 1-4 Competition\/Standard Modellen (<em>am Ende in rot abgebildet<\/em>) und den &#8222;kurzen&#8220; Gen 1-5 (COMPATIBLE) Compact\/Sub-Compacts<em>(am Ende in gr\u00fcn<\/em><em>abgebildet<\/em>). Alle Gen 5 Modelle sind universell auf die gleiche &#8222;verk\u00fcrzte&#8220; Distanz umgeschaltet, um eine erweiterte Kompatibilit\u00e4t zu gew\u00e4hrleisten (Excludes Slimline models). Glock Plattformpistolen, die diese Spezifikation beibehalten, sind ebenfalls kompatibel, wie Shadow Systems, SCT, <a class=\"crosslink\" title=\"Nomad Defense\" href=\"https:\/\/www.rainierarms.com\/manufacturers\/nomad-defense\/\" target=\"_self\" rel=\"noopener\">Nomad Defense<\/a>, PSA (Palmetto State Armory) Dagger, Lone Wolf&#8217;s kompakte DUSK19 &amp; LTD19 v1\/v2, Stoeger STR-9 Serie (ohne MC), Glockstore GSX100, ZRODelta ONE und mehr&#8230; (Die Shadow Systems MR-Serie hat eine normale Passform, w\u00e4hrend die XR- und DR-Serie ein Haar weiter auseinander liegen und einen engeren Presssitz erzeugen). <a class=\"crosslink\" title=\"Polymer 80\" href=\"https:\/\/www.rainierarms.com\/manufacturers\/polymer80\/\" target=\"_self\" rel=\"noopener\">Polymer80<\/a> nicht kompatibel.  <\/p>\n","protected":false},"excerpt":{"rendered":"<p>Der Align Tactical\u00ae <strong>THUMB REST TRIGGER PIN <\/strong>integriert eine ergonomische Ledge f\u00fcr den Daumen der Handst\u00fctze, um fest dagegen zu dr\u00fccken, und dient als Bremse gegen Muzzle Flip, um das schnellste Bild nach der Aufnahme zu liefern. Der erh\u00f6hte Oberfl\u00e4chenkontakt mit der Pistole verringert das Abrutschen der St\u00fctzhand, w\u00e4hrend ein Indexpunkt f\u00fcr einen gleichbleibend hohen Daumen-vorw\u00e4rts-Griff bereitgestellt wird. Schwenkt in Sekunden, um maximale Kontrolle und Geschwindigkeit in <a class=\"crosslink\" title=\"Glock\" href=\"https:\/\/www.rainierarms.com\/manufacturers\/glock\/\" target=\"_self\" rel=\"noopener\">Glock\u00ae<\/a>zu bieten und w\u00e4hlt Glock-kompatible Pistolen f\u00fcr einen Wettbewerbsvorteil aus. Der Thumb Rest Trigger Pin verwendet ein patent-h\u00e4ngendes, geformtes Design, das den Zerlegungskanal (\u00d6ffnung) als Einf\u00fchrpunkt anhebt, um einen Verdrehungsschutz zu akzeptieren. Wenn Sie den Trigger Pin <em>teilweise <\/em>herausdr\u00fccken (von einer UNLOADED PISTOL), kann der Anti-Dreh-Stopp den Disassemblierkanal freilegen, so dass die Schiebesperre f\u00fcr die normale Disassemblierung heruntergezogen werden kann. Glock Trigger Pins enthalten Grooves, die unter Federspannung von der Schiebesperre gehalten werden. Zwei Kontaktpunkte und eine dickere Stanzung machen den Ambi-Slide-Stop sicherer als die \u00e4lteren Generationen. Wir haben beide Groove-Typen eingebaut, um die Kompatibilit\u00e4t zu erweitern. Um den Pin zu entfernen, heben Sie den Schiebe-Stopp an, um ihn am Pin zu zentrieren. Dr\u00fccken Sie gleichzeitig den Trigger Pin mit einem Punch heraus und ersetzen Sie ihn dann. Um die Pistole zu zerlegen, ziehen Sie den Thumb Rest Trigger Pin teilweise heraus, erlauben Sie dem Drehungsstopp, den Schiebekanal des Rahmens zu \u00f6ffnen und drehen Sie ihn dann frei. Setzen Sie eine vollst\u00e4ndig montierte Pistole wieder ein (NACHDEM der Schieber befestigt ist), um sie zu verriegeln. Es gibt zwei verschiedene Abst\u00e4nde zwischen dem OEM Trigger Pin von GLOCK und dem Schiebeverschluss. Diese variieren zwischen den \u00e4lteren (INKOMPATIBEL) &#8222;langen&#8220; Gen 1-4 Competition\/Standard Modellen (<em>am Ende in rot abgebildet<\/em>) und den &#8222;kurzen&#8220; Gen 1-5 (COMPATIBLE) Compact\/Sub-Compacts<em>(am Ende in gr\u00fcn<\/em><em>abgebildet<\/em>). Alle Gen 5 Modelle sind universell auf die gleiche &#8222;verk\u00fcrzte&#8220; Distanz umgeschaltet, um eine erweiterte Kompatibilit\u00e4t zu gew\u00e4hrleisten (Excludes Slimline models). Glock-Plattformpistolen, die diese Spezifikation beibehalten, sind ebenfalls kompatibel, wie Shadow Systems, SCT, <a class=\"crosslink\" title=\"Nomad Defense\" href=\"https:\/\/www.rainierarms.com\/manufacturers\/nomad-defense\/\" target=\"_self\" rel=\"noopener\">Nomad Defense<\/a>, PSA (Palmetto State Armory) Dagger, Lone Wolfs kompakte DUSK19 &amp; LTD19 v1\/v2, Stoeger STR-9 Serie (ohne MC), Glockstore GSX100, ZRODelta ONE und mehr&#8230; (Die Shadow Systems MR-Serie hat eine normale Passform, w\u00e4hrend die XR- und DR-Serie ein Haar weiter auseinander liegen und einen engeren Press-Fit erzeugen). <a class=\"crosslink\" title=\"Polymer 80\" href=\"https:\/\/www.rainierarms.com\/manufacturers\/polymer80\/\" target=\"_self\" rel=\"noopener\">Polymer80<\/a> nicht kompatibel.  <\/p>\n","protected":false},"featured_media":32362,"template":"","meta":{"_et_pb_use_builder":"","_et_pb_old_content":"","_et_gb_content_width":""},"product_brand":[],"product_cat":[70,65],"product_tag":[],"class_list":{"0":"post-35463","1":"product","2":"type-product","3":"status-publish","4":"has-post-thumbnail","6":"product_cat-zubehor-fur-pistolen","7":"product_cat-zubehor-und-optik","9":"first","10":"instock","11":"shipping-taxable","12":"purchasable","13":"product-type-simple"},"yoast_head":"<!-- This site is optimized with the Yoast SEO Premium plugin v24.7 (Yoast SEO v27.5) - https:\/\/yoast.com\/product\/yoast-seo-premium-wordpress\/ -->\n<title>ALIGN Daumenauflage f\u00fcr Glock - Armurerie Richert<\/title>\n<meta name=\"description\" content=\"Erzielen Sie einen festen Griff und reduzieren Sie den R\u00fccksto\u00df mit der ALIGN Daumenauflage f\u00fcr Glock. Ideal f\u00fcr schnelles Zielen und einen festen Griff.\" \/>\n<meta name=\"robots\" content=\"index, follow, max-snippet:-1, max-image-preview:large, max-video-preview:-1\" \/>\n<link rel=\"canonical\" href=\"https:\/\/armurerie-richert.ch\/de\/produit\/align-daumenauflage-fuer-glock\/\" \/>\n<meta property=\"og:locale\" content=\"de_DE\" \/>\n<meta property=\"og:type\" content=\"article\" \/>\n<meta property=\"og:title\" content=\"ALIGN Daumenauflage f\u00fcr Glock\" \/>\n<meta property=\"og:description\" content=\"Erzielen Sie einen festen Griff und reduzieren Sie den R\u00fccksto\u00df mit der ALIGN Daumenauflage f\u00fcr Glock. Ideal f\u00fcr schnelles Zielen und einen festen Griff.\" \/>\n<meta property=\"og:url\" content=\"https:\/\/armurerie-richert.ch\/de\/produit\/align-daumenauflage-fuer-glock\/\" \/>\n<meta property=\"og:site_name\" content=\"Armurerie Richert\" \/>\n<meta property=\"article:publisher\" content=\"https:\/\/www.facebook.com\/profile.php?id=100023920014088\" \/>\n<meta property=\"og:image\" content=\"https:\/\/armurerie-richert.ch\/wp-content\/uploads\/2023\/11\/align-tactical-thumb-rest-trigger-pin-for-glock-1.jpg\" \/>\n\t<meta property=\"og:image:width\" content=\"1239\" \/>\n\t<meta property=\"og:image:height\" content=\"1239\" \/>\n\t<meta property=\"og:image:type\" content=\"image\/jpeg\" \/>\n<meta name=\"twitter:card\" content=\"summary_large_image\" \/>\n<meta name=\"twitter:label1\" content=\"Preis\" \/>\n\t<meta name=\"twitter:data1\" content=\"&#067;&#072;&#070;&nbsp;85.00\" \/>\n\t<meta name=\"twitter:label2\" content=\"Verf\u00fcgbarkeit\" \/>\n\t<meta name=\"twitter:data2\" content=\"Auf Lager\" \/>\n<script type=\"application\/ld+json\" class=\"yoast-schema-graph\">{\"@context\":\"https:\\\/\\\/schema.org\",\"@graph\":[{\"@type\":\"WebPage\",\"@id\":\"https:\\\/\\\/armurerie-richert.ch\\\/de\\\/produit\\\/align-daumenauflage-fuer-glock\\\/\",\"url\":\"https:\\\/\\\/armurerie-richert.ch\\\/de\\\/produit\\\/align-daumenauflage-fuer-glock\\\/\",\"name\":\"ALIGN Daumenauflage f\u00fcr Glock - Armurerie Richert\",\"isPartOf\":{\"@id\":\"https:\\\/\\\/armurerie-richert.ch\\\/de\\\/#website\"},\"primaryImageOfPage\":{\"@id\":\"https:\\\/\\\/armurerie-richert.ch\\\/de\\\/produit\\\/align-daumenauflage-fuer-glock\\\/#primaryimage\"},\"image\":{\"@id\":\"https:\\\/\\\/armurerie-richert.ch\\\/de\\\/produit\\\/align-daumenauflage-fuer-glock\\\/#primaryimage\"},\"thumbnailUrl\":\"https:\\\/\\\/armurerie-richert.ch\\\/wp-content\\\/uploads\\\/2023\\\/11\\\/align-tactical-thumb-rest-trigger-pin-for-glock-1.jpg\",\"datePublished\":\"2023-11-05T12:38:00+00:00\",\"description\":\"Erzielen Sie einen festen Griff und reduzieren Sie den R\u00fccksto\u00df mit der ALIGN Daumenauflage f\u00fcr Glock. Ideal f\u00fcr schnelles Zielen und einen festen Griff.\",\"breadcrumb\":{\"@id\":\"https:\\\/\\\/armurerie-richert.ch\\\/de\\\/produit\\\/align-daumenauflage-fuer-glock\\\/#breadcrumb\"},\"inLanguage\":\"de\",\"potentialAction\":[{\"@type\":\"ReadAction\",\"target\":[\"https:\\\/\\\/armurerie-richert.ch\\\/de\\\/produit\\\/align-daumenauflage-fuer-glock\\\/\"]}]},{\"@type\":\"ImageObject\",\"inLanguage\":\"de\",\"@id\":\"https:\\\/\\\/armurerie-richert.ch\\\/de\\\/produit\\\/align-daumenauflage-fuer-glock\\\/#primaryimage\",\"url\":\"https:\\\/\\\/armurerie-richert.ch\\\/wp-content\\\/uploads\\\/2023\\\/11\\\/align-tactical-thumb-rest-trigger-pin-for-glock-1.jpg\",\"contentUrl\":\"https:\\\/\\\/armurerie-richert.ch\\\/wp-content\\\/uploads\\\/2023\\\/11\\\/align-tactical-thumb-rest-trigger-pin-for-glock-1.jpg\",\"width\":1239,\"height\":1239},{\"@type\":\"BreadcrumbList\",\"@id\":\"https:\\\/\\\/armurerie-richert.ch\\\/de\\\/produit\\\/align-daumenauflage-fuer-glock\\\/#breadcrumb\",\"itemListElement\":[{\"@type\":\"ListItem\",\"position\":1,\"name\":\"Accueil\",\"item\":\"https:\\\/\\\/armurerie-richert.ch\\\/de\\\/startseite\\\/\"},{\"@type\":\"ListItem\",\"position\":2,\"name\":\"Shop\",\"item\":\"https:\\\/\\\/armurerie-richert.ch\\\/de\\\/shop\\\/\"},{\"@type\":\"ListItem\",\"position\":3,\"name\":\"ALIGN Daumenauflage f\u00fcr Glock\"}]},{\"@type\":\"WebSite\",\"@id\":\"https:\\\/\\\/armurerie-richert.ch\\\/de\\\/#website\",\"url\":\"https:\\\/\\\/armurerie-richert.ch\\\/de\\\/\",\"name\":\"Armurerie Richert\",\"description\":\"\",\"publisher\":{\"@id\":\"https:\\\/\\\/armurerie-richert.ch\\\/de\\\/#organization\"},\"potentialAction\":[{\"@type\":\"SearchAction\",\"target\":{\"@type\":\"EntryPoint\",\"urlTemplate\":\"https:\\\/\\\/armurerie-richert.ch\\\/de\\\/?s={search_term_string}\"},\"query-input\":{\"@type\":\"PropertyValueSpecification\",\"valueRequired\":true,\"valueName\":\"search_term_string\"}}],\"inLanguage\":\"de\"},{\"@type\":\"Organization\",\"@id\":\"https:\\\/\\\/armurerie-richert.ch\\\/de\\\/#organization\",\"name\":\"Armurerie Richert\",\"url\":\"https:\\\/\\\/armurerie-richert.ch\\\/de\\\/\",\"logo\":{\"@type\":\"ImageObject\",\"inLanguage\":\"de\",\"@id\":\"https:\\\/\\\/armurerie-richert.ch\\\/de\\\/#\\\/schema\\\/logo\\\/image\\\/\",\"url\":\"https:\\\/\\\/armurerie-richert.ch\\\/wp-content\\\/uploads\\\/2023\\\/11\\\/Armurerie-Richert-Logo-300px.png\",\"contentUrl\":\"https:\\\/\\\/armurerie-richert.ch\\\/wp-content\\\/uploads\\\/2023\\\/11\\\/Armurerie-Richert-Logo-300px.png\",\"width\":300,\"height\":73,\"caption\":\"Armurerie Richert\"},\"image\":{\"@id\":\"https:\\\/\\\/armurerie-richert.ch\\\/de\\\/#\\\/schema\\\/logo\\\/image\\\/\"},\"sameAs\":[\"https:\\\/\\\/www.facebook.com\\\/profile.php?id=100023920014088\"]}]}<\/script>\n<meta property=\"product:price:amount\" content=\"85.00\" \/>\n<meta property=\"product:price:currency\" content=\"CHF\" \/>\n<meta property=\"og:availability\" content=\"instock\" \/>\n<meta property=\"product:availability\" content=\"instock\" \/>\n<meta property=\"product:condition\" content=\"new\" \/>\n<!-- \/ Yoast SEO Premium plugin. -->","yoast_head_json":{"title":"ALIGN Daumenauflage f\u00fcr Glock - Armurerie Richert","description":"Erzielen Sie einen festen Griff und reduzieren Sie den R\u00fccksto\u00df mit der ALIGN Daumenauflage f\u00fcr Glock. Ideal f\u00fcr schnelles Zielen und einen festen Griff.","robots":{"index":"index","follow":"follow","max-snippet":"max-snippet:-1","max-image-preview":"max-image-preview:large","max-video-preview":"max-video-preview:-1"},"canonical":"https:\/\/armurerie-richert.ch\/de\/produit\/align-daumenauflage-fuer-glock\/","og_locale":"de_DE","og_type":"article","og_title":"ALIGN Daumenauflage f\u00fcr Glock","og_description":"Erzielen Sie einen festen Griff und reduzieren Sie den R\u00fccksto\u00df mit der ALIGN Daumenauflage f\u00fcr Glock. Ideal f\u00fcr schnelles Zielen und einen festen Griff.","og_url":"https:\/\/armurerie-richert.ch\/de\/produit\/align-daumenauflage-fuer-glock\/","og_site_name":"Armurerie Richert","article_publisher":"https:\/\/www.facebook.com\/profile.php?id=100023920014088","og_image":[{"width":1239,"height":1239,"url":"https:\/\/armurerie-richert.ch\/wp-content\/uploads\/2023\/11\/align-tactical-thumb-rest-trigger-pin-for-glock-1.jpg","type":"image\/jpeg"}],"twitter_card":"summary_large_image","twitter_misc":{"Preis":"&#67;&#72;&#70;&nbsp;85.00","Verf\u00fcgbarkeit":"Auf Lager"},"schema":{"@context":"https:\/\/schema.org","@graph":[{"@type":"WebPage","@id":"https:\/\/armurerie-richert.ch\/de\/produit\/align-daumenauflage-fuer-glock\/","url":"https:\/\/armurerie-richert.ch\/de\/produit\/align-daumenauflage-fuer-glock\/","name":"ALIGN Daumenauflage f\u00fcr Glock - Armurerie Richert","isPartOf":{"@id":"https:\/\/armurerie-richert.ch\/de\/#website"},"primaryImageOfPage":{"@id":"https:\/\/armurerie-richert.ch\/de\/produit\/align-daumenauflage-fuer-glock\/#primaryimage"},"image":{"@id":"https:\/\/armurerie-richert.ch\/de\/produit\/align-daumenauflage-fuer-glock\/#primaryimage"},"thumbnailUrl":"https:\/\/armurerie-richert.ch\/wp-content\/uploads\/2023\/11\/align-tactical-thumb-rest-trigger-pin-for-glock-1.jpg","datePublished":"2023-11-05T12:38:00+00:00","description":"Erzielen Sie einen festen Griff und reduzieren Sie den R\u00fccksto\u00df mit der ALIGN Daumenauflage f\u00fcr Glock. Ideal f\u00fcr schnelles Zielen und einen festen Griff.","breadcrumb":{"@id":"https:\/\/armurerie-richert.ch\/de\/produit\/align-daumenauflage-fuer-glock\/#breadcrumb"},"inLanguage":"de","potentialAction":[{"@type":"ReadAction","target":["https:\/\/armurerie-richert.ch\/de\/produit\/align-daumenauflage-fuer-glock\/"]}]},{"@type":"ImageObject","inLanguage":"de","@id":"https:\/\/armurerie-richert.ch\/de\/produit\/align-daumenauflage-fuer-glock\/#primaryimage","url":"https:\/\/armurerie-richert.ch\/wp-content\/uploads\/2023\/11\/align-tactical-thumb-rest-trigger-pin-for-glock-1.jpg","contentUrl":"https:\/\/armurerie-richert.ch\/wp-content\/uploads\/2023\/11\/align-tactical-thumb-rest-trigger-pin-for-glock-1.jpg","width":1239,"height":1239},{"@type":"BreadcrumbList","@id":"https:\/\/armurerie-richert.ch\/de\/produit\/align-daumenauflage-fuer-glock\/#breadcrumb","itemListElement":[{"@type":"ListItem","position":1,"name":"Accueil","item":"https:\/\/armurerie-richert.ch\/de\/startseite\/"},{"@type":"ListItem","position":2,"name":"Shop","item":"https:\/\/armurerie-richert.ch\/de\/shop\/"},{"@type":"ListItem","position":3,"name":"ALIGN Daumenauflage f\u00fcr Glock"}]},{"@type":"WebSite","@id":"https:\/\/armurerie-richert.ch\/de\/#website","url":"https:\/\/armurerie-richert.ch\/de\/","name":"Armurerie Richert","description":"","publisher":{"@id":"https:\/\/armurerie-richert.ch\/de\/#organization"},"potentialAction":[{"@type":"SearchAction","target":{"@type":"EntryPoint","urlTemplate":"https:\/\/armurerie-richert.ch\/de\/?s={search_term_string}"},"query-input":{"@type":"PropertyValueSpecification","valueRequired":true,"valueName":"search_term_string"}}],"inLanguage":"de"},{"@type":"Organization","@id":"https:\/\/armurerie-richert.ch\/de\/#organization","name":"Armurerie Richert","url":"https:\/\/armurerie-richert.ch\/de\/","logo":{"@type":"ImageObject","inLanguage":"de","@id":"https:\/\/armurerie-richert.ch\/de\/#\/schema\/logo\/image\/","url":"https:\/\/armurerie-richert.ch\/wp-content\/uploads\/2023\/11\/Armurerie-Richert-Logo-300px.png","contentUrl":"https:\/\/armurerie-richert.ch\/wp-content\/uploads\/2023\/11\/Armurerie-Richert-Logo-300px.png","width":300,"height":73,"caption":"Armurerie Richert"},"image":{"@id":"https:\/\/armurerie-richert.ch\/de\/#\/schema\/logo\/image\/"},"sameAs":["https:\/\/www.facebook.com\/profile.php?id=100023920014088"]}]},"product_price_amount":"85.00","product_price_currency":"CHF","og_availability":"instock","product_availability":"instock","product_condition":"new"},"_links":{"self":[{"href":"https:\/\/armurerie-richert.ch\/de\/wp-json\/wp\/v2\/product\/35463","targetHints":{"allow":["GET"]}}],"collection":[{"href":"https:\/\/armurerie-richert.ch\/de\/wp-json\/wp\/v2\/product"}],"about":[{"href":"https:\/\/armurerie-richert.ch\/de\/wp-json\/wp\/v2\/types\/product"}],"wp:featuredmedia":[{"embeddable":true,"href":"https:\/\/armurerie-richert.ch\/de\/wp-json\/wp\/v2\/media\/32362"}],"wp:attachment":[{"href":"https:\/\/armurerie-richert.ch\/de\/wp-json\/wp\/v2\/media?parent=35463"}],"wp:term":[{"taxonomy":"product_brand","embeddable":true,"href":"https:\/\/armurerie-richert.ch\/de\/wp-json\/wp\/v2\/product_brand?post=35463"},{"taxonomy":"product_cat","embeddable":true,"href":"https:\/\/armurerie-richert.ch\/de\/wp-json\/wp\/v2\/product_cat?post=35463"},{"taxonomy":"product_tag","embeddable":true,"href":"https:\/\/armurerie-richert.ch\/de\/wp-json\/wp\/v2\/product_tag?post=35463"}],"curies":[{"name":"wp","href":"https:\/\/api.w.org\/{rel}","templated":true}]}}