{"id":35464,"date":"2023-11-04T15:55:33","date_gmt":"2023-11-04T14:55:33","guid":{"rendered":"https:\/\/armurerie-richert.ch\/produit\/eotech-vudu-1-6x-sr1-mrad-green\/"},"modified":"2026-02-08T09:17:00","modified_gmt":"2026-02-08T08:17:00","slug":"eotech-vudu-1-6x-sr1-mrad-green","status":"publish","type":"product","link":"https:\/\/armurerie-richert.ch\/de\/produit\/eotech-vudu-1-6x-sr1-mrad-green\/","title":{"rendered":"EOTECH Vudu 1-6x SR1 MRAD"},"content":{"rendered":"<h3>EOTECH Vudu 1-6x SR1<\/h3>\n<div id=\"product-detail-description\" class=\"product-detail-description\">\n<div class=\"product-detail-description-text\">Das von EoTech entworfene Vudu 1-6&#215;24 wurde in erster Linie f\u00fcr den zivilen Markt entwickelt, ohne dass die Leistung, die in allen EoTech-Produkten enthalten ist, beeintr\u00e4chtigt wird. Diese variable Optik mit geringer Leistung (LPVO) ist eine ideale Kombination aus Pr\u00e4zision und Qualit\u00e4t f\u00fcr Sport-, Taktik- und Freizeitsch\u00fctzen.<br \/>\nDer 30 mm Tubus ist aus hochwertigem Flugzeugaluminium gefertigt, das in einer kratzfesten, matten Oberfl\u00e4che eloxiert ist. Das Zielfernrohr ist versiegelt und mit Stickstoff gef\u00fcllt, um das Beschlagen der Linsen zu verhindern. Die robuste Konstruktion macht es wasser-, staub-, beschlag- und sto\u00dffest.<br \/>\nDas verwendete Glas ist mehrschichtig entspiegelt und hat ein Augenrelief von 3,27-3,94&#8243; (1x) und 3,23-3,94&#8243; (6x), eine Vergr\u00f6\u00dferung von 1-6x und eine MRAD-Einstellung von 0,2 pro Klick. Das SR1 Absehen in der ersten Brennebene macht das Vudu zu einem pr\u00e4zisen und einfach zu bedienenden Zielfernrohr f\u00fcr nahe und mittlere Entfernungen.<br \/>\n23 MRADs in der Drift und 29 MRADs in der Elevation mit 15 MRADs pro Rotation machen das Vudu zu einem bemerkenswert pr\u00e4zisen und einfach zu bedienenden Zielger\u00e4t.<br \/>\nMit einer L\u00e4nge von 270 mm, einem Tubusdurchmesser von 30 mm, einem Objektivdurchmesser von 24 mm mit 1-6-facher Vergr\u00f6\u00dferung und einem Gewicht von 570 g ist dieses Zielfernrohr eine ideale Wahl f\u00fcr das Sport- und Freizeitschie\u00dfen.    <\/div>\n<\/div>\n<div class=\"product-detail-description\">\n<h2>Eigenschaften und Details<\/h2>\n<div class=\"product-detail-properties\">\n<div class=\"row product-detail-properties-container\">\n<div class=\"col-12\">\n<dl class=\"product-detail-properties-table\">\n<dt class=\"properties-label\">Inhalt der Lieferung:<\/dt>\n<dd class=\"properties-value\">Akkumulator \/ Batterie<\/dd>\n<dt class=\"properties-label\">Durchmesser des Rohrs:<\/dt>\n<dd class=\"properties-value\">30 mm<\/dd>\n<dt class=\"properties-label\">Maximale Vergr\u00f6\u00dferung x des Zielfernrohrs:<\/dt>\n<dd class=\"properties-value\">6 x<\/dd>\n<dt class=\"properties-label\">Minimale Vergr\u00f6\u00dferung x des Zielfernrohrs:<\/dt>\n<dd class=\"properties-value\">1 x<\/dd>\n<dt class=\"properties-label\">Anzahl der ben\u00f6tigten Batterien:<\/dt>\n<dd class=\"properties-value\">1<\/dd>\n<dt class=\"properties-label\">Schienensystem:<\/dt>\n<dd class=\"properties-value\">Unbekannt<\/dd>\n<dt class=\"properties-label\">Art der Batterie:<\/dt>\n<dd class=\"properties-value\">CR2032<\/dd>\n<\/dl>\n<\/div>\n<\/div>\n<\/div>\n<\/div>\n<div class=\"product-detail-description\">\n<h2>Abmessungen und Gewicht<\/h2>\n<div class=\"product-detail-properties\">\n<div class=\"row product-detail-properties-container\">\n<div class=\"col-12\">\n<dl class=\"product-detail-properties-table\">\n<dt class=\"properties-label\">L\u00e4nge:<\/dt>\n<dd class=\"properties-value\">27.6 cm<\/dd>\n<dt class=\"properties-label\">L\u00e4nge verpackt:<\/dt>\n<dd class=\"properties-value\">34.1 cm<\/dd>\n<dt class=\"properties-label\">Breite:<\/dt>\n<dd class=\"properties-value\">6.4 cm<\/dd>\n<dt class=\"properties-label\">Breite verpackt:<\/dt>\n<dd class=\"properties-value\">11.3 cm<\/dd>\n<dt class=\"properties-label\">H\u00f6he:<\/dt>\n<dd class=\"properties-value\">4.7 cm<\/dd>\n<dt class=\"properties-label\">H\u00f6he verpackt:<\/dt>\n<dd class=\"properties-value\">9.2 cm<\/dd>\n<dt class=\"properties-label\">Gewicht:<\/dt>\n<dd class=\"properties-value\">0.58 kg<\/dd>\n<dt class=\"properties-label\">Verpacktes Gewicht:<\/dt>\n<dd class=\"properties-value\">0.95 kg<\/dd>\n<\/dl>\n<\/div>\n<\/div>\n<\/div>\n<\/div>\n","protected":false},"excerpt":{"rendered":"<div id=\"product-detail-description\" class=\"product-detail-description\">\n<div class=\"product-detail-description-text\">Das von EoTech entworfene Vudu 1-6&#215;24 wurde in erster Linie f\u00fcr den zivilen Markt entwickelt, ohne dass die Leistung, die in allen EoTech-Produkten enthalten ist, beeintr\u00e4chtigt wird. Diese variable Optik mit geringer Leistung (LPVO) ist eine ideale Kombination aus Pr\u00e4zision und Qualit\u00e4t f\u00fcr Sport-, Taktik- und Freizeitsch\u00fctzen.<br \/>\nDer 30 mm Tubus ist aus hochwertigem Flugzeugaluminium gefertigt, das in einer kratzfesten, matten Oberfl\u00e4che eloxiert ist. Das Zielfernrohr ist versiegelt und mit Stickstoff gef\u00fcllt, um das Beschlagen der Linsen zu verhindern. Die robuste Konstruktion macht es wasser-, staub-, beschlag- und sto\u00dffest.<br \/>\nDas verwendete Glas ist mehrschichtig entspiegelt und hat ein Augenrelief von 3,27-3,94&#8243; (1x) und 3,23-3,94&#8243; (6x), eine Vergr\u00f6\u00dferung von 1-6x und eine MRAD-Einstellung von 0,2 pro Klick. Das SR1 Absehen in der ersten Brennebene macht das Vudu zu einem pr\u00e4zisen und einfach zu bedienenden Zielfernrohr f\u00fcr nahe und mittlere Entfernungen.<br \/>\n23 MRADs in der Drift und 29 MRADs in der Elevation mit 15 MRADs pro Rotation machen das Vudu zu einem bemerkenswert pr\u00e4zisen und einfach zu bedienenden Zielger\u00e4t.<br \/>\nMit einer L\u00e4nge von 270 mm, einem Tubusdurchmesser von 30 mm, einem Objektivdurchmesser von 24 mm mit 1-6-facher Vergr\u00f6\u00dferung und einem Gewicht von 570 g ist dieses Zielfernrohr eine ideale Wahl f\u00fcr das Sport- und Freizeitschie\u00dfen.    <\/div>\n<\/div>\n<div class=\"product-detail-description\">\n<h2>Eigenschaften und Details<\/h2>\n<div class=\"product-detail-properties\">\n<div class=\"row product-detail-properties-container\">\n<div class=\"col-12\">\n<dl class=\"product-detail-properties-table\">\n<dt class=\"properties-label\">Inhalt der Lieferung:<\/dt>\n<dd class=\"properties-value\">Akkumulator \/ Batterie<\/dd>\n<dt class=\"properties-label\">Durchmesser des Rohrs:<\/dt>\n<dd class=\"properties-value\">30 mm<\/dd>\n<dt class=\"properties-label\">Maximale Vergr\u00f6\u00dferung x des Zielfernrohrs:<\/dt>\n<dd class=\"properties-value\">6 x<\/dd>\n<dt class=\"properties-label\">Minimale Vergr\u00f6\u00dferung x des Zielfernrohrs:<\/dt>\n<dd class=\"properties-value\">1 x<\/dd>\n<dt class=\"properties-label\">Anzahl der ben\u00f6tigten Batterien:<\/dt>\n<dd class=\"properties-value\">1<\/dd>\n<dt class=\"properties-label\">Schienensystem:<\/dt>\n<dd class=\"properties-value\">Unbekannt<\/dd>\n<dt class=\"properties-label\">Art der Batterie:<\/dt>\n<dd class=\"properties-value\">CR2032<\/dd>\n<\/dl>\n<\/div>\n<\/div>\n<\/div>\n<\/div>\n<div class=\"product-detail-description\">\n<h2>Abmessungen und Gewicht<\/h2>\n<div class=\"product-detail-properties\">\n<div class=\"row product-detail-properties-container\">\n<div class=\"col-12\">\n<dl class=\"product-detail-properties-table\">\n<dt class=\"properties-label\">L\u00e4nge:<\/dt>\n<dd class=\"properties-value\">27.6 cm<\/dd>\n<dt class=\"properties-label\">L\u00e4nge verpackt:<\/dt>\n<dd class=\"properties-value\">34.1 cm<\/dd>\n<dt class=\"properties-label\">Breite:<\/dt>\n<dd class=\"properties-value\">6.4 cm<\/dd>\n<dt class=\"properties-label\">Breite verpackt:<\/dt>\n<dd class=\"properties-value\">11.3 cm<\/dd>\n<dt class=\"properties-label\">H\u00f6he:<\/dt>\n<dd class=\"properties-value\">4.7 cm<\/dd>\n<dt class=\"properties-label\">H\u00f6he verpackt:<\/dt>\n<dd class=\"properties-value\">9.2 cm<\/dd>\n<dt class=\"properties-label\">Gewicht:<\/dt>\n<dd class=\"properties-value\">0.58 kg<\/dd>\n<dt class=\"properties-label\">Verpacktes Gewicht:<\/dt>\n<dd class=\"properties-value\">0.95 kg<\/dd>\n<\/dl>\n<\/div>\n<\/div>\n<\/div>\n<\/div>\n","protected":false},"featured_media":34316,"template":"","meta":{"_et_pb_use_builder":"","_et_pb_old_content":"","_et_gb_content_width":""},"product_brand":[],"product_cat":[76,65],"product_tag":[],"class_list":{"0":"post-35464","1":"product","2":"type-product","3":"status-publish","4":"has-post-thumbnail","6":"product_cat-brillen","7":"product_cat-zubehor-und-optik","9":"first","10":"instock","11":"shipping-taxable","12":"purchasable","13":"product-type-simple"},"yoast_head":"<!-- This site is optimized with the Yoast SEO Premium plugin v24.7 (Yoast SEO v27.5) - https:\/\/yoast.com\/product\/yoast-seo-premium-wordpress\/ -->\n<title>EOTECH Vudu 1-6x SR1 MRAD - Armurerie Richert<\/title>\n<meta name=\"description\" content=\"Entdecken Sie das Vudu 1-6x24 SR1, ein Zielfernrohr, das von EoTech speziell f\u00fcr Sport-, Taktik- und Freizeitsch\u00fctzen entwickelt wurde. Pr\u00e4zision und Qualit\u00e4t garantiert!\" \/>\n<meta name=\"robots\" content=\"index, follow, max-snippet:-1, max-image-preview:large, max-video-preview:-1\" \/>\n<link rel=\"canonical\" href=\"https:\/\/armurerie-richert.ch\/de\/produit\/eotech-vudu-1-6x-sr1-mrad-green\/\" \/>\n<meta property=\"og:locale\" content=\"de_DE\" \/>\n<meta property=\"og:type\" content=\"article\" \/>\n<meta property=\"og:title\" content=\"EOTECH Vudu 1-6x SR1 MRAD\" \/>\n<meta property=\"og:description\" content=\"Entdecken Sie das Vudu 1-6x24 SR1, ein Zielfernrohr, das von EoTech speziell f\u00fcr Sport-, Taktik- und Freizeitsch\u00fctzen entwickelt wurde. Pr\u00e4zision und Qualit\u00e4t garantiert!\" \/>\n<meta property=\"og:url\" content=\"https:\/\/armurerie-richert.ch\/de\/produit\/eotech-vudu-1-6x-sr1-mrad-green\/\" \/>\n<meta property=\"og:site_name\" content=\"Armurerie Richert\" \/>\n<meta property=\"article:publisher\" content=\"https:\/\/www.facebook.com\/profile.php?id=100023920014088\" \/>\n<meta property=\"article:modified_time\" content=\"2026-02-08T08:17:00+00:00\" \/>\n<meta property=\"og:image\" content=\"https:\/\/armurerie-richert.ch\/wp-content\/uploads\/2023\/11\/Eotech-vudu-2.jpg\" \/>\n\t<meta property=\"og:image:width\" content=\"1920\" \/>\n\t<meta property=\"og:image:height\" content=\"1920\" \/>\n\t<meta property=\"og:image:type\" content=\"image\/jpeg\" \/>\n<meta name=\"twitter:card\" content=\"summary_large_image\" \/>\n<meta name=\"twitter:label1\" content=\"Preis\" \/>\n\t<meta name=\"twitter:data1\" content=\"&#067;&#072;&#070;&nbsp;1&#039;540.00\" \/>\n\t<meta name=\"twitter:label2\" content=\"Verf\u00fcgbarkeit\" \/>\n\t<meta name=\"twitter:data2\" content=\"Auf Lager\" \/>\n<script type=\"application\/ld+json\" class=\"yoast-schema-graph\">{\"@context\":\"https:\\\/\\\/schema.org\",\"@graph\":[{\"@type\":\"WebPage\",\"@id\":\"https:\\\/\\\/armurerie-richert.ch\\\/de\\\/produit\\\/eotech-vudu-1-6x-sr1-mrad-green\\\/\",\"url\":\"https:\\\/\\\/armurerie-richert.ch\\\/de\\\/produit\\\/eotech-vudu-1-6x-sr1-mrad-green\\\/\",\"name\":\"EOTECH Vudu 1-6x SR1 MRAD - Armurerie Richert\",\"isPartOf\":{\"@id\":\"https:\\\/\\\/armurerie-richert.ch\\\/de\\\/#website\"},\"primaryImageOfPage\":{\"@id\":\"https:\\\/\\\/armurerie-richert.ch\\\/de\\\/produit\\\/eotech-vudu-1-6x-sr1-mrad-green\\\/#primaryimage\"},\"image\":{\"@id\":\"https:\\\/\\\/armurerie-richert.ch\\\/de\\\/produit\\\/eotech-vudu-1-6x-sr1-mrad-green\\\/#primaryimage\"},\"thumbnailUrl\":\"https:\\\/\\\/armurerie-richert.ch\\\/wp-content\\\/uploads\\\/2023\\\/11\\\/Eotech-vudu-2.jpg\",\"datePublished\":\"2023-11-04T14:55:33+00:00\",\"dateModified\":\"2026-02-08T08:17:00+00:00\",\"description\":\"Entdecken Sie das Vudu 1-6x24 SR1, ein Zielfernrohr, das von EoTech speziell f\u00fcr Sport-, Taktik- und Freizeitsch\u00fctzen entwickelt wurde. Pr\u00e4zision und Qualit\u00e4t garantiert!\",\"breadcrumb\":{\"@id\":\"https:\\\/\\\/armurerie-richert.ch\\\/de\\\/produit\\\/eotech-vudu-1-6x-sr1-mrad-green\\\/#breadcrumb\"},\"inLanguage\":\"de\",\"potentialAction\":[{\"@type\":\"ReadAction\",\"target\":[\"https:\\\/\\\/armurerie-richert.ch\\\/de\\\/produit\\\/eotech-vudu-1-6x-sr1-mrad-green\\\/\"]}]},{\"@type\":\"ImageObject\",\"inLanguage\":\"de\",\"@id\":\"https:\\\/\\\/armurerie-richert.ch\\\/de\\\/produit\\\/eotech-vudu-1-6x-sr1-mrad-green\\\/#primaryimage\",\"url\":\"https:\\\/\\\/armurerie-richert.ch\\\/wp-content\\\/uploads\\\/2023\\\/11\\\/Eotech-vudu-2.jpg\",\"contentUrl\":\"https:\\\/\\\/armurerie-richert.ch\\\/wp-content\\\/uploads\\\/2023\\\/11\\\/Eotech-vudu-2.jpg\",\"width\":1920,\"height\":1920},{\"@type\":\"BreadcrumbList\",\"@id\":\"https:\\\/\\\/armurerie-richert.ch\\\/de\\\/produit\\\/eotech-vudu-1-6x-sr1-mrad-green\\\/#breadcrumb\",\"itemListElement\":[{\"@type\":\"ListItem\",\"position\":1,\"name\":\"Accueil\",\"item\":\"https:\\\/\\\/armurerie-richert.ch\\\/de\\\/startseite\\\/\"},{\"@type\":\"ListItem\",\"position\":2,\"name\":\"Shop\",\"item\":\"https:\\\/\\\/armurerie-richert.ch\\\/de\\\/shop\\\/\"},{\"@type\":\"ListItem\",\"position\":3,\"name\":\"EOTECH Vudu 1-6x SR1 MRAD\"}]},{\"@type\":\"WebSite\",\"@id\":\"https:\\\/\\\/armurerie-richert.ch\\\/de\\\/#website\",\"url\":\"https:\\\/\\\/armurerie-richert.ch\\\/de\\\/\",\"name\":\"Armurerie Richert\",\"description\":\"\",\"publisher\":{\"@id\":\"https:\\\/\\\/armurerie-richert.ch\\\/de\\\/#organization\"},\"potentialAction\":[{\"@type\":\"SearchAction\",\"target\":{\"@type\":\"EntryPoint\",\"urlTemplate\":\"https:\\\/\\\/armurerie-richert.ch\\\/de\\\/?s={search_term_string}\"},\"query-input\":{\"@type\":\"PropertyValueSpecification\",\"valueRequired\":true,\"valueName\":\"search_term_string\"}}],\"inLanguage\":\"de\"},{\"@type\":\"Organization\",\"@id\":\"https:\\\/\\\/armurerie-richert.ch\\\/de\\\/#organization\",\"name\":\"Armurerie Richert\",\"url\":\"https:\\\/\\\/armurerie-richert.ch\\\/de\\\/\",\"logo\":{\"@type\":\"ImageObject\",\"inLanguage\":\"de\",\"@id\":\"https:\\\/\\\/armurerie-richert.ch\\\/de\\\/#\\\/schema\\\/logo\\\/image\\\/\",\"url\":\"https:\\\/\\\/armurerie-richert.ch\\\/wp-content\\\/uploads\\\/2023\\\/11\\\/Armurerie-Richert-Logo-300px.png\",\"contentUrl\":\"https:\\\/\\\/armurerie-richert.ch\\\/wp-content\\\/uploads\\\/2023\\\/11\\\/Armurerie-Richert-Logo-300px.png\",\"width\":300,\"height\":73,\"caption\":\"Armurerie Richert\"},\"image\":{\"@id\":\"https:\\\/\\\/armurerie-richert.ch\\\/de\\\/#\\\/schema\\\/logo\\\/image\\\/\"},\"sameAs\":[\"https:\\\/\\\/www.facebook.com\\\/profile.php?id=100023920014088\"]}]}<\/script>\n<meta property=\"product:price:amount\" content=\"1540.00\" \/>\n<meta property=\"product:price:currency\" content=\"CHF\" \/>\n<meta property=\"og:availability\" content=\"instock\" \/>\n<meta property=\"product:availability\" content=\"instock\" \/>\n<meta property=\"product:condition\" content=\"new\" \/>\n<!-- \/ Yoast SEO Premium plugin. -->","yoast_head_json":{"title":"EOTECH Vudu 1-6x SR1 MRAD - Armurerie Richert","description":"Entdecken Sie das Vudu 1-6x24 SR1, ein Zielfernrohr, das von EoTech speziell f\u00fcr Sport-, Taktik- und Freizeitsch\u00fctzen entwickelt wurde. Pr\u00e4zision und Qualit\u00e4t garantiert!","robots":{"index":"index","follow":"follow","max-snippet":"max-snippet:-1","max-image-preview":"max-image-preview:large","max-video-preview":"max-video-preview:-1"},"canonical":"https:\/\/armurerie-richert.ch\/de\/produit\/eotech-vudu-1-6x-sr1-mrad-green\/","og_locale":"de_DE","og_type":"article","og_title":"EOTECH Vudu 1-6x SR1 MRAD","og_description":"Entdecken Sie das Vudu 1-6x24 SR1, ein Zielfernrohr, das von EoTech speziell f\u00fcr Sport-, Taktik- und Freizeitsch\u00fctzen entwickelt wurde. Pr\u00e4zision und Qualit\u00e4t garantiert!","og_url":"https:\/\/armurerie-richert.ch\/de\/produit\/eotech-vudu-1-6x-sr1-mrad-green\/","og_site_name":"Armurerie Richert","article_publisher":"https:\/\/www.facebook.com\/profile.php?id=100023920014088","article_modified_time":"2026-02-08T08:17:00+00:00","og_image":[{"width":1920,"height":1920,"url":"https:\/\/armurerie-richert.ch\/wp-content\/uploads\/2023\/11\/Eotech-vudu-2.jpg","type":"image\/jpeg"}],"twitter_card":"summary_large_image","twitter_misc":{"Preis":"&#67;&#72;&#70;&nbsp;1'540.00","Verf\u00fcgbarkeit":"Auf Lager"},"schema":{"@context":"https:\/\/schema.org","@graph":[{"@type":"WebPage","@id":"https:\/\/armurerie-richert.ch\/de\/produit\/eotech-vudu-1-6x-sr1-mrad-green\/","url":"https:\/\/armurerie-richert.ch\/de\/produit\/eotech-vudu-1-6x-sr1-mrad-green\/","name":"EOTECH Vudu 1-6x SR1 MRAD - Armurerie Richert","isPartOf":{"@id":"https:\/\/armurerie-richert.ch\/de\/#website"},"primaryImageOfPage":{"@id":"https:\/\/armurerie-richert.ch\/de\/produit\/eotech-vudu-1-6x-sr1-mrad-green\/#primaryimage"},"image":{"@id":"https:\/\/armurerie-richert.ch\/de\/produit\/eotech-vudu-1-6x-sr1-mrad-green\/#primaryimage"},"thumbnailUrl":"https:\/\/armurerie-richert.ch\/wp-content\/uploads\/2023\/11\/Eotech-vudu-2.jpg","datePublished":"2023-11-04T14:55:33+00:00","dateModified":"2026-02-08T08:17:00+00:00","description":"Entdecken Sie das Vudu 1-6x24 SR1, ein Zielfernrohr, das von EoTech speziell f\u00fcr Sport-, Taktik- und Freizeitsch\u00fctzen entwickelt wurde. Pr\u00e4zision und Qualit\u00e4t garantiert!","breadcrumb":{"@id":"https:\/\/armurerie-richert.ch\/de\/produit\/eotech-vudu-1-6x-sr1-mrad-green\/#breadcrumb"},"inLanguage":"de","potentialAction":[{"@type":"ReadAction","target":["https:\/\/armurerie-richert.ch\/de\/produit\/eotech-vudu-1-6x-sr1-mrad-green\/"]}]},{"@type":"ImageObject","inLanguage":"de","@id":"https:\/\/armurerie-richert.ch\/de\/produit\/eotech-vudu-1-6x-sr1-mrad-green\/#primaryimage","url":"https:\/\/armurerie-richert.ch\/wp-content\/uploads\/2023\/11\/Eotech-vudu-2.jpg","contentUrl":"https:\/\/armurerie-richert.ch\/wp-content\/uploads\/2023\/11\/Eotech-vudu-2.jpg","width":1920,"height":1920},{"@type":"BreadcrumbList","@id":"https:\/\/armurerie-richert.ch\/de\/produit\/eotech-vudu-1-6x-sr1-mrad-green\/#breadcrumb","itemListElement":[{"@type":"ListItem","position":1,"name":"Accueil","item":"https:\/\/armurerie-richert.ch\/de\/startseite\/"},{"@type":"ListItem","position":2,"name":"Shop","item":"https:\/\/armurerie-richert.ch\/de\/shop\/"},{"@type":"ListItem","position":3,"name":"EOTECH Vudu 1-6x SR1 MRAD"}]},{"@type":"WebSite","@id":"https:\/\/armurerie-richert.ch\/de\/#website","url":"https:\/\/armurerie-richert.ch\/de\/","name":"Armurerie Richert","description":"","publisher":{"@id":"https:\/\/armurerie-richert.ch\/de\/#organization"},"potentialAction":[{"@type":"SearchAction","target":{"@type":"EntryPoint","urlTemplate":"https:\/\/armurerie-richert.ch\/de\/?s={search_term_string}"},"query-input":{"@type":"PropertyValueSpecification","valueRequired":true,"valueName":"search_term_string"}}],"inLanguage":"de"},{"@type":"Organization","@id":"https:\/\/armurerie-richert.ch\/de\/#organization","name":"Armurerie Richert","url":"https:\/\/armurerie-richert.ch\/de\/","logo":{"@type":"ImageObject","inLanguage":"de","@id":"https:\/\/armurerie-richert.ch\/de\/#\/schema\/logo\/image\/","url":"https:\/\/armurerie-richert.ch\/wp-content\/uploads\/2023\/11\/Armurerie-Richert-Logo-300px.png","contentUrl":"https:\/\/armurerie-richert.ch\/wp-content\/uploads\/2023\/11\/Armurerie-Richert-Logo-300px.png","width":300,"height":73,"caption":"Armurerie Richert"},"image":{"@id":"https:\/\/armurerie-richert.ch\/de\/#\/schema\/logo\/image\/"},"sameAs":["https:\/\/www.facebook.com\/profile.php?id=100023920014088"]}]},"product_price_amount":"1540.00","product_price_currency":"CHF","og_availability":"instock","product_availability":"instock","product_condition":"new"},"_links":{"self":[{"href":"https:\/\/armurerie-richert.ch\/de\/wp-json\/wp\/v2\/product\/35464","targetHints":{"allow":["GET"]}}],"collection":[{"href":"https:\/\/armurerie-richert.ch\/de\/wp-json\/wp\/v2\/product"}],"about":[{"href":"https:\/\/armurerie-richert.ch\/de\/wp-json\/wp\/v2\/types\/product"}],"wp:featuredmedia":[{"embeddable":true,"href":"https:\/\/armurerie-richert.ch\/de\/wp-json\/wp\/v2\/media\/34316"}],"wp:attachment":[{"href":"https:\/\/armurerie-richert.ch\/de\/wp-json\/wp\/v2\/media?parent=35464"}],"wp:term":[{"taxonomy":"product_brand","embeddable":true,"href":"https:\/\/armurerie-richert.ch\/de\/wp-json\/wp\/v2\/product_brand?post=35464"},{"taxonomy":"product_cat","embeddable":true,"href":"https:\/\/armurerie-richert.ch\/de\/wp-json\/wp\/v2\/product_cat?post=35464"},{"taxonomy":"product_tag","embeddable":true,"href":"https:\/\/armurerie-richert.ch\/de\/wp-json\/wp\/v2\/product_tag?post=35464"}],"curies":[{"name":"wp","href":"https:\/\/api.w.org\/{rel}","templated":true}]}}