{"id":35465,"date":"2023-11-05T13:28:28","date_gmt":"2023-11-05T12:28:28","guid":{"rendered":"https:\/\/armurerie-richert.ch\/produit\/montage-aero-precision-ultralight-30mm\/"},"modified":"2023-11-05T13:28:28","modified_gmt":"2023-11-05T12:28:28","slug":"montage-aero-precision-ultralight-30mm","status":"publish","type":"product","link":"https:\/\/armurerie-richert.ch\/de\/produit\/montage-aero-precision-ultralight-30mm\/","title":{"rendered":"Montage AERO PRECISION Ultralight 30mm"},"content":{"rendered":"<h3>Montage AERO PRECISION Ultralight 30mm<\/h3>\n<p>Mit seinem steifen, leichten Design erg\u00e4nzt unser Ultralight 30mm Scope Mount viele hochmoderne optische Plattformen. Dieser Scope Mount ist f\u00fcr AR-Typ Upper Receiver mit Mil-Spec 1913 Picatinny Schienen konzipiert und verf\u00fcgt \u00fcber einen Cross-Slot Keyway, der einen ausgezeichneten Schutz vor Schl\u00e4gen bietet.<\/p>\n<p>Ihre Ultralight Scope Mounts befreien Sie von unn\u00f6tigem Ballast und bieten eine der leichtesten Mounts der Branche.<\/p>\n<p><strong>Spezifikationen:<\/strong><\/p>\n<ul>\n<li><strong>Finish:<\/strong> Anodized Black<\/li>\n<li><strong>Material:<\/strong> 6061 T6 extrudierte Aluminiumkonstruktion<\/li>\n<li><strong>Other Features:<\/strong> Schraubendrehmoment -15 in-lbs<\/li>\n<\/ul>\n","protected":false},"excerpt":{"rendered":"<p>Mit seinem steifen, leichten Design erg\u00e4nzt unser Ultralight 30mm Scope Mount viele hochmoderne optische Plattformen. Dieser Scope Mount ist f\u00fcr AR-Typ Upper Receiver mit Mil-Spec 1913 Picatinny Schienen konzipiert und verf\u00fcgt \u00fcber einen Cross-Slot Keyway, der einen ausgezeichneten Schutz vor Schl\u00e4gen bietet.<\/p>\n<p>Ihre Ultralight Scope Mounts befreien Sie von unn\u00f6tigem Ballast und bieten eine der leichtesten Mounts der Branche.<\/p>\n<p><strong>Spezifikationen:<\/strong><\/p>\n<ul>\n<li><strong>Finish:<\/strong> Anodized Black<\/li>\n<li><strong>Material:<\/strong> 6061 T6 extrudierte Aluminiumkonstruktion<\/li>\n<li><strong>Other Features:<\/strong> Schraubendrehmoment -15 in-lbs<\/li>\n<\/ul>\n","protected":false},"featured_media":32352,"template":"","meta":{"_et_pb_use_builder":"","_et_pb_old_content":"","_et_gb_content_width":""},"product_brand":[],"product_cat":[76,65],"product_tag":[],"class_list":{"0":"post-35465","1":"product","2":"type-product","3":"status-publish","4":"has-post-thumbnail","6":"product_cat-brillen","7":"product_cat-zubehor-und-optik","9":"first","10":"instock","11":"shipping-taxable","12":"purchasable","13":"product-type-simple"},"yoast_head":"<!-- This site is optimized with the Yoast SEO Premium plugin v24.7 (Yoast SEO v27.5) - https:\/\/yoast.com\/product\/yoast-seo-premium-wordpress\/ -->\n<title>Montage AERO PRECISION Ultralight 30mm - Armurerie Richert<\/title>\n<meta name=\"description\" content=\"Optimieren Sie Ihre Schie\u00dfleistung mit der AERO PRECISION Ultralight 30mm Montage. Passend f\u00fcr AR-Empf\u00e4nger mit Picatinny-Schienen.\" \/>\n<meta name=\"robots\" content=\"index, follow, max-snippet:-1, max-image-preview:large, max-video-preview:-1\" \/>\n<link rel=\"canonical\" href=\"https:\/\/armurerie-richert.ch\/de\/produit\/montage-aero-precision-ultralight-30mm\/\" \/>\n<meta property=\"og:locale\" content=\"de_DE\" \/>\n<meta property=\"og:type\" content=\"article\" \/>\n<meta property=\"og:title\" content=\"Montage AERO PRECISION Ultralight 30mm\" \/>\n<meta property=\"og:description\" content=\"Optimieren Sie Ihre Schie\u00dfleistung mit der AERO PRECISION Ultralight 30mm Montage. Passend f\u00fcr AR-Empf\u00e4nger mit Picatinny-Schienen.\" \/>\n<meta property=\"og:url\" content=\"https:\/\/armurerie-richert.ch\/de\/produit\/montage-aero-precision-ultralight-30mm\/\" \/>\n<meta property=\"og:site_name\" content=\"Armurerie Richert\" \/>\n<meta property=\"article:publisher\" content=\"https:\/\/www.facebook.com\/profile.php?id=100023920014088\" \/>\n<meta property=\"og:image\" content=\"https:\/\/armurerie-richert.ch\/wp-content\/uploads\/2023\/11\/aero-precision-ultralight-30mm-scope-mount-standard.jpg\" \/>\n\t<meta property=\"og:image:width\" content=\"560\" \/>\n\t<meta property=\"og:image:height\" content=\"560\" \/>\n\t<meta property=\"og:image:type\" content=\"image\/jpeg\" \/>\n<meta name=\"twitter:card\" content=\"summary_large_image\" \/>\n<meta name=\"twitter:label1\" content=\"Preis\" \/>\n\t<meta name=\"twitter:data1\" content=\"&#067;&#072;&#070;&nbsp;130.00\" \/>\n\t<meta name=\"twitter:label2\" content=\"Verf\u00fcgbarkeit\" \/>\n\t<meta name=\"twitter:data2\" content=\"Auf Lager\" \/>\n<script type=\"application\/ld+json\" class=\"yoast-schema-graph\">{\"@context\":\"https:\\\/\\\/schema.org\",\"@graph\":[{\"@type\":\"WebPage\",\"@id\":\"https:\\\/\\\/armurerie-richert.ch\\\/de\\\/produit\\\/montage-aero-precision-ultralight-30mm\\\/\",\"url\":\"https:\\\/\\\/armurerie-richert.ch\\\/de\\\/produit\\\/montage-aero-precision-ultralight-30mm\\\/\",\"name\":\"Montage AERO PRECISION Ultralight 30mm - Armurerie Richert\",\"isPartOf\":{\"@id\":\"https:\\\/\\\/armurerie-richert.ch\\\/de\\\/#website\"},\"primaryImageOfPage\":{\"@id\":\"https:\\\/\\\/armurerie-richert.ch\\\/de\\\/produit\\\/montage-aero-precision-ultralight-30mm\\\/#primaryimage\"},\"image\":{\"@id\":\"https:\\\/\\\/armurerie-richert.ch\\\/de\\\/produit\\\/montage-aero-precision-ultralight-30mm\\\/#primaryimage\"},\"thumbnailUrl\":\"https:\\\/\\\/armurerie-richert.ch\\\/wp-content\\\/uploads\\\/2023\\\/11\\\/aero-precision-ultralight-30mm-scope-mount-standard.jpg\",\"datePublished\":\"2023-11-05T12:28:28+00:00\",\"description\":\"Optimieren Sie Ihre Schie\u00dfleistung mit der AERO PRECISION Ultralight 30mm Montage. Passend f\u00fcr AR-Empf\u00e4nger mit Picatinny-Schienen.\",\"breadcrumb\":{\"@id\":\"https:\\\/\\\/armurerie-richert.ch\\\/de\\\/produit\\\/montage-aero-precision-ultralight-30mm\\\/#breadcrumb\"},\"inLanguage\":\"de\",\"potentialAction\":[{\"@type\":\"ReadAction\",\"target\":[\"https:\\\/\\\/armurerie-richert.ch\\\/de\\\/produit\\\/montage-aero-precision-ultralight-30mm\\\/\"]}]},{\"@type\":\"ImageObject\",\"inLanguage\":\"de\",\"@id\":\"https:\\\/\\\/armurerie-richert.ch\\\/de\\\/produit\\\/montage-aero-precision-ultralight-30mm\\\/#primaryimage\",\"url\":\"https:\\\/\\\/armurerie-richert.ch\\\/wp-content\\\/uploads\\\/2023\\\/11\\\/aero-precision-ultralight-30mm-scope-mount-standard.jpg\",\"contentUrl\":\"https:\\\/\\\/armurerie-richert.ch\\\/wp-content\\\/uploads\\\/2023\\\/11\\\/aero-precision-ultralight-30mm-scope-mount-standard.jpg\",\"width\":560,\"height\":560},{\"@type\":\"BreadcrumbList\",\"@id\":\"https:\\\/\\\/armurerie-richert.ch\\\/de\\\/produit\\\/montage-aero-precision-ultralight-30mm\\\/#breadcrumb\",\"itemListElement\":[{\"@type\":\"ListItem\",\"position\":1,\"name\":\"Accueil\",\"item\":\"https:\\\/\\\/armurerie-richert.ch\\\/de\\\/startseite\\\/\"},{\"@type\":\"ListItem\",\"position\":2,\"name\":\"Shop\",\"item\":\"https:\\\/\\\/armurerie-richert.ch\\\/de\\\/shop\\\/\"},{\"@type\":\"ListItem\",\"position\":3,\"name\":\"Montage AERO PRECISION Ultralight 30mm\"}]},{\"@type\":\"WebSite\",\"@id\":\"https:\\\/\\\/armurerie-richert.ch\\\/de\\\/#website\",\"url\":\"https:\\\/\\\/armurerie-richert.ch\\\/de\\\/\",\"name\":\"Armurerie Richert\",\"description\":\"\",\"publisher\":{\"@id\":\"https:\\\/\\\/armurerie-richert.ch\\\/de\\\/#organization\"},\"potentialAction\":[{\"@type\":\"SearchAction\",\"target\":{\"@type\":\"EntryPoint\",\"urlTemplate\":\"https:\\\/\\\/armurerie-richert.ch\\\/de\\\/?s={search_term_string}\"},\"query-input\":{\"@type\":\"PropertyValueSpecification\",\"valueRequired\":true,\"valueName\":\"search_term_string\"}}],\"inLanguage\":\"de\"},{\"@type\":\"Organization\",\"@id\":\"https:\\\/\\\/armurerie-richert.ch\\\/de\\\/#organization\",\"name\":\"Armurerie Richert\",\"url\":\"https:\\\/\\\/armurerie-richert.ch\\\/de\\\/\",\"logo\":{\"@type\":\"ImageObject\",\"inLanguage\":\"de\",\"@id\":\"https:\\\/\\\/armurerie-richert.ch\\\/de\\\/#\\\/schema\\\/logo\\\/image\\\/\",\"url\":\"https:\\\/\\\/armurerie-richert.ch\\\/wp-content\\\/uploads\\\/2023\\\/11\\\/Armurerie-Richert-Logo-300px.png\",\"contentUrl\":\"https:\\\/\\\/armurerie-richert.ch\\\/wp-content\\\/uploads\\\/2023\\\/11\\\/Armurerie-Richert-Logo-300px.png\",\"width\":300,\"height\":73,\"caption\":\"Armurerie Richert\"},\"image\":{\"@id\":\"https:\\\/\\\/armurerie-richert.ch\\\/de\\\/#\\\/schema\\\/logo\\\/image\\\/\"},\"sameAs\":[\"https:\\\/\\\/www.facebook.com\\\/profile.php?id=100023920014088\"]}]}<\/script>\n<meta property=\"product:price:amount\" content=\"130.00\" \/>\n<meta property=\"product:price:currency\" content=\"CHF\" \/>\n<meta property=\"og:availability\" content=\"instock\" \/>\n<meta property=\"product:availability\" content=\"instock\" \/>\n<meta property=\"product:condition\" content=\"new\" \/>\n<!-- \/ Yoast SEO Premium plugin. -->","yoast_head_json":{"title":"Montage AERO PRECISION Ultralight 30mm - Armurerie Richert","description":"Optimieren Sie Ihre Schie\u00dfleistung mit der AERO PRECISION Ultralight 30mm Montage. Passend f\u00fcr AR-Empf\u00e4nger mit Picatinny-Schienen.","robots":{"index":"index","follow":"follow","max-snippet":"max-snippet:-1","max-image-preview":"max-image-preview:large","max-video-preview":"max-video-preview:-1"},"canonical":"https:\/\/armurerie-richert.ch\/de\/produit\/montage-aero-precision-ultralight-30mm\/","og_locale":"de_DE","og_type":"article","og_title":"Montage AERO PRECISION Ultralight 30mm","og_description":"Optimieren Sie Ihre Schie\u00dfleistung mit der AERO PRECISION Ultralight 30mm Montage. Passend f\u00fcr AR-Empf\u00e4nger mit Picatinny-Schienen.","og_url":"https:\/\/armurerie-richert.ch\/de\/produit\/montage-aero-precision-ultralight-30mm\/","og_site_name":"Armurerie Richert","article_publisher":"https:\/\/www.facebook.com\/profile.php?id=100023920014088","og_image":[{"width":560,"height":560,"url":"https:\/\/armurerie-richert.ch\/wp-content\/uploads\/2023\/11\/aero-precision-ultralight-30mm-scope-mount-standard.jpg","type":"image\/jpeg"}],"twitter_card":"summary_large_image","twitter_misc":{"Preis":"&#67;&#72;&#70;&nbsp;130.00","Verf\u00fcgbarkeit":"Auf Lager"},"schema":{"@context":"https:\/\/schema.org","@graph":[{"@type":"WebPage","@id":"https:\/\/armurerie-richert.ch\/de\/produit\/montage-aero-precision-ultralight-30mm\/","url":"https:\/\/armurerie-richert.ch\/de\/produit\/montage-aero-precision-ultralight-30mm\/","name":"Montage AERO PRECISION Ultralight 30mm - Armurerie Richert","isPartOf":{"@id":"https:\/\/armurerie-richert.ch\/de\/#website"},"primaryImageOfPage":{"@id":"https:\/\/armurerie-richert.ch\/de\/produit\/montage-aero-precision-ultralight-30mm\/#primaryimage"},"image":{"@id":"https:\/\/armurerie-richert.ch\/de\/produit\/montage-aero-precision-ultralight-30mm\/#primaryimage"},"thumbnailUrl":"https:\/\/armurerie-richert.ch\/wp-content\/uploads\/2023\/11\/aero-precision-ultralight-30mm-scope-mount-standard.jpg","datePublished":"2023-11-05T12:28:28+00:00","description":"Optimieren Sie Ihre Schie\u00dfleistung mit der AERO PRECISION Ultralight 30mm Montage. Passend f\u00fcr AR-Empf\u00e4nger mit Picatinny-Schienen.","breadcrumb":{"@id":"https:\/\/armurerie-richert.ch\/de\/produit\/montage-aero-precision-ultralight-30mm\/#breadcrumb"},"inLanguage":"de","potentialAction":[{"@type":"ReadAction","target":["https:\/\/armurerie-richert.ch\/de\/produit\/montage-aero-precision-ultralight-30mm\/"]}]},{"@type":"ImageObject","inLanguage":"de","@id":"https:\/\/armurerie-richert.ch\/de\/produit\/montage-aero-precision-ultralight-30mm\/#primaryimage","url":"https:\/\/armurerie-richert.ch\/wp-content\/uploads\/2023\/11\/aero-precision-ultralight-30mm-scope-mount-standard.jpg","contentUrl":"https:\/\/armurerie-richert.ch\/wp-content\/uploads\/2023\/11\/aero-precision-ultralight-30mm-scope-mount-standard.jpg","width":560,"height":560},{"@type":"BreadcrumbList","@id":"https:\/\/armurerie-richert.ch\/de\/produit\/montage-aero-precision-ultralight-30mm\/#breadcrumb","itemListElement":[{"@type":"ListItem","position":1,"name":"Accueil","item":"https:\/\/armurerie-richert.ch\/de\/startseite\/"},{"@type":"ListItem","position":2,"name":"Shop","item":"https:\/\/armurerie-richert.ch\/de\/shop\/"},{"@type":"ListItem","position":3,"name":"Montage AERO PRECISION Ultralight 30mm"}]},{"@type":"WebSite","@id":"https:\/\/armurerie-richert.ch\/de\/#website","url":"https:\/\/armurerie-richert.ch\/de\/","name":"Armurerie Richert","description":"","publisher":{"@id":"https:\/\/armurerie-richert.ch\/de\/#organization"},"potentialAction":[{"@type":"SearchAction","target":{"@type":"EntryPoint","urlTemplate":"https:\/\/armurerie-richert.ch\/de\/?s={search_term_string}"},"query-input":{"@type":"PropertyValueSpecification","valueRequired":true,"valueName":"search_term_string"}}],"inLanguage":"de"},{"@type":"Organization","@id":"https:\/\/armurerie-richert.ch\/de\/#organization","name":"Armurerie Richert","url":"https:\/\/armurerie-richert.ch\/de\/","logo":{"@type":"ImageObject","inLanguage":"de","@id":"https:\/\/armurerie-richert.ch\/de\/#\/schema\/logo\/image\/","url":"https:\/\/armurerie-richert.ch\/wp-content\/uploads\/2023\/11\/Armurerie-Richert-Logo-300px.png","contentUrl":"https:\/\/armurerie-richert.ch\/wp-content\/uploads\/2023\/11\/Armurerie-Richert-Logo-300px.png","width":300,"height":73,"caption":"Armurerie Richert"},"image":{"@id":"https:\/\/armurerie-richert.ch\/de\/#\/schema\/logo\/image\/"},"sameAs":["https:\/\/www.facebook.com\/profile.php?id=100023920014088"]}]},"product_price_amount":"130.00","product_price_currency":"CHF","og_availability":"instock","product_availability":"instock","product_condition":"new"},"_links":{"self":[{"href":"https:\/\/armurerie-richert.ch\/de\/wp-json\/wp\/v2\/product\/35465","targetHints":{"allow":["GET"]}}],"collection":[{"href":"https:\/\/armurerie-richert.ch\/de\/wp-json\/wp\/v2\/product"}],"about":[{"href":"https:\/\/armurerie-richert.ch\/de\/wp-json\/wp\/v2\/types\/product"}],"wp:featuredmedia":[{"embeddable":true,"href":"https:\/\/armurerie-richert.ch\/de\/wp-json\/wp\/v2\/media\/32352"}],"wp:attachment":[{"href":"https:\/\/armurerie-richert.ch\/de\/wp-json\/wp\/v2\/media?parent=35465"}],"wp:term":[{"taxonomy":"product_brand","embeddable":true,"href":"https:\/\/armurerie-richert.ch\/de\/wp-json\/wp\/v2\/product_brand?post=35465"},{"taxonomy":"product_cat","embeddable":true,"href":"https:\/\/armurerie-richert.ch\/de\/wp-json\/wp\/v2\/product_cat?post=35465"},{"taxonomy":"product_tag","embeddable":true,"href":"https:\/\/armurerie-richert.ch\/de\/wp-json\/wp\/v2\/product_tag?post=35465"}],"curies":[{"name":"wp","href":"https:\/\/api.w.org\/{rel}","templated":true}]}}