{"id":35466,"date":"2023-11-04T15:52:48","date_gmt":"2023-11-04T14:52:48","guid":{"rendered":"https:\/\/armurerie-richert.ch\/produit\/eotech-g43-micro-3x\/"},"modified":"2023-11-04T15:52:48","modified_gmt":"2023-11-04T14:52:48","slug":"eotech-g43-micro-3x","status":"publish","type":"product","link":"https:\/\/armurerie-richert.ch\/de\/produit\/eotech-g43-micro-3x\/","title":{"rendered":"EOTECH G43 Micro 3x"},"content":{"rendered":"<h3>EOTECH G43 Micro 3x<\/h3>\n<p>Der G43 Magnifier ist eine miniaturisierte Version des kampferprobten G33 Magnifiers von EOTECH und macht ihn zu einem der kompaktesten und leichtesten Magnifier, die es gibt. Die Montierung bietet einen schnellen \u00dcbergang von 3X zu 1X und ist mit einem 7mm Abstandhalter ausgestattet, um perfekt zu jedem HWS-Modell zu passen. Die F\u00e4higkeit, zwischen den beiden Entfernungen fast augenblicklich zu wechseln und trotzdem die Waffengenauigkeit zu erhalten. EOTECH widmet sich der Bereitstellung von robusten, zuverl\u00e4ssigen und innovativen Produkten, die allen, die sie benutzen, einen echten Vorteil bieten. Die EOTECH Magnifizenzen sind sowohl f\u00fcr Links- als auch f\u00fcr Rechtssch\u00fctzen geeignet und alle sind mit einem verstellbaren Quick Release System ausgestattet, das ein sofortiges Anbringen oder Entfernen erm\u00f6glicht. Die EOTECH\u00ae Magnifier sind so konzipiert, dass sie hinter einem EOTECH Holographic Weapon Sight (HWS\u00ae) verwendet werden k\u00f6nnen. Die Magnifier k\u00f6nnen direkt hinter dem HWS montiert werden. Schalten Sie die Magnifiers einfach aus dem Weg f\u00fcr eine schnelle 1X-Zielerfassung. Bei Verwendung mit den HWS Modellen 518, 558 und EXPS (mit Seitentastenschnittstelle) kann der Benutzer das Zielfernrohr auch bei eingeschaltetem Magnifier leicht bedienen. <\/p>\n<p><strong>Spezifikationen:<\/strong><\/p>\n<ul>\n<li>L\u00e4nge: 3.1&#8243;.<\/li>\n<li>Breite: 2.3&#8243;.<\/li>\n<li>H\u00f6he: 3.3&#8243;.<\/li>\n<li>Gewicht: 11.3 oz<\/li>\n<li>Wasserdicht: 33ft.<\/li>\n<li>Mount: Picatinny<\/li>\n<li>Betriebstemperatur: -40\u00b0F bis 140\u00b0F (-40\u00b0C bis 60\u00b0C)<\/li>\n<li>Fixed Magnification: 3x<\/li>\n<li>Eye Relief: 2.5&#8243;.<\/li>\n<li>Field-Of-View: 7.5\u00b0.<\/li>\n<li>Sealing: Fog Resistant Internal Optics<\/li>\n<li>Herkunftsland: Assembled in USA<\/li>\n<\/ul>\n<p><strong>Includes:<\/strong><\/p>\n<ul>\n<li>G43\u2122 Magnifier<\/li>\n<li>Switch-to-Side\u2122 Mounting System<\/li>\n<li>Bedienungsanleitung<\/li>\n<li>Warranty Card<\/li>\n<li>Protective Case<\/li>\n<\/ul>\n","protected":false},"excerpt":{"rendered":"<p>Der G43 Magnifier ist eine miniaturisierte Version des kampferprobten G33 Magnifiers von EOTECH und macht ihn zu einem der kompaktesten und leichtesten Magnifier, die es gibt. Die Montierung bietet einen schnellen \u00dcbergang von 3X zu 1X und ist mit einem 7mm Abstandhalter ausgestattet, um perfekt zu jedem HWS-Modell zu passen. Die F\u00e4higkeit, zwischen den beiden Entfernungen fast augenblicklich zu wechseln und trotzdem die Waffengenauigkeit zu erhalten. EOTECH widmet sich der Bereitstellung von robusten, zuverl\u00e4ssigen und innovativen Produkten, die allen, die sie benutzen, einen echten Vorteil bieten. Die EOTECH Magnifizenzen sind sowohl f\u00fcr Links- als auch f\u00fcr Rechtssch\u00fctzen geeignet und alle sind mit einem verstellbaren Quick Release System ausgestattet, das ein sofortiges Anbringen oder Entfernen erm\u00f6glicht. Die EOTECH\u00ae Magnifier sind so konzipiert, dass sie hinter einem EOTECH Holographic Weapon Sight (HWS\u00ae) verwendet werden k\u00f6nnen. Die Magnifier k\u00f6nnen direkt hinter dem HWS montiert werden. Schalten Sie die Magnifiers einfach aus dem Weg f\u00fcr eine schnelle 1X-Zielerfassung. Bei Verwendung mit den HWS Modellen 518, 558 und EXPS (mit Seitentastenschnittstelle) kann der Benutzer das Zielfernrohr auch bei eingeschaltetem Magnifier leicht bedienen. <\/p>\n<p><strong>Spezifikationen:<\/strong><\/p>\n<ul>\n<li>L\u00e4nge: 3.1&#8243;.<\/li>\n<li>Breite: 2.3&#8243;.<\/li>\n<li>H\u00f6he: 3.3&#8243;.<\/li>\n<li>Gewicht: 11.3 oz<\/li>\n<li>Wasserdicht: 33ft.<\/li>\n<li>Mount: Picatinny<\/li>\n<li>Betriebstemperatur: -40\u00b0F bis 140\u00b0F (-40\u00b0C bis 60\u00b0C)<\/li>\n<li>Fixed Magnification: 3x<\/li>\n<li>Eye Relief: 2.5&#8243;.<\/li>\n<li>Field-Of-View: 7.5\u00b0.<\/li>\n<li>Sealing: Fog Resistant Internal Optics<\/li>\n<li>Herkunftsland: Assembled in USA<\/li>\n<\/ul>\n<p><strong>Includes:<\/strong><\/p>\n<ul>\n<li>G43\u2122 Magnifier<\/li>\n<li>Switch-to-Side\u2122 Mounting System<\/li>\n<li>Bedienungsanleitung<\/li>\n<li>Warranty Card<\/li>\n<li>Protective Case<\/li>\n<\/ul>\n","protected":false},"featured_media":32276,"template":"","meta":{"_et_pb_use_builder":"","_et_pb_old_content":"","_et_gb_content_width":""},"product_brand":[],"product_cat":[68,65],"product_tag":[],"class_list":{"0":"post-35466","1":"product","2":"type-product","3":"status-publish","4":"has-post-thumbnail","6":"product_cat-red-dot-de","7":"product_cat-zubehor-und-optik","9":"first","10":"instock","11":"shipping-taxable","12":"purchasable","13":"product-type-simple"},"yoast_head":"<!-- This site is optimized with the Yoast SEO Premium plugin v24.7 (Yoast SEO v27.4) - https:\/\/yoast.com\/product\/yoast-seo-premium-wordpress\/ -->\n<title>EOTECH G43 Micro 3x - Armurerie Richert<\/title>\n<meta name=\"description\" content=\"Verbessern Sie Ihre Pr\u00e4zision mit der EOTECH G43 3x Mikro-Lupe. Kompakt, leicht und einfach zu montieren, wird sie Ihr Verb\u00fcndeter in jeder Schie\u00dfsituation sein.\" \/>\n<meta name=\"robots\" content=\"index, follow, max-snippet:-1, max-image-preview:large, max-video-preview:-1\" \/>\n<link rel=\"canonical\" href=\"https:\/\/armurerie-richert.ch\/de\/produit\/eotech-g43-micro-3x\/\" \/>\n<meta property=\"og:locale\" content=\"de_DE\" \/>\n<meta property=\"og:type\" content=\"article\" \/>\n<meta property=\"og:title\" content=\"EOTECH G43 Micro 3x\" \/>\n<meta property=\"og:description\" content=\"Verbessern Sie Ihre Pr\u00e4zision mit der EOTECH G43 3x Mikro-Lupe. Kompakt, leicht und einfach zu montieren, wird sie Ihr Verb\u00fcndeter in jeder Schie\u00dfsituation sein.\" \/>\n<meta property=\"og:url\" content=\"https:\/\/armurerie-richert.ch\/de\/produit\/eotech-g43-micro-3x\/\" \/>\n<meta property=\"og:site_name\" content=\"Armurerie Richert\" \/>\n<meta property=\"article:publisher\" content=\"https:\/\/www.facebook.com\/profile.php?id=100023920014088\" \/>\n<meta property=\"og:image\" content=\"https:\/\/armurerie-richert.ch\/wp-content\/uploads\/2023\/11\/Eotech-G43-micro.jpg\" \/>\n\t<meta property=\"og:image:width\" content=\"1920\" \/>\n\t<meta property=\"og:image:height\" content=\"1920\" \/>\n\t<meta property=\"og:image:type\" content=\"image\/jpeg\" \/>\n<meta name=\"twitter:card\" content=\"summary_large_image\" \/>\n<meta name=\"twitter:label1\" content=\"Preis\" \/>\n\t<meta name=\"twitter:data1\" content=\"&#067;&#072;&#070;&nbsp;840.00\" \/>\n\t<meta name=\"twitter:label2\" content=\"Verf\u00fcgbarkeit\" \/>\n\t<meta name=\"twitter:data2\" content=\"Auf Lager\" \/>\n<script type=\"application\/ld+json\" class=\"yoast-schema-graph\">{\"@context\":\"https:\\\/\\\/schema.org\",\"@graph\":[{\"@type\":\"WebPage\",\"@id\":\"https:\\\/\\\/armurerie-richert.ch\\\/de\\\/produit\\\/eotech-g43-micro-3x\\\/\",\"url\":\"https:\\\/\\\/armurerie-richert.ch\\\/de\\\/produit\\\/eotech-g43-micro-3x\\\/\",\"name\":\"EOTECH G43 Micro 3x - Armurerie Richert\",\"isPartOf\":{\"@id\":\"https:\\\/\\\/armurerie-richert.ch\\\/de\\\/#website\"},\"primaryImageOfPage\":{\"@id\":\"https:\\\/\\\/armurerie-richert.ch\\\/de\\\/produit\\\/eotech-g43-micro-3x\\\/#primaryimage\"},\"image\":{\"@id\":\"https:\\\/\\\/armurerie-richert.ch\\\/de\\\/produit\\\/eotech-g43-micro-3x\\\/#primaryimage\"},\"thumbnailUrl\":\"https:\\\/\\\/armurerie-richert.ch\\\/wp-content\\\/uploads\\\/2023\\\/11\\\/Eotech-G43-micro.jpg\",\"datePublished\":\"2023-11-04T14:52:48+00:00\",\"description\":\"Verbessern Sie Ihre Pr\u00e4zision mit der EOTECH G43 3x Mikro-Lupe. Kompakt, leicht und einfach zu montieren, wird sie Ihr Verb\u00fcndeter in jeder Schie\u00dfsituation sein.\",\"breadcrumb\":{\"@id\":\"https:\\\/\\\/armurerie-richert.ch\\\/de\\\/produit\\\/eotech-g43-micro-3x\\\/#breadcrumb\"},\"inLanguage\":\"de\",\"potentialAction\":[{\"@type\":\"ReadAction\",\"target\":[\"https:\\\/\\\/armurerie-richert.ch\\\/de\\\/produit\\\/eotech-g43-micro-3x\\\/\"]}]},{\"@type\":\"ImageObject\",\"inLanguage\":\"de\",\"@id\":\"https:\\\/\\\/armurerie-richert.ch\\\/de\\\/produit\\\/eotech-g43-micro-3x\\\/#primaryimage\",\"url\":\"https:\\\/\\\/armurerie-richert.ch\\\/wp-content\\\/uploads\\\/2023\\\/11\\\/Eotech-G43-micro.jpg\",\"contentUrl\":\"https:\\\/\\\/armurerie-richert.ch\\\/wp-content\\\/uploads\\\/2023\\\/11\\\/Eotech-G43-micro.jpg\",\"width\":1920,\"height\":1920},{\"@type\":\"BreadcrumbList\",\"@id\":\"https:\\\/\\\/armurerie-richert.ch\\\/de\\\/produit\\\/eotech-g43-micro-3x\\\/#breadcrumb\",\"itemListElement\":[{\"@type\":\"ListItem\",\"position\":1,\"name\":\"Accueil\",\"item\":\"https:\\\/\\\/armurerie-richert.ch\\\/de\\\/startseite\\\/\"},{\"@type\":\"ListItem\",\"position\":2,\"name\":\"Shop\",\"item\":\"https:\\\/\\\/armurerie-richert.ch\\\/de\\\/shop\\\/\"},{\"@type\":\"ListItem\",\"position\":3,\"name\":\"EOTECH G43 Micro 3x\"}]},{\"@type\":\"WebSite\",\"@id\":\"https:\\\/\\\/armurerie-richert.ch\\\/de\\\/#website\",\"url\":\"https:\\\/\\\/armurerie-richert.ch\\\/de\\\/\",\"name\":\"Armurerie Richert\",\"description\":\"\",\"publisher\":{\"@id\":\"https:\\\/\\\/armurerie-richert.ch\\\/de\\\/#organization\"},\"potentialAction\":[{\"@type\":\"SearchAction\",\"target\":{\"@type\":\"EntryPoint\",\"urlTemplate\":\"https:\\\/\\\/armurerie-richert.ch\\\/de\\\/?s={search_term_string}\"},\"query-input\":{\"@type\":\"PropertyValueSpecification\",\"valueRequired\":true,\"valueName\":\"search_term_string\"}}],\"inLanguage\":\"de\"},{\"@type\":\"Organization\",\"@id\":\"https:\\\/\\\/armurerie-richert.ch\\\/de\\\/#organization\",\"name\":\"Armurerie Richert\",\"url\":\"https:\\\/\\\/armurerie-richert.ch\\\/de\\\/\",\"logo\":{\"@type\":\"ImageObject\",\"inLanguage\":\"de\",\"@id\":\"https:\\\/\\\/armurerie-richert.ch\\\/de\\\/#\\\/schema\\\/logo\\\/image\\\/\",\"url\":\"https:\\\/\\\/armurerie-richert.ch\\\/wp-content\\\/uploads\\\/2023\\\/11\\\/Armurerie-Richert-Logo-300px.png\",\"contentUrl\":\"https:\\\/\\\/armurerie-richert.ch\\\/wp-content\\\/uploads\\\/2023\\\/11\\\/Armurerie-Richert-Logo-300px.png\",\"width\":300,\"height\":73,\"caption\":\"Armurerie Richert\"},\"image\":{\"@id\":\"https:\\\/\\\/armurerie-richert.ch\\\/de\\\/#\\\/schema\\\/logo\\\/image\\\/\"},\"sameAs\":[\"https:\\\/\\\/www.facebook.com\\\/profile.php?id=100023920014088\"]}]}<\/script>\n<meta property=\"product:price:amount\" content=\"840.00\" \/>\n<meta property=\"product:price:currency\" content=\"CHF\" \/>\n<meta property=\"og:availability\" content=\"instock\" \/>\n<meta property=\"product:availability\" content=\"instock\" \/>\n<meta property=\"product:condition\" content=\"new\" \/>\n<!-- \/ Yoast SEO Premium plugin. -->","yoast_head_json":{"title":"EOTECH G43 Micro 3x - Armurerie Richert","description":"Verbessern Sie Ihre Pr\u00e4zision mit der EOTECH G43 3x Mikro-Lupe. Kompakt, leicht und einfach zu montieren, wird sie Ihr Verb\u00fcndeter in jeder Schie\u00dfsituation sein.","robots":{"index":"index","follow":"follow","max-snippet":"max-snippet:-1","max-image-preview":"max-image-preview:large","max-video-preview":"max-video-preview:-1"},"canonical":"https:\/\/armurerie-richert.ch\/de\/produit\/eotech-g43-micro-3x\/","og_locale":"de_DE","og_type":"article","og_title":"EOTECH G43 Micro 3x","og_description":"Verbessern Sie Ihre Pr\u00e4zision mit der EOTECH G43 3x Mikro-Lupe. Kompakt, leicht und einfach zu montieren, wird sie Ihr Verb\u00fcndeter in jeder Schie\u00dfsituation sein.","og_url":"https:\/\/armurerie-richert.ch\/de\/produit\/eotech-g43-micro-3x\/","og_site_name":"Armurerie Richert","article_publisher":"https:\/\/www.facebook.com\/profile.php?id=100023920014088","og_image":[{"width":1920,"height":1920,"url":"https:\/\/armurerie-richert.ch\/wp-content\/uploads\/2023\/11\/Eotech-G43-micro.jpg","type":"image\/jpeg"}],"twitter_card":"summary_large_image","twitter_misc":{"Preis":"&#67;&#72;&#70;&nbsp;840.00","Verf\u00fcgbarkeit":"Auf Lager"},"schema":{"@context":"https:\/\/schema.org","@graph":[{"@type":"WebPage","@id":"https:\/\/armurerie-richert.ch\/de\/produit\/eotech-g43-micro-3x\/","url":"https:\/\/armurerie-richert.ch\/de\/produit\/eotech-g43-micro-3x\/","name":"EOTECH G43 Micro 3x - Armurerie Richert","isPartOf":{"@id":"https:\/\/armurerie-richert.ch\/de\/#website"},"primaryImageOfPage":{"@id":"https:\/\/armurerie-richert.ch\/de\/produit\/eotech-g43-micro-3x\/#primaryimage"},"image":{"@id":"https:\/\/armurerie-richert.ch\/de\/produit\/eotech-g43-micro-3x\/#primaryimage"},"thumbnailUrl":"https:\/\/armurerie-richert.ch\/wp-content\/uploads\/2023\/11\/Eotech-G43-micro.jpg","datePublished":"2023-11-04T14:52:48+00:00","description":"Verbessern Sie Ihre Pr\u00e4zision mit der EOTECH G43 3x Mikro-Lupe. Kompakt, leicht und einfach zu montieren, wird sie Ihr Verb\u00fcndeter in jeder Schie\u00dfsituation sein.","breadcrumb":{"@id":"https:\/\/armurerie-richert.ch\/de\/produit\/eotech-g43-micro-3x\/#breadcrumb"},"inLanguage":"de","potentialAction":[{"@type":"ReadAction","target":["https:\/\/armurerie-richert.ch\/de\/produit\/eotech-g43-micro-3x\/"]}]},{"@type":"ImageObject","inLanguage":"de","@id":"https:\/\/armurerie-richert.ch\/de\/produit\/eotech-g43-micro-3x\/#primaryimage","url":"https:\/\/armurerie-richert.ch\/wp-content\/uploads\/2023\/11\/Eotech-G43-micro.jpg","contentUrl":"https:\/\/armurerie-richert.ch\/wp-content\/uploads\/2023\/11\/Eotech-G43-micro.jpg","width":1920,"height":1920},{"@type":"BreadcrumbList","@id":"https:\/\/armurerie-richert.ch\/de\/produit\/eotech-g43-micro-3x\/#breadcrumb","itemListElement":[{"@type":"ListItem","position":1,"name":"Accueil","item":"https:\/\/armurerie-richert.ch\/de\/startseite\/"},{"@type":"ListItem","position":2,"name":"Shop","item":"https:\/\/armurerie-richert.ch\/de\/shop\/"},{"@type":"ListItem","position":3,"name":"EOTECH G43 Micro 3x"}]},{"@type":"WebSite","@id":"https:\/\/armurerie-richert.ch\/de\/#website","url":"https:\/\/armurerie-richert.ch\/de\/","name":"Armurerie Richert","description":"","publisher":{"@id":"https:\/\/armurerie-richert.ch\/de\/#organization"},"potentialAction":[{"@type":"SearchAction","target":{"@type":"EntryPoint","urlTemplate":"https:\/\/armurerie-richert.ch\/de\/?s={search_term_string}"},"query-input":{"@type":"PropertyValueSpecification","valueRequired":true,"valueName":"search_term_string"}}],"inLanguage":"de"},{"@type":"Organization","@id":"https:\/\/armurerie-richert.ch\/de\/#organization","name":"Armurerie Richert","url":"https:\/\/armurerie-richert.ch\/de\/","logo":{"@type":"ImageObject","inLanguage":"de","@id":"https:\/\/armurerie-richert.ch\/de\/#\/schema\/logo\/image\/","url":"https:\/\/armurerie-richert.ch\/wp-content\/uploads\/2023\/11\/Armurerie-Richert-Logo-300px.png","contentUrl":"https:\/\/armurerie-richert.ch\/wp-content\/uploads\/2023\/11\/Armurerie-Richert-Logo-300px.png","width":300,"height":73,"caption":"Armurerie Richert"},"image":{"@id":"https:\/\/armurerie-richert.ch\/de\/#\/schema\/logo\/image\/"},"sameAs":["https:\/\/www.facebook.com\/profile.php?id=100023920014088"]}]},"product_price_amount":"840.00","product_price_currency":"CHF","og_availability":"instock","product_availability":"instock","product_condition":"new"},"_links":{"self":[{"href":"https:\/\/armurerie-richert.ch\/de\/wp-json\/wp\/v2\/product\/35466","targetHints":{"allow":["GET"]}}],"collection":[{"href":"https:\/\/armurerie-richert.ch\/de\/wp-json\/wp\/v2\/product"}],"about":[{"href":"https:\/\/armurerie-richert.ch\/de\/wp-json\/wp\/v2\/types\/product"}],"wp:featuredmedia":[{"embeddable":true,"href":"https:\/\/armurerie-richert.ch\/de\/wp-json\/wp\/v2\/media\/32276"}],"wp:attachment":[{"href":"https:\/\/armurerie-richert.ch\/de\/wp-json\/wp\/v2\/media?parent=35466"}],"wp:term":[{"taxonomy":"product_brand","embeddable":true,"href":"https:\/\/armurerie-richert.ch\/de\/wp-json\/wp\/v2\/product_brand?post=35466"},{"taxonomy":"product_cat","embeddable":true,"href":"https:\/\/armurerie-richert.ch\/de\/wp-json\/wp\/v2\/product_cat?post=35466"},{"taxonomy":"product_tag","embeddable":true,"href":"https:\/\/armurerie-richert.ch\/de\/wp-json\/wp\/v2\/product_tag?post=35466"}],"curies":[{"name":"wp","href":"https:\/\/api.w.org\/{rel}","templated":true}]}}