{"id":35467,"date":"2023-11-04T16:07:08","date_gmt":"2023-11-04T15:07:08","guid":{"rendered":"https:\/\/armurerie-richert.ch\/produit\/montage-unity-fast-micro-red-dot\/"},"modified":"2023-11-04T16:07:08","modified_gmt":"2023-11-04T15:07:08","slug":"montage-unity-fast-micro-red-dot","status":"publish","type":"product","link":"https:\/\/armurerie-richert.ch\/de\/produit\/montage-unity-fast-micro-red-dot\/","title":{"rendered":"Montage UNITY Fast micro red dot"},"content":{"rendered":"<h3>Montage UNITY Fast micro red dot<\/h3>\n<p>FAST\u2122 ist eine Serie von optischen Halterungen und Plattformen, die Endbenutzern ein schnelleres Sichtbild als Standardhalterungen in der H\u00f6he bieten. Eine 2,26&#8243; hohe optische Zentrierlinie sorgt f\u00fcr eine schnellere\/easierere Erfassung von Abprallern beim Tragen von elektronischen Kopfh\u00f6rern\/Kommunikationshelmen, Nachtsichtbrillen und Gasmasken und erm\u00f6glicht eine schnellere visuelle Verarbeitung des Schlachtfelds durch die F\u00f6rderung einer Kopf-\u00fcber-Haltung. Eine Kopf-\u00fcber-Haltung hilft den Benutzern auch, eine neutrale Wirbels\u00e4ulenposition beizubehalten, was beim Tragen von Helmen, Tr\u00e4gern und anderer schwerer Kleidung bequemer ist. Der FAST\u2122 Micro Mount verf\u00fcgt \u00fcber standardm\u00e4\u00dfige, h\u00f6henverstellbare Standard-Back-Up-Iron-Sights, die Waffen unklassifiziert lassen, ohne die Kapazit\u00e4t zu verringern. Sowohl das vordere als auch das hintere BUIS sind in Windrichtung und H\u00f6he vollst\u00e4ndig einstellbar. Die Frontsichthalterung kann entfernt werden, so dass das hintere BUIS mit einem traditionellen Frontsichtger\u00e4t wie unseren FUSION Fix- oder Klappsichtern (falls vorhanden) verwendet werden kann, um einen konventionelleren Sichtradius zu schaffen. Das eingebaute Front\/Rear BUIS ist jedoch perfekt f\u00fcr die Sicherung auf superkurzen PDW\/SMG-Plattformen, wo der Platz auf der Schiene f\u00fcr die Montage von Leuchten und Lasern entscheidend ist. Der FAST\u2122 Micro Mount kommt mit einer Standard-Rail-Grabber-Klemmhalterung, ist aber so konzipiert, dass er problemlos einen American Defense Manufacturing\u00ae patentierten QD Auto-Lock\u2122 Lever (separat erh\u00e4ltlich) aufnehmen kann. Diese Montageoption bietet eine schnelle Abnehmbarkeit. Die FAST\u2122 Micro Mount ist aus 7075-T6 Aluminium und Typ III Hardcoat Anodized gefertigt.  <\/p>\n<p><em>Geeignet f\u00fcr Aimpoint\u00ae Micro (H1, H2, T1, T2, CompM5) und andere Optiken mit Aimpoint\u00ae Micro-Fu\u00dfabdruck, wie z.B. auf vielen Plattformen von <a class=\"crosslink\" title=\"Sig Sauer\" href=\"https:\/\/www.rainierarms.com\/manufacturers\/sig-sauer\/\" target=\"_self\" rel=\"noopener\">Sig Sauer\u00ae<\/a>, Holosun\u00ae, <a class=\"crosslink\" title=\"Primary Arms\" href=\"https:\/\/www.rainierarms.com\/manufacturers\/primary-arms\/\" target=\"_self\" rel=\"noopener\">Primary Arms\u00ae<\/a>und Vortex Optics\u00ae.<\/em><\/p>\n","protected":false},"excerpt":{"rendered":"<p>FAST\u2122 ist eine Serie von optischen Halterungen und Plattformen, die Endbenutzern ein schnelleres Sichtbild als Standardhalterungen in der H\u00f6he bieten. Eine 2,26&#8243; hohe optische Zentrierlinie sorgt f\u00fcr eine schnellere\/easierere Erfassung von Abprallern beim Tragen von elektronischen Kopfh\u00f6rern\/Kommunikationshelmen, Nachtsichtbrillen und Gasmasken und erm\u00f6glicht eine schnellere visuelle Verarbeitung des Schlachtfelds durch die F\u00f6rderung einer Kopf-\u00fcber-Haltung. Eine Kopf-\u00fcber-Haltung hilft den Benutzern auch, eine neutrale Wirbels\u00e4ulenposition beizubehalten, was beim Tragen von Helmen, Tr\u00e4gern und anderer schwerer Kleidung bequemer ist. Der FAST\u2122 Micro Mount verf\u00fcgt \u00fcber standardm\u00e4\u00dfige, h\u00f6henverstellbare Standard-Back-Up-Iron-Sights, die Waffen unklassifiziert lassen, ohne die Kapazit\u00e4t zu verringern. Sowohl das vordere als auch das hintere BUIS sind in Windrichtung und H\u00f6he vollst\u00e4ndig einstellbar. Die Frontsichthalterung kann entfernt werden, so dass das hintere BUIS mit einem traditionellen Frontsichtger\u00e4t wie unseren FUSION Fix- oder Klappsichtern (falls vorhanden) verwendet werden kann, um einen konventionelleren Sichtradius zu schaffen. Das eingebaute Front\/Rear BUIS ist jedoch perfekt f\u00fcr die Sicherung auf superkurzen PDW\/SMG-Plattformen, wo der Platz auf der Schiene f\u00fcr die Montage von Leuchten und Lasern entscheidend ist. Der FAST\u2122 Micro Mount kommt mit einer Standard-Rail-Grabber-Klemmhalterung, ist aber so konzipiert, dass er problemlos einen American Defense Manufacturing\u00ae patentierten QD Auto-Lock\u2122 Lever (separat erh\u00e4ltlich) aufnehmen kann. Diese Montageoption bietet eine schnelle Abnehmbarkeit. Die FAST\u2122 Micro Mount ist aus 7075-T6 Aluminium und Typ III Hardcoat Anodized gefertigt.  <\/p>\n<p><em>Geeignet f\u00fcr Aimpoint\u00ae Micro (H1, H2, T1, T2, CompM5) und andere Optiken mit Aimpoint\u00ae Micro-Fu\u00dfabdruck, wie z.B. auf vielen Plattformen von <a class=\"crosslink\" title=\"Sig Sauer\" href=\"https:\/\/www.rainierarms.com\/manufacturers\/sig-sauer\/\" target=\"_self\" rel=\"noopener\">Sig Sauer\u00ae<\/a>, Holosun\u00ae, <a class=\"crosslink\" title=\"Primary Arms\" href=\"https:\/\/www.rainierarms.com\/manufacturers\/primary-arms\/\" target=\"_self\" rel=\"noopener\">Primary Arms\u00ae<\/a>und Vortex Optics\u00ae.<\/em><\/p>\n","protected":false},"featured_media":32293,"template":"","meta":{"_et_pb_use_builder":"","_et_pb_old_content":"","_et_gb_content_width":""},"product_brand":[],"product_cat":[68,65],"product_tag":[],"class_list":{"0":"post-35467","1":"product","2":"type-product","3":"status-publish","4":"has-post-thumbnail","6":"product_cat-red-dot-de","7":"product_cat-zubehor-und-optik","9":"first","10":"instock","11":"shipping-taxable","12":"purchasable","13":"product-type-simple"},"yoast_head":"<!-- This site is optimized with the Yoast SEO Premium plugin v24.7 (Yoast SEO v27.4) - https:\/\/yoast.com\/product\/yoast-seo-premium-wordpress\/ -->\n<title>Montage UNITY Fast micro red dot - Armurerie Richert<\/title>\n<meta name=\"description\" content=\"Die Montage UNITY Fast micro red dot bietet eine schnellere Erfassung des Fadenkreuzes und eine ergonomische Positionierung f\u00fcr eine optimale Rundumsicht.\" \/>\n<meta name=\"robots\" content=\"index, follow, max-snippet:-1, max-image-preview:large, max-video-preview:-1\" \/>\n<link rel=\"canonical\" href=\"https:\/\/armurerie-richert.ch\/de\/produit\/montage-unity-fast-micro-red-dot\/\" \/>\n<meta property=\"og:locale\" content=\"de_DE\" \/>\n<meta property=\"og:type\" content=\"article\" \/>\n<meta property=\"og:title\" content=\"Montage UNITY Fast micro red dot\" \/>\n<meta property=\"og:description\" content=\"Die Montage UNITY Fast micro red dot bietet eine schnellere Erfassung des Fadenkreuzes und eine ergonomische Positionierung f\u00fcr eine optimale Rundumsicht.\" \/>\n<meta property=\"og:url\" content=\"https:\/\/armurerie-richert.ch\/de\/produit\/montage-unity-fast-micro-red-dot\/\" \/>\n<meta property=\"og:site_name\" content=\"Armurerie Richert\" \/>\n<meta property=\"article:publisher\" content=\"https:\/\/www.facebook.com\/profile.php?id=100023920014088\" \/>\n<meta property=\"og:image\" content=\"https:\/\/armurerie-richert.ch\/wp-content\/uploads\/2023\/11\/unity_tactical_fast_micro_red_dot_mount_-_3.jpg\" \/>\n\t<meta property=\"og:image:width\" content=\"1920\" \/>\n\t<meta property=\"og:image:height\" content=\"1920\" \/>\n\t<meta property=\"og:image:type\" content=\"image\/jpeg\" \/>\n<meta name=\"twitter:card\" content=\"summary_large_image\" \/>\n<meta name=\"twitter:label1\" content=\"Preis\" \/>\n\t<meta name=\"twitter:data1\" content=\"&#067;&#072;&#070;&nbsp;260.00\" \/>\n\t<meta name=\"twitter:label2\" content=\"Verf\u00fcgbarkeit\" \/>\n\t<meta name=\"twitter:data2\" content=\"Auf Lager\" \/>\n<script type=\"application\/ld+json\" class=\"yoast-schema-graph\">{\"@context\":\"https:\\\/\\\/schema.org\",\"@graph\":[{\"@type\":\"WebPage\",\"@id\":\"https:\\\/\\\/armurerie-richert.ch\\\/de\\\/produit\\\/montage-unity-fast-micro-red-dot\\\/\",\"url\":\"https:\\\/\\\/armurerie-richert.ch\\\/de\\\/produit\\\/montage-unity-fast-micro-red-dot\\\/\",\"name\":\"Montage UNITY Fast micro red dot - Armurerie Richert\",\"isPartOf\":{\"@id\":\"https:\\\/\\\/armurerie-richert.ch\\\/de\\\/#website\"},\"primaryImageOfPage\":{\"@id\":\"https:\\\/\\\/armurerie-richert.ch\\\/de\\\/produit\\\/montage-unity-fast-micro-red-dot\\\/#primaryimage\"},\"image\":{\"@id\":\"https:\\\/\\\/armurerie-richert.ch\\\/de\\\/produit\\\/montage-unity-fast-micro-red-dot\\\/#primaryimage\"},\"thumbnailUrl\":\"https:\\\/\\\/armurerie-richert.ch\\\/wp-content\\\/uploads\\\/2023\\\/11\\\/unity_tactical_fast_micro_red_dot_mount_-_3.jpg\",\"datePublished\":\"2023-11-04T15:07:08+00:00\",\"description\":\"Die Montage UNITY Fast micro red dot bietet eine schnellere Erfassung des Fadenkreuzes und eine ergonomische Positionierung f\u00fcr eine optimale Rundumsicht.\",\"breadcrumb\":{\"@id\":\"https:\\\/\\\/armurerie-richert.ch\\\/de\\\/produit\\\/montage-unity-fast-micro-red-dot\\\/#breadcrumb\"},\"inLanguage\":\"de\",\"potentialAction\":[{\"@type\":\"ReadAction\",\"target\":[\"https:\\\/\\\/armurerie-richert.ch\\\/de\\\/produit\\\/montage-unity-fast-micro-red-dot\\\/\"]}]},{\"@type\":\"ImageObject\",\"inLanguage\":\"de\",\"@id\":\"https:\\\/\\\/armurerie-richert.ch\\\/de\\\/produit\\\/montage-unity-fast-micro-red-dot\\\/#primaryimage\",\"url\":\"https:\\\/\\\/armurerie-richert.ch\\\/wp-content\\\/uploads\\\/2023\\\/11\\\/unity_tactical_fast_micro_red_dot_mount_-_3.jpg\",\"contentUrl\":\"https:\\\/\\\/armurerie-richert.ch\\\/wp-content\\\/uploads\\\/2023\\\/11\\\/unity_tactical_fast_micro_red_dot_mount_-_3.jpg\",\"width\":1920,\"height\":1920},{\"@type\":\"BreadcrumbList\",\"@id\":\"https:\\\/\\\/armurerie-richert.ch\\\/de\\\/produit\\\/montage-unity-fast-micro-red-dot\\\/#breadcrumb\",\"itemListElement\":[{\"@type\":\"ListItem\",\"position\":1,\"name\":\"Accueil\",\"item\":\"https:\\\/\\\/armurerie-richert.ch\\\/de\\\/startseite\\\/\"},{\"@type\":\"ListItem\",\"position\":2,\"name\":\"Shop\",\"item\":\"https:\\\/\\\/armurerie-richert.ch\\\/de\\\/shop\\\/\"},{\"@type\":\"ListItem\",\"position\":3,\"name\":\"Montage UNITY Fast micro red dot\"}]},{\"@type\":\"WebSite\",\"@id\":\"https:\\\/\\\/armurerie-richert.ch\\\/de\\\/#website\",\"url\":\"https:\\\/\\\/armurerie-richert.ch\\\/de\\\/\",\"name\":\"Armurerie Richert\",\"description\":\"\",\"publisher\":{\"@id\":\"https:\\\/\\\/armurerie-richert.ch\\\/de\\\/#organization\"},\"potentialAction\":[{\"@type\":\"SearchAction\",\"target\":{\"@type\":\"EntryPoint\",\"urlTemplate\":\"https:\\\/\\\/armurerie-richert.ch\\\/de\\\/?s={search_term_string}\"},\"query-input\":{\"@type\":\"PropertyValueSpecification\",\"valueRequired\":true,\"valueName\":\"search_term_string\"}}],\"inLanguage\":\"de\"},{\"@type\":\"Organization\",\"@id\":\"https:\\\/\\\/armurerie-richert.ch\\\/de\\\/#organization\",\"name\":\"Armurerie Richert\",\"url\":\"https:\\\/\\\/armurerie-richert.ch\\\/de\\\/\",\"logo\":{\"@type\":\"ImageObject\",\"inLanguage\":\"de\",\"@id\":\"https:\\\/\\\/armurerie-richert.ch\\\/de\\\/#\\\/schema\\\/logo\\\/image\\\/\",\"url\":\"https:\\\/\\\/armurerie-richert.ch\\\/wp-content\\\/uploads\\\/2023\\\/11\\\/Armurerie-Richert-Logo-300px.png\",\"contentUrl\":\"https:\\\/\\\/armurerie-richert.ch\\\/wp-content\\\/uploads\\\/2023\\\/11\\\/Armurerie-Richert-Logo-300px.png\",\"width\":300,\"height\":73,\"caption\":\"Armurerie Richert\"},\"image\":{\"@id\":\"https:\\\/\\\/armurerie-richert.ch\\\/de\\\/#\\\/schema\\\/logo\\\/image\\\/\"},\"sameAs\":[\"https:\\\/\\\/www.facebook.com\\\/profile.php?id=100023920014088\"]}]}<\/script>\n<meta property=\"product:price:amount\" content=\"260.00\" \/>\n<meta property=\"product:price:currency\" content=\"CHF\" \/>\n<meta property=\"og:availability\" content=\"instock\" \/>\n<meta property=\"product:availability\" content=\"instock\" \/>\n<meta property=\"product:condition\" content=\"new\" \/>\n<!-- \/ Yoast SEO Premium plugin. -->","yoast_head_json":{"title":"Montage UNITY Fast micro red dot - Armurerie Richert","description":"Die Montage UNITY Fast micro red dot bietet eine schnellere Erfassung des Fadenkreuzes und eine ergonomische Positionierung f\u00fcr eine optimale Rundumsicht.","robots":{"index":"index","follow":"follow","max-snippet":"max-snippet:-1","max-image-preview":"max-image-preview:large","max-video-preview":"max-video-preview:-1"},"canonical":"https:\/\/armurerie-richert.ch\/de\/produit\/montage-unity-fast-micro-red-dot\/","og_locale":"de_DE","og_type":"article","og_title":"Montage UNITY Fast micro red dot","og_description":"Die Montage UNITY Fast micro red dot bietet eine schnellere Erfassung des Fadenkreuzes und eine ergonomische Positionierung f\u00fcr eine optimale Rundumsicht.","og_url":"https:\/\/armurerie-richert.ch\/de\/produit\/montage-unity-fast-micro-red-dot\/","og_site_name":"Armurerie Richert","article_publisher":"https:\/\/www.facebook.com\/profile.php?id=100023920014088","og_image":[{"width":1920,"height":1920,"url":"https:\/\/armurerie-richert.ch\/wp-content\/uploads\/2023\/11\/unity_tactical_fast_micro_red_dot_mount_-_3.jpg","type":"image\/jpeg"}],"twitter_card":"summary_large_image","twitter_misc":{"Preis":"&#67;&#72;&#70;&nbsp;260.00","Verf\u00fcgbarkeit":"Auf Lager"},"schema":{"@context":"https:\/\/schema.org","@graph":[{"@type":"WebPage","@id":"https:\/\/armurerie-richert.ch\/de\/produit\/montage-unity-fast-micro-red-dot\/","url":"https:\/\/armurerie-richert.ch\/de\/produit\/montage-unity-fast-micro-red-dot\/","name":"Montage UNITY Fast micro red dot - Armurerie Richert","isPartOf":{"@id":"https:\/\/armurerie-richert.ch\/de\/#website"},"primaryImageOfPage":{"@id":"https:\/\/armurerie-richert.ch\/de\/produit\/montage-unity-fast-micro-red-dot\/#primaryimage"},"image":{"@id":"https:\/\/armurerie-richert.ch\/de\/produit\/montage-unity-fast-micro-red-dot\/#primaryimage"},"thumbnailUrl":"https:\/\/armurerie-richert.ch\/wp-content\/uploads\/2023\/11\/unity_tactical_fast_micro_red_dot_mount_-_3.jpg","datePublished":"2023-11-04T15:07:08+00:00","description":"Die Montage UNITY Fast micro red dot bietet eine schnellere Erfassung des Fadenkreuzes und eine ergonomische Positionierung f\u00fcr eine optimale Rundumsicht.","breadcrumb":{"@id":"https:\/\/armurerie-richert.ch\/de\/produit\/montage-unity-fast-micro-red-dot\/#breadcrumb"},"inLanguage":"de","potentialAction":[{"@type":"ReadAction","target":["https:\/\/armurerie-richert.ch\/de\/produit\/montage-unity-fast-micro-red-dot\/"]}]},{"@type":"ImageObject","inLanguage":"de","@id":"https:\/\/armurerie-richert.ch\/de\/produit\/montage-unity-fast-micro-red-dot\/#primaryimage","url":"https:\/\/armurerie-richert.ch\/wp-content\/uploads\/2023\/11\/unity_tactical_fast_micro_red_dot_mount_-_3.jpg","contentUrl":"https:\/\/armurerie-richert.ch\/wp-content\/uploads\/2023\/11\/unity_tactical_fast_micro_red_dot_mount_-_3.jpg","width":1920,"height":1920},{"@type":"BreadcrumbList","@id":"https:\/\/armurerie-richert.ch\/de\/produit\/montage-unity-fast-micro-red-dot\/#breadcrumb","itemListElement":[{"@type":"ListItem","position":1,"name":"Accueil","item":"https:\/\/armurerie-richert.ch\/de\/startseite\/"},{"@type":"ListItem","position":2,"name":"Shop","item":"https:\/\/armurerie-richert.ch\/de\/shop\/"},{"@type":"ListItem","position":3,"name":"Montage UNITY Fast micro red dot"}]},{"@type":"WebSite","@id":"https:\/\/armurerie-richert.ch\/de\/#website","url":"https:\/\/armurerie-richert.ch\/de\/","name":"Armurerie Richert","description":"","publisher":{"@id":"https:\/\/armurerie-richert.ch\/de\/#organization"},"potentialAction":[{"@type":"SearchAction","target":{"@type":"EntryPoint","urlTemplate":"https:\/\/armurerie-richert.ch\/de\/?s={search_term_string}"},"query-input":{"@type":"PropertyValueSpecification","valueRequired":true,"valueName":"search_term_string"}}],"inLanguage":"de"},{"@type":"Organization","@id":"https:\/\/armurerie-richert.ch\/de\/#organization","name":"Armurerie Richert","url":"https:\/\/armurerie-richert.ch\/de\/","logo":{"@type":"ImageObject","inLanguage":"de","@id":"https:\/\/armurerie-richert.ch\/de\/#\/schema\/logo\/image\/","url":"https:\/\/armurerie-richert.ch\/wp-content\/uploads\/2023\/11\/Armurerie-Richert-Logo-300px.png","contentUrl":"https:\/\/armurerie-richert.ch\/wp-content\/uploads\/2023\/11\/Armurerie-Richert-Logo-300px.png","width":300,"height":73,"caption":"Armurerie Richert"},"image":{"@id":"https:\/\/armurerie-richert.ch\/de\/#\/schema\/logo\/image\/"},"sameAs":["https:\/\/www.facebook.com\/profile.php?id=100023920014088"]}]},"product_price_amount":"260.00","product_price_currency":"CHF","og_availability":"instock","product_availability":"instock","product_condition":"new"},"_links":{"self":[{"href":"https:\/\/armurerie-richert.ch\/de\/wp-json\/wp\/v2\/product\/35467","targetHints":{"allow":["GET"]}}],"collection":[{"href":"https:\/\/armurerie-richert.ch\/de\/wp-json\/wp\/v2\/product"}],"about":[{"href":"https:\/\/armurerie-richert.ch\/de\/wp-json\/wp\/v2\/types\/product"}],"wp:featuredmedia":[{"embeddable":true,"href":"https:\/\/armurerie-richert.ch\/de\/wp-json\/wp\/v2\/media\/32293"}],"wp:attachment":[{"href":"https:\/\/armurerie-richert.ch\/de\/wp-json\/wp\/v2\/media?parent=35467"}],"wp:term":[{"taxonomy":"product_brand","embeddable":true,"href":"https:\/\/armurerie-richert.ch\/de\/wp-json\/wp\/v2\/product_brand?post=35467"},{"taxonomy":"product_cat","embeddable":true,"href":"https:\/\/armurerie-richert.ch\/de\/wp-json\/wp\/v2\/product_cat?post=35467"},{"taxonomy":"product_tag","embeddable":true,"href":"https:\/\/armurerie-richert.ch\/de\/wp-json\/wp\/v2\/product_tag?post=35467"}],"curies":[{"name":"wp","href":"https:\/\/api.w.org\/{rel}","templated":true}]}}